{"id":2380,"date":"2026-04-23T07:42:18","date_gmt":"2026-04-23T07:42:18","guid":{"rendered":"https:\/\/hipnos.lv\/?post_type=product&#038;p=2380"},"modified":"2026-04-23T07:46:33","modified_gmt":"2026-04-23T07:46:33","slug":"resmed-climatelineair-caurule","status":"publish","type":"product","link":"https:\/\/hipnos.lv\/en\/product\/resmed-climatelineair-caurule\/","title":{"rendered":"ResMed ClimateLineAir caurule"},"content":{"rendered":"<p class=\"tw-data-text tw-text-large tw-ta\" dir=\"ltr\" role=\"text\" data-placeholder=\"Translation\" data-ved=\"2ahUKEwix2PXNuoOUAxXTHXcKHTr2NsoQ3ewLegQIDBAW\" aria-label=\"Translated text: ClimateLineAir apsild\u0101m\u0101 caurule ir paredz\u0113ta mitrin\u0101t\u0101 gaisa temperat\u016bras uztur\u0113\u0161anai, tam pl\u016bstot caur cauruli.\"><span class=\"Y2IQFc\" lang=\"lv\">ClimateLineAir apsild\u0101m\u0101 caurule ir paredz\u0113ta mitrin\u0101t\u0101 gaisa temperat\u016bras uztur\u0113\u0161anai, tam pl\u016bstot caur cauruli. <\/span><\/p>\n<p class=\"tw-data-text tw-text-large tw-ta\" dir=\"ltr\" role=\"text\" data-placeholder=\"Translation\" data-ved=\"2ahUKEwix2PXNuoOUAxXTHXcKHTr2NsoQ3ewLegQIDBAW\" aria-label=\"Translated text: Galven\u0101s funkcijas Pal\u012bdz nodro\u0161in\u0101t optim\u0101lu mitruma l\u012bmeni un praktiski nov\u0113r\u0161 lietusg\u0101zes Personaliz\u0113jiet CPAP mitrin\u0101\u0161anas un temperat\u016bras iestat\u012bjumus, lai ieg\u016btu pat\u012bkami siltu un mitru gaisa pl\u016bsmu Sader\u012bgs ar Resmed AirSense\u2122 10 un Resmed AirCurve\u2122 10 ier\u012bc\u0113m\"><span class=\"Y2IQFc\" lang=\"lv\">Galven\u0101s funkcijas: Pal\u012bdz nodro\u0161in\u0101t optim\u0101lu mitruma l\u012bmeni un nov\u0113r\u0161 mitruma uzkr\u0101\u0161anos caurul\u0113. Personaliz\u0113jiet CPAP mitrin\u0101\u0161anas un temperat\u016bras iestat\u012bjumus, lai ieg\u016btu pat\u012bkami siltu un mitru gaisa pl\u016bsmu. Piem\u0113rota Resmed AirSense\u2122 10 un Resmed AirCurve\u2122 10 ier\u012bc\u0113m. <\/span><\/p>\n<p id=\"tw-target-text\" class=\"tw-data-text tw-text-large tw-ta\" dir=\"ltr\" role=\"text\" data-placeholder=\"Translation\" data-ved=\"2ahUKEwix2PXNuoOUAxXTHXcKHTr2NsoQ3ewLegQIDBAW\" aria-label=\"Translated text: Kop\u0161ana Ikned\u0113\u013cas t\u012br\u012b\u0161ana 1. Nomazg\u0101jiet gaisa caurul\u012bti silt\u0101 \u016bden\u012b, izmantojot maigu mazg\u0101\u0161anas l\u012bdzekli. Nemazg\u0101jiet trauku mazg\u0101jamaj\u0101 ma\u0161\u012bn\u0101 vai ve\u013cas ma\u0161\u012bn\u0101. 2. R\u016bp\u012bgi noskalojiet gaisa caurul\u012bti un \u013caujiet tai no\u017e\u016bt, sarg\u0101jot no tie\u0161iem saules stariem un\/vai karstuma. P\u0101rbaude Jums regul\u0101ri j\u0101p\u0101rbauda gaisa caurule, vai taj\u0101 nav boj\u0101jumu. Ja ir k\u0101di caurumi, pl\u012bsumi vai plaisas, t\u0101 j\u0101nomaina.\"><span class=\"Y2IQFc\" lang=\"lv\">Kop\u0161ana:<\/span><\/p>\n<p class=\"tw-data-text tw-text-large tw-ta\" dir=\"ltr\" role=\"text\" data-placeholder=\"Translation\" data-ved=\"2ahUKEwix2PXNuoOUAxXTHXcKHTr2NsoQ3ewLegQIDBAW\" aria-label=\"Translated text: Kop\u0161ana Ikned\u0113\u013cas t\u012br\u012b\u0161ana 1. Nomazg\u0101jiet gaisa caurul\u012bti silt\u0101 \u016bden\u012b, izmantojot maigu mazg\u0101\u0161anas l\u012bdzekli. Nemazg\u0101jiet trauku mazg\u0101jamaj\u0101 ma\u0161\u012bn\u0101 vai ve\u013cas ma\u0161\u012bn\u0101. 2. R\u016bp\u012bgi noskalojiet gaisa caurul\u012bti un \u013caujiet tai no\u017e\u016bt, sarg\u0101jot no tie\u0161iem saules stariem un\/vai karstuma. P\u0101rbaude Jums regul\u0101ri j\u0101p\u0101rbauda gaisa caurule, vai taj\u0101 nav boj\u0101jumu. Ja ir k\u0101di caurumi, pl\u012bsumi vai plaisas, t\u0101 j\u0101nomaina.\"><span class=\"Y2IQFc\" lang=\"lv\">Ikned\u0113\u013cas t\u012br\u012b\u0161ana <\/span><\/p>\n<p class=\"tw-data-text tw-text-large tw-ta\" dir=\"ltr\" role=\"text\" data-placeholder=\"Translation\" data-ved=\"2ahUKEwix2PXNuoOUAxXTHXcKHTr2NsoQ3ewLegQIDBAW\" aria-label=\"Translated text: Kop\u0161ana Ikned\u0113\u013cas t\u012br\u012b\u0161ana 1. Nomazg\u0101jiet gaisa caurul\u012bti silt\u0101 \u016bden\u012b, izmantojot maigu mazg\u0101\u0161anas l\u012bdzekli. Nemazg\u0101jiet trauku mazg\u0101jamaj\u0101 ma\u0161\u012bn\u0101 vai ve\u013cas ma\u0161\u012bn\u0101. 2. R\u016bp\u012bgi noskalojiet gaisa caurul\u012bti un \u013caujiet tai no\u017e\u016bt, sarg\u0101jot no tie\u0161iem saules stariem un\/vai karstuma. P\u0101rbaude Jums regul\u0101ri j\u0101p\u0101rbauda gaisa caurule, vai taj\u0101 nav boj\u0101jumu. Ja ir k\u0101di caurumi, pl\u012bsumi vai plaisas, t\u0101 j\u0101nomaina.\"><span class=\"Y2IQFc\" lang=\"lv\">1. Izskalojiet gaisa caurul\u012bti silt\u0101 \u016bden\u012b, izmantojot maigu mazg\u0101\u0161anas l\u012bdzekli. Nemazg\u0101jiet trauku mazg\u0101jamaj\u0101 ma\u0161\u012bn\u0101 vai ve\u013cas ma\u0161\u012bn\u0101. <\/span><\/p>\n<p class=\"tw-data-text tw-text-large tw-ta\" dir=\"ltr\" role=\"text\" data-placeholder=\"Translation\" data-ved=\"2ahUKEwix2PXNuoOUAxXTHXcKHTr2NsoQ3ewLegQIDBAW\" aria-label=\"Translated text: Kop\u0161ana Ikned\u0113\u013cas t\u012br\u012b\u0161ana 1. Nomazg\u0101jiet gaisa caurul\u012bti silt\u0101 \u016bden\u012b, izmantojot maigu mazg\u0101\u0161anas l\u012bdzekli. Nemazg\u0101jiet trauku mazg\u0101jamaj\u0101 ma\u0161\u012bn\u0101 vai ve\u013cas ma\u0161\u012bn\u0101. 2. R\u016bp\u012bgi noskalojiet gaisa caurul\u012bti un \u013caujiet tai no\u017e\u016bt, sarg\u0101jot no tie\u0161iem saules stariem un\/vai karstuma. P\u0101rbaude Jums regul\u0101ri j\u0101p\u0101rbauda gaisa caurule, vai taj\u0101 nav boj\u0101jumu. Ja ir k\u0101di caurumi, pl\u012bsumi vai plaisas, t\u0101 j\u0101nomaina.\"><span class=\"Y2IQFc\" lang=\"lv\">2. R\u016bp\u012bgi noskalojiet gaisa caurul\u012bti un \u013caujiet tai no\u017e\u016bt, sarg\u0101jot no tie\u0161iem saules stariem un\/vai karstuma. <\/span><\/p>\n<p class=\"tw-data-text tw-text-large tw-ta\" dir=\"ltr\" role=\"text\" data-placeholder=\"Translation\" data-ved=\"2ahUKEwix2PXNuoOUAxXTHXcKHTr2NsoQ3ewLegQIDBAW\" aria-label=\"Translated text: Kop\u0161ana Ikned\u0113\u013cas t\u012br\u012b\u0161ana 1. Nomazg\u0101jiet gaisa caurul\u012bti silt\u0101 \u016bden\u012b, izmantojot maigu mazg\u0101\u0161anas l\u012bdzekli. Nemazg\u0101jiet trauku mazg\u0101jamaj\u0101 ma\u0161\u012bn\u0101 vai ve\u013cas ma\u0161\u012bn\u0101. 2. R\u016bp\u012bgi noskalojiet gaisa caurul\u012bti un \u013caujiet tai no\u017e\u016bt, sarg\u0101jot no tie\u0161iem saules stariem un\/vai karstuma. P\u0101rbaude Jums regul\u0101ri j\u0101p\u0101rbauda gaisa caurule, vai taj\u0101 nav boj\u0101jumu. Ja ir k\u0101di caurumi, pl\u012bsumi vai plaisas, t\u0101 j\u0101nomaina.\"><span class=\"Y2IQFc\" lang=\"lv\">P\u0101rbaude:<\/span><\/p>\n<p class=\"tw-data-text tw-text-large tw-ta\" dir=\"ltr\" role=\"text\" data-placeholder=\"Translation\" data-ved=\"2ahUKEwix2PXNuoOUAxXTHXcKHTr2NsoQ3ewLegQIDBAW\" aria-label=\"Translated text: Kop\u0161ana Ikned\u0113\u013cas t\u012br\u012b\u0161ana 1. Nomazg\u0101jiet gaisa caurul\u012bti silt\u0101 \u016bden\u012b, izmantojot maigu mazg\u0101\u0161anas l\u012bdzekli. Nemazg\u0101jiet trauku mazg\u0101jamaj\u0101 ma\u0161\u012bn\u0101 vai ve\u013cas ma\u0161\u012bn\u0101. 2. R\u016bp\u012bgi noskalojiet gaisa caurul\u012bti un \u013caujiet tai no\u017e\u016bt, sarg\u0101jot no tie\u0161iem saules stariem un\/vai karstuma. P\u0101rbaude Jums regul\u0101ri j\u0101p\u0101rbauda gaisa caurule, vai taj\u0101 nav boj\u0101jumu. Ja ir k\u0101di caurumi, pl\u012bsumi vai plaisas, t\u0101 j\u0101nomaina.\"><span class=\"Y2IQFc\" lang=\"lv\"> Jums regul\u0101ri j\u0101p\u0101rbauda gaisa caurule, vai taj\u0101 nav boj\u0101jumu. Ja ir k\u0101di caurumi, pl\u012bsumi vai plaisas, t\u0101 j\u0101nomaina.<\/span><\/p>\n<p id=\"tw-target-text\" class=\"tw-data-text tw-text-large tw-ta\" dir=\"ltr\" role=\"text\" data-placeholder=\"Translation\" data-ved=\"2ahUKEwix2PXNuoOUAxXTHXcKHTr2NsoQ3ewLegQIDBAW\" aria-label=\"Translated text: Galven\u0101s funkcijas Pal\u012bdz nodro\u0161in\u0101t optim\u0101lu mitruma l\u012bmeni un praktiski nov\u0113r\u0161 lietusg\u0101zes Personaliz\u0113jiet CPAP mitrin\u0101\u0161anas un temperat\u016bras iestat\u012bjumus, lai ieg\u016btu pat\u012bkami siltu un mitru gaisa pl\u016bsmu Sader\u012bgs ar Resmed AirSense\u2122 10 un Resmed AirCurve\u2122 10 ier\u012bc\u0113m\"><span class=\"Y2IQFc\" lang=\"lv\">\u00a0<\/span><\/p>\n<pre id=\"tw-target-text\" class=\"tw-data-text tw-text-large tw-ta\" dir=\"ltr\" role=\"text\" data-placeholder=\"Translation\" data-ved=\"2ahUKEwix2PXNuoOUAxXTHXcKHTr2NsoQ3ewLegQIDBAW\" aria-label=\"Translated text: ClimateLineAir apsild\u0101m\u0101 caurule ir paredz\u0113ta mitrin\u0101t\u0101 gaisa temperat\u016bras uztur\u0113\u0161anai, tam pl\u016bstot caur cauruli.\"><\/pre>\n","protected":false},"excerpt":{"rendered":"<p><span class=\"Y2IQFc\" lang=\"lv\">ClimateLineAir apsild\u0101m\u0101 caurule ir paredz\u0113ta mitrin\u0101t\u0101 gaisa temperat\u016bras uztur\u0113\u0161anai, tam pl\u016bstot caur cauruli.<\/span><\/p>\n","protected":false},"featured_media":2383,"comment_status":"open","ping_status":"closed","template":"","meta":{"_acf_changed":false,"inline_featured_image":false},"product_brand":[],"product_cat":[85],"product_tag":[],"class_list":{"0":"post-2380","1":"product","2":"type-product","3":"status-publish","4":"has-post-thumbnail","6":"product_cat-terapijas-iekartu-aksesuari-2","8":"first","9":"instock","10":"shipping-taxable","11":"purchasable","12":"product-type-simple"},"acf":[],"yoast_head":"<!-- This site is optimized with the Yoast SEO plugin v27.0 - https:\/\/yoast.com\/product\/yoast-seo-wordpress\/ -->\n<title>ResMed ClimateLineAir caurule - Hipnos<\/title>\n<meta name=\"description\" content=\"ClimateLineAir apsild\u0101m\u0101 caurule ir paredz\u0113ta mitrin\u0101t\u0101 gaisa temperat\u016bras uztur\u0113\u0161anai, tam pl\u016bstot caur cauruli.\" \/>\n<meta name=\"robots\" content=\"noindex, follow, max-snippet:-1, max-image-preview:large, max-video-preview:-1\" \/>\n<meta property=\"og:locale\" content=\"en_US\" \/>\n<meta property=\"og:type\" content=\"article\" \/>\n<meta property=\"og:title\" content=\"ResMed ClimateLineAir caurule - Hipnos\" \/>\n<meta property=\"og:description\" content=\"ClimateLineAir apsild\u0101m\u0101 caurule ir paredz\u0113ta mitrin\u0101t\u0101 gaisa temperat\u016bras uztur\u0113\u0161anai, tam pl\u016bstot caur cauruli.\" \/>\n<meta property=\"og:url\" content=\"https:\/\/hipnos.lv\/en\/product\/resmed-climatelineair-caurule\/\" \/>\n<meta property=\"og:site_name\" content=\"Hipnos\" \/>\n<meta property=\"article:modified_time\" content=\"2026-04-23T07:46:33+00:00\" \/>\n<meta property=\"og:image\" content=\"https:\/\/hipnos.lv\/wp-content\/uploads\/2026\/04\/yvepfjg95vdqmcclgbg5_e78d16b8-7b08-4aee-abac-f50712a5899e_540x.webp\" \/>\n\t<meta property=\"og:image:width\" content=\"540\" \/>\n\t<meta property=\"og:image:height\" content=\"540\" \/>\n\t<meta property=\"og:image:type\" content=\"image\/webp\" \/>\n<meta name=\"twitter:card\" content=\"summary_large_image\" \/>\n<meta name=\"twitter:label1\" content=\"Est. reading time\" \/>\n\t<meta name=\"twitter:data1\" content=\"1 minute\" \/>\n<script type=\"application\/ld+json\" class=\"yoast-schema-graph\">{\"@context\":\"https:\/\/schema.org\",\"@graph\":[{\"@type\":\"WebPage\",\"@id\":\"https:\/\/hipnos.lv\/en\/product\/resmed-climatelineair-caurule\/\",\"url\":\"https:\/\/hipnos.lv\/en\/product\/resmed-climatelineair-caurule\/\",\"name\":\"ResMed ClimateLineAir caurule - Hipnos\",\"isPartOf\":{\"@id\":\"https:\/\/hipnos.lv\/en\/#website\"},\"primaryImageOfPage\":{\"@id\":\"https:\/\/hipnos.lv\/en\/product\/resmed-climatelineair-caurule\/#primaryimage\"},\"image\":{\"@id\":\"https:\/\/hipnos.lv\/en\/product\/resmed-climatelineair-caurule\/#primaryimage\"},\"thumbnailUrl\":\"https:\/\/hipnos.lv\/wp-content\/uploads\/2026\/04\/yvepfjg95vdqmcclgbg5_e78d16b8-7b08-4aee-abac-f50712a5899e_540x.webp\",\"datePublished\":\"2026-04-23T07:42:18+00:00\",\"dateModified\":\"2026-04-23T07:46:33+00:00\",\"description\":\"ClimateLineAir apsild\u0101m\u0101 caurule ir paredz\u0113ta mitrin\u0101t\u0101 gaisa temperat\u016bras uztur\u0113\u0161anai, tam pl\u016bstot caur cauruli.\",\"breadcrumb\":{\"@id\":\"https:\/\/hipnos.lv\/en\/product\/resmed-climatelineair-caurule\/#breadcrumb\"},\"inLanguage\":\"en-US\",\"potentialAction\":[{\"@type\":\"ReadAction\",\"target\":[\"https:\/\/hipnos.lv\/en\/product\/resmed-climatelineair-caurule\/\"]}]},{\"@type\":\"ImageObject\",\"inLanguage\":\"en-US\",\"@id\":\"https:\/\/hipnos.lv\/en\/product\/resmed-climatelineair-caurule\/#primaryimage\",\"url\":\"https:\/\/hipnos.lv\/wp-content\/uploads\/2026\/04\/yvepfjg95vdqmcclgbg5_e78d16b8-7b08-4aee-abac-f50712a5899e_540x.webp\",\"contentUrl\":\"https:\/\/hipnos.lv\/wp-content\/uploads\/2026\/04\/yvepfjg95vdqmcclgbg5_e78d16b8-7b08-4aee-abac-f50712a5899e_540x.webp\",\"width\":540,\"height\":540},{\"@type\":\"BreadcrumbList\",\"@id\":\"https:\/\/hipnos.lv\/en\/product\/resmed-climatelineair-caurule\/#breadcrumb\",\"itemListElement\":[{\"@type\":\"ListItem\",\"position\":1,\"name\":\"S\u0101kums\",\"item\":\"https:\/\/hipnos.lv\/en\/\"},{\"@type\":\"ListItem\",\"position\":2,\"name\":\"E\u2010Shop\",\"item\":\"https:\/\/hipnos.lv\/en\/shop\/\"},{\"@type\":\"ListItem\",\"position\":3,\"name\":\"ResMed ClimateLineAir caurule\"}]},{\"@type\":\"WebSite\",\"@id\":\"https:\/\/hipnos.lv\/en\/#website\",\"url\":\"https:\/\/hipnos.lv\/en\/\",\"name\":\"Hipnos\",\"description\":\"\",\"potentialAction\":[{\"@type\":\"SearchAction\",\"target\":{\"@type\":\"EntryPoint\",\"urlTemplate\":\"https:\/\/hipnos.lv\/en\/?s={search_term_string}\"},\"query-input\":{\"@type\":\"PropertyValueSpecification\",\"valueRequired\":true,\"valueName\":\"search_term_string\"}}],\"inLanguage\":\"en-US\"}]}<\/script>\n<!-- \/ Yoast SEO plugin. -->","yoast_head_json":{"title":"ResMed ClimateLineAir caurule - Hipnos","description":"ClimateLineAir apsild\u0101m\u0101 caurule ir paredz\u0113ta mitrin\u0101t\u0101 gaisa temperat\u016bras uztur\u0113\u0161anai, tam pl\u016bstot caur cauruli.","robots":{"index":"noindex","follow":"follow","max-snippet":"max-snippet:-1","max-image-preview":"max-image-preview:large","max-video-preview":"max-video-preview:-1"},"og_locale":"en_US","og_type":"article","og_title":"ResMed ClimateLineAir caurule - Hipnos","og_description":"ClimateLineAir apsild\u0101m\u0101 caurule ir paredz\u0113ta mitrin\u0101t\u0101 gaisa temperat\u016bras uztur\u0113\u0161anai, tam pl\u016bstot caur cauruli.","og_url":"https:\/\/hipnos.lv\/en\/product\/resmed-climatelineair-caurule\/","og_site_name":"Hipnos","article_modified_time":"2026-04-23T07:46:33+00:00","og_image":[{"width":540,"height":540,"url":"https:\/\/hipnos.lv\/wp-content\/uploads\/2026\/04\/yvepfjg95vdqmcclgbg5_e78d16b8-7b08-4aee-abac-f50712a5899e_540x.webp","type":"image\/webp"}],"twitter_card":"summary_large_image","twitter_misc":{"Est. reading time":"1 minute"},"schema":{"@context":"https:\/\/schema.org","@graph":[{"@type":"WebPage","@id":"https:\/\/hipnos.lv\/en\/product\/resmed-climatelineair-caurule\/","url":"https:\/\/hipnos.lv\/en\/product\/resmed-climatelineair-caurule\/","name":"ResMed ClimateLineAir caurule - Hipnos","isPartOf":{"@id":"https:\/\/hipnos.lv\/en\/#website"},"primaryImageOfPage":{"@id":"https:\/\/hipnos.lv\/en\/product\/resmed-climatelineair-caurule\/#primaryimage"},"image":{"@id":"https:\/\/hipnos.lv\/en\/product\/resmed-climatelineair-caurule\/#primaryimage"},"thumbnailUrl":"https:\/\/hipnos.lv\/wp-content\/uploads\/2026\/04\/yvepfjg95vdqmcclgbg5_e78d16b8-7b08-4aee-abac-f50712a5899e_540x.webp","datePublished":"2026-04-23T07:42:18+00:00","dateModified":"2026-04-23T07:46:33+00:00","description":"ClimateLineAir apsild\u0101m\u0101 caurule ir paredz\u0113ta mitrin\u0101t\u0101 gaisa temperat\u016bras uztur\u0113\u0161anai, tam pl\u016bstot caur cauruli.","breadcrumb":{"@id":"https:\/\/hipnos.lv\/en\/product\/resmed-climatelineair-caurule\/#breadcrumb"},"inLanguage":"en-US","potentialAction":[{"@type":"ReadAction","target":["https:\/\/hipnos.lv\/en\/product\/resmed-climatelineair-caurule\/"]}]},{"@type":"ImageObject","inLanguage":"en-US","@id":"https:\/\/hipnos.lv\/en\/product\/resmed-climatelineair-caurule\/#primaryimage","url":"https:\/\/hipnos.lv\/wp-content\/uploads\/2026\/04\/yvepfjg95vdqmcclgbg5_e78d16b8-7b08-4aee-abac-f50712a5899e_540x.webp","contentUrl":"https:\/\/hipnos.lv\/wp-content\/uploads\/2026\/04\/yvepfjg95vdqmcclgbg5_e78d16b8-7b08-4aee-abac-f50712a5899e_540x.webp","width":540,"height":540},{"@type":"BreadcrumbList","@id":"https:\/\/hipnos.lv\/en\/product\/resmed-climatelineair-caurule\/#breadcrumb","itemListElement":[{"@type":"ListItem","position":1,"name":"S\u0101kums","item":"https:\/\/hipnos.lv\/en\/"},{"@type":"ListItem","position":2,"name":"E\u2010Shop","item":"https:\/\/hipnos.lv\/en\/shop\/"},{"@type":"ListItem","position":3,"name":"ResMed ClimateLineAir caurule"}]},{"@type":"WebSite","@id":"https:\/\/hipnos.lv\/en\/#website","url":"https:\/\/hipnos.lv\/en\/","name":"Hipnos","description":"","potentialAction":[{"@type":"SearchAction","target":{"@type":"EntryPoint","urlTemplate":"https:\/\/hipnos.lv\/en\/?s={search_term_string}"},"query-input":{"@type":"PropertyValueSpecification","valueRequired":true,"valueName":"search_term_string"}}],"inLanguage":"en-US"}]}},"_links":{"self":[{"href":"https:\/\/hipnos.lv\/en\/wp-json\/wp\/v2\/product\/2380","targetHints":{"allow":["GET"]}}],"collection":[{"href":"https:\/\/hipnos.lv\/en\/wp-json\/wp\/v2\/product"}],"about":[{"href":"https:\/\/hipnos.lv\/en\/wp-json\/wp\/v2\/types\/product"}],"replies":[{"embeddable":true,"href":"https:\/\/hipnos.lv\/en\/wp-json\/wp\/v2\/comments?post=2380"}],"wp:featuredmedia":[{"embeddable":true,"href":"https:\/\/hipnos.lv\/en\/wp-json\/wp\/v2\/media\/2383"}],"wp:attachment":[{"href":"https:\/\/hipnos.lv\/en\/wp-json\/wp\/v2\/media?parent=2380"}],"wp:term":[{"taxonomy":"product_brand","embeddable":true,"href":"https:\/\/hipnos.lv\/en\/wp-json\/wp\/v2\/product_brand?post=2380"},{"taxonomy":"product_cat","embeddable":true,"href":"https:\/\/hipnos.lv\/en\/wp-json\/wp\/v2\/product_cat?post=2380"},{"taxonomy":"product_tag","embeddable":true,"href":"https:\/\/hipnos.lv\/en\/wp-json\/wp\/v2\/product_tag?post=2380"}],"curies":[{"name":"wp","href":"https:\/\/api.w.org\/{rel}","templated":true}]}}