{"id":2237,"date":"2026-02-10T12:51:58","date_gmt":"2026-02-10T12:51:58","guid":{"rendered":"https:\/\/hipnos.lv\/?post_type=product&#038;p=2237"},"modified":"2026-02-10T13:53:42","modified_gmt":"2026-02-10T13:53:42","slug":"mirage-quattro-resmed-deguna-mutes-maska","status":"publish","type":"product","link":"https:\/\/hipnos.lv\/en\/product\/mirage-quattro-resmed-deguna-mutes-maska\/","title":{"rendered":"Mirage Quattro Resmed deguna\/mutes maska"},"content":{"rendered":"<pre id=\"tw-target-text\" class=\"tw-data-text tw-text-large tw-ta\" dir=\"ltr\" role=\"text\" data-placeholder=\"Translation\" data-ved=\"2ahUKEwi_h8-W-s6SAxWLHBAIHXdVHmAQ3ewLegQIDBAX\" aria-label=\"Translated text: Mirage Quattro ir pilnas sejas CPAP maska \u200b\u200bar pieres atbalsta dizainu, kas ir m\u016bsdien\u0101s popul\u0101r\u0101s AirFit s\u0113rijas priek\u0161tecis. Lai sa\u0146emtu rezerves spilventi\u0146us un citus piederumus, sazinieties ar savu CPAP iek\u0101rtu pieg\u0101d\u0101t\u0101ju.\"><span class=\"Y2IQFc\" lang=\"lv\">Mirage Quattro ir pilnas sejas CPAP maska \u200b\u200bar pieres atbalsta dizainu, kas ir m\u016bsdien\u0101s popul\u0101r\u0101s AirFit s\u0113rijas priek\u0161tecis.<\/span><\/pre>\n","protected":false},"excerpt":{"rendered":"<p><span class=\"Y2IQFc\" lang=\"lv\">Mirage Quattro ir pilnas sejas CPAP maska \u200b\u200bar pieres atbalsta dizainu, kas ir m\u016bsdien\u0101s popul\u0101r\u0101s AirFit s\u0113rijas priek\u0161tecis.<\/span><\/p>\n","protected":false},"featured_media":2242,"comment_status":"open","ping_status":"closed","template":"","meta":{"_acf_changed":false,"inline_featured_image":false},"product_brand":[],"product_cat":[87],"product_tag":[],"class_list":{"0":"post-2237","1":"product","2":"type-product","3":"status-publish","4":"has-post-thumbnail","6":"product_cat-pilnas-sejas-maskas","8":"first","9":"instock","10":"shipping-taxable","11":"purchasable","12":"product-type-variable"},"acf":[],"yoast_head":"<!-- This site is optimized with the Yoast SEO plugin v27.0 - https:\/\/yoast.com\/product\/yoast-seo-wordpress\/ -->\n<title>Mirage Quattro Resmed deguna\/mutes maska - Hipnos<\/title>\n<meta name=\"robots\" content=\"noindex, follow, max-snippet:-1, max-image-preview:large, max-video-preview:-1\" \/>\n<meta property=\"og:locale\" content=\"en_US\" \/>\n<meta property=\"og:type\" content=\"article\" \/>\n<meta property=\"og:title\" content=\"Mirage Quattro Resmed deguna\/mutes maska - Hipnos\" \/>\n<meta property=\"og:description\" content=\"Mirage Quattro ir pilnas sejas CPAP maska \u200b\u200bar pieres atbalsta dizainu, kas ir m\u016bsdien\u0101s popul\u0101r\u0101s AirFit s\u0113rijas priek\u0161tecis.\" \/>\n<meta property=\"og:url\" content=\"https:\/\/hipnos.lv\/en\/product\/mirage-quattro-resmed-deguna-mutes-maska\/\" \/>\n<meta property=\"og:site_name\" content=\"Hipnos\" \/>\n<meta property=\"article:modified_time\" content=\"2026-02-10T13:53:42+00:00\" \/>\n<meta property=\"og:image\" content=\"https:\/\/darkseagreen-baboon-647591.hostingersite.com\/wp-content\/uploads\/2026\/02\/sleep-apnea-mirage-quattro-mirage-quattro-right-side-view.jpg\" \/>\n\t<meta property=\"og:image:width\" content=\"1024\" \/>\n\t<meta property=\"og:image:height\" content=\"741\" \/>\n\t<meta property=\"og:image:type\" content=\"image\/jpeg\" \/>\n<meta name=\"twitter:card\" content=\"summary_large_image\" \/>\n<meta name=\"twitter:label1\" content=\"Est. reading time\" \/>\n\t<meta name=\"twitter:data1\" content=\"1 minute\" \/>\n<script type=\"application\/ld+json\" class=\"yoast-schema-graph\">{\"@context\":\"https:\/\/schema.org\",\"@graph\":[{\"@type\":\"WebPage\",\"@id\":\"https:\/\/hipnos.lv\/en\/product\/mirage-quattro-resmed-deguna-mutes-maska\/\",\"url\":\"https:\/\/hipnos.lv\/en\/product\/mirage-quattro-resmed-deguna-mutes-maska\/\",\"name\":\"Mirage Quattro Resmed deguna\/mutes maska - Hipnos\",\"isPartOf\":{\"@id\":\"https:\/\/hipnos.lv\/en\/#website\"},\"primaryImageOfPage\":{\"@id\":\"https:\/\/hipnos.lv\/en\/product\/mirage-quattro-resmed-deguna-mutes-maska\/#primaryimage\"},\"image\":{\"@id\":\"https:\/\/hipnos.lv\/en\/product\/mirage-quattro-resmed-deguna-mutes-maska\/#primaryimage\"},\"thumbnailUrl\":\"https:\/\/hipnos.lv\/wp-content\/uploads\/2026\/02\/sleep-apnea-mirage-quattro-mirage-quattro-right-side-view.jpg\",\"datePublished\":\"2026-02-10T12:51:58+00:00\",\"dateModified\":\"2026-02-10T13:53:42+00:00\",\"breadcrumb\":{\"@id\":\"https:\/\/hipnos.lv\/en\/product\/mirage-quattro-resmed-deguna-mutes-maska\/#breadcrumb\"},\"inLanguage\":\"en-US\",\"potentialAction\":[{\"@type\":\"ReadAction\",\"target\":[\"https:\/\/hipnos.lv\/en\/product\/mirage-quattro-resmed-deguna-mutes-maska\/\"]}]},{\"@type\":\"ImageObject\",\"inLanguage\":\"en-US\",\"@id\":\"https:\/\/hipnos.lv\/en\/product\/mirage-quattro-resmed-deguna-mutes-maska\/#primaryimage\",\"url\":\"https:\/\/hipnos.lv\/wp-content\/uploads\/2026\/02\/sleep-apnea-mirage-quattro-mirage-quattro-right-side-view.jpg\",\"contentUrl\":\"https:\/\/hipnos.lv\/wp-content\/uploads\/2026\/02\/sleep-apnea-mirage-quattro-mirage-quattro-right-side-view.jpg\",\"width\":1024,\"height\":741},{\"@type\":\"BreadcrumbList\",\"@id\":\"https:\/\/hipnos.lv\/en\/product\/mirage-quattro-resmed-deguna-mutes-maska\/#breadcrumb\",\"itemListElement\":[{\"@type\":\"ListItem\",\"position\":1,\"name\":\"S\u0101kums\",\"item\":\"https:\/\/hipnos.lv\/en\/\"},{\"@type\":\"ListItem\",\"position\":2,\"name\":\"E\u2010Shop\",\"item\":\"https:\/\/hipnos.lv\/en\/shop\/\"},{\"@type\":\"ListItem\",\"position\":3,\"name\":\"Mirage Quattro Resmed deguna\/mutes maska\"}]},{\"@type\":\"WebSite\",\"@id\":\"https:\/\/hipnos.lv\/en\/#website\",\"url\":\"https:\/\/hipnos.lv\/en\/\",\"name\":\"Hipnos\",\"description\":\"\",\"potentialAction\":[{\"@type\":\"SearchAction\",\"target\":{\"@type\":\"EntryPoint\",\"urlTemplate\":\"https:\/\/hipnos.lv\/en\/?s={search_term_string}\"},\"query-input\":{\"@type\":\"PropertyValueSpecification\",\"valueRequired\":true,\"valueName\":\"search_term_string\"}}],\"inLanguage\":\"en-US\"}]}<\/script>\n<!-- \/ Yoast SEO plugin. -->","yoast_head_json":{"title":"Mirage Quattro Resmed deguna\/mutes maska - Hipnos","robots":{"index":"noindex","follow":"follow","max-snippet":"max-snippet:-1","max-image-preview":"max-image-preview:large","max-video-preview":"max-video-preview:-1"},"og_locale":"en_US","og_type":"article","og_title":"Mirage Quattro Resmed deguna\/mutes maska - Hipnos","og_description":"Mirage Quattro ir pilnas sejas CPAP maska \u200b\u200bar pieres atbalsta dizainu, kas ir m\u016bsdien\u0101s popul\u0101r\u0101s AirFit s\u0113rijas priek\u0161tecis.","og_url":"https:\/\/hipnos.lv\/en\/product\/mirage-quattro-resmed-deguna-mutes-maska\/","og_site_name":"Hipnos","article_modified_time":"2026-02-10T13:53:42+00:00","og_image":[{"width":1024,"height":741,"url":"https:\/\/darkseagreen-baboon-647591.hostingersite.com\/wp-content\/uploads\/2026\/02\/sleep-apnea-mirage-quattro-mirage-quattro-right-side-view.jpg","type":"image\/jpeg"}],"twitter_card":"summary_large_image","twitter_misc":{"Est. reading time":"1 minute"},"schema":{"@context":"https:\/\/schema.org","@graph":[{"@type":"WebPage","@id":"https:\/\/hipnos.lv\/en\/product\/mirage-quattro-resmed-deguna-mutes-maska\/","url":"https:\/\/hipnos.lv\/en\/product\/mirage-quattro-resmed-deguna-mutes-maska\/","name":"Mirage Quattro Resmed deguna\/mutes maska - Hipnos","isPartOf":{"@id":"https:\/\/hipnos.lv\/en\/#website"},"primaryImageOfPage":{"@id":"https:\/\/hipnos.lv\/en\/product\/mirage-quattro-resmed-deguna-mutes-maska\/#primaryimage"},"image":{"@id":"https:\/\/hipnos.lv\/en\/product\/mirage-quattro-resmed-deguna-mutes-maska\/#primaryimage"},"thumbnailUrl":"https:\/\/hipnos.lv\/wp-content\/uploads\/2026\/02\/sleep-apnea-mirage-quattro-mirage-quattro-right-side-view.jpg","datePublished":"2026-02-10T12:51:58+00:00","dateModified":"2026-02-10T13:53:42+00:00","breadcrumb":{"@id":"https:\/\/hipnos.lv\/en\/product\/mirage-quattro-resmed-deguna-mutes-maska\/#breadcrumb"},"inLanguage":"en-US","potentialAction":[{"@type":"ReadAction","target":["https:\/\/hipnos.lv\/en\/product\/mirage-quattro-resmed-deguna-mutes-maska\/"]}]},{"@type":"ImageObject","inLanguage":"en-US","@id":"https:\/\/hipnos.lv\/en\/product\/mirage-quattro-resmed-deguna-mutes-maska\/#primaryimage","url":"https:\/\/hipnos.lv\/wp-content\/uploads\/2026\/02\/sleep-apnea-mirage-quattro-mirage-quattro-right-side-view.jpg","contentUrl":"https:\/\/hipnos.lv\/wp-content\/uploads\/2026\/02\/sleep-apnea-mirage-quattro-mirage-quattro-right-side-view.jpg","width":1024,"height":741},{"@type":"BreadcrumbList","@id":"https:\/\/hipnos.lv\/en\/product\/mirage-quattro-resmed-deguna-mutes-maska\/#breadcrumb","itemListElement":[{"@type":"ListItem","position":1,"name":"S\u0101kums","item":"https:\/\/hipnos.lv\/en\/"},{"@type":"ListItem","position":2,"name":"E\u2010Shop","item":"https:\/\/hipnos.lv\/en\/shop\/"},{"@type":"ListItem","position":3,"name":"Mirage Quattro Resmed deguna\/mutes maska"}]},{"@type":"WebSite","@id":"https:\/\/hipnos.lv\/en\/#website","url":"https:\/\/hipnos.lv\/en\/","name":"Hipnos","description":"","potentialAction":[{"@type":"SearchAction","target":{"@type":"EntryPoint","urlTemplate":"https:\/\/hipnos.lv\/en\/?s={search_term_string}"},"query-input":{"@type":"PropertyValueSpecification","valueRequired":true,"valueName":"search_term_string"}}],"inLanguage":"en-US"}]}},"_links":{"self":[{"href":"https:\/\/hipnos.lv\/en\/wp-json\/wp\/v2\/product\/2237","targetHints":{"allow":["GET"]}}],"collection":[{"href":"https:\/\/hipnos.lv\/en\/wp-json\/wp\/v2\/product"}],"about":[{"href":"https:\/\/hipnos.lv\/en\/wp-json\/wp\/v2\/types\/product"}],"replies":[{"embeddable":true,"href":"https:\/\/hipnos.lv\/en\/wp-json\/wp\/v2\/comments?post=2237"}],"wp:featuredmedia":[{"embeddable":true,"href":"https:\/\/hipnos.lv\/en\/wp-json\/wp\/v2\/media\/2242"}],"wp:attachment":[{"href":"https:\/\/hipnos.lv\/en\/wp-json\/wp\/v2\/media?parent=2237"}],"wp:term":[{"taxonomy":"product_brand","embeddable":true,"href":"https:\/\/hipnos.lv\/en\/wp-json\/wp\/v2\/product_brand?post=2237"},{"taxonomy":"product_cat","embeddable":true,"href":"https:\/\/hipnos.lv\/en\/wp-json\/wp\/v2\/product_cat?post=2237"},{"taxonomy":"product_tag","embeddable":true,"href":"https:\/\/hipnos.lv\/en\/wp-json\/wp\/v2\/product_tag?post=2237"}],"curies":[{"name":"wp","href":"https:\/\/api.w.org\/{rel}","templated":true}]}}