{"id":2062,"date":"2025-10-29T08:11:16","date_gmt":"2025-10-29T08:11:16","guid":{"rendered":"https:\/\/hipnos.lv\/?post_type=product&#038;p=2062"},"modified":"2026-01-29T13:27:02","modified_gmt":"2026-01-29T13:27:02","slug":"airtouch-n30i-deguna-cpap-maska","status":"publish","type":"product","link":"https:\/\/hipnos.lv\/en\/product\/airtouch-n30i-deguna-cpap-maska\/","title":{"rendered":"AirTouch N30i deguna CPAP maska"},"content":{"rendered":"<p>AirTouch N30i ir izcili \u0113rta deguna maska ar r\u0101mi, kas ir piln\u012bb\u0101 kl\u0101ts ar m\u012bkstu, luksusa saj\u016btas audumu, kas ir maigs pret j\u016bsu seju un matiem, \u013caujot jums br\u012bvi gul\u0113t jebkur\u0101 poz\u012bcij\u0101.<\/p>\n<p>Produkta galven\u0101s \u012bpa\u0161\u012bbas:<\/p>\n<ul>\n<li>ComfiSoft\u2122 auduma deguna spilventi\u0146\u0161 apvieno silikona iztur\u012bbu ar m\u012bksto, dab\u012bgo auduma komfortu.<\/li>\n<li>QuietAir\u2122 dif\u016bz\u0101 ventil\u0101cija nodro\u0161ina klus\u0101ku terapiju.<\/li>\n<li>Elast\u012bgais SpringFit r\u0101mis ir piln\u012bb\u0101 iet\u012bts m\u012bkst\u0101, mitrumu uzs\u016bco\u0161\u0101 audum\u0101.<\/li>\n<li>\u0100tr\u0101s atvieno\u0161anas sist\u0113ma \u013cauj viegli atvienot masku no \u0161\u013c\u016btenes, ja nepiecie\u0161ams nakts laik\u0101 piecelties.<\/li>\n<\/ul>\n","protected":false},"excerpt":{"rendered":"<p>AirTouch N30i ir izcili \u0113rta deguna maska ar r\u0101mi, kas ir piln\u012bb\u0101 kl\u0101ts ar m\u012bkstu, luksusa saj\u016btas audumu, kas ir maigs pret j\u016bsu seju un matiem, \u013caujot<\/p>\n","protected":false},"featured_media":2067,"comment_status":"open","ping_status":"closed","template":"","meta":{"_acf_changed":false,"inline_featured_image":false},"product_brand":[],"product_cat":[88],"product_tag":[],"class_list":{"0":"post-2062","1":"product","2":"type-product","3":"status-publish","4":"has-post-thumbnail","6":"product_cat-deguna-maskas","8":"first","9":"instock","10":"shipping-taxable","11":"purchasable","12":"product-type-variable"},"acf":[],"yoast_head":"<!-- This site is optimized with the Yoast SEO plugin v27.0 - https:\/\/yoast.com\/product\/yoast-seo-wordpress\/ -->\n<title>AirTouch N30i deguna CPAP maska - Hipnos<\/title>\n<meta name=\"description\" content=\"AirTouch N30i ir izcili \u0113rta deguna maska ar r\u0101mi, kas ir piln\u012bb\u0101 kl\u0101ta ar m\u012bkstu, luksusa saj\u016btas audumu, kas ir maigs pret j\u016bsu seju un matiem, \u013caujot jums br\u012bvi gul\u0113t jebkur\u0101 poz\u012bcij\u0101.\" \/>\n<meta name=\"robots\" content=\"noindex, follow, max-snippet:-1, max-image-preview:large, max-video-preview:-1\" \/>\n<meta property=\"og:locale\" content=\"en_US\" \/>\n<meta property=\"og:type\" content=\"article\" \/>\n<meta property=\"og:title\" content=\"AirTouch N30i deguna CPAP maska - Hipnos\" \/>\n<meta property=\"og:description\" content=\"AirTouch N30i ir izcili \u0113rta deguna maska ar r\u0101mi, kas ir piln\u012bb\u0101 kl\u0101ta ar m\u012bkstu, luksusa saj\u016btas audumu, kas ir maigs pret j\u016bsu seju un matiem, \u013caujot jums br\u012bvi gul\u0113t jebkur\u0101 poz\u012bcij\u0101.\" \/>\n<meta property=\"og:url\" content=\"https:\/\/hipnos.lv\/en\/product\/airtouch-n30i-deguna-cpap-maska\/\" \/>\n<meta property=\"og:site_name\" content=\"Hipnos\" \/>\n<meta property=\"article:modified_time\" content=\"2026-01-29T13:27:02+00:00\" \/>\n<meta property=\"og:image\" content=\"https:\/\/hipnos.lv\/wp-content\/uploads\/2025\/10\/healthcare-professionals-airtouch-n30i-airtouch-n30i-red-dot.png\" \/>\n\t<meta property=\"og:image:width\" content=\"1024\" \/>\n\t<meta property=\"og:image:height\" content=\"741\" \/>\n\t<meta property=\"og:image:type\" content=\"image\/png\" \/>\n<meta name=\"twitter:card\" content=\"summary_large_image\" \/>\n<meta name=\"twitter:label1\" content=\"Est. reading time\" \/>\n\t<meta name=\"twitter:data1\" content=\"1 minute\" \/>\n<script type=\"application\/ld+json\" class=\"yoast-schema-graph\">{\"@context\":\"https:\/\/schema.org\",\"@graph\":[{\"@type\":\"WebPage\",\"@id\":\"https:\/\/hipnos.lv\/en\/product\/airtouch-n30i-deguna-cpap-maska\/\",\"url\":\"https:\/\/hipnos.lv\/en\/product\/airtouch-n30i-deguna-cpap-maska\/\",\"name\":\"AirTouch N30i deguna CPAP maska - Hipnos\",\"isPartOf\":{\"@id\":\"https:\/\/hipnos.lv\/en\/#website\"},\"primaryImageOfPage\":{\"@id\":\"https:\/\/hipnos.lv\/en\/product\/airtouch-n30i-deguna-cpap-maska\/#primaryimage\"},\"image\":{\"@id\":\"https:\/\/hipnos.lv\/en\/product\/airtouch-n30i-deguna-cpap-maska\/#primaryimage\"},\"thumbnailUrl\":\"https:\/\/hipnos.lv\/wp-content\/uploads\/2025\/10\/healthcare-professionals-airtouch-n30i-airtouch-n30i-red-dot.png\",\"datePublished\":\"2025-10-29T08:11:16+00:00\",\"dateModified\":\"2026-01-29T13:27:02+00:00\",\"description\":\"AirTouch N30i ir izcili \u0113rta deguna maska ar r\u0101mi, kas ir piln\u012bb\u0101 kl\u0101ta ar m\u012bkstu, luksusa saj\u016btas audumu, kas ir maigs pret j\u016bsu seju un matiem, \u013caujot jums br\u012bvi gul\u0113t jebkur\u0101 poz\u012bcij\u0101.\",\"breadcrumb\":{\"@id\":\"https:\/\/hipnos.lv\/en\/product\/airtouch-n30i-deguna-cpap-maska\/#breadcrumb\"},\"inLanguage\":\"en-US\",\"potentialAction\":[{\"@type\":\"ReadAction\",\"target\":[\"https:\/\/hipnos.lv\/en\/product\/airtouch-n30i-deguna-cpap-maska\/\"]}]},{\"@type\":\"ImageObject\",\"inLanguage\":\"en-US\",\"@id\":\"https:\/\/hipnos.lv\/en\/product\/airtouch-n30i-deguna-cpap-maska\/#primaryimage\",\"url\":\"https:\/\/hipnos.lv\/wp-content\/uploads\/2025\/10\/healthcare-professionals-airtouch-n30i-airtouch-n30i-red-dot.png\",\"contentUrl\":\"https:\/\/hipnos.lv\/wp-content\/uploads\/2025\/10\/healthcare-professionals-airtouch-n30i-airtouch-n30i-red-dot.png\",\"width\":1024,\"height\":741},{\"@type\":\"BreadcrumbList\",\"@id\":\"https:\/\/hipnos.lv\/en\/product\/airtouch-n30i-deguna-cpap-maska\/#breadcrumb\",\"itemListElement\":[{\"@type\":\"ListItem\",\"position\":1,\"name\":\"S\u0101kums\",\"item\":\"https:\/\/hipnos.lv\/en\/\"},{\"@type\":\"ListItem\",\"position\":2,\"name\":\"E\u2010Shop\",\"item\":\"https:\/\/hipnos.lv\/en\/shop\/\"},{\"@type\":\"ListItem\",\"position\":3,\"name\":\"AirTouch N30i deguna CPAP maska\"}]},{\"@type\":\"WebSite\",\"@id\":\"https:\/\/hipnos.lv\/en\/#website\",\"url\":\"https:\/\/hipnos.lv\/en\/\",\"name\":\"Hipnos\",\"description\":\"\",\"potentialAction\":[{\"@type\":\"SearchAction\",\"target\":{\"@type\":\"EntryPoint\",\"urlTemplate\":\"https:\/\/hipnos.lv\/en\/?s={search_term_string}\"},\"query-input\":{\"@type\":\"PropertyValueSpecification\",\"valueRequired\":true,\"valueName\":\"search_term_string\"}}],\"inLanguage\":\"en-US\"}]}<\/script>\n<!-- \/ Yoast SEO plugin. -->","yoast_head_json":{"title":"AirTouch N30i deguna CPAP maska - Hipnos","description":"AirTouch N30i ir izcili \u0113rta deguna maska ar r\u0101mi, kas ir piln\u012bb\u0101 kl\u0101ta ar m\u012bkstu, luksusa saj\u016btas audumu, kas ir maigs pret j\u016bsu seju un matiem, \u013caujot jums br\u012bvi gul\u0113t jebkur\u0101 poz\u012bcij\u0101.","robots":{"index":"noindex","follow":"follow","max-snippet":"max-snippet:-1","max-image-preview":"max-image-preview:large","max-video-preview":"max-video-preview:-1"},"og_locale":"en_US","og_type":"article","og_title":"AirTouch N30i deguna CPAP maska - Hipnos","og_description":"AirTouch N30i ir izcili \u0113rta deguna maska ar r\u0101mi, kas ir piln\u012bb\u0101 kl\u0101ta ar m\u012bkstu, luksusa saj\u016btas audumu, kas ir maigs pret j\u016bsu seju un matiem, \u013caujot jums br\u012bvi gul\u0113t jebkur\u0101 poz\u012bcij\u0101.","og_url":"https:\/\/hipnos.lv\/en\/product\/airtouch-n30i-deguna-cpap-maska\/","og_site_name":"Hipnos","article_modified_time":"2026-01-29T13:27:02+00:00","og_image":[{"width":1024,"height":741,"url":"https:\/\/hipnos.lv\/wp-content\/uploads\/2025\/10\/healthcare-professionals-airtouch-n30i-airtouch-n30i-red-dot.png","type":"image\/png"}],"twitter_card":"summary_large_image","twitter_misc":{"Est. reading time":"1 minute"},"schema":{"@context":"https:\/\/schema.org","@graph":[{"@type":"WebPage","@id":"https:\/\/hipnos.lv\/en\/product\/airtouch-n30i-deguna-cpap-maska\/","url":"https:\/\/hipnos.lv\/en\/product\/airtouch-n30i-deguna-cpap-maska\/","name":"AirTouch N30i deguna CPAP maska - Hipnos","isPartOf":{"@id":"https:\/\/hipnos.lv\/en\/#website"},"primaryImageOfPage":{"@id":"https:\/\/hipnos.lv\/en\/product\/airtouch-n30i-deguna-cpap-maska\/#primaryimage"},"image":{"@id":"https:\/\/hipnos.lv\/en\/product\/airtouch-n30i-deguna-cpap-maska\/#primaryimage"},"thumbnailUrl":"https:\/\/hipnos.lv\/wp-content\/uploads\/2025\/10\/healthcare-professionals-airtouch-n30i-airtouch-n30i-red-dot.png","datePublished":"2025-10-29T08:11:16+00:00","dateModified":"2026-01-29T13:27:02+00:00","description":"AirTouch N30i ir izcili \u0113rta deguna maska ar r\u0101mi, kas ir piln\u012bb\u0101 kl\u0101ta ar m\u012bkstu, luksusa saj\u016btas audumu, kas ir maigs pret j\u016bsu seju un matiem, \u013caujot jums br\u012bvi gul\u0113t jebkur\u0101 poz\u012bcij\u0101.","breadcrumb":{"@id":"https:\/\/hipnos.lv\/en\/product\/airtouch-n30i-deguna-cpap-maska\/#breadcrumb"},"inLanguage":"en-US","potentialAction":[{"@type":"ReadAction","target":["https:\/\/hipnos.lv\/en\/product\/airtouch-n30i-deguna-cpap-maska\/"]}]},{"@type":"ImageObject","inLanguage":"en-US","@id":"https:\/\/hipnos.lv\/en\/product\/airtouch-n30i-deguna-cpap-maska\/#primaryimage","url":"https:\/\/hipnos.lv\/wp-content\/uploads\/2025\/10\/healthcare-professionals-airtouch-n30i-airtouch-n30i-red-dot.png","contentUrl":"https:\/\/hipnos.lv\/wp-content\/uploads\/2025\/10\/healthcare-professionals-airtouch-n30i-airtouch-n30i-red-dot.png","width":1024,"height":741},{"@type":"BreadcrumbList","@id":"https:\/\/hipnos.lv\/en\/product\/airtouch-n30i-deguna-cpap-maska\/#breadcrumb","itemListElement":[{"@type":"ListItem","position":1,"name":"S\u0101kums","item":"https:\/\/hipnos.lv\/en\/"},{"@type":"ListItem","position":2,"name":"E\u2010Shop","item":"https:\/\/hipnos.lv\/en\/shop\/"},{"@type":"ListItem","position":3,"name":"AirTouch N30i deguna CPAP maska"}]},{"@type":"WebSite","@id":"https:\/\/hipnos.lv\/en\/#website","url":"https:\/\/hipnos.lv\/en\/","name":"Hipnos","description":"","potentialAction":[{"@type":"SearchAction","target":{"@type":"EntryPoint","urlTemplate":"https:\/\/hipnos.lv\/en\/?s={search_term_string}"},"query-input":{"@type":"PropertyValueSpecification","valueRequired":true,"valueName":"search_term_string"}}],"inLanguage":"en-US"}]}},"_links":{"self":[{"href":"https:\/\/hipnos.lv\/en\/wp-json\/wp\/v2\/product\/2062","targetHints":{"allow":["GET"]}}],"collection":[{"href":"https:\/\/hipnos.lv\/en\/wp-json\/wp\/v2\/product"}],"about":[{"href":"https:\/\/hipnos.lv\/en\/wp-json\/wp\/v2\/types\/product"}],"replies":[{"embeddable":true,"href":"https:\/\/hipnos.lv\/en\/wp-json\/wp\/v2\/comments?post=2062"}],"wp:featuredmedia":[{"embeddable":true,"href":"https:\/\/hipnos.lv\/en\/wp-json\/wp\/v2\/media\/2067"}],"wp:attachment":[{"href":"https:\/\/hipnos.lv\/en\/wp-json\/wp\/v2\/media?parent=2062"}],"wp:term":[{"taxonomy":"product_brand","embeddable":true,"href":"https:\/\/hipnos.lv\/en\/wp-json\/wp\/v2\/product_brand?post=2062"},{"taxonomy":"product_cat","embeddable":true,"href":"https:\/\/hipnos.lv\/en\/wp-json\/wp\/v2\/product_cat?post=2062"},{"taxonomy":"product_tag","embeddable":true,"href":"https:\/\/hipnos.lv\/en\/wp-json\/wp\/v2\/product_tag?post=2062"}],"curies":[{"name":"wp","href":"https:\/\/api.w.org\/{rel}","templated":true}]}}