{"id":2052,"date":"2025-10-29T07:58:47","date_gmt":"2025-10-29T07:58:47","guid":{"rendered":"https:\/\/hipnos.lv\/?post_type=product&#038;p=2052"},"modified":"2025-10-29T07:58:48","modified_gmt":"2025-10-29T07:58:48","slug":"airfit-p30i-deguna-spilvenu-cpap-maska","status":"publish","type":"product","link":"https:\/\/hipnos.lv\/en\/product\/airfit-p30i-deguna-spilvenu-cpap-maska\/","title":{"rendered":"AirFit P30i deguna spilvenu CPAP maska"},"content":{"rendered":"<p>AirFit P30i ir izstr\u0101d\u0101ta, lai sniegtu tev vair\u0101k br\u012bv\u012bbas b\u016bt pa\u0161am. Ar galvas aug\u0161pus\u0113 eso\u0161o savienojumu, kas nov\u0113r\u0161 gaisa caurules trauc\u0113jumus, un vienk\u0101r\u0161o deguna spilvena dizainu, tu vari br\u012bvi kust\u0113ties, skat\u012bties televizoru vai pat valk\u0101t brilles, kam\u0113r tu lieto masku. Deguna spilvena ietvars cie\u0161i iek\u013caujas tav\u0101 degun\u0101, kas pal\u012bdz notur\u0113t masku viet\u0101, mainot miega poz\u012bcijas.<\/p>\n<p>\u0160is dizains ir piem\u0113rots, ja tu miega laik\u0101 maini poz\u012bcijas vai ar\u012b tev pat\u012bk skat\u012bties TV gult\u0101.<\/p>\n<p>&nbsp;<\/p>\n","protected":false},"excerpt":{"rendered":"<p>AirFit P30i ir izstr\u0101d\u0101ta, lai sniegtu tev vair\u0101k br\u012bv\u012bbas b\u016bt pa\u0161am. Ar galvas aug\u0161pus\u0113 eso\u0161o savienojumu, kas nov\u0113r\u0161 gaisa caurules trauc\u0113jumus, un vienk\u0101r\u0161o deguna spilvena dizainu, tu<\/p>\n","protected":false},"featured_media":2059,"comment_status":"open","ping_status":"closed","template":"","meta":{"_acf_changed":false,"inline_featured_image":false},"product_brand":[],"product_cat":[88],"product_tag":[],"class_list":{"0":"post-2052","1":"product","2":"type-product","3":"status-publish","4":"has-post-thumbnail","6":"product_cat-deguna-maskas","8":"first","9":"instock","10":"shipping-taxable","11":"purchasable","12":"product-type-variable"},"acf":[],"yoast_head":"<!-- This site is optimized with the Yoast SEO plugin v27.0 - https:\/\/yoast.com\/product\/yoast-seo-wordpress\/ -->\n<title>AirFit P30i deguna spilvenu CPAP maska - Hipnos<\/title>\n<meta name=\"description\" content=\"AirFit P30i ir izstr\u0101d\u0101ta, lai sniegtu tev vair\u0101k br\u012bv\u012bbas b\u016bt pa\u0161am. Ar galvas aug\u0161pus\u0113 eso\u0161o savienojumu, kas nov\u0113r\u0161 gaisa caurules trauc\u0113jumus, un vienk\u0101r\u0161o deguna spilvena dizainu, tu vari br\u012bvi kust\u0113ties, skat\u012bties televizoru vai pat valk\u0101t brilles, kam\u0113r tu lieto masku. Deguna spilvena ietvars cie\u0161i iek\u013caujas tav\u0101 degun\u0101, kas pal\u012bdz notur\u0113t masku viet\u0101, mainot miega poz\u012bcijas.\" \/>\n<meta name=\"robots\" content=\"noindex, follow, max-snippet:-1, max-image-preview:large, max-video-preview:-1\" \/>\n<meta property=\"og:locale\" content=\"en_US\" \/>\n<meta property=\"og:type\" content=\"article\" \/>\n<meta property=\"og:title\" content=\"AirFit P30i deguna spilvenu CPAP maska - Hipnos\" \/>\n<meta property=\"og:description\" content=\"AirFit P30i ir izstr\u0101d\u0101ta, lai sniegtu tev vair\u0101k br\u012bv\u012bbas b\u016bt pa\u0161am. Ar galvas aug\u0161pus\u0113 eso\u0161o savienojumu, kas nov\u0113r\u0161 gaisa caurules trauc\u0113jumus, un vienk\u0101r\u0161o deguna spilvena dizainu, tu vari br\u012bvi kust\u0113ties, skat\u012bties televizoru vai pat valk\u0101t brilles, kam\u0113r tu lieto masku. Deguna spilvena ietvars cie\u0161i iek\u013caujas tav\u0101 degun\u0101, kas pal\u012bdz notur\u0113t masku viet\u0101, mainot miega poz\u012bcijas.\" \/>\n<meta property=\"og:url\" content=\"https:\/\/hipnos.lv\/en\/product\/airfit-p30i-deguna-spilvenu-cpap-maska\/\" \/>\n<meta property=\"og:site_name\" content=\"Hipnos\" \/>\n<meta property=\"article:modified_time\" content=\"2025-10-29T07:58:48+00:00\" \/>\n<meta property=\"og:image\" content=\"https:\/\/hipnos.lv\/wp-content\/uploads\/2025\/10\/RM-AirFit-P30i-STD-FitPack-Mask-63850-1.webp\" \/>\n\t<meta property=\"og:image:width\" content=\"900\" \/>\n\t<meta property=\"og:image:height\" content=\"900\" \/>\n\t<meta property=\"og:image:type\" content=\"image\/webp\" \/>\n<meta name=\"twitter:card\" content=\"summary_large_image\" \/>\n<meta name=\"twitter:label1\" content=\"Est. reading time\" \/>\n\t<meta name=\"twitter:data1\" content=\"1 minute\" \/>\n<script type=\"application\/ld+json\" class=\"yoast-schema-graph\">{\"@context\":\"https:\/\/schema.org\",\"@graph\":[{\"@type\":\"WebPage\",\"@id\":\"https:\/\/hipnos.lv\/en\/product\/airfit-p30i-deguna-spilvenu-cpap-maska\/\",\"url\":\"https:\/\/hipnos.lv\/en\/product\/airfit-p30i-deguna-spilvenu-cpap-maska\/\",\"name\":\"AirFit P30i deguna spilvenu CPAP maska - Hipnos\",\"isPartOf\":{\"@id\":\"https:\/\/hipnos.lv\/en\/#website\"},\"primaryImageOfPage\":{\"@id\":\"https:\/\/hipnos.lv\/en\/product\/airfit-p30i-deguna-spilvenu-cpap-maska\/#primaryimage\"},\"image\":{\"@id\":\"https:\/\/hipnos.lv\/en\/product\/airfit-p30i-deguna-spilvenu-cpap-maska\/#primaryimage\"},\"thumbnailUrl\":\"https:\/\/hipnos.lv\/wp-content\/uploads\/2025\/10\/RM-AirFit-P30i-STD-FitPack-Mask-63850-1.webp\",\"datePublished\":\"2025-10-29T07:58:47+00:00\",\"dateModified\":\"2025-10-29T07:58:48+00:00\",\"description\":\"AirFit P30i ir izstr\u0101d\u0101ta, lai sniegtu tev vair\u0101k br\u012bv\u012bbas b\u016bt pa\u0161am. Ar galvas aug\u0161pus\u0113 eso\u0161o savienojumu, kas nov\u0113r\u0161 gaisa caurules trauc\u0113jumus, un vienk\u0101r\u0161o deguna spilvena dizainu, tu vari br\u012bvi kust\u0113ties, skat\u012bties televizoru vai pat valk\u0101t brilles, kam\u0113r tu lieto masku. Deguna spilvena ietvars cie\u0161i iek\u013caujas tav\u0101 degun\u0101, kas pal\u012bdz notur\u0113t masku viet\u0101, mainot miega poz\u012bcijas.\",\"breadcrumb\":{\"@id\":\"https:\/\/hipnos.lv\/en\/product\/airfit-p30i-deguna-spilvenu-cpap-maska\/#breadcrumb\"},\"inLanguage\":\"en-US\",\"potentialAction\":[{\"@type\":\"ReadAction\",\"target\":[\"https:\/\/hipnos.lv\/en\/product\/airfit-p30i-deguna-spilvenu-cpap-maska\/\"]}]},{\"@type\":\"ImageObject\",\"inLanguage\":\"en-US\",\"@id\":\"https:\/\/hipnos.lv\/en\/product\/airfit-p30i-deguna-spilvenu-cpap-maska\/#primaryimage\",\"url\":\"https:\/\/hipnos.lv\/wp-content\/uploads\/2025\/10\/RM-AirFit-P30i-STD-FitPack-Mask-63850-1.webp\",\"contentUrl\":\"https:\/\/hipnos.lv\/wp-content\/uploads\/2025\/10\/RM-AirFit-P30i-STD-FitPack-Mask-63850-1.webp\",\"width\":900,\"height\":900},{\"@type\":\"BreadcrumbList\",\"@id\":\"https:\/\/hipnos.lv\/en\/product\/airfit-p30i-deguna-spilvenu-cpap-maska\/#breadcrumb\",\"itemListElement\":[{\"@type\":\"ListItem\",\"position\":1,\"name\":\"S\u0101kums\",\"item\":\"https:\/\/hipnos.lv\/en\/\"},{\"@type\":\"ListItem\",\"position\":2,\"name\":\"E\u2010Shop\",\"item\":\"https:\/\/hipnos.lv\/en\/shop\/\"},{\"@type\":\"ListItem\",\"position\":3,\"name\":\"AirFit P30i deguna spilvenu CPAP maska\"}]},{\"@type\":\"WebSite\",\"@id\":\"https:\/\/hipnos.lv\/en\/#website\",\"url\":\"https:\/\/hipnos.lv\/en\/\",\"name\":\"Hipnos\",\"description\":\"\",\"potentialAction\":[{\"@type\":\"SearchAction\",\"target\":{\"@type\":\"EntryPoint\",\"urlTemplate\":\"https:\/\/hipnos.lv\/en\/?s={search_term_string}\"},\"query-input\":{\"@type\":\"PropertyValueSpecification\",\"valueRequired\":true,\"valueName\":\"search_term_string\"}}],\"inLanguage\":\"en-US\"}]}<\/script>\n<!-- \/ Yoast SEO plugin. -->","yoast_head_json":{"title":"AirFit P30i deguna spilvenu CPAP maska - Hipnos","description":"AirFit P30i ir izstr\u0101d\u0101ta, lai sniegtu tev vair\u0101k br\u012bv\u012bbas b\u016bt pa\u0161am. Ar galvas aug\u0161pus\u0113 eso\u0161o savienojumu, kas nov\u0113r\u0161 gaisa caurules trauc\u0113jumus, un vienk\u0101r\u0161o deguna spilvena dizainu, tu vari br\u012bvi kust\u0113ties, skat\u012bties televizoru vai pat valk\u0101t brilles, kam\u0113r tu lieto masku. Deguna spilvena ietvars cie\u0161i iek\u013caujas tav\u0101 degun\u0101, kas pal\u012bdz notur\u0113t masku viet\u0101, mainot miega poz\u012bcijas.","robots":{"index":"noindex","follow":"follow","max-snippet":"max-snippet:-1","max-image-preview":"max-image-preview:large","max-video-preview":"max-video-preview:-1"},"og_locale":"en_US","og_type":"article","og_title":"AirFit P30i deguna spilvenu CPAP maska - Hipnos","og_description":"AirFit P30i ir izstr\u0101d\u0101ta, lai sniegtu tev vair\u0101k br\u012bv\u012bbas b\u016bt pa\u0161am. Ar galvas aug\u0161pus\u0113 eso\u0161o savienojumu, kas nov\u0113r\u0161 gaisa caurules trauc\u0113jumus, un vienk\u0101r\u0161o deguna spilvena dizainu, tu vari br\u012bvi kust\u0113ties, skat\u012bties televizoru vai pat valk\u0101t brilles, kam\u0113r tu lieto masku. Deguna spilvena ietvars cie\u0161i iek\u013caujas tav\u0101 degun\u0101, kas pal\u012bdz notur\u0113t masku viet\u0101, mainot miega poz\u012bcijas.","og_url":"https:\/\/hipnos.lv\/en\/product\/airfit-p30i-deguna-spilvenu-cpap-maska\/","og_site_name":"Hipnos","article_modified_time":"2025-10-29T07:58:48+00:00","og_image":[{"width":900,"height":900,"url":"https:\/\/hipnos.lv\/wp-content\/uploads\/2025\/10\/RM-AirFit-P30i-STD-FitPack-Mask-63850-1.webp","type":"image\/webp"}],"twitter_card":"summary_large_image","twitter_misc":{"Est. reading time":"1 minute"},"schema":{"@context":"https:\/\/schema.org","@graph":[{"@type":"WebPage","@id":"https:\/\/hipnos.lv\/en\/product\/airfit-p30i-deguna-spilvenu-cpap-maska\/","url":"https:\/\/hipnos.lv\/en\/product\/airfit-p30i-deguna-spilvenu-cpap-maska\/","name":"AirFit P30i deguna spilvenu CPAP maska - Hipnos","isPartOf":{"@id":"https:\/\/hipnos.lv\/en\/#website"},"primaryImageOfPage":{"@id":"https:\/\/hipnos.lv\/en\/product\/airfit-p30i-deguna-spilvenu-cpap-maska\/#primaryimage"},"image":{"@id":"https:\/\/hipnos.lv\/en\/product\/airfit-p30i-deguna-spilvenu-cpap-maska\/#primaryimage"},"thumbnailUrl":"https:\/\/hipnos.lv\/wp-content\/uploads\/2025\/10\/RM-AirFit-P30i-STD-FitPack-Mask-63850-1.webp","datePublished":"2025-10-29T07:58:47+00:00","dateModified":"2025-10-29T07:58:48+00:00","description":"AirFit P30i ir izstr\u0101d\u0101ta, lai sniegtu tev vair\u0101k br\u012bv\u012bbas b\u016bt pa\u0161am. Ar galvas aug\u0161pus\u0113 eso\u0161o savienojumu, kas nov\u0113r\u0161 gaisa caurules trauc\u0113jumus, un vienk\u0101r\u0161o deguna spilvena dizainu, tu vari br\u012bvi kust\u0113ties, skat\u012bties televizoru vai pat valk\u0101t brilles, kam\u0113r tu lieto masku. Deguna spilvena ietvars cie\u0161i iek\u013caujas tav\u0101 degun\u0101, kas pal\u012bdz notur\u0113t masku viet\u0101, mainot miega poz\u012bcijas.","breadcrumb":{"@id":"https:\/\/hipnos.lv\/en\/product\/airfit-p30i-deguna-spilvenu-cpap-maska\/#breadcrumb"},"inLanguage":"en-US","potentialAction":[{"@type":"ReadAction","target":["https:\/\/hipnos.lv\/en\/product\/airfit-p30i-deguna-spilvenu-cpap-maska\/"]}]},{"@type":"ImageObject","inLanguage":"en-US","@id":"https:\/\/hipnos.lv\/en\/product\/airfit-p30i-deguna-spilvenu-cpap-maska\/#primaryimage","url":"https:\/\/hipnos.lv\/wp-content\/uploads\/2025\/10\/RM-AirFit-P30i-STD-FitPack-Mask-63850-1.webp","contentUrl":"https:\/\/hipnos.lv\/wp-content\/uploads\/2025\/10\/RM-AirFit-P30i-STD-FitPack-Mask-63850-1.webp","width":900,"height":900},{"@type":"BreadcrumbList","@id":"https:\/\/hipnos.lv\/en\/product\/airfit-p30i-deguna-spilvenu-cpap-maska\/#breadcrumb","itemListElement":[{"@type":"ListItem","position":1,"name":"S\u0101kums","item":"https:\/\/hipnos.lv\/en\/"},{"@type":"ListItem","position":2,"name":"E\u2010Shop","item":"https:\/\/hipnos.lv\/en\/shop\/"},{"@type":"ListItem","position":3,"name":"AirFit P30i deguna spilvenu CPAP maska"}]},{"@type":"WebSite","@id":"https:\/\/hipnos.lv\/en\/#website","url":"https:\/\/hipnos.lv\/en\/","name":"Hipnos","description":"","potentialAction":[{"@type":"SearchAction","target":{"@type":"EntryPoint","urlTemplate":"https:\/\/hipnos.lv\/en\/?s={search_term_string}"},"query-input":{"@type":"PropertyValueSpecification","valueRequired":true,"valueName":"search_term_string"}}],"inLanguage":"en-US"}]}},"_links":{"self":[{"href":"https:\/\/hipnos.lv\/en\/wp-json\/wp\/v2\/product\/2052","targetHints":{"allow":["GET"]}}],"collection":[{"href":"https:\/\/hipnos.lv\/en\/wp-json\/wp\/v2\/product"}],"about":[{"href":"https:\/\/hipnos.lv\/en\/wp-json\/wp\/v2\/types\/product"}],"replies":[{"embeddable":true,"href":"https:\/\/hipnos.lv\/en\/wp-json\/wp\/v2\/comments?post=2052"}],"wp:featuredmedia":[{"embeddable":true,"href":"https:\/\/hipnos.lv\/en\/wp-json\/wp\/v2\/media\/2059"}],"wp:attachment":[{"href":"https:\/\/hipnos.lv\/en\/wp-json\/wp\/v2\/media?parent=2052"}],"wp:term":[{"taxonomy":"product_brand","embeddable":true,"href":"https:\/\/hipnos.lv\/en\/wp-json\/wp\/v2\/product_brand?post=2052"},{"taxonomy":"product_cat","embeddable":true,"href":"https:\/\/hipnos.lv\/en\/wp-json\/wp\/v2\/product_cat?post=2052"},{"taxonomy":"product_tag","embeddable":true,"href":"https:\/\/hipnos.lv\/en\/wp-json\/wp\/v2\/product_tag?post=2052"}],"curies":[{"name":"wp","href":"https:\/\/api.w.org\/{rel}","templated":true}]}}