{"id":1992,"date":"2025-10-07T10:03:19","date_gmt":"2025-10-07T10:03:19","guid":{"rendered":"https:\/\/hipnos.lv\/?post_type=product&#038;p=1992"},"modified":"2025-10-07T10:10:42","modified_gmt":"2025-10-07T10:10:42","slug":"silhouette-deguna-maska","status":"publish","type":"product","link":"https:\/\/hipnos.lv\/en\/product\/silhouette-deguna-maska\/","title":{"rendered":"SILHOUETTE deguna maska 1gb."},"content":{"rendered":"<div class=\"Content-module__content___jmKA6 _content_1h8k5_80\">\n<div class=\"react-scroll-to-bottom--css-ogmpq-79elbk _chat-scroller_ce1ef_356\">\n<div class=\"react-scroll-to-bottom--css-ogmpq-1n7m0yu _chat-scroller__scroll_ce1ef_359\">\n<div class=\"_message-list_ce1ef_349\">\n<div class=\"_container_ce1ef_1\">\n<div class=\"_container__content_ce1ef_28\">\n<div class=\"_container__message_ce1ef_21 _container__message--assistant_ce1ef_120\">\n<div class=\"_message_ce1ef_45\">\n<div class=\"_message__content_ce1ef_112\">\n<div class=\"MessageContent-module__message-content___Am59P _container__message-content_ce1ef_21 MessageContent-module__message-content--markdown___oLH9Y\">\n<p>Vienreizlietojama Silhouette deguna maska sl\u0101pek\u013ca oks\u012bda izmanto\u0161anai<\/p>\n<\/div>\n<div class=\"_actions_ce1ef_312\"><\/div>\n<\/div>\n<\/div>\n<\/div>\n<\/div>\n<\/div>\n<\/div>\n<\/div>\n<\/div>\n<\/div>\n<div class=\"_bottom-content_1h8k5_103 _bottom-content--available_1h8k5_123\">\n<div class=\"_bottom-content__message-field_1h8k5_142\"><\/div>\n<\/div>\n","protected":false},"excerpt":{"rendered":"<p>Vienreizlietojama Silhouette deguna maska sl\u0101pek\u013ca oks\u012bda izmanto\u0161anai<\/p>\n","protected":false},"featured_media":2003,"comment_status":"open","ping_status":"closed","template":"","meta":{"_acf_changed":false,"inline_featured_image":false},"product_brand":[],"product_cat":[98],"product_tag":[],"class_list":{"0":"post-1992","1":"product","2":"type-product","3":"status-publish","4":"has-post-thumbnail","6":"product_cat-aksesuari-jautribas-gazes-iekartam-lv","8":"first","9":"instock","10":"shipping-taxable","11":"purchasable","12":"product-type-variable"},"acf":[],"yoast_head":"<!-- This site is optimized with the Yoast SEO plugin v27.0 - https:\/\/yoast.com\/product\/yoast-seo-wordpress\/ -->\n<title>SILHOUETTE deguna maska 1gb. - Hipnos<\/title>\n<meta name=\"description\" content=\"Vienreizlietojama Silhouette deguna maska sl\u0101pek\u013ca oks\u012bda izmanto\u0161anai\" \/>\n<meta name=\"robots\" content=\"noindex, follow, max-snippet:-1, max-image-preview:large, max-video-preview:-1\" \/>\n<meta property=\"og:locale\" content=\"en_US\" \/>\n<meta property=\"og:type\" content=\"article\" \/>\n<meta property=\"og:title\" content=\"SILHOUETTE deguna maska 1gb. - Hipnos\" \/>\n<meta property=\"og:description\" content=\"Vienreizlietojama Silhouette deguna maska sl\u0101pek\u013ca oks\u012bda izmanto\u0161anai\" \/>\n<meta property=\"og:url\" content=\"https:\/\/hipnos.lv\/en\/product\/silhouette-deguna-maska\/\" \/>\n<meta property=\"og:site_name\" content=\"Hipnos\" \/>\n<meta property=\"article:modified_time\" content=\"2025-10-07T10:10:42+00:00\" \/>\n<meta name=\"twitter:card\" content=\"summary_large_image\" \/>\n<meta name=\"twitter:label1\" content=\"Est. reading time\" \/>\n\t<meta name=\"twitter:data1\" content=\"1 minute\" \/>\n<script type=\"application\/ld+json\" class=\"yoast-schema-graph\">{\"@context\":\"https:\/\/schema.org\",\"@graph\":[{\"@type\":\"WebPage\",\"@id\":\"https:\/\/hipnos.lv\/en\/product\/silhouette-deguna-maska\/\",\"url\":\"https:\/\/hipnos.lv\/en\/product\/silhouette-deguna-maska\/\",\"name\":\"SILHOUETTE deguna maska 1gb. - Hipnos\",\"isPartOf\":{\"@id\":\"https:\/\/hipnos.lv\/en\/#website\"},\"primaryImageOfPage\":{\"@id\":\"https:\/\/hipnos.lv\/en\/product\/silhouette-deguna-maska\/#primaryimage\"},\"image\":{\"@id\":\"https:\/\/hipnos.lv\/en\/product\/silhouette-deguna-maska\/#primaryimage\"},\"thumbnailUrl\":\"https:\/\/hipnos.lv\/wp-content\/uploads\/2025\/10\/1459366_US_Group_01_600x600.avif\",\"datePublished\":\"2025-10-07T10:03:19+00:00\",\"dateModified\":\"2025-10-07T10:10:42+00:00\",\"description\":\"Vienreizlietojama Silhouette deguna maska sl\u0101pek\u013ca oks\u012bda izmanto\u0161anai\",\"breadcrumb\":{\"@id\":\"https:\/\/hipnos.lv\/en\/product\/silhouette-deguna-maska\/#breadcrumb\"},\"inLanguage\":\"en-US\",\"potentialAction\":[{\"@type\":\"ReadAction\",\"target\":[\"https:\/\/hipnos.lv\/en\/product\/silhouette-deguna-maska\/\"]}]},{\"@type\":\"ImageObject\",\"inLanguage\":\"en-US\",\"@id\":\"https:\/\/hipnos.lv\/en\/product\/silhouette-deguna-maska\/#primaryimage\",\"url\":\"https:\/\/hipnos.lv\/wp-content\/uploads\/2025\/10\/1459366_US_Group_01_600x600.avif\",\"contentUrl\":\"https:\/\/hipnos.lv\/wp-content\/uploads\/2025\/10\/1459366_US_Group_01_600x600.avif\",\"width\":600,\"height\":600},{\"@type\":\"BreadcrumbList\",\"@id\":\"https:\/\/hipnos.lv\/en\/product\/silhouette-deguna-maska\/#breadcrumb\",\"itemListElement\":[{\"@type\":\"ListItem\",\"position\":1,\"name\":\"S\u0101kums\",\"item\":\"https:\/\/hipnos.lv\/en\/\"},{\"@type\":\"ListItem\",\"position\":2,\"name\":\"E\u2010Shop\",\"item\":\"https:\/\/hipnos.lv\/en\/shop\/\"},{\"@type\":\"ListItem\",\"position\":3,\"name\":\"SILHOUETTE deguna maska 1gb.\"}]},{\"@type\":\"WebSite\",\"@id\":\"https:\/\/hipnos.lv\/en\/#website\",\"url\":\"https:\/\/hipnos.lv\/en\/\",\"name\":\"Hipnos\",\"description\":\"\",\"potentialAction\":[{\"@type\":\"SearchAction\",\"target\":{\"@type\":\"EntryPoint\",\"urlTemplate\":\"https:\/\/hipnos.lv\/en\/?s={search_term_string}\"},\"query-input\":{\"@type\":\"PropertyValueSpecification\",\"valueRequired\":true,\"valueName\":\"search_term_string\"}}],\"inLanguage\":\"en-US\"}]}<\/script>\n<!-- \/ Yoast SEO plugin. -->","yoast_head_json":{"title":"SILHOUETTE deguna maska 1gb. - Hipnos","description":"Vienreizlietojama Silhouette deguna maska sl\u0101pek\u013ca oks\u012bda izmanto\u0161anai","robots":{"index":"noindex","follow":"follow","max-snippet":"max-snippet:-1","max-image-preview":"max-image-preview:large","max-video-preview":"max-video-preview:-1"},"og_locale":"en_US","og_type":"article","og_title":"SILHOUETTE deguna maska 1gb. - Hipnos","og_description":"Vienreizlietojama Silhouette deguna maska sl\u0101pek\u013ca oks\u012bda izmanto\u0161anai","og_url":"https:\/\/hipnos.lv\/en\/product\/silhouette-deguna-maska\/","og_site_name":"Hipnos","article_modified_time":"2025-10-07T10:10:42+00:00","twitter_card":"summary_large_image","twitter_misc":{"Est. reading time":"1 minute"},"schema":{"@context":"https:\/\/schema.org","@graph":[{"@type":"WebPage","@id":"https:\/\/hipnos.lv\/en\/product\/silhouette-deguna-maska\/","url":"https:\/\/hipnos.lv\/en\/product\/silhouette-deguna-maska\/","name":"SILHOUETTE deguna maska 1gb. - Hipnos","isPartOf":{"@id":"https:\/\/hipnos.lv\/en\/#website"},"primaryImageOfPage":{"@id":"https:\/\/hipnos.lv\/en\/product\/silhouette-deguna-maska\/#primaryimage"},"image":{"@id":"https:\/\/hipnos.lv\/en\/product\/silhouette-deguna-maska\/#primaryimage"},"thumbnailUrl":"https:\/\/hipnos.lv\/wp-content\/uploads\/2025\/10\/1459366_US_Group_01_600x600.avif","datePublished":"2025-10-07T10:03:19+00:00","dateModified":"2025-10-07T10:10:42+00:00","description":"Vienreizlietojama Silhouette deguna maska sl\u0101pek\u013ca oks\u012bda izmanto\u0161anai","breadcrumb":{"@id":"https:\/\/hipnos.lv\/en\/product\/silhouette-deguna-maska\/#breadcrumb"},"inLanguage":"en-US","potentialAction":[{"@type":"ReadAction","target":["https:\/\/hipnos.lv\/en\/product\/silhouette-deguna-maska\/"]}]},{"@type":"ImageObject","inLanguage":"en-US","@id":"https:\/\/hipnos.lv\/en\/product\/silhouette-deguna-maska\/#primaryimage","url":"https:\/\/hipnos.lv\/wp-content\/uploads\/2025\/10\/1459366_US_Group_01_600x600.avif","contentUrl":"https:\/\/hipnos.lv\/wp-content\/uploads\/2025\/10\/1459366_US_Group_01_600x600.avif","width":600,"height":600},{"@type":"BreadcrumbList","@id":"https:\/\/hipnos.lv\/en\/product\/silhouette-deguna-maska\/#breadcrumb","itemListElement":[{"@type":"ListItem","position":1,"name":"S\u0101kums","item":"https:\/\/hipnos.lv\/en\/"},{"@type":"ListItem","position":2,"name":"E\u2010Shop","item":"https:\/\/hipnos.lv\/en\/shop\/"},{"@type":"ListItem","position":3,"name":"SILHOUETTE deguna maska 1gb."}]},{"@type":"WebSite","@id":"https:\/\/hipnos.lv\/en\/#website","url":"https:\/\/hipnos.lv\/en\/","name":"Hipnos","description":"","potentialAction":[{"@type":"SearchAction","target":{"@type":"EntryPoint","urlTemplate":"https:\/\/hipnos.lv\/en\/?s={search_term_string}"},"query-input":{"@type":"PropertyValueSpecification","valueRequired":true,"valueName":"search_term_string"}}],"inLanguage":"en-US"}]}},"_links":{"self":[{"href":"https:\/\/hipnos.lv\/en\/wp-json\/wp\/v2\/product\/1992","targetHints":{"allow":["GET"]}}],"collection":[{"href":"https:\/\/hipnos.lv\/en\/wp-json\/wp\/v2\/product"}],"about":[{"href":"https:\/\/hipnos.lv\/en\/wp-json\/wp\/v2\/types\/product"}],"replies":[{"embeddable":true,"href":"https:\/\/hipnos.lv\/en\/wp-json\/wp\/v2\/comments?post=1992"}],"wp:featuredmedia":[{"embeddable":true,"href":"https:\/\/hipnos.lv\/en\/wp-json\/wp\/v2\/media\/2003"}],"wp:attachment":[{"href":"https:\/\/hipnos.lv\/en\/wp-json\/wp\/v2\/media?parent=1992"}],"wp:term":[{"taxonomy":"product_brand","embeddable":true,"href":"https:\/\/hipnos.lv\/en\/wp-json\/wp\/v2\/product_brand?post=1992"},{"taxonomy":"product_cat","embeddable":true,"href":"https:\/\/hipnos.lv\/en\/wp-json\/wp\/v2\/product_cat?post=1992"},{"taxonomy":"product_tag","embeddable":true,"href":"https:\/\/hipnos.lv\/en\/wp-json\/wp\/v2\/product_tag?post=1992"}],"curies":[{"name":"wp","href":"https:\/\/api.w.org\/{rel}","templated":true}]}}