{"id":1759,"date":"2025-09-08T06:49:15","date_gmt":"2025-09-08T06:49:15","guid":{"rendered":"https:\/\/hipnos.lv\/?post_type=product&#038;p=1759"},"modified":"2026-02-17T10:33:09","modified_gmt":"2026-02-17T10:33:09","slug":"luminette-3-gaismas-terapijas-brilles","status":"publish","type":"product","link":"https:\/\/hipnos.lv\/en\/product\/luminette-3-gaismas-terapijas-brilles\/","title":{"rendered":"Luminette 3 &#8211; gaismas terapijas brilles"},"content":{"rendered":"<p><strong>Luminette 3 \u2013 inov\u0101cija gaismas terapijas jom\u0101<\/strong><\/p>\n<p>Izbaudiet dab\u012bgu un efekt\u012bvu dienas gaismas terapiju ar Luminette 3, modern\u0101m luminoterapijas brill\u0113m. \u0160\u012bs brilles ir ide\u0101ls risin\u0101jums, lai uzlabotu j\u016bsu garast\u0101vokli, ener\u0123ijas l\u012bmeni un miega kvalit\u0101ti, \u012bpa\u0161i ziemas tum\u0161ajos m\u0113ne\u0161os vai gad\u012bjumos, kad ir gr\u016bti uz\u0146emt pietiekami daudz dab\u012bgas gaismas.<\/p>\n<p><strong>Galven\u0101s priek\u0161roc\u012bbas:<\/strong><\/p>\n<ul>\n<li><strong>Inovat\u012bva tehnolo\u0123ija<\/strong>\u00a0\u2013 dro\u0161a LED gaisma ar prec\u012bzu spektra atbilst\u012bbu.<\/li>\n<li><strong>\u0112rti lietojamas<\/strong>\u00a0\u2013 vieglas, \u0113rti uzvilkt un lietot ikdien\u0101.<\/li>\n<li><strong>Personaliz\u0113ts re\u017e\u012bms<\/strong>\u00a0\u2013 piel\u0101gojiet terapijas ilgumu un laiku p\u0113c sav\u0101m vajadz\u012bb\u0101m.<\/li>\n<\/ul>\n<p>&nbsp;<\/p>\n<p><strong>Ide\u0101ls risin\u0101jums:<\/strong><br \/>\nLuminette 3 brilles ir piem\u0113rotas gan ikdienas lieto\u0161anai, gan terapeitisk\u0101m vajadz\u012bb\u0101m, pal\u012bdz c\u012bn\u012bties ar sezon\u0101lajiem afekt\u012bvajiem trauc\u0113jumiem, uzlabo darba produktivit\u0101ti un stabiliz\u0113 emocion\u0101lo st\u0101vokli.<\/p>\n<p>Atkl\u0101jiet jaunu, dab\u012bgu veidu, k\u0101 r\u016bp\u0113ties par savu emocion\u0101lo un fizisko labsaj\u016btu \u2013 ar Luminette 3!<\/p>\n","protected":false},"excerpt":{"rendered":"<p>Luminette 3 \u2013 inov\u0101cija gaismas terapijas jom\u0101 Izbaudiet dab\u012bgu un efekt\u012bvu dienas gaismas terapiju ar Luminette 3, modern\u0101m luminoterapijas brill\u0113m. \u0160\u012bs brilles ir ide\u0101ls risin\u0101jums, lai uzlabotu<\/p>\n","protected":false},"featured_media":1764,"comment_status":"open","ping_status":"closed","template":"","meta":{"_acf_changed":false,"inline_featured_image":false},"product_brand":[],"product_cat":[54],"product_tag":[],"class_list":{"0":"post-1759","1":"product","2":"type-product","3":"status-publish","4":"has-post-thumbnail","6":"product_cat-preces-miega-uzlabosanai-lv","8":"first","9":"instock","10":"shipping-taxable","11":"purchasable","12":"product-type-variable"},"acf":[],"yoast_head":"<!-- This site is optimized with the Yoast SEO plugin v27.0 - https:\/\/yoast.com\/product\/yoast-seo-wordpress\/ -->\n<title>Luminette 3 - gaismas terapijas brilles - Hipnos<\/title>\n<meta name=\"description\" content=\"Luminette 3 \u2013 inov\u0101cija gaismas terapijas jom\u0101. Izbaudiet dab\u012bgu un efekt\u012bvu dienas gaismas terapiju ar Luminette 3, modern\u0101m luminoterapijas brill\u0113m. \u0160\u012bs brilles ir ide\u0101ls risin\u0101jums, lai uzlabotu j\u016bsu garast\u0101vokli, ener\u0123ijas l\u012bmeni un miega kvalit\u0101ti, \u012bpa\u0161i ziemas tum\u0161ajos m\u0113ne\u0161os vai gad\u012bjumos, kad ir gr\u016bti uz\u0146emt pietiekami daudz dab\u012bgas gaismas.\" \/>\n<meta name=\"robots\" content=\"noindex, follow, max-snippet:-1, max-image-preview:large, max-video-preview:-1\" \/>\n<meta property=\"og:locale\" content=\"en_US\" \/>\n<meta property=\"og:type\" content=\"article\" \/>\n<meta property=\"og:title\" content=\"Luminette 3 - gaismas terapijas brilles - Hipnos\" \/>\n<meta property=\"og:description\" content=\"Luminette 3 \u2013 inov\u0101cija gaismas terapijas jom\u0101. Izbaudiet dab\u012bgu un efekt\u012bvu dienas gaismas terapiju ar Luminette 3, modern\u0101m luminoterapijas brill\u0113m. \u0160\u012bs brilles ir ide\u0101ls risin\u0101jums, lai uzlabotu j\u016bsu garast\u0101vokli, ener\u0123ijas l\u012bmeni un miega kvalit\u0101ti, \u012bpa\u0161i ziemas tum\u0161ajos m\u0113ne\u0161os vai gad\u012bjumos, kad ir gr\u016bti uz\u0146emt pietiekami daudz dab\u012bgas gaismas.\" \/>\n<meta property=\"og:url\" content=\"https:\/\/hipnos.lv\/en\/product\/luminette-3-gaismas-terapijas-brilles\/\" \/>\n<meta property=\"og:site_name\" content=\"Hipnos\" \/>\n<meta property=\"article:modified_time\" content=\"2026-02-17T10:33:09+00:00\" \/>\n<meta property=\"og:image\" content=\"https:\/\/darkseagreen-baboon-647591.hostingersite.com\/wp-content\/uploads\/2025\/09\/51QhTSKeI-L._UF10001000_QL80_.jpg\" \/>\n\t<meta property=\"og:image:width\" content=\"1000\" \/>\n\t<meta property=\"og:image:height\" content=\"1000\" \/>\n\t<meta property=\"og:image:type\" content=\"image\/jpeg\" \/>\n<meta name=\"twitter:card\" content=\"summary_large_image\" \/>\n<meta name=\"twitter:label1\" content=\"Est. reading time\" \/>\n\t<meta name=\"twitter:data1\" content=\"1 minute\" \/>\n<script type=\"application\/ld+json\" class=\"yoast-schema-graph\">{\"@context\":\"https:\/\/schema.org\",\"@graph\":[{\"@type\":\"WebPage\",\"@id\":\"https:\/\/hipnos.lv\/en\/product\/luminette-3-gaismas-terapijas-brilles\/\",\"url\":\"https:\/\/hipnos.lv\/en\/product\/luminette-3-gaismas-terapijas-brilles\/\",\"name\":\"Luminette 3 - gaismas terapijas brilles - Hipnos\",\"isPartOf\":{\"@id\":\"https:\/\/hipnos.lv\/en\/#website\"},\"primaryImageOfPage\":{\"@id\":\"https:\/\/hipnos.lv\/en\/product\/luminette-3-gaismas-terapijas-brilles\/#primaryimage\"},\"image\":{\"@id\":\"https:\/\/hipnos.lv\/en\/product\/luminette-3-gaismas-terapijas-brilles\/#primaryimage\"},\"thumbnailUrl\":\"https:\/\/hipnos.lv\/wp-content\/uploads\/2025\/09\/51QhTSKeI-L._UF10001000_QL80_.jpg\",\"datePublished\":\"2025-09-08T06:49:15+00:00\",\"dateModified\":\"2026-02-17T10:33:09+00:00\",\"description\":\"Luminette 3 \u2013 inov\u0101cija gaismas terapijas jom\u0101. Izbaudiet dab\u012bgu un efekt\u012bvu dienas gaismas terapiju ar Luminette 3, modern\u0101m luminoterapijas brill\u0113m. \u0160\u012bs brilles ir ide\u0101ls risin\u0101jums, lai uzlabotu j\u016bsu garast\u0101vokli, ener\u0123ijas l\u012bmeni un miega kvalit\u0101ti, \u012bpa\u0161i ziemas tum\u0161ajos m\u0113ne\u0161os vai gad\u012bjumos, kad ir gr\u016bti uz\u0146emt pietiekami daudz dab\u012bgas gaismas.\",\"breadcrumb\":{\"@id\":\"https:\/\/hipnos.lv\/en\/product\/luminette-3-gaismas-terapijas-brilles\/#breadcrumb\"},\"inLanguage\":\"en-US\",\"potentialAction\":[{\"@type\":\"ReadAction\",\"target\":[\"https:\/\/hipnos.lv\/en\/product\/luminette-3-gaismas-terapijas-brilles\/\"]}]},{\"@type\":\"ImageObject\",\"inLanguage\":\"en-US\",\"@id\":\"https:\/\/hipnos.lv\/en\/product\/luminette-3-gaismas-terapijas-brilles\/#primaryimage\",\"url\":\"https:\/\/hipnos.lv\/wp-content\/uploads\/2025\/09\/51QhTSKeI-L._UF10001000_QL80_.jpg\",\"contentUrl\":\"https:\/\/hipnos.lv\/wp-content\/uploads\/2025\/09\/51QhTSKeI-L._UF10001000_QL80_.jpg\",\"width\":1000,\"height\":1000},{\"@type\":\"BreadcrumbList\",\"@id\":\"https:\/\/hipnos.lv\/en\/product\/luminette-3-gaismas-terapijas-brilles\/#breadcrumb\",\"itemListElement\":[{\"@type\":\"ListItem\",\"position\":1,\"name\":\"S\u0101kums\",\"item\":\"https:\/\/hipnos.lv\/en\/\"},{\"@type\":\"ListItem\",\"position\":2,\"name\":\"E\u2010Shop\",\"item\":\"https:\/\/hipnos.lv\/en\/shop\/\"},{\"@type\":\"ListItem\",\"position\":3,\"name\":\"Luminette 3 &#8211; gaismas terapijas brilles\"}]},{\"@type\":\"WebSite\",\"@id\":\"https:\/\/hipnos.lv\/en\/#website\",\"url\":\"https:\/\/hipnos.lv\/en\/\",\"name\":\"Hipnos\",\"description\":\"\",\"potentialAction\":[{\"@type\":\"SearchAction\",\"target\":{\"@type\":\"EntryPoint\",\"urlTemplate\":\"https:\/\/hipnos.lv\/en\/?s={search_term_string}\"},\"query-input\":{\"@type\":\"PropertyValueSpecification\",\"valueRequired\":true,\"valueName\":\"search_term_string\"}}],\"inLanguage\":\"en-US\"}]}<\/script>\n<!-- \/ Yoast SEO plugin. -->","yoast_head_json":{"title":"Luminette 3 - gaismas terapijas brilles - Hipnos","description":"Luminette 3 \u2013 inov\u0101cija gaismas terapijas jom\u0101. Izbaudiet dab\u012bgu un efekt\u012bvu dienas gaismas terapiju ar Luminette 3, modern\u0101m luminoterapijas brill\u0113m. \u0160\u012bs brilles ir ide\u0101ls risin\u0101jums, lai uzlabotu j\u016bsu garast\u0101vokli, ener\u0123ijas l\u012bmeni un miega kvalit\u0101ti, \u012bpa\u0161i ziemas tum\u0161ajos m\u0113ne\u0161os vai gad\u012bjumos, kad ir gr\u016bti uz\u0146emt pietiekami daudz dab\u012bgas gaismas.","robots":{"index":"noindex","follow":"follow","max-snippet":"max-snippet:-1","max-image-preview":"max-image-preview:large","max-video-preview":"max-video-preview:-1"},"og_locale":"en_US","og_type":"article","og_title":"Luminette 3 - gaismas terapijas brilles - Hipnos","og_description":"Luminette 3 \u2013 inov\u0101cija gaismas terapijas jom\u0101. Izbaudiet dab\u012bgu un efekt\u012bvu dienas gaismas terapiju ar Luminette 3, modern\u0101m luminoterapijas brill\u0113m. \u0160\u012bs brilles ir ide\u0101ls risin\u0101jums, lai uzlabotu j\u016bsu garast\u0101vokli, ener\u0123ijas l\u012bmeni un miega kvalit\u0101ti, \u012bpa\u0161i ziemas tum\u0161ajos m\u0113ne\u0161os vai gad\u012bjumos, kad ir gr\u016bti uz\u0146emt pietiekami daudz dab\u012bgas gaismas.","og_url":"https:\/\/hipnos.lv\/en\/product\/luminette-3-gaismas-terapijas-brilles\/","og_site_name":"Hipnos","article_modified_time":"2026-02-17T10:33:09+00:00","og_image":[{"width":1000,"height":1000,"url":"https:\/\/darkseagreen-baboon-647591.hostingersite.com\/wp-content\/uploads\/2025\/09\/51QhTSKeI-L._UF10001000_QL80_.jpg","type":"image\/jpeg"}],"twitter_card":"summary_large_image","twitter_misc":{"Est. reading time":"1 minute"},"schema":{"@context":"https:\/\/schema.org","@graph":[{"@type":"WebPage","@id":"https:\/\/hipnos.lv\/en\/product\/luminette-3-gaismas-terapijas-brilles\/","url":"https:\/\/hipnos.lv\/en\/product\/luminette-3-gaismas-terapijas-brilles\/","name":"Luminette 3 - gaismas terapijas brilles - Hipnos","isPartOf":{"@id":"https:\/\/hipnos.lv\/en\/#website"},"primaryImageOfPage":{"@id":"https:\/\/hipnos.lv\/en\/product\/luminette-3-gaismas-terapijas-brilles\/#primaryimage"},"image":{"@id":"https:\/\/hipnos.lv\/en\/product\/luminette-3-gaismas-terapijas-brilles\/#primaryimage"},"thumbnailUrl":"https:\/\/hipnos.lv\/wp-content\/uploads\/2025\/09\/51QhTSKeI-L._UF10001000_QL80_.jpg","datePublished":"2025-09-08T06:49:15+00:00","dateModified":"2026-02-17T10:33:09+00:00","description":"Luminette 3 \u2013 inov\u0101cija gaismas terapijas jom\u0101. Izbaudiet dab\u012bgu un efekt\u012bvu dienas gaismas terapiju ar Luminette 3, modern\u0101m luminoterapijas brill\u0113m. \u0160\u012bs brilles ir ide\u0101ls risin\u0101jums, lai uzlabotu j\u016bsu garast\u0101vokli, ener\u0123ijas l\u012bmeni un miega kvalit\u0101ti, \u012bpa\u0161i ziemas tum\u0161ajos m\u0113ne\u0161os vai gad\u012bjumos, kad ir gr\u016bti uz\u0146emt pietiekami daudz dab\u012bgas gaismas.","breadcrumb":{"@id":"https:\/\/hipnos.lv\/en\/product\/luminette-3-gaismas-terapijas-brilles\/#breadcrumb"},"inLanguage":"en-US","potentialAction":[{"@type":"ReadAction","target":["https:\/\/hipnos.lv\/en\/product\/luminette-3-gaismas-terapijas-brilles\/"]}]},{"@type":"ImageObject","inLanguage":"en-US","@id":"https:\/\/hipnos.lv\/en\/product\/luminette-3-gaismas-terapijas-brilles\/#primaryimage","url":"https:\/\/hipnos.lv\/wp-content\/uploads\/2025\/09\/51QhTSKeI-L._UF10001000_QL80_.jpg","contentUrl":"https:\/\/hipnos.lv\/wp-content\/uploads\/2025\/09\/51QhTSKeI-L._UF10001000_QL80_.jpg","width":1000,"height":1000},{"@type":"BreadcrumbList","@id":"https:\/\/hipnos.lv\/en\/product\/luminette-3-gaismas-terapijas-brilles\/#breadcrumb","itemListElement":[{"@type":"ListItem","position":1,"name":"S\u0101kums","item":"https:\/\/hipnos.lv\/en\/"},{"@type":"ListItem","position":2,"name":"E\u2010Shop","item":"https:\/\/hipnos.lv\/en\/shop\/"},{"@type":"ListItem","position":3,"name":"Luminette 3 &#8211; gaismas terapijas brilles"}]},{"@type":"WebSite","@id":"https:\/\/hipnos.lv\/en\/#website","url":"https:\/\/hipnos.lv\/en\/","name":"Hipnos","description":"","potentialAction":[{"@type":"SearchAction","target":{"@type":"EntryPoint","urlTemplate":"https:\/\/hipnos.lv\/en\/?s={search_term_string}"},"query-input":{"@type":"PropertyValueSpecification","valueRequired":true,"valueName":"search_term_string"}}],"inLanguage":"en-US"}]}},"_links":{"self":[{"href":"https:\/\/hipnos.lv\/en\/wp-json\/wp\/v2\/product\/1759","targetHints":{"allow":["GET"]}}],"collection":[{"href":"https:\/\/hipnos.lv\/en\/wp-json\/wp\/v2\/product"}],"about":[{"href":"https:\/\/hipnos.lv\/en\/wp-json\/wp\/v2\/types\/product"}],"replies":[{"embeddable":true,"href":"https:\/\/hipnos.lv\/en\/wp-json\/wp\/v2\/comments?post=1759"}],"wp:featuredmedia":[{"embeddable":true,"href":"https:\/\/hipnos.lv\/en\/wp-json\/wp\/v2\/media\/1764"}],"wp:attachment":[{"href":"https:\/\/hipnos.lv\/en\/wp-json\/wp\/v2\/media?parent=1759"}],"wp:term":[{"taxonomy":"product_brand","embeddable":true,"href":"https:\/\/hipnos.lv\/en\/wp-json\/wp\/v2\/product_brand?post=1759"},{"taxonomy":"product_cat","embeddable":true,"href":"https:\/\/hipnos.lv\/en\/wp-json\/wp\/v2\/product_cat?post=1759"},{"taxonomy":"product_tag","embeddable":true,"href":"https:\/\/hipnos.lv\/en\/wp-json\/wp\/v2\/product_tag?post=1759"}],"curies":[{"name":"wp","href":"https:\/\/api.w.org\/{rel}","templated":true}]}}