{"id":1754,"date":"2025-08-22T12:39:32","date_gmt":"2025-08-22T12:39:32","guid":{"rendered":"https:\/\/hipnos.lv\/?post_type=product&#038;p=1754"},"modified":"2026-03-18T08:18:29","modified_gmt":"2026-03-18T08:18:29","slug":"posiform-pretkraksanas-spilvens","status":"publish","type":"product","link":"https:\/\/hipnos.lv\/en\/product\/posiform-pretkraksanas-spilvens\/","title":{"rendered":"PosiForm, pretkr\u0101k\u0161anas spilvens"},"content":{"rendered":"<h6 class=\"sr-only\"><\/h6>\n<div class=\"text-base my-auto mx-auto pb-10 [--thread-content-margin:--spacing(4)] @[37rem]:[--thread-content-margin:--spacing(6)] @[72rem]:[--thread-content-margin:--spacing(16)] px-(--thread-content-margin)\">\n<div class=\"[--thread-content-max-width:32rem] @[34rem]:[--thread-content-max-width:40rem] @[64rem]:[--thread-content-max-width:48rem] mx-auto max-w-(--thread-content-max-width) flex-1 group\/turn-messages focus-visible:outline-hidden relative flex w-full min-w-0 flex-col agent-turn\">\n<div class=\"flex max-w-full flex-col grow\">\n<div class=\"min-h-8 text-message relative flex w-full flex-col items-end gap-2 text-start break-words whitespace-normal [.text-message+&amp;]:mt-5\" dir=\"auto\" data-message-author-role=\"assistant\" data-message-id=\"d27bc5f0-9b57-44fb-8b3e-64d1772ead18\" data-message-model-slug=\"gpt-4o\">\n<div class=\"flex w-full flex-col gap-1 empty:hidden first:pt-[3px]\">\n<div class=\"markdown prose dark:prose-invert w-full break-words dark markdown-new-styling\">\n<p data-start=\"0\" data-end=\"320\">Gul\u0113\u0161ana uz muguras pastiprina kr\u0101k\u0161anu un obstrukt\u012bvu miega apnoju, jo tiek nosprostoti aug\u0161\u0113jie elpce\u013ci. Tas var izrais\u012bt hronisku nogurumu, aizkaitin\u0101m\u012bbu, koncentr\u0113\u0161an\u0101s gr\u016bt\u012bbas un palielin\u0101tu sirds un asinsvadu slim\u012bbu risku. \u0160\u012b pozicion\u0101l\u0101 par\u0101d\u012bba bie\u017ei tiek nenov\u0113rt\u0113ta, ta\u010du kr\u0101k\u0161ana var b\u016btiski trauc\u0113t miegu.<\/p>\n<p data-start=\"322\" data-end=\"818\" data-is-last-node=\"\" data-is-only-node=\"\"><strong data-start=\"322\" data-end=\"360\">PosiForm pretkr\u0101k\u0161anas spilvens<\/strong> akt\u012bvi veicina stabilu gul\u0113\u0161anu s\u0101nu poz\u012bcij\u0101, atturot no gul\u0113\u0161anas uz muguras nakt\u012b, t\u0101d\u0113j\u0101di nov\u0113r\u0161ot kr\u0101k\u0161anu. Pateicoties ergonomiskaj\u0101m atmi\u0146as put\u0101m, spilvens nodro\u0161ina \u012bpa\u0161as atbalsta zonas galvai, kaklam un \u0137ermenim, lai pan\u0101ktu optim\u0101lu mugurkaula izl\u012bdzin\u0101jumu un lab\u0101ku elpce\u013cu atv\u0113r\u0161anos. S\u0101nu atbalstu nodro\u0161ina m\u012bksti anatomiski pastiprin\u0101jumi, kas dabiski vada \u0137ermeni uz labv\u0113l\u012bgu un stabilu poz\u012bciju, veicinot ilgtermi\u0146\u0101 vesel\u012bg\u0101ku st\u0101ju.<\/p>\n<\/div>\n<\/div>\n<\/div>\n<\/div>\n<\/div>\n<\/div>\n","protected":false},"excerpt":{"rendered":"<p><strong data-start=\"0\" data-end=\"38\" data-is-only-node=\"\">PosiForm pretkr\u0101k\u0161anas spilvens<\/strong> ir \u012bpa\u0161i izstr\u0101d\u0101ts, lai nov\u0113rstu pozicion\u0101lu kr\u0101k\u0161anu un vieglas l\u012bdz vid\u0113ji smagas apnojas formas, nodro\u0161inot stabilu gul\u0113\u0161anu s\u0101nu poz\u012bcij\u0101 visas nakts garum\u0101. <strong data-start=\"201\" data-end=\"240\">PosiForm\u00ae pretkr\u0101k\u0161anas spilvens<\/strong> ir veidots, lai aizsarg\u0101tu kakla un mugurkaula da\u013cu. Tas iev\u0113rojami uzlabo miega kvalit\u0101ti, pateicoties vienk\u0101r\u0161ai un neinvaz\u012bvai pieejai. Ide\u0101li piem\u0113rots k\u0101 alternat\u012bva apak\u0161\u017eok\u013ca pozicion\u0113\u0161anas ier\u012bc\u0113m. Izgatavots no atmi\u0146as put\u0101m.<\/p>\n","protected":false},"featured_media":2203,"comment_status":"open","ping_status":"closed","template":"","meta":{"_acf_changed":false,"inline_featured_image":false},"product_brand":[],"product_cat":[54],"product_tag":[],"class_list":{"0":"post-1754","1":"product","2":"type-product","3":"status-publish","4":"has-post-thumbnail","6":"product_cat-preces-miega-uzlabosanai-lv","8":"first","9":"instock","10":"shipping-taxable","11":"purchasable","12":"product-type-simple"},"acf":[],"yoast_head":"<!-- This site is optimized with the Yoast SEO plugin v27.0 - https:\/\/yoast.com\/product\/yoast-seo-wordpress\/ -->\n<title>PosiForm, pretkr\u0101k\u0161anas spilvens - Hipnos<\/title>\n<meta name=\"description\" content=\"PosiForm pretkr\u0101k\u0161anas spilvens ir \u012bpa\u0161i izstr\u0101d\u0101ts, lai nov\u0113rstu pozicion\u0101lu kr\u0101k\u0161anu un vieglas l\u012bdz vid\u0113ji smagas apnojas formas, nodro\u0161inot stabilu gul\u0113\u0161anu s\u0101nu poz\u012bcij\u0101 visas nakts garum\u0101. PosiForm\u00ae pretkr\u0101k\u0161anas spilvens ir veidots, lai aizsarg\u0101tu kakla un mugurkaula da\u013cu. Tas iev\u0113rojami uzlabo miega kvalit\u0101ti, pateicoties vienk\u0101r\u0161ai un neinvaz\u012bvai pieejai. Ide\u0101li piem\u0113rots k\u0101 alternat\u012bva apak\u0161\u017eok\u013ca pozicion\u0113\u0161anas ier\u012bc\u0113m. Izgatavots no atmi\u0146as put\u0101m.\" \/>\n<meta name=\"robots\" content=\"noindex, follow, max-snippet:-1, max-image-preview:large, max-video-preview:-1\" \/>\n<meta property=\"og:locale\" content=\"en_US\" \/>\n<meta property=\"og:type\" content=\"article\" \/>\n<meta property=\"og:title\" content=\"PosiForm, pretkr\u0101k\u0161anas spilvens - Hipnos\" \/>\n<meta property=\"og:description\" content=\"PosiForm pretkr\u0101k\u0161anas spilvens ir \u012bpa\u0161i izstr\u0101d\u0101ts, lai nov\u0113rstu pozicion\u0101lu kr\u0101k\u0161anu un vieglas l\u012bdz vid\u0113ji smagas apnojas formas, nodro\u0161inot stabilu gul\u0113\u0161anu s\u0101nu poz\u012bcij\u0101 visas nakts garum\u0101. PosiForm\u00ae pretkr\u0101k\u0161anas spilvens ir veidots, lai aizsarg\u0101tu kakla un mugurkaula da\u013cu. Tas iev\u0113rojami uzlabo miega kvalit\u0101ti, pateicoties vienk\u0101r\u0161ai un neinvaz\u012bvai pieejai. Ide\u0101li piem\u0113rots k\u0101 alternat\u012bva apak\u0161\u017eok\u013ca pozicion\u0113\u0161anas ier\u012bc\u0113m. Izgatavots no atmi\u0146as put\u0101m.\" \/>\n<meta property=\"og:url\" content=\"https:\/\/hipnos.lv\/en\/product\/posiform-pretkraksanas-spilvens\/\" \/>\n<meta property=\"og:site_name\" content=\"Hipnos\" \/>\n<meta property=\"article:modified_time\" content=\"2026-03-18T08:18:29+00:00\" \/>\n<meta property=\"og:image\" content=\"https:\/\/hipnos.lv\/wp-content\/uploads\/2025\/08\/Or07-avec-logo-Posiform-600x299-1.jpg\" \/>\n\t<meta property=\"og:image:width\" content=\"600\" \/>\n\t<meta property=\"og:image:height\" content=\"299\" \/>\n\t<meta property=\"og:image:type\" content=\"image\/jpeg\" \/>\n<meta name=\"twitter:card\" content=\"summary_large_image\" \/>\n<meta name=\"twitter:label1\" content=\"Est. reading time\" \/>\n\t<meta name=\"twitter:data1\" content=\"1 minute\" \/>\n<script type=\"application\/ld+json\" class=\"yoast-schema-graph\">{\"@context\":\"https:\/\/schema.org\",\"@graph\":[{\"@type\":\"WebPage\",\"@id\":\"https:\/\/hipnos.lv\/en\/product\/posiform-pretkraksanas-spilvens\/\",\"url\":\"https:\/\/hipnos.lv\/en\/product\/posiform-pretkraksanas-spilvens\/\",\"name\":\"PosiForm, pretkr\u0101k\u0161anas spilvens - Hipnos\",\"isPartOf\":{\"@id\":\"https:\/\/hipnos.lv\/en\/#website\"},\"primaryImageOfPage\":{\"@id\":\"https:\/\/hipnos.lv\/en\/product\/posiform-pretkraksanas-spilvens\/#primaryimage\"},\"image\":{\"@id\":\"https:\/\/hipnos.lv\/en\/product\/posiform-pretkraksanas-spilvens\/#primaryimage\"},\"thumbnailUrl\":\"https:\/\/hipnos.lv\/wp-content\/uploads\/2025\/08\/Or07-avec-logo-Posiform-600x299-1.jpg\",\"datePublished\":\"2025-08-22T12:39:32+00:00\",\"dateModified\":\"2026-03-18T08:18:29+00:00\",\"description\":\"PosiForm pretkr\u0101k\u0161anas spilvens ir \u012bpa\u0161i izstr\u0101d\u0101ts, lai nov\u0113rstu pozicion\u0101lu kr\u0101k\u0161anu un vieglas l\u012bdz vid\u0113ji smagas apnojas formas, nodro\u0161inot stabilu gul\u0113\u0161anu s\u0101nu poz\u012bcij\u0101 visas nakts garum\u0101. PosiForm\u00ae pretkr\u0101k\u0161anas spilvens ir veidots, lai aizsarg\u0101tu kakla un mugurkaula da\u013cu. Tas iev\u0113rojami uzlabo miega kvalit\u0101ti, pateicoties vienk\u0101r\u0161ai un neinvaz\u012bvai pieejai. Ide\u0101li piem\u0113rots k\u0101 alternat\u012bva apak\u0161\u017eok\u013ca pozicion\u0113\u0161anas ier\u012bc\u0113m. Izgatavots no atmi\u0146as put\u0101m.\",\"breadcrumb\":{\"@id\":\"https:\/\/hipnos.lv\/en\/product\/posiform-pretkraksanas-spilvens\/#breadcrumb\"},\"inLanguage\":\"en-US\",\"potentialAction\":[{\"@type\":\"ReadAction\",\"target\":[\"https:\/\/hipnos.lv\/en\/product\/posiform-pretkraksanas-spilvens\/\"]}]},{\"@type\":\"ImageObject\",\"inLanguage\":\"en-US\",\"@id\":\"https:\/\/hipnos.lv\/en\/product\/posiform-pretkraksanas-spilvens\/#primaryimage\",\"url\":\"https:\/\/hipnos.lv\/wp-content\/uploads\/2025\/08\/Or07-avec-logo-Posiform-600x299-1.jpg\",\"contentUrl\":\"https:\/\/hipnos.lv\/wp-content\/uploads\/2025\/08\/Or07-avec-logo-Posiform-600x299-1.jpg\",\"width\":600,\"height\":299},{\"@type\":\"BreadcrumbList\",\"@id\":\"https:\/\/hipnos.lv\/en\/product\/posiform-pretkraksanas-spilvens\/#breadcrumb\",\"itemListElement\":[{\"@type\":\"ListItem\",\"position\":1,\"name\":\"S\u0101kums\",\"item\":\"https:\/\/hipnos.lv\/en\/\"},{\"@type\":\"ListItem\",\"position\":2,\"name\":\"E\u2010Shop\",\"item\":\"https:\/\/hipnos.lv\/en\/shop\/\"},{\"@type\":\"ListItem\",\"position\":3,\"name\":\"PosiForm, pretkr\u0101k\u0161anas spilvens\"}]},{\"@type\":\"WebSite\",\"@id\":\"https:\/\/hipnos.lv\/en\/#website\",\"url\":\"https:\/\/hipnos.lv\/en\/\",\"name\":\"Hipnos\",\"description\":\"\",\"potentialAction\":[{\"@type\":\"SearchAction\",\"target\":{\"@type\":\"EntryPoint\",\"urlTemplate\":\"https:\/\/hipnos.lv\/en\/?s={search_term_string}\"},\"query-input\":{\"@type\":\"PropertyValueSpecification\",\"valueRequired\":true,\"valueName\":\"search_term_string\"}}],\"inLanguage\":\"en-US\"}]}<\/script>\n<!-- \/ Yoast SEO plugin. -->","yoast_head_json":{"title":"PosiForm, pretkr\u0101k\u0161anas spilvens - Hipnos","description":"PosiForm pretkr\u0101k\u0161anas spilvens ir \u012bpa\u0161i izstr\u0101d\u0101ts, lai nov\u0113rstu pozicion\u0101lu kr\u0101k\u0161anu un vieglas l\u012bdz vid\u0113ji smagas apnojas formas, nodro\u0161inot stabilu gul\u0113\u0161anu s\u0101nu poz\u012bcij\u0101 visas nakts garum\u0101. PosiForm\u00ae pretkr\u0101k\u0161anas spilvens ir veidots, lai aizsarg\u0101tu kakla un mugurkaula da\u013cu. Tas iev\u0113rojami uzlabo miega kvalit\u0101ti, pateicoties vienk\u0101r\u0161ai un neinvaz\u012bvai pieejai. Ide\u0101li piem\u0113rots k\u0101 alternat\u012bva apak\u0161\u017eok\u013ca pozicion\u0113\u0161anas ier\u012bc\u0113m. Izgatavots no atmi\u0146as put\u0101m.","robots":{"index":"noindex","follow":"follow","max-snippet":"max-snippet:-1","max-image-preview":"max-image-preview:large","max-video-preview":"max-video-preview:-1"},"og_locale":"en_US","og_type":"article","og_title":"PosiForm, pretkr\u0101k\u0161anas spilvens - Hipnos","og_description":"PosiForm pretkr\u0101k\u0161anas spilvens ir \u012bpa\u0161i izstr\u0101d\u0101ts, lai nov\u0113rstu pozicion\u0101lu kr\u0101k\u0161anu un vieglas l\u012bdz vid\u0113ji smagas apnojas formas, nodro\u0161inot stabilu gul\u0113\u0161anu s\u0101nu poz\u012bcij\u0101 visas nakts garum\u0101. PosiForm\u00ae pretkr\u0101k\u0161anas spilvens ir veidots, lai aizsarg\u0101tu kakla un mugurkaula da\u013cu. Tas iev\u0113rojami uzlabo miega kvalit\u0101ti, pateicoties vienk\u0101r\u0161ai un neinvaz\u012bvai pieejai. Ide\u0101li piem\u0113rots k\u0101 alternat\u012bva apak\u0161\u017eok\u013ca pozicion\u0113\u0161anas ier\u012bc\u0113m. Izgatavots no atmi\u0146as put\u0101m.","og_url":"https:\/\/hipnos.lv\/en\/product\/posiform-pretkraksanas-spilvens\/","og_site_name":"Hipnos","article_modified_time":"2026-03-18T08:18:29+00:00","og_image":[{"width":600,"height":299,"url":"https:\/\/hipnos.lv\/wp-content\/uploads\/2025\/08\/Or07-avec-logo-Posiform-600x299-1.jpg","type":"image\/jpeg"}],"twitter_card":"summary_large_image","twitter_misc":{"Est. reading time":"1 minute"},"schema":{"@context":"https:\/\/schema.org","@graph":[{"@type":"WebPage","@id":"https:\/\/hipnos.lv\/en\/product\/posiform-pretkraksanas-spilvens\/","url":"https:\/\/hipnos.lv\/en\/product\/posiform-pretkraksanas-spilvens\/","name":"PosiForm, pretkr\u0101k\u0161anas spilvens - Hipnos","isPartOf":{"@id":"https:\/\/hipnos.lv\/en\/#website"},"primaryImageOfPage":{"@id":"https:\/\/hipnos.lv\/en\/product\/posiform-pretkraksanas-spilvens\/#primaryimage"},"image":{"@id":"https:\/\/hipnos.lv\/en\/product\/posiform-pretkraksanas-spilvens\/#primaryimage"},"thumbnailUrl":"https:\/\/hipnos.lv\/wp-content\/uploads\/2025\/08\/Or07-avec-logo-Posiform-600x299-1.jpg","datePublished":"2025-08-22T12:39:32+00:00","dateModified":"2026-03-18T08:18:29+00:00","description":"PosiForm pretkr\u0101k\u0161anas spilvens ir \u012bpa\u0161i izstr\u0101d\u0101ts, lai nov\u0113rstu pozicion\u0101lu kr\u0101k\u0161anu un vieglas l\u012bdz vid\u0113ji smagas apnojas formas, nodro\u0161inot stabilu gul\u0113\u0161anu s\u0101nu poz\u012bcij\u0101 visas nakts garum\u0101. PosiForm\u00ae pretkr\u0101k\u0161anas spilvens ir veidots, lai aizsarg\u0101tu kakla un mugurkaula da\u013cu. Tas iev\u0113rojami uzlabo miega kvalit\u0101ti, pateicoties vienk\u0101r\u0161ai un neinvaz\u012bvai pieejai. Ide\u0101li piem\u0113rots k\u0101 alternat\u012bva apak\u0161\u017eok\u013ca pozicion\u0113\u0161anas ier\u012bc\u0113m. Izgatavots no atmi\u0146as put\u0101m.","breadcrumb":{"@id":"https:\/\/hipnos.lv\/en\/product\/posiform-pretkraksanas-spilvens\/#breadcrumb"},"inLanguage":"en-US","potentialAction":[{"@type":"ReadAction","target":["https:\/\/hipnos.lv\/en\/product\/posiform-pretkraksanas-spilvens\/"]}]},{"@type":"ImageObject","inLanguage":"en-US","@id":"https:\/\/hipnos.lv\/en\/product\/posiform-pretkraksanas-spilvens\/#primaryimage","url":"https:\/\/hipnos.lv\/wp-content\/uploads\/2025\/08\/Or07-avec-logo-Posiform-600x299-1.jpg","contentUrl":"https:\/\/hipnos.lv\/wp-content\/uploads\/2025\/08\/Or07-avec-logo-Posiform-600x299-1.jpg","width":600,"height":299},{"@type":"BreadcrumbList","@id":"https:\/\/hipnos.lv\/en\/product\/posiform-pretkraksanas-spilvens\/#breadcrumb","itemListElement":[{"@type":"ListItem","position":1,"name":"S\u0101kums","item":"https:\/\/hipnos.lv\/en\/"},{"@type":"ListItem","position":2,"name":"E\u2010Shop","item":"https:\/\/hipnos.lv\/en\/shop\/"},{"@type":"ListItem","position":3,"name":"PosiForm, pretkr\u0101k\u0161anas spilvens"}]},{"@type":"WebSite","@id":"https:\/\/hipnos.lv\/en\/#website","url":"https:\/\/hipnos.lv\/en\/","name":"Hipnos","description":"","potentialAction":[{"@type":"SearchAction","target":{"@type":"EntryPoint","urlTemplate":"https:\/\/hipnos.lv\/en\/?s={search_term_string}"},"query-input":{"@type":"PropertyValueSpecification","valueRequired":true,"valueName":"search_term_string"}}],"inLanguage":"en-US"}]}},"_links":{"self":[{"href":"https:\/\/hipnos.lv\/en\/wp-json\/wp\/v2\/product\/1754","targetHints":{"allow":["GET"]}}],"collection":[{"href":"https:\/\/hipnos.lv\/en\/wp-json\/wp\/v2\/product"}],"about":[{"href":"https:\/\/hipnos.lv\/en\/wp-json\/wp\/v2\/types\/product"}],"replies":[{"embeddable":true,"href":"https:\/\/hipnos.lv\/en\/wp-json\/wp\/v2\/comments?post=1754"}],"wp:featuredmedia":[{"embeddable":true,"href":"https:\/\/hipnos.lv\/en\/wp-json\/wp\/v2\/media\/2203"}],"wp:attachment":[{"href":"https:\/\/hipnos.lv\/en\/wp-json\/wp\/v2\/media?parent=1754"}],"wp:term":[{"taxonomy":"product_brand","embeddable":true,"href":"https:\/\/hipnos.lv\/en\/wp-json\/wp\/v2\/product_brand?post=1754"},{"taxonomy":"product_cat","embeddable":true,"href":"https:\/\/hipnos.lv\/en\/wp-json\/wp\/v2\/product_cat?post=1754"},{"taxonomy":"product_tag","embeddable":true,"href":"https:\/\/hipnos.lv\/en\/wp-json\/wp\/v2\/product_tag?post=1754"}],"curies":[{"name":"wp","href":"https:\/\/api.w.org\/{rel}","templated":true}]}}