{"id":1653,"date":"2025-06-12T12:58:07","date_gmt":"2025-06-12T12:58:07","guid":{"rendered":"https:\/\/hipnos.lv\/?post_type=product&#038;p=1653"},"modified":"2025-06-12T13:13:09","modified_gmt":"2025-06-12T13:13:09","slug":"aircon-gen-2","status":"publish","type":"product","link":"https:\/\/hipnos.lv\/en\/product\/aircon-gen-2\/","title":{"rendered":"Aircon Gen 2"},"content":{"rendered":"<p data-start=\"0\" data-end=\"310\">AIRcon Gen2 ir daudzpus\u012bgs un uzticams elpo\u0161anas g\u0101zu mitrin\u0101t\u0101js, kas paredz\u0113ts lieto\u0161anai gan kl\u012bnisk\u0101 vid\u0113, gan m\u0101jas apst\u0101k\u013cos. Ar trim darb\u012bbas re\u017e\u012bmiem un savietojam\u012bbu ar vair\u0101k nek\u0101 300 terapijas konfigur\u0101cij\u0101m tas nodro\u0161ina atbalstu pacientiem jebkur\u0101 vecum\u0101, gan invaz\u012bv\u0101, gan neinvaz\u012bv\u0101 ventil\u0101cij\u0101.<\/p>\n<p data-start=\"312\" data-end=\"606\" data-is-last-node=\"\" data-is-only-node=\"\">Pateicoties autom\u0101tiskai kameras atpaz\u012b\u0161anai, re\u0101llaika mitruma kontrolei un modernai trauksmes p\u0101rvald\u012bbai, tas nodro\u0161ina dro\u0161u un efekt\u012bvu darb\u012bbu. Ra\u017eots V\u0101cij\u0101, AIRcon Gen2 apvieno augstu kvalit\u0101ti, zemas uztur\u0113\u0161anas izmaksas un piln\u012bgu sader\u012bbu ar vis\u0101m popul\u0101r\u0101kaj\u0101m ventil\u0101cijas ier\u012bc\u0113m.<\/p>\n","protected":false},"excerpt":{"rendered":"<p>AIRcon Gen2 ir daudzpus\u012bgs un dro\u0161s mitrin\u0101t\u0101js ar autom\u0101tisku vad\u012bbu, piem\u0113rots vis\u0101m ventil\u0101cijas sist\u0113m\u0101m un pacientu grup\u0101m. Ra\u017eots V\u0101cij\u0101, paredz\u0113ts profesion\u0101lai un m\u0101jas lieto\u0161anai.<\/p>\n","protected":false},"featured_media":1656,"comment_status":"open","ping_status":"closed","template":"","meta":{"_acf_changed":false,"inline_featured_image":false},"product_brand":[],"product_cat":[61,95],"product_tag":[],"class_list":{"0":"post-1653","1":"product","2":"type-product","3":"status-publish","4":"has-post-thumbnail","6":"product_cat-plausu-ventilacijas-iekartas-majas-aprupei-lv","7":"product_cat-maksligas-plausu-ventilacijas-iekartas-lv","9":"first","10":"instock","11":"shipping-taxable","12":"purchasable","13":"product-type-simple"},"acf":[],"yoast_head":"<!-- This site is optimized with the Yoast SEO plugin v27.0 - https:\/\/yoast.com\/product\/yoast-seo-wordpress\/ -->\n<title>Aircon Gen 2 - Hipnos<\/title>\n<meta name=\"description\" content=\"AIRcon Gen2 ir daudzpus\u012bgs un dro\u0161s mitrin\u0101t\u0101js ar autom\u0101tisku vad\u012bbu, piem\u0113rots vis\u0101m ventil\u0101cijas sist\u0113m\u0101m un pacientu grup\u0101m. Ra\u017eots V\u0101cij\u0101, paredz\u0113ts profesion\u0101lai un m\u0101jas lieto\u0161anai.\" \/>\n<meta name=\"robots\" content=\"noindex, follow, max-snippet:-1, max-image-preview:large, max-video-preview:-1\" \/>\n<meta property=\"og:locale\" content=\"en_US\" \/>\n<meta property=\"og:type\" content=\"article\" \/>\n<meta property=\"og:title\" content=\"Aircon Gen 2 - Hipnos\" \/>\n<meta property=\"og:description\" content=\"AIRcon Gen2 ir daudzpus\u012bgs un dro\u0161s mitrin\u0101t\u0101js ar autom\u0101tisku vad\u012bbu, piem\u0113rots vis\u0101m ventil\u0101cijas sist\u0113m\u0101m un pacientu grup\u0101m. Ra\u017eots V\u0101cij\u0101, paredz\u0113ts profesion\u0101lai un m\u0101jas lieto\u0161anai.\" \/>\n<meta property=\"og:url\" content=\"https:\/\/hipnos.lv\/en\/product\/aircon-gen-2\/\" \/>\n<meta property=\"og:site_name\" content=\"Hipnos\" \/>\n<meta property=\"article:modified_time\" content=\"2025-06-12T13:13:09+00:00\" \/>\n<meta property=\"og:image\" content=\"https:\/\/hipnos.lv\/wp-content\/uploads\/2025\/06\/defsrgdthfygh.png\" \/>\n\t<meta property=\"og:image:width\" content=\"1200\" \/>\n\t<meta property=\"og:image:height\" content=\"1190\" \/>\n\t<meta property=\"og:image:type\" content=\"image\/png\" \/>\n<meta name=\"twitter:card\" content=\"summary_large_image\" \/>\n<meta name=\"twitter:label1\" content=\"Est. reading time\" \/>\n\t<meta name=\"twitter:data1\" content=\"1 minute\" \/>\n<script type=\"application\/ld+json\" class=\"yoast-schema-graph\">{\"@context\":\"https:\/\/schema.org\",\"@graph\":[{\"@type\":\"WebPage\",\"@id\":\"https:\/\/hipnos.lv\/en\/product\/aircon-gen-2\/\",\"url\":\"https:\/\/hipnos.lv\/en\/product\/aircon-gen-2\/\",\"name\":\"Aircon Gen 2 - Hipnos\",\"isPartOf\":{\"@id\":\"https:\/\/hipnos.lv\/en\/#website\"},\"primaryImageOfPage\":{\"@id\":\"https:\/\/hipnos.lv\/en\/product\/aircon-gen-2\/#primaryimage\"},\"image\":{\"@id\":\"https:\/\/hipnos.lv\/en\/product\/aircon-gen-2\/#primaryimage\"},\"thumbnailUrl\":\"https:\/\/hipnos.lv\/wp-content\/uploads\/2025\/06\/defsrgdthfygh.png\",\"datePublished\":\"2025-06-12T12:58:07+00:00\",\"dateModified\":\"2025-06-12T13:13:09+00:00\",\"description\":\"AIRcon Gen2 ir daudzpus\u012bgs un dro\u0161s mitrin\u0101t\u0101js ar autom\u0101tisku vad\u012bbu, piem\u0113rots vis\u0101m ventil\u0101cijas sist\u0113m\u0101m un pacientu grup\u0101m. Ra\u017eots V\u0101cij\u0101, paredz\u0113ts profesion\u0101lai un m\u0101jas lieto\u0161anai.\",\"breadcrumb\":{\"@id\":\"https:\/\/hipnos.lv\/en\/product\/aircon-gen-2\/#breadcrumb\"},\"inLanguage\":\"en-US\",\"potentialAction\":[{\"@type\":\"ReadAction\",\"target\":[\"https:\/\/hipnos.lv\/en\/product\/aircon-gen-2\/\"]}]},{\"@type\":\"ImageObject\",\"inLanguage\":\"en-US\",\"@id\":\"https:\/\/hipnos.lv\/en\/product\/aircon-gen-2\/#primaryimage\",\"url\":\"https:\/\/hipnos.lv\/wp-content\/uploads\/2025\/06\/defsrgdthfygh.png\",\"contentUrl\":\"https:\/\/hipnos.lv\/wp-content\/uploads\/2025\/06\/defsrgdthfygh.png\",\"width\":1200,\"height\":1190},{\"@type\":\"BreadcrumbList\",\"@id\":\"https:\/\/hipnos.lv\/en\/product\/aircon-gen-2\/#breadcrumb\",\"itemListElement\":[{\"@type\":\"ListItem\",\"position\":1,\"name\":\"S\u0101kums\",\"item\":\"https:\/\/hipnos.lv\/en\/\"},{\"@type\":\"ListItem\",\"position\":2,\"name\":\"E\u2010Shop\",\"item\":\"https:\/\/hipnos.lv\/en\/shop\/\"},{\"@type\":\"ListItem\",\"position\":3,\"name\":\"Aircon Gen 2\"}]},{\"@type\":\"WebSite\",\"@id\":\"https:\/\/hipnos.lv\/en\/#website\",\"url\":\"https:\/\/hipnos.lv\/en\/\",\"name\":\"Hipnos\",\"description\":\"\",\"potentialAction\":[{\"@type\":\"SearchAction\",\"target\":{\"@type\":\"EntryPoint\",\"urlTemplate\":\"https:\/\/hipnos.lv\/en\/?s={search_term_string}\"},\"query-input\":{\"@type\":\"PropertyValueSpecification\",\"valueRequired\":true,\"valueName\":\"search_term_string\"}}],\"inLanguage\":\"en-US\"}]}<\/script>\n<!-- \/ Yoast SEO plugin. -->","yoast_head_json":{"title":"Aircon Gen 2 - Hipnos","description":"AIRcon Gen2 ir daudzpus\u012bgs un dro\u0161s mitrin\u0101t\u0101js ar autom\u0101tisku vad\u012bbu, piem\u0113rots vis\u0101m ventil\u0101cijas sist\u0113m\u0101m un pacientu grup\u0101m. Ra\u017eots V\u0101cij\u0101, paredz\u0113ts profesion\u0101lai un m\u0101jas lieto\u0161anai.","robots":{"index":"noindex","follow":"follow","max-snippet":"max-snippet:-1","max-image-preview":"max-image-preview:large","max-video-preview":"max-video-preview:-1"},"og_locale":"en_US","og_type":"article","og_title":"Aircon Gen 2 - Hipnos","og_description":"AIRcon Gen2 ir daudzpus\u012bgs un dro\u0161s mitrin\u0101t\u0101js ar autom\u0101tisku vad\u012bbu, piem\u0113rots vis\u0101m ventil\u0101cijas sist\u0113m\u0101m un pacientu grup\u0101m. Ra\u017eots V\u0101cij\u0101, paredz\u0113ts profesion\u0101lai un m\u0101jas lieto\u0161anai.","og_url":"https:\/\/hipnos.lv\/en\/product\/aircon-gen-2\/","og_site_name":"Hipnos","article_modified_time":"2025-06-12T13:13:09+00:00","og_image":[{"width":1200,"height":1190,"url":"https:\/\/hipnos.lv\/wp-content\/uploads\/2025\/06\/defsrgdthfygh.png","type":"image\/png"}],"twitter_card":"summary_large_image","twitter_misc":{"Est. reading time":"1 minute"},"schema":{"@context":"https:\/\/schema.org","@graph":[{"@type":"WebPage","@id":"https:\/\/hipnos.lv\/en\/product\/aircon-gen-2\/","url":"https:\/\/hipnos.lv\/en\/product\/aircon-gen-2\/","name":"Aircon Gen 2 - Hipnos","isPartOf":{"@id":"https:\/\/hipnos.lv\/en\/#website"},"primaryImageOfPage":{"@id":"https:\/\/hipnos.lv\/en\/product\/aircon-gen-2\/#primaryimage"},"image":{"@id":"https:\/\/hipnos.lv\/en\/product\/aircon-gen-2\/#primaryimage"},"thumbnailUrl":"https:\/\/hipnos.lv\/wp-content\/uploads\/2025\/06\/defsrgdthfygh.png","datePublished":"2025-06-12T12:58:07+00:00","dateModified":"2025-06-12T13:13:09+00:00","description":"AIRcon Gen2 ir daudzpus\u012bgs un dro\u0161s mitrin\u0101t\u0101js ar autom\u0101tisku vad\u012bbu, piem\u0113rots vis\u0101m ventil\u0101cijas sist\u0113m\u0101m un pacientu grup\u0101m. Ra\u017eots V\u0101cij\u0101, paredz\u0113ts profesion\u0101lai un m\u0101jas lieto\u0161anai.","breadcrumb":{"@id":"https:\/\/hipnos.lv\/en\/product\/aircon-gen-2\/#breadcrumb"},"inLanguage":"en-US","potentialAction":[{"@type":"ReadAction","target":["https:\/\/hipnos.lv\/en\/product\/aircon-gen-2\/"]}]},{"@type":"ImageObject","inLanguage":"en-US","@id":"https:\/\/hipnos.lv\/en\/product\/aircon-gen-2\/#primaryimage","url":"https:\/\/hipnos.lv\/wp-content\/uploads\/2025\/06\/defsrgdthfygh.png","contentUrl":"https:\/\/hipnos.lv\/wp-content\/uploads\/2025\/06\/defsrgdthfygh.png","width":1200,"height":1190},{"@type":"BreadcrumbList","@id":"https:\/\/hipnos.lv\/en\/product\/aircon-gen-2\/#breadcrumb","itemListElement":[{"@type":"ListItem","position":1,"name":"S\u0101kums","item":"https:\/\/hipnos.lv\/en\/"},{"@type":"ListItem","position":2,"name":"E\u2010Shop","item":"https:\/\/hipnos.lv\/en\/shop\/"},{"@type":"ListItem","position":3,"name":"Aircon Gen 2"}]},{"@type":"WebSite","@id":"https:\/\/hipnos.lv\/en\/#website","url":"https:\/\/hipnos.lv\/en\/","name":"Hipnos","description":"","potentialAction":[{"@type":"SearchAction","target":{"@type":"EntryPoint","urlTemplate":"https:\/\/hipnos.lv\/en\/?s={search_term_string}"},"query-input":{"@type":"PropertyValueSpecification","valueRequired":true,"valueName":"search_term_string"}}],"inLanguage":"en-US"}]}},"_links":{"self":[{"href":"https:\/\/hipnos.lv\/en\/wp-json\/wp\/v2\/product\/1653","targetHints":{"allow":["GET"]}}],"collection":[{"href":"https:\/\/hipnos.lv\/en\/wp-json\/wp\/v2\/product"}],"about":[{"href":"https:\/\/hipnos.lv\/en\/wp-json\/wp\/v2\/types\/product"}],"replies":[{"embeddable":true,"href":"https:\/\/hipnos.lv\/en\/wp-json\/wp\/v2\/comments?post=1653"}],"wp:featuredmedia":[{"embeddable":true,"href":"https:\/\/hipnos.lv\/en\/wp-json\/wp\/v2\/media\/1656"}],"wp:attachment":[{"href":"https:\/\/hipnos.lv\/en\/wp-json\/wp\/v2\/media?parent=1653"}],"wp:term":[{"taxonomy":"product_brand","embeddable":true,"href":"https:\/\/hipnos.lv\/en\/wp-json\/wp\/v2\/product_brand?post=1653"},{"taxonomy":"product_cat","embeddable":true,"href":"https:\/\/hipnos.lv\/en\/wp-json\/wp\/v2\/product_cat?post=1653"},{"taxonomy":"product_tag","embeddable":true,"href":"https:\/\/hipnos.lv\/en\/wp-json\/wp\/v2\/product_tag?post=1653"}],"curies":[{"name":"wp","href":"https:\/\/api.w.org\/{rel}","templated":true}]}}