{"id":1609,"date":"2025-06-10T11:54:01","date_gmt":"2025-06-10T11:54:01","guid":{"rendered":"https:\/\/hipnos.lv\/?post_type=product&#038;p=1609"},"modified":"2026-02-24T09:54:34","modified_gmt":"2026-02-24T09:54:34","slug":"airmini-iekartas-turetajs","status":"publish","type":"product","link":"https:\/\/hipnos.lv\/en\/product\/airmini-iekartas-turetajs\/","title":{"rendered":"AirMini iek\u0101rtas tur\u0113t\u0101js"},"content":{"rendered":"<p><strong>AirMini stiprin\u0101juma sist\u0113ma<\/strong> pied\u0101v\u0101 praktisku un daudzpus\u012bgu risin\u0101jumu j\u016bsu ier\u012bces dro\u0161ai nostiprin\u0101\u0161anai gan m\u0101j\u0101s, gan ce\u013cojumos. T\u0101s kompaktais un vieglais dizains \u013cauj \u0113rti piestiprin\u0101t ier\u012bci pie gultas r\u0101mja, naktsgalda, sienas vai pat lidma\u0161\u012bnas s\u0113dvietas kabatas, nodro\u0161inot, ka AirMini vienm\u0113r b\u016bs pie rokas un stabil\u0101 poz\u012bcij\u0101 lieto\u0161anas laik\u0101. Univers\u0101l\u0101 konstrukcija un uzticam\u012bba padara \u0161o risin\u0101jumu ide\u0101lu ikdienas lieto\u0161anai un ce\u013cojumos.<\/p>\n","protected":false},"excerpt":{"rendered":"<p><strong>AirMini stiprin\u0101juma sist\u0113ma<\/strong> pied\u0101v\u0101 praktisku un daudzpus\u012bgu risin\u0101jumu j\u016bsu ier\u012bces dro\u0161ai nostiprin\u0101\u0161anai gan m\u0101j\u0101s, gan ce\u013cojumos.<\/p>\n","protected":false},"featured_media":1610,"comment_status":"open","ping_status":"closed","template":"","meta":{"_acf_changed":false,"inline_featured_image":false},"product_brand":[],"product_cat":[62],"product_tag":[],"class_list":{"0":"post-1609","1":"product","2":"type-product","3":"status-publish","4":"has-post-thumbnail","6":"product_cat-celosanas-iekartu-aksesuari-lv","8":"first","9":"onbackorder","10":"shipping-taxable","11":"purchasable","12":"product-type-simple"},"acf":[],"yoast_head":"<!-- This site is optimized with the Yoast SEO plugin v27.0 - https:\/\/yoast.com\/product\/yoast-seo-wordpress\/ -->\n<title>AirMini iek\u0101rtas tur\u0113t\u0101js - Hipnos<\/title>\n<meta name=\"description\" content=\"AirMini stiprin\u0101juma sist\u0113ma pied\u0101v\u0101 praktisku un daudzpus\u012bgu risin\u0101jumu j\u016bsu ier\u012bces dro\u0161ai nostiprin\u0101\u0161anai gan m\u0101j\u0101s, gan ce\u013cojumos.\" \/>\n<meta name=\"robots\" content=\"noindex, follow, max-snippet:-1, max-image-preview:large, max-video-preview:-1\" \/>\n<meta property=\"og:locale\" content=\"en_US\" \/>\n<meta property=\"og:type\" content=\"article\" \/>\n<meta property=\"og:title\" content=\"AirMini iek\u0101rtas tur\u0113t\u0101js - Hipnos\" \/>\n<meta property=\"og:description\" content=\"AirMini stiprin\u0101juma sist\u0113ma pied\u0101v\u0101 praktisku un daudzpus\u012bgu risin\u0101jumu j\u016bsu ier\u012bces dro\u0161ai nostiprin\u0101\u0161anai gan m\u0101j\u0101s, gan ce\u013cojumos.\" \/>\n<meta property=\"og:url\" content=\"https:\/\/hipnos.lv\/en\/product\/airmini-iekartas-turetajs\/\" \/>\n<meta property=\"og:site_name\" content=\"Hipnos\" \/>\n<meta property=\"article:modified_time\" content=\"2026-02-24T09:54:34+00:00\" \/>\n<meta property=\"og:image\" content=\"https:\/\/hipnos.lv\/wp-content\/uploads\/2025\/06\/trhsrsrh.webp\" \/>\n\t<meta property=\"og:image:width\" content=\"600\" \/>\n\t<meta property=\"og:image:height\" content=\"600\" \/>\n\t<meta property=\"og:image:type\" content=\"image\/webp\" \/>\n<meta name=\"twitter:card\" content=\"summary_large_image\" \/>\n<meta name=\"twitter:label1\" content=\"Est. reading time\" \/>\n\t<meta name=\"twitter:data1\" content=\"1 minute\" \/>\n<script type=\"application\/ld+json\" class=\"yoast-schema-graph\">{\"@context\":\"https:\/\/schema.org\",\"@graph\":[{\"@type\":\"WebPage\",\"@id\":\"https:\/\/hipnos.lv\/en\/product\/airmini-iekartas-turetajs\/\",\"url\":\"https:\/\/hipnos.lv\/en\/product\/airmini-iekartas-turetajs\/\",\"name\":\"AirMini iek\u0101rtas tur\u0113t\u0101js - Hipnos\",\"isPartOf\":{\"@id\":\"https:\/\/hipnos.lv\/en\/#website\"},\"primaryImageOfPage\":{\"@id\":\"https:\/\/hipnos.lv\/en\/product\/airmini-iekartas-turetajs\/#primaryimage\"},\"image\":{\"@id\":\"https:\/\/hipnos.lv\/en\/product\/airmini-iekartas-turetajs\/#primaryimage\"},\"thumbnailUrl\":\"https:\/\/hipnos.lv\/wp-content\/uploads\/2025\/06\/trhsrsrh.webp\",\"datePublished\":\"2025-06-10T11:54:01+00:00\",\"dateModified\":\"2026-02-24T09:54:34+00:00\",\"description\":\"AirMini stiprin\u0101juma sist\u0113ma pied\u0101v\u0101 praktisku un daudzpus\u012bgu risin\u0101jumu j\u016bsu ier\u012bces dro\u0161ai nostiprin\u0101\u0161anai gan m\u0101j\u0101s, gan ce\u013cojumos.\",\"breadcrumb\":{\"@id\":\"https:\/\/hipnos.lv\/en\/product\/airmini-iekartas-turetajs\/#breadcrumb\"},\"inLanguage\":\"en-US\",\"potentialAction\":[{\"@type\":\"ReadAction\",\"target\":[\"https:\/\/hipnos.lv\/en\/product\/airmini-iekartas-turetajs\/\"]}]},{\"@type\":\"ImageObject\",\"inLanguage\":\"en-US\",\"@id\":\"https:\/\/hipnos.lv\/en\/product\/airmini-iekartas-turetajs\/#primaryimage\",\"url\":\"https:\/\/hipnos.lv\/wp-content\/uploads\/2025\/06\/trhsrsrh.webp\",\"contentUrl\":\"https:\/\/hipnos.lv\/wp-content\/uploads\/2025\/06\/trhsrsrh.webp\",\"width\":600,\"height\":600},{\"@type\":\"BreadcrumbList\",\"@id\":\"https:\/\/hipnos.lv\/en\/product\/airmini-iekartas-turetajs\/#breadcrumb\",\"itemListElement\":[{\"@type\":\"ListItem\",\"position\":1,\"name\":\"S\u0101kums\",\"item\":\"https:\/\/hipnos.lv\/en\/\"},{\"@type\":\"ListItem\",\"position\":2,\"name\":\"E\u2010Shop\",\"item\":\"https:\/\/hipnos.lv\/en\/shop\/\"},{\"@type\":\"ListItem\",\"position\":3,\"name\":\"AirMini iek\u0101rtas tur\u0113t\u0101js\"}]},{\"@type\":\"WebSite\",\"@id\":\"https:\/\/hipnos.lv\/en\/#website\",\"url\":\"https:\/\/hipnos.lv\/en\/\",\"name\":\"Hipnos\",\"description\":\"\",\"potentialAction\":[{\"@type\":\"SearchAction\",\"target\":{\"@type\":\"EntryPoint\",\"urlTemplate\":\"https:\/\/hipnos.lv\/en\/?s={search_term_string}\"},\"query-input\":{\"@type\":\"PropertyValueSpecification\",\"valueRequired\":true,\"valueName\":\"search_term_string\"}}],\"inLanguage\":\"en-US\"}]}<\/script>\n<!-- \/ Yoast SEO plugin. -->","yoast_head_json":{"title":"AirMini iek\u0101rtas tur\u0113t\u0101js - Hipnos","description":"AirMini stiprin\u0101juma sist\u0113ma pied\u0101v\u0101 praktisku un daudzpus\u012bgu risin\u0101jumu j\u016bsu ier\u012bces dro\u0161ai nostiprin\u0101\u0161anai gan m\u0101j\u0101s, gan ce\u013cojumos.","robots":{"index":"noindex","follow":"follow","max-snippet":"max-snippet:-1","max-image-preview":"max-image-preview:large","max-video-preview":"max-video-preview:-1"},"og_locale":"en_US","og_type":"article","og_title":"AirMini iek\u0101rtas tur\u0113t\u0101js - Hipnos","og_description":"AirMini stiprin\u0101juma sist\u0113ma pied\u0101v\u0101 praktisku un daudzpus\u012bgu risin\u0101jumu j\u016bsu ier\u012bces dro\u0161ai nostiprin\u0101\u0161anai gan m\u0101j\u0101s, gan ce\u013cojumos.","og_url":"https:\/\/hipnos.lv\/en\/product\/airmini-iekartas-turetajs\/","og_site_name":"Hipnos","article_modified_time":"2026-02-24T09:54:34+00:00","og_image":[{"width":600,"height":600,"url":"https:\/\/hipnos.lv\/wp-content\/uploads\/2025\/06\/trhsrsrh.webp","type":"image\/webp"}],"twitter_card":"summary_large_image","twitter_misc":{"Est. reading time":"1 minute"},"schema":{"@context":"https:\/\/schema.org","@graph":[{"@type":"WebPage","@id":"https:\/\/hipnos.lv\/en\/product\/airmini-iekartas-turetajs\/","url":"https:\/\/hipnos.lv\/en\/product\/airmini-iekartas-turetajs\/","name":"AirMini iek\u0101rtas tur\u0113t\u0101js - Hipnos","isPartOf":{"@id":"https:\/\/hipnos.lv\/en\/#website"},"primaryImageOfPage":{"@id":"https:\/\/hipnos.lv\/en\/product\/airmini-iekartas-turetajs\/#primaryimage"},"image":{"@id":"https:\/\/hipnos.lv\/en\/product\/airmini-iekartas-turetajs\/#primaryimage"},"thumbnailUrl":"https:\/\/hipnos.lv\/wp-content\/uploads\/2025\/06\/trhsrsrh.webp","datePublished":"2025-06-10T11:54:01+00:00","dateModified":"2026-02-24T09:54:34+00:00","description":"AirMini stiprin\u0101juma sist\u0113ma pied\u0101v\u0101 praktisku un daudzpus\u012bgu risin\u0101jumu j\u016bsu ier\u012bces dro\u0161ai nostiprin\u0101\u0161anai gan m\u0101j\u0101s, gan ce\u013cojumos.","breadcrumb":{"@id":"https:\/\/hipnos.lv\/en\/product\/airmini-iekartas-turetajs\/#breadcrumb"},"inLanguage":"en-US","potentialAction":[{"@type":"ReadAction","target":["https:\/\/hipnos.lv\/en\/product\/airmini-iekartas-turetajs\/"]}]},{"@type":"ImageObject","inLanguage":"en-US","@id":"https:\/\/hipnos.lv\/en\/product\/airmini-iekartas-turetajs\/#primaryimage","url":"https:\/\/hipnos.lv\/wp-content\/uploads\/2025\/06\/trhsrsrh.webp","contentUrl":"https:\/\/hipnos.lv\/wp-content\/uploads\/2025\/06\/trhsrsrh.webp","width":600,"height":600},{"@type":"BreadcrumbList","@id":"https:\/\/hipnos.lv\/en\/product\/airmini-iekartas-turetajs\/#breadcrumb","itemListElement":[{"@type":"ListItem","position":1,"name":"S\u0101kums","item":"https:\/\/hipnos.lv\/en\/"},{"@type":"ListItem","position":2,"name":"E\u2010Shop","item":"https:\/\/hipnos.lv\/en\/shop\/"},{"@type":"ListItem","position":3,"name":"AirMini iek\u0101rtas tur\u0113t\u0101js"}]},{"@type":"WebSite","@id":"https:\/\/hipnos.lv\/en\/#website","url":"https:\/\/hipnos.lv\/en\/","name":"Hipnos","description":"","potentialAction":[{"@type":"SearchAction","target":{"@type":"EntryPoint","urlTemplate":"https:\/\/hipnos.lv\/en\/?s={search_term_string}"},"query-input":{"@type":"PropertyValueSpecification","valueRequired":true,"valueName":"search_term_string"}}],"inLanguage":"en-US"}]}},"_links":{"self":[{"href":"https:\/\/hipnos.lv\/en\/wp-json\/wp\/v2\/product\/1609","targetHints":{"allow":["GET"]}}],"collection":[{"href":"https:\/\/hipnos.lv\/en\/wp-json\/wp\/v2\/product"}],"about":[{"href":"https:\/\/hipnos.lv\/en\/wp-json\/wp\/v2\/types\/product"}],"replies":[{"embeddable":true,"href":"https:\/\/hipnos.lv\/en\/wp-json\/wp\/v2\/comments?post=1609"}],"wp:featuredmedia":[{"embeddable":true,"href":"https:\/\/hipnos.lv\/en\/wp-json\/wp\/v2\/media\/1610"}],"wp:attachment":[{"href":"https:\/\/hipnos.lv\/en\/wp-json\/wp\/v2\/media?parent=1609"}],"wp:term":[{"taxonomy":"product_brand","embeddable":true,"href":"https:\/\/hipnos.lv\/en\/wp-json\/wp\/v2\/product_brand?post=1609"},{"taxonomy":"product_cat","embeddable":true,"href":"https:\/\/hipnos.lv\/en\/wp-json\/wp\/v2\/product_cat?post=1609"},{"taxonomy":"product_tag","embeddable":true,"href":"https:\/\/hipnos.lv\/en\/wp-json\/wp\/v2\/product_tag?post=1609"}],"curies":[{"name":"wp","href":"https:\/\/api.w.org\/{rel}","templated":true}]}}