{"id":1600,"date":"2025-06-10T08:53:24","date_gmt":"2025-06-10T08:53:24","guid":{"rendered":"https:\/\/hipnos.lv\/?post_type=product&#038;p=1600"},"modified":"2025-06-10T11:56:15","modified_gmt":"2025-06-10T11:56:15","slug":"barosanas-bloks-prieks-luisa-iekartam","status":"publish","type":"product","link":"https:\/\/hipnos.lv\/en\/product\/barosanas-bloks-prieks-luisa-iekartam\/","title":{"rendered":"Baro\u0161anas bloks LUISA iek\u0101rt\u0101m"},"content":{"rendered":"<p><strong data-start=\"0\" data-end=\"32\">LUISA baro\u0161anas bloks<\/strong> ir b\u016btisks aksesu\u0101rs, kas \u012bpa\u0161i izstr\u0101d\u0101ts LUISA ier\u012b\u010du s\u0113rijai. \u0160\u012b baro\u0161anas bloka galvenais uzdevums ir nodro\u0161in\u0101t stabilu un uzticamu elektroener\u0123ijas padevi J\u016bsu LUISA ier\u012bcei, t\u0101d\u0113j\u0101di garant\u0113jot nep\u0101rtrauktu un efekt\u012bvu \u0101rst\u0113\u0161anu.<\/p>\n","protected":false},"excerpt":{"rendered":"<p>Baro\u0161anas bloks.<\/p>\n","protected":false},"featured_media":1601,"comment_status":"open","ping_status":"closed","template":"","meta":{"_acf_changed":false,"inline_featured_image":false},"product_brand":[],"product_cat":[85],"product_tag":[],"class_list":{"0":"post-1600","1":"product","2":"type-product","3":"status-publish","4":"has-post-thumbnail","6":"product_cat-terapijas-iekartu-aksesuari-2","8":"first","9":"instock","10":"shipping-taxable","11":"purchasable","12":"product-type-simple"},"acf":[],"yoast_head":"<!-- This site is optimized with the Yoast SEO plugin v27.0 - https:\/\/yoast.com\/product\/yoast-seo-wordpress\/ -->\n<title>Baro\u0161anas bloks LUISA iek\u0101rt\u0101m - Hipnos<\/title>\n<meta name=\"description\" content=\"Baro\u0161anas bloks.\" \/>\n<meta name=\"robots\" content=\"noindex, follow, max-snippet:-1, max-image-preview:large, max-video-preview:-1\" \/>\n<meta property=\"og:locale\" content=\"en_US\" \/>\n<meta property=\"og:type\" content=\"article\" \/>\n<meta property=\"og:title\" content=\"Baro\u0161anas bloks LUISA iek\u0101rt\u0101m - Hipnos\" \/>\n<meta property=\"og:description\" content=\"Baro\u0161anas bloks.\" \/>\n<meta property=\"og:url\" content=\"https:\/\/hipnos.lv\/en\/product\/barosanas-bloks-prieks-luisa-iekartam\/\" \/>\n<meta property=\"og:site_name\" content=\"Hipnos\" \/>\n<meta property=\"article:modified_time\" content=\"2025-06-10T11:56:15+00:00\" \/>\n<meta property=\"og:image\" content=\"https:\/\/hipnos.lv\/wp-content\/uploads\/2025\/06\/dfghj.jpg\" \/>\n\t<meta property=\"og:image:width\" content=\"1000\" \/>\n\t<meta property=\"og:image:height\" content=\"1000\" \/>\n\t<meta property=\"og:image:type\" content=\"image\/jpeg\" \/>\n<meta name=\"twitter:card\" content=\"summary_large_image\" \/>\n<meta name=\"twitter:label1\" content=\"Est. reading time\" \/>\n\t<meta name=\"twitter:data1\" content=\"1 minute\" \/>\n<script type=\"application\/ld+json\" class=\"yoast-schema-graph\">{\"@context\":\"https:\/\/schema.org\",\"@graph\":[{\"@type\":\"WebPage\",\"@id\":\"https:\/\/hipnos.lv\/en\/product\/barosanas-bloks-prieks-luisa-iekartam\/\",\"url\":\"https:\/\/hipnos.lv\/en\/product\/barosanas-bloks-prieks-luisa-iekartam\/\",\"name\":\"Baro\u0161anas bloks LUISA iek\u0101rt\u0101m - Hipnos\",\"isPartOf\":{\"@id\":\"https:\/\/hipnos.lv\/en\/#website\"},\"primaryImageOfPage\":{\"@id\":\"https:\/\/hipnos.lv\/en\/product\/barosanas-bloks-prieks-luisa-iekartam\/#primaryimage\"},\"image\":{\"@id\":\"https:\/\/hipnos.lv\/en\/product\/barosanas-bloks-prieks-luisa-iekartam\/#primaryimage\"},\"thumbnailUrl\":\"https:\/\/hipnos.lv\/wp-content\/uploads\/2025\/06\/dfghj.jpg\",\"datePublished\":\"2025-06-10T08:53:24+00:00\",\"dateModified\":\"2025-06-10T11:56:15+00:00\",\"description\":\"Baro\u0161anas bloks.\",\"breadcrumb\":{\"@id\":\"https:\/\/hipnos.lv\/en\/product\/barosanas-bloks-prieks-luisa-iekartam\/#breadcrumb\"},\"inLanguage\":\"en-US\",\"potentialAction\":[{\"@type\":\"ReadAction\",\"target\":[\"https:\/\/hipnos.lv\/en\/product\/barosanas-bloks-prieks-luisa-iekartam\/\"]}]},{\"@type\":\"ImageObject\",\"inLanguage\":\"en-US\",\"@id\":\"https:\/\/hipnos.lv\/en\/product\/barosanas-bloks-prieks-luisa-iekartam\/#primaryimage\",\"url\":\"https:\/\/hipnos.lv\/wp-content\/uploads\/2025\/06\/dfghj.jpg\",\"contentUrl\":\"https:\/\/hipnos.lv\/wp-content\/uploads\/2025\/06\/dfghj.jpg\",\"width\":1000,\"height\":1000},{\"@type\":\"BreadcrumbList\",\"@id\":\"https:\/\/hipnos.lv\/en\/product\/barosanas-bloks-prieks-luisa-iekartam\/#breadcrumb\",\"itemListElement\":[{\"@type\":\"ListItem\",\"position\":1,\"name\":\"S\u0101kums\",\"item\":\"https:\/\/hipnos.lv\/en\/\"},{\"@type\":\"ListItem\",\"position\":2,\"name\":\"E\u2010Shop\",\"item\":\"https:\/\/hipnos.lv\/en\/shop\/\"},{\"@type\":\"ListItem\",\"position\":3,\"name\":\"Baro\u0161anas bloks LUISA iek\u0101rt\u0101m\"}]},{\"@type\":\"WebSite\",\"@id\":\"https:\/\/hipnos.lv\/en\/#website\",\"url\":\"https:\/\/hipnos.lv\/en\/\",\"name\":\"Hipnos\",\"description\":\"\",\"potentialAction\":[{\"@type\":\"SearchAction\",\"target\":{\"@type\":\"EntryPoint\",\"urlTemplate\":\"https:\/\/hipnos.lv\/en\/?s={search_term_string}\"},\"query-input\":{\"@type\":\"PropertyValueSpecification\",\"valueRequired\":true,\"valueName\":\"search_term_string\"}}],\"inLanguage\":\"en-US\"}]}<\/script>\n<!-- \/ Yoast SEO plugin. -->","yoast_head_json":{"title":"Baro\u0161anas bloks LUISA iek\u0101rt\u0101m - Hipnos","description":"Baro\u0161anas bloks.","robots":{"index":"noindex","follow":"follow","max-snippet":"max-snippet:-1","max-image-preview":"max-image-preview:large","max-video-preview":"max-video-preview:-1"},"og_locale":"en_US","og_type":"article","og_title":"Baro\u0161anas bloks LUISA iek\u0101rt\u0101m - Hipnos","og_description":"Baro\u0161anas bloks.","og_url":"https:\/\/hipnos.lv\/en\/product\/barosanas-bloks-prieks-luisa-iekartam\/","og_site_name":"Hipnos","article_modified_time":"2025-06-10T11:56:15+00:00","og_image":[{"width":1000,"height":1000,"url":"https:\/\/hipnos.lv\/wp-content\/uploads\/2025\/06\/dfghj.jpg","type":"image\/jpeg"}],"twitter_card":"summary_large_image","twitter_misc":{"Est. reading time":"1 minute"},"schema":{"@context":"https:\/\/schema.org","@graph":[{"@type":"WebPage","@id":"https:\/\/hipnos.lv\/en\/product\/barosanas-bloks-prieks-luisa-iekartam\/","url":"https:\/\/hipnos.lv\/en\/product\/barosanas-bloks-prieks-luisa-iekartam\/","name":"Baro\u0161anas bloks LUISA iek\u0101rt\u0101m - Hipnos","isPartOf":{"@id":"https:\/\/hipnos.lv\/en\/#website"},"primaryImageOfPage":{"@id":"https:\/\/hipnos.lv\/en\/product\/barosanas-bloks-prieks-luisa-iekartam\/#primaryimage"},"image":{"@id":"https:\/\/hipnos.lv\/en\/product\/barosanas-bloks-prieks-luisa-iekartam\/#primaryimage"},"thumbnailUrl":"https:\/\/hipnos.lv\/wp-content\/uploads\/2025\/06\/dfghj.jpg","datePublished":"2025-06-10T08:53:24+00:00","dateModified":"2025-06-10T11:56:15+00:00","description":"Baro\u0161anas bloks.","breadcrumb":{"@id":"https:\/\/hipnos.lv\/en\/product\/barosanas-bloks-prieks-luisa-iekartam\/#breadcrumb"},"inLanguage":"en-US","potentialAction":[{"@type":"ReadAction","target":["https:\/\/hipnos.lv\/en\/product\/barosanas-bloks-prieks-luisa-iekartam\/"]}]},{"@type":"ImageObject","inLanguage":"en-US","@id":"https:\/\/hipnos.lv\/en\/product\/barosanas-bloks-prieks-luisa-iekartam\/#primaryimage","url":"https:\/\/hipnos.lv\/wp-content\/uploads\/2025\/06\/dfghj.jpg","contentUrl":"https:\/\/hipnos.lv\/wp-content\/uploads\/2025\/06\/dfghj.jpg","width":1000,"height":1000},{"@type":"BreadcrumbList","@id":"https:\/\/hipnos.lv\/en\/product\/barosanas-bloks-prieks-luisa-iekartam\/#breadcrumb","itemListElement":[{"@type":"ListItem","position":1,"name":"S\u0101kums","item":"https:\/\/hipnos.lv\/en\/"},{"@type":"ListItem","position":2,"name":"E\u2010Shop","item":"https:\/\/hipnos.lv\/en\/shop\/"},{"@type":"ListItem","position":3,"name":"Baro\u0161anas bloks LUISA iek\u0101rt\u0101m"}]},{"@type":"WebSite","@id":"https:\/\/hipnos.lv\/en\/#website","url":"https:\/\/hipnos.lv\/en\/","name":"Hipnos","description":"","potentialAction":[{"@type":"SearchAction","target":{"@type":"EntryPoint","urlTemplate":"https:\/\/hipnos.lv\/en\/?s={search_term_string}"},"query-input":{"@type":"PropertyValueSpecification","valueRequired":true,"valueName":"search_term_string"}}],"inLanguage":"en-US"}]}},"_links":{"self":[{"href":"https:\/\/hipnos.lv\/en\/wp-json\/wp\/v2\/product\/1600","targetHints":{"allow":["GET"]}}],"collection":[{"href":"https:\/\/hipnos.lv\/en\/wp-json\/wp\/v2\/product"}],"about":[{"href":"https:\/\/hipnos.lv\/en\/wp-json\/wp\/v2\/types\/product"}],"replies":[{"embeddable":true,"href":"https:\/\/hipnos.lv\/en\/wp-json\/wp\/v2\/comments?post=1600"}],"wp:featuredmedia":[{"embeddable":true,"href":"https:\/\/hipnos.lv\/en\/wp-json\/wp\/v2\/media\/1601"}],"wp:attachment":[{"href":"https:\/\/hipnos.lv\/en\/wp-json\/wp\/v2\/media?parent=1600"}],"wp:term":[{"taxonomy":"product_brand","embeddable":true,"href":"https:\/\/hipnos.lv\/en\/wp-json\/wp\/v2\/product_brand?post=1600"},{"taxonomy":"product_cat","embeddable":true,"href":"https:\/\/hipnos.lv\/en\/wp-json\/wp\/v2\/product_cat?post=1600"},{"taxonomy":"product_tag","embeddable":true,"href":"https:\/\/hipnos.lv\/en\/wp-json\/wp\/v2\/product_tag?post=1600"}],"curies":[{"name":"wp","href":"https:\/\/api.w.org\/{rel}","templated":true}]}}