{"id":1572,"date":"2025-06-09T08:13:17","date_gmt":"2025-06-09T08:13:17","guid":{"rendered":"https:\/\/hipnos.lv\/?post_type=product&#038;p=1572"},"modified":"2025-06-12T08:24:24","modified_gmt":"2025-06-12T08:24:24","slug":"joyce-one-clinic","status":"publish","type":"product","link":"https:\/\/hipnos.lv\/en\/product\/joyce-one-clinic\/","title":{"rendered":"Joyce clinic"},"content":{"rendered":"<p>Ar m\u016bsu vienreiz\u0113j\u0101s lieto\u0161anas pilnas sejas masku <strong data-start=\"51\" data-end=\"86\">neinvaz\u012bvai ak\u016btai ventil\u0101cijai<\/strong>, j\u016bs piedz\u012bvosiet tradicion\u0101li augsto <strong data-start=\"125\" data-end=\"147\">L\u00f6wenstein Medical<\/strong> kvalit\u0101ti. <strong data-start=\"159\" data-end=\"184\">JOYCEclinic Full Face<\/strong> maska nodro\u0161ina \u0101tru un vienk\u0101r\u0161u maskas piel\u0101go\u0161anu un dro\u0161u, \u0113rtu piel\u0101go\u0161anos pat pie spiediena l\u012bdz <strong data-start=\"289\" data-end=\"299\">50 hPa<\/strong>. Galvassiksna, kas paliek stingri viet\u0101 pat pie augsta spiediena, var tikt \u0101tri un viegli atbr\u012bvota \u0101rk\u0101rtas situ\u0101cij\u0101, pateicoties skaidri redzamajai <strong data-start=\"451\" data-end=\"480\">\u0101tr\u0101s atbr\u012bvo\u0161anas auklai<\/strong>.<\/p>\n","protected":false},"excerpt":{"rendered":"<p><strong data-start=\"0\" data-end=\"25\" data-is-only-node=\"\">JOYCEclinic Full Face<\/strong> ir <strong data-start=\"29\" data-end=\"51\">pilnas sejas maska<\/strong> neinvaz\u012bvai ventil\u0101cijai, kas nodro\u0161ina <strong data-start=\"92\" data-end=\"105\">\u0113rtu fitu<\/strong> un <strong data-start=\"109\" data-end=\"129\">\u0101tru piel\u0101go\u0161anu<\/strong> pat pie augsta spiediena. T\u0101 ir <strong data-start=\"162\" data-end=\"192\">viegls un dro\u0161s risin\u0101jums<\/strong> \u0101rk\u0101rtas situ\u0101cij\u0101m.<\/p>\n","protected":false},"featured_media":1573,"comment_status":"open","ping_status":"closed","template":"","meta":{"_acf_changed":false,"inline_featured_image":false},"product_brand":[],"product_cat":[87],"product_tag":[],"class_list":{"0":"post-1572","1":"product","2":"type-product","3":"status-publish","4":"has-post-thumbnail","6":"product_cat-pilnas-sejas-maskas","8":"first","9":"instock","10":"shipping-taxable","11":"purchasable","12":"product-type-simple"},"acf":[],"yoast_head":"<!-- This site is optimized with the Yoast SEO plugin v27.0 - https:\/\/yoast.com\/product\/yoast-seo-wordpress\/ -->\n<title>Joyce clinic - Hipnos<\/title>\n<meta name=\"description\" content=\"JOYCEclinic Full Face ir pilnas sejas maska neinvaz\u012bvai ventil\u0101cijai, kas nodro\u0161ina \u0113rtu fitu un \u0101tru piel\u0101go\u0161anu pat pie augsta spiediena. T\u0101 ir viegls un dro\u0161s risin\u0101jums \u0101rk\u0101rtas situ\u0101cij\u0101m.\" \/>\n<meta name=\"robots\" content=\"noindex, follow, max-snippet:-1, max-image-preview:large, max-video-preview:-1\" \/>\n<meta property=\"og:locale\" content=\"en_US\" \/>\n<meta property=\"og:type\" content=\"article\" \/>\n<meta property=\"og:title\" content=\"Joyce clinic - Hipnos\" \/>\n<meta property=\"og:description\" content=\"JOYCEclinic Full Face ir pilnas sejas maska neinvaz\u012bvai ventil\u0101cijai, kas nodro\u0161ina \u0113rtu fitu un \u0101tru piel\u0101go\u0161anu pat pie augsta spiediena. T\u0101 ir viegls un dro\u0161s risin\u0101jums \u0101rk\u0101rtas situ\u0101cij\u0101m.\" \/>\n<meta property=\"og:url\" content=\"https:\/\/hipnos.lv\/en\/product\/joyce-one-clinic\/\" \/>\n<meta property=\"og:site_name\" content=\"Hipnos\" \/>\n<meta property=\"article:modified_time\" content=\"2025-06-12T08:24:24+00:00\" \/>\n<meta property=\"og:image\" content=\"https:\/\/hipnos.lv\/wp-content\/uploads\/2025\/06\/dfghjk-scaled.webp\" \/>\n\t<meta property=\"og:image:width\" content=\"2560\" \/>\n\t<meta property=\"og:image:height\" content=\"1921\" \/>\n\t<meta property=\"og:image:type\" content=\"image\/webp\" \/>\n<meta name=\"twitter:card\" content=\"summary_large_image\" \/>\n<meta name=\"twitter:label1\" content=\"Est. reading time\" \/>\n\t<meta name=\"twitter:data1\" content=\"1 minute\" \/>\n<script type=\"application\/ld+json\" class=\"yoast-schema-graph\">{\"@context\":\"https:\/\/schema.org\",\"@graph\":[{\"@type\":\"WebPage\",\"@id\":\"https:\/\/hipnos.lv\/en\/product\/joyce-one-clinic\/\",\"url\":\"https:\/\/hipnos.lv\/en\/product\/joyce-one-clinic\/\",\"name\":\"Joyce clinic - Hipnos\",\"isPartOf\":{\"@id\":\"https:\/\/hipnos.lv\/en\/#website\"},\"primaryImageOfPage\":{\"@id\":\"https:\/\/hipnos.lv\/en\/product\/joyce-one-clinic\/#primaryimage\"},\"image\":{\"@id\":\"https:\/\/hipnos.lv\/en\/product\/joyce-one-clinic\/#primaryimage\"},\"thumbnailUrl\":\"https:\/\/hipnos.lv\/wp-content\/uploads\/2025\/06\/dfghjk-scaled.webp\",\"datePublished\":\"2025-06-09T08:13:17+00:00\",\"dateModified\":\"2025-06-12T08:24:24+00:00\",\"description\":\"JOYCEclinic Full Face ir pilnas sejas maska neinvaz\u012bvai ventil\u0101cijai, kas nodro\u0161ina \u0113rtu fitu un \u0101tru piel\u0101go\u0161anu pat pie augsta spiediena. T\u0101 ir viegls un dro\u0161s risin\u0101jums \u0101rk\u0101rtas situ\u0101cij\u0101m.\",\"breadcrumb\":{\"@id\":\"https:\/\/hipnos.lv\/en\/product\/joyce-one-clinic\/#breadcrumb\"},\"inLanguage\":\"en-US\",\"potentialAction\":[{\"@type\":\"ReadAction\",\"target\":[\"https:\/\/hipnos.lv\/en\/product\/joyce-one-clinic\/\"]}]},{\"@type\":\"ImageObject\",\"inLanguage\":\"en-US\",\"@id\":\"https:\/\/hipnos.lv\/en\/product\/joyce-one-clinic\/#primaryimage\",\"url\":\"https:\/\/hipnos.lv\/wp-content\/uploads\/2025\/06\/dfghjk-scaled.webp\",\"contentUrl\":\"https:\/\/hipnos.lv\/wp-content\/uploads\/2025\/06\/dfghjk-scaled.webp\",\"width\":2560,\"height\":1921},{\"@type\":\"BreadcrumbList\",\"@id\":\"https:\/\/hipnos.lv\/en\/product\/joyce-one-clinic\/#breadcrumb\",\"itemListElement\":[{\"@type\":\"ListItem\",\"position\":1,\"name\":\"S\u0101kums\",\"item\":\"https:\/\/hipnos.lv\/en\/\"},{\"@type\":\"ListItem\",\"position\":2,\"name\":\"E\u2010Shop\",\"item\":\"https:\/\/hipnos.lv\/en\/shop\/\"},{\"@type\":\"ListItem\",\"position\":3,\"name\":\"Joyce clinic\"}]},{\"@type\":\"WebSite\",\"@id\":\"https:\/\/hipnos.lv\/en\/#website\",\"url\":\"https:\/\/hipnos.lv\/en\/\",\"name\":\"Hipnos\",\"description\":\"\",\"potentialAction\":[{\"@type\":\"SearchAction\",\"target\":{\"@type\":\"EntryPoint\",\"urlTemplate\":\"https:\/\/hipnos.lv\/en\/?s={search_term_string}\"},\"query-input\":{\"@type\":\"PropertyValueSpecification\",\"valueRequired\":true,\"valueName\":\"search_term_string\"}}],\"inLanguage\":\"en-US\"}]}<\/script>\n<!-- \/ Yoast SEO plugin. -->","yoast_head_json":{"title":"Joyce clinic - Hipnos","description":"JOYCEclinic Full Face ir pilnas sejas maska neinvaz\u012bvai ventil\u0101cijai, kas nodro\u0161ina \u0113rtu fitu un \u0101tru piel\u0101go\u0161anu pat pie augsta spiediena. T\u0101 ir viegls un dro\u0161s risin\u0101jums \u0101rk\u0101rtas situ\u0101cij\u0101m.","robots":{"index":"noindex","follow":"follow","max-snippet":"max-snippet:-1","max-image-preview":"max-image-preview:large","max-video-preview":"max-video-preview:-1"},"og_locale":"en_US","og_type":"article","og_title":"Joyce clinic - Hipnos","og_description":"JOYCEclinic Full Face ir pilnas sejas maska neinvaz\u012bvai ventil\u0101cijai, kas nodro\u0161ina \u0113rtu fitu un \u0101tru piel\u0101go\u0161anu pat pie augsta spiediena. T\u0101 ir viegls un dro\u0161s risin\u0101jums \u0101rk\u0101rtas situ\u0101cij\u0101m.","og_url":"https:\/\/hipnos.lv\/en\/product\/joyce-one-clinic\/","og_site_name":"Hipnos","article_modified_time":"2025-06-12T08:24:24+00:00","og_image":[{"width":2560,"height":1921,"url":"https:\/\/hipnos.lv\/wp-content\/uploads\/2025\/06\/dfghjk-scaled.webp","type":"image\/webp"}],"twitter_card":"summary_large_image","twitter_misc":{"Est. reading time":"1 minute"},"schema":{"@context":"https:\/\/schema.org","@graph":[{"@type":"WebPage","@id":"https:\/\/hipnos.lv\/en\/product\/joyce-one-clinic\/","url":"https:\/\/hipnos.lv\/en\/product\/joyce-one-clinic\/","name":"Joyce clinic - Hipnos","isPartOf":{"@id":"https:\/\/hipnos.lv\/en\/#website"},"primaryImageOfPage":{"@id":"https:\/\/hipnos.lv\/en\/product\/joyce-one-clinic\/#primaryimage"},"image":{"@id":"https:\/\/hipnos.lv\/en\/product\/joyce-one-clinic\/#primaryimage"},"thumbnailUrl":"https:\/\/hipnos.lv\/wp-content\/uploads\/2025\/06\/dfghjk-scaled.webp","datePublished":"2025-06-09T08:13:17+00:00","dateModified":"2025-06-12T08:24:24+00:00","description":"JOYCEclinic Full Face ir pilnas sejas maska neinvaz\u012bvai ventil\u0101cijai, kas nodro\u0161ina \u0113rtu fitu un \u0101tru piel\u0101go\u0161anu pat pie augsta spiediena. T\u0101 ir viegls un dro\u0161s risin\u0101jums \u0101rk\u0101rtas situ\u0101cij\u0101m.","breadcrumb":{"@id":"https:\/\/hipnos.lv\/en\/product\/joyce-one-clinic\/#breadcrumb"},"inLanguage":"en-US","potentialAction":[{"@type":"ReadAction","target":["https:\/\/hipnos.lv\/en\/product\/joyce-one-clinic\/"]}]},{"@type":"ImageObject","inLanguage":"en-US","@id":"https:\/\/hipnos.lv\/en\/product\/joyce-one-clinic\/#primaryimage","url":"https:\/\/hipnos.lv\/wp-content\/uploads\/2025\/06\/dfghjk-scaled.webp","contentUrl":"https:\/\/hipnos.lv\/wp-content\/uploads\/2025\/06\/dfghjk-scaled.webp","width":2560,"height":1921},{"@type":"BreadcrumbList","@id":"https:\/\/hipnos.lv\/en\/product\/joyce-one-clinic\/#breadcrumb","itemListElement":[{"@type":"ListItem","position":1,"name":"S\u0101kums","item":"https:\/\/hipnos.lv\/en\/"},{"@type":"ListItem","position":2,"name":"E\u2010Shop","item":"https:\/\/hipnos.lv\/en\/shop\/"},{"@type":"ListItem","position":3,"name":"Joyce clinic"}]},{"@type":"WebSite","@id":"https:\/\/hipnos.lv\/en\/#website","url":"https:\/\/hipnos.lv\/en\/","name":"Hipnos","description":"","potentialAction":[{"@type":"SearchAction","target":{"@type":"EntryPoint","urlTemplate":"https:\/\/hipnos.lv\/en\/?s={search_term_string}"},"query-input":{"@type":"PropertyValueSpecification","valueRequired":true,"valueName":"search_term_string"}}],"inLanguage":"en-US"}]}},"_links":{"self":[{"href":"https:\/\/hipnos.lv\/en\/wp-json\/wp\/v2\/product\/1572","targetHints":{"allow":["GET"]}}],"collection":[{"href":"https:\/\/hipnos.lv\/en\/wp-json\/wp\/v2\/product"}],"about":[{"href":"https:\/\/hipnos.lv\/en\/wp-json\/wp\/v2\/types\/product"}],"replies":[{"embeddable":true,"href":"https:\/\/hipnos.lv\/en\/wp-json\/wp\/v2\/comments?post=1572"}],"wp:featuredmedia":[{"embeddable":true,"href":"https:\/\/hipnos.lv\/en\/wp-json\/wp\/v2\/media\/1573"}],"wp:attachment":[{"href":"https:\/\/hipnos.lv\/en\/wp-json\/wp\/v2\/media?parent=1572"}],"wp:term":[{"taxonomy":"product_brand","embeddable":true,"href":"https:\/\/hipnos.lv\/en\/wp-json\/wp\/v2\/product_brand?post=1572"},{"taxonomy":"product_cat","embeddable":true,"href":"https:\/\/hipnos.lv\/en\/wp-json\/wp\/v2\/product_cat?post=1572"},{"taxonomy":"product_tag","embeddable":true,"href":"https:\/\/hipnos.lv\/en\/wp-json\/wp\/v2\/product_tag?post=1572"}],"curies":[{"name":"wp","href":"https:\/\/api.w.org\/{rel}","templated":true}]}}