{"id":1568,"date":"2025-06-09T08:07:59","date_gmt":"2025-06-09T08:07:59","guid":{"rendered":"https:\/\/hipnos.lv\/?post_type=product&#038;p=1568"},"modified":"2025-10-14T08:36:40","modified_gmt":"2025-10-14T08:36:40","slug":"mir-smart-one","status":"publish","type":"product","link":"https:\/\/hipnos.lv\/en\/product\/mir-smart-one\/","title":{"rendered":"MIR Smart One"},"content":{"rendered":"<p data-start=\"0\" data-end=\"118\"><strong data-start=\"0\" data-end=\"118\">Pik\u0101lais pl\u016bsmas un FEV1 m\u0113r\u012bjumi tagad pieejami j\u016bsu viedt\u0101lrun\u012b un plan\u0161et\u0113, izmantojot Bluetooth Smart 5.0.<\/strong><\/p>\n<p data-start=\"120\" data-end=\"344\">Ide\u0101li piem\u0113rots <strong data-start=\"137\" data-end=\"206\">astmas, HOPS, plau\u0161u transplant\u0101cijas apr\u016bpes, cistisk\u0101s fibrozes<\/strong> pa\u0161p\u0101rvald\u012bbai, k\u0101 ar\u012b lieto\u0161anai <strong data-start=\"241\" data-end=\"266\">kl\u012bniskajos p\u0113t\u012bjumos<\/strong>. Piem\u0113rots visiem lietot\u0101jiem un vis\u0101m vecuma grup\u0101m no <strong data-start=\"323\" data-end=\"343\">5 l\u012bdz 93 gadiem<\/strong>.<\/p>\n<p data-start=\"346\" data-end=\"479\">Pieejams <strong data-start=\"355\" data-end=\"393\">Programmat\u016bras izstr\u0101des komplekts<\/strong> iOS un Android platform\u0101m, lai savienotu <strong data-start=\"435\" data-end=\"448\">Smart One<\/strong> tie\u0161i ar j\u016bsu mobilo lietotni.<\/p>\n<p data-start=\"481\" data-end=\"671\" data-is-last-node=\"\" data-is-only-node=\"\">Sader\u012bg\u0101 lietotne (Smart One) ir pieejama gan iOS, gan Android sist\u0113m\u0101s ar <strong data-start=\"556\" data-end=\"612\">neierobe\u017eotiem tie\u0161saistes bezmaksas atjaunin\u0101jumiem<\/strong>. <strong data-start=\"614\" data-end=\"639\">Starptautisks patents<\/strong> pie\u0161\u0137irts \u0161\u012b produkta dizainam.<\/p>\n","protected":false},"excerpt":{"rendered":"<p><strong data-start=\"0\" data-end=\"13\" data-is-only-node=\"\">Smart One<\/strong> ir ier\u012bce, kas \u013cauj m\u0113r\u012bt <strong data-start=\"40\" data-end=\"65\">pik\u0101lo pl\u016bsmu un FEV1<\/strong> (spirometrijas r\u0101d\u012bt\u0101jus) izmantojot <strong data-start=\"103\" data-end=\"126\">Bluetooth Smart 5.0<\/strong>, un rezult\u0101tus var apskat\u012bt viedt\u0101lrun\u012b vai plan\u0161et\u0113. T\u0101 ir piem\u0113rota <strong data-start=\"197\" data-end=\"266\">astmas, HOPS, cistisk\u0101s fibrozes, plau\u0161u transplant\u0101cijas apr\u016bpei<\/strong> un <strong data-start=\"270\" data-end=\"297\">kl\u012bniskajiem p\u0113t\u012bjumiem<\/strong>, k\u0101 ar\u012b visiem cilv\u0113kiem no <strong data-start=\"326\" data-end=\"346\">5 l\u012bdz 93 gadiem<\/strong>. Ier\u012bcei ir pieejama lietotne (Smart One) un programmat\u016bras izstr\u0101des komplekts, lai savienotu to ar personaliz\u0113t\u0101m lietotn\u0113m.<\/p>\n","protected":false},"featured_media":1569,"comment_status":"open","ping_status":"closed","template":"","meta":{"_acf_changed":false,"inline_featured_image":false},"product_brand":[],"product_cat":[86],"product_tag":[],"class_list":{"0":"post-1568","1":"product","2":"type-product","3":"status-publish","4":"has-post-thumbnail","6":"product_cat-spirografi","8":"first","9":"instock","10":"shipping-taxable","11":"purchasable","12":"product-type-simple"},"acf":[],"yoast_head":"<!-- This site is optimized with the Yoast SEO plugin v27.0 - https:\/\/yoast.com\/product\/yoast-seo-wordpress\/ -->\n<title>MIR Smart One - Hipnos<\/title>\n<meta name=\"description\" content=\"Smart One ir ier\u012bce, kas \u013cauj m\u0113r\u012bt pik\u0101lo pl\u016bsmu un FEV1 (spirometrijas r\u0101d\u012bt\u0101jus) izmantojot Bluetooth Smart 5.0, un rezult\u0101tus var apskat\u012bt viedt\u0101lrun\u012b vai plan\u0161et\u0113. T\u0101 ir piem\u0113rota astmas, HOPS, cistisk\u0101s fibrozes, plau\u0161u transplant\u0101cijas apr\u016bpei un kl\u012bniskajiem p\u0113t\u012bjumiem, k\u0101 ar\u012b visiem cilv\u0113kiem no 5 l\u012bdz 93 gadiem. Ier\u012bcei ir pieejama lietotne (Smart One) un programmat\u016bras izstr\u0101des komplekts, lai savienotu to ar personaliz\u0113t\u0101m lietotn\u0113m.\" \/>\n<meta name=\"robots\" content=\"noindex, follow, max-snippet:-1, max-image-preview:large, max-video-preview:-1\" \/>\n<meta property=\"og:locale\" content=\"en_US\" \/>\n<meta property=\"og:type\" content=\"article\" \/>\n<meta property=\"og:title\" content=\"MIR Smart One - Hipnos\" \/>\n<meta property=\"og:description\" content=\"Smart One ir ier\u012bce, kas \u013cauj m\u0113r\u012bt pik\u0101lo pl\u016bsmu un FEV1 (spirometrijas r\u0101d\u012bt\u0101jus) izmantojot Bluetooth Smart 5.0, un rezult\u0101tus var apskat\u012bt viedt\u0101lrun\u012b vai plan\u0161et\u0113. T\u0101 ir piem\u0113rota astmas, HOPS, cistisk\u0101s fibrozes, plau\u0161u transplant\u0101cijas apr\u016bpei un kl\u012bniskajiem p\u0113t\u012bjumiem, k\u0101 ar\u012b visiem cilv\u0113kiem no 5 l\u012bdz 93 gadiem. Ier\u012bcei ir pieejama lietotne (Smart One) un programmat\u016bras izstr\u0101des komplekts, lai savienotu to ar personaliz\u0113t\u0101m lietotn\u0113m.\" \/>\n<meta property=\"og:url\" content=\"https:\/\/hipnos.lv\/en\/product\/mir-smart-one\/\" \/>\n<meta property=\"og:site_name\" content=\"Hipnos\" \/>\n<meta property=\"article:modified_time\" content=\"2025-10-14T08:36:40+00:00\" \/>\n<meta property=\"og:image\" content=\"https:\/\/hipnos.lv\/wp-content\/uploads\/2025\/06\/gylgyukhj.png\" \/>\n\t<meta property=\"og:image:width\" content=\"1440\" \/>\n\t<meta property=\"og:image:height\" content=\"960\" \/>\n\t<meta property=\"og:image:type\" content=\"image\/png\" \/>\n<meta name=\"twitter:card\" content=\"summary_large_image\" \/>\n<meta name=\"twitter:label1\" content=\"Est. reading time\" \/>\n\t<meta name=\"twitter:data1\" content=\"1 minute\" \/>\n<script type=\"application\/ld+json\" class=\"yoast-schema-graph\">{\"@context\":\"https:\/\/schema.org\",\"@graph\":[{\"@type\":\"WebPage\",\"@id\":\"https:\/\/hipnos.lv\/en\/product\/mir-smart-one\/\",\"url\":\"https:\/\/hipnos.lv\/en\/product\/mir-smart-one\/\",\"name\":\"MIR Smart One - Hipnos\",\"isPartOf\":{\"@id\":\"https:\/\/hipnos.lv\/en\/#website\"},\"primaryImageOfPage\":{\"@id\":\"https:\/\/hipnos.lv\/en\/product\/mir-smart-one\/#primaryimage\"},\"image\":{\"@id\":\"https:\/\/hipnos.lv\/en\/product\/mir-smart-one\/#primaryimage\"},\"thumbnailUrl\":\"https:\/\/hipnos.lv\/wp-content\/uploads\/2025\/06\/gylgyukhj.png\",\"datePublished\":\"2025-06-09T08:07:59+00:00\",\"dateModified\":\"2025-10-14T08:36:40+00:00\",\"description\":\"Smart One ir ier\u012bce, kas \u013cauj m\u0113r\u012bt pik\u0101lo pl\u016bsmu un FEV1 (spirometrijas r\u0101d\u012bt\u0101jus) izmantojot Bluetooth Smart 5.0, un rezult\u0101tus var apskat\u012bt viedt\u0101lrun\u012b vai plan\u0161et\u0113. T\u0101 ir piem\u0113rota astmas, HOPS, cistisk\u0101s fibrozes, plau\u0161u transplant\u0101cijas apr\u016bpei un kl\u012bniskajiem p\u0113t\u012bjumiem, k\u0101 ar\u012b visiem cilv\u0113kiem no 5 l\u012bdz 93 gadiem. Ier\u012bcei ir pieejama lietotne (Smart One) un programmat\u016bras izstr\u0101des komplekts, lai savienotu to ar personaliz\u0113t\u0101m lietotn\u0113m.\",\"breadcrumb\":{\"@id\":\"https:\/\/hipnos.lv\/en\/product\/mir-smart-one\/#breadcrumb\"},\"inLanguage\":\"en-US\",\"potentialAction\":[{\"@type\":\"ReadAction\",\"target\":[\"https:\/\/hipnos.lv\/en\/product\/mir-smart-one\/\"]}]},{\"@type\":\"ImageObject\",\"inLanguage\":\"en-US\",\"@id\":\"https:\/\/hipnos.lv\/en\/product\/mir-smart-one\/#primaryimage\",\"url\":\"https:\/\/hipnos.lv\/wp-content\/uploads\/2025\/06\/gylgyukhj.png\",\"contentUrl\":\"https:\/\/hipnos.lv\/wp-content\/uploads\/2025\/06\/gylgyukhj.png\",\"width\":1440,\"height\":960},{\"@type\":\"BreadcrumbList\",\"@id\":\"https:\/\/hipnos.lv\/en\/product\/mir-smart-one\/#breadcrumb\",\"itemListElement\":[{\"@type\":\"ListItem\",\"position\":1,\"name\":\"S\u0101kums\",\"item\":\"https:\/\/hipnos.lv\/en\/\"},{\"@type\":\"ListItem\",\"position\":2,\"name\":\"E\u2010Shop\",\"item\":\"https:\/\/hipnos.lv\/en\/shop\/\"},{\"@type\":\"ListItem\",\"position\":3,\"name\":\"MIR Smart One\"}]},{\"@type\":\"WebSite\",\"@id\":\"https:\/\/hipnos.lv\/en\/#website\",\"url\":\"https:\/\/hipnos.lv\/en\/\",\"name\":\"Hipnos\",\"description\":\"\",\"potentialAction\":[{\"@type\":\"SearchAction\",\"target\":{\"@type\":\"EntryPoint\",\"urlTemplate\":\"https:\/\/hipnos.lv\/en\/?s={search_term_string}\"},\"query-input\":{\"@type\":\"PropertyValueSpecification\",\"valueRequired\":true,\"valueName\":\"search_term_string\"}}],\"inLanguage\":\"en-US\"}]}<\/script>\n<!-- \/ Yoast SEO plugin. -->","yoast_head_json":{"title":"MIR Smart One - Hipnos","description":"Smart One ir ier\u012bce, kas \u013cauj m\u0113r\u012bt pik\u0101lo pl\u016bsmu un FEV1 (spirometrijas r\u0101d\u012bt\u0101jus) izmantojot Bluetooth Smart 5.0, un rezult\u0101tus var apskat\u012bt viedt\u0101lrun\u012b vai plan\u0161et\u0113. T\u0101 ir piem\u0113rota astmas, HOPS, cistisk\u0101s fibrozes, plau\u0161u transplant\u0101cijas apr\u016bpei un kl\u012bniskajiem p\u0113t\u012bjumiem, k\u0101 ar\u012b visiem cilv\u0113kiem no 5 l\u012bdz 93 gadiem. Ier\u012bcei ir pieejama lietotne (Smart One) un programmat\u016bras izstr\u0101des komplekts, lai savienotu to ar personaliz\u0113t\u0101m lietotn\u0113m.","robots":{"index":"noindex","follow":"follow","max-snippet":"max-snippet:-1","max-image-preview":"max-image-preview:large","max-video-preview":"max-video-preview:-1"},"og_locale":"en_US","og_type":"article","og_title":"MIR Smart One - Hipnos","og_description":"Smart One ir ier\u012bce, kas \u013cauj m\u0113r\u012bt pik\u0101lo pl\u016bsmu un FEV1 (spirometrijas r\u0101d\u012bt\u0101jus) izmantojot Bluetooth Smart 5.0, un rezult\u0101tus var apskat\u012bt viedt\u0101lrun\u012b vai plan\u0161et\u0113. T\u0101 ir piem\u0113rota astmas, HOPS, cistisk\u0101s fibrozes, plau\u0161u transplant\u0101cijas apr\u016bpei un kl\u012bniskajiem p\u0113t\u012bjumiem, k\u0101 ar\u012b visiem cilv\u0113kiem no 5 l\u012bdz 93 gadiem. Ier\u012bcei ir pieejama lietotne (Smart One) un programmat\u016bras izstr\u0101des komplekts, lai savienotu to ar personaliz\u0113t\u0101m lietotn\u0113m.","og_url":"https:\/\/hipnos.lv\/en\/product\/mir-smart-one\/","og_site_name":"Hipnos","article_modified_time":"2025-10-14T08:36:40+00:00","og_image":[{"width":1440,"height":960,"url":"https:\/\/hipnos.lv\/wp-content\/uploads\/2025\/06\/gylgyukhj.png","type":"image\/png"}],"twitter_card":"summary_large_image","twitter_misc":{"Est. reading time":"1 minute"},"schema":{"@context":"https:\/\/schema.org","@graph":[{"@type":"WebPage","@id":"https:\/\/hipnos.lv\/en\/product\/mir-smart-one\/","url":"https:\/\/hipnos.lv\/en\/product\/mir-smart-one\/","name":"MIR Smart One - Hipnos","isPartOf":{"@id":"https:\/\/hipnos.lv\/en\/#website"},"primaryImageOfPage":{"@id":"https:\/\/hipnos.lv\/en\/product\/mir-smart-one\/#primaryimage"},"image":{"@id":"https:\/\/hipnos.lv\/en\/product\/mir-smart-one\/#primaryimage"},"thumbnailUrl":"https:\/\/hipnos.lv\/wp-content\/uploads\/2025\/06\/gylgyukhj.png","datePublished":"2025-06-09T08:07:59+00:00","dateModified":"2025-10-14T08:36:40+00:00","description":"Smart One ir ier\u012bce, kas \u013cauj m\u0113r\u012bt pik\u0101lo pl\u016bsmu un FEV1 (spirometrijas r\u0101d\u012bt\u0101jus) izmantojot Bluetooth Smart 5.0, un rezult\u0101tus var apskat\u012bt viedt\u0101lrun\u012b vai plan\u0161et\u0113. T\u0101 ir piem\u0113rota astmas, HOPS, cistisk\u0101s fibrozes, plau\u0161u transplant\u0101cijas apr\u016bpei un kl\u012bniskajiem p\u0113t\u012bjumiem, k\u0101 ar\u012b visiem cilv\u0113kiem no 5 l\u012bdz 93 gadiem. Ier\u012bcei ir pieejama lietotne (Smart One) un programmat\u016bras izstr\u0101des komplekts, lai savienotu to ar personaliz\u0113t\u0101m lietotn\u0113m.","breadcrumb":{"@id":"https:\/\/hipnos.lv\/en\/product\/mir-smart-one\/#breadcrumb"},"inLanguage":"en-US","potentialAction":[{"@type":"ReadAction","target":["https:\/\/hipnos.lv\/en\/product\/mir-smart-one\/"]}]},{"@type":"ImageObject","inLanguage":"en-US","@id":"https:\/\/hipnos.lv\/en\/product\/mir-smart-one\/#primaryimage","url":"https:\/\/hipnos.lv\/wp-content\/uploads\/2025\/06\/gylgyukhj.png","contentUrl":"https:\/\/hipnos.lv\/wp-content\/uploads\/2025\/06\/gylgyukhj.png","width":1440,"height":960},{"@type":"BreadcrumbList","@id":"https:\/\/hipnos.lv\/en\/product\/mir-smart-one\/#breadcrumb","itemListElement":[{"@type":"ListItem","position":1,"name":"S\u0101kums","item":"https:\/\/hipnos.lv\/en\/"},{"@type":"ListItem","position":2,"name":"E\u2010Shop","item":"https:\/\/hipnos.lv\/en\/shop\/"},{"@type":"ListItem","position":3,"name":"MIR Smart One"}]},{"@type":"WebSite","@id":"https:\/\/hipnos.lv\/en\/#website","url":"https:\/\/hipnos.lv\/en\/","name":"Hipnos","description":"","potentialAction":[{"@type":"SearchAction","target":{"@type":"EntryPoint","urlTemplate":"https:\/\/hipnos.lv\/en\/?s={search_term_string}"},"query-input":{"@type":"PropertyValueSpecification","valueRequired":true,"valueName":"search_term_string"}}],"inLanguage":"en-US"}]}},"_links":{"self":[{"href":"https:\/\/hipnos.lv\/en\/wp-json\/wp\/v2\/product\/1568","targetHints":{"allow":["GET"]}}],"collection":[{"href":"https:\/\/hipnos.lv\/en\/wp-json\/wp\/v2\/product"}],"about":[{"href":"https:\/\/hipnos.lv\/en\/wp-json\/wp\/v2\/types\/product"}],"replies":[{"embeddable":true,"href":"https:\/\/hipnos.lv\/en\/wp-json\/wp\/v2\/comments?post=1568"}],"wp:featuredmedia":[{"embeddable":true,"href":"https:\/\/hipnos.lv\/en\/wp-json\/wp\/v2\/media\/1569"}],"wp:attachment":[{"href":"https:\/\/hipnos.lv\/en\/wp-json\/wp\/v2\/media?parent=1568"}],"wp:term":[{"taxonomy":"product_brand","embeddable":true,"href":"https:\/\/hipnos.lv\/en\/wp-json\/wp\/v2\/product_brand?post=1568"},{"taxonomy":"product_cat","embeddable":true,"href":"https:\/\/hipnos.lv\/en\/wp-json\/wp\/v2\/product_cat?post=1568"},{"taxonomy":"product_tag","embeddable":true,"href":"https:\/\/hipnos.lv\/en\/wp-json\/wp\/v2\/product_tag?post=1568"}],"curies":[{"name":"wp","href":"https:\/\/api.w.org\/{rel}","templated":true}]}}