{"id":1564,"date":"2025-06-09T08:01:39","date_gmt":"2025-06-09T08:01:39","guid":{"rendered":"https:\/\/hipnos.lv\/?post_type=product&#038;p=1564"},"modified":"2025-06-09T08:01:39","modified_gmt":"2025-06-09T08:01:39","slug":"mir-minispir","status":"publish","type":"product","link":"https:\/\/hipnos.lv\/en\/product\/mir-minispir\/","title":{"rendered":"MIR Minispir"},"content":{"rendered":"<article class=\"text-token-text-primary w-full\" dir=\"auto\" data-testid=\"conversation-turn-20\" data-scroll-anchor=\"true\">\n<div class=\"text-base my-auto mx-auto py-5 [--thread-content-margin:--spacing(4)] @[37rem]:[--thread-content-margin:--spacing(6)] @[72rem]:[--thread-content-margin:--spacing(16)] px-(--thread-content-margin)\">\n<div class=\"[--thread-content-max-width:32rem] @[34rem]:[--thread-content-max-width:40rem] @[64rem]:[--thread-content-max-width:48rem] mx-auto flex max-w-(--thread-content-max-width) flex-1 text-base gap-4 md:gap-5 lg:gap-6 group\/turn-messages focus-visible:outline-hidden\">\n<div class=\"group\/conversation-turn relative flex w-full min-w-0 flex-col agent-turn\">\n<div class=\"relative flex-col gap-1 md:gap-3\">\n<div class=\"flex max-w-full flex-col grow\">\n<div class=\"min-h-8 text-message relative flex w-full flex-col items-end gap-2 text-start break-words whitespace-normal [.text-message+&amp;]:mt-5\" dir=\"auto\" data-message-author-role=\"assistant\" data-message-id=\"0fab9b1a-f4b3-47d8-a1d7-7b414767bd0b\" data-message-model-slug=\"gpt-4o\">\n<div class=\"flex w-full flex-col gap-1 empty:hidden first:pt-[3px]\">\n<div class=\"markdown prose dark:prose-invert w-full break-words dark\">\n<p data-start=\"0\" data-end=\"252\"><strong data-start=\"0\" data-end=\"12\">MiniSpir<\/strong> ir USB spirometrs, kas paredz\u0113ts lieto\u0161anai ar datoru un izstr\u0101d\u0101ts programmat\u016bras b\u0101z\u0113t\u0101m medic\u012bnisk\u0101m sist\u0113m\u0101m. Pateicoties <strong data-start=\"139\" data-end=\"169\">Plug and Play tehnolo\u0123ijai<\/strong>, MiniSpir ir praktisks un ekonomisks risin\u0101jums <strong data-start=\"218\" data-end=\"251\" data-is-only-node=\"\">augstas kvalit\u0101tes m\u0113r\u012bjumiem<\/strong>.<\/p>\n<p data-start=\"254\" data-end=\"464\">T\u0101 vieglais svars un kompaktais izm\u0113rs padara to par ide\u0101lu r\u012bku profesion\u0101\u013ciem, kuri ir pieradu\u0161i str\u0101d\u0101t ar datoru un v\u0113las nodro\u0161in\u0101t <strong data-start=\"391\" data-end=\"463\">prec\u012bzus un operat\u012bvus spirometrijas pakalpojumus no jebkuras vietas<\/strong>.<\/p>\n<p data-start=\"466\" data-end=\"584\" data-is-last-node=\"\" data-is-only-node=\"\">Ier\u012bce \u013cauj <strong data-start=\"478\" data-end=\"534\">re\u0101llaik\u0101 att\u0113lot spirometrijas testus datora ekr\u0101n\u0101<\/strong>, izmantojot speci\u0101lo <strong data-start=\"556\" data-end=\"583\">MIR Spiro programmat\u016bru.<\/strong><\/p>\n<\/div>\n<\/div>\n<\/div>\n<\/div>\n<\/div>\n<\/div>\n<\/div>\n<\/div>\n<\/article>\n","protected":false},"excerpt":{"rendered":"<p><strong data-start=\"0\" data-end=\"12\">MiniSpir<\/strong> ir USB spirometrs, kas paredz\u0113ts lieto\u0161anai ar datoru un izstr\u0101d\u0101ts programmat\u016bras b\u0101z\u0113t\u0101m medic\u012bnisk\u0101m sist\u0113m\u0101m. Pateicoties <strong data-start=\"139\" data-end=\"169\">Plug and Play tehnolo\u0123ijai<\/strong>, MiniSpir ir praktisks un ekonomisks risin\u0101jums <strong data-start=\"218\" data-end=\"251\" data-is-only-node=\"\">augstas kvalit\u0101tes m\u0113r\u012bjumiem<\/strong>.<\/p>\n","protected":false},"featured_media":1565,"comment_status":"open","ping_status":"closed","template":"","meta":{"_acf_changed":false,"inline_featured_image":false},"product_brand":[],"product_cat":[86],"product_tag":[],"class_list":{"0":"post-1564","1":"product","2":"type-product","3":"status-publish","4":"has-post-thumbnail","6":"product_cat-spirografi","8":"first","9":"instock","10":"shipping-taxable","11":"purchasable","12":"product-type-simple"},"acf":[],"yoast_head":"<!-- This site is optimized with the Yoast SEO plugin v27.0 - https:\/\/yoast.com\/product\/yoast-seo-wordpress\/ -->\n<title>MIR Minispir - Hipnos<\/title>\n<meta name=\"description\" content=\"MiniSpir ir USB spirometrs, kas paredz\u0113ts lieto\u0161anai ar datoru un izstr\u0101d\u0101ts programmat\u016bras b\u0101z\u0113t\u0101m medic\u012bnisk\u0101m sist\u0113m\u0101m. Pateicoties Plug and Play tehnolo\u0123ijai, MiniSpir ir praktisks un ekonomisks risin\u0101jums augstas kvalit\u0101tes m\u0113r\u012bjumiem.\" \/>\n<meta name=\"robots\" content=\"noindex, follow, max-snippet:-1, max-image-preview:large, max-video-preview:-1\" \/>\n<meta property=\"og:locale\" content=\"en_US\" \/>\n<meta property=\"og:type\" content=\"article\" \/>\n<meta property=\"og:title\" content=\"MIR Minispir - Hipnos\" \/>\n<meta property=\"og:description\" content=\"MiniSpir ir USB spirometrs, kas paredz\u0113ts lieto\u0161anai ar datoru un izstr\u0101d\u0101ts programmat\u016bras b\u0101z\u0113t\u0101m medic\u012bnisk\u0101m sist\u0113m\u0101m. Pateicoties Plug and Play tehnolo\u0123ijai, MiniSpir ir praktisks un ekonomisks risin\u0101jums augstas kvalit\u0101tes m\u0113r\u012bjumiem.\" \/>\n<meta property=\"og:url\" content=\"https:\/\/hipnos.lv\/en\/product\/mir-minispir\/\" \/>\n<meta property=\"og:site_name\" content=\"Hipnos\" \/>\n<meta property=\"og:image\" content=\"https:\/\/hipnos.lv\/wp-content\/uploads\/2025\/06\/rshhr.png\" \/>\n\t<meta property=\"og:image:width\" content=\"1440\" \/>\n\t<meta property=\"og:image:height\" content=\"960\" \/>\n\t<meta property=\"og:image:type\" content=\"image\/png\" \/>\n<meta name=\"twitter:card\" content=\"summary_large_image\" \/>\n<meta name=\"twitter:label1\" content=\"Est. reading time\" \/>\n\t<meta name=\"twitter:data1\" content=\"1 minute\" \/>\n<script type=\"application\/ld+json\" class=\"yoast-schema-graph\">{\"@context\":\"https:\/\/schema.org\",\"@graph\":[{\"@type\":\"WebPage\",\"@id\":\"https:\/\/hipnos.lv\/en\/product\/mir-minispir\/\",\"url\":\"https:\/\/hipnos.lv\/en\/product\/mir-minispir\/\",\"name\":\"MIR Minispir - Hipnos\",\"isPartOf\":{\"@id\":\"https:\/\/hipnos.lv\/en\/#website\"},\"primaryImageOfPage\":{\"@id\":\"https:\/\/hipnos.lv\/en\/product\/mir-minispir\/#primaryimage\"},\"image\":{\"@id\":\"https:\/\/hipnos.lv\/en\/product\/mir-minispir\/#primaryimage\"},\"thumbnailUrl\":\"https:\/\/hipnos.lv\/wp-content\/uploads\/2025\/06\/rshhr.png\",\"datePublished\":\"2025-06-09T08:01:39+00:00\",\"description\":\"MiniSpir ir USB spirometrs, kas paredz\u0113ts lieto\u0161anai ar datoru un izstr\u0101d\u0101ts programmat\u016bras b\u0101z\u0113t\u0101m medic\u012bnisk\u0101m sist\u0113m\u0101m. Pateicoties Plug and Play tehnolo\u0123ijai, MiniSpir ir praktisks un ekonomisks risin\u0101jums augstas kvalit\u0101tes m\u0113r\u012bjumiem.\",\"breadcrumb\":{\"@id\":\"https:\/\/hipnos.lv\/en\/product\/mir-minispir\/#breadcrumb\"},\"inLanguage\":\"en-US\",\"potentialAction\":[{\"@type\":\"ReadAction\",\"target\":[\"https:\/\/hipnos.lv\/en\/product\/mir-minispir\/\"]}]},{\"@type\":\"ImageObject\",\"inLanguage\":\"en-US\",\"@id\":\"https:\/\/hipnos.lv\/en\/product\/mir-minispir\/#primaryimage\",\"url\":\"https:\/\/hipnos.lv\/wp-content\/uploads\/2025\/06\/rshhr.png\",\"contentUrl\":\"https:\/\/hipnos.lv\/wp-content\/uploads\/2025\/06\/rshhr.png\",\"width\":1440,\"height\":960},{\"@type\":\"BreadcrumbList\",\"@id\":\"https:\/\/hipnos.lv\/en\/product\/mir-minispir\/#breadcrumb\",\"itemListElement\":[{\"@type\":\"ListItem\",\"position\":1,\"name\":\"S\u0101kums\",\"item\":\"https:\/\/hipnos.lv\/en\/\"},{\"@type\":\"ListItem\",\"position\":2,\"name\":\"E\u2010Shop\",\"item\":\"https:\/\/hipnos.lv\/en\/shop\/\"},{\"@type\":\"ListItem\",\"position\":3,\"name\":\"MIR Minispir\"}]},{\"@type\":\"WebSite\",\"@id\":\"https:\/\/hipnos.lv\/en\/#website\",\"url\":\"https:\/\/hipnos.lv\/en\/\",\"name\":\"Hipnos\",\"description\":\"\",\"potentialAction\":[{\"@type\":\"SearchAction\",\"target\":{\"@type\":\"EntryPoint\",\"urlTemplate\":\"https:\/\/hipnos.lv\/en\/?s={search_term_string}\"},\"query-input\":{\"@type\":\"PropertyValueSpecification\",\"valueRequired\":true,\"valueName\":\"search_term_string\"}}],\"inLanguage\":\"en-US\"}]}<\/script>\n<!-- \/ Yoast SEO plugin. -->","yoast_head_json":{"title":"MIR Minispir - Hipnos","description":"MiniSpir ir USB spirometrs, kas paredz\u0113ts lieto\u0161anai ar datoru un izstr\u0101d\u0101ts programmat\u016bras b\u0101z\u0113t\u0101m medic\u012bnisk\u0101m sist\u0113m\u0101m. Pateicoties Plug and Play tehnolo\u0123ijai, MiniSpir ir praktisks un ekonomisks risin\u0101jums augstas kvalit\u0101tes m\u0113r\u012bjumiem.","robots":{"index":"noindex","follow":"follow","max-snippet":"max-snippet:-1","max-image-preview":"max-image-preview:large","max-video-preview":"max-video-preview:-1"},"og_locale":"en_US","og_type":"article","og_title":"MIR Minispir - Hipnos","og_description":"MiniSpir ir USB spirometrs, kas paredz\u0113ts lieto\u0161anai ar datoru un izstr\u0101d\u0101ts programmat\u016bras b\u0101z\u0113t\u0101m medic\u012bnisk\u0101m sist\u0113m\u0101m. Pateicoties Plug and Play tehnolo\u0123ijai, MiniSpir ir praktisks un ekonomisks risin\u0101jums augstas kvalit\u0101tes m\u0113r\u012bjumiem.","og_url":"https:\/\/hipnos.lv\/en\/product\/mir-minispir\/","og_site_name":"Hipnos","og_image":[{"width":1440,"height":960,"url":"https:\/\/hipnos.lv\/wp-content\/uploads\/2025\/06\/rshhr.png","type":"image\/png"}],"twitter_card":"summary_large_image","twitter_misc":{"Est. reading time":"1 minute"},"schema":{"@context":"https:\/\/schema.org","@graph":[{"@type":"WebPage","@id":"https:\/\/hipnos.lv\/en\/product\/mir-minispir\/","url":"https:\/\/hipnos.lv\/en\/product\/mir-minispir\/","name":"MIR Minispir - Hipnos","isPartOf":{"@id":"https:\/\/hipnos.lv\/en\/#website"},"primaryImageOfPage":{"@id":"https:\/\/hipnos.lv\/en\/product\/mir-minispir\/#primaryimage"},"image":{"@id":"https:\/\/hipnos.lv\/en\/product\/mir-minispir\/#primaryimage"},"thumbnailUrl":"https:\/\/hipnos.lv\/wp-content\/uploads\/2025\/06\/rshhr.png","datePublished":"2025-06-09T08:01:39+00:00","description":"MiniSpir ir USB spirometrs, kas paredz\u0113ts lieto\u0161anai ar datoru un izstr\u0101d\u0101ts programmat\u016bras b\u0101z\u0113t\u0101m medic\u012bnisk\u0101m sist\u0113m\u0101m. Pateicoties Plug and Play tehnolo\u0123ijai, MiniSpir ir praktisks un ekonomisks risin\u0101jums augstas kvalit\u0101tes m\u0113r\u012bjumiem.","breadcrumb":{"@id":"https:\/\/hipnos.lv\/en\/product\/mir-minispir\/#breadcrumb"},"inLanguage":"en-US","potentialAction":[{"@type":"ReadAction","target":["https:\/\/hipnos.lv\/en\/product\/mir-minispir\/"]}]},{"@type":"ImageObject","inLanguage":"en-US","@id":"https:\/\/hipnos.lv\/en\/product\/mir-minispir\/#primaryimage","url":"https:\/\/hipnos.lv\/wp-content\/uploads\/2025\/06\/rshhr.png","contentUrl":"https:\/\/hipnos.lv\/wp-content\/uploads\/2025\/06\/rshhr.png","width":1440,"height":960},{"@type":"BreadcrumbList","@id":"https:\/\/hipnos.lv\/en\/product\/mir-minispir\/#breadcrumb","itemListElement":[{"@type":"ListItem","position":1,"name":"S\u0101kums","item":"https:\/\/hipnos.lv\/en\/"},{"@type":"ListItem","position":2,"name":"E\u2010Shop","item":"https:\/\/hipnos.lv\/en\/shop\/"},{"@type":"ListItem","position":3,"name":"MIR Minispir"}]},{"@type":"WebSite","@id":"https:\/\/hipnos.lv\/en\/#website","url":"https:\/\/hipnos.lv\/en\/","name":"Hipnos","description":"","potentialAction":[{"@type":"SearchAction","target":{"@type":"EntryPoint","urlTemplate":"https:\/\/hipnos.lv\/en\/?s={search_term_string}"},"query-input":{"@type":"PropertyValueSpecification","valueRequired":true,"valueName":"search_term_string"}}],"inLanguage":"en-US"}]}},"_links":{"self":[{"href":"https:\/\/hipnos.lv\/en\/wp-json\/wp\/v2\/product\/1564","targetHints":{"allow":["GET"]}}],"collection":[{"href":"https:\/\/hipnos.lv\/en\/wp-json\/wp\/v2\/product"}],"about":[{"href":"https:\/\/hipnos.lv\/en\/wp-json\/wp\/v2\/types\/product"}],"replies":[{"embeddable":true,"href":"https:\/\/hipnos.lv\/en\/wp-json\/wp\/v2\/comments?post=1564"}],"wp:featuredmedia":[{"embeddable":true,"href":"https:\/\/hipnos.lv\/en\/wp-json\/wp\/v2\/media\/1565"}],"wp:attachment":[{"href":"https:\/\/hipnos.lv\/en\/wp-json\/wp\/v2\/media?parent=1564"}],"wp:term":[{"taxonomy":"product_brand","embeddable":true,"href":"https:\/\/hipnos.lv\/en\/wp-json\/wp\/v2\/product_brand?post=1564"},{"taxonomy":"product_cat","embeddable":true,"href":"https:\/\/hipnos.lv\/en\/wp-json\/wp\/v2\/product_cat?post=1564"},{"taxonomy":"product_tag","embeddable":true,"href":"https:\/\/hipnos.lv\/en\/wp-json\/wp\/v2\/product_tag?post=1564"}],"curies":[{"name":"wp","href":"https:\/\/api.w.org\/{rel}","templated":true}]}}