{"id":1560,"date":"2025-06-09T07:56:30","date_gmt":"2025-06-09T07:56:30","guid":{"rendered":"https:\/\/hipnos.lv\/?post_type=product&#038;p=1560"},"modified":"2025-06-09T07:56:30","modified_gmt":"2025-06-09T07:56:30","slug":"prisma-smart-max-un-line-premium-soma","status":"publish","type":"product","link":"https:\/\/hipnos.lv\/en\/product\/prisma-smart-max-un-line-premium-soma\/","title":{"rendered":"Prisma Smart max un  Line premium soma"},"content":{"rendered":"<article class=\"text-token-text-primary w-full\" dir=\"auto\" data-testid=\"conversation-turn-18\" data-scroll-anchor=\"true\">\n<div class=\"text-base my-auto mx-auto py-5 [--thread-content-margin:--spacing(4)] @[37rem]:[--thread-content-margin:--spacing(6)] @[72rem]:[--thread-content-margin:--spacing(16)] px-(--thread-content-margin)\">\n<div class=\"[--thread-content-max-width:32rem] @[34rem]:[--thread-content-max-width:40rem] @[64rem]:[--thread-content-max-width:48rem] mx-auto flex max-w-(--thread-content-max-width) flex-1 text-base gap-4 md:gap-5 lg:gap-6 group\/turn-messages focus-visible:outline-hidden\">\n<div class=\"group\/conversation-turn relative flex w-full min-w-0 flex-col agent-turn\">\n<div class=\"relative flex-col gap-1 md:gap-3\">\n<div class=\"flex max-w-full flex-col grow\">\n<div class=\"min-h-8 text-message relative flex w-full flex-col items-end gap-2 text-start break-words whitespace-normal [.text-message+&amp;]:mt-5\" dir=\"auto\" data-message-author-role=\"assistant\" data-message-id=\"8b1a685f-c147-4cac-ba83-2005df40600e\" data-message-model-slug=\"gpt-4o\">\n<div class=\"flex w-full flex-col gap-1 empty:hidden first:pt-[3px]\">\n<div class=\"markdown prose dark:prose-invert w-full break-words dark\">\n<p data-start=\"0\" data-end=\"61\"><strong data-start=\"0\" data-end=\"61\">Svar\u012bg\u0101k\u0101s L\u00f6wenstein Medical prismaBAG premium \u012bpa\u0161\u012bbas:<\/strong><\/p>\n<ul data-start=\"63\" data-end=\"327\">\n<li data-start=\"63\" data-end=\"161\">\n<p data-start=\"65\" data-end=\"161\">Optim\u0101la aizsardz\u012bba j\u016bsu L\u00f6wenstein <strong data-start=\"102\" data-end=\"159\">prisma s\u0113rijas CPAP vai BiPAP ier\u012bcei un mitrin\u0101t\u0101jam<\/strong><\/p>\n<\/li>\n<li data-start=\"162\" data-end=\"207\">\n<p data-start=\"164\" data-end=\"207\">Da\u017e\u0101di nodal\u012bjumi visiem j\u016bsu piederumiem<\/p>\n<\/li>\n<li data-start=\"208\" data-end=\"289\">\n<p data-start=\"210\" data-end=\"289\">\u0112rtas ne\u0161anas iesp\u0113jas ar <strong data-start=\"236\" data-end=\"263\">regul\u0113jamu plecu siksnu<\/strong> un <strong data-start=\"267\" data-end=\"287\">iztur\u012bgu rokturi<\/strong><\/p>\n<\/li>\n<li data-start=\"290\" data-end=\"327\">\n<p data-start=\"292\" data-end=\"327\">Iztur\u012bga un stil\u012bga ce\u013cojumu soma<\/p>\n<\/li>\n<\/ul>\n<p data-start=\"329\" data-end=\"1014\"><strong data-start=\"329\" data-end=\"369\">L\u00f6wenstein Medical prismaBAG premium<\/strong> ir augstas kvalit\u0101tes p\u0101rn\u0113s\u0101\u0161anas soma, kas \u012bpa\u0161i izstr\u0101d\u0101ta <strong data-start=\"432\" data-end=\"457\">CPAP un BiPAP ier\u012bc\u0113m<\/strong> no <strong data-start=\"461\" data-end=\"490\">L\u00f6wenstein prisma s\u0113rijas<\/strong>, tostarp <strong data-start=\"500\" data-end=\"527\">prismaAQUA mitrin\u0101t\u0101jam<\/strong>. T\u0101 ir grezn\u0101ka versija nek\u0101 standarta soma. Iztur\u012bgais \u0101r\u0113jais materi\u0101ls, polster\u0113ta pamatne un aizsargk\u0101ji\u0146as nodro\u0161ina j\u016bsu apr\u012bkojuma dro\u0161\u012bbu transport\u0113\u0161anas laik\u0101. Iek\u0161pus\u0113 ir vair\u0101ki nodal\u012bjumi, kas \u013cauj \u0113rti un organiz\u0113ti uzglab\u0101t ier\u012bci, mitrin\u0101t\u0101ju, masku, caurules un baro\u0161anas adapteri. Priek\u0161\u0113j\u0101 kabata nodro\u0161ina \u0113rtu vietu dokumentiem vai lieto\u0161anas instrukcij\u0101m. Soma apr\u012bkota gan ar <strong data-start=\"926\" data-end=\"953\">regul\u0113jamu plecu siksnu<\/strong>, gan <strong data-start=\"959\" data-end=\"978\" data-is-only-node=\"\">stingru rokturi<\/strong>, \u013caujot to n\u0113s\u0101t vis\u0113rt\u0101kaj\u0101 veid\u0101.<\/p>\n<p data-start=\"1016\" data-end=\"1100\"><strong data-start=\"1016\" data-end=\"1039\">L\u016bdzu, \u0146emiet v\u0113r\u0101:<\/strong> CPAP\/BiPAP ier\u012bce un mitrin\u0101t\u0101js <strong data-start=\"1073\" data-end=\"1099\">nav iek\u013cauti komplekt\u0101<\/strong>.<\/p>\n<p data-start=\"1102\" data-end=\"1127\"><strong data-start=\"1102\" data-end=\"1125\">Komplekt\u0101 iek\u013cauts:<\/strong><\/p>\n<ul data-start=\"1128\" data-end=\"1206\" data-is-last-node=\"\" data-is-only-node=\"\">\n<li data-start=\"1128\" data-end=\"1206\" data-is-last-node=\"\">\n<p data-start=\"1130\" data-end=\"1206\" data-is-last-node=\"\"><strong data-start=\"1130\" data-end=\"1170\">L\u00f6wenstein Medical prismaBAG premium<\/strong> p\u0101rn\u0113s\u0101\u0161anas soma (ar plecu siksnu)<\/p>\n<\/li>\n<\/ul>\n<\/div>\n<\/div>\n<\/div>\n<\/div>\n<div class=\"flex min-h-[46px] justify-start\"><\/div>\n<\/div>\n<\/div>\n<\/div>\n<\/div>\n<\/article>\n","protected":false},"excerpt":{"rendered":"<p><strong data-start=\"329\" data-end=\"369\">L\u00f6wenstein Medical prismaBAG premium<\/strong> ir augstas kvalit\u0101tes p\u0101rn\u0113s\u0101\u0161anas soma, kas \u012bpa\u0161i izstr\u0101d\u0101ta <strong data-start=\"432\" data-end=\"457\">CPAP un BiPAP ier\u012bc\u0113m<\/strong> no <strong data-start=\"461\" data-end=\"490\">L\u00f6wenstein prisma s\u0113rijas<\/strong>, tostarp <strong data-start=\"500\" data-end=\"527\">prismaAQUA mitrin\u0101t\u0101jam<\/strong>. T\u0101 ir grezn\u0101ka versija nek\u0101 standarta soma. Iztur\u012bgais \u0101r\u0113jais materi\u0101ls, polster\u0113ta pamatne un aizsargk\u0101ji\u0146as nodro\u0161ina j\u016bsu apr\u012bkojuma dro\u0161\u012bbu transport\u0113\u0161anas laik\u0101. Iek\u0161pus\u0113 ir vair\u0101ki nodal\u012bjumi, kas \u013cauj \u0113rti un organiz\u0113ti uzglab\u0101t ier\u012bci, mitrin\u0101t\u0101ju, masku, caurules un baro\u0161anas adapteri. Priek\u0161\u0113j\u0101 kabata nodro\u0161ina \u0113rtu vietu dokumentiem vai lieto\u0161anas instrukcij\u0101m. Soma apr\u012bkota gan ar <strong data-start=\"926\" data-end=\"953\">regul\u0113jamu plecu siksnu<\/strong>, gan <strong data-start=\"959\" data-end=\"978\" data-is-only-node=\"\">stingru rokturi<\/strong>, \u013caujot to n\u0113s\u0101t vis\u0113rt\u0101kaj\u0101 veid\u0101.<\/p>\n","protected":false},"featured_media":1561,"comment_status":"open","ping_status":"closed","template":"","meta":{"_acf_changed":false,"inline_featured_image":false},"product_brand":[],"product_cat":[85],"product_tag":[],"class_list":{"0":"post-1560","1":"product","2":"type-product","3":"status-publish","4":"has-post-thumbnail","6":"product_cat-terapijas-iekartu-aksesuari-2","8":"first","9":"instock","10":"shipping-taxable","11":"purchasable","12":"product-type-simple"},"acf":[],"yoast_head":"<!-- This site is optimized with the Yoast SEO plugin v27.0 - https:\/\/yoast.com\/product\/yoast-seo-wordpress\/ -->\n<title>Prisma Smart max un Line premium soma - Hipnos<\/title>\n<meta name=\"description\" content=\"L\u00f6wenstein Medical prismaBAG premium ir augstas kvalit\u0101tes p\u0101rn\u0113s\u0101\u0161anas soma, kas \u012bpa\u0161i izstr\u0101d\u0101ta CPAP un BiPAP ier\u012bc\u0113m no L\u00f6wenstein prisma s\u0113rijas, tostarp prismaAQUA mitrin\u0101t\u0101jam. T\u0101 ir grezn\u0101ka versija nek\u0101 standarta soma. Iztur\u012bgais \u0101r\u0113jais materi\u0101ls, polster\u0113ta pamatne un aizsargk\u0101ji\u0146as nodro\u0161ina j\u016bsu apr\u012bkojuma dro\u0161\u012bbu transport\u0113\u0161anas laik\u0101. Iek\u0161pus\u0113 ir vair\u0101ki nodal\u012bjumi, kas \u013cauj \u0113rti un organiz\u0113ti uzglab\u0101t ier\u012bci, mitrin\u0101t\u0101ju, masku, caurules un baro\u0161anas adapteri. Priek\u0161\u0113j\u0101 kabata nodro\u0161ina \u0113rtu vietu dokumentiem vai lieto\u0161anas instrukcij\u0101m. Soma apr\u012bkota gan ar regul\u0113jamu plecu siksnu, gan stingru rokturi, \u013caujot to n\u0113s\u0101t vis\u0113rt\u0101kaj\u0101 veid\u0101.\" \/>\n<meta name=\"robots\" content=\"noindex, follow, max-snippet:-1, max-image-preview:large, max-video-preview:-1\" \/>\n<meta property=\"og:locale\" content=\"en_US\" \/>\n<meta property=\"og:type\" content=\"article\" \/>\n<meta property=\"og:title\" content=\"Prisma Smart max un Line premium soma - Hipnos\" \/>\n<meta property=\"og:description\" content=\"L\u00f6wenstein Medical prismaBAG premium ir augstas kvalit\u0101tes p\u0101rn\u0113s\u0101\u0161anas soma, kas \u012bpa\u0161i izstr\u0101d\u0101ta CPAP un BiPAP ier\u012bc\u0113m no L\u00f6wenstein prisma s\u0113rijas, tostarp prismaAQUA mitrin\u0101t\u0101jam. T\u0101 ir grezn\u0101ka versija nek\u0101 standarta soma. Iztur\u012bgais \u0101r\u0113jais materi\u0101ls, polster\u0113ta pamatne un aizsargk\u0101ji\u0146as nodro\u0161ina j\u016bsu apr\u012bkojuma dro\u0161\u012bbu transport\u0113\u0161anas laik\u0101. Iek\u0161pus\u0113 ir vair\u0101ki nodal\u012bjumi, kas \u013cauj \u0113rti un organiz\u0113ti uzglab\u0101t ier\u012bci, mitrin\u0101t\u0101ju, masku, caurules un baro\u0161anas adapteri. Priek\u0161\u0113j\u0101 kabata nodro\u0161ina \u0113rtu vietu dokumentiem vai lieto\u0161anas instrukcij\u0101m. Soma apr\u012bkota gan ar regul\u0113jamu plecu siksnu, gan stingru rokturi, \u013caujot to n\u0113s\u0101t vis\u0113rt\u0101kaj\u0101 veid\u0101.\" \/>\n<meta property=\"og:url\" content=\"https:\/\/hipnos.lv\/en\/product\/prisma-smart-max-un-line-premium-soma\/\" \/>\n<meta property=\"og:site_name\" content=\"Hipnos\" \/>\n<meta property=\"og:image\" content=\"https:\/\/hipnos.lv\/wp-content\/uploads\/2025\/06\/GZHGBTGX.webp\" \/>\n\t<meta property=\"og:image:width\" content=\"533\" \/>\n\t<meta property=\"og:image:height\" content=\"340\" \/>\n\t<meta property=\"og:image:type\" content=\"image\/webp\" \/>\n<meta name=\"twitter:card\" content=\"summary_large_image\" \/>\n<meta name=\"twitter:label1\" content=\"Est. reading time\" \/>\n\t<meta name=\"twitter:data1\" content=\"1 minute\" \/>\n<script type=\"application\/ld+json\" class=\"yoast-schema-graph\">{\"@context\":\"https:\/\/schema.org\",\"@graph\":[{\"@type\":\"WebPage\",\"@id\":\"https:\/\/hipnos.lv\/en\/product\/prisma-smart-max-un-line-premium-soma\/\",\"url\":\"https:\/\/hipnos.lv\/en\/product\/prisma-smart-max-un-line-premium-soma\/\",\"name\":\"Prisma Smart max un Line premium soma - Hipnos\",\"isPartOf\":{\"@id\":\"https:\/\/hipnos.lv\/en\/#website\"},\"primaryImageOfPage\":{\"@id\":\"https:\/\/hipnos.lv\/en\/product\/prisma-smart-max-un-line-premium-soma\/#primaryimage\"},\"image\":{\"@id\":\"https:\/\/hipnos.lv\/en\/product\/prisma-smart-max-un-line-premium-soma\/#primaryimage\"},\"thumbnailUrl\":\"https:\/\/hipnos.lv\/wp-content\/uploads\/2025\/06\/GZHGBTGX.webp\",\"datePublished\":\"2025-06-09T07:56:30+00:00\",\"description\":\"L\u00f6wenstein Medical prismaBAG premium ir augstas kvalit\u0101tes p\u0101rn\u0113s\u0101\u0161anas soma, kas \u012bpa\u0161i izstr\u0101d\u0101ta CPAP un BiPAP ier\u012bc\u0113m no L\u00f6wenstein prisma s\u0113rijas, tostarp prismaAQUA mitrin\u0101t\u0101jam. T\u0101 ir grezn\u0101ka versija nek\u0101 standarta soma. Iztur\u012bgais \u0101r\u0113jais materi\u0101ls, polster\u0113ta pamatne un aizsargk\u0101ji\u0146as nodro\u0161ina j\u016bsu apr\u012bkojuma dro\u0161\u012bbu transport\u0113\u0161anas laik\u0101. Iek\u0161pus\u0113 ir vair\u0101ki nodal\u012bjumi, kas \u013cauj \u0113rti un organiz\u0113ti uzglab\u0101t ier\u012bci, mitrin\u0101t\u0101ju, masku, caurules un baro\u0161anas adapteri. Priek\u0161\u0113j\u0101 kabata nodro\u0161ina \u0113rtu vietu dokumentiem vai lieto\u0161anas instrukcij\u0101m. Soma apr\u012bkota gan ar regul\u0113jamu plecu siksnu, gan stingru rokturi, \u013caujot to n\u0113s\u0101t vis\u0113rt\u0101kaj\u0101 veid\u0101.\",\"breadcrumb\":{\"@id\":\"https:\/\/hipnos.lv\/en\/product\/prisma-smart-max-un-line-premium-soma\/#breadcrumb\"},\"inLanguage\":\"en-US\",\"potentialAction\":[{\"@type\":\"ReadAction\",\"target\":[\"https:\/\/hipnos.lv\/en\/product\/prisma-smart-max-un-line-premium-soma\/\"]}]},{\"@type\":\"ImageObject\",\"inLanguage\":\"en-US\",\"@id\":\"https:\/\/hipnos.lv\/en\/product\/prisma-smart-max-un-line-premium-soma\/#primaryimage\",\"url\":\"https:\/\/hipnos.lv\/wp-content\/uploads\/2025\/06\/GZHGBTGX.webp\",\"contentUrl\":\"https:\/\/hipnos.lv\/wp-content\/uploads\/2025\/06\/GZHGBTGX.webp\",\"width\":533,\"height\":340},{\"@type\":\"BreadcrumbList\",\"@id\":\"https:\/\/hipnos.lv\/en\/product\/prisma-smart-max-un-line-premium-soma\/#breadcrumb\",\"itemListElement\":[{\"@type\":\"ListItem\",\"position\":1,\"name\":\"S\u0101kums\",\"item\":\"https:\/\/hipnos.lv\/en\/\"},{\"@type\":\"ListItem\",\"position\":2,\"name\":\"E\u2010Shop\",\"item\":\"https:\/\/hipnos.lv\/en\/shop\/\"},{\"@type\":\"ListItem\",\"position\":3,\"name\":\"Prisma Smart max un Line premium soma\"}]},{\"@type\":\"WebSite\",\"@id\":\"https:\/\/hipnos.lv\/en\/#website\",\"url\":\"https:\/\/hipnos.lv\/en\/\",\"name\":\"Hipnos\",\"description\":\"\",\"potentialAction\":[{\"@type\":\"SearchAction\",\"target\":{\"@type\":\"EntryPoint\",\"urlTemplate\":\"https:\/\/hipnos.lv\/en\/?s={search_term_string}\"},\"query-input\":{\"@type\":\"PropertyValueSpecification\",\"valueRequired\":true,\"valueName\":\"search_term_string\"}}],\"inLanguage\":\"en-US\"}]}<\/script>\n<!-- \/ Yoast SEO plugin. -->","yoast_head_json":{"title":"Prisma Smart max un Line premium soma - Hipnos","description":"L\u00f6wenstein Medical prismaBAG premium ir augstas kvalit\u0101tes p\u0101rn\u0113s\u0101\u0161anas soma, kas \u012bpa\u0161i izstr\u0101d\u0101ta CPAP un BiPAP ier\u012bc\u0113m no L\u00f6wenstein prisma s\u0113rijas, tostarp prismaAQUA mitrin\u0101t\u0101jam. T\u0101 ir grezn\u0101ka versija nek\u0101 standarta soma. Iztur\u012bgais \u0101r\u0113jais materi\u0101ls, polster\u0113ta pamatne un aizsargk\u0101ji\u0146as nodro\u0161ina j\u016bsu apr\u012bkojuma dro\u0161\u012bbu transport\u0113\u0161anas laik\u0101. Iek\u0161pus\u0113 ir vair\u0101ki nodal\u012bjumi, kas \u013cauj \u0113rti un organiz\u0113ti uzglab\u0101t ier\u012bci, mitrin\u0101t\u0101ju, masku, caurules un baro\u0161anas adapteri. Priek\u0161\u0113j\u0101 kabata nodro\u0161ina \u0113rtu vietu dokumentiem vai lieto\u0161anas instrukcij\u0101m. Soma apr\u012bkota gan ar regul\u0113jamu plecu siksnu, gan stingru rokturi, \u013caujot to n\u0113s\u0101t vis\u0113rt\u0101kaj\u0101 veid\u0101.","robots":{"index":"noindex","follow":"follow","max-snippet":"max-snippet:-1","max-image-preview":"max-image-preview:large","max-video-preview":"max-video-preview:-1"},"og_locale":"en_US","og_type":"article","og_title":"Prisma Smart max un Line premium soma - Hipnos","og_description":"L\u00f6wenstein Medical prismaBAG premium ir augstas kvalit\u0101tes p\u0101rn\u0113s\u0101\u0161anas soma, kas \u012bpa\u0161i izstr\u0101d\u0101ta CPAP un BiPAP ier\u012bc\u0113m no L\u00f6wenstein prisma s\u0113rijas, tostarp prismaAQUA mitrin\u0101t\u0101jam. T\u0101 ir grezn\u0101ka versija nek\u0101 standarta soma. Iztur\u012bgais \u0101r\u0113jais materi\u0101ls, polster\u0113ta pamatne un aizsargk\u0101ji\u0146as nodro\u0161ina j\u016bsu apr\u012bkojuma dro\u0161\u012bbu transport\u0113\u0161anas laik\u0101. Iek\u0161pus\u0113 ir vair\u0101ki nodal\u012bjumi, kas \u013cauj \u0113rti un organiz\u0113ti uzglab\u0101t ier\u012bci, mitrin\u0101t\u0101ju, masku, caurules un baro\u0161anas adapteri. Priek\u0161\u0113j\u0101 kabata nodro\u0161ina \u0113rtu vietu dokumentiem vai lieto\u0161anas instrukcij\u0101m. Soma apr\u012bkota gan ar regul\u0113jamu plecu siksnu, gan stingru rokturi, \u013caujot to n\u0113s\u0101t vis\u0113rt\u0101kaj\u0101 veid\u0101.","og_url":"https:\/\/hipnos.lv\/en\/product\/prisma-smart-max-un-line-premium-soma\/","og_site_name":"Hipnos","og_image":[{"width":533,"height":340,"url":"https:\/\/hipnos.lv\/wp-content\/uploads\/2025\/06\/GZHGBTGX.webp","type":"image\/webp"}],"twitter_card":"summary_large_image","twitter_misc":{"Est. reading time":"1 minute"},"schema":{"@context":"https:\/\/schema.org","@graph":[{"@type":"WebPage","@id":"https:\/\/hipnos.lv\/en\/product\/prisma-smart-max-un-line-premium-soma\/","url":"https:\/\/hipnos.lv\/en\/product\/prisma-smart-max-un-line-premium-soma\/","name":"Prisma Smart max un Line premium soma - Hipnos","isPartOf":{"@id":"https:\/\/hipnos.lv\/en\/#website"},"primaryImageOfPage":{"@id":"https:\/\/hipnos.lv\/en\/product\/prisma-smart-max-un-line-premium-soma\/#primaryimage"},"image":{"@id":"https:\/\/hipnos.lv\/en\/product\/prisma-smart-max-un-line-premium-soma\/#primaryimage"},"thumbnailUrl":"https:\/\/hipnos.lv\/wp-content\/uploads\/2025\/06\/GZHGBTGX.webp","datePublished":"2025-06-09T07:56:30+00:00","description":"L\u00f6wenstein Medical prismaBAG premium ir augstas kvalit\u0101tes p\u0101rn\u0113s\u0101\u0161anas soma, kas \u012bpa\u0161i izstr\u0101d\u0101ta CPAP un BiPAP ier\u012bc\u0113m no L\u00f6wenstein prisma s\u0113rijas, tostarp prismaAQUA mitrin\u0101t\u0101jam. T\u0101 ir grezn\u0101ka versija nek\u0101 standarta soma. Iztur\u012bgais \u0101r\u0113jais materi\u0101ls, polster\u0113ta pamatne un aizsargk\u0101ji\u0146as nodro\u0161ina j\u016bsu apr\u012bkojuma dro\u0161\u012bbu transport\u0113\u0161anas laik\u0101. Iek\u0161pus\u0113 ir vair\u0101ki nodal\u012bjumi, kas \u013cauj \u0113rti un organiz\u0113ti uzglab\u0101t ier\u012bci, mitrin\u0101t\u0101ju, masku, caurules un baro\u0161anas adapteri. Priek\u0161\u0113j\u0101 kabata nodro\u0161ina \u0113rtu vietu dokumentiem vai lieto\u0161anas instrukcij\u0101m. Soma apr\u012bkota gan ar regul\u0113jamu plecu siksnu, gan stingru rokturi, \u013caujot to n\u0113s\u0101t vis\u0113rt\u0101kaj\u0101 veid\u0101.","breadcrumb":{"@id":"https:\/\/hipnos.lv\/en\/product\/prisma-smart-max-un-line-premium-soma\/#breadcrumb"},"inLanguage":"en-US","potentialAction":[{"@type":"ReadAction","target":["https:\/\/hipnos.lv\/en\/product\/prisma-smart-max-un-line-premium-soma\/"]}]},{"@type":"ImageObject","inLanguage":"en-US","@id":"https:\/\/hipnos.lv\/en\/product\/prisma-smart-max-un-line-premium-soma\/#primaryimage","url":"https:\/\/hipnos.lv\/wp-content\/uploads\/2025\/06\/GZHGBTGX.webp","contentUrl":"https:\/\/hipnos.lv\/wp-content\/uploads\/2025\/06\/GZHGBTGX.webp","width":533,"height":340},{"@type":"BreadcrumbList","@id":"https:\/\/hipnos.lv\/en\/product\/prisma-smart-max-un-line-premium-soma\/#breadcrumb","itemListElement":[{"@type":"ListItem","position":1,"name":"S\u0101kums","item":"https:\/\/hipnos.lv\/en\/"},{"@type":"ListItem","position":2,"name":"E\u2010Shop","item":"https:\/\/hipnos.lv\/en\/shop\/"},{"@type":"ListItem","position":3,"name":"Prisma Smart max un Line premium soma"}]},{"@type":"WebSite","@id":"https:\/\/hipnos.lv\/en\/#website","url":"https:\/\/hipnos.lv\/en\/","name":"Hipnos","description":"","potentialAction":[{"@type":"SearchAction","target":{"@type":"EntryPoint","urlTemplate":"https:\/\/hipnos.lv\/en\/?s={search_term_string}"},"query-input":{"@type":"PropertyValueSpecification","valueRequired":true,"valueName":"search_term_string"}}],"inLanguage":"en-US"}]}},"_links":{"self":[{"href":"https:\/\/hipnos.lv\/en\/wp-json\/wp\/v2\/product\/1560","targetHints":{"allow":["GET"]}}],"collection":[{"href":"https:\/\/hipnos.lv\/en\/wp-json\/wp\/v2\/product"}],"about":[{"href":"https:\/\/hipnos.lv\/en\/wp-json\/wp\/v2\/types\/product"}],"replies":[{"embeddable":true,"href":"https:\/\/hipnos.lv\/en\/wp-json\/wp\/v2\/comments?post=1560"}],"wp:featuredmedia":[{"embeddable":true,"href":"https:\/\/hipnos.lv\/en\/wp-json\/wp\/v2\/media\/1561"}],"wp:attachment":[{"href":"https:\/\/hipnos.lv\/en\/wp-json\/wp\/v2\/media?parent=1560"}],"wp:term":[{"taxonomy":"product_brand","embeddable":true,"href":"https:\/\/hipnos.lv\/en\/wp-json\/wp\/v2\/product_brand?post=1560"},{"taxonomy":"product_cat","embeddable":true,"href":"https:\/\/hipnos.lv\/en\/wp-json\/wp\/v2\/product_cat?post=1560"},{"taxonomy":"product_tag","embeddable":true,"href":"https:\/\/hipnos.lv\/en\/wp-json\/wp\/v2\/product_tag?post=1560"}],"curies":[{"name":"wp","href":"https:\/\/api.w.org\/{rel}","templated":true}]}}