{"id":1556,"date":"2025-06-09T07:50:29","date_gmt":"2025-06-09T07:50:29","guid":{"rendered":"https:\/\/hipnos.lv\/?post_type=product&#038;p=1556"},"modified":"2025-06-09T07:50:29","modified_gmt":"2025-06-09T07:50:29","slug":"prisma-smart-max-un-line-transportesanas-somas","status":"publish","type":"product","link":"https:\/\/hipnos.lv\/en\/product\/prisma-smart-max-un-line-transportesanas-somas\/","title":{"rendered":"Prisma Smart max un Line transport\u0113\u0161anas somas"},"content":{"rendered":"<p>Transport\u0113\u0161anas soma.<\/p>\n","protected":false},"excerpt":{"rendered":"<p>Transport\u0113\u0161anas soma.<\/p>\n","protected":false},"featured_media":1557,"comment_status":"open","ping_status":"closed","template":"","meta":{"_acf_changed":false,"inline_featured_image":false},"product_brand":[],"product_cat":[85],"product_tag":[],"class_list":{"0":"post-1556","1":"product","2":"type-product","3":"status-publish","4":"has-post-thumbnail","6":"product_cat-terapijas-iekartu-aksesuari-2","8":"first","9":"instock","10":"shipping-taxable","11":"purchasable","12":"product-type-simple"},"acf":[],"yoast_head":"<!-- This site is optimized with the Yoast SEO plugin v27.0 - https:\/\/yoast.com\/product\/yoast-seo-wordpress\/ -->\n<title>Prisma Smart max un Line transport\u0113\u0161anas somas - Hipnos<\/title>\n<meta name=\"description\" content=\"Transport\u0113\u0161anas soma.\" \/>\n<meta name=\"robots\" content=\"noindex, follow, max-snippet:-1, max-image-preview:large, max-video-preview:-1\" \/>\n<meta property=\"og:locale\" content=\"en_US\" \/>\n<meta property=\"og:type\" content=\"article\" \/>\n<meta property=\"og:title\" content=\"Prisma Smart max un Line transport\u0113\u0161anas somas - Hipnos\" \/>\n<meta property=\"og:description\" content=\"Transport\u0113\u0161anas soma.\" \/>\n<meta property=\"og:url\" content=\"https:\/\/hipnos.lv\/en\/product\/prisma-smart-max-un-line-transportesanas-somas\/\" \/>\n<meta property=\"og:site_name\" content=\"Hipnos\" \/>\n<meta property=\"og:image\" content=\"https:\/\/hipnos.lv\/wp-content\/uploads\/2025\/06\/fregserg.png\" \/>\n\t<meta property=\"og:image:width\" content=\"1000\" \/>\n\t<meta property=\"og:image:height\" content=\"1000\" \/>\n\t<meta property=\"og:image:type\" content=\"image\/png\" \/>\n<meta name=\"twitter:card\" content=\"summary_large_image\" \/>\n<meta name=\"twitter:label1\" content=\"Est. reading time\" \/>\n\t<meta name=\"twitter:data1\" content=\"1 minute\" \/>\n<script type=\"application\/ld+json\" class=\"yoast-schema-graph\">{\"@context\":\"https:\/\/schema.org\",\"@graph\":[{\"@type\":\"WebPage\",\"@id\":\"https:\/\/hipnos.lv\/en\/product\/prisma-smart-max-un-line-transportesanas-somas\/\",\"url\":\"https:\/\/hipnos.lv\/en\/product\/prisma-smart-max-un-line-transportesanas-somas\/\",\"name\":\"Prisma Smart max un Line transport\u0113\u0161anas somas - Hipnos\",\"isPartOf\":{\"@id\":\"https:\/\/hipnos.lv\/en\/#website\"},\"primaryImageOfPage\":{\"@id\":\"https:\/\/hipnos.lv\/en\/product\/prisma-smart-max-un-line-transportesanas-somas\/#primaryimage\"},\"image\":{\"@id\":\"https:\/\/hipnos.lv\/en\/product\/prisma-smart-max-un-line-transportesanas-somas\/#primaryimage\"},\"thumbnailUrl\":\"https:\/\/hipnos.lv\/wp-content\/uploads\/2025\/06\/fregserg.png\",\"datePublished\":\"2025-06-09T07:50:29+00:00\",\"description\":\"Transport\u0113\u0161anas soma.\",\"breadcrumb\":{\"@id\":\"https:\/\/hipnos.lv\/en\/product\/prisma-smart-max-un-line-transportesanas-somas\/#breadcrumb\"},\"inLanguage\":\"en-US\",\"potentialAction\":[{\"@type\":\"ReadAction\",\"target\":[\"https:\/\/hipnos.lv\/en\/product\/prisma-smart-max-un-line-transportesanas-somas\/\"]}]},{\"@type\":\"ImageObject\",\"inLanguage\":\"en-US\",\"@id\":\"https:\/\/hipnos.lv\/en\/product\/prisma-smart-max-un-line-transportesanas-somas\/#primaryimage\",\"url\":\"https:\/\/hipnos.lv\/wp-content\/uploads\/2025\/06\/fregserg.png\",\"contentUrl\":\"https:\/\/hipnos.lv\/wp-content\/uploads\/2025\/06\/fregserg.png\",\"width\":1000,\"height\":1000},{\"@type\":\"BreadcrumbList\",\"@id\":\"https:\/\/hipnos.lv\/en\/product\/prisma-smart-max-un-line-transportesanas-somas\/#breadcrumb\",\"itemListElement\":[{\"@type\":\"ListItem\",\"position\":1,\"name\":\"S\u0101kums\",\"item\":\"https:\/\/hipnos.lv\/en\/\"},{\"@type\":\"ListItem\",\"position\":2,\"name\":\"E\u2010Shop\",\"item\":\"https:\/\/hipnos.lv\/en\/shop\/\"},{\"@type\":\"ListItem\",\"position\":3,\"name\":\"Prisma Smart max un Line transport\u0113\u0161anas somas\"}]},{\"@type\":\"WebSite\",\"@id\":\"https:\/\/hipnos.lv\/en\/#website\",\"url\":\"https:\/\/hipnos.lv\/en\/\",\"name\":\"Hipnos\",\"description\":\"\",\"potentialAction\":[{\"@type\":\"SearchAction\",\"target\":{\"@type\":\"EntryPoint\",\"urlTemplate\":\"https:\/\/hipnos.lv\/en\/?s={search_term_string}\"},\"query-input\":{\"@type\":\"PropertyValueSpecification\",\"valueRequired\":true,\"valueName\":\"search_term_string\"}}],\"inLanguage\":\"en-US\"}]}<\/script>\n<!-- \/ Yoast SEO plugin. -->","yoast_head_json":{"title":"Prisma Smart max un Line transport\u0113\u0161anas somas - Hipnos","description":"Transport\u0113\u0161anas soma.","robots":{"index":"noindex","follow":"follow","max-snippet":"max-snippet:-1","max-image-preview":"max-image-preview:large","max-video-preview":"max-video-preview:-1"},"og_locale":"en_US","og_type":"article","og_title":"Prisma Smart max un Line transport\u0113\u0161anas somas - Hipnos","og_description":"Transport\u0113\u0161anas soma.","og_url":"https:\/\/hipnos.lv\/en\/product\/prisma-smart-max-un-line-transportesanas-somas\/","og_site_name":"Hipnos","og_image":[{"width":1000,"height":1000,"url":"https:\/\/hipnos.lv\/wp-content\/uploads\/2025\/06\/fregserg.png","type":"image\/png"}],"twitter_card":"summary_large_image","twitter_misc":{"Est. reading time":"1 minute"},"schema":{"@context":"https:\/\/schema.org","@graph":[{"@type":"WebPage","@id":"https:\/\/hipnos.lv\/en\/product\/prisma-smart-max-un-line-transportesanas-somas\/","url":"https:\/\/hipnos.lv\/en\/product\/prisma-smart-max-un-line-transportesanas-somas\/","name":"Prisma Smart max un Line transport\u0113\u0161anas somas - Hipnos","isPartOf":{"@id":"https:\/\/hipnos.lv\/en\/#website"},"primaryImageOfPage":{"@id":"https:\/\/hipnos.lv\/en\/product\/prisma-smart-max-un-line-transportesanas-somas\/#primaryimage"},"image":{"@id":"https:\/\/hipnos.lv\/en\/product\/prisma-smart-max-un-line-transportesanas-somas\/#primaryimage"},"thumbnailUrl":"https:\/\/hipnos.lv\/wp-content\/uploads\/2025\/06\/fregserg.png","datePublished":"2025-06-09T07:50:29+00:00","description":"Transport\u0113\u0161anas soma.","breadcrumb":{"@id":"https:\/\/hipnos.lv\/en\/product\/prisma-smart-max-un-line-transportesanas-somas\/#breadcrumb"},"inLanguage":"en-US","potentialAction":[{"@type":"ReadAction","target":["https:\/\/hipnos.lv\/en\/product\/prisma-smart-max-un-line-transportesanas-somas\/"]}]},{"@type":"ImageObject","inLanguage":"en-US","@id":"https:\/\/hipnos.lv\/en\/product\/prisma-smart-max-un-line-transportesanas-somas\/#primaryimage","url":"https:\/\/hipnos.lv\/wp-content\/uploads\/2025\/06\/fregserg.png","contentUrl":"https:\/\/hipnos.lv\/wp-content\/uploads\/2025\/06\/fregserg.png","width":1000,"height":1000},{"@type":"BreadcrumbList","@id":"https:\/\/hipnos.lv\/en\/product\/prisma-smart-max-un-line-transportesanas-somas\/#breadcrumb","itemListElement":[{"@type":"ListItem","position":1,"name":"S\u0101kums","item":"https:\/\/hipnos.lv\/en\/"},{"@type":"ListItem","position":2,"name":"E\u2010Shop","item":"https:\/\/hipnos.lv\/en\/shop\/"},{"@type":"ListItem","position":3,"name":"Prisma Smart max un Line transport\u0113\u0161anas somas"}]},{"@type":"WebSite","@id":"https:\/\/hipnos.lv\/en\/#website","url":"https:\/\/hipnos.lv\/en\/","name":"Hipnos","description":"","potentialAction":[{"@type":"SearchAction","target":{"@type":"EntryPoint","urlTemplate":"https:\/\/hipnos.lv\/en\/?s={search_term_string}"},"query-input":{"@type":"PropertyValueSpecification","valueRequired":true,"valueName":"search_term_string"}}],"inLanguage":"en-US"}]}},"_links":{"self":[{"href":"https:\/\/hipnos.lv\/en\/wp-json\/wp\/v2\/product\/1556","targetHints":{"allow":["GET"]}}],"collection":[{"href":"https:\/\/hipnos.lv\/en\/wp-json\/wp\/v2\/product"}],"about":[{"href":"https:\/\/hipnos.lv\/en\/wp-json\/wp\/v2\/types\/product"}],"replies":[{"embeddable":true,"href":"https:\/\/hipnos.lv\/en\/wp-json\/wp\/v2\/comments?post=1556"}],"wp:featuredmedia":[{"embeddable":true,"href":"https:\/\/hipnos.lv\/en\/wp-json\/wp\/v2\/media\/1557"}],"wp:attachment":[{"href":"https:\/\/hipnos.lv\/en\/wp-json\/wp\/v2\/media?parent=1556"}],"wp:term":[{"taxonomy":"product_brand","embeddable":true,"href":"https:\/\/hipnos.lv\/en\/wp-json\/wp\/v2\/product_brand?post=1556"},{"taxonomy":"product_cat","embeddable":true,"href":"https:\/\/hipnos.lv\/en\/wp-json\/wp\/v2\/product_cat?post=1556"},{"taxonomy":"product_tag","embeddable":true,"href":"https:\/\/hipnos.lv\/en\/wp-json\/wp\/v2\/product_tag?post=1556"}],"curies":[{"name":"wp","href":"https:\/\/api.w.org\/{rel}","templated":true}]}}