{"id":1543,"date":"2025-06-09T07:11:51","date_gmt":"2025-06-09T07:11:51","guid":{"rendered":"https:\/\/hipnos.lv\/?post_type=product&#038;p=1543"},"modified":"2025-06-12T08:12:01","modified_gmt":"2025-06-12T08:12:01","slug":"air-mini-filtri","status":"publish","type":"product","link":"https:\/\/hipnos.lv\/en\/product\/air-mini-filtri\/","title":{"rendered":"AirMini filtri"},"content":{"rendered":"<p data-start=\"0\" data-end=\"54\">\u0160is pirkums <strong data-start=\"12\" data-end=\"53\">neietver AirMini ce\u013cojuma CPAP ier\u012bci<\/strong>.<\/p>\n<p data-start=\"56\" data-end=\"354\"><strong data-start=\"56\" data-end=\"74\">AirMini filtri<\/strong> pal\u012bdz saglab\u0101t AirMini ier\u012bci t\u012bru no s\u012bk\u0101m da\u013ci\u0146\u0101m un putek\u013ciem, kas var iek\u013c\u016bt ier\u012bc\u0113 un rad\u012bt boj\u0101jumus vai aizsprostojumus. \u0160ie filtri ir paredz\u0113ti vienreiz\u0113jai lieto\u0161anai un j\u0101maina p\u0113c <strong data-start=\"267\" data-end=\"298\">viena (1) m\u0113ne\u0161a lieto\u0161anas,<\/strong> vai kad tie k\u013c\u016bst net\u012bri. <strong data-start=\"325\" data-end=\"354\">Nav piem\u0113roti mazg\u0101\u0161anai.<\/strong><\/p>\n<p data-start=\"356\" data-end=\"381\"><strong data-start=\"356\" data-end=\"381\">Par AirMini filtriem:<\/strong><\/p>\n<p data-start=\"383\" data-end=\"641\" data-is-last-node=\"\" data-is-only-node=\"\">\u2022 Gaisa filtrs regul\u0101ri j\u0101p\u0101rbauda, vai nav net\u012brumu vai gru\u017eu<br data-start=\"445\" data-end=\"448\" \/>\u2022 Filtra nodal\u012bjums atrodas tie\u0161i zem gaisa izpl\u016bdes atveres uz AirMini ier\u012bces<br data-start=\"527\" data-end=\"530\" \/>\u2022 Sader\u012bgi ar AirMini ce\u013cojuma CPAP ier\u012bc\u0113m<\/p>\n","protected":false},"excerpt":{"rendered":"<p><strong data-start=\"56\" data-end=\"74\">AirMini filtri<\/strong> pal\u012bdz saglab\u0101t AirMini ier\u012bci t\u012bru no s\u012bk\u0101m da\u013ci\u0146\u0101m un putek\u013ciem, kas var iek\u013c\u016bt ier\u012bc\u0113 un rad\u012bt boj\u0101jumus vai aizsprostojumus. \u0160ie filtri ir paredz\u0113ti vienreiz\u0113jai lieto\u0161anai un j\u0101maina p\u0113c <strong data-start=\"267\" data-end=\"298\">viena (1) m\u0113ne\u0161a lieto\u0161anas,<\/strong> vai kad tie k\u013c\u016bst net\u012bri. <strong data-start=\"325\" data-end=\"354\">Nav piem\u0113roti mazg\u0101\u0161anai.<\/strong><\/p>\n","protected":false},"featured_media":1544,"comment_status":"open","ping_status":"closed","template":"","meta":{"_acf_changed":false,"inline_featured_image":false},"product_brand":[],"product_cat":[62],"product_tag":[],"class_list":{"0":"post-1543","1":"product","2":"type-product","3":"status-publish","4":"has-post-thumbnail","6":"product_cat-celosanas-iekartu-aksesuari-lv","8":"first","9":"instock","10":"shipping-taxable","11":"purchasable","12":"product-type-simple"},"acf":[],"yoast_head":"<!-- This site is optimized with the Yoast SEO plugin v27.0 - https:\/\/yoast.com\/product\/yoast-seo-wordpress\/ -->\n<title>AirMini filtri - Hipnos<\/title>\n<meta name=\"description\" content=\"AirMini filtri pal\u012bdz saglab\u0101t AirMini ier\u012bci t\u012bru no s\u012bk\u0101m da\u013ci\u0146\u0101m un putek\u013ciem, kas var iek\u013c\u016bt ier\u012bc\u0113 un rad\u012bt boj\u0101jumus vai aizsprostojumus. \u0160ie filtri ir paredz\u0113ti vienreiz\u0113jai lieto\u0161anai un j\u0101maina p\u0113c viena (1) m\u0113ne\u0161a lieto\u0161anas, vai kad tie k\u013c\u016bst net\u012bri. Nav piem\u0113roti mazg\u0101\u0161anai.\" \/>\n<meta name=\"robots\" content=\"noindex, follow, max-snippet:-1, max-image-preview:large, max-video-preview:-1\" \/>\n<meta property=\"og:locale\" content=\"en_US\" \/>\n<meta property=\"og:type\" content=\"article\" \/>\n<meta property=\"og:title\" content=\"AirMini filtri - Hipnos\" \/>\n<meta property=\"og:description\" content=\"AirMini filtri pal\u012bdz saglab\u0101t AirMini ier\u012bci t\u012bru no s\u012bk\u0101m da\u013ci\u0146\u0101m un putek\u013ciem, kas var iek\u013c\u016bt ier\u012bc\u0113 un rad\u012bt boj\u0101jumus vai aizsprostojumus. \u0160ie filtri ir paredz\u0113ti vienreiz\u0113jai lieto\u0161anai un j\u0101maina p\u0113c viena (1) m\u0113ne\u0161a lieto\u0161anas, vai kad tie k\u013c\u016bst net\u012bri. Nav piem\u0113roti mazg\u0101\u0161anai.\" \/>\n<meta property=\"og:url\" content=\"https:\/\/hipnos.lv\/en\/product\/air-mini-filtri\/\" \/>\n<meta property=\"og:site_name\" content=\"Hipnos\" \/>\n<meta property=\"article:modified_time\" content=\"2025-06-12T08:12:01+00:00\" \/>\n<meta property=\"og:image\" content=\"https:\/\/hipnos.lv\/wp-content\/uploads\/2025\/06\/thhhgbzth.webp\" \/>\n\t<meta property=\"og:image:width\" content=\"600\" \/>\n\t<meta property=\"og:image:height\" content=\"600\" \/>\n\t<meta property=\"og:image:type\" content=\"image\/webp\" \/>\n<meta name=\"twitter:card\" content=\"summary_large_image\" \/>\n<meta name=\"twitter:label1\" content=\"Est. reading time\" \/>\n\t<meta name=\"twitter:data1\" content=\"1 minute\" \/>\n<script type=\"application\/ld+json\" class=\"yoast-schema-graph\">{\"@context\":\"https:\/\/schema.org\",\"@graph\":[{\"@type\":\"WebPage\",\"@id\":\"https:\/\/hipnos.lv\/en\/product\/air-mini-filtri\/\",\"url\":\"https:\/\/hipnos.lv\/en\/product\/air-mini-filtri\/\",\"name\":\"AirMini filtri - Hipnos\",\"isPartOf\":{\"@id\":\"https:\/\/hipnos.lv\/en\/#website\"},\"primaryImageOfPage\":{\"@id\":\"https:\/\/hipnos.lv\/en\/product\/air-mini-filtri\/#primaryimage\"},\"image\":{\"@id\":\"https:\/\/hipnos.lv\/en\/product\/air-mini-filtri\/#primaryimage\"},\"thumbnailUrl\":\"https:\/\/hipnos.lv\/wp-content\/uploads\/2025\/06\/thhhgbzth.webp\",\"datePublished\":\"2025-06-09T07:11:51+00:00\",\"dateModified\":\"2025-06-12T08:12:01+00:00\",\"description\":\"AirMini filtri pal\u012bdz saglab\u0101t AirMini ier\u012bci t\u012bru no s\u012bk\u0101m da\u013ci\u0146\u0101m un putek\u013ciem, kas var iek\u013c\u016bt ier\u012bc\u0113 un rad\u012bt boj\u0101jumus vai aizsprostojumus. \u0160ie filtri ir paredz\u0113ti vienreiz\u0113jai lieto\u0161anai un j\u0101maina p\u0113c viena (1) m\u0113ne\u0161a lieto\u0161anas, vai kad tie k\u013c\u016bst net\u012bri. Nav piem\u0113roti mazg\u0101\u0161anai.\",\"breadcrumb\":{\"@id\":\"https:\/\/hipnos.lv\/en\/product\/air-mini-filtri\/#breadcrumb\"},\"inLanguage\":\"en-US\",\"potentialAction\":[{\"@type\":\"ReadAction\",\"target\":[\"https:\/\/hipnos.lv\/en\/product\/air-mini-filtri\/\"]}]},{\"@type\":\"ImageObject\",\"inLanguage\":\"en-US\",\"@id\":\"https:\/\/hipnos.lv\/en\/product\/air-mini-filtri\/#primaryimage\",\"url\":\"https:\/\/hipnos.lv\/wp-content\/uploads\/2025\/06\/thhhgbzth.webp\",\"contentUrl\":\"https:\/\/hipnos.lv\/wp-content\/uploads\/2025\/06\/thhhgbzth.webp\",\"width\":600,\"height\":600},{\"@type\":\"BreadcrumbList\",\"@id\":\"https:\/\/hipnos.lv\/en\/product\/air-mini-filtri\/#breadcrumb\",\"itemListElement\":[{\"@type\":\"ListItem\",\"position\":1,\"name\":\"S\u0101kums\",\"item\":\"https:\/\/hipnos.lv\/en\/\"},{\"@type\":\"ListItem\",\"position\":2,\"name\":\"E\u2010Shop\",\"item\":\"https:\/\/hipnos.lv\/en\/shop\/\"},{\"@type\":\"ListItem\",\"position\":3,\"name\":\"AirMini filtri\"}]},{\"@type\":\"WebSite\",\"@id\":\"https:\/\/hipnos.lv\/en\/#website\",\"url\":\"https:\/\/hipnos.lv\/en\/\",\"name\":\"Hipnos\",\"description\":\"\",\"potentialAction\":[{\"@type\":\"SearchAction\",\"target\":{\"@type\":\"EntryPoint\",\"urlTemplate\":\"https:\/\/hipnos.lv\/en\/?s={search_term_string}\"},\"query-input\":{\"@type\":\"PropertyValueSpecification\",\"valueRequired\":true,\"valueName\":\"search_term_string\"}}],\"inLanguage\":\"en-US\"}]}<\/script>\n<!-- \/ Yoast SEO plugin. -->","yoast_head_json":{"title":"AirMini filtri - Hipnos","description":"AirMini filtri pal\u012bdz saglab\u0101t AirMini ier\u012bci t\u012bru no s\u012bk\u0101m da\u013ci\u0146\u0101m un putek\u013ciem, kas var iek\u013c\u016bt ier\u012bc\u0113 un rad\u012bt boj\u0101jumus vai aizsprostojumus. \u0160ie filtri ir paredz\u0113ti vienreiz\u0113jai lieto\u0161anai un j\u0101maina p\u0113c viena (1) m\u0113ne\u0161a lieto\u0161anas, vai kad tie k\u013c\u016bst net\u012bri. Nav piem\u0113roti mazg\u0101\u0161anai.","robots":{"index":"noindex","follow":"follow","max-snippet":"max-snippet:-1","max-image-preview":"max-image-preview:large","max-video-preview":"max-video-preview:-1"},"og_locale":"en_US","og_type":"article","og_title":"AirMini filtri - Hipnos","og_description":"AirMini filtri pal\u012bdz saglab\u0101t AirMini ier\u012bci t\u012bru no s\u012bk\u0101m da\u013ci\u0146\u0101m un putek\u013ciem, kas var iek\u013c\u016bt ier\u012bc\u0113 un rad\u012bt boj\u0101jumus vai aizsprostojumus. \u0160ie filtri ir paredz\u0113ti vienreiz\u0113jai lieto\u0161anai un j\u0101maina p\u0113c viena (1) m\u0113ne\u0161a lieto\u0161anas, vai kad tie k\u013c\u016bst net\u012bri. Nav piem\u0113roti mazg\u0101\u0161anai.","og_url":"https:\/\/hipnos.lv\/en\/product\/air-mini-filtri\/","og_site_name":"Hipnos","article_modified_time":"2025-06-12T08:12:01+00:00","og_image":[{"width":600,"height":600,"url":"https:\/\/hipnos.lv\/wp-content\/uploads\/2025\/06\/thhhgbzth.webp","type":"image\/webp"}],"twitter_card":"summary_large_image","twitter_misc":{"Est. reading time":"1 minute"},"schema":{"@context":"https:\/\/schema.org","@graph":[{"@type":"WebPage","@id":"https:\/\/hipnos.lv\/en\/product\/air-mini-filtri\/","url":"https:\/\/hipnos.lv\/en\/product\/air-mini-filtri\/","name":"AirMini filtri - Hipnos","isPartOf":{"@id":"https:\/\/hipnos.lv\/en\/#website"},"primaryImageOfPage":{"@id":"https:\/\/hipnos.lv\/en\/product\/air-mini-filtri\/#primaryimage"},"image":{"@id":"https:\/\/hipnos.lv\/en\/product\/air-mini-filtri\/#primaryimage"},"thumbnailUrl":"https:\/\/hipnos.lv\/wp-content\/uploads\/2025\/06\/thhhgbzth.webp","datePublished":"2025-06-09T07:11:51+00:00","dateModified":"2025-06-12T08:12:01+00:00","description":"AirMini filtri pal\u012bdz saglab\u0101t AirMini ier\u012bci t\u012bru no s\u012bk\u0101m da\u013ci\u0146\u0101m un putek\u013ciem, kas var iek\u013c\u016bt ier\u012bc\u0113 un rad\u012bt boj\u0101jumus vai aizsprostojumus. \u0160ie filtri ir paredz\u0113ti vienreiz\u0113jai lieto\u0161anai un j\u0101maina p\u0113c viena (1) m\u0113ne\u0161a lieto\u0161anas, vai kad tie k\u013c\u016bst net\u012bri. Nav piem\u0113roti mazg\u0101\u0161anai.","breadcrumb":{"@id":"https:\/\/hipnos.lv\/en\/product\/air-mini-filtri\/#breadcrumb"},"inLanguage":"en-US","potentialAction":[{"@type":"ReadAction","target":["https:\/\/hipnos.lv\/en\/product\/air-mini-filtri\/"]}]},{"@type":"ImageObject","inLanguage":"en-US","@id":"https:\/\/hipnos.lv\/en\/product\/air-mini-filtri\/#primaryimage","url":"https:\/\/hipnos.lv\/wp-content\/uploads\/2025\/06\/thhhgbzth.webp","contentUrl":"https:\/\/hipnos.lv\/wp-content\/uploads\/2025\/06\/thhhgbzth.webp","width":600,"height":600},{"@type":"BreadcrumbList","@id":"https:\/\/hipnos.lv\/en\/product\/air-mini-filtri\/#breadcrumb","itemListElement":[{"@type":"ListItem","position":1,"name":"S\u0101kums","item":"https:\/\/hipnos.lv\/en\/"},{"@type":"ListItem","position":2,"name":"E\u2010Shop","item":"https:\/\/hipnos.lv\/en\/shop\/"},{"@type":"ListItem","position":3,"name":"AirMini filtri"}]},{"@type":"WebSite","@id":"https:\/\/hipnos.lv\/en\/#website","url":"https:\/\/hipnos.lv\/en\/","name":"Hipnos","description":"","potentialAction":[{"@type":"SearchAction","target":{"@type":"EntryPoint","urlTemplate":"https:\/\/hipnos.lv\/en\/?s={search_term_string}"},"query-input":{"@type":"PropertyValueSpecification","valueRequired":true,"valueName":"search_term_string"}}],"inLanguage":"en-US"}]}},"_links":{"self":[{"href":"https:\/\/hipnos.lv\/en\/wp-json\/wp\/v2\/product\/1543","targetHints":{"allow":["GET"]}}],"collection":[{"href":"https:\/\/hipnos.lv\/en\/wp-json\/wp\/v2\/product"}],"about":[{"href":"https:\/\/hipnos.lv\/en\/wp-json\/wp\/v2\/types\/product"}],"replies":[{"embeddable":true,"href":"https:\/\/hipnos.lv\/en\/wp-json\/wp\/v2\/comments?post=1543"}],"wp:featuredmedia":[{"embeddable":true,"href":"https:\/\/hipnos.lv\/en\/wp-json\/wp\/v2\/media\/1544"}],"wp:attachment":[{"href":"https:\/\/hipnos.lv\/en\/wp-json\/wp\/v2\/media?parent=1543"}],"wp:term":[{"taxonomy":"product_brand","embeddable":true,"href":"https:\/\/hipnos.lv\/en\/wp-json\/wp\/v2\/product_brand?post=1543"},{"taxonomy":"product_cat","embeddable":true,"href":"https:\/\/hipnos.lv\/en\/wp-json\/wp\/v2\/product_cat?post=1543"},{"taxonomy":"product_tag","embeddable":true,"href":"https:\/\/hipnos.lv\/en\/wp-json\/wp\/v2\/product_tag?post=1543"}],"curies":[{"name":"wp","href":"https:\/\/api.w.org\/{rel}","templated":true}]}}