{"id":1533,"date":"2025-06-09T07:04:43","date_gmt":"2025-06-09T07:04:43","guid":{"rendered":"https:\/\/hipnos.lv\/?post_type=product&#038;p=1533"},"modified":"2026-02-24T09:54:55","modified_gmt":"2026-02-24T09:54:55","slug":"air-mini-soma","status":"publish","type":"product","link":"https:\/\/hipnos.lv\/en\/product\/air-mini-soma\/","title":{"rendered":"AirMini soma"},"content":{"rendered":"<article class=\"text-token-text-primary w-full\" dir=\"auto\" data-testid=\"conversation-turn-8\" data-scroll-anchor=\"true\">\n<div class=\"text-base my-auto mx-auto py-5 [--thread-content-margin:--spacing(4)] @[37rem]:[--thread-content-margin:--spacing(6)] @[72rem]:[--thread-content-margin:--spacing(16)] px-(--thread-content-margin)\">\n<div class=\"[--thread-content-max-width:32rem] @[34rem]:[--thread-content-max-width:40rem] @[64rem]:[--thread-content-max-width:48rem] mx-auto flex max-w-(--thread-content-max-width) flex-1 text-base gap-4 md:gap-5 lg:gap-6 group\/turn-messages focus-visible:outline-hidden\">\n<div class=\"group\/conversation-turn relative flex w-full min-w-0 flex-col agent-turn\">\n<div class=\"relative flex-col gap-1 md:gap-3\">\n<div class=\"flex max-w-full flex-col grow\">\n<div class=\"min-h-8 text-message relative flex w-full flex-col items-end gap-2 text-start break-words whitespace-normal [.text-message+&amp;]:mt-5\" dir=\"auto\" data-message-author-role=\"assistant\" data-message-id=\"03d79bdf-c55d-4ec7-a892-48b0bfae8e25\" data-message-model-slug=\"gpt-4o\">\n<div class=\"flex w-full flex-col gap-1 empty:hidden first:pt-[3px]\">\n<div class=\"markdown prose dark:prose-invert w-full break-words dark\">\n<p data-start=\"0\" data-end=\"75\">\u0160is pirkums <strong data-start=\"47\" data-end=\"74\">neietver AirMini ier\u012bci<\/strong>.<\/p>\n<p data-start=\"77\" data-end=\"486\" data-is-last-node=\"\" data-is-only-node=\"\">Par AirMini ce\u013cojuma somu:<br data-start=\"103\" data-end=\"106\" \/>\u2022 Nodal\u012bjumi ier\u012bcei, caurul\u0113m, mask\u0101m un str\u0101vas adapterim<br data-start=\"165\" data-end=\"168\" \/>\u2022 \u0112rtas plecu siksnas vieglai ne\u0161anai un ce\u013co\u0161anai<br data-start=\"218\" data-end=\"221\" \/>\u2022 Papildu priek\u0161\u0113j\u0101 kabata person\u012bgaj\u0101m ce\u013co\u0161anas liet\u0101m: telefonam, pasei, austi\u0146\u0101m u.c.<br data-start=\"310\" data-end=\"313\" \/>\u2022 Bag\u0101\u017ea, kas tiek atbr\u012bvota no maksas papildus rokas bag\u0101\u017eai (daudz\u0101s aviokomp\u0101nij\u0101s at\u013cauta k\u0101 medic\u012bnas iz\u0146\u0113mums; pirms lidojuma p\u0101rliecinieties pie savas aviokomp\u0101nijas)<\/p>\n<\/div>\n<\/div>\n<\/div>\n<\/div>\n<\/div>\n<\/div>\n<\/div>\n<\/div>\n<\/article>\n","protected":false},"excerpt":{"rendered":"<p>Par AirMini ce\u013cojuma somu:<br data-start=\"103\" data-end=\"106\" \/>\u2022 Nodal\u012bjumi ier\u012bcei, caurul\u0113m, mask\u0101m un str\u0101vas adapterim<br data-start=\"165\" data-end=\"168\" \/>\u2022 \u0112rtas plecu siksnas vieglai ne\u0161anai un ce\u013co\u0161anai<br data-start=\"218\" data-end=\"221\" \/>\u2022 Papildu priek\u0161\u0113j\u0101 kabata person\u012bgaj\u0101m ce\u013co\u0161anas liet\u0101m: telefonam, pasei, austi\u0146\u0101m u.c.<br data-start=\"310\" data-end=\"313\" \/>\u2022 Bag\u0101\u017ea, kas tiek atbr\u012bvota no maksas papildus rokas bag\u0101\u017eai (daudz\u0101s aviokomp\u0101nij\u0101s at\u013cauta k\u0101 medic\u012bnas iz\u0146\u0113mums; pirms lidojuma p\u0101rliecinieties pie savas aviokomp\u0101nijas)<\/p>\n","protected":false},"featured_media":1540,"comment_status":"open","ping_status":"closed","template":"","meta":{"_acf_changed":false,"inline_featured_image":false},"product_brand":[],"product_cat":[62],"product_tag":[],"class_list":{"0":"post-1533","1":"product","2":"type-product","3":"status-publish","4":"has-post-thumbnail","6":"product_cat-celosanas-iekartu-aksesuari-lv","8":"first","9":"onbackorder","10":"shipping-taxable","11":"purchasable","12":"product-type-simple"},"acf":[],"yoast_head":"<!-- This site is optimized with the Yoast SEO plugin v27.0 - https:\/\/yoast.com\/product\/yoast-seo-wordpress\/ -->\n<title>AirMini soma - Hipnos<\/title>\n<meta name=\"description\" content=\"Par AirMini ce\u013cojuma somu: Nodal\u012bjumi ier\u012bcei, caurul\u0113m, mask\u0101m un str\u0101vas adapterim. \u0112rtas plecu siksnas vieglai ne\u0161anai un ce\u013co\u0161anai. Papildu priek\u0161\u0113j\u0101 kabata person\u012bgaj\u0101m ce\u013co\u0161anas liet\u0101m: telefonam, pasei, austi\u0146\u0101m u.c. Bag\u0101\u017ea, kas tiek atbr\u012bvota no maksas papildus rokas bag\u0101\u017eai (daudz\u0101s aviokomp\u0101nij\u0101s at\u013cauta k\u0101 medic\u012bnas iz\u0146\u0113mums; pirms lidojuma p\u0101rliecinieties pie savas aviokomp\u0101nijas)\" \/>\n<meta name=\"robots\" content=\"noindex, follow, max-snippet:-1, max-image-preview:large, max-video-preview:-1\" \/>\n<meta property=\"og:locale\" content=\"en_US\" \/>\n<meta property=\"og:type\" content=\"article\" \/>\n<meta property=\"og:title\" content=\"AirMini soma - Hipnos\" \/>\n<meta property=\"og:description\" content=\"Par AirMini ce\u013cojuma somu: Nodal\u012bjumi ier\u012bcei, caurul\u0113m, mask\u0101m un str\u0101vas adapterim. \u0112rtas plecu siksnas vieglai ne\u0161anai un ce\u013co\u0161anai. Papildu priek\u0161\u0113j\u0101 kabata person\u012bgaj\u0101m ce\u013co\u0161anas liet\u0101m: telefonam, pasei, austi\u0146\u0101m u.c. Bag\u0101\u017ea, kas tiek atbr\u012bvota no maksas papildus rokas bag\u0101\u017eai (daudz\u0101s aviokomp\u0101nij\u0101s at\u013cauta k\u0101 medic\u012bnas iz\u0146\u0113mums; pirms lidojuma p\u0101rliecinieties pie savas aviokomp\u0101nijas)\" \/>\n<meta property=\"og:url\" content=\"https:\/\/hipnos.lv\/en\/product\/air-mini-soma\/\" \/>\n<meta property=\"og:site_name\" content=\"Hipnos\" \/>\n<meta property=\"article:modified_time\" content=\"2026-02-24T09:54:55+00:00\" \/>\n<meta property=\"og:image\" content=\"https:\/\/hipnos.lv\/wp-content\/uploads\/2025\/06\/egtged1.webp\" \/>\n\t<meta property=\"og:image:width\" content=\"600\" \/>\n\t<meta property=\"og:image:height\" content=\"600\" \/>\n\t<meta property=\"og:image:type\" content=\"image\/webp\" \/>\n<meta name=\"twitter:card\" content=\"summary_large_image\" \/>\n<meta name=\"twitter:label1\" content=\"Est. reading time\" \/>\n\t<meta name=\"twitter:data1\" content=\"1 minute\" \/>\n<script type=\"application\/ld+json\" class=\"yoast-schema-graph\">{\"@context\":\"https:\/\/schema.org\",\"@graph\":[{\"@type\":\"WebPage\",\"@id\":\"https:\/\/hipnos.lv\/en\/product\/air-mini-soma\/\",\"url\":\"https:\/\/hipnos.lv\/en\/product\/air-mini-soma\/\",\"name\":\"AirMini soma - Hipnos\",\"isPartOf\":{\"@id\":\"https:\/\/hipnos.lv\/en\/#website\"},\"primaryImageOfPage\":{\"@id\":\"https:\/\/hipnos.lv\/en\/product\/air-mini-soma\/#primaryimage\"},\"image\":{\"@id\":\"https:\/\/hipnos.lv\/en\/product\/air-mini-soma\/#primaryimage\"},\"thumbnailUrl\":\"https:\/\/hipnos.lv\/wp-content\/uploads\/2025\/06\/egtged1.webp\",\"datePublished\":\"2025-06-09T07:04:43+00:00\",\"dateModified\":\"2026-02-24T09:54:55+00:00\",\"description\":\"Par AirMini ce\u013cojuma somu: Nodal\u012bjumi ier\u012bcei, caurul\u0113m, mask\u0101m un str\u0101vas adapterim. \u0112rtas plecu siksnas vieglai ne\u0161anai un ce\u013co\u0161anai. Papildu priek\u0161\u0113j\u0101 kabata person\u012bgaj\u0101m ce\u013co\u0161anas liet\u0101m: telefonam, pasei, austi\u0146\u0101m u.c. Bag\u0101\u017ea, kas tiek atbr\u012bvota no maksas papildus rokas bag\u0101\u017eai (daudz\u0101s aviokomp\u0101nij\u0101s at\u013cauta k\u0101 medic\u012bnas iz\u0146\u0113mums; pirms lidojuma p\u0101rliecinieties pie savas aviokomp\u0101nijas)\",\"breadcrumb\":{\"@id\":\"https:\/\/hipnos.lv\/en\/product\/air-mini-soma\/#breadcrumb\"},\"inLanguage\":\"en-US\",\"potentialAction\":[{\"@type\":\"ReadAction\",\"target\":[\"https:\/\/hipnos.lv\/en\/product\/air-mini-soma\/\"]}]},{\"@type\":\"ImageObject\",\"inLanguage\":\"en-US\",\"@id\":\"https:\/\/hipnos.lv\/en\/product\/air-mini-soma\/#primaryimage\",\"url\":\"https:\/\/hipnos.lv\/wp-content\/uploads\/2025\/06\/egtged1.webp\",\"contentUrl\":\"https:\/\/hipnos.lv\/wp-content\/uploads\/2025\/06\/egtged1.webp\",\"width\":600,\"height\":600},{\"@type\":\"BreadcrumbList\",\"@id\":\"https:\/\/hipnos.lv\/en\/product\/air-mini-soma\/#breadcrumb\",\"itemListElement\":[{\"@type\":\"ListItem\",\"position\":1,\"name\":\"S\u0101kums\",\"item\":\"https:\/\/hipnos.lv\/en\/\"},{\"@type\":\"ListItem\",\"position\":2,\"name\":\"E\u2010Shop\",\"item\":\"https:\/\/hipnos.lv\/en\/shop\/\"},{\"@type\":\"ListItem\",\"position\":3,\"name\":\"AirMini soma\"}]},{\"@type\":\"WebSite\",\"@id\":\"https:\/\/hipnos.lv\/en\/#website\",\"url\":\"https:\/\/hipnos.lv\/en\/\",\"name\":\"Hipnos\",\"description\":\"\",\"potentialAction\":[{\"@type\":\"SearchAction\",\"target\":{\"@type\":\"EntryPoint\",\"urlTemplate\":\"https:\/\/hipnos.lv\/en\/?s={search_term_string}\"},\"query-input\":{\"@type\":\"PropertyValueSpecification\",\"valueRequired\":true,\"valueName\":\"search_term_string\"}}],\"inLanguage\":\"en-US\"}]}<\/script>\n<!-- \/ Yoast SEO plugin. -->","yoast_head_json":{"title":"AirMini soma - Hipnos","description":"Par AirMini ce\u013cojuma somu: Nodal\u012bjumi ier\u012bcei, caurul\u0113m, mask\u0101m un str\u0101vas adapterim. \u0112rtas plecu siksnas vieglai ne\u0161anai un ce\u013co\u0161anai. Papildu priek\u0161\u0113j\u0101 kabata person\u012bgaj\u0101m ce\u013co\u0161anas liet\u0101m: telefonam, pasei, austi\u0146\u0101m u.c. Bag\u0101\u017ea, kas tiek atbr\u012bvota no maksas papildus rokas bag\u0101\u017eai (daudz\u0101s aviokomp\u0101nij\u0101s at\u013cauta k\u0101 medic\u012bnas iz\u0146\u0113mums; pirms lidojuma p\u0101rliecinieties pie savas aviokomp\u0101nijas)","robots":{"index":"noindex","follow":"follow","max-snippet":"max-snippet:-1","max-image-preview":"max-image-preview:large","max-video-preview":"max-video-preview:-1"},"og_locale":"en_US","og_type":"article","og_title":"AirMini soma - Hipnos","og_description":"Par AirMini ce\u013cojuma somu: Nodal\u012bjumi ier\u012bcei, caurul\u0113m, mask\u0101m un str\u0101vas adapterim. \u0112rtas plecu siksnas vieglai ne\u0161anai un ce\u013co\u0161anai. Papildu priek\u0161\u0113j\u0101 kabata person\u012bgaj\u0101m ce\u013co\u0161anas liet\u0101m: telefonam, pasei, austi\u0146\u0101m u.c. Bag\u0101\u017ea, kas tiek atbr\u012bvota no maksas papildus rokas bag\u0101\u017eai (daudz\u0101s aviokomp\u0101nij\u0101s at\u013cauta k\u0101 medic\u012bnas iz\u0146\u0113mums; pirms lidojuma p\u0101rliecinieties pie savas aviokomp\u0101nijas)","og_url":"https:\/\/hipnos.lv\/en\/product\/air-mini-soma\/","og_site_name":"Hipnos","article_modified_time":"2026-02-24T09:54:55+00:00","og_image":[{"width":600,"height":600,"url":"https:\/\/hipnos.lv\/wp-content\/uploads\/2025\/06\/egtged1.webp","type":"image\/webp"}],"twitter_card":"summary_large_image","twitter_misc":{"Est. reading time":"1 minute"},"schema":{"@context":"https:\/\/schema.org","@graph":[{"@type":"WebPage","@id":"https:\/\/hipnos.lv\/en\/product\/air-mini-soma\/","url":"https:\/\/hipnos.lv\/en\/product\/air-mini-soma\/","name":"AirMini soma - Hipnos","isPartOf":{"@id":"https:\/\/hipnos.lv\/en\/#website"},"primaryImageOfPage":{"@id":"https:\/\/hipnos.lv\/en\/product\/air-mini-soma\/#primaryimage"},"image":{"@id":"https:\/\/hipnos.lv\/en\/product\/air-mini-soma\/#primaryimage"},"thumbnailUrl":"https:\/\/hipnos.lv\/wp-content\/uploads\/2025\/06\/egtged1.webp","datePublished":"2025-06-09T07:04:43+00:00","dateModified":"2026-02-24T09:54:55+00:00","description":"Par AirMini ce\u013cojuma somu: Nodal\u012bjumi ier\u012bcei, caurul\u0113m, mask\u0101m un str\u0101vas adapterim. \u0112rtas plecu siksnas vieglai ne\u0161anai un ce\u013co\u0161anai. Papildu priek\u0161\u0113j\u0101 kabata person\u012bgaj\u0101m ce\u013co\u0161anas liet\u0101m: telefonam, pasei, austi\u0146\u0101m u.c. Bag\u0101\u017ea, kas tiek atbr\u012bvota no maksas papildus rokas bag\u0101\u017eai (daudz\u0101s aviokomp\u0101nij\u0101s at\u013cauta k\u0101 medic\u012bnas iz\u0146\u0113mums; pirms lidojuma p\u0101rliecinieties pie savas aviokomp\u0101nijas)","breadcrumb":{"@id":"https:\/\/hipnos.lv\/en\/product\/air-mini-soma\/#breadcrumb"},"inLanguage":"en-US","potentialAction":[{"@type":"ReadAction","target":["https:\/\/hipnos.lv\/en\/product\/air-mini-soma\/"]}]},{"@type":"ImageObject","inLanguage":"en-US","@id":"https:\/\/hipnos.lv\/en\/product\/air-mini-soma\/#primaryimage","url":"https:\/\/hipnos.lv\/wp-content\/uploads\/2025\/06\/egtged1.webp","contentUrl":"https:\/\/hipnos.lv\/wp-content\/uploads\/2025\/06\/egtged1.webp","width":600,"height":600},{"@type":"BreadcrumbList","@id":"https:\/\/hipnos.lv\/en\/product\/air-mini-soma\/#breadcrumb","itemListElement":[{"@type":"ListItem","position":1,"name":"S\u0101kums","item":"https:\/\/hipnos.lv\/en\/"},{"@type":"ListItem","position":2,"name":"E\u2010Shop","item":"https:\/\/hipnos.lv\/en\/shop\/"},{"@type":"ListItem","position":3,"name":"AirMini soma"}]},{"@type":"WebSite","@id":"https:\/\/hipnos.lv\/en\/#website","url":"https:\/\/hipnos.lv\/en\/","name":"Hipnos","description":"","potentialAction":[{"@type":"SearchAction","target":{"@type":"EntryPoint","urlTemplate":"https:\/\/hipnos.lv\/en\/?s={search_term_string}"},"query-input":{"@type":"PropertyValueSpecification","valueRequired":true,"valueName":"search_term_string"}}],"inLanguage":"en-US"}]}},"_links":{"self":[{"href":"https:\/\/hipnos.lv\/en\/wp-json\/wp\/v2\/product\/1533","targetHints":{"allow":["GET"]}}],"collection":[{"href":"https:\/\/hipnos.lv\/en\/wp-json\/wp\/v2\/product"}],"about":[{"href":"https:\/\/hipnos.lv\/en\/wp-json\/wp\/v2\/types\/product"}],"replies":[{"embeddable":true,"href":"https:\/\/hipnos.lv\/en\/wp-json\/wp\/v2\/comments?post=1533"}],"wp:featuredmedia":[{"embeddable":true,"href":"https:\/\/hipnos.lv\/en\/wp-json\/wp\/v2\/media\/1540"}],"wp:attachment":[{"href":"https:\/\/hipnos.lv\/en\/wp-json\/wp\/v2\/media?parent=1533"}],"wp:term":[{"taxonomy":"product_brand","embeddable":true,"href":"https:\/\/hipnos.lv\/en\/wp-json\/wp\/v2\/product_brand?post=1533"},{"taxonomy":"product_cat","embeddable":true,"href":"https:\/\/hipnos.lv\/en\/wp-json\/wp\/v2\/product_cat?post=1533"},{"taxonomy":"product_tag","embeddable":true,"href":"https:\/\/hipnos.lv\/en\/wp-json\/wp\/v2\/product_tag?post=1533"}],"curies":[{"name":"wp","href":"https:\/\/api.w.org\/{rel}","templated":true}]}}