{"id":1529,"date":"2025-06-09T06:51:18","date_gmt":"2025-06-09T06:51:18","guid":{"rendered":"https:\/\/hipnos.lv\/?post_type=product&#038;p=1529"},"modified":"2025-09-22T07:24:26","modified_gmt":"2025-09-22T07:24:26","slug":"allegra-m30","status":"publish","type":"product","link":"https:\/\/hipnos.lv\/en\/product\/allegra-m30\/","title":{"rendered":"Allegra M30"},"content":{"rendered":"<p><strong data-start=\"68\" data-end=\"83\">Allegra M30<\/strong> ir ar baterij\u0101m darbin\u0101ms, p\u0101rvietojams medic\u012bniskais s\u016bk\u0161anas apar\u0101ts, ko var izmantot gan slimn\u012bc\u0101, gan m\u0101jas apst\u0101k\u013cos, lai no pacienta mutes, r\u012bkles un bronhu sist\u0113mas izvad\u012btu asinis, sekr\u0113tus un p\u0101rtikas da\u013ci\u0146as.<\/p>\n<p>Tehniskie parametri:<\/p>\n<p>Augstums- 213 mm<\/p>\n<p>Platums- 260 mm<\/p>\n<p>Dzi\u013cums- 124 mm<\/p>\n<p>Massa- 2.8 kg<\/p>\n","protected":false},"excerpt":{"rendered":"<p><strong data-start=\"68\" data-end=\"83\">Allegra M30<\/strong> ir ar baterij\u0101m darbin\u0101ms, p\u0101rvietojams medic\u012bniskais s\u016bk\u0161anas apar\u0101ts, ko var izmantot gan slimn\u012bc\u0101, gan m\u0101jas apst\u0101k\u013cos, lai no pacienta mutes, r\u012bkles un bronhu sist\u0113mas izvad\u012btu asinis, sekr\u0113tus un p\u0101rtikas da\u013ci\u0146as.<\/p>\n","protected":false},"featured_media":1530,"comment_status":"open","ping_status":"closed","template":"","meta":{"_acf_changed":false,"inline_featured_image":false},"product_brand":[],"product_cat":[80],"product_tag":[],"class_list":{"0":"post-1529","1":"product","2":"type-product","3":"status-publish","4":"has-post-thumbnail","6":"product_cat-atsuksanas-iekartas-lv","8":"first","9":"instock","10":"shipping-taxable","11":"purchasable","12":"product-type-simple"},"acf":[],"yoast_head":"<!-- This site is optimized with the Yoast SEO plugin v27.0 - https:\/\/yoast.com\/product\/yoast-seo-wordpress\/ -->\n<title>Allegra M30 - Hipnos<\/title>\n<meta name=\"description\" content=\"Allegra M30 ir ar baterij\u0101m darbin\u0101ms, p\u0101rvietojams medic\u012bniskais s\u016bk\u0161anas apar\u0101ts, ko var izmantot gan slimn\u012bc\u0101, gan m\u0101jas apst\u0101k\u013cos, lai no pacienta mutes, r\u012bkles un bronhu sist\u0113mas izvad\u012btu asinis, sekr\u0113tus un p\u0101rtikas da\u013ci\u0146as.\" \/>\n<meta name=\"robots\" content=\"noindex, follow, max-snippet:-1, max-image-preview:large, max-video-preview:-1\" \/>\n<meta property=\"og:locale\" content=\"en_US\" \/>\n<meta property=\"og:type\" content=\"article\" \/>\n<meta property=\"og:title\" content=\"Allegra M30 - Hipnos\" \/>\n<meta property=\"og:description\" content=\"Allegra M30 ir ar baterij\u0101m darbin\u0101ms, p\u0101rvietojams medic\u012bniskais s\u016bk\u0161anas apar\u0101ts, ko var izmantot gan slimn\u012bc\u0101, gan m\u0101jas apst\u0101k\u013cos, lai no pacienta mutes, r\u012bkles un bronhu sist\u0113mas izvad\u012btu asinis, sekr\u0113tus un p\u0101rtikas da\u013ci\u0146as.\" \/>\n<meta property=\"og:url\" content=\"https:\/\/hipnos.lv\/en\/product\/allegra-m30\/\" \/>\n<meta property=\"og:site_name\" content=\"Hipnos\" \/>\n<meta property=\"article:modified_time\" content=\"2025-09-22T07:24:26+00:00\" \/>\n<meta property=\"og:image\" content=\"https:\/\/hipnos.lv\/wp-content\/uploads\/2025\/06\/gbxfggbhz.jpg\" \/>\n\t<meta property=\"og:image:width\" content=\"768\" \/>\n\t<meta property=\"og:image:height\" content=\"768\" \/>\n\t<meta property=\"og:image:type\" content=\"image\/jpeg\" \/>\n<meta name=\"twitter:card\" content=\"summary_large_image\" \/>\n<meta name=\"twitter:label1\" content=\"Est. reading time\" \/>\n\t<meta name=\"twitter:data1\" content=\"1 minute\" \/>\n<script type=\"application\/ld+json\" class=\"yoast-schema-graph\">{\"@context\":\"https:\/\/schema.org\",\"@graph\":[{\"@type\":\"WebPage\",\"@id\":\"https:\/\/hipnos.lv\/en\/product\/allegra-m30\/\",\"url\":\"https:\/\/hipnos.lv\/en\/product\/allegra-m30\/\",\"name\":\"Allegra M30 - Hipnos\",\"isPartOf\":{\"@id\":\"https:\/\/hipnos.lv\/en\/#website\"},\"primaryImageOfPage\":{\"@id\":\"https:\/\/hipnos.lv\/en\/product\/allegra-m30\/#primaryimage\"},\"image\":{\"@id\":\"https:\/\/hipnos.lv\/en\/product\/allegra-m30\/#primaryimage\"},\"thumbnailUrl\":\"https:\/\/hipnos.lv\/wp-content\/uploads\/2025\/06\/gbxfggbhz.jpg\",\"datePublished\":\"2025-06-09T06:51:18+00:00\",\"dateModified\":\"2025-09-22T07:24:26+00:00\",\"description\":\"Allegra M30 ir ar baterij\u0101m darbin\u0101ms, p\u0101rvietojams medic\u012bniskais s\u016bk\u0161anas apar\u0101ts, ko var izmantot gan slimn\u012bc\u0101, gan m\u0101jas apst\u0101k\u013cos, lai no pacienta mutes, r\u012bkles un bronhu sist\u0113mas izvad\u012btu asinis, sekr\u0113tus un p\u0101rtikas da\u013ci\u0146as.\",\"breadcrumb\":{\"@id\":\"https:\/\/hipnos.lv\/en\/product\/allegra-m30\/#breadcrumb\"},\"inLanguage\":\"en-US\",\"potentialAction\":[{\"@type\":\"ReadAction\",\"target\":[\"https:\/\/hipnos.lv\/en\/product\/allegra-m30\/\"]}]},{\"@type\":\"ImageObject\",\"inLanguage\":\"en-US\",\"@id\":\"https:\/\/hipnos.lv\/en\/product\/allegra-m30\/#primaryimage\",\"url\":\"https:\/\/hipnos.lv\/wp-content\/uploads\/2025\/06\/gbxfggbhz.jpg\",\"contentUrl\":\"https:\/\/hipnos.lv\/wp-content\/uploads\/2025\/06\/gbxfggbhz.jpg\",\"width\":768,\"height\":768},{\"@type\":\"BreadcrumbList\",\"@id\":\"https:\/\/hipnos.lv\/en\/product\/allegra-m30\/#breadcrumb\",\"itemListElement\":[{\"@type\":\"ListItem\",\"position\":1,\"name\":\"S\u0101kums\",\"item\":\"https:\/\/hipnos.lv\/en\/\"},{\"@type\":\"ListItem\",\"position\":2,\"name\":\"E\u2010Shop\",\"item\":\"https:\/\/hipnos.lv\/en\/shop\/\"},{\"@type\":\"ListItem\",\"position\":3,\"name\":\"Allegra M30\"}]},{\"@type\":\"WebSite\",\"@id\":\"https:\/\/hipnos.lv\/en\/#website\",\"url\":\"https:\/\/hipnos.lv\/en\/\",\"name\":\"Hipnos\",\"description\":\"\",\"potentialAction\":[{\"@type\":\"SearchAction\",\"target\":{\"@type\":\"EntryPoint\",\"urlTemplate\":\"https:\/\/hipnos.lv\/en\/?s={search_term_string}\"},\"query-input\":{\"@type\":\"PropertyValueSpecification\",\"valueRequired\":true,\"valueName\":\"search_term_string\"}}],\"inLanguage\":\"en-US\"}]}<\/script>\n<!-- \/ Yoast SEO plugin. -->","yoast_head_json":{"title":"Allegra M30 - Hipnos","description":"Allegra M30 ir ar baterij\u0101m darbin\u0101ms, p\u0101rvietojams medic\u012bniskais s\u016bk\u0161anas apar\u0101ts, ko var izmantot gan slimn\u012bc\u0101, gan m\u0101jas apst\u0101k\u013cos, lai no pacienta mutes, r\u012bkles un bronhu sist\u0113mas izvad\u012btu asinis, sekr\u0113tus un p\u0101rtikas da\u013ci\u0146as.","robots":{"index":"noindex","follow":"follow","max-snippet":"max-snippet:-1","max-image-preview":"max-image-preview:large","max-video-preview":"max-video-preview:-1"},"og_locale":"en_US","og_type":"article","og_title":"Allegra M30 - Hipnos","og_description":"Allegra M30 ir ar baterij\u0101m darbin\u0101ms, p\u0101rvietojams medic\u012bniskais s\u016bk\u0161anas apar\u0101ts, ko var izmantot gan slimn\u012bc\u0101, gan m\u0101jas apst\u0101k\u013cos, lai no pacienta mutes, r\u012bkles un bronhu sist\u0113mas izvad\u012btu asinis, sekr\u0113tus un p\u0101rtikas da\u013ci\u0146as.","og_url":"https:\/\/hipnos.lv\/en\/product\/allegra-m30\/","og_site_name":"Hipnos","article_modified_time":"2025-09-22T07:24:26+00:00","og_image":[{"width":768,"height":768,"url":"https:\/\/hipnos.lv\/wp-content\/uploads\/2025\/06\/gbxfggbhz.jpg","type":"image\/jpeg"}],"twitter_card":"summary_large_image","twitter_misc":{"Est. reading time":"1 minute"},"schema":{"@context":"https:\/\/schema.org","@graph":[{"@type":"WebPage","@id":"https:\/\/hipnos.lv\/en\/product\/allegra-m30\/","url":"https:\/\/hipnos.lv\/en\/product\/allegra-m30\/","name":"Allegra M30 - Hipnos","isPartOf":{"@id":"https:\/\/hipnos.lv\/en\/#website"},"primaryImageOfPage":{"@id":"https:\/\/hipnos.lv\/en\/product\/allegra-m30\/#primaryimage"},"image":{"@id":"https:\/\/hipnos.lv\/en\/product\/allegra-m30\/#primaryimage"},"thumbnailUrl":"https:\/\/hipnos.lv\/wp-content\/uploads\/2025\/06\/gbxfggbhz.jpg","datePublished":"2025-06-09T06:51:18+00:00","dateModified":"2025-09-22T07:24:26+00:00","description":"Allegra M30 ir ar baterij\u0101m darbin\u0101ms, p\u0101rvietojams medic\u012bniskais s\u016bk\u0161anas apar\u0101ts, ko var izmantot gan slimn\u012bc\u0101, gan m\u0101jas apst\u0101k\u013cos, lai no pacienta mutes, r\u012bkles un bronhu sist\u0113mas izvad\u012btu asinis, sekr\u0113tus un p\u0101rtikas da\u013ci\u0146as.","breadcrumb":{"@id":"https:\/\/hipnos.lv\/en\/product\/allegra-m30\/#breadcrumb"},"inLanguage":"en-US","potentialAction":[{"@type":"ReadAction","target":["https:\/\/hipnos.lv\/en\/product\/allegra-m30\/"]}]},{"@type":"ImageObject","inLanguage":"en-US","@id":"https:\/\/hipnos.lv\/en\/product\/allegra-m30\/#primaryimage","url":"https:\/\/hipnos.lv\/wp-content\/uploads\/2025\/06\/gbxfggbhz.jpg","contentUrl":"https:\/\/hipnos.lv\/wp-content\/uploads\/2025\/06\/gbxfggbhz.jpg","width":768,"height":768},{"@type":"BreadcrumbList","@id":"https:\/\/hipnos.lv\/en\/product\/allegra-m30\/#breadcrumb","itemListElement":[{"@type":"ListItem","position":1,"name":"S\u0101kums","item":"https:\/\/hipnos.lv\/en\/"},{"@type":"ListItem","position":2,"name":"E\u2010Shop","item":"https:\/\/hipnos.lv\/en\/shop\/"},{"@type":"ListItem","position":3,"name":"Allegra M30"}]},{"@type":"WebSite","@id":"https:\/\/hipnos.lv\/en\/#website","url":"https:\/\/hipnos.lv\/en\/","name":"Hipnos","description":"","potentialAction":[{"@type":"SearchAction","target":{"@type":"EntryPoint","urlTemplate":"https:\/\/hipnos.lv\/en\/?s={search_term_string}"},"query-input":{"@type":"PropertyValueSpecification","valueRequired":true,"valueName":"search_term_string"}}],"inLanguage":"en-US"}]}},"_links":{"self":[{"href":"https:\/\/hipnos.lv\/en\/wp-json\/wp\/v2\/product\/1529","targetHints":{"allow":["GET"]}}],"collection":[{"href":"https:\/\/hipnos.lv\/en\/wp-json\/wp\/v2\/product"}],"about":[{"href":"https:\/\/hipnos.lv\/en\/wp-json\/wp\/v2\/types\/product"}],"replies":[{"embeddable":true,"href":"https:\/\/hipnos.lv\/en\/wp-json\/wp\/v2\/comments?post=1529"}],"wp:featuredmedia":[{"embeddable":true,"href":"https:\/\/hipnos.lv\/en\/wp-json\/wp\/v2\/media\/1530"}],"wp:attachment":[{"href":"https:\/\/hipnos.lv\/en\/wp-json\/wp\/v2\/media?parent=1529"}],"wp:term":[{"taxonomy":"product_brand","embeddable":true,"href":"https:\/\/hipnos.lv\/en\/wp-json\/wp\/v2\/product_brand?post=1529"},{"taxonomy":"product_cat","embeddable":true,"href":"https:\/\/hipnos.lv\/en\/wp-json\/wp\/v2\/product_cat?post=1529"},{"taxonomy":"product_tag","embeddable":true,"href":"https:\/\/hipnos.lv\/en\/wp-json\/wp\/v2\/product_tag?post=1529"}],"curies":[{"name":"wp","href":"https:\/\/api.w.org\/{rel}","templated":true}]}}