{"id":1524,"date":"2025-06-09T06:26:13","date_gmt":"2025-06-09T06:26:13","guid":{"rendered":"https:\/\/hipnos.lv\/?post_type=product&#038;p=1524"},"modified":"2025-06-09T06:26:13","modified_gmt":"2025-06-09T06:26:13","slug":"gada-komplekts-prieks-airforce-one-iekartas","status":"publish","type":"product","link":"https:\/\/hipnos.lv\/en\/product\/gada-komplekts-prieks-airforce-one-iekartas\/","title":{"rendered":"Gada komplekts priek\u0161 AirForce One iek\u0101rtas"},"content":{"rendered":"<p data-start=\"0\" data-end=\"208\">Gada komplekts AirForce One inhalatoram pied\u0101v\u0101 pla\u0161u aksesu\u0101ru izv\u0113li, kas \u012bpa\u0161i izstr\u0101d\u0101ta, lai nodro\u0161in\u0101tu ier\u012bces funkcionalit\u0101ti un efektivit\u0101ti visa gada garum\u0101.<\/p>\n<p>5 filtri<br data-start=\"218\" data-end=\"221\" \/>Da\u017e\u0101das sk\u0101bek\u013ca maskas<br data-start=\"244\" data-end=\"247\" \/>Caurul\u012btes<br data-start=\"257\" data-end=\"260\" \/>Piem\u0113rots pieaugu\u0161ajiem un b\u0113rniem<\/p>\n","protected":false},"excerpt":{"rendered":"<p>Gada komplekts AirForce One inhalatoram pied\u0101v\u0101 pla\u0161u aksesu\u0101ru izv\u0113li, kas \u012bpa\u0161i izstr\u0101d\u0101ta, lai nodro\u0161in\u0101tu ier\u012bces funkcionalit\u0101ti un efektivit\u0101ti visa gada garum\u0101.<\/p>\n","protected":false},"featured_media":1526,"comment_status":"open","ping_status":"closed","template":"","meta":{"_acf_changed":false,"inline_featured_image":false},"product_brand":[],"product_cat":[79],"product_tag":[],"class_list":{"0":"post-1524","1":"product","2":"type-product","3":"status-publish","4":"has-post-thumbnail","6":"product_cat-inhalatori-lv","8":"first","9":"instock","10":"shipping-taxable","11":"purchasable","12":"product-type-simple"},"acf":[],"yoast_head":"<!-- This site is optimized with the Yoast SEO plugin v27.0 - https:\/\/yoast.com\/product\/yoast-seo-wordpress\/ -->\n<title>Gada komplekts priek\u0161 AirForce One iek\u0101rtas - Hipnos<\/title>\n<meta name=\"description\" content=\"Gada komplekts AirForce One inhalatoram pied\u0101v\u0101 pla\u0161u aksesu\u0101ru izv\u0113li, kas \u012bpa\u0161i izstr\u0101d\u0101ta, lai nodro\u0161in\u0101tu ier\u012bces funkcionalit\u0101ti un efektivit\u0101ti visa gada garum\u0101.\" \/>\n<meta name=\"robots\" content=\"noindex, follow, max-snippet:-1, max-image-preview:large, max-video-preview:-1\" \/>\n<meta property=\"og:locale\" content=\"en_US\" \/>\n<meta property=\"og:type\" content=\"article\" \/>\n<meta property=\"og:title\" content=\"Gada komplekts priek\u0161 AirForce One iek\u0101rtas - Hipnos\" \/>\n<meta property=\"og:description\" content=\"Gada komplekts AirForce One inhalatoram pied\u0101v\u0101 pla\u0161u aksesu\u0101ru izv\u0113li, kas \u012bpa\u0161i izstr\u0101d\u0101ta, lai nodro\u0161in\u0101tu ier\u012bces funkcionalit\u0101ti un efektivit\u0101ti visa gada garum\u0101.\" \/>\n<meta property=\"og:url\" content=\"https:\/\/hipnos.lv\/en\/product\/gada-komplekts-prieks-airforce-one-iekartas\/\" \/>\n<meta property=\"og:site_name\" content=\"Hipnos\" \/>\n<meta property=\"og:image\" content=\"https:\/\/hipnos.lv\/wp-content\/uploads\/2025\/06\/92883@2x.webp\" \/>\n\t<meta property=\"og:image:width\" content=\"1090\" \/>\n\t<meta property=\"og:image:height\" content=\"687\" \/>\n\t<meta property=\"og:image:type\" content=\"image\/webp\" \/>\n<meta name=\"twitter:card\" content=\"summary_large_image\" \/>\n<meta name=\"twitter:label1\" content=\"Est. reading time\" \/>\n\t<meta name=\"twitter:data1\" content=\"1 minute\" \/>\n<script type=\"application\/ld+json\" class=\"yoast-schema-graph\">{\"@context\":\"https:\/\/schema.org\",\"@graph\":[{\"@type\":\"WebPage\",\"@id\":\"https:\/\/hipnos.lv\/en\/product\/gada-komplekts-prieks-airforce-one-iekartas\/\",\"url\":\"https:\/\/hipnos.lv\/en\/product\/gada-komplekts-prieks-airforce-one-iekartas\/\",\"name\":\"Gada komplekts priek\u0161 AirForce One iek\u0101rtas - Hipnos\",\"isPartOf\":{\"@id\":\"https:\/\/hipnos.lv\/en\/#website\"},\"primaryImageOfPage\":{\"@id\":\"https:\/\/hipnos.lv\/en\/product\/gada-komplekts-prieks-airforce-one-iekartas\/#primaryimage\"},\"image\":{\"@id\":\"https:\/\/hipnos.lv\/en\/product\/gada-komplekts-prieks-airforce-one-iekartas\/#primaryimage\"},\"thumbnailUrl\":\"https:\/\/hipnos.lv\/wp-content\/uploads\/2025\/06\/92883@2x.webp\",\"datePublished\":\"2025-06-09T06:26:13+00:00\",\"description\":\"Gada komplekts AirForce One inhalatoram pied\u0101v\u0101 pla\u0161u aksesu\u0101ru izv\u0113li, kas \u012bpa\u0161i izstr\u0101d\u0101ta, lai nodro\u0161in\u0101tu ier\u012bces funkcionalit\u0101ti un efektivit\u0101ti visa gada garum\u0101.\",\"breadcrumb\":{\"@id\":\"https:\/\/hipnos.lv\/en\/product\/gada-komplekts-prieks-airforce-one-iekartas\/#breadcrumb\"},\"inLanguage\":\"en-US\",\"potentialAction\":[{\"@type\":\"ReadAction\",\"target\":[\"https:\/\/hipnos.lv\/en\/product\/gada-komplekts-prieks-airforce-one-iekartas\/\"]}]},{\"@type\":\"ImageObject\",\"inLanguage\":\"en-US\",\"@id\":\"https:\/\/hipnos.lv\/en\/product\/gada-komplekts-prieks-airforce-one-iekartas\/#primaryimage\",\"url\":\"https:\/\/hipnos.lv\/wp-content\/uploads\/2025\/06\/92883@2x.webp\",\"contentUrl\":\"https:\/\/hipnos.lv\/wp-content\/uploads\/2025\/06\/92883@2x.webp\",\"width\":1090,\"height\":687},{\"@type\":\"BreadcrumbList\",\"@id\":\"https:\/\/hipnos.lv\/en\/product\/gada-komplekts-prieks-airforce-one-iekartas\/#breadcrumb\",\"itemListElement\":[{\"@type\":\"ListItem\",\"position\":1,\"name\":\"S\u0101kums\",\"item\":\"https:\/\/hipnos.lv\/en\/\"},{\"@type\":\"ListItem\",\"position\":2,\"name\":\"E\u2010Shop\",\"item\":\"https:\/\/hipnos.lv\/en\/shop\/\"},{\"@type\":\"ListItem\",\"position\":3,\"name\":\"Gada komplekts priek\u0161 AirForce One iek\u0101rtas\"}]},{\"@type\":\"WebSite\",\"@id\":\"https:\/\/hipnos.lv\/en\/#website\",\"url\":\"https:\/\/hipnos.lv\/en\/\",\"name\":\"Hipnos\",\"description\":\"\",\"potentialAction\":[{\"@type\":\"SearchAction\",\"target\":{\"@type\":\"EntryPoint\",\"urlTemplate\":\"https:\/\/hipnos.lv\/en\/?s={search_term_string}\"},\"query-input\":{\"@type\":\"PropertyValueSpecification\",\"valueRequired\":true,\"valueName\":\"search_term_string\"}}],\"inLanguage\":\"en-US\"}]}<\/script>\n<!-- \/ Yoast SEO plugin. -->","yoast_head_json":{"title":"Gada komplekts priek\u0161 AirForce One iek\u0101rtas - Hipnos","description":"Gada komplekts AirForce One inhalatoram pied\u0101v\u0101 pla\u0161u aksesu\u0101ru izv\u0113li, kas \u012bpa\u0161i izstr\u0101d\u0101ta, lai nodro\u0161in\u0101tu ier\u012bces funkcionalit\u0101ti un efektivit\u0101ti visa gada garum\u0101.","robots":{"index":"noindex","follow":"follow","max-snippet":"max-snippet:-1","max-image-preview":"max-image-preview:large","max-video-preview":"max-video-preview:-1"},"og_locale":"en_US","og_type":"article","og_title":"Gada komplekts priek\u0161 AirForce One iek\u0101rtas - Hipnos","og_description":"Gada komplekts AirForce One inhalatoram pied\u0101v\u0101 pla\u0161u aksesu\u0101ru izv\u0113li, kas \u012bpa\u0161i izstr\u0101d\u0101ta, lai nodro\u0161in\u0101tu ier\u012bces funkcionalit\u0101ti un efektivit\u0101ti visa gada garum\u0101.","og_url":"https:\/\/hipnos.lv\/en\/product\/gada-komplekts-prieks-airforce-one-iekartas\/","og_site_name":"Hipnos","og_image":[{"width":1090,"height":687,"url":"https:\/\/hipnos.lv\/wp-content\/uploads\/2025\/06\/92883@2x.webp","type":"image\/webp"}],"twitter_card":"summary_large_image","twitter_misc":{"Est. reading time":"1 minute"},"schema":{"@context":"https:\/\/schema.org","@graph":[{"@type":"WebPage","@id":"https:\/\/hipnos.lv\/en\/product\/gada-komplekts-prieks-airforce-one-iekartas\/","url":"https:\/\/hipnos.lv\/en\/product\/gada-komplekts-prieks-airforce-one-iekartas\/","name":"Gada komplekts priek\u0161 AirForce One iek\u0101rtas - Hipnos","isPartOf":{"@id":"https:\/\/hipnos.lv\/en\/#website"},"primaryImageOfPage":{"@id":"https:\/\/hipnos.lv\/en\/product\/gada-komplekts-prieks-airforce-one-iekartas\/#primaryimage"},"image":{"@id":"https:\/\/hipnos.lv\/en\/product\/gada-komplekts-prieks-airforce-one-iekartas\/#primaryimage"},"thumbnailUrl":"https:\/\/hipnos.lv\/wp-content\/uploads\/2025\/06\/92883@2x.webp","datePublished":"2025-06-09T06:26:13+00:00","description":"Gada komplekts AirForce One inhalatoram pied\u0101v\u0101 pla\u0161u aksesu\u0101ru izv\u0113li, kas \u012bpa\u0161i izstr\u0101d\u0101ta, lai nodro\u0161in\u0101tu ier\u012bces funkcionalit\u0101ti un efektivit\u0101ti visa gada garum\u0101.","breadcrumb":{"@id":"https:\/\/hipnos.lv\/en\/product\/gada-komplekts-prieks-airforce-one-iekartas\/#breadcrumb"},"inLanguage":"en-US","potentialAction":[{"@type":"ReadAction","target":["https:\/\/hipnos.lv\/en\/product\/gada-komplekts-prieks-airforce-one-iekartas\/"]}]},{"@type":"ImageObject","inLanguage":"en-US","@id":"https:\/\/hipnos.lv\/en\/product\/gada-komplekts-prieks-airforce-one-iekartas\/#primaryimage","url":"https:\/\/hipnos.lv\/wp-content\/uploads\/2025\/06\/92883@2x.webp","contentUrl":"https:\/\/hipnos.lv\/wp-content\/uploads\/2025\/06\/92883@2x.webp","width":1090,"height":687},{"@type":"BreadcrumbList","@id":"https:\/\/hipnos.lv\/en\/product\/gada-komplekts-prieks-airforce-one-iekartas\/#breadcrumb","itemListElement":[{"@type":"ListItem","position":1,"name":"S\u0101kums","item":"https:\/\/hipnos.lv\/en\/"},{"@type":"ListItem","position":2,"name":"E\u2010Shop","item":"https:\/\/hipnos.lv\/en\/shop\/"},{"@type":"ListItem","position":3,"name":"Gada komplekts priek\u0161 AirForce One iek\u0101rtas"}]},{"@type":"WebSite","@id":"https:\/\/hipnos.lv\/en\/#website","url":"https:\/\/hipnos.lv\/en\/","name":"Hipnos","description":"","potentialAction":[{"@type":"SearchAction","target":{"@type":"EntryPoint","urlTemplate":"https:\/\/hipnos.lv\/en\/?s={search_term_string}"},"query-input":{"@type":"PropertyValueSpecification","valueRequired":true,"valueName":"search_term_string"}}],"inLanguage":"en-US"}]}},"_links":{"self":[{"href":"https:\/\/hipnos.lv\/en\/wp-json\/wp\/v2\/product\/1524","targetHints":{"allow":["GET"]}}],"collection":[{"href":"https:\/\/hipnos.lv\/en\/wp-json\/wp\/v2\/product"}],"about":[{"href":"https:\/\/hipnos.lv\/en\/wp-json\/wp\/v2\/types\/product"}],"replies":[{"embeddable":true,"href":"https:\/\/hipnos.lv\/en\/wp-json\/wp\/v2\/comments?post=1524"}],"wp:featuredmedia":[{"embeddable":true,"href":"https:\/\/hipnos.lv\/en\/wp-json\/wp\/v2\/media\/1526"}],"wp:attachment":[{"href":"https:\/\/hipnos.lv\/en\/wp-json\/wp\/v2\/media?parent=1524"}],"wp:term":[{"taxonomy":"product_brand","embeddable":true,"href":"https:\/\/hipnos.lv\/en\/wp-json\/wp\/v2\/product_brand?post=1524"},{"taxonomy":"product_cat","embeddable":true,"href":"https:\/\/hipnos.lv\/en\/wp-json\/wp\/v2\/product_cat?post=1524"},{"taxonomy":"product_tag","embeddable":true,"href":"https:\/\/hipnos.lv\/en\/wp-json\/wp\/v2\/product_tag?post=1524"}],"curies":[{"name":"wp","href":"https:\/\/api.w.org\/{rel}","templated":true}]}}