{"id":1516,"date":"2025-06-06T09:39:49","date_gmt":"2025-06-06T09:39:49","guid":{"rendered":"https:\/\/hipnos.lv\/?post_type=product&#038;p=1516"},"modified":"2025-06-12T10:38:50","modified_gmt":"2025-06-12T10:38:50","slug":"airforce-one","status":"publish","type":"product","link":"https:\/\/hipnos.lv\/en\/product\/airforce-one\/","title":{"rendered":"AirForce One"},"content":{"rendered":"<p data-start=\"80\" data-end=\"355\"><strong data-start=\"80\" data-end=\"96\">AirForce One<\/strong> ir kompakts kompresora tipa smidzin\u0101t\u0101js, kas nodro\u0161ina uzticamu un efekt\u012bvu aerosola terapiju ak\u016btu aug\u0161\u0113jo un apak\u0161\u0113jo elpce\u013cu saslim\u0161anu gad\u012bjum\u0101. Ier\u012bce ir ide\u0101li piem\u0113rota ar\u012b iesp\u0113jam\u0101s plau\u0161u saslim\u0161anas un sezon\u0101lu saaukst\u0113\u0161an\u0101s gad\u012bjumu profilaksei.<\/p>\n<ul data-start=\"357\" data-end=\"946\">\n<li data-start=\"357\" data-end=\"433\">\n<p data-start=\"359\" data-end=\"433\">Lietot\u0101jam draudz\u012bga \u0123imenes ier\u012bce ikdienas lieto\u0161anai m\u0101jas apst\u0101k\u013cos.<\/p>\n<\/li>\n<li data-start=\"434\" data-end=\"504\">\n<p data-start=\"436\" data-end=\"504\">Zems trok\u0161\u0146a l\u012bmenis, t\u0101d\u0113\u013c \u012bpa\u0161i piem\u0113rota mazu b\u0113rnu \u0101rst\u0113\u0161anai.<\/p>\n<\/li>\n<li data-start=\"505\" data-end=\"548\">\n<p data-start=\"507\" data-end=\"548\">Ieb\u016bv\u0113ts rokturis \u0113rt\u0101kai p\u0101rn\u0113s\u0101\u0161anai.<\/p>\n<\/li>\n<li data-start=\"549\" data-end=\"684\">\n<p data-start=\"551\" data-end=\"684\">Komplekt\u0101 iek\u013cauti da\u017e\u0101di piederumi: smidzin\u0101t\u0101ja uzgalis, b\u0113rnu un pieaugu\u0161o maskas, iemutis, deguna uzgalis un uzglab\u0101\u0161anas soma.<\/p>\n<\/li>\n<li data-start=\"685\" data-end=\"738\">\n<p data-start=\"687\" data-end=\"738\">Piem\u0113rota visiem standarta inhal\u0101cijas \u0161\u0137\u012bdumiem.<\/p>\n<\/li>\n<li data-start=\"739\" data-end=\"807\">\n<p data-start=\"741\" data-end=\"807\">Ra\u017eo \u012bpa\u0161i smalkas aerosola da\u013ci\u0146as, kas iek\u013c\u016bst dzi\u013ci elpce\u013cos.<\/p>\n<\/li>\n<li data-start=\"808\" data-end=\"842\">\n<p data-start=\"810\" data-end=\"842\">Viegli uzst\u0101d\u0101ma un lietojama.<\/p>\n<\/li>\n<li data-start=\"843\" data-end=\"906\">\n<p data-start=\"845\" data-end=\"906\">Gatava lieto\u0161anai uzreiz, ar zem\u0101m ekspluat\u0101cijas izmaks\u0101m.<\/p>\n<\/li>\n<li data-start=\"907\" data-end=\"946\">\n<p data-start=\"909\" data-end=\"946\">Ide\u0101li piem\u0113rota ikdienas lieto\u0161anai.<\/p>\n<\/li>\n<\/ul>\n","protected":false},"excerpt":{"rendered":"<article class=\"text-token-text-primary w-full\" dir=\"auto\" data-testid=\"conversation-turn-160\" data-scroll-anchor=\"true\">\n<div class=\"text-base my-auto mx-auto py-5 [--thread-content-margin:--spacing(4)] @[37rem]:[--thread-content-margin:--spacing(6)] @[72rem]:[--thread-content-margin:--spacing(16)] px-(--thread-content-margin)\">\n<div class=\"[--thread-content-max-width:32rem] @[34rem]:[--thread-content-max-width:40rem] @[64rem]:[--thread-content-max-width:48rem] mx-auto flex max-w-(--thread-content-max-width) flex-1 text-base gap-4 md:gap-5 lg:gap-6 group\/turn-messages focus-visible:outline-hidden\">\n<div class=\"group\/conversation-turn relative flex w-full min-w-0 flex-col agent-turn\">\n<div class=\"relative flex-col gap-1 md:gap-3\">\n<div class=\"flex max-w-full flex-col grow\">\n<div class=\"min-h-8 text-message relative flex w-full flex-col items-end gap-2 text-start break-words whitespace-normal [.text-message+&amp;]:mt-5\" dir=\"auto\" data-message-author-role=\"assistant\" data-message-id=\"cb9e4784-36ae-4fe4-a4cb-09cab1c1bdbd\" data-message-model-slug=\"gpt-4o\">\n<div class=\"flex w-full flex-col gap-1 empty:hidden first:pt-[3px]\">\n<div class=\"markdown prose dark:prose-invert w-full break-words light\">\n<p data-start=\"61\" data-end=\"259\" data-is-last-node=\"\" data-is-only-node=\"\">Kompakts un kluss inhalators ikdienas lieto\u0161anai, ar pla\u0161u aksesu\u0101ru komplektu. Inhalators p\u0101rv\u0113r\u0161 \u0161\u0137idr\u0101s z\u0101les aerosol\u0101, kas \u0101tri un dro\u0161i iek\u013c\u016bst aug\u0161\u0113jos un apak\u0161\u0113jos elpce\u013cos. Piem\u0113rots b\u0113rniem un pieaugu\u0161ajiem.<\/p>\n<\/div>\n<\/div>\n<\/div>\n<\/div>\n<\/div>\n<\/div>\n<\/div>\n<\/div>\n<\/article>\n","protected":false},"featured_media":1521,"comment_status":"open","ping_status":"closed","template":"","meta":{"_acf_changed":false,"inline_featured_image":false},"product_brand":[],"product_cat":[79],"product_tag":[],"class_list":{"0":"post-1516","1":"product","2":"type-product","3":"status-publish","4":"has-post-thumbnail","6":"product_cat-inhalatori-lv","8":"first","9":"instock","10":"shipping-taxable","11":"purchasable","12":"product-type-simple"},"acf":[],"yoast_head":"<!-- This site is optimized with the Yoast SEO plugin v27.0 - https:\/\/yoast.com\/product\/yoast-seo-wordpress\/ -->\n<title>AirForce One - Hipnos<\/title>\n<meta name=\"description\" content=\"Kompakts un kluss inhalators ikdienas lieto\u0161anai, ar pla\u0161u aksesu\u0101ru komplektu. Inhalators p\u0101rv\u0113r\u0161 \u0161\u0137idr\u0101s z\u0101les aerosol\u0101, kas \u0101tri un dro\u0161i iek\u013c\u016bst aug\u0161\u0113jos un apak\u0161\u0113jos elpce\u013cos. Piem\u0113rots b\u0113rniem un pieaugu\u0161ajiem.\" \/>\n<meta name=\"robots\" content=\"noindex, follow, max-snippet:-1, max-image-preview:large, max-video-preview:-1\" \/>\n<meta property=\"og:locale\" content=\"en_US\" \/>\n<meta property=\"og:type\" content=\"article\" \/>\n<meta property=\"og:title\" content=\"AirForce One - Hipnos\" \/>\n<meta property=\"og:description\" content=\"Kompakts un kluss inhalators ikdienas lieto\u0161anai, ar pla\u0161u aksesu\u0101ru komplektu. Inhalators p\u0101rv\u0113r\u0161 \u0161\u0137idr\u0101s z\u0101les aerosol\u0101, kas \u0101tri un dro\u0161i iek\u013c\u016bst aug\u0161\u0113jos un apak\u0161\u0113jos elpce\u013cos. Piem\u0113rots b\u0113rniem un pieaugu\u0161ajiem.\" \/>\n<meta property=\"og:url\" content=\"https:\/\/hipnos.lv\/en\/product\/airforce-one\/\" \/>\n<meta property=\"og:site_name\" content=\"Hipnos\" \/>\n<meta property=\"article:modified_time\" content=\"2025-06-12T10:38:50+00:00\" \/>\n<meta property=\"og:image\" content=\"https:\/\/hipnos.lv\/wp-content\/uploads\/2025\/06\/5egr4tshrt5er1.webp\" \/>\n\t<meta property=\"og:image:width\" content=\"1090\" \/>\n\t<meta property=\"og:image:height\" content=\"678\" \/>\n\t<meta property=\"og:image:type\" content=\"image\/webp\" \/>\n<meta name=\"twitter:card\" content=\"summary_large_image\" \/>\n<meta name=\"twitter:label1\" content=\"Est. reading time\" \/>\n\t<meta name=\"twitter:data1\" content=\"1 minute\" \/>\n<script type=\"application\/ld+json\" class=\"yoast-schema-graph\">{\"@context\":\"https:\/\/schema.org\",\"@graph\":[{\"@type\":\"WebPage\",\"@id\":\"https:\/\/hipnos.lv\/en\/product\/airforce-one\/\",\"url\":\"https:\/\/hipnos.lv\/en\/product\/airforce-one\/\",\"name\":\"AirForce One - Hipnos\",\"isPartOf\":{\"@id\":\"https:\/\/hipnos.lv\/en\/#website\"},\"primaryImageOfPage\":{\"@id\":\"https:\/\/hipnos.lv\/en\/product\/airforce-one\/#primaryimage\"},\"image\":{\"@id\":\"https:\/\/hipnos.lv\/en\/product\/airforce-one\/#primaryimage\"},\"thumbnailUrl\":\"https:\/\/hipnos.lv\/wp-content\/uploads\/2025\/06\/5egr4tshrt5er1.webp\",\"datePublished\":\"2025-06-06T09:39:49+00:00\",\"dateModified\":\"2025-06-12T10:38:50+00:00\",\"description\":\"Kompakts un kluss inhalators ikdienas lieto\u0161anai, ar pla\u0161u aksesu\u0101ru komplektu. Inhalators p\u0101rv\u0113r\u0161 \u0161\u0137idr\u0101s z\u0101les aerosol\u0101, kas \u0101tri un dro\u0161i iek\u013c\u016bst aug\u0161\u0113jos un apak\u0161\u0113jos elpce\u013cos. Piem\u0113rots b\u0113rniem un pieaugu\u0161ajiem.\",\"breadcrumb\":{\"@id\":\"https:\/\/hipnos.lv\/en\/product\/airforce-one\/#breadcrumb\"},\"inLanguage\":\"en-US\",\"potentialAction\":[{\"@type\":\"ReadAction\",\"target\":[\"https:\/\/hipnos.lv\/en\/product\/airforce-one\/\"]}]},{\"@type\":\"ImageObject\",\"inLanguage\":\"en-US\",\"@id\":\"https:\/\/hipnos.lv\/en\/product\/airforce-one\/#primaryimage\",\"url\":\"https:\/\/hipnos.lv\/wp-content\/uploads\/2025\/06\/5egr4tshrt5er1.webp\",\"contentUrl\":\"https:\/\/hipnos.lv\/wp-content\/uploads\/2025\/06\/5egr4tshrt5er1.webp\",\"width\":1090,\"height\":678},{\"@type\":\"BreadcrumbList\",\"@id\":\"https:\/\/hipnos.lv\/en\/product\/airforce-one\/#breadcrumb\",\"itemListElement\":[{\"@type\":\"ListItem\",\"position\":1,\"name\":\"S\u0101kums\",\"item\":\"https:\/\/hipnos.lv\/en\/\"},{\"@type\":\"ListItem\",\"position\":2,\"name\":\"E\u2010Shop\",\"item\":\"https:\/\/hipnos.lv\/en\/shop\/\"},{\"@type\":\"ListItem\",\"position\":3,\"name\":\"AirForce One\"}]},{\"@type\":\"WebSite\",\"@id\":\"https:\/\/hipnos.lv\/en\/#website\",\"url\":\"https:\/\/hipnos.lv\/en\/\",\"name\":\"Hipnos\",\"description\":\"\",\"potentialAction\":[{\"@type\":\"SearchAction\",\"target\":{\"@type\":\"EntryPoint\",\"urlTemplate\":\"https:\/\/hipnos.lv\/en\/?s={search_term_string}\"},\"query-input\":{\"@type\":\"PropertyValueSpecification\",\"valueRequired\":true,\"valueName\":\"search_term_string\"}}],\"inLanguage\":\"en-US\"}]}<\/script>\n<!-- \/ Yoast SEO plugin. -->","yoast_head_json":{"title":"AirForce One - Hipnos","description":"Kompakts un kluss inhalators ikdienas lieto\u0161anai, ar pla\u0161u aksesu\u0101ru komplektu. Inhalators p\u0101rv\u0113r\u0161 \u0161\u0137idr\u0101s z\u0101les aerosol\u0101, kas \u0101tri un dro\u0161i iek\u013c\u016bst aug\u0161\u0113jos un apak\u0161\u0113jos elpce\u013cos. Piem\u0113rots b\u0113rniem un pieaugu\u0161ajiem.","robots":{"index":"noindex","follow":"follow","max-snippet":"max-snippet:-1","max-image-preview":"max-image-preview:large","max-video-preview":"max-video-preview:-1"},"og_locale":"en_US","og_type":"article","og_title":"AirForce One - Hipnos","og_description":"Kompakts un kluss inhalators ikdienas lieto\u0161anai, ar pla\u0161u aksesu\u0101ru komplektu. Inhalators p\u0101rv\u0113r\u0161 \u0161\u0137idr\u0101s z\u0101les aerosol\u0101, kas \u0101tri un dro\u0161i iek\u013c\u016bst aug\u0161\u0113jos un apak\u0161\u0113jos elpce\u013cos. Piem\u0113rots b\u0113rniem un pieaugu\u0161ajiem.","og_url":"https:\/\/hipnos.lv\/en\/product\/airforce-one\/","og_site_name":"Hipnos","article_modified_time":"2025-06-12T10:38:50+00:00","og_image":[{"width":1090,"height":678,"url":"https:\/\/hipnos.lv\/wp-content\/uploads\/2025\/06\/5egr4tshrt5er1.webp","type":"image\/webp"}],"twitter_card":"summary_large_image","twitter_misc":{"Est. reading time":"1 minute"},"schema":{"@context":"https:\/\/schema.org","@graph":[{"@type":"WebPage","@id":"https:\/\/hipnos.lv\/en\/product\/airforce-one\/","url":"https:\/\/hipnos.lv\/en\/product\/airforce-one\/","name":"AirForce One - Hipnos","isPartOf":{"@id":"https:\/\/hipnos.lv\/en\/#website"},"primaryImageOfPage":{"@id":"https:\/\/hipnos.lv\/en\/product\/airforce-one\/#primaryimage"},"image":{"@id":"https:\/\/hipnos.lv\/en\/product\/airforce-one\/#primaryimage"},"thumbnailUrl":"https:\/\/hipnos.lv\/wp-content\/uploads\/2025\/06\/5egr4tshrt5er1.webp","datePublished":"2025-06-06T09:39:49+00:00","dateModified":"2025-06-12T10:38:50+00:00","description":"Kompakts un kluss inhalators ikdienas lieto\u0161anai, ar pla\u0161u aksesu\u0101ru komplektu. Inhalators p\u0101rv\u0113r\u0161 \u0161\u0137idr\u0101s z\u0101les aerosol\u0101, kas \u0101tri un dro\u0161i iek\u013c\u016bst aug\u0161\u0113jos un apak\u0161\u0113jos elpce\u013cos. Piem\u0113rots b\u0113rniem un pieaugu\u0161ajiem.","breadcrumb":{"@id":"https:\/\/hipnos.lv\/en\/product\/airforce-one\/#breadcrumb"},"inLanguage":"en-US","potentialAction":[{"@type":"ReadAction","target":["https:\/\/hipnos.lv\/en\/product\/airforce-one\/"]}]},{"@type":"ImageObject","inLanguage":"en-US","@id":"https:\/\/hipnos.lv\/en\/product\/airforce-one\/#primaryimage","url":"https:\/\/hipnos.lv\/wp-content\/uploads\/2025\/06\/5egr4tshrt5er1.webp","contentUrl":"https:\/\/hipnos.lv\/wp-content\/uploads\/2025\/06\/5egr4tshrt5er1.webp","width":1090,"height":678},{"@type":"BreadcrumbList","@id":"https:\/\/hipnos.lv\/en\/product\/airforce-one\/#breadcrumb","itemListElement":[{"@type":"ListItem","position":1,"name":"S\u0101kums","item":"https:\/\/hipnos.lv\/en\/"},{"@type":"ListItem","position":2,"name":"E\u2010Shop","item":"https:\/\/hipnos.lv\/en\/shop\/"},{"@type":"ListItem","position":3,"name":"AirForce One"}]},{"@type":"WebSite","@id":"https:\/\/hipnos.lv\/en\/#website","url":"https:\/\/hipnos.lv\/en\/","name":"Hipnos","description":"","potentialAction":[{"@type":"SearchAction","target":{"@type":"EntryPoint","urlTemplate":"https:\/\/hipnos.lv\/en\/?s={search_term_string}"},"query-input":{"@type":"PropertyValueSpecification","valueRequired":true,"valueName":"search_term_string"}}],"inLanguage":"en-US"}]}},"_links":{"self":[{"href":"https:\/\/hipnos.lv\/en\/wp-json\/wp\/v2\/product\/1516","targetHints":{"allow":["GET"]}}],"collection":[{"href":"https:\/\/hipnos.lv\/en\/wp-json\/wp\/v2\/product"}],"about":[{"href":"https:\/\/hipnos.lv\/en\/wp-json\/wp\/v2\/types\/product"}],"replies":[{"embeddable":true,"href":"https:\/\/hipnos.lv\/en\/wp-json\/wp\/v2\/comments?post=1516"}],"wp:featuredmedia":[{"embeddable":true,"href":"https:\/\/hipnos.lv\/en\/wp-json\/wp\/v2\/media\/1521"}],"wp:attachment":[{"href":"https:\/\/hipnos.lv\/en\/wp-json\/wp\/v2\/media?parent=1516"}],"wp:term":[{"taxonomy":"product_brand","embeddable":true,"href":"https:\/\/hipnos.lv\/en\/wp-json\/wp\/v2\/product_brand?post=1516"},{"taxonomy":"product_cat","embeddable":true,"href":"https:\/\/hipnos.lv\/en\/wp-json\/wp\/v2\/product_cat?post=1516"},{"taxonomy":"product_tag","embeddable":true,"href":"https:\/\/hipnos.lv\/en\/wp-json\/wp\/v2\/product_tag?post=1516"}],"curies":[{"name":"wp","href":"https:\/\/api.w.org\/{rel}","templated":true}]}}