{"id":1494,"date":"2025-06-06T08:50:35","date_gmt":"2025-06-06T08:50:35","guid":{"rendered":"https:\/\/hipnos.lv\/?post_type=product&#038;p=1494"},"modified":"2025-06-12T11:14:46","modified_gmt":"2025-06-12T11:14:46","slug":"mugursoma-prieks-igo-2","status":"publish","type":"product","link":"https:\/\/hipnos.lv\/en\/product\/mugursoma-prieks-igo-2\/","title":{"rendered":"Mugursoma IGo2 portat\u012bvajam koncentratoram"},"content":{"rendered":"<article class=\"text-token-text-primary w-full\" dir=\"auto\" data-testid=\"conversation-turn-134\" data-scroll-anchor=\"false\">\n<div class=\"text-base my-auto mx-auto py-5 [--thread-content-margin:--spacing(4)] @[37rem]:[--thread-content-margin:--spacing(6)] @[72rem]:[--thread-content-margin:--spacing(16)] px-(--thread-content-margin)\">\n<div class=\"[--thread-content-max-width:32rem] @[34rem]:[--thread-content-max-width:40rem] @[64rem]:[--thread-content-max-width:48rem] mx-auto flex max-w-(--thread-content-max-width) flex-1 text-base gap-4 md:gap-5 lg:gap-6 group\/turn-messages focus-visible:outline-hidden\">\n<div class=\"group\/conversation-turn relative flex w-full min-w-0 flex-col agent-turn\">\n<div class=\"relative flex-col gap-1 md:gap-3\">\n<div class=\"flex max-w-full flex-col grow\">\n<div class=\"min-h-8 text-message relative flex w-full flex-col items-end gap-2 text-start break-words whitespace-normal [.text-message+&amp;]:mt-5\" dir=\"auto\" data-message-author-role=\"assistant\" data-message-id=\"386b6724-093f-4fc1-865d-5bcd33dd0671\" data-message-model-slug=\"gpt-4o\">\n<div class=\"flex w-full flex-col gap-1 empty:hidden first:pt-[3px]\">\n<div class=\"markdown prose dark:prose-invert w-full break-words light\">\n<p data-start=\"0\" data-end=\"208\">Mugursoma priek\u0161 Igo 2 atbalsta akt\u012bvu dz\u012bvesveidu. T\u0101 ir izstr\u0101d\u0101ta, lai perfekti der\u0113tu Igo 2 ier\u012bcei, nodro\u0161inot optim\u0101lu gaisa cirkul\u0101ciju un l\u012bdz ar to augstas kvalit\u0101tes sk\u0101bek\u013ca ra\u017eo\u0161anu.<\/p>\n<ul>\n<li data-start=\"0\" data-end=\"64\">\n<p data-start=\"2\" data-end=\"64\">Nodro\u0161ina labu gaisa pl\u016bsmu, lai ra\u017eotu kvalitat\u012bvu sk\u0101bekli.<\/p>\n<\/li>\n<li data-start=\"65\" data-end=\"139\">\n<p data-start=\"67\" data-end=\"139\">Stiprin\u0101tas cilpas vieglai caurules un uzl\u0101des kabe\u013ca piestiprin\u0101\u0161anai.<\/p>\n<\/li>\n<li data-start=\"140\" data-end=\"207\">\n<p data-start=\"142\" data-end=\"207\">Ier\u012bcei paredz\u0113ts cie\u0161i piegu\u013co\u0161s nodal\u012bjums Igo 2 uzglab\u0101\u0161anai.<\/p>\n<\/li>\n<li data-start=\"208\" data-end=\"246\">\n<p data-start=\"210\" data-end=\"246\">Papildu kabata piederumu tur\u0113\u0161anai.<\/p>\n<\/li>\n<li data-start=\"247\" data-end=\"289\" data-is-last-node=\"\">\n<p data-start=\"249\" data-end=\"289\" data-is-last-node=\"\">Iztur\u012bgs, pl\u012bsumus necie\u0161ams materi\u0101ls.<\/p>\n<\/li>\n<\/ul>\n<\/div>\n<\/div>\n<\/div>\n<\/div>\n<div class=\"flex min-h-[46px] justify-start\"><\/div>\n<\/div>\n<\/div>\n<\/div>\n<\/div>\n<\/article>\n","protected":false},"excerpt":{"rendered":"<article class=\"text-token-text-primary w-full\" dir=\"auto\" data-testid=\"conversation-turn-142\" data-scroll-anchor=\"true\">\n<div class=\"text-base my-auto mx-auto py-5 [--thread-content-margin:--spacing(4)] @[37rem]:[--thread-content-margin:--spacing(6)] @[72rem]:[--thread-content-margin:--spacing(16)] px-(--thread-content-margin)\">\n<div class=\"[--thread-content-max-width:32rem] @[34rem]:[--thread-content-max-width:40rem] @[64rem]:[--thread-content-max-width:48rem] mx-auto flex max-w-(--thread-content-max-width) flex-1 text-base gap-4 md:gap-5 lg:gap-6 group\/turn-messages focus-visible:outline-hidden\">\n<div class=\"group\/conversation-turn relative flex w-full min-w-0 flex-col agent-turn\">\n<div class=\"relative flex-col gap-1 md:gap-3\">\n<div class=\"flex max-w-full flex-col grow\">\n<div class=\"min-h-8 text-message relative flex w-full flex-col items-end gap-2 text-start break-words whitespace-normal [.text-message+&amp;]:mt-5\" dir=\"auto\" data-message-author-role=\"assistant\" data-message-id=\"65f04f50-0dff-4234-955b-98a9c4cde00a\" data-message-model-slug=\"gpt-4o\">\n<div class=\"flex w-full flex-col gap-1 empty:hidden first:pt-[3px]\">\n<div class=\"markdown prose dark:prose-invert w-full break-words light\">\n<p data-start=\"0\" data-end=\"184\" data-is-last-node=\"\" data-is-only-node=\"\">iGo2 mugursoma akt\u012bvam dz\u012bvesveidam. Nodro\u0161ina labu gaisa cirkul\u0101ciju, pastiprin\u0101tas cilpas \u0113rtai lieto\u0161anai, prec\u012bzs nodal\u012bjums ier\u012bcei, papildu vieta piederumiem, iztur\u012bgs materi\u0101ls.<\/p>\n<\/div>\n<\/div>\n<\/div>\n<\/div>\n<\/div>\n<\/div>\n<\/div>\n<\/div>\n<\/article>\n","protected":false},"featured_media":1495,"comment_status":"open","ping_status":"closed","template":"","meta":{"_acf_changed":false,"inline_featured_image":false},"product_brand":[],"product_cat":[91],"product_tag":[],"class_list":{"0":"post-1494","1":"product","2":"type-product","3":"status-publish","4":"has-post-thumbnail","6":"product_cat-rezerves-dalas-un-aksesuari","8":"first","9":"instock","10":"shipping-taxable","11":"purchasable","12":"product-type-simple"},"acf":[],"yoast_head":"<!-- This site is optimized with the Yoast SEO plugin v27.0 - https:\/\/yoast.com\/product\/yoast-seo-wordpress\/ -->\n<title>Mugursoma IGo2 portat\u012bvajam koncentratoram - Hipnos<\/title>\n<meta name=\"description\" content=\"iGo2 mugursoma akt\u012bvam dz\u012bvesveidam. Nodro\u0161ina labu gaisa cirkul\u0101ciju, pastiprin\u0101tas cilpas \u0113rtai lieto\u0161anai, prec\u012bzs nodal\u012bjums ier\u012bcei, papildu vieta piederumiem, iztur\u012bgs materi\u0101ls.\" \/>\n<meta name=\"robots\" content=\"noindex, follow, max-snippet:-1, max-image-preview:large, max-video-preview:-1\" \/>\n<meta property=\"og:locale\" content=\"en_US\" \/>\n<meta property=\"og:type\" content=\"article\" \/>\n<meta property=\"og:title\" content=\"Mugursoma IGo2 portat\u012bvajam koncentratoram - Hipnos\" \/>\n<meta property=\"og:description\" content=\"iGo2 mugursoma akt\u012bvam dz\u012bvesveidam. Nodro\u0161ina labu gaisa cirkul\u0101ciju, pastiprin\u0101tas cilpas \u0113rtai lieto\u0161anai, prec\u012bzs nodal\u012bjums ier\u012bcei, papildu vieta piederumiem, iztur\u012bgs materi\u0101ls.\" \/>\n<meta property=\"og:url\" content=\"https:\/\/hipnos.lv\/en\/product\/mugursoma-prieks-igo-2\/\" \/>\n<meta property=\"og:site_name\" content=\"Hipnos\" \/>\n<meta property=\"article:modified_time\" content=\"2025-06-12T11:14:46+00:00\" \/>\n<meta property=\"og:image\" content=\"https:\/\/hipnos.lv\/wp-content\/uploads\/2025\/06\/EASZGTXHDSR2.webp\" \/>\n\t<meta property=\"og:image:width\" content=\"973\" \/>\n\t<meta property=\"og:image:height\" content=\"1090\" \/>\n\t<meta property=\"og:image:type\" content=\"image\/webp\" \/>\n<meta name=\"twitter:card\" content=\"summary_large_image\" \/>\n<meta name=\"twitter:label1\" content=\"Est. reading time\" \/>\n\t<meta name=\"twitter:data1\" content=\"1 minute\" \/>\n<script type=\"application\/ld+json\" class=\"yoast-schema-graph\">{\"@context\":\"https:\/\/schema.org\",\"@graph\":[{\"@type\":\"WebPage\",\"@id\":\"https:\/\/hipnos.lv\/en\/product\/mugursoma-prieks-igo-2\/\",\"url\":\"https:\/\/hipnos.lv\/en\/product\/mugursoma-prieks-igo-2\/\",\"name\":\"Mugursoma IGo2 portat\u012bvajam koncentratoram - Hipnos\",\"isPartOf\":{\"@id\":\"https:\/\/hipnos.lv\/en\/#website\"},\"primaryImageOfPage\":{\"@id\":\"https:\/\/hipnos.lv\/en\/product\/mugursoma-prieks-igo-2\/#primaryimage\"},\"image\":{\"@id\":\"https:\/\/hipnos.lv\/en\/product\/mugursoma-prieks-igo-2\/#primaryimage\"},\"thumbnailUrl\":\"https:\/\/hipnos.lv\/wp-content\/uploads\/2025\/06\/EASZGTXHDSR2.webp\",\"datePublished\":\"2025-06-06T08:50:35+00:00\",\"dateModified\":\"2025-06-12T11:14:46+00:00\",\"description\":\"iGo2 mugursoma akt\u012bvam dz\u012bvesveidam. Nodro\u0161ina labu gaisa cirkul\u0101ciju, pastiprin\u0101tas cilpas \u0113rtai lieto\u0161anai, prec\u012bzs nodal\u012bjums ier\u012bcei, papildu vieta piederumiem, iztur\u012bgs materi\u0101ls.\",\"breadcrumb\":{\"@id\":\"https:\/\/hipnos.lv\/en\/product\/mugursoma-prieks-igo-2\/#breadcrumb\"},\"inLanguage\":\"en-US\",\"potentialAction\":[{\"@type\":\"ReadAction\",\"target\":[\"https:\/\/hipnos.lv\/en\/product\/mugursoma-prieks-igo-2\/\"]}]},{\"@type\":\"ImageObject\",\"inLanguage\":\"en-US\",\"@id\":\"https:\/\/hipnos.lv\/en\/product\/mugursoma-prieks-igo-2\/#primaryimage\",\"url\":\"https:\/\/hipnos.lv\/wp-content\/uploads\/2025\/06\/EASZGTXHDSR2.webp\",\"contentUrl\":\"https:\/\/hipnos.lv\/wp-content\/uploads\/2025\/06\/EASZGTXHDSR2.webp\",\"width\":973,\"height\":1090},{\"@type\":\"BreadcrumbList\",\"@id\":\"https:\/\/hipnos.lv\/en\/product\/mugursoma-prieks-igo-2\/#breadcrumb\",\"itemListElement\":[{\"@type\":\"ListItem\",\"position\":1,\"name\":\"S\u0101kums\",\"item\":\"https:\/\/hipnos.lv\/en\/\"},{\"@type\":\"ListItem\",\"position\":2,\"name\":\"E\u2010Shop\",\"item\":\"https:\/\/hipnos.lv\/en\/shop\/\"},{\"@type\":\"ListItem\",\"position\":3,\"name\":\"Mugursoma IGo2 portat\u012bvajam koncentratoram\"}]},{\"@type\":\"WebSite\",\"@id\":\"https:\/\/hipnos.lv\/en\/#website\",\"url\":\"https:\/\/hipnos.lv\/en\/\",\"name\":\"Hipnos\",\"description\":\"\",\"potentialAction\":[{\"@type\":\"SearchAction\",\"target\":{\"@type\":\"EntryPoint\",\"urlTemplate\":\"https:\/\/hipnos.lv\/en\/?s={search_term_string}\"},\"query-input\":{\"@type\":\"PropertyValueSpecification\",\"valueRequired\":true,\"valueName\":\"search_term_string\"}}],\"inLanguage\":\"en-US\"}]}<\/script>\n<!-- \/ Yoast SEO plugin. -->","yoast_head_json":{"title":"Mugursoma IGo2 portat\u012bvajam koncentratoram - Hipnos","description":"iGo2 mugursoma akt\u012bvam dz\u012bvesveidam. Nodro\u0161ina labu gaisa cirkul\u0101ciju, pastiprin\u0101tas cilpas \u0113rtai lieto\u0161anai, prec\u012bzs nodal\u012bjums ier\u012bcei, papildu vieta piederumiem, iztur\u012bgs materi\u0101ls.","robots":{"index":"noindex","follow":"follow","max-snippet":"max-snippet:-1","max-image-preview":"max-image-preview:large","max-video-preview":"max-video-preview:-1"},"og_locale":"en_US","og_type":"article","og_title":"Mugursoma IGo2 portat\u012bvajam koncentratoram - Hipnos","og_description":"iGo2 mugursoma akt\u012bvam dz\u012bvesveidam. Nodro\u0161ina labu gaisa cirkul\u0101ciju, pastiprin\u0101tas cilpas \u0113rtai lieto\u0161anai, prec\u012bzs nodal\u012bjums ier\u012bcei, papildu vieta piederumiem, iztur\u012bgs materi\u0101ls.","og_url":"https:\/\/hipnos.lv\/en\/product\/mugursoma-prieks-igo-2\/","og_site_name":"Hipnos","article_modified_time":"2025-06-12T11:14:46+00:00","og_image":[{"width":973,"height":1090,"url":"https:\/\/hipnos.lv\/wp-content\/uploads\/2025\/06\/EASZGTXHDSR2.webp","type":"image\/webp"}],"twitter_card":"summary_large_image","twitter_misc":{"Est. reading time":"1 minute"},"schema":{"@context":"https:\/\/schema.org","@graph":[{"@type":"WebPage","@id":"https:\/\/hipnos.lv\/en\/product\/mugursoma-prieks-igo-2\/","url":"https:\/\/hipnos.lv\/en\/product\/mugursoma-prieks-igo-2\/","name":"Mugursoma IGo2 portat\u012bvajam koncentratoram - Hipnos","isPartOf":{"@id":"https:\/\/hipnos.lv\/en\/#website"},"primaryImageOfPage":{"@id":"https:\/\/hipnos.lv\/en\/product\/mugursoma-prieks-igo-2\/#primaryimage"},"image":{"@id":"https:\/\/hipnos.lv\/en\/product\/mugursoma-prieks-igo-2\/#primaryimage"},"thumbnailUrl":"https:\/\/hipnos.lv\/wp-content\/uploads\/2025\/06\/EASZGTXHDSR2.webp","datePublished":"2025-06-06T08:50:35+00:00","dateModified":"2025-06-12T11:14:46+00:00","description":"iGo2 mugursoma akt\u012bvam dz\u012bvesveidam. Nodro\u0161ina labu gaisa cirkul\u0101ciju, pastiprin\u0101tas cilpas \u0113rtai lieto\u0161anai, prec\u012bzs nodal\u012bjums ier\u012bcei, papildu vieta piederumiem, iztur\u012bgs materi\u0101ls.","breadcrumb":{"@id":"https:\/\/hipnos.lv\/en\/product\/mugursoma-prieks-igo-2\/#breadcrumb"},"inLanguage":"en-US","potentialAction":[{"@type":"ReadAction","target":["https:\/\/hipnos.lv\/en\/product\/mugursoma-prieks-igo-2\/"]}]},{"@type":"ImageObject","inLanguage":"en-US","@id":"https:\/\/hipnos.lv\/en\/product\/mugursoma-prieks-igo-2\/#primaryimage","url":"https:\/\/hipnos.lv\/wp-content\/uploads\/2025\/06\/EASZGTXHDSR2.webp","contentUrl":"https:\/\/hipnos.lv\/wp-content\/uploads\/2025\/06\/EASZGTXHDSR2.webp","width":973,"height":1090},{"@type":"BreadcrumbList","@id":"https:\/\/hipnos.lv\/en\/product\/mugursoma-prieks-igo-2\/#breadcrumb","itemListElement":[{"@type":"ListItem","position":1,"name":"S\u0101kums","item":"https:\/\/hipnos.lv\/en\/"},{"@type":"ListItem","position":2,"name":"E\u2010Shop","item":"https:\/\/hipnos.lv\/en\/shop\/"},{"@type":"ListItem","position":3,"name":"Mugursoma IGo2 portat\u012bvajam koncentratoram"}]},{"@type":"WebSite","@id":"https:\/\/hipnos.lv\/en\/#website","url":"https:\/\/hipnos.lv\/en\/","name":"Hipnos","description":"","potentialAction":[{"@type":"SearchAction","target":{"@type":"EntryPoint","urlTemplate":"https:\/\/hipnos.lv\/en\/?s={search_term_string}"},"query-input":{"@type":"PropertyValueSpecification","valueRequired":true,"valueName":"search_term_string"}}],"inLanguage":"en-US"}]}},"_links":{"self":[{"href":"https:\/\/hipnos.lv\/en\/wp-json\/wp\/v2\/product\/1494","targetHints":{"allow":["GET"]}}],"collection":[{"href":"https:\/\/hipnos.lv\/en\/wp-json\/wp\/v2\/product"}],"about":[{"href":"https:\/\/hipnos.lv\/en\/wp-json\/wp\/v2\/types\/product"}],"replies":[{"embeddable":true,"href":"https:\/\/hipnos.lv\/en\/wp-json\/wp\/v2\/comments?post=1494"}],"wp:featuredmedia":[{"embeddable":true,"href":"https:\/\/hipnos.lv\/en\/wp-json\/wp\/v2\/media\/1495"}],"wp:attachment":[{"href":"https:\/\/hipnos.lv\/en\/wp-json\/wp\/v2\/media?parent=1494"}],"wp:term":[{"taxonomy":"product_brand","embeddable":true,"href":"https:\/\/hipnos.lv\/en\/wp-json\/wp\/v2\/product_brand?post=1494"},{"taxonomy":"product_cat","embeddable":true,"href":"https:\/\/hipnos.lv\/en\/wp-json\/wp\/v2\/product_cat?post=1494"},{"taxonomy":"product_tag","embeddable":true,"href":"https:\/\/hipnos.lv\/en\/wp-json\/wp\/v2\/product_tag?post=1494"}],"curies":[{"name":"wp","href":"https:\/\/api.w.org\/{rel}","templated":true}]}}