{"id":1484,"date":"2025-06-06T08:18:14","date_gmt":"2025-06-06T08:18:14","guid":{"rendered":"https:\/\/hipnos.lv\/?post_type=product&#038;p=1484"},"modified":"2025-09-10T08:06:38","modified_gmt":"2025-09-10T08:06:38","slug":"comfort-cough-ii","status":"publish","type":"product","link":"https:\/\/hipnos.lv\/en\/product\/comfort-cough-ii\/","title":{"rendered":"COMFORT COUGH II"},"content":{"rendered":"<p><strong>COMFORT COUGH II (modelis: CC20P)<\/strong> ir paredz\u0113ts vesel\u012bbas apr\u016bpes speci\u0101listiem, piem\u0113ram, \u0101rstiem vai medic\u012bnas m\u0101s\u0101m (rehabilit\u0101cija, elpce\u013cu \u0101rstniec\u012bba, neiro\u0137irur\u0123ija, torak\u0101l\u0101 \u0137irur\u0123ija, pediatrija u.\u00a0c.).<\/p>\n<p>&nbsp;<\/p>\n","protected":false},"excerpt":{"rendered":"<p><strong>COMFORT COUGH II (modelis: CC20P)<\/strong> ir paredz\u0113ts vesel\u012bbas apr\u016bpes speci\u0101listiem, piem\u0113ram, \u0101rstiem vai medic\u012bnas m\u0101s\u0101m (rehabilit\u0101cija, elpce\u013cu \u0101rstniec\u012bba, neiro\u0137irur\u0123ija, torak\u0101l\u0101 \u0137irur\u0123ija, pediatrija u.\u00a0c.).<\/p>\n<p><strong>COMFORT COUGH II (modelis: CC20P)<\/strong> ir paredz\u0113ta lieto\u0161anai pieaugu\u0161ajiem vai b\u0113rniem, kuri nesp\u0113j efekt\u012bvi klepot vai atklepot izdal\u012bjumus samazin\u0101tas maksim\u0101l\u0101s klepus izelpas pl\u016bsmas d\u0113\u013c, ko izraisa smagi muguras smadze\u0146u boj\u0101jumi, neiromuskul\u0101ri trauc\u0113jumi vai smags nogurums, kas saist\u012bts ar iek\u0161\u0113ju plau\u0161u slim\u012bbu. To var izmantot vai nu ar sejas masku, vai ar adapteri, kas savienots ar pacienta endotrahe\u0101lo vai traheostomijas caurul\u012bti. Ier\u012bce ir paredz\u0113ta lieto\u0161anai slimn\u012bc\u0101, \u0101rstniec\u012bbas iest\u0101d\u0113 vai m\u0101j\u0101s.<\/p>\n<p>\u0160\u012b ier\u012bce ir paredz\u0113ta lieto\u0161anai slimn\u012bc\u0101s, \u0101rstniec\u012bbas iest\u0101d\u0113s vai m\u0101j\u0101s pieaugu\u0161iem pacientiem un b\u0113rniem vecum\u0101 no 3\u00a0gadiem.<\/p>\n<h2>Lieto\u0161anas indik\u0101cijas<\/h2>\n<p>Pacientiem ir elpo\u0161anas trauc\u0113jumi, un da\u017e\u0101du iemeslu d\u0113\u013c vi\u0146i nevar pa\u0161i klepot:<\/p>\n<ul>\n<li>musku\u013cu distrofija;<\/li>\n<li>muguras musku\u013cu atrofija;<\/li>\n<li>amiotrof\u0101 later\u0101l\u0101 skleroze<\/li>\n<\/ul>\n<p>vai jebkura cita neirolo\u0123iska saslim\u0161ana ar elpo\u0161anas musku\u013cu paral\u012bzi.<\/p>\n<p>\u0160o ier\u012bci var izmantot gan neinvaz\u012bvi ar sejas masku vai iemuti, gan invaz\u012bvi ar endotrahe\u0101lo caurul\u012bti vai traheostomijas caurul\u012bti.<\/p>\n","protected":false},"featured_media":1489,"comment_status":"open","ping_status":"closed","template":"","meta":{"_acf_changed":false,"inline_featured_image":false},"product_brand":[],"product_cat":[58],"product_tag":[],"class_list":{"0":"post-1484","1":"product","2":"type-product","3":"status-publish","4":"has-post-thumbnail","6":"product_cat-klepus-iekarta-lv","8":"first","9":"instock","10":"shipping-taxable","11":"purchasable","12":"product-type-simple"},"acf":[],"yoast_head":"<!-- This site is optimized with the Yoast SEO plugin v27.0 - https:\/\/yoast.com\/product\/yoast-seo-wordpress\/ -->\n<title>COMFORT COUGH II - Hipnos<\/title>\n<meta name=\"description\" content=\"Comfort Cough II ir vado\u0161ais meh\u0101niskais in-ekssuflators tirg\u016b.\" \/>\n<meta name=\"robots\" content=\"noindex, follow, max-snippet:-1, max-image-preview:large, max-video-preview:-1\" \/>\n<meta property=\"og:locale\" content=\"en_US\" \/>\n<meta property=\"og:type\" content=\"article\" \/>\n<meta property=\"og:title\" content=\"COMFORT COUGH II - Hipnos\" \/>\n<meta property=\"og:description\" content=\"Comfort Cough II ir vado\u0161ais meh\u0101niskais in-ekssuflators tirg\u016b.\" \/>\n<meta property=\"og:url\" content=\"https:\/\/hipnos.lv\/en\/product\/comfort-cough-ii\/\" \/>\n<meta property=\"og:site_name\" content=\"Hipnos\" \/>\n<meta property=\"article:modified_time\" content=\"2025-09-10T08:06:38+00:00\" \/>\n<meta property=\"og:image\" content=\"https:\/\/hipnos.lv\/wp-content\/uploads\/2025\/06\/jtyghhddgh-1.png\" \/>\n\t<meta property=\"og:image:width\" content=\"542\" \/>\n\t<meta property=\"og:image:height\" content=\"461\" \/>\n\t<meta property=\"og:image:type\" content=\"image\/png\" \/>\n<meta name=\"twitter:card\" content=\"summary_large_image\" \/>\n<meta name=\"twitter:label1\" content=\"Est. reading time\" \/>\n\t<meta name=\"twitter:data1\" content=\"1 minute\" \/>\n<script type=\"application\/ld+json\" class=\"yoast-schema-graph\">{\"@context\":\"https:\/\/schema.org\",\"@graph\":[{\"@type\":\"WebPage\",\"@id\":\"https:\/\/hipnos.lv\/en\/product\/comfort-cough-ii\/\",\"url\":\"https:\/\/hipnos.lv\/en\/product\/comfort-cough-ii\/\",\"name\":\"COMFORT COUGH II - Hipnos\",\"isPartOf\":{\"@id\":\"https:\/\/hipnos.lv\/en\/#website\"},\"primaryImageOfPage\":{\"@id\":\"https:\/\/hipnos.lv\/en\/product\/comfort-cough-ii\/#primaryimage\"},\"image\":{\"@id\":\"https:\/\/hipnos.lv\/en\/product\/comfort-cough-ii\/#primaryimage\"},\"thumbnailUrl\":\"https:\/\/hipnos.lv\/wp-content\/uploads\/2025\/06\/jtyghhddgh-1.png\",\"datePublished\":\"2025-06-06T08:18:14+00:00\",\"dateModified\":\"2025-09-10T08:06:38+00:00\",\"description\":\"Comfort Cough II ir vado\u0161ais meh\u0101niskais in-ekssuflators tirg\u016b.\",\"breadcrumb\":{\"@id\":\"https:\/\/hipnos.lv\/en\/product\/comfort-cough-ii\/#breadcrumb\"},\"inLanguage\":\"en-US\",\"potentialAction\":[{\"@type\":\"ReadAction\",\"target\":[\"https:\/\/hipnos.lv\/en\/product\/comfort-cough-ii\/\"]}]},{\"@type\":\"ImageObject\",\"inLanguage\":\"en-US\",\"@id\":\"https:\/\/hipnos.lv\/en\/product\/comfort-cough-ii\/#primaryimage\",\"url\":\"https:\/\/hipnos.lv\/wp-content\/uploads\/2025\/06\/jtyghhddgh-1.png\",\"contentUrl\":\"https:\/\/hipnos.lv\/wp-content\/uploads\/2025\/06\/jtyghhddgh-1.png\",\"width\":542,\"height\":461},{\"@type\":\"BreadcrumbList\",\"@id\":\"https:\/\/hipnos.lv\/en\/product\/comfort-cough-ii\/#breadcrumb\",\"itemListElement\":[{\"@type\":\"ListItem\",\"position\":1,\"name\":\"S\u0101kums\",\"item\":\"https:\/\/hipnos.lv\/en\/\"},{\"@type\":\"ListItem\",\"position\":2,\"name\":\"E\u2010Shop\",\"item\":\"https:\/\/hipnos.lv\/en\/shop\/\"},{\"@type\":\"ListItem\",\"position\":3,\"name\":\"COMFORT COUGH II\"}]},{\"@type\":\"WebSite\",\"@id\":\"https:\/\/hipnos.lv\/en\/#website\",\"url\":\"https:\/\/hipnos.lv\/en\/\",\"name\":\"Hipnos\",\"description\":\"\",\"potentialAction\":[{\"@type\":\"SearchAction\",\"target\":{\"@type\":\"EntryPoint\",\"urlTemplate\":\"https:\/\/hipnos.lv\/en\/?s={search_term_string}\"},\"query-input\":{\"@type\":\"PropertyValueSpecification\",\"valueRequired\":true,\"valueName\":\"search_term_string\"}}],\"inLanguage\":\"en-US\"}]}<\/script>\n<!-- \/ Yoast SEO plugin. -->","yoast_head_json":{"title":"COMFORT COUGH II - Hipnos","description":"Comfort Cough II ir vado\u0161ais meh\u0101niskais in-ekssuflators tirg\u016b.","robots":{"index":"noindex","follow":"follow","max-snippet":"max-snippet:-1","max-image-preview":"max-image-preview:large","max-video-preview":"max-video-preview:-1"},"og_locale":"en_US","og_type":"article","og_title":"COMFORT COUGH II - Hipnos","og_description":"Comfort Cough II ir vado\u0161ais meh\u0101niskais in-ekssuflators tirg\u016b.","og_url":"https:\/\/hipnos.lv\/en\/product\/comfort-cough-ii\/","og_site_name":"Hipnos","article_modified_time":"2025-09-10T08:06:38+00:00","og_image":[{"width":542,"height":461,"url":"https:\/\/hipnos.lv\/wp-content\/uploads\/2025\/06\/jtyghhddgh-1.png","type":"image\/png"}],"twitter_card":"summary_large_image","twitter_misc":{"Est. reading time":"1 minute"},"schema":{"@context":"https:\/\/schema.org","@graph":[{"@type":"WebPage","@id":"https:\/\/hipnos.lv\/en\/product\/comfort-cough-ii\/","url":"https:\/\/hipnos.lv\/en\/product\/comfort-cough-ii\/","name":"COMFORT COUGH II - Hipnos","isPartOf":{"@id":"https:\/\/hipnos.lv\/en\/#website"},"primaryImageOfPage":{"@id":"https:\/\/hipnos.lv\/en\/product\/comfort-cough-ii\/#primaryimage"},"image":{"@id":"https:\/\/hipnos.lv\/en\/product\/comfort-cough-ii\/#primaryimage"},"thumbnailUrl":"https:\/\/hipnos.lv\/wp-content\/uploads\/2025\/06\/jtyghhddgh-1.png","datePublished":"2025-06-06T08:18:14+00:00","dateModified":"2025-09-10T08:06:38+00:00","description":"Comfort Cough II ir vado\u0161ais meh\u0101niskais in-ekssuflators tirg\u016b.","breadcrumb":{"@id":"https:\/\/hipnos.lv\/en\/product\/comfort-cough-ii\/#breadcrumb"},"inLanguage":"en-US","potentialAction":[{"@type":"ReadAction","target":["https:\/\/hipnos.lv\/en\/product\/comfort-cough-ii\/"]}]},{"@type":"ImageObject","inLanguage":"en-US","@id":"https:\/\/hipnos.lv\/en\/product\/comfort-cough-ii\/#primaryimage","url":"https:\/\/hipnos.lv\/wp-content\/uploads\/2025\/06\/jtyghhddgh-1.png","contentUrl":"https:\/\/hipnos.lv\/wp-content\/uploads\/2025\/06\/jtyghhddgh-1.png","width":542,"height":461},{"@type":"BreadcrumbList","@id":"https:\/\/hipnos.lv\/en\/product\/comfort-cough-ii\/#breadcrumb","itemListElement":[{"@type":"ListItem","position":1,"name":"S\u0101kums","item":"https:\/\/hipnos.lv\/en\/"},{"@type":"ListItem","position":2,"name":"E\u2010Shop","item":"https:\/\/hipnos.lv\/en\/shop\/"},{"@type":"ListItem","position":3,"name":"COMFORT COUGH II"}]},{"@type":"WebSite","@id":"https:\/\/hipnos.lv\/en\/#website","url":"https:\/\/hipnos.lv\/en\/","name":"Hipnos","description":"","potentialAction":[{"@type":"SearchAction","target":{"@type":"EntryPoint","urlTemplate":"https:\/\/hipnos.lv\/en\/?s={search_term_string}"},"query-input":{"@type":"PropertyValueSpecification","valueRequired":true,"valueName":"search_term_string"}}],"inLanguage":"en-US"}]}},"_links":{"self":[{"href":"https:\/\/hipnos.lv\/en\/wp-json\/wp\/v2\/product\/1484","targetHints":{"allow":["GET"]}}],"collection":[{"href":"https:\/\/hipnos.lv\/en\/wp-json\/wp\/v2\/product"}],"about":[{"href":"https:\/\/hipnos.lv\/en\/wp-json\/wp\/v2\/types\/product"}],"replies":[{"embeddable":true,"href":"https:\/\/hipnos.lv\/en\/wp-json\/wp\/v2\/comments?post=1484"}],"wp:featuredmedia":[{"embeddable":true,"href":"https:\/\/hipnos.lv\/en\/wp-json\/wp\/v2\/media\/1489"}],"wp:attachment":[{"href":"https:\/\/hipnos.lv\/en\/wp-json\/wp\/v2\/media?parent=1484"}],"wp:term":[{"taxonomy":"product_brand","embeddable":true,"href":"https:\/\/hipnos.lv\/en\/wp-json\/wp\/v2\/product_brand?post=1484"},{"taxonomy":"product_cat","embeddable":true,"href":"https:\/\/hipnos.lv\/en\/wp-json\/wp\/v2\/product_cat?post=1484"},{"taxonomy":"product_tag","embeddable":true,"href":"https:\/\/hipnos.lv\/en\/wp-json\/wp\/v2\/product_tag?post=1484"}],"curies":[{"name":"wp","href":"https:\/\/api.w.org\/{rel}","templated":true}]}}