{"id":1458,"date":"2025-06-06T07:44:32","date_gmt":"2025-06-06T07:44:32","guid":{"rendered":"https:\/\/hipnos.lv\/?post_type=product&#038;p=1458"},"modified":"2025-06-12T08:09:30","modified_gmt":"2025-06-12T08:09:30","slug":"airmini-mitrinataja-filtrs-humidx","status":"publish","type":"product","link":"https:\/\/hipnos.lv\/en\/product\/airmini-mitrinataja-filtrs-humidx\/","title":{"rendered":"AirMini mitrin\u0101t\u0101ja filtrs HumidX un HumidX Plus"},"content":{"rendered":"<p data-start=\"409\" data-end=\"627\">HumidX\u2122 un HumidX\u2122 Plus ir speci\u0101li izstr\u0101d\u0101ti mitrin\u0101\u0161anas filtri, kas paredz\u0113ti lieto\u0161anai ar AirMini\u2122 ier\u012bci. Tie nodro\u0161ina efekt\u012bvu, \u016bdeni nepraso\u0161u gaisa mitrin\u0101\u0161anu, padarot elpo\u0161anu \u0113rt\u0101ku miega terapijas laik\u0101.<\/p>\n<p data-start=\"629\" data-end=\"923\">\u0160ie nelielie filtri darbojas k\u0101 siltuma un mitruma apmai\u0146as elementi, kas uzkr\u0101j izelpoto mitrumu un siltumu un atdod to atpaka\u013c n\u0101kamaj\u0101 ieelp\u0101. HumidX ir piem\u0113rots parastiem klimata apst\u0101k\u013ciem, savuk\u0101rt HumidX Plus ir \u012bpa\u0161i noder\u012bgs saus\u0101 vai augstkalnu vid\u0113 \u2013 piem\u0113ram, lidojot ar lidma\u0161\u012bnu.<\/p>\n<p data-start=\"925\" data-end=\"1085\">Lai nodro\u0161in\u0101tu maksim\u0101lu efektivit\u0101ti, mitrin\u0101\u0161anas filtrus ieteicams nomain\u012bt p\u0113c 30 dienu lieto\u0161anas. Tie nav mazg\u0101jami un paredz\u0113ti vienreiz\u0113jai lieto\u0161anai.<\/p>\n<p data-start=\"1087\" data-end=\"1254\">HumidX un HumidX Plus filtri ir savienojami tikai ar P10 deguna spilventi\u0146iem, k\u0101 ar\u012b N20 un N30 deguna mask\u0101m. <strong data-start=\"1199\" data-end=\"1254\">Nav savienojami ar F20 vai F30 pilnas sejas mask\u0101m.<\/strong><\/p>\n<p data-start=\"1256\" data-end=\"1291\">Ieg\u0101dei nepiecie\u0161ama \u0101rsta recepte.<\/p>\n","protected":false},"excerpt":{"rendered":"<p>HumidX un HumidX Plus ir mitrin\u0101\u0161anas filtri AirMini ier\u012bcei, kas mitrina gaisu bez \u016bdens. Piem\u0113roti tikai P10, N20 un N30 mask\u0101m. Nav paredz\u0113ti F20\/F30 mask\u0101m. Vienreiz\u0113jai lieto\u0161anai, j\u0101maina ik p\u0113c 30 dien\u0101m. Nepiecie\u0161ama recepte.<\/p>\n","protected":false},"featured_media":1548,"comment_status":"open","ping_status":"closed","template":"","meta":{"_acf_changed":false,"inline_featured_image":false},"product_brand":[],"product_cat":[62],"product_tag":[],"class_list":{"0":"post-1458","1":"product","2":"type-product","3":"status-publish","4":"has-post-thumbnail","6":"product_cat-celosanas-iekartu-aksesuari-lv","8":"first","9":"instock","10":"shipping-taxable","11":"purchasable","12":"product-type-variable"},"acf":[],"yoast_head":"<!-- This site is optimized with the Yoast SEO plugin v27.0 - https:\/\/yoast.com\/product\/yoast-seo-wordpress\/ -->\n<title>AirMini mitrin\u0101t\u0101ja filtrs HumidX un HumidX Plus - Hipnos<\/title>\n<meta name=\"description\" content=\"HumidX un HumidX Plus ir mitrin\u0101\u0161anas filtri AirMini ier\u012bcei, kas mitrina gaisu bez \u016bdens. Piem\u0113roti tikai P10, N20 un N30 mask\u0101m. Nav paredz\u0113ti F20\/F30 mask\u0101m. Vienreiz\u0113jai lieto\u0161anai, j\u0101maina ik p\u0113c 30 dien\u0101m. Nepiecie\u0161ama recepte.\" \/>\n<meta name=\"robots\" content=\"noindex, follow, max-snippet:-1, max-image-preview:large, max-video-preview:-1\" \/>\n<meta property=\"og:locale\" content=\"en_US\" \/>\n<meta property=\"og:type\" content=\"article\" \/>\n<meta property=\"og:title\" content=\"AirMini mitrin\u0101t\u0101ja filtrs HumidX un HumidX Plus - Hipnos\" \/>\n<meta property=\"og:description\" content=\"HumidX un HumidX Plus ir mitrin\u0101\u0161anas filtri AirMini ier\u012bcei, kas mitrina gaisu bez \u016bdens. Piem\u0113roti tikai P10, N20 un N30 mask\u0101m. Nav paredz\u0113ti F20\/F30 mask\u0101m. Vienreiz\u0113jai lieto\u0161anai, j\u0101maina ik p\u0113c 30 dien\u0101m. Nepiecie\u0161ama recepte.\" \/>\n<meta property=\"og:url\" content=\"https:\/\/hipnos.lv\/en\/product\/airmini-mitrinataja-filtrs-humidx\/\" \/>\n<meta property=\"og:site_name\" content=\"Hipnos\" \/>\n<meta property=\"article:modified_time\" content=\"2025-06-12T08:09:30+00:00\" \/>\n<meta property=\"og:image\" content=\"https:\/\/hipnos.lv\/wp-content\/uploads\/2025\/06\/humid-x-plus.webp\" \/>\n\t<meta property=\"og:image:width\" content=\"600\" \/>\n\t<meta property=\"og:image:height\" content=\"601\" \/>\n\t<meta property=\"og:image:type\" content=\"image\/webp\" \/>\n<meta name=\"twitter:card\" content=\"summary_large_image\" \/>\n<meta name=\"twitter:label1\" content=\"Est. reading time\" \/>\n\t<meta name=\"twitter:data1\" content=\"1 minute\" \/>\n<script type=\"application\/ld+json\" class=\"yoast-schema-graph\">{\"@context\":\"https:\/\/schema.org\",\"@graph\":[{\"@type\":\"WebPage\",\"@id\":\"https:\/\/hipnos.lv\/en\/product\/airmini-mitrinataja-filtrs-humidx\/\",\"url\":\"https:\/\/hipnos.lv\/en\/product\/airmini-mitrinataja-filtrs-humidx\/\",\"name\":\"AirMini mitrin\u0101t\u0101ja filtrs HumidX un HumidX Plus - Hipnos\",\"isPartOf\":{\"@id\":\"https:\/\/hipnos.lv\/en\/#website\"},\"primaryImageOfPage\":{\"@id\":\"https:\/\/hipnos.lv\/en\/product\/airmini-mitrinataja-filtrs-humidx\/#primaryimage\"},\"image\":{\"@id\":\"https:\/\/hipnos.lv\/en\/product\/airmini-mitrinataja-filtrs-humidx\/#primaryimage\"},\"thumbnailUrl\":\"https:\/\/hipnos.lv\/wp-content\/uploads\/2025\/06\/humid-x-plus.webp\",\"datePublished\":\"2025-06-06T07:44:32+00:00\",\"dateModified\":\"2025-06-12T08:09:30+00:00\",\"description\":\"HumidX un HumidX Plus ir mitrin\u0101\u0161anas filtri AirMini ier\u012bcei, kas mitrina gaisu bez \u016bdens. Piem\u0113roti tikai P10, N20 un N30 mask\u0101m. Nav paredz\u0113ti F20\/F30 mask\u0101m. Vienreiz\u0113jai lieto\u0161anai, j\u0101maina ik p\u0113c 30 dien\u0101m. Nepiecie\u0161ama recepte.\",\"breadcrumb\":{\"@id\":\"https:\/\/hipnos.lv\/en\/product\/airmini-mitrinataja-filtrs-humidx\/#breadcrumb\"},\"inLanguage\":\"en-US\",\"potentialAction\":[{\"@type\":\"ReadAction\",\"target\":[\"https:\/\/hipnos.lv\/en\/product\/airmini-mitrinataja-filtrs-humidx\/\"]}]},{\"@type\":\"ImageObject\",\"inLanguage\":\"en-US\",\"@id\":\"https:\/\/hipnos.lv\/en\/product\/airmini-mitrinataja-filtrs-humidx\/#primaryimage\",\"url\":\"https:\/\/hipnos.lv\/wp-content\/uploads\/2025\/06\/humid-x-plus.webp\",\"contentUrl\":\"https:\/\/hipnos.lv\/wp-content\/uploads\/2025\/06\/humid-x-plus.webp\",\"width\":600,\"height\":601},{\"@type\":\"BreadcrumbList\",\"@id\":\"https:\/\/hipnos.lv\/en\/product\/airmini-mitrinataja-filtrs-humidx\/#breadcrumb\",\"itemListElement\":[{\"@type\":\"ListItem\",\"position\":1,\"name\":\"S\u0101kums\",\"item\":\"https:\/\/hipnos.lv\/en\/\"},{\"@type\":\"ListItem\",\"position\":2,\"name\":\"E\u2010Shop\",\"item\":\"https:\/\/hipnos.lv\/en\/shop\/\"},{\"@type\":\"ListItem\",\"position\":3,\"name\":\"AirMini mitrin\u0101t\u0101ja filtrs HumidX un HumidX Plus\"}]},{\"@type\":\"WebSite\",\"@id\":\"https:\/\/hipnos.lv\/en\/#website\",\"url\":\"https:\/\/hipnos.lv\/en\/\",\"name\":\"Hipnos\",\"description\":\"\",\"potentialAction\":[{\"@type\":\"SearchAction\",\"target\":{\"@type\":\"EntryPoint\",\"urlTemplate\":\"https:\/\/hipnos.lv\/en\/?s={search_term_string}\"},\"query-input\":{\"@type\":\"PropertyValueSpecification\",\"valueRequired\":true,\"valueName\":\"search_term_string\"}}],\"inLanguage\":\"en-US\"}]}<\/script>\n<!-- \/ Yoast SEO plugin. -->","yoast_head_json":{"title":"AirMini mitrin\u0101t\u0101ja filtrs HumidX un HumidX Plus - Hipnos","description":"HumidX un HumidX Plus ir mitrin\u0101\u0161anas filtri AirMini ier\u012bcei, kas mitrina gaisu bez \u016bdens. Piem\u0113roti tikai P10, N20 un N30 mask\u0101m. Nav paredz\u0113ti F20\/F30 mask\u0101m. Vienreiz\u0113jai lieto\u0161anai, j\u0101maina ik p\u0113c 30 dien\u0101m. Nepiecie\u0161ama recepte.","robots":{"index":"noindex","follow":"follow","max-snippet":"max-snippet:-1","max-image-preview":"max-image-preview:large","max-video-preview":"max-video-preview:-1"},"og_locale":"en_US","og_type":"article","og_title":"AirMini mitrin\u0101t\u0101ja filtrs HumidX un HumidX Plus - Hipnos","og_description":"HumidX un HumidX Plus ir mitrin\u0101\u0161anas filtri AirMini ier\u012bcei, kas mitrina gaisu bez \u016bdens. Piem\u0113roti tikai P10, N20 un N30 mask\u0101m. Nav paredz\u0113ti F20\/F30 mask\u0101m. Vienreiz\u0113jai lieto\u0161anai, j\u0101maina ik p\u0113c 30 dien\u0101m. Nepiecie\u0161ama recepte.","og_url":"https:\/\/hipnos.lv\/en\/product\/airmini-mitrinataja-filtrs-humidx\/","og_site_name":"Hipnos","article_modified_time":"2025-06-12T08:09:30+00:00","og_image":[{"width":600,"height":601,"url":"https:\/\/hipnos.lv\/wp-content\/uploads\/2025\/06\/humid-x-plus.webp","type":"image\/webp"}],"twitter_card":"summary_large_image","twitter_misc":{"Est. reading time":"1 minute"},"schema":{"@context":"https:\/\/schema.org","@graph":[{"@type":"WebPage","@id":"https:\/\/hipnos.lv\/en\/product\/airmini-mitrinataja-filtrs-humidx\/","url":"https:\/\/hipnos.lv\/en\/product\/airmini-mitrinataja-filtrs-humidx\/","name":"AirMini mitrin\u0101t\u0101ja filtrs HumidX un HumidX Plus - Hipnos","isPartOf":{"@id":"https:\/\/hipnos.lv\/en\/#website"},"primaryImageOfPage":{"@id":"https:\/\/hipnos.lv\/en\/product\/airmini-mitrinataja-filtrs-humidx\/#primaryimage"},"image":{"@id":"https:\/\/hipnos.lv\/en\/product\/airmini-mitrinataja-filtrs-humidx\/#primaryimage"},"thumbnailUrl":"https:\/\/hipnos.lv\/wp-content\/uploads\/2025\/06\/humid-x-plus.webp","datePublished":"2025-06-06T07:44:32+00:00","dateModified":"2025-06-12T08:09:30+00:00","description":"HumidX un HumidX Plus ir mitrin\u0101\u0161anas filtri AirMini ier\u012bcei, kas mitrina gaisu bez \u016bdens. Piem\u0113roti tikai P10, N20 un N30 mask\u0101m. Nav paredz\u0113ti F20\/F30 mask\u0101m. Vienreiz\u0113jai lieto\u0161anai, j\u0101maina ik p\u0113c 30 dien\u0101m. Nepiecie\u0161ama recepte.","breadcrumb":{"@id":"https:\/\/hipnos.lv\/en\/product\/airmini-mitrinataja-filtrs-humidx\/#breadcrumb"},"inLanguage":"en-US","potentialAction":[{"@type":"ReadAction","target":["https:\/\/hipnos.lv\/en\/product\/airmini-mitrinataja-filtrs-humidx\/"]}]},{"@type":"ImageObject","inLanguage":"en-US","@id":"https:\/\/hipnos.lv\/en\/product\/airmini-mitrinataja-filtrs-humidx\/#primaryimage","url":"https:\/\/hipnos.lv\/wp-content\/uploads\/2025\/06\/humid-x-plus.webp","contentUrl":"https:\/\/hipnos.lv\/wp-content\/uploads\/2025\/06\/humid-x-plus.webp","width":600,"height":601},{"@type":"BreadcrumbList","@id":"https:\/\/hipnos.lv\/en\/product\/airmini-mitrinataja-filtrs-humidx\/#breadcrumb","itemListElement":[{"@type":"ListItem","position":1,"name":"S\u0101kums","item":"https:\/\/hipnos.lv\/en\/"},{"@type":"ListItem","position":2,"name":"E\u2010Shop","item":"https:\/\/hipnos.lv\/en\/shop\/"},{"@type":"ListItem","position":3,"name":"AirMini mitrin\u0101t\u0101ja filtrs HumidX un HumidX Plus"}]},{"@type":"WebSite","@id":"https:\/\/hipnos.lv\/en\/#website","url":"https:\/\/hipnos.lv\/en\/","name":"Hipnos","description":"","potentialAction":[{"@type":"SearchAction","target":{"@type":"EntryPoint","urlTemplate":"https:\/\/hipnos.lv\/en\/?s={search_term_string}"},"query-input":{"@type":"PropertyValueSpecification","valueRequired":true,"valueName":"search_term_string"}}],"inLanguage":"en-US"}]}},"_links":{"self":[{"href":"https:\/\/hipnos.lv\/en\/wp-json\/wp\/v2\/product\/1458","targetHints":{"allow":["GET"]}}],"collection":[{"href":"https:\/\/hipnos.lv\/en\/wp-json\/wp\/v2\/product"}],"about":[{"href":"https:\/\/hipnos.lv\/en\/wp-json\/wp\/v2\/types\/product"}],"replies":[{"embeddable":true,"href":"https:\/\/hipnos.lv\/en\/wp-json\/wp\/v2\/comments?post=1458"}],"wp:featuredmedia":[{"embeddable":true,"href":"https:\/\/hipnos.lv\/en\/wp-json\/wp\/v2\/media\/1548"}],"wp:attachment":[{"href":"https:\/\/hipnos.lv\/en\/wp-json\/wp\/v2\/media?parent=1458"}],"wp:term":[{"taxonomy":"product_brand","embeddable":true,"href":"https:\/\/hipnos.lv\/en\/wp-json\/wp\/v2\/product_brand?post=1458"},{"taxonomy":"product_cat","embeddable":true,"href":"https:\/\/hipnos.lv\/en\/wp-json\/wp\/v2\/product_cat?post=1458"},{"taxonomy":"product_tag","embeddable":true,"href":"https:\/\/hipnos.lv\/en\/wp-json\/wp\/v2\/product_tag?post=1458"}],"curies":[{"name":"wp","href":"https:\/\/api.w.org\/{rel}","templated":true}]}}