{"id":1454,"date":"2025-06-06T07:39:40","date_gmt":"2025-06-06T07:39:40","guid":{"rendered":"https:\/\/hipnos.lv\/?post_type=product&#038;p=1454"},"modified":"2025-06-12T08:11:18","modified_gmt":"2025-06-12T08:11:18","slug":"iekartas-resmed-airmini-caurule-f20-maskai","status":"publish","type":"product","link":"https:\/\/hipnos.lv\/en\/product\/iekartas-resmed-airmini-caurule-f20-maskai\/","title":{"rendered":"ResMed AirMini Caurule F20 maskai"},"content":{"rendered":"<p>\u0160\u012b caurule nepiecie\u0161ama, ja ir ieg\u0101d\u0101ta iek\u0101rta ResMed AirMini ar F20 deguns-mute masku.<\/p>\n","protected":false},"excerpt":{"rendered":"<p>Caurule F20 maskai.<\/p>\n","protected":false},"featured_media":1455,"comment_status":"open","ping_status":"closed","template":"","meta":{"_acf_changed":false,"inline_featured_image":false},"product_brand":[],"product_cat":[62],"product_tag":[],"class_list":{"0":"post-1454","1":"product","2":"type-product","3":"status-publish","4":"has-post-thumbnail","6":"product_cat-celosanas-iekartu-aksesuari-lv","8":"first","9":"instock","10":"shipping-taxable","11":"purchasable","12":"product-type-simple"},"acf":[],"yoast_head":"<!-- This site is optimized with the Yoast SEO plugin v27.0 - https:\/\/yoast.com\/product\/yoast-seo-wordpress\/ -->\n<title>ResMed AirMini Caurule F20 maskai - Hipnos<\/title>\n<meta name=\"description\" content=\"Caurule F20 maskai.\" \/>\n<meta name=\"robots\" content=\"noindex, follow, max-snippet:-1, max-image-preview:large, max-video-preview:-1\" \/>\n<meta property=\"og:locale\" content=\"en_US\" \/>\n<meta property=\"og:type\" content=\"article\" \/>\n<meta property=\"og:title\" content=\"ResMed AirMini Caurule F20 maskai - Hipnos\" \/>\n<meta property=\"og:description\" content=\"Caurule F20 maskai.\" \/>\n<meta property=\"og:url\" content=\"https:\/\/hipnos.lv\/en\/product\/iekartas-resmed-airmini-caurule-f20-maskai\/\" \/>\n<meta property=\"og:site_name\" content=\"Hipnos\" \/>\n<meta property=\"article:modified_time\" content=\"2025-06-12T08:11:18+00:00\" \/>\n<meta property=\"og:image\" content=\"https:\/\/hipnos.lv\/wp-content\/uploads\/2025\/06\/qwertyuio.jpg\" \/>\n\t<meta property=\"og:image:width\" content=\"400\" \/>\n\t<meta property=\"og:image:height\" content=\"400\" \/>\n\t<meta property=\"og:image:type\" content=\"image\/jpeg\" \/>\n<meta name=\"twitter:card\" content=\"summary_large_image\" \/>\n<meta name=\"twitter:label1\" content=\"Est. reading time\" \/>\n\t<meta name=\"twitter:data1\" content=\"1 minute\" \/>\n<script type=\"application\/ld+json\" class=\"yoast-schema-graph\">{\"@context\":\"https:\/\/schema.org\",\"@graph\":[{\"@type\":\"WebPage\",\"@id\":\"https:\/\/hipnos.lv\/en\/product\/iekartas-resmed-airmini-caurule-f20-maskai\/\",\"url\":\"https:\/\/hipnos.lv\/en\/product\/iekartas-resmed-airmini-caurule-f20-maskai\/\",\"name\":\"ResMed AirMini Caurule F20 maskai - Hipnos\",\"isPartOf\":{\"@id\":\"https:\/\/hipnos.lv\/en\/#website\"},\"primaryImageOfPage\":{\"@id\":\"https:\/\/hipnos.lv\/en\/product\/iekartas-resmed-airmini-caurule-f20-maskai\/#primaryimage\"},\"image\":{\"@id\":\"https:\/\/hipnos.lv\/en\/product\/iekartas-resmed-airmini-caurule-f20-maskai\/#primaryimage\"},\"thumbnailUrl\":\"https:\/\/hipnos.lv\/wp-content\/uploads\/2025\/06\/qwertyuio.jpg\",\"datePublished\":\"2025-06-06T07:39:40+00:00\",\"dateModified\":\"2025-06-12T08:11:18+00:00\",\"description\":\"Caurule F20 maskai.\",\"breadcrumb\":{\"@id\":\"https:\/\/hipnos.lv\/en\/product\/iekartas-resmed-airmini-caurule-f20-maskai\/#breadcrumb\"},\"inLanguage\":\"en-US\",\"potentialAction\":[{\"@type\":\"ReadAction\",\"target\":[\"https:\/\/hipnos.lv\/en\/product\/iekartas-resmed-airmini-caurule-f20-maskai\/\"]}]},{\"@type\":\"ImageObject\",\"inLanguage\":\"en-US\",\"@id\":\"https:\/\/hipnos.lv\/en\/product\/iekartas-resmed-airmini-caurule-f20-maskai\/#primaryimage\",\"url\":\"https:\/\/hipnos.lv\/wp-content\/uploads\/2025\/06\/qwertyuio.jpg\",\"contentUrl\":\"https:\/\/hipnos.lv\/wp-content\/uploads\/2025\/06\/qwertyuio.jpg\",\"width\":400,\"height\":400},{\"@type\":\"BreadcrumbList\",\"@id\":\"https:\/\/hipnos.lv\/en\/product\/iekartas-resmed-airmini-caurule-f20-maskai\/#breadcrumb\",\"itemListElement\":[{\"@type\":\"ListItem\",\"position\":1,\"name\":\"S\u0101kums\",\"item\":\"https:\/\/hipnos.lv\/en\/\"},{\"@type\":\"ListItem\",\"position\":2,\"name\":\"E\u2010Shop\",\"item\":\"https:\/\/hipnos.lv\/en\/shop\/\"},{\"@type\":\"ListItem\",\"position\":3,\"name\":\"ResMed AirMini Caurule F20 maskai\"}]},{\"@type\":\"WebSite\",\"@id\":\"https:\/\/hipnos.lv\/en\/#website\",\"url\":\"https:\/\/hipnos.lv\/en\/\",\"name\":\"Hipnos\",\"description\":\"\",\"potentialAction\":[{\"@type\":\"SearchAction\",\"target\":{\"@type\":\"EntryPoint\",\"urlTemplate\":\"https:\/\/hipnos.lv\/en\/?s={search_term_string}\"},\"query-input\":{\"@type\":\"PropertyValueSpecification\",\"valueRequired\":true,\"valueName\":\"search_term_string\"}}],\"inLanguage\":\"en-US\"}]}<\/script>\n<!-- \/ Yoast SEO plugin. -->","yoast_head_json":{"title":"ResMed AirMini Caurule F20 maskai - Hipnos","description":"Caurule F20 maskai.","robots":{"index":"noindex","follow":"follow","max-snippet":"max-snippet:-1","max-image-preview":"max-image-preview:large","max-video-preview":"max-video-preview:-1"},"og_locale":"en_US","og_type":"article","og_title":"ResMed AirMini Caurule F20 maskai - Hipnos","og_description":"Caurule F20 maskai.","og_url":"https:\/\/hipnos.lv\/en\/product\/iekartas-resmed-airmini-caurule-f20-maskai\/","og_site_name":"Hipnos","article_modified_time":"2025-06-12T08:11:18+00:00","og_image":[{"width":400,"height":400,"url":"https:\/\/hipnos.lv\/wp-content\/uploads\/2025\/06\/qwertyuio.jpg","type":"image\/jpeg"}],"twitter_card":"summary_large_image","twitter_misc":{"Est. reading time":"1 minute"},"schema":{"@context":"https:\/\/schema.org","@graph":[{"@type":"WebPage","@id":"https:\/\/hipnos.lv\/en\/product\/iekartas-resmed-airmini-caurule-f20-maskai\/","url":"https:\/\/hipnos.lv\/en\/product\/iekartas-resmed-airmini-caurule-f20-maskai\/","name":"ResMed AirMini Caurule F20 maskai - Hipnos","isPartOf":{"@id":"https:\/\/hipnos.lv\/en\/#website"},"primaryImageOfPage":{"@id":"https:\/\/hipnos.lv\/en\/product\/iekartas-resmed-airmini-caurule-f20-maskai\/#primaryimage"},"image":{"@id":"https:\/\/hipnos.lv\/en\/product\/iekartas-resmed-airmini-caurule-f20-maskai\/#primaryimage"},"thumbnailUrl":"https:\/\/hipnos.lv\/wp-content\/uploads\/2025\/06\/qwertyuio.jpg","datePublished":"2025-06-06T07:39:40+00:00","dateModified":"2025-06-12T08:11:18+00:00","description":"Caurule F20 maskai.","breadcrumb":{"@id":"https:\/\/hipnos.lv\/en\/product\/iekartas-resmed-airmini-caurule-f20-maskai\/#breadcrumb"},"inLanguage":"en-US","potentialAction":[{"@type":"ReadAction","target":["https:\/\/hipnos.lv\/en\/product\/iekartas-resmed-airmini-caurule-f20-maskai\/"]}]},{"@type":"ImageObject","inLanguage":"en-US","@id":"https:\/\/hipnos.lv\/en\/product\/iekartas-resmed-airmini-caurule-f20-maskai\/#primaryimage","url":"https:\/\/hipnos.lv\/wp-content\/uploads\/2025\/06\/qwertyuio.jpg","contentUrl":"https:\/\/hipnos.lv\/wp-content\/uploads\/2025\/06\/qwertyuio.jpg","width":400,"height":400},{"@type":"BreadcrumbList","@id":"https:\/\/hipnos.lv\/en\/product\/iekartas-resmed-airmini-caurule-f20-maskai\/#breadcrumb","itemListElement":[{"@type":"ListItem","position":1,"name":"S\u0101kums","item":"https:\/\/hipnos.lv\/en\/"},{"@type":"ListItem","position":2,"name":"E\u2010Shop","item":"https:\/\/hipnos.lv\/en\/shop\/"},{"@type":"ListItem","position":3,"name":"ResMed AirMini Caurule F20 maskai"}]},{"@type":"WebSite","@id":"https:\/\/hipnos.lv\/en\/#website","url":"https:\/\/hipnos.lv\/en\/","name":"Hipnos","description":"","potentialAction":[{"@type":"SearchAction","target":{"@type":"EntryPoint","urlTemplate":"https:\/\/hipnos.lv\/en\/?s={search_term_string}"},"query-input":{"@type":"PropertyValueSpecification","valueRequired":true,"valueName":"search_term_string"}}],"inLanguage":"en-US"}]}},"_links":{"self":[{"href":"https:\/\/hipnos.lv\/en\/wp-json\/wp\/v2\/product\/1454","targetHints":{"allow":["GET"]}}],"collection":[{"href":"https:\/\/hipnos.lv\/en\/wp-json\/wp\/v2\/product"}],"about":[{"href":"https:\/\/hipnos.lv\/en\/wp-json\/wp\/v2\/types\/product"}],"replies":[{"embeddable":true,"href":"https:\/\/hipnos.lv\/en\/wp-json\/wp\/v2\/comments?post=1454"}],"wp:featuredmedia":[{"embeddable":true,"href":"https:\/\/hipnos.lv\/en\/wp-json\/wp\/v2\/media\/1455"}],"wp:attachment":[{"href":"https:\/\/hipnos.lv\/en\/wp-json\/wp\/v2\/media?parent=1454"}],"wp:term":[{"taxonomy":"product_brand","embeddable":true,"href":"https:\/\/hipnos.lv\/en\/wp-json\/wp\/v2\/product_brand?post=1454"},{"taxonomy":"product_cat","embeddable":true,"href":"https:\/\/hipnos.lv\/en\/wp-json\/wp\/v2\/product_cat?post=1454"},{"taxonomy":"product_tag","embeddable":true,"href":"https:\/\/hipnos.lv\/en\/wp-json\/wp\/v2\/product_tag?post=1454"}],"curies":[{"name":"wp","href":"https:\/\/api.w.org\/{rel}","templated":true}]}}