{"id":1421,"date":"2025-06-05T12:34:13","date_gmt":"2025-06-05T12:34:13","guid":{"rendered":"https:\/\/hipnos.lv\/?post_type=product&#038;p=1421"},"modified":"2025-11-04T10:56:46","modified_gmt":"2025-11-04T10:56:46","slug":"devilbiss-baltie-filtri-sleepcube-un-blue-serijas-iekartam","status":"publish","type":"product","link":"https:\/\/hipnos.lv\/en\/product\/devilbiss-baltie-filtri-sleepcube-un-blue-serijas-iekartam\/","title":{"rendered":"Devilbiss baltie filtri SleepCube un Blue s\u0113rijas iek\u0101rt\u0101m"},"content":{"rendered":"<p>Pied\u0101v\u0101jam 3 iepakojumus katr\u0101 4 filtri. Komplekts paredz\u0113ts 1 gadam. Filtru ieteicams main\u012bt vienu reizi m\u0113nes\u012b.<\/p>\n","protected":false},"excerpt":{"rendered":"<p>Devilbis filtri<\/p>\n","protected":false},"featured_media":1422,"comment_status":"open","ping_status":"closed","template":"","meta":{"_acf_changed":false,"inline_featured_image":false},"product_brand":[],"product_cat":[85],"product_tag":[],"class_list":{"0":"post-1421","1":"product","2":"type-product","3":"status-publish","4":"has-post-thumbnail","6":"product_cat-terapijas-iekartu-aksesuari-2","8":"first","9":"instock","10":"shipping-taxable","11":"purchasable","12":"product-type-simple"},"acf":[],"yoast_head":"<!-- This site is optimized with the Yoast SEO plugin v27.0 - https:\/\/yoast.com\/product\/yoast-seo-wordpress\/ -->\n<title>Devilbiss baltie filtri SleepCube un Blue s\u0113rijas iek\u0101rt\u0101m - Hipnos<\/title>\n<meta name=\"description\" content=\"Devilbis filtri\" \/>\n<meta name=\"robots\" content=\"noindex, follow, max-snippet:-1, max-image-preview:large, max-video-preview:-1\" \/>\n<meta property=\"og:locale\" content=\"en_US\" \/>\n<meta property=\"og:type\" content=\"article\" \/>\n<meta property=\"og:title\" content=\"Devilbiss baltie filtri SleepCube un Blue s\u0113rijas iek\u0101rt\u0101m - Hipnos\" \/>\n<meta property=\"og:description\" content=\"Devilbis filtri\" \/>\n<meta property=\"og:url\" content=\"https:\/\/hipnos.lv\/en\/product\/devilbiss-baltie-filtri-sleepcube-un-blue-serijas-iekartam\/\" \/>\n<meta property=\"og:site_name\" content=\"Hipnos\" \/>\n<meta property=\"article:modified_time\" content=\"2025-11-04T10:56:46+00:00\" \/>\n<meta property=\"og:image\" content=\"https:\/\/hipnos.lv\/wp-content\/uploads\/2025\/06\/dblb.jpg\" \/>\n\t<meta property=\"og:image:width\" content=\"246\" \/>\n\t<meta property=\"og:image:height\" content=\"246\" \/>\n\t<meta property=\"og:image:type\" content=\"image\/jpeg\" \/>\n<meta name=\"twitter:card\" content=\"summary_large_image\" \/>\n<meta name=\"twitter:label1\" content=\"Est. reading time\" \/>\n\t<meta name=\"twitter:data1\" content=\"1 minute\" \/>\n<script type=\"application\/ld+json\" class=\"yoast-schema-graph\">{\"@context\":\"https:\/\/schema.org\",\"@graph\":[{\"@type\":\"WebPage\",\"@id\":\"https:\/\/hipnos.lv\/en\/product\/devilbiss-baltie-filtri-sleepcube-un-blue-serijas-iekartam\/\",\"url\":\"https:\/\/hipnos.lv\/en\/product\/devilbiss-baltie-filtri-sleepcube-un-blue-serijas-iekartam\/\",\"name\":\"Devilbiss baltie filtri SleepCube un Blue s\u0113rijas iek\u0101rt\u0101m - Hipnos\",\"isPartOf\":{\"@id\":\"https:\/\/hipnos.lv\/en\/#website\"},\"primaryImageOfPage\":{\"@id\":\"https:\/\/hipnos.lv\/en\/product\/devilbiss-baltie-filtri-sleepcube-un-blue-serijas-iekartam\/#primaryimage\"},\"image\":{\"@id\":\"https:\/\/hipnos.lv\/en\/product\/devilbiss-baltie-filtri-sleepcube-un-blue-serijas-iekartam\/#primaryimage\"},\"thumbnailUrl\":\"https:\/\/hipnos.lv\/wp-content\/uploads\/2025\/06\/dblb.jpg\",\"datePublished\":\"2025-06-05T12:34:13+00:00\",\"dateModified\":\"2025-11-04T10:56:46+00:00\",\"description\":\"Devilbis filtri\",\"breadcrumb\":{\"@id\":\"https:\/\/hipnos.lv\/en\/product\/devilbiss-baltie-filtri-sleepcube-un-blue-serijas-iekartam\/#breadcrumb\"},\"inLanguage\":\"en-US\",\"potentialAction\":[{\"@type\":\"ReadAction\",\"target\":[\"https:\/\/hipnos.lv\/en\/product\/devilbiss-baltie-filtri-sleepcube-un-blue-serijas-iekartam\/\"]}]},{\"@type\":\"ImageObject\",\"inLanguage\":\"en-US\",\"@id\":\"https:\/\/hipnos.lv\/en\/product\/devilbiss-baltie-filtri-sleepcube-un-blue-serijas-iekartam\/#primaryimage\",\"url\":\"https:\/\/hipnos.lv\/wp-content\/uploads\/2025\/06\/dblb.jpg\",\"contentUrl\":\"https:\/\/hipnos.lv\/wp-content\/uploads\/2025\/06\/dblb.jpg\",\"width\":246,\"height\":246},{\"@type\":\"BreadcrumbList\",\"@id\":\"https:\/\/hipnos.lv\/en\/product\/devilbiss-baltie-filtri-sleepcube-un-blue-serijas-iekartam\/#breadcrumb\",\"itemListElement\":[{\"@type\":\"ListItem\",\"position\":1,\"name\":\"S\u0101kums\",\"item\":\"https:\/\/hipnos.lv\/en\/\"},{\"@type\":\"ListItem\",\"position\":2,\"name\":\"E\u2010Shop\",\"item\":\"https:\/\/hipnos.lv\/en\/shop\/\"},{\"@type\":\"ListItem\",\"position\":3,\"name\":\"Devilbiss baltie filtri SleepCube un Blue s\u0113rijas iek\u0101rt\u0101m\"}]},{\"@type\":\"WebSite\",\"@id\":\"https:\/\/hipnos.lv\/en\/#website\",\"url\":\"https:\/\/hipnos.lv\/en\/\",\"name\":\"Hipnos\",\"description\":\"\",\"potentialAction\":[{\"@type\":\"SearchAction\",\"target\":{\"@type\":\"EntryPoint\",\"urlTemplate\":\"https:\/\/hipnos.lv\/en\/?s={search_term_string}\"},\"query-input\":{\"@type\":\"PropertyValueSpecification\",\"valueRequired\":true,\"valueName\":\"search_term_string\"}}],\"inLanguage\":\"en-US\"}]}<\/script>\n<!-- \/ Yoast SEO plugin. -->","yoast_head_json":{"title":"Devilbiss baltie filtri SleepCube un Blue s\u0113rijas iek\u0101rt\u0101m - Hipnos","description":"Devilbis filtri","robots":{"index":"noindex","follow":"follow","max-snippet":"max-snippet:-1","max-image-preview":"max-image-preview:large","max-video-preview":"max-video-preview:-1"},"og_locale":"en_US","og_type":"article","og_title":"Devilbiss baltie filtri SleepCube un Blue s\u0113rijas iek\u0101rt\u0101m - Hipnos","og_description":"Devilbis filtri","og_url":"https:\/\/hipnos.lv\/en\/product\/devilbiss-baltie-filtri-sleepcube-un-blue-serijas-iekartam\/","og_site_name":"Hipnos","article_modified_time":"2025-11-04T10:56:46+00:00","og_image":[{"width":246,"height":246,"url":"https:\/\/hipnos.lv\/wp-content\/uploads\/2025\/06\/dblb.jpg","type":"image\/jpeg"}],"twitter_card":"summary_large_image","twitter_misc":{"Est. reading time":"1 minute"},"schema":{"@context":"https:\/\/schema.org","@graph":[{"@type":"WebPage","@id":"https:\/\/hipnos.lv\/en\/product\/devilbiss-baltie-filtri-sleepcube-un-blue-serijas-iekartam\/","url":"https:\/\/hipnos.lv\/en\/product\/devilbiss-baltie-filtri-sleepcube-un-blue-serijas-iekartam\/","name":"Devilbiss baltie filtri SleepCube un Blue s\u0113rijas iek\u0101rt\u0101m - Hipnos","isPartOf":{"@id":"https:\/\/hipnos.lv\/en\/#website"},"primaryImageOfPage":{"@id":"https:\/\/hipnos.lv\/en\/product\/devilbiss-baltie-filtri-sleepcube-un-blue-serijas-iekartam\/#primaryimage"},"image":{"@id":"https:\/\/hipnos.lv\/en\/product\/devilbiss-baltie-filtri-sleepcube-un-blue-serijas-iekartam\/#primaryimage"},"thumbnailUrl":"https:\/\/hipnos.lv\/wp-content\/uploads\/2025\/06\/dblb.jpg","datePublished":"2025-06-05T12:34:13+00:00","dateModified":"2025-11-04T10:56:46+00:00","description":"Devilbis filtri","breadcrumb":{"@id":"https:\/\/hipnos.lv\/en\/product\/devilbiss-baltie-filtri-sleepcube-un-blue-serijas-iekartam\/#breadcrumb"},"inLanguage":"en-US","potentialAction":[{"@type":"ReadAction","target":["https:\/\/hipnos.lv\/en\/product\/devilbiss-baltie-filtri-sleepcube-un-blue-serijas-iekartam\/"]}]},{"@type":"ImageObject","inLanguage":"en-US","@id":"https:\/\/hipnos.lv\/en\/product\/devilbiss-baltie-filtri-sleepcube-un-blue-serijas-iekartam\/#primaryimage","url":"https:\/\/hipnos.lv\/wp-content\/uploads\/2025\/06\/dblb.jpg","contentUrl":"https:\/\/hipnos.lv\/wp-content\/uploads\/2025\/06\/dblb.jpg","width":246,"height":246},{"@type":"BreadcrumbList","@id":"https:\/\/hipnos.lv\/en\/product\/devilbiss-baltie-filtri-sleepcube-un-blue-serijas-iekartam\/#breadcrumb","itemListElement":[{"@type":"ListItem","position":1,"name":"S\u0101kums","item":"https:\/\/hipnos.lv\/en\/"},{"@type":"ListItem","position":2,"name":"E\u2010Shop","item":"https:\/\/hipnos.lv\/en\/shop\/"},{"@type":"ListItem","position":3,"name":"Devilbiss baltie filtri SleepCube un Blue s\u0113rijas iek\u0101rt\u0101m"}]},{"@type":"WebSite","@id":"https:\/\/hipnos.lv\/en\/#website","url":"https:\/\/hipnos.lv\/en\/","name":"Hipnos","description":"","potentialAction":[{"@type":"SearchAction","target":{"@type":"EntryPoint","urlTemplate":"https:\/\/hipnos.lv\/en\/?s={search_term_string}"},"query-input":{"@type":"PropertyValueSpecification","valueRequired":true,"valueName":"search_term_string"}}],"inLanguage":"en-US"}]}},"_links":{"self":[{"href":"https:\/\/hipnos.lv\/en\/wp-json\/wp\/v2\/product\/1421","targetHints":{"allow":["GET"]}}],"collection":[{"href":"https:\/\/hipnos.lv\/en\/wp-json\/wp\/v2\/product"}],"about":[{"href":"https:\/\/hipnos.lv\/en\/wp-json\/wp\/v2\/types\/product"}],"replies":[{"embeddable":true,"href":"https:\/\/hipnos.lv\/en\/wp-json\/wp\/v2\/comments?post=1421"}],"wp:featuredmedia":[{"embeddable":true,"href":"https:\/\/hipnos.lv\/en\/wp-json\/wp\/v2\/media\/1422"}],"wp:attachment":[{"href":"https:\/\/hipnos.lv\/en\/wp-json\/wp\/v2\/media?parent=1421"}],"wp:term":[{"taxonomy":"product_brand","embeddable":true,"href":"https:\/\/hipnos.lv\/en\/wp-json\/wp\/v2\/product_brand?post=1421"},{"taxonomy":"product_cat","embeddable":true,"href":"https:\/\/hipnos.lv\/en\/wp-json\/wp\/v2\/product_cat?post=1421"},{"taxonomy":"product_tag","embeddable":true,"href":"https:\/\/hipnos.lv\/en\/wp-json\/wp\/v2\/product_tag?post=1421"}],"curies":[{"name":"wp","href":"https:\/\/api.w.org\/{rel}","templated":true}]}}