{"id":1403,"date":"2025-06-05T12:16:35","date_gmt":"2025-06-05T12:16:35","guid":{"rendered":"https:\/\/hipnos.lv\/?post_type=product&#038;p=1403"},"modified":"2025-06-12T10:50:54","modified_gmt":"2025-06-12T10:50:54","slug":"resmed-airsense-10-mitrinatajs","status":"publish","type":"product","link":"https:\/\/hipnos.lv\/en\/product\/resmed-airsense-10-mitrinatajs\/","title":{"rendered":"Resmed AirSense 10 mitrin\u0101t\u0101js"},"content":{"rendered":"<p>Apsild\u0101ms mitrin\u0101t\u0101js, kas ir izstr\u0101d\u0101ts t\u0101, lai to b\u016btu vienk\u0101r\u0161i lietot un efekt\u012bvi piel\u0101got mitruma l\u012bmeni. Lietojot kop\u0101 ar Climate Line\u00a0 apsild\u0101mo cauruli, t\u0101 sasilda gaisu konsekvent\u0101, komfortabl\u0101 temperat\u016br\u0101.<\/p>\n","protected":false},"excerpt":{"rendered":"<p>Apsild\u0101ms mitrin\u0101t\u0101js<\/p>\n","protected":false},"featured_media":1405,"comment_status":"open","ping_status":"closed","template":"","meta":{"_acf_changed":false,"inline_featured_image":false},"product_brand":[],"product_cat":[85],"product_tag":[],"class_list":{"0":"post-1403","1":"product","2":"type-product","3":"status-publish","4":"has-post-thumbnail","6":"product_cat-terapijas-iekartu-aksesuari-2","8":"first","9":"instock","10":"shipping-taxable","11":"purchasable","12":"product-type-simple"},"acf":[],"yoast_head":"<!-- This site is optimized with the Yoast SEO plugin v27.0 - https:\/\/yoast.com\/product\/yoast-seo-wordpress\/ -->\n<title>Resmed AirSense 10 mitrin\u0101t\u0101js - Hipnos<\/title>\n<meta name=\"description\" content=\"Apsild\u0101ms mitrin\u0101t\u0101js\" \/>\n<meta name=\"robots\" content=\"noindex, follow, max-snippet:-1, max-image-preview:large, max-video-preview:-1\" \/>\n<meta property=\"og:locale\" content=\"en_US\" \/>\n<meta property=\"og:type\" content=\"article\" \/>\n<meta property=\"og:title\" content=\"Resmed AirSense 10 mitrin\u0101t\u0101js - Hipnos\" \/>\n<meta property=\"og:description\" content=\"Apsild\u0101ms mitrin\u0101t\u0101js\" \/>\n<meta property=\"og:url\" content=\"https:\/\/hipnos.lv\/en\/product\/resmed-airsense-10-mitrinatajs\/\" \/>\n<meta property=\"og:site_name\" content=\"Hipnos\" \/>\n<meta property=\"article:modified_time\" content=\"2025-06-12T10:50:54+00:00\" \/>\n<meta property=\"og:image\" content=\"https:\/\/hipnos.lv\/wp-content\/uploads\/2025\/06\/air.jpg\" \/>\n\t<meta property=\"og:image:width\" content=\"400\" \/>\n\t<meta property=\"og:image:height\" content=\"400\" \/>\n\t<meta property=\"og:image:type\" content=\"image\/jpeg\" \/>\n<meta name=\"twitter:card\" content=\"summary_large_image\" \/>\n<meta name=\"twitter:label1\" content=\"Est. reading time\" \/>\n\t<meta name=\"twitter:data1\" content=\"1 minute\" \/>\n<script type=\"application\/ld+json\" class=\"yoast-schema-graph\">{\"@context\":\"https:\/\/schema.org\",\"@graph\":[{\"@type\":\"WebPage\",\"@id\":\"https:\/\/hipnos.lv\/en\/product\/resmed-airsense-10-mitrinatajs\/\",\"url\":\"https:\/\/hipnos.lv\/en\/product\/resmed-airsense-10-mitrinatajs\/\",\"name\":\"Resmed AirSense 10 mitrin\u0101t\u0101js - Hipnos\",\"isPartOf\":{\"@id\":\"https:\/\/hipnos.lv\/en\/#website\"},\"primaryImageOfPage\":{\"@id\":\"https:\/\/hipnos.lv\/en\/product\/resmed-airsense-10-mitrinatajs\/#primaryimage\"},\"image\":{\"@id\":\"https:\/\/hipnos.lv\/en\/product\/resmed-airsense-10-mitrinatajs\/#primaryimage\"},\"thumbnailUrl\":\"https:\/\/hipnos.lv\/wp-content\/uploads\/2025\/06\/air.jpg\",\"datePublished\":\"2025-06-05T12:16:35+00:00\",\"dateModified\":\"2025-06-12T10:50:54+00:00\",\"description\":\"Apsild\u0101ms mitrin\u0101t\u0101js\",\"breadcrumb\":{\"@id\":\"https:\/\/hipnos.lv\/en\/product\/resmed-airsense-10-mitrinatajs\/#breadcrumb\"},\"inLanguage\":\"en-US\",\"potentialAction\":[{\"@type\":\"ReadAction\",\"target\":[\"https:\/\/hipnos.lv\/en\/product\/resmed-airsense-10-mitrinatajs\/\"]}]},{\"@type\":\"ImageObject\",\"inLanguage\":\"en-US\",\"@id\":\"https:\/\/hipnos.lv\/en\/product\/resmed-airsense-10-mitrinatajs\/#primaryimage\",\"url\":\"https:\/\/hipnos.lv\/wp-content\/uploads\/2025\/06\/air.jpg\",\"contentUrl\":\"https:\/\/hipnos.lv\/wp-content\/uploads\/2025\/06\/air.jpg\",\"width\":400,\"height\":400},{\"@type\":\"BreadcrumbList\",\"@id\":\"https:\/\/hipnos.lv\/en\/product\/resmed-airsense-10-mitrinatajs\/#breadcrumb\",\"itemListElement\":[{\"@type\":\"ListItem\",\"position\":1,\"name\":\"S\u0101kums\",\"item\":\"https:\/\/hipnos.lv\/en\/\"},{\"@type\":\"ListItem\",\"position\":2,\"name\":\"E\u2010Shop\",\"item\":\"https:\/\/hipnos.lv\/en\/shop\/\"},{\"@type\":\"ListItem\",\"position\":3,\"name\":\"Resmed AirSense 10 mitrin\u0101t\u0101js\"}]},{\"@type\":\"WebSite\",\"@id\":\"https:\/\/hipnos.lv\/en\/#website\",\"url\":\"https:\/\/hipnos.lv\/en\/\",\"name\":\"Hipnos\",\"description\":\"\",\"potentialAction\":[{\"@type\":\"SearchAction\",\"target\":{\"@type\":\"EntryPoint\",\"urlTemplate\":\"https:\/\/hipnos.lv\/en\/?s={search_term_string}\"},\"query-input\":{\"@type\":\"PropertyValueSpecification\",\"valueRequired\":true,\"valueName\":\"search_term_string\"}}],\"inLanguage\":\"en-US\"}]}<\/script>\n<!-- \/ Yoast SEO plugin. -->","yoast_head_json":{"title":"Resmed AirSense 10 mitrin\u0101t\u0101js - Hipnos","description":"Apsild\u0101ms mitrin\u0101t\u0101js","robots":{"index":"noindex","follow":"follow","max-snippet":"max-snippet:-1","max-image-preview":"max-image-preview:large","max-video-preview":"max-video-preview:-1"},"og_locale":"en_US","og_type":"article","og_title":"Resmed AirSense 10 mitrin\u0101t\u0101js - Hipnos","og_description":"Apsild\u0101ms mitrin\u0101t\u0101js","og_url":"https:\/\/hipnos.lv\/en\/product\/resmed-airsense-10-mitrinatajs\/","og_site_name":"Hipnos","article_modified_time":"2025-06-12T10:50:54+00:00","og_image":[{"width":400,"height":400,"url":"https:\/\/hipnos.lv\/wp-content\/uploads\/2025\/06\/air.jpg","type":"image\/jpeg"}],"twitter_card":"summary_large_image","twitter_misc":{"Est. reading time":"1 minute"},"schema":{"@context":"https:\/\/schema.org","@graph":[{"@type":"WebPage","@id":"https:\/\/hipnos.lv\/en\/product\/resmed-airsense-10-mitrinatajs\/","url":"https:\/\/hipnos.lv\/en\/product\/resmed-airsense-10-mitrinatajs\/","name":"Resmed AirSense 10 mitrin\u0101t\u0101js - Hipnos","isPartOf":{"@id":"https:\/\/hipnos.lv\/en\/#website"},"primaryImageOfPage":{"@id":"https:\/\/hipnos.lv\/en\/product\/resmed-airsense-10-mitrinatajs\/#primaryimage"},"image":{"@id":"https:\/\/hipnos.lv\/en\/product\/resmed-airsense-10-mitrinatajs\/#primaryimage"},"thumbnailUrl":"https:\/\/hipnos.lv\/wp-content\/uploads\/2025\/06\/air.jpg","datePublished":"2025-06-05T12:16:35+00:00","dateModified":"2025-06-12T10:50:54+00:00","description":"Apsild\u0101ms mitrin\u0101t\u0101js","breadcrumb":{"@id":"https:\/\/hipnos.lv\/en\/product\/resmed-airsense-10-mitrinatajs\/#breadcrumb"},"inLanguage":"en-US","potentialAction":[{"@type":"ReadAction","target":["https:\/\/hipnos.lv\/en\/product\/resmed-airsense-10-mitrinatajs\/"]}]},{"@type":"ImageObject","inLanguage":"en-US","@id":"https:\/\/hipnos.lv\/en\/product\/resmed-airsense-10-mitrinatajs\/#primaryimage","url":"https:\/\/hipnos.lv\/wp-content\/uploads\/2025\/06\/air.jpg","contentUrl":"https:\/\/hipnos.lv\/wp-content\/uploads\/2025\/06\/air.jpg","width":400,"height":400},{"@type":"BreadcrumbList","@id":"https:\/\/hipnos.lv\/en\/product\/resmed-airsense-10-mitrinatajs\/#breadcrumb","itemListElement":[{"@type":"ListItem","position":1,"name":"S\u0101kums","item":"https:\/\/hipnos.lv\/en\/"},{"@type":"ListItem","position":2,"name":"E\u2010Shop","item":"https:\/\/hipnos.lv\/en\/shop\/"},{"@type":"ListItem","position":3,"name":"Resmed AirSense 10 mitrin\u0101t\u0101js"}]},{"@type":"WebSite","@id":"https:\/\/hipnos.lv\/en\/#website","url":"https:\/\/hipnos.lv\/en\/","name":"Hipnos","description":"","potentialAction":[{"@type":"SearchAction","target":{"@type":"EntryPoint","urlTemplate":"https:\/\/hipnos.lv\/en\/?s={search_term_string}"},"query-input":{"@type":"PropertyValueSpecification","valueRequired":true,"valueName":"search_term_string"}}],"inLanguage":"en-US"}]}},"_links":{"self":[{"href":"https:\/\/hipnos.lv\/en\/wp-json\/wp\/v2\/product\/1403","targetHints":{"allow":["GET"]}}],"collection":[{"href":"https:\/\/hipnos.lv\/en\/wp-json\/wp\/v2\/product"}],"about":[{"href":"https:\/\/hipnos.lv\/en\/wp-json\/wp\/v2\/types\/product"}],"replies":[{"embeddable":true,"href":"https:\/\/hipnos.lv\/en\/wp-json\/wp\/v2\/comments?post=1403"}],"wp:featuredmedia":[{"embeddable":true,"href":"https:\/\/hipnos.lv\/en\/wp-json\/wp\/v2\/media\/1405"}],"wp:attachment":[{"href":"https:\/\/hipnos.lv\/en\/wp-json\/wp\/v2\/media?parent=1403"}],"wp:term":[{"taxonomy":"product_brand","embeddable":true,"href":"https:\/\/hipnos.lv\/en\/wp-json\/wp\/v2\/product_brand?post=1403"},{"taxonomy":"product_cat","embeddable":true,"href":"https:\/\/hipnos.lv\/en\/wp-json\/wp\/v2\/product_cat?post=1403"},{"taxonomy":"product_tag","embeddable":true,"href":"https:\/\/hipnos.lv\/en\/wp-json\/wp\/v2\/product_tag?post=1403"}],"curies":[{"name":"wp","href":"https:\/\/api.w.org\/{rel}","templated":true}]}}