{"id":1393,"date":"2025-06-05T12:12:41","date_gmt":"2025-06-05T12:12:41","guid":{"rendered":"https:\/\/hipnos.lv\/?post_type=product&#038;p=1393"},"modified":"2025-06-12T10:51:03","modified_gmt":"2025-06-12T10:51:03","slug":"pilot-24-lite-cpap-apap-baterija","status":"publish","type":"product","link":"https:\/\/hipnos.lv\/en\/product\/pilot-24-lite-cpap-apap-baterija\/","title":{"rendered":"Pilot-24 Lite CPAP\/APAP baterija"},"content":{"rendered":"<p data-start=\"131\" data-end=\"263\"><strong data-start=\"131\" data-end=\"167\">Pilot-24 Lite CPAP\/APAP baterija<\/strong> ir piem\u0113rota <em data-start=\"181\" data-end=\"195\">Prisma Smart<\/em> mode\u013ciem, k\u0101 ar\u012b <em data-start=\"213\" data-end=\"233\">ResMed AirSense 10<\/em> un <em data-start=\"237\" data-end=\"253\">ResMed AirMini<\/em> iek\u0101rt\u0101m.<\/p>\n<p data-start=\"265\" data-end=\"322\"><strong data-start=\"265\" data-end=\"322\">Akumulatora darb\u012bbas laiks atkar\u012bb\u0101 no iestat\u012bjumiem:<\/strong><\/p>\n<ul data-start=\"324\" data-end=\"427\">\n<li data-start=\"324\" data-end=\"374\">\n<p data-start=\"326\" data-end=\"374\">Ar mitrin\u0101t\u0101ju un sild\u0101mo cauruli: 2\u20134 stundas<\/p>\n<\/li>\n<li data-start=\"375\" data-end=\"427\">\n<p data-start=\"377\" data-end=\"427\">Bez mitrin\u0101t\u0101ja un sild\u0101m\u0101s caurules: 8\u201316 stundas<\/p>\n<\/li>\n<\/ul>\n<p data-start=\"429\" data-end=\"503\"><strong data-start=\"429\" data-end=\"447\">Uzl\u0101des laiks:<\/strong><br data-start=\"447\" data-end=\"450\" \/>Ar Medistrom mai\u0146str\u0101vas baro\u0161anas avotu: 2\u20133 stundas<\/p>\n","protected":false},"excerpt":{"rendered":"<p>Pilot 24 Lite baterija sader ar Prisma Smart ResMed AirSense 10 un AirMini mode\u013ciem. Darb\u012bbas laiks ar mitrin\u0101t\u0101ju l\u012bdz 4h, bez mitrin\u0101t\u0101ja l\u012bdz 16h. Uzl\u0101de ilgst tikai 2 l\u012bdz 3 stundas. \u0112rts risin\u0101jums lieto\u0161anai bez elektrot\u012bkla piek\u013cuves.<\/p>\n","protected":false},"featured_media":1400,"comment_status":"open","ping_status":"closed","template":"","meta":{"_acf_changed":false,"inline_featured_image":false},"product_brand":[],"product_cat":[85],"product_tag":[],"class_list":{"0":"post-1393","1":"product","2":"type-product","3":"status-publish","4":"has-post-thumbnail","6":"product_cat-terapijas-iekartu-aksesuari-2","8":"first","9":"instock","10":"shipping-taxable","11":"purchasable","12":"product-type-simple"},"acf":[],"yoast_head":"<!-- This site is optimized with the Yoast SEO plugin v27.0 - https:\/\/yoast.com\/product\/yoast-seo-wordpress\/ -->\n<title>Pilot-24 Lite CPAP\/APAP baterija - Hipnos<\/title>\n<meta name=\"description\" content=\"Pilot 24 Lite baterija sader ar Prisma Smart ResMed AirSense 10 un AirMini mode\u013ciem. Darb\u012bbas laiks ar mitrin\u0101t\u0101ju l\u012bdz 4h, bez mitrin\u0101t\u0101ja l\u012bdz 16h. Uzl\u0101de ilgst tikai 2 l\u012bdz 3 stundas. \u0112rts risin\u0101jums lieto\u0161anai bez elektrot\u012bkla piek\u013cuves.\" \/>\n<meta name=\"robots\" content=\"noindex, follow, max-snippet:-1, max-image-preview:large, max-video-preview:-1\" \/>\n<meta property=\"og:locale\" content=\"en_US\" \/>\n<meta property=\"og:type\" content=\"article\" \/>\n<meta property=\"og:title\" content=\"Pilot-24 Lite CPAP\/APAP baterija - Hipnos\" \/>\n<meta property=\"og:description\" content=\"Pilot 24 Lite baterija sader ar Prisma Smart ResMed AirSense 10 un AirMini mode\u013ciem. Darb\u012bbas laiks ar mitrin\u0101t\u0101ju l\u012bdz 4h, bez mitrin\u0101t\u0101ja l\u012bdz 16h. Uzl\u0101de ilgst tikai 2 l\u012bdz 3 stundas. \u0112rts risin\u0101jums lieto\u0161anai bez elektrot\u012bkla piek\u013cuves.\" \/>\n<meta property=\"og:url\" content=\"https:\/\/hipnos.lv\/en\/product\/pilot-24-lite-cpap-apap-baterija\/\" \/>\n<meta property=\"og:site_name\" content=\"Hipnos\" \/>\n<meta property=\"article:modified_time\" content=\"2025-06-12T10:51:03+00:00\" \/>\n<meta property=\"og:image\" content=\"https:\/\/hipnos.lv\/wp-content\/uploads\/2025\/06\/PILOT.jpg\" \/>\n\t<meta property=\"og:image:width\" content=\"400\" \/>\n\t<meta property=\"og:image:height\" content=\"400\" \/>\n\t<meta property=\"og:image:type\" content=\"image\/jpeg\" \/>\n<meta name=\"twitter:card\" content=\"summary_large_image\" \/>\n<meta name=\"twitter:label1\" content=\"Est. reading time\" \/>\n\t<meta name=\"twitter:data1\" content=\"1 minute\" \/>\n<script type=\"application\/ld+json\" class=\"yoast-schema-graph\">{\"@context\":\"https:\/\/schema.org\",\"@graph\":[{\"@type\":\"WebPage\",\"@id\":\"https:\/\/hipnos.lv\/en\/product\/pilot-24-lite-cpap-apap-baterija\/\",\"url\":\"https:\/\/hipnos.lv\/en\/product\/pilot-24-lite-cpap-apap-baterija\/\",\"name\":\"Pilot-24 Lite CPAP\/APAP baterija - Hipnos\",\"isPartOf\":{\"@id\":\"https:\/\/hipnos.lv\/en\/#website\"},\"primaryImageOfPage\":{\"@id\":\"https:\/\/hipnos.lv\/en\/product\/pilot-24-lite-cpap-apap-baterija\/#primaryimage\"},\"image\":{\"@id\":\"https:\/\/hipnos.lv\/en\/product\/pilot-24-lite-cpap-apap-baterija\/#primaryimage\"},\"thumbnailUrl\":\"https:\/\/hipnos.lv\/wp-content\/uploads\/2025\/06\/PILOT.jpg\",\"datePublished\":\"2025-06-05T12:12:41+00:00\",\"dateModified\":\"2025-06-12T10:51:03+00:00\",\"description\":\"Pilot 24 Lite baterija sader ar Prisma Smart ResMed AirSense 10 un AirMini mode\u013ciem. Darb\u012bbas laiks ar mitrin\u0101t\u0101ju l\u012bdz 4h, bez mitrin\u0101t\u0101ja l\u012bdz 16h. Uzl\u0101de ilgst tikai 2 l\u012bdz 3 stundas. \u0112rts risin\u0101jums lieto\u0161anai bez elektrot\u012bkla piek\u013cuves.\",\"breadcrumb\":{\"@id\":\"https:\/\/hipnos.lv\/en\/product\/pilot-24-lite-cpap-apap-baterija\/#breadcrumb\"},\"inLanguage\":\"en-US\",\"potentialAction\":[{\"@type\":\"ReadAction\",\"target\":[\"https:\/\/hipnos.lv\/en\/product\/pilot-24-lite-cpap-apap-baterija\/\"]}]},{\"@type\":\"ImageObject\",\"inLanguage\":\"en-US\",\"@id\":\"https:\/\/hipnos.lv\/en\/product\/pilot-24-lite-cpap-apap-baterija\/#primaryimage\",\"url\":\"https:\/\/hipnos.lv\/wp-content\/uploads\/2025\/06\/PILOT.jpg\",\"contentUrl\":\"https:\/\/hipnos.lv\/wp-content\/uploads\/2025\/06\/PILOT.jpg\",\"width\":400,\"height\":400},{\"@type\":\"BreadcrumbList\",\"@id\":\"https:\/\/hipnos.lv\/en\/product\/pilot-24-lite-cpap-apap-baterija\/#breadcrumb\",\"itemListElement\":[{\"@type\":\"ListItem\",\"position\":1,\"name\":\"S\u0101kums\",\"item\":\"https:\/\/hipnos.lv\/en\/\"},{\"@type\":\"ListItem\",\"position\":2,\"name\":\"E\u2010Shop\",\"item\":\"https:\/\/hipnos.lv\/en\/shop\/\"},{\"@type\":\"ListItem\",\"position\":3,\"name\":\"Pilot-24 Lite CPAP\/APAP baterija\"}]},{\"@type\":\"WebSite\",\"@id\":\"https:\/\/hipnos.lv\/en\/#website\",\"url\":\"https:\/\/hipnos.lv\/en\/\",\"name\":\"Hipnos\",\"description\":\"\",\"potentialAction\":[{\"@type\":\"SearchAction\",\"target\":{\"@type\":\"EntryPoint\",\"urlTemplate\":\"https:\/\/hipnos.lv\/en\/?s={search_term_string}\"},\"query-input\":{\"@type\":\"PropertyValueSpecification\",\"valueRequired\":true,\"valueName\":\"search_term_string\"}}],\"inLanguage\":\"en-US\"}]}<\/script>\n<!-- \/ Yoast SEO plugin. -->","yoast_head_json":{"title":"Pilot-24 Lite CPAP\/APAP baterija - Hipnos","description":"Pilot 24 Lite baterija sader ar Prisma Smart ResMed AirSense 10 un AirMini mode\u013ciem. Darb\u012bbas laiks ar mitrin\u0101t\u0101ju l\u012bdz 4h, bez mitrin\u0101t\u0101ja l\u012bdz 16h. Uzl\u0101de ilgst tikai 2 l\u012bdz 3 stundas. \u0112rts risin\u0101jums lieto\u0161anai bez elektrot\u012bkla piek\u013cuves.","robots":{"index":"noindex","follow":"follow","max-snippet":"max-snippet:-1","max-image-preview":"max-image-preview:large","max-video-preview":"max-video-preview:-1"},"og_locale":"en_US","og_type":"article","og_title":"Pilot-24 Lite CPAP\/APAP baterija - Hipnos","og_description":"Pilot 24 Lite baterija sader ar Prisma Smart ResMed AirSense 10 un AirMini mode\u013ciem. Darb\u012bbas laiks ar mitrin\u0101t\u0101ju l\u012bdz 4h, bez mitrin\u0101t\u0101ja l\u012bdz 16h. Uzl\u0101de ilgst tikai 2 l\u012bdz 3 stundas. \u0112rts risin\u0101jums lieto\u0161anai bez elektrot\u012bkla piek\u013cuves.","og_url":"https:\/\/hipnos.lv\/en\/product\/pilot-24-lite-cpap-apap-baterija\/","og_site_name":"Hipnos","article_modified_time":"2025-06-12T10:51:03+00:00","og_image":[{"width":400,"height":400,"url":"https:\/\/hipnos.lv\/wp-content\/uploads\/2025\/06\/PILOT.jpg","type":"image\/jpeg"}],"twitter_card":"summary_large_image","twitter_misc":{"Est. reading time":"1 minute"},"schema":{"@context":"https:\/\/schema.org","@graph":[{"@type":"WebPage","@id":"https:\/\/hipnos.lv\/en\/product\/pilot-24-lite-cpap-apap-baterija\/","url":"https:\/\/hipnos.lv\/en\/product\/pilot-24-lite-cpap-apap-baterija\/","name":"Pilot-24 Lite CPAP\/APAP baterija - Hipnos","isPartOf":{"@id":"https:\/\/hipnos.lv\/en\/#website"},"primaryImageOfPage":{"@id":"https:\/\/hipnos.lv\/en\/product\/pilot-24-lite-cpap-apap-baterija\/#primaryimage"},"image":{"@id":"https:\/\/hipnos.lv\/en\/product\/pilot-24-lite-cpap-apap-baterija\/#primaryimage"},"thumbnailUrl":"https:\/\/hipnos.lv\/wp-content\/uploads\/2025\/06\/PILOT.jpg","datePublished":"2025-06-05T12:12:41+00:00","dateModified":"2025-06-12T10:51:03+00:00","description":"Pilot 24 Lite baterija sader ar Prisma Smart ResMed AirSense 10 un AirMini mode\u013ciem. Darb\u012bbas laiks ar mitrin\u0101t\u0101ju l\u012bdz 4h, bez mitrin\u0101t\u0101ja l\u012bdz 16h. Uzl\u0101de ilgst tikai 2 l\u012bdz 3 stundas. \u0112rts risin\u0101jums lieto\u0161anai bez elektrot\u012bkla piek\u013cuves.","breadcrumb":{"@id":"https:\/\/hipnos.lv\/en\/product\/pilot-24-lite-cpap-apap-baterija\/#breadcrumb"},"inLanguage":"en-US","potentialAction":[{"@type":"ReadAction","target":["https:\/\/hipnos.lv\/en\/product\/pilot-24-lite-cpap-apap-baterija\/"]}]},{"@type":"ImageObject","inLanguage":"en-US","@id":"https:\/\/hipnos.lv\/en\/product\/pilot-24-lite-cpap-apap-baterija\/#primaryimage","url":"https:\/\/hipnos.lv\/wp-content\/uploads\/2025\/06\/PILOT.jpg","contentUrl":"https:\/\/hipnos.lv\/wp-content\/uploads\/2025\/06\/PILOT.jpg","width":400,"height":400},{"@type":"BreadcrumbList","@id":"https:\/\/hipnos.lv\/en\/product\/pilot-24-lite-cpap-apap-baterija\/#breadcrumb","itemListElement":[{"@type":"ListItem","position":1,"name":"S\u0101kums","item":"https:\/\/hipnos.lv\/en\/"},{"@type":"ListItem","position":2,"name":"E\u2010Shop","item":"https:\/\/hipnos.lv\/en\/shop\/"},{"@type":"ListItem","position":3,"name":"Pilot-24 Lite CPAP\/APAP baterija"}]},{"@type":"WebSite","@id":"https:\/\/hipnos.lv\/en\/#website","url":"https:\/\/hipnos.lv\/en\/","name":"Hipnos","description":"","potentialAction":[{"@type":"SearchAction","target":{"@type":"EntryPoint","urlTemplate":"https:\/\/hipnos.lv\/en\/?s={search_term_string}"},"query-input":{"@type":"PropertyValueSpecification","valueRequired":true,"valueName":"search_term_string"}}],"inLanguage":"en-US"}]}},"_links":{"self":[{"href":"https:\/\/hipnos.lv\/en\/wp-json\/wp\/v2\/product\/1393","targetHints":{"allow":["GET"]}}],"collection":[{"href":"https:\/\/hipnos.lv\/en\/wp-json\/wp\/v2\/product"}],"about":[{"href":"https:\/\/hipnos.lv\/en\/wp-json\/wp\/v2\/types\/product"}],"replies":[{"embeddable":true,"href":"https:\/\/hipnos.lv\/en\/wp-json\/wp\/v2\/comments?post=1393"}],"wp:featuredmedia":[{"embeddable":true,"href":"https:\/\/hipnos.lv\/en\/wp-json\/wp\/v2\/media\/1400"}],"wp:attachment":[{"href":"https:\/\/hipnos.lv\/en\/wp-json\/wp\/v2\/media?parent=1393"}],"wp:term":[{"taxonomy":"product_brand","embeddable":true,"href":"https:\/\/hipnos.lv\/en\/wp-json\/wp\/v2\/product_brand?post=1393"},{"taxonomy":"product_cat","embeddable":true,"href":"https:\/\/hipnos.lv\/en\/wp-json\/wp\/v2\/product_cat?post=1393"},{"taxonomy":"product_tag","embeddable":true,"href":"https:\/\/hipnos.lv\/en\/wp-json\/wp\/v2\/product_tag?post=1393"}],"curies":[{"name":"wp","href":"https:\/\/api.w.org\/{rel}","templated":true}]}}