{"id":1381,"date":"2025-06-05T11:46:54","date_gmt":"2025-06-05T11:46:54","guid":{"rendered":"https:\/\/hipnos.lv\/?post_type=product&#038;p=1381"},"modified":"2026-02-26T14:06:18","modified_gmt":"2026-02-26T14:06:18","slug":"oniris-pretkraksanas-mutes-kape","status":"publish","type":"product","link":"https:\/\/hipnos.lv\/en\/product\/oniris-pretkraksanas-mutes-kape\/","title":{"rendered":"Oniris+ pretkr\u0101k\u0161anas mutes kape"},"content":{"rendered":"<p>Mutes kape ir paredz\u0113ta kr\u0101k\u0161anas mazin\u0101\u0161anai vai piln\u012bgai nov\u0113r\u0161anai, k\u0101 ar\u012b samazina miega apnojas smaguma pak\u0101pi. Oniris mutes kapes iesp\u0113jams piel\u0101got pa\u0161iem bez medic\u012bnisk\u0101 person\u0101la pal\u012bdz\u012bbas. Lai rezult\u0101ts b\u016btu maksim\u0101li efekt\u012bvs, pirms kapes ieg\u0101des v\u0113lams konsult\u0113ties ar savu zob\u0101rstu vai miega speci\u0101listu.<\/p>\n","protected":false},"excerpt":{"rendered":"<article class=\"text-token-text-primary w-full\" dir=\"auto\" data-testid=\"conversation-turn-122\" data-scroll-anchor=\"true\">\n<div class=\"text-base my-auto mx-auto py-5 [--thread-content-margin:--spacing(4)] @[37rem]:[--thread-content-margin:--spacing(6)] @[72rem]:[--thread-content-margin:--spacing(16)] px-(--thread-content-margin)\">\n<div class=\"[--thread-content-max-width:32rem] @[34rem]:[--thread-content-max-width:40rem] @[64rem]:[--thread-content-max-width:48rem] mx-auto flex max-w-(--thread-content-max-width) flex-1 text-base gap-4 md:gap-5 lg:gap-6 group\/turn-messages focus-visible:outline-hidden\">\n<div class=\"group\/conversation-turn relative flex w-full min-w-0 flex-col agent-turn\">\n<div class=\"relative flex-col gap-1 md:gap-3\">\n<div class=\"flex max-w-full flex-col grow\">\n<div class=\"min-h-8 text-message relative flex w-full flex-col items-end gap-2 text-start break-words whitespace-normal [.text-message+&amp;]:mt-5\" dir=\"auto\" data-message-author-role=\"assistant\" data-message-id=\"c3dee5aa-3c31-434c-8360-22f6e444ff6a\" data-message-model-slug=\"gpt-4o\">\n<div class=\"flex w-full flex-col gap-1 empty:hidden first:pt-[3px]\">\n<div class=\"markdown prose dark:prose-invert w-full break-words light\">\n<p data-start=\"441\" data-end=\"690\" data-is-last-node=\"\" data-is-only-node=\"\">Oniris mutes kape pal\u012bdz mazin\u0101t kr\u0101k\u0161anu un apnojas izpausmes. To var piel\u0101got pats bez \u0101rsta pal\u012bdz\u012bbas, tom\u0113r, lai ieg\u016btu lab\u0101ko rezult\u0101tu v\u0113lams konsult\u0113ties ar speci\u0101listu piem\u0113rotai lieto\u0161anai m\u0101j\u0101s.<\/p>\n<\/div>\n<\/div>\n<\/div>\n<\/div>\n<\/div>\n<\/div>\n<\/div>\n<\/div>\n<\/article>\n","protected":false},"featured_media":1382,"comment_status":"open","ping_status":"closed","template":"","meta":{"_acf_changed":false,"inline_featured_image":false},"product_brand":[],"product_cat":[54],"product_tag":[],"class_list":{"0":"post-1381","1":"product","2":"type-product","3":"status-publish","4":"has-post-thumbnail","6":"product_cat-preces-miega-uzlabosanai-lv","8":"first","9":"instock","10":"shipping-taxable","11":"purchasable","12":"product-type-simple"},"acf":[],"yoast_head":"<!-- This site is optimized with the Yoast SEO plugin v27.0 - https:\/\/yoast.com\/product\/yoast-seo-wordpress\/ -->\n<title>Oniris+ pretkr\u0101k\u0161anas mutes kape - Hipnos<\/title>\n<meta name=\"description\" content=\"Oniris mutes kape pal\u012bdz mazin\u0101t kr\u0101k\u0161anu un apnojas izpausmes to var piel\u0101got pats bez \u0101rsta pal\u012bdz\u012bbas lai ieg\u016btu lab\u0101ko rezult\u0101tu v\u0113lams konsult\u0113ties ar speci\u0101listu piem\u0113rota lieto\u0161anai m\u0101j\u0101s\" \/>\n<meta name=\"robots\" content=\"noindex, follow, max-snippet:-1, max-image-preview:large, max-video-preview:-1\" \/>\n<meta property=\"og:locale\" content=\"en_US\" \/>\n<meta property=\"og:type\" content=\"article\" \/>\n<meta property=\"og:title\" content=\"Oniris+ pretkr\u0101k\u0161anas mutes kape - Hipnos\" \/>\n<meta property=\"og:description\" content=\"Oniris mutes kape pal\u012bdz mazin\u0101t kr\u0101k\u0161anu un apnojas izpausmes to var piel\u0101got pats bez \u0101rsta pal\u012bdz\u012bbas lai ieg\u016btu lab\u0101ko rezult\u0101tu v\u0113lams konsult\u0113ties ar speci\u0101listu piem\u0113rota lieto\u0161anai m\u0101j\u0101s\" \/>\n<meta property=\"og:url\" content=\"https:\/\/hipnos.lv\/en\/product\/oniris-pretkraksanas-mutes-kape\/\" \/>\n<meta property=\"og:site_name\" content=\"Hipnos\" \/>\n<meta property=\"article:modified_time\" content=\"2026-02-26T14:06:18+00:00\" \/>\n<meta property=\"og:image\" content=\"https:\/\/hipnos.lv\/wp-content\/uploads\/2025\/06\/kape.jpg\" \/>\n\t<meta property=\"og:image:width\" content=\"400\" \/>\n\t<meta property=\"og:image:height\" content=\"400\" \/>\n\t<meta property=\"og:image:type\" content=\"image\/jpeg\" \/>\n<meta name=\"twitter:card\" content=\"summary_large_image\" \/>\n<meta name=\"twitter:label1\" content=\"Est. reading time\" \/>\n\t<meta name=\"twitter:data1\" content=\"1 minute\" \/>\n<script type=\"application\/ld+json\" class=\"yoast-schema-graph\">{\"@context\":\"https:\/\/schema.org\",\"@graph\":[{\"@type\":\"WebPage\",\"@id\":\"https:\/\/hipnos.lv\/en\/product\/oniris-pretkraksanas-mutes-kape\/\",\"url\":\"https:\/\/hipnos.lv\/en\/product\/oniris-pretkraksanas-mutes-kape\/\",\"name\":\"Oniris+ pretkr\u0101k\u0161anas mutes kape - Hipnos\",\"isPartOf\":{\"@id\":\"https:\/\/hipnos.lv\/en\/#website\"},\"primaryImageOfPage\":{\"@id\":\"https:\/\/hipnos.lv\/en\/product\/oniris-pretkraksanas-mutes-kape\/#primaryimage\"},\"image\":{\"@id\":\"https:\/\/hipnos.lv\/en\/product\/oniris-pretkraksanas-mutes-kape\/#primaryimage\"},\"thumbnailUrl\":\"https:\/\/hipnos.lv\/wp-content\/uploads\/2025\/06\/kape.jpg\",\"datePublished\":\"2025-06-05T11:46:54+00:00\",\"dateModified\":\"2026-02-26T14:06:18+00:00\",\"description\":\"Oniris mutes kape pal\u012bdz mazin\u0101t kr\u0101k\u0161anu un apnojas izpausmes to var piel\u0101got pats bez \u0101rsta pal\u012bdz\u012bbas lai ieg\u016btu lab\u0101ko rezult\u0101tu v\u0113lams konsult\u0113ties ar speci\u0101listu piem\u0113rota lieto\u0161anai m\u0101j\u0101s\",\"breadcrumb\":{\"@id\":\"https:\/\/hipnos.lv\/en\/product\/oniris-pretkraksanas-mutes-kape\/#breadcrumb\"},\"inLanguage\":\"en-US\",\"potentialAction\":[{\"@type\":\"ReadAction\",\"target\":[\"https:\/\/hipnos.lv\/en\/product\/oniris-pretkraksanas-mutes-kape\/\"]}]},{\"@type\":\"ImageObject\",\"inLanguage\":\"en-US\",\"@id\":\"https:\/\/hipnos.lv\/en\/product\/oniris-pretkraksanas-mutes-kape\/#primaryimage\",\"url\":\"https:\/\/hipnos.lv\/wp-content\/uploads\/2025\/06\/kape.jpg\",\"contentUrl\":\"https:\/\/hipnos.lv\/wp-content\/uploads\/2025\/06\/kape.jpg\",\"width\":400,\"height\":400},{\"@type\":\"BreadcrumbList\",\"@id\":\"https:\/\/hipnos.lv\/en\/product\/oniris-pretkraksanas-mutes-kape\/#breadcrumb\",\"itemListElement\":[{\"@type\":\"ListItem\",\"position\":1,\"name\":\"S\u0101kums\",\"item\":\"https:\/\/hipnos.lv\/en\/\"},{\"@type\":\"ListItem\",\"position\":2,\"name\":\"E\u2010Shop\",\"item\":\"https:\/\/hipnos.lv\/en\/shop\/\"},{\"@type\":\"ListItem\",\"position\":3,\"name\":\"Oniris+ pretkr\u0101k\u0161anas mutes kape\"}]},{\"@type\":\"WebSite\",\"@id\":\"https:\/\/hipnos.lv\/en\/#website\",\"url\":\"https:\/\/hipnos.lv\/en\/\",\"name\":\"Hipnos\",\"description\":\"\",\"potentialAction\":[{\"@type\":\"SearchAction\",\"target\":{\"@type\":\"EntryPoint\",\"urlTemplate\":\"https:\/\/hipnos.lv\/en\/?s={search_term_string}\"},\"query-input\":{\"@type\":\"PropertyValueSpecification\",\"valueRequired\":true,\"valueName\":\"search_term_string\"}}],\"inLanguage\":\"en-US\"}]}<\/script>\n<!-- \/ Yoast SEO plugin. -->","yoast_head_json":{"title":"Oniris+ pretkr\u0101k\u0161anas mutes kape - Hipnos","description":"Oniris mutes kape pal\u012bdz mazin\u0101t kr\u0101k\u0161anu un apnojas izpausmes to var piel\u0101got pats bez \u0101rsta pal\u012bdz\u012bbas lai ieg\u016btu lab\u0101ko rezult\u0101tu v\u0113lams konsult\u0113ties ar speci\u0101listu piem\u0113rota lieto\u0161anai m\u0101j\u0101s","robots":{"index":"noindex","follow":"follow","max-snippet":"max-snippet:-1","max-image-preview":"max-image-preview:large","max-video-preview":"max-video-preview:-1"},"og_locale":"en_US","og_type":"article","og_title":"Oniris+ pretkr\u0101k\u0161anas mutes kape - Hipnos","og_description":"Oniris mutes kape pal\u012bdz mazin\u0101t kr\u0101k\u0161anu un apnojas izpausmes to var piel\u0101got pats bez \u0101rsta pal\u012bdz\u012bbas lai ieg\u016btu lab\u0101ko rezult\u0101tu v\u0113lams konsult\u0113ties ar speci\u0101listu piem\u0113rota lieto\u0161anai m\u0101j\u0101s","og_url":"https:\/\/hipnos.lv\/en\/product\/oniris-pretkraksanas-mutes-kape\/","og_site_name":"Hipnos","article_modified_time":"2026-02-26T14:06:18+00:00","og_image":[{"width":400,"height":400,"url":"https:\/\/hipnos.lv\/wp-content\/uploads\/2025\/06\/kape.jpg","type":"image\/jpeg"}],"twitter_card":"summary_large_image","twitter_misc":{"Est. reading time":"1 minute"},"schema":{"@context":"https:\/\/schema.org","@graph":[{"@type":"WebPage","@id":"https:\/\/hipnos.lv\/en\/product\/oniris-pretkraksanas-mutes-kape\/","url":"https:\/\/hipnos.lv\/en\/product\/oniris-pretkraksanas-mutes-kape\/","name":"Oniris+ pretkr\u0101k\u0161anas mutes kape - Hipnos","isPartOf":{"@id":"https:\/\/hipnos.lv\/en\/#website"},"primaryImageOfPage":{"@id":"https:\/\/hipnos.lv\/en\/product\/oniris-pretkraksanas-mutes-kape\/#primaryimage"},"image":{"@id":"https:\/\/hipnos.lv\/en\/product\/oniris-pretkraksanas-mutes-kape\/#primaryimage"},"thumbnailUrl":"https:\/\/hipnos.lv\/wp-content\/uploads\/2025\/06\/kape.jpg","datePublished":"2025-06-05T11:46:54+00:00","dateModified":"2026-02-26T14:06:18+00:00","description":"Oniris mutes kape pal\u012bdz mazin\u0101t kr\u0101k\u0161anu un apnojas izpausmes to var piel\u0101got pats bez \u0101rsta pal\u012bdz\u012bbas lai ieg\u016btu lab\u0101ko rezult\u0101tu v\u0113lams konsult\u0113ties ar speci\u0101listu piem\u0113rota lieto\u0161anai m\u0101j\u0101s","breadcrumb":{"@id":"https:\/\/hipnos.lv\/en\/product\/oniris-pretkraksanas-mutes-kape\/#breadcrumb"},"inLanguage":"en-US","potentialAction":[{"@type":"ReadAction","target":["https:\/\/hipnos.lv\/en\/product\/oniris-pretkraksanas-mutes-kape\/"]}]},{"@type":"ImageObject","inLanguage":"en-US","@id":"https:\/\/hipnos.lv\/en\/product\/oniris-pretkraksanas-mutes-kape\/#primaryimage","url":"https:\/\/hipnos.lv\/wp-content\/uploads\/2025\/06\/kape.jpg","contentUrl":"https:\/\/hipnos.lv\/wp-content\/uploads\/2025\/06\/kape.jpg","width":400,"height":400},{"@type":"BreadcrumbList","@id":"https:\/\/hipnos.lv\/en\/product\/oniris-pretkraksanas-mutes-kape\/#breadcrumb","itemListElement":[{"@type":"ListItem","position":1,"name":"S\u0101kums","item":"https:\/\/hipnos.lv\/en\/"},{"@type":"ListItem","position":2,"name":"E\u2010Shop","item":"https:\/\/hipnos.lv\/en\/shop\/"},{"@type":"ListItem","position":3,"name":"Oniris+ pretkr\u0101k\u0161anas mutes kape"}]},{"@type":"WebSite","@id":"https:\/\/hipnos.lv\/en\/#website","url":"https:\/\/hipnos.lv\/en\/","name":"Hipnos","description":"","potentialAction":[{"@type":"SearchAction","target":{"@type":"EntryPoint","urlTemplate":"https:\/\/hipnos.lv\/en\/?s={search_term_string}"},"query-input":{"@type":"PropertyValueSpecification","valueRequired":true,"valueName":"search_term_string"}}],"inLanguage":"en-US"}]}},"_links":{"self":[{"href":"https:\/\/hipnos.lv\/en\/wp-json\/wp\/v2\/product\/1381","targetHints":{"allow":["GET"]}}],"collection":[{"href":"https:\/\/hipnos.lv\/en\/wp-json\/wp\/v2\/product"}],"about":[{"href":"https:\/\/hipnos.lv\/en\/wp-json\/wp\/v2\/types\/product"}],"replies":[{"embeddable":true,"href":"https:\/\/hipnos.lv\/en\/wp-json\/wp\/v2\/comments?post=1381"}],"wp:featuredmedia":[{"embeddable":true,"href":"https:\/\/hipnos.lv\/en\/wp-json\/wp\/v2\/media\/1382"}],"wp:attachment":[{"href":"https:\/\/hipnos.lv\/en\/wp-json\/wp\/v2\/media?parent=1381"}],"wp:term":[{"taxonomy":"product_brand","embeddable":true,"href":"https:\/\/hipnos.lv\/en\/wp-json\/wp\/v2\/product_brand?post=1381"},{"taxonomy":"product_cat","embeddable":true,"href":"https:\/\/hipnos.lv\/en\/wp-json\/wp\/v2\/product_cat?post=1381"},{"taxonomy":"product_tag","embeddable":true,"href":"https:\/\/hipnos.lv\/en\/wp-json\/wp\/v2\/product_tag?post=1381"}],"curies":[{"name":"wp","href":"https:\/\/api.w.org\/{rel}","templated":true}]}}