{"id":1377,"date":"2025-06-05T11:31:20","date_gmt":"2025-06-05T11:31:20","guid":{"rendered":"https:\/\/hipnos.lv\/?post_type=product&#038;p=1377"},"modified":"2026-03-11T08:16:52","modified_gmt":"2026-03-11T08:16:52","slug":"elektroniska-pretkraksanas-josta","status":"publish","type":"product","link":"https:\/\/hipnos.lv\/en\/product\/elektroniska-pretkraksanas-josta\/","title":{"rendered":"Elektronisk\u0101 pretkr\u0101k\u0161anas josta"},"content":{"rendered":"<article class=\"text-token-text-primary w-full\" dir=\"auto\" data-testid=\"conversation-turn-120\" data-scroll-anchor=\"true\">\n<div class=\"text-base my-auto mx-auto py-5 [--thread-content-margin:--spacing(4)] @[37rem]:[--thread-content-margin:--spacing(6)] @[72rem]:[--thread-content-margin:--spacing(16)] px-(--thread-content-margin)\">\n<div class=\"[--thread-content-max-width:32rem] @[34rem]:[--thread-content-max-width:40rem] @[64rem]:[--thread-content-max-width:48rem] mx-auto flex max-w-(--thread-content-max-width) flex-1 text-base gap-4 md:gap-5 lg:gap-6 group\/turn-messages focus-visible:outline-hidden\">\n<div class=\"group\/conversation-turn relative flex w-full min-w-0 flex-col agent-turn\">\n<div class=\"relative flex-col gap-1 md:gap-3\">\n<div class=\"flex max-w-full flex-col grow\">\n<div class=\"min-h-8 text-message relative flex w-full flex-col items-end gap-2 text-start break-words whitespace-normal [.text-message+&amp;]:mt-5\" dir=\"auto\" data-message-author-role=\"assistant\" data-message-id=\"5ed0f3d2-7787-415f-958d-777aeb80a529\" data-message-model-slug=\"gpt-4o\">\n<div class=\"flex w-full flex-col gap-1 empty:hidden first:pt-[3px]\">\n<div class=\"markdown prose dark:prose-invert w-full break-words light\">\n<p data-start=\"92\" data-end=\"393\"><strong data-start=\"92\" data-end=\"136\">Oscimed elektronisk\u0101 pretkr\u0101k\u0161anas josta<\/strong> ir viens no inovat\u012bvajiem aksesu\u0101riem, kas paredz\u0113ts, lai c\u012bn\u012btos pret kr\u0101k\u0161anu un miega apnoju. \u0160\u012b elektronisk\u0101 pozicion\u0101l\u0101s terapijas ier\u012bce pal\u012bdz uztur\u0113t later\u0101lo (s\u0101nu) poz\u012bciju miega laik\u0101, kas ir b\u016btiski kr\u0101k\u0161anas un pozicion\u0101l\u0101s apnojas nov\u0113r\u0161anai.<\/p>\n<p data-start=\"395\" data-end=\"502\"><strong data-start=\"395\" data-end=\"430\">Kr\u0101k\u0161anas pozicion\u0101l\u0101 \u0101rst\u0113\u0161ana<\/strong><br data-start=\"430\" data-end=\"433\" \/>Neinvaz\u012bva ier\u012bce<\/p>\n<p data-start=\"504\" data-end=\"895\"><strong data-start=\"504\" data-end=\"552\">Kr\u0101k\u0161ana un miega apnoja \u2013 poz\u012bcijas ietekme<\/strong><br data-start=\"552\" data-end=\"555\" \/>Kr\u0101k\u0161ana un miega apnoja bie\u017ei ir atkar\u012bga no miega poz\u012bcijas. Gul\u0113\u0161ana uz muguras var pasliktin\u0101t \u0161os trauc\u0113jumus un ietekm\u0113t vesel\u012bbu, jo \u0161\u012b poz\u012bcija izraisa m\u012bksto audu sak\u013cau\u0161anos, nosprostojot elpce\u013cus. Cilv\u0113kiem, kuri cie\u0161 no pozicion\u0101l\u0101s apnojas, pozicion\u0101li regul\u0113jamu ier\u012b\u010du lieto\u0161ana var uzlabot elpo\u0161anu, mudinot gul\u0113t uz s\u0101niem.<\/p>\n<p data-start=\"897\" data-end=\"1236\"><strong data-start=\"897\" data-end=\"940\">K\u0101 darbojas Oscimed pretkr\u0101k\u0161anas josta<\/strong><br data-start=\"940\" data-end=\"943\" \/>Oscimed pretkr\u0101k\u0161anas josta sast\u0101v no inteli\u0123entas elektroniskas ier\u012bces un \u0113rtas kr\u016b\u0161u jostas. Ier\u012bce atpaz\u012bst, kad lietot\u0101js gu\u013c uz muguras, un izstaro maigu vibr\u0101ciju, lai mudin\u0101tu vi\u0146u pagriezties. P\u0113c da\u017e\u0101m nakt\u012bm \u0161\u012b ieraduma apg\u016b\u0161ana k\u013c\u016bst dabiska, uzlabojot komfortu un miega kvalit\u0101ti.<\/p>\n<p data-start=\"1238\" data-end=\"1481\"><strong data-start=\"1238\" data-end=\"1253\">Indik\u0101cijas<\/strong><br data-start=\"1253\" data-end=\"1256\" \/>Produkts ieteicams cilv\u0113kiem ar pozicion\u0101lo kr\u0101k\u0161anu un miega apnoju. Pirms lieto\u0161anas apnojas gad\u012bjum\u0101 v\u0113lams konsult\u0113ties ar \u0101rstu. At\u0161\u0137ir\u012bb\u0101 no CPAP mask\u0101m, \u0161is risin\u0101jums ir diskr\u0113ts un \u0113rts, neizraisot miega trauc\u0113jumus.<\/p>\n<p data-start=\"1483\" data-end=\"1689\"><strong data-start=\"1483\" data-end=\"1506\">\u0100rst\u0113\u0161anas iesp\u0113jas<\/strong><br data-start=\"1506\" data-end=\"1509\" \/><em data-start=\"1509\" data-end=\"1524\">CPAP ier\u012bces:<\/em> piem\u0113rotas smagas apnojas gad\u012bjum\u0101, nodro\u0161inot past\u0101v\u012bgu elpce\u013cu spiedienu<br data-start=\"1599\" data-end=\"1602\" \/><em data-start=\"1602\" data-end=\"1630\">Pozicion\u0101l\u0101s alternat\u012bvas:<\/em> piem\u0113rotas viegl\u0101m form\u0101m \u2013 jostas, speci\u0101li spilveni u.c.<\/p>\n<p data-start=\"1691\" data-end=\"1804\"><strong data-start=\"1691\" data-end=\"1728\">Medic\u012bnisk\u0101s konsult\u0101cijas noz\u012bme<\/strong><br data-start=\"1728\" data-end=\"1731\" \/>Ieteicams apmekl\u0113t miega speci\u0101listu, lai noteiktu piem\u0113rot\u0101ko \u0101rst\u0113\u0161anu.<\/p>\n<p data-start=\"1806\" data-end=\"1895\" data-is-last-node=\"\" data-is-only-node=\"\"><strong data-start=\"1806\" data-end=\"1826\">Kontrindik\u0101cijas<\/strong><br data-start=\"1826\" data-end=\"1829\" \/>Nav ieteicama cilv\u0113kiem ar sirds stimulatoru vai lateksa aler\u0123iju.<\/p>\n<\/div>\n<\/div>\n<\/div>\n<\/div>\n<\/div>\n<\/div>\n<\/div>\n<\/div>\n<\/article>\n","protected":false},"excerpt":{"rendered":"<article class=\"text-token-text-primary w-full\" dir=\"auto\" data-testid=\"conversation-turn-118\" data-scroll-anchor=\"false\">\n<div class=\"text-base my-auto mx-auto py-5 [--thread-content-margin:--spacing(4)] @[37rem]:[--thread-content-margin:--spacing(6)] @[72rem]:[--thread-content-margin:--spacing(16)] px-(--thread-content-margin)\">\n<div class=\"[--thread-content-max-width:32rem] @[34rem]:[--thread-content-max-width:40rem] @[64rem]:[--thread-content-max-width:48rem] mx-auto flex max-w-(--thread-content-max-width) flex-1 text-base gap-4 md:gap-5 lg:gap-6 group\/turn-messages focus-visible:outline-hidden\">\n<div class=\"group\/conversation-turn relative flex w-full min-w-0 flex-col agent-turn\">\n<div class=\"relative flex-col gap-1 md:gap-3\">\n<div class=\"flex max-w-full flex-col grow\">\n<div class=\"min-h-8 text-message relative flex w-full flex-col items-end gap-2 text-start break-words whitespace-normal [.text-message+&amp;]:mt-5\" dir=\"auto\" data-message-author-role=\"assistant\" data-message-id=\"81cce0de-e161-4291-8c50-f1e6e63da4f2\" data-message-model-slug=\"gpt-4o\">\n<div class=\"flex w-full flex-col gap-1 empty:hidden first:pt-[3px]\">\n<div class=\"markdown prose dark:prose-invert w-full break-words light\">\n<p data-start=\"47\" data-end=\"405\" data-is-last-node=\"\" data-is-only-node=\"\">Oscimed elektronisk\u0101 josta pal\u012bdz nov\u0113rst kr\u0101k\u0161anu un pozicion\u0101lo miega apnoju, mudinot gul\u0113t uz s\u0101niem<br data-start=\"150\" data-end=\"153\" \/>T\u0101 ir neinvaz\u012bva, ar maigu vibr\u0101ciju un piem\u0113rota lieto\u0161anai m\u0101j\u0101s komfortabl\u0101 veid\u0101<br data-start=\"237\" data-end=\"240\" \/>Ieteicama vieglu apnojas formu gad\u012bjum\u0101, pirms lieto\u0161anas v\u0113lams konsult\u0113ties ar speci\u0101listu<br data-start=\"332\" data-end=\"335\" \/>Nav paredz\u0113ta cilv\u0113kiem ar sirds stimulatoru vai aler\u0123iju pret lateksu<\/p>\n<\/div>\n<\/div>\n<\/div>\n<\/div>\n<div class=\"flex min-h-[46px] justify-start\">\n<div class=\"touch:-me-2 touch:-ms-3.5 -ms-2.5 -me-1 flex items-center p-1 select-none -mt-1 w-full duration-[1.5s] focus-within:transition-none hover:transition-none pointer-events-none [mask-image:linear-gradient(to_right,black_33%,transparent_66%)] [mask-size:300%_100%] [mask-position:100%_0%] motion-safe:transition-[mask-position] group-hover\/turn-messages:pointer-events-auto group-hover\/turn-messages:[mask-position:0_0] group-focus-within\/turn-messages:pointer-events-auto group-focus-within\/turn-messages:[mask-position:0_0] has-data-[state=open]:pointer-events-auto has-data-[state=open]:[mask-position:0_0]\"><\/div>\n<\/div>\n<\/div>\n<\/div>\n<\/div>\n<\/div>\n<\/article>\n<article class=\"text-token-text-primary w-full\" dir=\"auto\" data-testid=\"conversation-turn-119\" data-scroll-anchor=\"false\">\n<h5 class=\"sr-only\"><\/h5>\n<\/article>\n","protected":false},"featured_media":2207,"comment_status":"open","ping_status":"closed","template":"","meta":{"_acf_changed":false,"inline_featured_image":false},"product_brand":[],"product_cat":[54],"product_tag":[],"class_list":{"0":"post-1377","1":"product","2":"type-product","3":"status-publish","4":"has-post-thumbnail","6":"product_cat-preces-miega-uzlabosanai-lv","8":"first","9":"instock","10":"shipping-taxable","11":"purchasable","12":"product-type-simple"},"acf":[],"yoast_head":"<!-- This site is optimized with the Yoast SEO plugin v27.0 - https:\/\/yoast.com\/product\/yoast-seo-wordpress\/ -->\n<title>Elektronisk\u0101 pretkr\u0101k\u0161anas josta - Hipnos<\/title>\n<meta name=\"description\" content=\"Oscimed elektronisk\u0101 josta pal\u012bdz nov\u0113rst kr\u0101k\u0161anu un pozicion\u0101lo miega apnoju, mudinot gul\u0113t uz s\u0101niemT\u0101 ir neinvaz\u012bva, ar maigu vibr\u0101ciju un piem\u0113rota lieto\u0161anai m\u0101j\u0101s komfortabl\u0101 veid\u0101Ieteicama vieglu apnojas formu gad\u012bjum\u0101, pirms lieto\u0161anas v\u0113lams konsult\u0113ties ar speci\u0101listuNav paredz\u0113ta cilv\u0113kiem ar sirds stimulatoru vai aler\u0123iju pret lateksu\" \/>\n<meta name=\"robots\" content=\"noindex, follow, max-snippet:-1, max-image-preview:large, max-video-preview:-1\" \/>\n<meta property=\"og:locale\" content=\"en_US\" \/>\n<meta property=\"og:type\" content=\"article\" \/>\n<meta property=\"og:title\" content=\"Elektronisk\u0101 pretkr\u0101k\u0161anas josta - Hipnos\" \/>\n<meta property=\"og:description\" content=\"Oscimed elektronisk\u0101 josta pal\u012bdz nov\u0113rst kr\u0101k\u0161anu un pozicion\u0101lo miega apnoju, mudinot gul\u0113t uz s\u0101niemT\u0101 ir neinvaz\u012bva, ar maigu vibr\u0101ciju un piem\u0113rota lieto\u0161anai m\u0101j\u0101s komfortabl\u0101 veid\u0101Ieteicama vieglu apnojas formu gad\u012bjum\u0101, pirms lieto\u0161anas v\u0113lams konsult\u0113ties ar speci\u0101listuNav paredz\u0113ta cilv\u0113kiem ar sirds stimulatoru vai aler\u0123iju pret lateksu\" \/>\n<meta property=\"og:url\" content=\"https:\/\/hipnos.lv\/en\/product\/elektroniska-pretkraksanas-josta\/\" \/>\n<meta property=\"og:site_name\" content=\"Hipnos\" \/>\n<meta property=\"article:modified_time\" content=\"2026-03-11T08:16:52+00:00\" \/>\n<meta property=\"og:image\" content=\"https:\/\/hipnos.lv\/wp-content\/uploads\/2025\/08\/Couple_Avec_Ceinture_Manche_Longue_Avec_Fond_v2.0.png\" \/>\n\t<meta property=\"og:image:width\" content=\"1\" \/>\n\t<meta property=\"og:image:height\" content=\"1\" \/>\n\t<meta property=\"og:image:type\" content=\"image\/png\" \/>\n<meta name=\"twitter:card\" content=\"summary_large_image\" \/>\n<meta name=\"twitter:label1\" content=\"Est. reading time\" \/>\n\t<meta name=\"twitter:data1\" content=\"2 minutes\" \/>\n<script type=\"application\/ld+json\" class=\"yoast-schema-graph\">{\"@context\":\"https:\/\/schema.org\",\"@graph\":[{\"@type\":\"WebPage\",\"@id\":\"https:\/\/hipnos.lv\/en\/product\/elektroniska-pretkraksanas-josta\/\",\"url\":\"https:\/\/hipnos.lv\/en\/product\/elektroniska-pretkraksanas-josta\/\",\"name\":\"Elektronisk\u0101 pretkr\u0101k\u0161anas josta - Hipnos\",\"isPartOf\":{\"@id\":\"https:\/\/hipnos.lv\/en\/#website\"},\"primaryImageOfPage\":{\"@id\":\"https:\/\/hipnos.lv\/en\/product\/elektroniska-pretkraksanas-josta\/#primaryimage\"},\"image\":{\"@id\":\"https:\/\/hipnos.lv\/en\/product\/elektroniska-pretkraksanas-josta\/#primaryimage\"},\"thumbnailUrl\":\"https:\/\/hipnos.lv\/wp-content\/uploads\/2025\/08\/Couple_Avec_Ceinture_Manche_Longue_Avec_Fond_v2.0.png\",\"datePublished\":\"2025-06-05T11:31:20+00:00\",\"dateModified\":\"2026-03-11T08:16:52+00:00\",\"description\":\"Oscimed elektronisk\u0101 josta pal\u012bdz nov\u0113rst kr\u0101k\u0161anu un pozicion\u0101lo miega apnoju, mudinot gul\u0113t uz s\u0101niemT\u0101 ir neinvaz\u012bva, ar maigu vibr\u0101ciju un piem\u0113rota lieto\u0161anai m\u0101j\u0101s komfortabl\u0101 veid\u0101Ieteicama vieglu apnojas formu gad\u012bjum\u0101, pirms lieto\u0161anas v\u0113lams konsult\u0113ties ar speci\u0101listuNav paredz\u0113ta cilv\u0113kiem ar sirds stimulatoru vai aler\u0123iju pret lateksu\",\"breadcrumb\":{\"@id\":\"https:\/\/hipnos.lv\/en\/product\/elektroniska-pretkraksanas-josta\/#breadcrumb\"},\"inLanguage\":\"en-US\",\"potentialAction\":[{\"@type\":\"ReadAction\",\"target\":[\"https:\/\/hipnos.lv\/en\/product\/elektroniska-pretkraksanas-josta\/\"]}]},{\"@type\":\"ImageObject\",\"inLanguage\":\"en-US\",\"@id\":\"https:\/\/hipnos.lv\/en\/product\/elektroniska-pretkraksanas-josta\/#primaryimage\",\"url\":\"https:\/\/hipnos.lv\/wp-content\/uploads\/2025\/08\/Couple_Avec_Ceinture_Manche_Longue_Avec_Fond_v2.0.png\",\"contentUrl\":\"https:\/\/hipnos.lv\/wp-content\/uploads\/2025\/08\/Couple_Avec_Ceinture_Manche_Longue_Avec_Fond_v2.0.png\"},{\"@type\":\"BreadcrumbList\",\"@id\":\"https:\/\/hipnos.lv\/en\/product\/elektroniska-pretkraksanas-josta\/#breadcrumb\",\"itemListElement\":[{\"@type\":\"ListItem\",\"position\":1,\"name\":\"S\u0101kums\",\"item\":\"https:\/\/hipnos.lv\/en\/\"},{\"@type\":\"ListItem\",\"position\":2,\"name\":\"E\u2010Shop\",\"item\":\"https:\/\/hipnos.lv\/en\/shop\/\"},{\"@type\":\"ListItem\",\"position\":3,\"name\":\"Elektronisk\u0101 pretkr\u0101k\u0161anas josta\"}]},{\"@type\":\"WebSite\",\"@id\":\"https:\/\/hipnos.lv\/en\/#website\",\"url\":\"https:\/\/hipnos.lv\/en\/\",\"name\":\"Hipnos\",\"description\":\"\",\"potentialAction\":[{\"@type\":\"SearchAction\",\"target\":{\"@type\":\"EntryPoint\",\"urlTemplate\":\"https:\/\/hipnos.lv\/en\/?s={search_term_string}\"},\"query-input\":{\"@type\":\"PropertyValueSpecification\",\"valueRequired\":true,\"valueName\":\"search_term_string\"}}],\"inLanguage\":\"en-US\"}]}<\/script>\n<!-- \/ Yoast SEO plugin. -->","yoast_head_json":{"title":"Elektronisk\u0101 pretkr\u0101k\u0161anas josta - Hipnos","description":"Oscimed elektronisk\u0101 josta pal\u012bdz nov\u0113rst kr\u0101k\u0161anu un pozicion\u0101lo miega apnoju, mudinot gul\u0113t uz s\u0101niemT\u0101 ir neinvaz\u012bva, ar maigu vibr\u0101ciju un piem\u0113rota lieto\u0161anai m\u0101j\u0101s komfortabl\u0101 veid\u0101Ieteicama vieglu apnojas formu gad\u012bjum\u0101, pirms lieto\u0161anas v\u0113lams konsult\u0113ties ar speci\u0101listuNav paredz\u0113ta cilv\u0113kiem ar sirds stimulatoru vai aler\u0123iju pret lateksu","robots":{"index":"noindex","follow":"follow","max-snippet":"max-snippet:-1","max-image-preview":"max-image-preview:large","max-video-preview":"max-video-preview:-1"},"og_locale":"en_US","og_type":"article","og_title":"Elektronisk\u0101 pretkr\u0101k\u0161anas josta - Hipnos","og_description":"Oscimed elektronisk\u0101 josta pal\u012bdz nov\u0113rst kr\u0101k\u0161anu un pozicion\u0101lo miega apnoju, mudinot gul\u0113t uz s\u0101niemT\u0101 ir neinvaz\u012bva, ar maigu vibr\u0101ciju un piem\u0113rota lieto\u0161anai m\u0101j\u0101s komfortabl\u0101 veid\u0101Ieteicama vieglu apnojas formu gad\u012bjum\u0101, pirms lieto\u0161anas v\u0113lams konsult\u0113ties ar speci\u0101listuNav paredz\u0113ta cilv\u0113kiem ar sirds stimulatoru vai aler\u0123iju pret lateksu","og_url":"https:\/\/hipnos.lv\/en\/product\/elektroniska-pretkraksanas-josta\/","og_site_name":"Hipnos","article_modified_time":"2026-03-11T08:16:52+00:00","og_image":[{"url":"https:\/\/hipnos.lv\/wp-content\/uploads\/2025\/08\/Couple_Avec_Ceinture_Manche_Longue_Avec_Fond_v2.0.png","width":1,"height":1,"type":"image\/png"}],"twitter_card":"summary_large_image","twitter_misc":{"Est. reading time":"2 minutes"},"schema":{"@context":"https:\/\/schema.org","@graph":[{"@type":"WebPage","@id":"https:\/\/hipnos.lv\/en\/product\/elektroniska-pretkraksanas-josta\/","url":"https:\/\/hipnos.lv\/en\/product\/elektroniska-pretkraksanas-josta\/","name":"Elektronisk\u0101 pretkr\u0101k\u0161anas josta - Hipnos","isPartOf":{"@id":"https:\/\/hipnos.lv\/en\/#website"},"primaryImageOfPage":{"@id":"https:\/\/hipnos.lv\/en\/product\/elektroniska-pretkraksanas-josta\/#primaryimage"},"image":{"@id":"https:\/\/hipnos.lv\/en\/product\/elektroniska-pretkraksanas-josta\/#primaryimage"},"thumbnailUrl":"https:\/\/hipnos.lv\/wp-content\/uploads\/2025\/08\/Couple_Avec_Ceinture_Manche_Longue_Avec_Fond_v2.0.png","datePublished":"2025-06-05T11:31:20+00:00","dateModified":"2026-03-11T08:16:52+00:00","description":"Oscimed elektronisk\u0101 josta pal\u012bdz nov\u0113rst kr\u0101k\u0161anu un pozicion\u0101lo miega apnoju, mudinot gul\u0113t uz s\u0101niemT\u0101 ir neinvaz\u012bva, ar maigu vibr\u0101ciju un piem\u0113rota lieto\u0161anai m\u0101j\u0101s komfortabl\u0101 veid\u0101Ieteicama vieglu apnojas formu gad\u012bjum\u0101, pirms lieto\u0161anas v\u0113lams konsult\u0113ties ar speci\u0101listuNav paredz\u0113ta cilv\u0113kiem ar sirds stimulatoru vai aler\u0123iju pret lateksu","breadcrumb":{"@id":"https:\/\/hipnos.lv\/en\/product\/elektroniska-pretkraksanas-josta\/#breadcrumb"},"inLanguage":"en-US","potentialAction":[{"@type":"ReadAction","target":["https:\/\/hipnos.lv\/en\/product\/elektroniska-pretkraksanas-josta\/"]}]},{"@type":"ImageObject","inLanguage":"en-US","@id":"https:\/\/hipnos.lv\/en\/product\/elektroniska-pretkraksanas-josta\/#primaryimage","url":"https:\/\/hipnos.lv\/wp-content\/uploads\/2025\/08\/Couple_Avec_Ceinture_Manche_Longue_Avec_Fond_v2.0.png","contentUrl":"https:\/\/hipnos.lv\/wp-content\/uploads\/2025\/08\/Couple_Avec_Ceinture_Manche_Longue_Avec_Fond_v2.0.png"},{"@type":"BreadcrumbList","@id":"https:\/\/hipnos.lv\/en\/product\/elektroniska-pretkraksanas-josta\/#breadcrumb","itemListElement":[{"@type":"ListItem","position":1,"name":"S\u0101kums","item":"https:\/\/hipnos.lv\/en\/"},{"@type":"ListItem","position":2,"name":"E\u2010Shop","item":"https:\/\/hipnos.lv\/en\/shop\/"},{"@type":"ListItem","position":3,"name":"Elektronisk\u0101 pretkr\u0101k\u0161anas josta"}]},{"@type":"WebSite","@id":"https:\/\/hipnos.lv\/en\/#website","url":"https:\/\/hipnos.lv\/en\/","name":"Hipnos","description":"","potentialAction":[{"@type":"SearchAction","target":{"@type":"EntryPoint","urlTemplate":"https:\/\/hipnos.lv\/en\/?s={search_term_string}"},"query-input":{"@type":"PropertyValueSpecification","valueRequired":true,"valueName":"search_term_string"}}],"inLanguage":"en-US"}]}},"_links":{"self":[{"href":"https:\/\/hipnos.lv\/en\/wp-json\/wp\/v2\/product\/1377","targetHints":{"allow":["GET"]}}],"collection":[{"href":"https:\/\/hipnos.lv\/en\/wp-json\/wp\/v2\/product"}],"about":[{"href":"https:\/\/hipnos.lv\/en\/wp-json\/wp\/v2\/types\/product"}],"replies":[{"embeddable":true,"href":"https:\/\/hipnos.lv\/en\/wp-json\/wp\/v2\/comments?post=1377"}],"wp:featuredmedia":[{"embeddable":true,"href":"https:\/\/hipnos.lv\/en\/wp-json\/wp\/v2\/media\/2207"}],"wp:attachment":[{"href":"https:\/\/hipnos.lv\/en\/wp-json\/wp\/v2\/media?parent=1377"}],"wp:term":[{"taxonomy":"product_brand","embeddable":true,"href":"https:\/\/hipnos.lv\/en\/wp-json\/wp\/v2\/product_brand?post=1377"},{"taxonomy":"product_cat","embeddable":true,"href":"https:\/\/hipnos.lv\/en\/wp-json\/wp\/v2\/product_cat?post=1377"},{"taxonomy":"product_tag","embeddable":true,"href":"https:\/\/hipnos.lv\/en\/wp-json\/wp\/v2\/product_tag?post=1377"}],"curies":[{"name":"wp","href":"https:\/\/api.w.org\/{rel}","templated":true}]}}