{"id":1368,"date":"2025-06-05T10:09:14","date_gmt":"2025-06-05T10:09:14","guid":{"rendered":"https:\/\/hipnos.lv\/?post_type=product&#038;p=1368"},"modified":"2025-06-05T10:09:14","modified_gmt":"2025-06-05T10:09:14","slug":"pulsoksimetrs-contec-cms50d1","status":"publish","type":"product","link":"https:\/\/hipnos.lv\/en\/product\/pulsoksimetrs-contec-cms50d1\/","title":{"rendered":"Pulsoksimetrs CONTEC CMS50D1"},"content":{"rendered":"<p data-start=\"35\" data-end=\"726\"><strong data-start=\"35\" data-end=\"81\">Pulsa oksimetra CMS50D1 darb\u012bbas princips:<\/strong> fotoelektriska oksihemoglob\u012bna p\u0101rbaude. Pulsa oksimetrs m\u0113ra oksihemoglob\u012bna satur\u0101ciju asin\u012bs, citiem v\u0101rdiem sakot, hemoglob\u012bna un asins pies\u0101tin\u0101jumu ar sk\u0101bekli. \u0160is ir \u013coti svar\u012bgs r\u0101d\u012bt\u0101js elpo\u0161anas sist\u0113mas darb\u012bbas nov\u0113rt\u0113\u0161anai, jo daudzu elpo\u0161anas slim\u012bbu gad\u012bjum\u0101 samazin\u0101s oksihemoglob\u012bna satur\u0101cija asin\u012bs. Pulsa oksimetrs nolasa asins kr\u0101su spektru un uzr\u0101da hemoglob\u012bna pies\u0101tin\u0101jumu ar sk\u0101bekli procentos. Sk\u0101beklim satiekoties ar hemoglob\u012bnu, main\u0101s hemoglob\u012bna strukt\u016bra un kr\u0101sa. L\u012bdz ar to no sk\u0101bek\u013ca nepies\u0101tin\u0101t\u0101m asin\u012bm, kas ir zil\u0101 kr\u0101s\u0101 plau\u0161u alveol\u0101s, hemoglob\u012bnam saistoties ar sk\u0101bekli, asins k\u013c\u016bst gai\u0161i sarkanas.<\/p>\n<p data-start=\"728\" data-end=\"1038\"><strong data-start=\"728\" data-end=\"754\">Izmantot\u0101 tehnolo\u0123ija:<\/strong> pulsa noteik\u0161anas sp\u0113ja un pierakst\u012b\u0161anas tehnolo\u0123ija. Pulsa oksimetru var izmantot, lai m\u0113r\u012btu sk\u0101bek\u013ca koncentr\u0101ciju un\/vai pulsa \u0101trumu caur pirkstu. Tas ir piem\u0113rots izmanto\u0161anai m\u0101jas apst\u0101k\u013cos, slimn\u012bc\u0101s, vesel\u012bbas centros, pirms un p\u0113c sporto\u0161anas vai sporto\u0161anas laik\u0101 u.tml.<\/p>\n<p data-start=\"1040\" data-end=\"1078\"><strong data-start=\"1040\" data-end=\"1078\">Pulsa oksimetra galven\u0101s \u012bpa\u0161\u012bbas:<\/strong><\/p>\n<ul data-start=\"1080\" data-end=\"1657\">\n<li data-start=\"1080\" data-end=\"1135\">\n<p data-start=\"1082\" data-end=\"1135\">Integr\u0113ts ar SpO2 zondi un procesa att\u0113lo\u0161anas moduli<\/p>\n<\/li>\n<li data-start=\"1136\" data-end=\"1171\">\n<p data-start=\"1138\" data-end=\"1171\">Mazs, viegls un \u0113rts p\u0101rn\u0113s\u0101\u0161anai<\/p>\n<\/li>\n<li data-start=\"1172\" data-end=\"1218\">\n<p data-start=\"1174\" data-end=\"1218\">Vienk\u0101r\u0161a lieto\u0161ana, mazs ener\u0123ijas pat\u0113ri\u0146\u0161<\/p>\n<\/li>\n<li data-start=\"1219\" data-end=\"1245\">\n<p data-start=\"1221\" data-end=\"1245\">SpO2 v\u0113rt\u012bbas att\u0113lojums<\/p>\n<\/li>\n<li data-start=\"1246\" data-end=\"1291\">\n<p data-start=\"1248\" data-end=\"1291\">Pulsa \u0101truma v\u0113rt\u012bba un grafisks att\u0113lojums<\/p>\n<\/li>\n<li data-start=\"1292\" data-end=\"1317\">\n<p data-start=\"1294\" data-end=\"1317\">Pulsa l\u012bknes att\u0113lojums<\/p>\n<\/li>\n<li data-start=\"1318\" data-end=\"1343\">\n<p data-start=\"1320\" data-end=\"1343\">Main\u0101ms displeja re\u017e\u012bms<\/p>\n<\/li>\n<li data-start=\"1344\" data-end=\"1370\">\n<p data-start=\"1346\" data-end=\"1370\">Main\u0101ms ekr\u0101na spilgtums<\/p>\n<\/li>\n<li data-start=\"1371\" data-end=\"1446\">\n<p data-start=\"1373\" data-end=\"1446\">Zema sprieguma r\u0101d\u012bjums: tas par\u0101d\u0101s pirms ier\u012bce beidz norm\u0101li darboties<\/p>\n<\/li>\n<li data-start=\"1447\" data-end=\"1603\">\n<p data-start=\"1449\" data-end=\"1603\">Autom\u0101tiska izsl\u0113g\u0161an\u0101s funkcija: ja oksimetra m\u0113r\u012b\u0161anas interfeiss netiek izmantots un pirksts nav saskar\u0113 ar zondi 5 sekundes, tas autom\u0101tiski izsl\u0113dzas<\/p>\n<\/li>\n<li data-start=\"1604\" data-end=\"1657\">\n<p data-start=\"1606\" data-end=\"1657\">P\u0113c oksimetra izsl\u0113g\u0161anas ekr\u0101na form\u0101ts saglab\u0101jas<\/p>\n<\/li>\n<\/ul>\n<p data-start=\"1659\" data-end=\"1686\"><strong data-start=\"1659\" data-end=\"1686\">Tehnisk\u0101 specifik\u0101cija:<\/strong><\/p>\n<ul data-start=\"1688\" data-end=\"2216\">\n<li data-start=\"1688\" data-end=\"1745\">\n<p data-start=\"1690\" data-end=\"1745\">Ekr\u0101ns: 0.96&#8243; divu kr\u0101su OLED ekr\u0101ns (zils un dzeltens)<\/p>\n<\/li>\n<li data-start=\"1746\" data-end=\"1768\">\n<p data-start=\"1748\" data-end=\"1768\">Iz\u0161\u0137irtsp\u0113ja: 128*64<\/p>\n<\/li>\n<li data-start=\"1769\" data-end=\"1824\">\n<p data-start=\"1771\" data-end=\"1824\">SpO2 noteik\u0161anas diapazons: 0%\uff5e100% (iz\u0161\u0137irtsp\u0113ja 1%)<\/p>\n<\/li>\n<li data-start=\"1825\" data-end=\"1887\">\n<p data-start=\"1827\" data-end=\"1887\">Precizit\u0101te: 70%-100%: \u00b12%. Zem 70% precizit\u0101te nav noteikta<\/p>\n<\/li>\n<li data-start=\"1888\" data-end=\"1935\">\n<p data-start=\"1890\" data-end=\"1935\">Pulsa ritma noteik\u0161ana: 30-250 sitieni min\u016bt\u0113<\/p>\n<\/li>\n<li data-start=\"1936\" data-end=\"2006\">\n<p data-start=\"1938\" data-end=\"2006\">Pulsa ritma noteik\u0161anas precizit\u0101te: +\/- 2 sitieni min\u016bt\u0113 vai +\/- 2%<\/p>\n<\/li>\n<li data-start=\"2007\" data-end=\"2037\">\n<p data-start=\"2009\" data-end=\"2037\">Ener\u0123ijas pat\u0113ri\u0146\u0161: zem 30mA<\/p>\n<\/li>\n<li data-start=\"2038\" data-end=\"2058\">\n<p data-start=\"2040\" data-end=\"2058\">Volt\u0101\u017ea: 2.6V~3.6V<\/p>\n<\/li>\n<li data-start=\"2059\" data-end=\"2107\">\n<p data-start=\"2061\" data-end=\"2107\">Elektroapg\u0101de: Divas 1.5V AAA izm\u0113ra baterijas<\/p>\n<\/li>\n<li data-start=\"2108\" data-end=\"2154\">\n<p data-start=\"2110\" data-end=\"2154\">Bateriju darb\u012bbas ilgums: apm\u0113ram 32 stundas<\/p>\n<\/li>\n<li data-start=\"2155\" data-end=\"2180\">\n<p data-start=\"2157\" data-end=\"2180\">Izm\u0113rs: 61 \u00d7 36 \u00d7 32 mm<\/p>\n<\/li>\n<li data-start=\"2181\" data-end=\"2216\">\n<p data-start=\"2183\" data-end=\"2216\">Svars: apm\u0113ram 60g (ar baterij\u0101m)<\/p>\n<\/li>\n<\/ul>\n<p data-start=\"2218\" data-end=\"2241\"><strong data-start=\"2218\" data-end=\"2241\">Komplekt\u0101 ietilpst:<\/strong><\/p>\n<ul data-start=\"2243\" data-end=\"2311\">\n<li data-start=\"2243\" data-end=\"2252\">\n<p data-start=\"2245\" data-end=\"2252\">Aukli\u0146a<\/p>\n<\/li>\n<li data-start=\"2253\" data-end=\"2277\">\n<p data-start=\"2255\" data-end=\"2277\">Lieto\u0161anas instrukcija<\/p>\n<\/li>\n<li data-start=\"2278\" data-end=\"2289\">\n<p data-start=\"2280\" data-end=\"2289\">Baterijas<\/p>\n<\/li>\n<li data-start=\"2290\" data-end=\"2311\">\n<p data-start=\"2292\" data-end=\"2311\">Uzglab\u0101\u0161anas somi\u0146a<\/p>\n<\/li>\n<\/ul>\n<p data-start=\"2313\" data-end=\"2334\"><strong data-start=\"2313\" data-end=\"2327\">Garantija:<\/strong> 2 gadi<\/p>\n<p data-start=\"2336\" data-end=\"2356\"><strong data-start=\"2336\" data-end=\"2349\">Ra\u017eot\u0101js:<\/strong> CONTEC<\/p>\n","protected":false},"excerpt":{"rendered":"<h6 class=\"sr-only\">ChatGPT said:<\/h6>\n<div class=\"text-base my-auto mx-auto py-5 [--thread-content-margin:--spacing(4)] @[37rem]:[--thread-content-margin:--spacing(6)] @[72rem]:[--thread-content-margin:--spacing(16)] px-(--thread-content-margin)\">\n<div class=\"[--thread-content-max-width:32rem] @[34rem]:[--thread-content-max-width:40rem] @[64rem]:[--thread-content-max-width:48rem] mx-auto flex max-w-(--thread-content-max-width) flex-1 text-base gap-4 md:gap-5 lg:gap-6 group\/turn-messages focus-visible:outline-hidden\">\n<div class=\"group\/conversation-turn relative flex w-full min-w-0 flex-col agent-turn\">\n<div class=\"relative flex-col gap-1 md:gap-3\">\n<div class=\"flex max-w-full flex-col grow\">\n<div class=\"min-h-8 text-message relative flex w-full flex-col items-end gap-2 text-start break-words whitespace-normal [.text-message+&amp;]:mt-5\" dir=\"auto\" data-message-author-role=\"assistant\" data-message-id=\"701486eb-1dd5-492c-ba9e-8ae9340f6564\" data-message-model-slug=\"gpt-4o-mini\">\n<div class=\"flex w-full flex-col gap-1 empty:hidden first:pt-[3px]\">\n<div class=\"markdown prose dark:prose-invert w-full break-words light\">\n<p data-start=\"0\" data-end=\"522\" data-is-last-node=\"\" data-is-only-node=\"\">Pulsa oksimetrs CMS50D1 ir ier\u012bce, kas m\u0113ra sk\u0101bek\u013ca pies\u0101tin\u0101jumu asin\u012bs un pulsa \u0101trumu, izmantojot fotoelektrisko metodi. Tas ir piem\u0113rots gan m\u0101jas apst\u0101k\u013cos, gan slimn\u012bc\u0101s, lai nov\u0113rt\u0113tu elpo\u0161anas sist\u0113mas darb\u012bbu, ar vieglu un \u0113rtu lieto\u0161anu. Oksimetrs nodro\u0161ina prec\u012bzus datus par SpO2 un pulsu, k\u0101 ar\u012b \u013cauj att\u0113lot pulsa vi\u013c\u0146u grafiku, un tam ir autom\u0101tisk\u0101s izsl\u0113g\u0161an\u0101s funkcija. Ier\u012bcei ir OLED ekr\u0101ns, zems ener\u0123ijas pat\u0113ri\u0146\u0161, un tas darbojas ar div\u0101m AAA baterij\u0101m, nodro\u0161inot apm\u0113ram 32 stundu darb\u012bbas laiku.<\/p>\n<\/div>\n<\/div>\n<\/div>\n<\/div>\n<\/div>\n<\/div>\n<\/div>\n<\/div>\n","protected":false},"featured_media":1369,"comment_status":"open","ping_status":"closed","template":"","meta":{"_acf_changed":false,"inline_featured_image":false},"product_brand":[],"product_cat":[55],"product_tag":[],"class_list":{"0":"post-1368","1":"product","2":"type-product","3":"status-publish","4":"has-post-thumbnail","6":"product_cat-pulsoksimetri-lv","8":"first","9":"instock","10":"shipping-taxable","11":"purchasable","12":"product-type-simple"},"acf":[],"yoast_head":"<!-- This site is optimized with the Yoast SEO plugin v27.0 - https:\/\/yoast.com\/product\/yoast-seo-wordpress\/ -->\n<title>Pulsoksimetrs CONTEC CMS50D1 - Hipnos<\/title>\n<meta name=\"description\" content=\"ChatGPT said:Pulsa oksimetrs CMS50D1 ir ier\u012bce, kas m\u0113ra sk\u0101bek\u013ca pies\u0101tin\u0101jumu asin\u012bs un pulsa \u0101trumu, izmantojot fotoelektrisko metodi. Tas ir piem\u0113rots gan m\u0101jas apst\u0101k\u013cos, gan slimn\u012bc\u0101s, lai nov\u0113rt\u0113tu elpo\u0161anas sist\u0113mas darb\u012bbu, ar vieglu un \u0113rtu lieto\u0161anu. Oksimetrs nodro\u0161ina prec\u012bzus datus par SpO2 un pulsu, k\u0101 ar\u012b \u013cauj att\u0113lot pulsa vi\u013c\u0146u grafiku, un tam ir autom\u0101tisk\u0101s izsl\u0113g\u0161an\u0101s funkcija. Ier\u012bcei ir OLED ekr\u0101ns, zems ener\u0123ijas pat\u0113ri\u0146\u0161, un tas darbojas ar div\u0101m AAA baterij\u0101m, nodro\u0161inot apm\u0113ram 32 stundu darb\u012bbas laiku.\" \/>\n<meta name=\"robots\" content=\"noindex, follow, max-snippet:-1, max-image-preview:large, max-video-preview:-1\" \/>\n<meta property=\"og:locale\" content=\"en_US\" \/>\n<meta property=\"og:type\" content=\"article\" \/>\n<meta property=\"og:title\" content=\"Pulsoksimetrs CONTEC CMS50D1 - Hipnos\" \/>\n<meta property=\"og:description\" content=\"ChatGPT said:Pulsa oksimetrs CMS50D1 ir ier\u012bce, kas m\u0113ra sk\u0101bek\u013ca pies\u0101tin\u0101jumu asin\u012bs un pulsa \u0101trumu, izmantojot fotoelektrisko metodi. Tas ir piem\u0113rots gan m\u0101jas apst\u0101k\u013cos, gan slimn\u012bc\u0101s, lai nov\u0113rt\u0113tu elpo\u0161anas sist\u0113mas darb\u012bbu, ar vieglu un \u0113rtu lieto\u0161anu. Oksimetrs nodro\u0161ina prec\u012bzus datus par SpO2 un pulsu, k\u0101 ar\u012b \u013cauj att\u0113lot pulsa vi\u013c\u0146u grafiku, un tam ir autom\u0101tisk\u0101s izsl\u0113g\u0161an\u0101s funkcija. Ier\u012bcei ir OLED ekr\u0101ns, zems ener\u0123ijas pat\u0113ri\u0146\u0161, un tas darbojas ar div\u0101m AAA baterij\u0101m, nodro\u0161inot apm\u0113ram 32 stundu darb\u012bbas laiku.\" \/>\n<meta property=\"og:url\" content=\"https:\/\/hipnos.lv\/en\/product\/pulsoksimetrs-contec-cms50d1\/\" \/>\n<meta property=\"og:site_name\" content=\"Hipnos\" \/>\n<meta property=\"og:image\" content=\"https:\/\/hipnos.lv\/wp-content\/uploads\/2025\/06\/pulse.jpg\" \/>\n\t<meta property=\"og:image:width\" content=\"720\" \/>\n\t<meta property=\"og:image:height\" content=\"500\" \/>\n\t<meta property=\"og:image:type\" content=\"image\/jpeg\" \/>\n<meta name=\"twitter:card\" content=\"summary_large_image\" \/>\n<meta name=\"twitter:label1\" content=\"Est. reading time\" \/>\n\t<meta name=\"twitter:data1\" content=\"2 minutes\" \/>\n<script type=\"application\/ld+json\" class=\"yoast-schema-graph\">{\"@context\":\"https:\/\/schema.org\",\"@graph\":[{\"@type\":\"WebPage\",\"@id\":\"https:\/\/hipnos.lv\/en\/product\/pulsoksimetrs-contec-cms50d1\/\",\"url\":\"https:\/\/hipnos.lv\/en\/product\/pulsoksimetrs-contec-cms50d1\/\",\"name\":\"Pulsoksimetrs CONTEC CMS50D1 - Hipnos\",\"isPartOf\":{\"@id\":\"https:\/\/hipnos.lv\/en\/#website\"},\"primaryImageOfPage\":{\"@id\":\"https:\/\/hipnos.lv\/en\/product\/pulsoksimetrs-contec-cms50d1\/#primaryimage\"},\"image\":{\"@id\":\"https:\/\/hipnos.lv\/en\/product\/pulsoksimetrs-contec-cms50d1\/#primaryimage\"},\"thumbnailUrl\":\"https:\/\/hipnos.lv\/wp-content\/uploads\/2025\/06\/pulse.jpg\",\"datePublished\":\"2025-06-05T10:09:14+00:00\",\"description\":\"ChatGPT said:Pulsa oksimetrs CMS50D1 ir ier\u012bce, kas m\u0113ra sk\u0101bek\u013ca pies\u0101tin\u0101jumu asin\u012bs un pulsa \u0101trumu, izmantojot fotoelektrisko metodi. Tas ir piem\u0113rots gan m\u0101jas apst\u0101k\u013cos, gan slimn\u012bc\u0101s, lai nov\u0113rt\u0113tu elpo\u0161anas sist\u0113mas darb\u012bbu, ar vieglu un \u0113rtu lieto\u0161anu. Oksimetrs nodro\u0161ina prec\u012bzus datus par SpO2 un pulsu, k\u0101 ar\u012b \u013cauj att\u0113lot pulsa vi\u013c\u0146u grafiku, un tam ir autom\u0101tisk\u0101s izsl\u0113g\u0161an\u0101s funkcija. Ier\u012bcei ir OLED ekr\u0101ns, zems ener\u0123ijas pat\u0113ri\u0146\u0161, un tas darbojas ar div\u0101m AAA baterij\u0101m, nodro\u0161inot apm\u0113ram 32 stundu darb\u012bbas laiku.\",\"breadcrumb\":{\"@id\":\"https:\/\/hipnos.lv\/en\/product\/pulsoksimetrs-contec-cms50d1\/#breadcrumb\"},\"inLanguage\":\"en-US\",\"potentialAction\":[{\"@type\":\"ReadAction\",\"target\":[\"https:\/\/hipnos.lv\/en\/product\/pulsoksimetrs-contec-cms50d1\/\"]}]},{\"@type\":\"ImageObject\",\"inLanguage\":\"en-US\",\"@id\":\"https:\/\/hipnos.lv\/en\/product\/pulsoksimetrs-contec-cms50d1\/#primaryimage\",\"url\":\"https:\/\/hipnos.lv\/wp-content\/uploads\/2025\/06\/pulse.jpg\",\"contentUrl\":\"https:\/\/hipnos.lv\/wp-content\/uploads\/2025\/06\/pulse.jpg\",\"width\":720,\"height\":500},{\"@type\":\"BreadcrumbList\",\"@id\":\"https:\/\/hipnos.lv\/en\/product\/pulsoksimetrs-contec-cms50d1\/#breadcrumb\",\"itemListElement\":[{\"@type\":\"ListItem\",\"position\":1,\"name\":\"S\u0101kums\",\"item\":\"https:\/\/hipnos.lv\/en\/\"},{\"@type\":\"ListItem\",\"position\":2,\"name\":\"E\u2010Shop\",\"item\":\"https:\/\/hipnos.lv\/en\/shop\/\"},{\"@type\":\"ListItem\",\"position\":3,\"name\":\"Pulsoksimetrs CONTEC CMS50D1\"}]},{\"@type\":\"WebSite\",\"@id\":\"https:\/\/hipnos.lv\/en\/#website\",\"url\":\"https:\/\/hipnos.lv\/en\/\",\"name\":\"Hipnos\",\"description\":\"\",\"potentialAction\":[{\"@type\":\"SearchAction\",\"target\":{\"@type\":\"EntryPoint\",\"urlTemplate\":\"https:\/\/hipnos.lv\/en\/?s={search_term_string}\"},\"query-input\":{\"@type\":\"PropertyValueSpecification\",\"valueRequired\":true,\"valueName\":\"search_term_string\"}}],\"inLanguage\":\"en-US\"}]}<\/script>\n<!-- \/ Yoast SEO plugin. -->","yoast_head_json":{"title":"Pulsoksimetrs CONTEC CMS50D1 - Hipnos","description":"ChatGPT said:Pulsa oksimetrs CMS50D1 ir ier\u012bce, kas m\u0113ra sk\u0101bek\u013ca pies\u0101tin\u0101jumu asin\u012bs un pulsa \u0101trumu, izmantojot fotoelektrisko metodi. Tas ir piem\u0113rots gan m\u0101jas apst\u0101k\u013cos, gan slimn\u012bc\u0101s, lai nov\u0113rt\u0113tu elpo\u0161anas sist\u0113mas darb\u012bbu, ar vieglu un \u0113rtu lieto\u0161anu. Oksimetrs nodro\u0161ina prec\u012bzus datus par SpO2 un pulsu, k\u0101 ar\u012b \u013cauj att\u0113lot pulsa vi\u013c\u0146u grafiku, un tam ir autom\u0101tisk\u0101s izsl\u0113g\u0161an\u0101s funkcija. Ier\u012bcei ir OLED ekr\u0101ns, zems ener\u0123ijas pat\u0113ri\u0146\u0161, un tas darbojas ar div\u0101m AAA baterij\u0101m, nodro\u0161inot apm\u0113ram 32 stundu darb\u012bbas laiku.","robots":{"index":"noindex","follow":"follow","max-snippet":"max-snippet:-1","max-image-preview":"max-image-preview:large","max-video-preview":"max-video-preview:-1"},"og_locale":"en_US","og_type":"article","og_title":"Pulsoksimetrs CONTEC CMS50D1 - Hipnos","og_description":"ChatGPT said:Pulsa oksimetrs CMS50D1 ir ier\u012bce, kas m\u0113ra sk\u0101bek\u013ca pies\u0101tin\u0101jumu asin\u012bs un pulsa \u0101trumu, izmantojot fotoelektrisko metodi. Tas ir piem\u0113rots gan m\u0101jas apst\u0101k\u013cos, gan slimn\u012bc\u0101s, lai nov\u0113rt\u0113tu elpo\u0161anas sist\u0113mas darb\u012bbu, ar vieglu un \u0113rtu lieto\u0161anu. Oksimetrs nodro\u0161ina prec\u012bzus datus par SpO2 un pulsu, k\u0101 ar\u012b \u013cauj att\u0113lot pulsa vi\u013c\u0146u grafiku, un tam ir autom\u0101tisk\u0101s izsl\u0113g\u0161an\u0101s funkcija. Ier\u012bcei ir OLED ekr\u0101ns, zems ener\u0123ijas pat\u0113ri\u0146\u0161, un tas darbojas ar div\u0101m AAA baterij\u0101m, nodro\u0161inot apm\u0113ram 32 stundu darb\u012bbas laiku.","og_url":"https:\/\/hipnos.lv\/en\/product\/pulsoksimetrs-contec-cms50d1\/","og_site_name":"Hipnos","og_image":[{"width":720,"height":500,"url":"https:\/\/hipnos.lv\/wp-content\/uploads\/2025\/06\/pulse.jpg","type":"image\/jpeg"}],"twitter_card":"summary_large_image","twitter_misc":{"Est. reading time":"2 minutes"},"schema":{"@context":"https:\/\/schema.org","@graph":[{"@type":"WebPage","@id":"https:\/\/hipnos.lv\/en\/product\/pulsoksimetrs-contec-cms50d1\/","url":"https:\/\/hipnos.lv\/en\/product\/pulsoksimetrs-contec-cms50d1\/","name":"Pulsoksimetrs CONTEC CMS50D1 - Hipnos","isPartOf":{"@id":"https:\/\/hipnos.lv\/en\/#website"},"primaryImageOfPage":{"@id":"https:\/\/hipnos.lv\/en\/product\/pulsoksimetrs-contec-cms50d1\/#primaryimage"},"image":{"@id":"https:\/\/hipnos.lv\/en\/product\/pulsoksimetrs-contec-cms50d1\/#primaryimage"},"thumbnailUrl":"https:\/\/hipnos.lv\/wp-content\/uploads\/2025\/06\/pulse.jpg","datePublished":"2025-06-05T10:09:14+00:00","description":"ChatGPT said:Pulsa oksimetrs CMS50D1 ir ier\u012bce, kas m\u0113ra sk\u0101bek\u013ca pies\u0101tin\u0101jumu asin\u012bs un pulsa \u0101trumu, izmantojot fotoelektrisko metodi. Tas ir piem\u0113rots gan m\u0101jas apst\u0101k\u013cos, gan slimn\u012bc\u0101s, lai nov\u0113rt\u0113tu elpo\u0161anas sist\u0113mas darb\u012bbu, ar vieglu un \u0113rtu lieto\u0161anu. Oksimetrs nodro\u0161ina prec\u012bzus datus par SpO2 un pulsu, k\u0101 ar\u012b \u013cauj att\u0113lot pulsa vi\u013c\u0146u grafiku, un tam ir autom\u0101tisk\u0101s izsl\u0113g\u0161an\u0101s funkcija. Ier\u012bcei ir OLED ekr\u0101ns, zems ener\u0123ijas pat\u0113ri\u0146\u0161, un tas darbojas ar div\u0101m AAA baterij\u0101m, nodro\u0161inot apm\u0113ram 32 stundu darb\u012bbas laiku.","breadcrumb":{"@id":"https:\/\/hipnos.lv\/en\/product\/pulsoksimetrs-contec-cms50d1\/#breadcrumb"},"inLanguage":"en-US","potentialAction":[{"@type":"ReadAction","target":["https:\/\/hipnos.lv\/en\/product\/pulsoksimetrs-contec-cms50d1\/"]}]},{"@type":"ImageObject","inLanguage":"en-US","@id":"https:\/\/hipnos.lv\/en\/product\/pulsoksimetrs-contec-cms50d1\/#primaryimage","url":"https:\/\/hipnos.lv\/wp-content\/uploads\/2025\/06\/pulse.jpg","contentUrl":"https:\/\/hipnos.lv\/wp-content\/uploads\/2025\/06\/pulse.jpg","width":720,"height":500},{"@type":"BreadcrumbList","@id":"https:\/\/hipnos.lv\/en\/product\/pulsoksimetrs-contec-cms50d1\/#breadcrumb","itemListElement":[{"@type":"ListItem","position":1,"name":"S\u0101kums","item":"https:\/\/hipnos.lv\/en\/"},{"@type":"ListItem","position":2,"name":"E\u2010Shop","item":"https:\/\/hipnos.lv\/en\/shop\/"},{"@type":"ListItem","position":3,"name":"Pulsoksimetrs CONTEC CMS50D1"}]},{"@type":"WebSite","@id":"https:\/\/hipnos.lv\/en\/#website","url":"https:\/\/hipnos.lv\/en\/","name":"Hipnos","description":"","potentialAction":[{"@type":"SearchAction","target":{"@type":"EntryPoint","urlTemplate":"https:\/\/hipnos.lv\/en\/?s={search_term_string}"},"query-input":{"@type":"PropertyValueSpecification","valueRequired":true,"valueName":"search_term_string"}}],"inLanguage":"en-US"}]}},"_links":{"self":[{"href":"https:\/\/hipnos.lv\/en\/wp-json\/wp\/v2\/product\/1368","targetHints":{"allow":["GET"]}}],"collection":[{"href":"https:\/\/hipnos.lv\/en\/wp-json\/wp\/v2\/product"}],"about":[{"href":"https:\/\/hipnos.lv\/en\/wp-json\/wp\/v2\/types\/product"}],"replies":[{"embeddable":true,"href":"https:\/\/hipnos.lv\/en\/wp-json\/wp\/v2\/comments?post=1368"}],"wp:featuredmedia":[{"embeddable":true,"href":"https:\/\/hipnos.lv\/en\/wp-json\/wp\/v2\/media\/1369"}],"wp:attachment":[{"href":"https:\/\/hipnos.lv\/en\/wp-json\/wp\/v2\/media?parent=1368"}],"wp:term":[{"taxonomy":"product_brand","embeddable":true,"href":"https:\/\/hipnos.lv\/en\/wp-json\/wp\/v2\/product_brand?post=1368"},{"taxonomy":"product_cat","embeddable":true,"href":"https:\/\/hipnos.lv\/en\/wp-json\/wp\/v2\/product_cat?post=1368"},{"taxonomy":"product_tag","embeddable":true,"href":"https:\/\/hipnos.lv\/en\/wp-json\/wp\/v2\/product_tag?post=1368"}],"curies":[{"name":"wp","href":"https:\/\/api.w.org\/{rel}","templated":true}]}}