{"id":1364,"date":"2025-06-05T09:59:26","date_gmt":"2025-06-05T09:59:26","guid":{"rendered":"https:\/\/hipnos.lv\/?post_type=product&#038;p=1364"},"modified":"2025-06-05T09:59:26","modified_gmt":"2025-06-05T09:59:26","slug":"pulsoksimetrs-hbo-smart-300","status":"publish","type":"product","link":"https:\/\/hipnos.lv\/en\/product\/pulsoksimetrs-hbo-smart-300\/","title":{"rendered":"Pulsoksimetrs HbO-SMART 300"},"content":{"rendered":"<p data-start=\"79\" data-end=\"308\">Pulsoksimetrs ir ier\u012bce, kas \u013cauj lietot\u0101jam sekot l\u012bdzi sirdsdarb\u012bbas \u0101trumam un sk\u0101bek\u013ca koncentr\u0101cijai asin\u012bs. Ier\u012bce darbojas vienk\u0101r\u0161i \u2013 uzliekot to uz pirksta, nospie\u017eot pogu un pagaidot p\u0101ris sekundes, l\u012bdz t\u0101 fiks\u0113 pulsu.<\/p>\n<p data-start=\"310\" data-end=\"893\">Jaun\u0101 HbO-Smart ier\u012bce ir jaun\u0101kais pirksta pulsa oksimetrs no Drive DeVilbiss International, kas paredz\u0113ts neinvaz\u012bviem sk\u0101bek\u013ca pies\u0101tin\u0101juma, pulsa un perf\u016bzijas indeksa m\u0113r\u012bjumiem m\u0101j\u0101s vai slimn\u012bc\u0101s. \u0160aj\u0101 stil\u012bgaj\u0101 ier\u012bc\u0113 ir piel\u0101gojami iestat\u012bjumi br\u012bdin\u0101jumiem, un t\u0101 ir piem\u0113rota gan b\u0113rniem, gan pieaugu\u0161ajiem. OLED displej\u0101 ir sirdsdarb\u012bbas josla un pletismogr\u0101fijas vilni. Ekr\u0101ns var tikt izmantots \u010detros da\u017e\u0101dos virzienos. Iek\u013cauts br\u012bdin\u0101jums par zemu akumulatora l\u012bmeni, un ier\u012bce autom\u0101tiski izsl\u0113dzas p\u0113c 8 sekund\u0113m. Komplekt\u0101 ir 2 AAA baterijas ar 25 darba stund\u0101m.<\/p>\n","protected":false},"excerpt":{"rendered":"<p>Pulsoksimetrs \u013cauj sekot l\u012bdzi sirdsdarb\u012bbas \u0101trumam un sk\u0101bek\u013ca koncentr\u0101cijai asin\u012bs. Jaunais HbO-Smart oksimetrs no Drive DeVilbiss International pied\u0101v\u0101 neinvaz\u012bvus m\u0113r\u012bjumus m\u0101j\u0101s un slimn\u012bc\u0101s. Ier\u012bce ir piem\u0113rota gan b\u0113rniem, gan pieaugu\u0161ajiem, ar OLED displeju, piel\u0101gojamiem iestat\u012bjumiem un zema akumulatora br\u012bdin\u0101jumu. T\u0101 autom\u0101tiski izsl\u0113dzas p\u0113c 8 sekund\u0113m un darbojas ar 2 AAA baterij\u0101m l\u012bdz 25 stund\u0101m.<\/p>\n","protected":false},"featured_media":1365,"comment_status":"open","ping_status":"closed","template":"","meta":{"_acf_changed":false,"inline_featured_image":false},"product_brand":[],"product_cat":[55],"product_tag":[],"class_list":{"0":"post-1364","1":"product","2":"type-product","3":"status-publish","4":"has-post-thumbnail","6":"product_cat-pulsoksimetri-lv","8":"first","9":"instock","10":"shipping-taxable","11":"purchasable","12":"product-type-simple"},"acf":[],"yoast_head":"<!-- This site is optimized with the Yoast SEO plugin v27.0 - https:\/\/yoast.com\/product\/yoast-seo-wordpress\/ -->\n<title>Pulsoksimetrs HbO-SMART 300 - Hipnos<\/title>\n<meta name=\"description\" content=\"Pulsoksimetrs \u013cauj sekot l\u012bdzi sirdsdarb\u012bbas \u0101trumam un sk\u0101bek\u013ca koncentr\u0101cijai asin\u012bs. Jaunais HbO-Smart oksimetrs no Drive DeVilbiss International pied\u0101v\u0101 neinvaz\u012bvus m\u0113r\u012bjumus m\u0101j\u0101s un slimn\u012bc\u0101s. Ier\u012bce ir piem\u0113rota gan b\u0113rniem, gan pieaugu\u0161ajiem, ar OLED displeju, piel\u0101gojamiem iestat\u012bjumiem un zema akumulatora br\u012bdin\u0101jumu. T\u0101 autom\u0101tiski izsl\u0113dzas p\u0113c 8 sekund\u0113m un darbojas ar 2 AAA baterij\u0101m l\u012bdz 25 stund\u0101m.\" \/>\n<meta name=\"robots\" content=\"noindex, follow, max-snippet:-1, max-image-preview:large, max-video-preview:-1\" \/>\n<meta property=\"og:locale\" content=\"en_US\" \/>\n<meta property=\"og:type\" content=\"article\" \/>\n<meta property=\"og:title\" content=\"Pulsoksimetrs HbO-SMART 300 - Hipnos\" \/>\n<meta property=\"og:description\" content=\"Pulsoksimetrs \u013cauj sekot l\u012bdzi sirdsdarb\u012bbas \u0101trumam un sk\u0101bek\u013ca koncentr\u0101cijai asin\u012bs. Jaunais HbO-Smart oksimetrs no Drive DeVilbiss International pied\u0101v\u0101 neinvaz\u012bvus m\u0113r\u012bjumus m\u0101j\u0101s un slimn\u012bc\u0101s. Ier\u012bce ir piem\u0113rota gan b\u0113rniem, gan pieaugu\u0161ajiem, ar OLED displeju, piel\u0101gojamiem iestat\u012bjumiem un zema akumulatora br\u012bdin\u0101jumu. T\u0101 autom\u0101tiski izsl\u0113dzas p\u0113c 8 sekund\u0113m un darbojas ar 2 AAA baterij\u0101m l\u012bdz 25 stund\u0101m.\" \/>\n<meta property=\"og:url\" content=\"https:\/\/hipnos.lv\/en\/product\/pulsoksimetrs-hbo-smart-300\/\" \/>\n<meta property=\"og:site_name\" content=\"Hipnos\" \/>\n<meta property=\"og:image\" content=\"https:\/\/hipnos.lv\/wp-content\/uploads\/2025\/06\/puks.jpg\" \/>\n\t<meta property=\"og:image:width\" content=\"200\" \/>\n\t<meta property=\"og:image:height\" content=\"200\" \/>\n\t<meta property=\"og:image:type\" content=\"image\/jpeg\" \/>\n<meta name=\"twitter:card\" content=\"summary_large_image\" \/>\n<meta name=\"twitter:label1\" content=\"Est. reading time\" \/>\n\t<meta name=\"twitter:data1\" content=\"1 minute\" \/>\n<script type=\"application\/ld+json\" class=\"yoast-schema-graph\">{\"@context\":\"https:\/\/schema.org\",\"@graph\":[{\"@type\":\"WebPage\",\"@id\":\"https:\/\/hipnos.lv\/en\/product\/pulsoksimetrs-hbo-smart-300\/\",\"url\":\"https:\/\/hipnos.lv\/en\/product\/pulsoksimetrs-hbo-smart-300\/\",\"name\":\"Pulsoksimetrs HbO-SMART 300 - Hipnos\",\"isPartOf\":{\"@id\":\"https:\/\/hipnos.lv\/en\/#website\"},\"primaryImageOfPage\":{\"@id\":\"https:\/\/hipnos.lv\/en\/product\/pulsoksimetrs-hbo-smart-300\/#primaryimage\"},\"image\":{\"@id\":\"https:\/\/hipnos.lv\/en\/product\/pulsoksimetrs-hbo-smart-300\/#primaryimage\"},\"thumbnailUrl\":\"https:\/\/hipnos.lv\/wp-content\/uploads\/2025\/06\/puks.jpg\",\"datePublished\":\"2025-06-05T09:59:26+00:00\",\"description\":\"Pulsoksimetrs \u013cauj sekot l\u012bdzi sirdsdarb\u012bbas \u0101trumam un sk\u0101bek\u013ca koncentr\u0101cijai asin\u012bs. Jaunais HbO-Smart oksimetrs no Drive DeVilbiss International pied\u0101v\u0101 neinvaz\u012bvus m\u0113r\u012bjumus m\u0101j\u0101s un slimn\u012bc\u0101s. Ier\u012bce ir piem\u0113rota gan b\u0113rniem, gan pieaugu\u0161ajiem, ar OLED displeju, piel\u0101gojamiem iestat\u012bjumiem un zema akumulatora br\u012bdin\u0101jumu. T\u0101 autom\u0101tiski izsl\u0113dzas p\u0113c 8 sekund\u0113m un darbojas ar 2 AAA baterij\u0101m l\u012bdz 25 stund\u0101m.\",\"breadcrumb\":{\"@id\":\"https:\/\/hipnos.lv\/en\/product\/pulsoksimetrs-hbo-smart-300\/#breadcrumb\"},\"inLanguage\":\"en-US\",\"potentialAction\":[{\"@type\":\"ReadAction\",\"target\":[\"https:\/\/hipnos.lv\/en\/product\/pulsoksimetrs-hbo-smart-300\/\"]}]},{\"@type\":\"ImageObject\",\"inLanguage\":\"en-US\",\"@id\":\"https:\/\/hipnos.lv\/en\/product\/pulsoksimetrs-hbo-smart-300\/#primaryimage\",\"url\":\"https:\/\/hipnos.lv\/wp-content\/uploads\/2025\/06\/puks.jpg\",\"contentUrl\":\"https:\/\/hipnos.lv\/wp-content\/uploads\/2025\/06\/puks.jpg\",\"width\":200,\"height\":200},{\"@type\":\"BreadcrumbList\",\"@id\":\"https:\/\/hipnos.lv\/en\/product\/pulsoksimetrs-hbo-smart-300\/#breadcrumb\",\"itemListElement\":[{\"@type\":\"ListItem\",\"position\":1,\"name\":\"S\u0101kums\",\"item\":\"https:\/\/hipnos.lv\/en\/\"},{\"@type\":\"ListItem\",\"position\":2,\"name\":\"E\u2010Shop\",\"item\":\"https:\/\/hipnos.lv\/en\/shop\/\"},{\"@type\":\"ListItem\",\"position\":3,\"name\":\"Pulsoksimetrs HbO-SMART 300\"}]},{\"@type\":\"WebSite\",\"@id\":\"https:\/\/hipnos.lv\/en\/#website\",\"url\":\"https:\/\/hipnos.lv\/en\/\",\"name\":\"Hipnos\",\"description\":\"\",\"potentialAction\":[{\"@type\":\"SearchAction\",\"target\":{\"@type\":\"EntryPoint\",\"urlTemplate\":\"https:\/\/hipnos.lv\/en\/?s={search_term_string}\"},\"query-input\":{\"@type\":\"PropertyValueSpecification\",\"valueRequired\":true,\"valueName\":\"search_term_string\"}}],\"inLanguage\":\"en-US\"}]}<\/script>\n<!-- \/ Yoast SEO plugin. -->","yoast_head_json":{"title":"Pulsoksimetrs HbO-SMART 300 - Hipnos","description":"Pulsoksimetrs \u013cauj sekot l\u012bdzi sirdsdarb\u012bbas \u0101trumam un sk\u0101bek\u013ca koncentr\u0101cijai asin\u012bs. Jaunais HbO-Smart oksimetrs no Drive DeVilbiss International pied\u0101v\u0101 neinvaz\u012bvus m\u0113r\u012bjumus m\u0101j\u0101s un slimn\u012bc\u0101s. Ier\u012bce ir piem\u0113rota gan b\u0113rniem, gan pieaugu\u0161ajiem, ar OLED displeju, piel\u0101gojamiem iestat\u012bjumiem un zema akumulatora br\u012bdin\u0101jumu. T\u0101 autom\u0101tiski izsl\u0113dzas p\u0113c 8 sekund\u0113m un darbojas ar 2 AAA baterij\u0101m l\u012bdz 25 stund\u0101m.","robots":{"index":"noindex","follow":"follow","max-snippet":"max-snippet:-1","max-image-preview":"max-image-preview:large","max-video-preview":"max-video-preview:-1"},"og_locale":"en_US","og_type":"article","og_title":"Pulsoksimetrs HbO-SMART 300 - Hipnos","og_description":"Pulsoksimetrs \u013cauj sekot l\u012bdzi sirdsdarb\u012bbas \u0101trumam un sk\u0101bek\u013ca koncentr\u0101cijai asin\u012bs. Jaunais HbO-Smart oksimetrs no Drive DeVilbiss International pied\u0101v\u0101 neinvaz\u012bvus m\u0113r\u012bjumus m\u0101j\u0101s un slimn\u012bc\u0101s. Ier\u012bce ir piem\u0113rota gan b\u0113rniem, gan pieaugu\u0161ajiem, ar OLED displeju, piel\u0101gojamiem iestat\u012bjumiem un zema akumulatora br\u012bdin\u0101jumu. T\u0101 autom\u0101tiski izsl\u0113dzas p\u0113c 8 sekund\u0113m un darbojas ar 2 AAA baterij\u0101m l\u012bdz 25 stund\u0101m.","og_url":"https:\/\/hipnos.lv\/en\/product\/pulsoksimetrs-hbo-smart-300\/","og_site_name":"Hipnos","og_image":[{"width":200,"height":200,"url":"https:\/\/hipnos.lv\/wp-content\/uploads\/2025\/06\/puks.jpg","type":"image\/jpeg"}],"twitter_card":"summary_large_image","twitter_misc":{"Est. reading time":"1 minute"},"schema":{"@context":"https:\/\/schema.org","@graph":[{"@type":"WebPage","@id":"https:\/\/hipnos.lv\/en\/product\/pulsoksimetrs-hbo-smart-300\/","url":"https:\/\/hipnos.lv\/en\/product\/pulsoksimetrs-hbo-smart-300\/","name":"Pulsoksimetrs HbO-SMART 300 - Hipnos","isPartOf":{"@id":"https:\/\/hipnos.lv\/en\/#website"},"primaryImageOfPage":{"@id":"https:\/\/hipnos.lv\/en\/product\/pulsoksimetrs-hbo-smart-300\/#primaryimage"},"image":{"@id":"https:\/\/hipnos.lv\/en\/product\/pulsoksimetrs-hbo-smart-300\/#primaryimage"},"thumbnailUrl":"https:\/\/hipnos.lv\/wp-content\/uploads\/2025\/06\/puks.jpg","datePublished":"2025-06-05T09:59:26+00:00","description":"Pulsoksimetrs \u013cauj sekot l\u012bdzi sirdsdarb\u012bbas \u0101trumam un sk\u0101bek\u013ca koncentr\u0101cijai asin\u012bs. Jaunais HbO-Smart oksimetrs no Drive DeVilbiss International pied\u0101v\u0101 neinvaz\u012bvus m\u0113r\u012bjumus m\u0101j\u0101s un slimn\u012bc\u0101s. Ier\u012bce ir piem\u0113rota gan b\u0113rniem, gan pieaugu\u0161ajiem, ar OLED displeju, piel\u0101gojamiem iestat\u012bjumiem un zema akumulatora br\u012bdin\u0101jumu. T\u0101 autom\u0101tiski izsl\u0113dzas p\u0113c 8 sekund\u0113m un darbojas ar 2 AAA baterij\u0101m l\u012bdz 25 stund\u0101m.","breadcrumb":{"@id":"https:\/\/hipnos.lv\/en\/product\/pulsoksimetrs-hbo-smart-300\/#breadcrumb"},"inLanguage":"en-US","potentialAction":[{"@type":"ReadAction","target":["https:\/\/hipnos.lv\/en\/product\/pulsoksimetrs-hbo-smart-300\/"]}]},{"@type":"ImageObject","inLanguage":"en-US","@id":"https:\/\/hipnos.lv\/en\/product\/pulsoksimetrs-hbo-smart-300\/#primaryimage","url":"https:\/\/hipnos.lv\/wp-content\/uploads\/2025\/06\/puks.jpg","contentUrl":"https:\/\/hipnos.lv\/wp-content\/uploads\/2025\/06\/puks.jpg","width":200,"height":200},{"@type":"BreadcrumbList","@id":"https:\/\/hipnos.lv\/en\/product\/pulsoksimetrs-hbo-smart-300\/#breadcrumb","itemListElement":[{"@type":"ListItem","position":1,"name":"S\u0101kums","item":"https:\/\/hipnos.lv\/en\/"},{"@type":"ListItem","position":2,"name":"E\u2010Shop","item":"https:\/\/hipnos.lv\/en\/shop\/"},{"@type":"ListItem","position":3,"name":"Pulsoksimetrs HbO-SMART 300"}]},{"@type":"WebSite","@id":"https:\/\/hipnos.lv\/en\/#website","url":"https:\/\/hipnos.lv\/en\/","name":"Hipnos","description":"","potentialAction":[{"@type":"SearchAction","target":{"@type":"EntryPoint","urlTemplate":"https:\/\/hipnos.lv\/en\/?s={search_term_string}"},"query-input":{"@type":"PropertyValueSpecification","valueRequired":true,"valueName":"search_term_string"}}],"inLanguage":"en-US"}]}},"_links":{"self":[{"href":"https:\/\/hipnos.lv\/en\/wp-json\/wp\/v2\/product\/1364","targetHints":{"allow":["GET"]}}],"collection":[{"href":"https:\/\/hipnos.lv\/en\/wp-json\/wp\/v2\/product"}],"about":[{"href":"https:\/\/hipnos.lv\/en\/wp-json\/wp\/v2\/types\/product"}],"replies":[{"embeddable":true,"href":"https:\/\/hipnos.lv\/en\/wp-json\/wp\/v2\/comments?post=1364"}],"wp:featuredmedia":[{"embeddable":true,"href":"https:\/\/hipnos.lv\/en\/wp-json\/wp\/v2\/media\/1365"}],"wp:attachment":[{"href":"https:\/\/hipnos.lv\/en\/wp-json\/wp\/v2\/media?parent=1364"}],"wp:term":[{"taxonomy":"product_brand","embeddable":true,"href":"https:\/\/hipnos.lv\/en\/wp-json\/wp\/v2\/product_brand?post=1364"},{"taxonomy":"product_cat","embeddable":true,"href":"https:\/\/hipnos.lv\/en\/wp-json\/wp\/v2\/product_cat?post=1364"},{"taxonomy":"product_tag","embeddable":true,"href":"https:\/\/hipnos.lv\/en\/wp-json\/wp\/v2\/product_tag?post=1364"}],"curies":[{"name":"wp","href":"https:\/\/api.w.org\/{rel}","templated":true}]}}