{"id":1340,"date":"2025-06-05T09:41:21","date_gmt":"2025-06-05T09:41:21","guid":{"rendered":"https:\/\/hipnos.lv\/?post_type=product&#038;p=1340"},"modified":"2025-10-09T07:29:53","modified_gmt":"2025-10-09T07:29:53","slug":"devilbiss-ifill-skabekla-stacija-piegade-1-2-nedelas","status":"publish","type":"product","link":"https:\/\/hipnos.lv\/en\/product\/devilbiss-ifill-skabekla-stacija-piegade-1-2-nedelas\/","title":{"rendered":"Devilbiss IFill sk\u0101bek\u013ca stacija (PIEG\u0100DE 1-2 NED\u0112\u013bAS)"},"content":{"rendered":"<p data-start=\"108\" data-end=\"536\">Laika gait\u0101 sk\u0101bek\u013ca terapija att\u012bst\u0101s un iesp\u0113jas k\u013c\u016bst arvien pla\u0161\u0101kas. iFill sk\u0101bek\u013ca stacija var uzpild\u012bt sk\u0101bek\u013ca balonus, \u013caujot pacientam p\u0113c nepiecie\u0161am\u012bbas uzpild\u012bt balonu un doties pastaig\u0101s vai izbraucienos, nemaks\u0101jot par balona \u012bri un uzpild\u012b\u0161anu. Piem\u0113rots lieto\u0161anai m\u0101j\u0101s, kl\u012bnik\u0101s un slimn\u012bc\u0101s. Iek\u0101rta komplekt\u0101 n\u0101k ar diviem sk\u0101bek\u013ca baloniem.<br data-start=\"470\" data-end=\"473\" \/>Iek\u0101rta nav paredz\u0113ta dz\u012bv\u012bbu uzturo\u0161u funkciju nodro\u0161in\u0101\u0161anai.<\/p>\n<h2>\u012apa\u0161\u012bbas:<\/h2>\n<ul class=\"parameters\">\n<li class=\"secondary\"><span class=\"label\">Svars<\/span>:\u00a0<span class=\"value\">40<\/span>\u00a0<span class=\"unit\">kg<\/span><\/li>\n<li class=\"secondary\"><span class=\"label\">Izm\u0113rs<\/span>:\u00a0<span class=\"value\">31,1 X 72,4 X 57,4<\/span>\u00a0<span class=\"unit\">cm<\/span><\/li>\n<li class=\"secondary\"><span class=\"label\">Ska\u013cums<\/span>:\u00a0<span class=\"value\">50<\/span>\u00a0<span class=\"unit\">dB(A)<\/span><\/li>\n<li class=\"secondary\"><span class=\"label\">Sk\u0101bek\u013ca koncentr\u0101cija<\/span>:\u00a0<span class=\"value\">93<\/span>\u00a0<span class=\"unit\">%<\/span><\/li>\n<li class=\"secondary\"><span class=\"label\">Str\u0101vas pat\u0113ri\u0146\u0161<\/span>:\u00a0<span class=\"value\">400<\/span>\u00a0<span class=\"unit\">W<\/span><\/li>\n<li class=\"secondary\"><span class=\"label\">Balona uzpildes laiks<\/span>:\u00a0<span class=\"value\">75<\/span>\u00a0<span class=\"unit\">min<\/span><\/li>\n<\/ul>\n","protected":false},"excerpt":{"rendered":"<p data-start=\"585\" data-end=\"892\">Sk\u0101bek\u013ca terapija att\u012bst\u0101s, un iFill stacija \u013cauj uzpild\u012bt sk\u0101bek\u013ca balonus, kas \u013cauj pacientam doties pastaig\u0101s vai izbraucienos bez papildus maksas. Iek\u0101rta ir piem\u0113rota lieto\u0161anai m\u0101j\u0101s, kl\u012bnik\u0101s un slimn\u012bc\u0101s, un t\u0101 n\u0101k komplekt\u0101 ar diviem sk\u0101bek\u013ca baloniem.<br data-start=\"846\" data-end=\"849\" \/>Nav paredz\u0113ta dz\u012bv\u012bbu uzturo\u0161\u0101m funkcij\u0101m.<\/p>\n","protected":false},"featured_media":1350,"comment_status":"open","ping_status":"closed","template":"","meta":{"_acf_changed":false,"inline_featured_image":false},"product_brand":[],"product_cat":[89],"product_tag":[],"class_list":{"0":"post-1340","1":"product","2":"type-product","3":"status-publish","4":"has-post-thumbnail","6":"product_cat-skabekla-koncentratori-lv","8":"first","9":"instock","10":"shipping-taxable","11":"purchasable","12":"product-type-simple"},"acf":[],"yoast_head":"<!-- This site is optimized with the Yoast SEO plugin v27.0 - https:\/\/yoast.com\/product\/yoast-seo-wordpress\/ -->\n<title>Devilbiss IFill sk\u0101bek\u013ca stacija (PIEG\u0100DE 1-2 NED\u0112\u013bAS) - Hipnos<\/title>\n<meta name=\"description\" content=\"Sk\u0101bek\u013ca terapija att\u012bst\u0101s, un iFill stacija \u013cauj uzpild\u012bt sk\u0101bek\u013ca balonus, kas \u013cauj pacientam doties pastaig\u0101s vai izbraucienos bez papildus maksas. Iek\u0101rta ir piem\u0113rota lieto\u0161anai m\u0101j\u0101s, kl\u012bnik\u0101s un slimn\u012bc\u0101s, un t\u0101 n\u0101k komplekt\u0101 ar diviem sk\u0101bek\u013ca baloniem.Nav paredz\u0113ta dz\u012bv\u012bbu uzturo\u0161\u0101m funkcij\u0101m.\" \/>\n<meta name=\"robots\" content=\"noindex, follow, max-snippet:-1, max-image-preview:large, max-video-preview:-1\" \/>\n<meta property=\"og:locale\" content=\"en_US\" \/>\n<meta property=\"og:type\" content=\"article\" \/>\n<meta property=\"og:title\" content=\"Devilbiss IFill sk\u0101bek\u013ca stacija (PIEG\u0100DE 1-2 NED\u0112\u013bAS) - Hipnos\" \/>\n<meta property=\"og:description\" content=\"Sk\u0101bek\u013ca terapija att\u012bst\u0101s, un iFill stacija \u013cauj uzpild\u012bt sk\u0101bek\u013ca balonus, kas \u013cauj pacientam doties pastaig\u0101s vai izbraucienos bez papildus maksas. Iek\u0101rta ir piem\u0113rota lieto\u0161anai m\u0101j\u0101s, kl\u012bnik\u0101s un slimn\u012bc\u0101s, un t\u0101 n\u0101k komplekt\u0101 ar diviem sk\u0101bek\u013ca baloniem.Nav paredz\u0113ta dz\u012bv\u012bbu uzturo\u0161\u0101m funkcij\u0101m.\" \/>\n<meta property=\"og:url\" content=\"https:\/\/hipnos.lv\/en\/product\/devilbiss-ifill-skabekla-stacija-piegade-1-2-nedelas\/\" \/>\n<meta property=\"og:site_name\" content=\"Hipnos\" \/>\n<meta property=\"article:modified_time\" content=\"2025-10-09T07:29:53+00:00\" \/>\n<meta property=\"og:image\" content=\"https:\/\/hipnos.lv\/wp-content\/uploads\/2025\/06\/hgvbjhbhjuhytf.jpg\" \/>\n\t<meta property=\"og:image:width\" content=\"348\" \/>\n\t<meta property=\"og:image:height\" content=\"400\" \/>\n\t<meta property=\"og:image:type\" content=\"image\/jpeg\" \/>\n<meta name=\"twitter:card\" content=\"summary_large_image\" \/>\n<meta name=\"twitter:label1\" content=\"Est. reading time\" \/>\n\t<meta name=\"twitter:data1\" content=\"1 minute\" \/>\n<script type=\"application\/ld+json\" class=\"yoast-schema-graph\">{\"@context\":\"https:\/\/schema.org\",\"@graph\":[{\"@type\":\"WebPage\",\"@id\":\"https:\/\/hipnos.lv\/en\/product\/devilbiss-ifill-skabekla-stacija-piegade-1-2-nedelas\/\",\"url\":\"https:\/\/hipnos.lv\/en\/product\/devilbiss-ifill-skabekla-stacija-piegade-1-2-nedelas\/\",\"name\":\"Devilbiss IFill sk\u0101bek\u013ca stacija (PIEG\u0100DE 1-2 NED\u0112\u013bAS) - Hipnos\",\"isPartOf\":{\"@id\":\"https:\/\/hipnos.lv\/en\/#website\"},\"primaryImageOfPage\":{\"@id\":\"https:\/\/hipnos.lv\/en\/product\/devilbiss-ifill-skabekla-stacija-piegade-1-2-nedelas\/#primaryimage\"},\"image\":{\"@id\":\"https:\/\/hipnos.lv\/en\/product\/devilbiss-ifill-skabekla-stacija-piegade-1-2-nedelas\/#primaryimage\"},\"thumbnailUrl\":\"https:\/\/hipnos.lv\/wp-content\/uploads\/2025\/06\/hgvbjhbhjuhytf.jpg\",\"datePublished\":\"2025-06-05T09:41:21+00:00\",\"dateModified\":\"2025-10-09T07:29:53+00:00\",\"description\":\"Sk\u0101bek\u013ca terapija att\u012bst\u0101s, un iFill stacija \u013cauj uzpild\u012bt sk\u0101bek\u013ca balonus, kas \u013cauj pacientam doties pastaig\u0101s vai izbraucienos bez papildus maksas. Iek\u0101rta ir piem\u0113rota lieto\u0161anai m\u0101j\u0101s, kl\u012bnik\u0101s un slimn\u012bc\u0101s, un t\u0101 n\u0101k komplekt\u0101 ar diviem sk\u0101bek\u013ca baloniem.Nav paredz\u0113ta dz\u012bv\u012bbu uzturo\u0161\u0101m funkcij\u0101m.\",\"breadcrumb\":{\"@id\":\"https:\/\/hipnos.lv\/en\/product\/devilbiss-ifill-skabekla-stacija-piegade-1-2-nedelas\/#breadcrumb\"},\"inLanguage\":\"en-US\",\"potentialAction\":[{\"@type\":\"ReadAction\",\"target\":[\"https:\/\/hipnos.lv\/en\/product\/devilbiss-ifill-skabekla-stacija-piegade-1-2-nedelas\/\"]}]},{\"@type\":\"ImageObject\",\"inLanguage\":\"en-US\",\"@id\":\"https:\/\/hipnos.lv\/en\/product\/devilbiss-ifill-skabekla-stacija-piegade-1-2-nedelas\/#primaryimage\",\"url\":\"https:\/\/hipnos.lv\/wp-content\/uploads\/2025\/06\/hgvbjhbhjuhytf.jpg\",\"contentUrl\":\"https:\/\/hipnos.lv\/wp-content\/uploads\/2025\/06\/hgvbjhbhjuhytf.jpg\",\"width\":348,\"height\":400},{\"@type\":\"BreadcrumbList\",\"@id\":\"https:\/\/hipnos.lv\/en\/product\/devilbiss-ifill-skabekla-stacija-piegade-1-2-nedelas\/#breadcrumb\",\"itemListElement\":[{\"@type\":\"ListItem\",\"position\":1,\"name\":\"S\u0101kums\",\"item\":\"https:\/\/hipnos.lv\/en\/\"},{\"@type\":\"ListItem\",\"position\":2,\"name\":\"E\u2010Shop\",\"item\":\"https:\/\/hipnos.lv\/en\/shop\/\"},{\"@type\":\"ListItem\",\"position\":3,\"name\":\"Devilbiss IFill sk\u0101bek\u013ca stacija (PIEG\u0100DE 1-2 NED\u0112\u013bAS)\"}]},{\"@type\":\"WebSite\",\"@id\":\"https:\/\/hipnos.lv\/en\/#website\",\"url\":\"https:\/\/hipnos.lv\/en\/\",\"name\":\"Hipnos\",\"description\":\"\",\"potentialAction\":[{\"@type\":\"SearchAction\",\"target\":{\"@type\":\"EntryPoint\",\"urlTemplate\":\"https:\/\/hipnos.lv\/en\/?s={search_term_string}\"},\"query-input\":{\"@type\":\"PropertyValueSpecification\",\"valueRequired\":true,\"valueName\":\"search_term_string\"}}],\"inLanguage\":\"en-US\"}]}<\/script>\n<!-- \/ Yoast SEO plugin. -->","yoast_head_json":{"title":"Devilbiss IFill sk\u0101bek\u013ca stacija (PIEG\u0100DE 1-2 NED\u0112\u013bAS) - Hipnos","description":"Sk\u0101bek\u013ca terapija att\u012bst\u0101s, un iFill stacija \u013cauj uzpild\u012bt sk\u0101bek\u013ca balonus, kas \u013cauj pacientam doties pastaig\u0101s vai izbraucienos bez papildus maksas. Iek\u0101rta ir piem\u0113rota lieto\u0161anai m\u0101j\u0101s, kl\u012bnik\u0101s un slimn\u012bc\u0101s, un t\u0101 n\u0101k komplekt\u0101 ar diviem sk\u0101bek\u013ca baloniem.Nav paredz\u0113ta dz\u012bv\u012bbu uzturo\u0161\u0101m funkcij\u0101m.","robots":{"index":"noindex","follow":"follow","max-snippet":"max-snippet:-1","max-image-preview":"max-image-preview:large","max-video-preview":"max-video-preview:-1"},"og_locale":"en_US","og_type":"article","og_title":"Devilbiss IFill sk\u0101bek\u013ca stacija (PIEG\u0100DE 1-2 NED\u0112\u013bAS) - Hipnos","og_description":"Sk\u0101bek\u013ca terapija att\u012bst\u0101s, un iFill stacija \u013cauj uzpild\u012bt sk\u0101bek\u013ca balonus, kas \u013cauj pacientam doties pastaig\u0101s vai izbraucienos bez papildus maksas. Iek\u0101rta ir piem\u0113rota lieto\u0161anai m\u0101j\u0101s, kl\u012bnik\u0101s un slimn\u012bc\u0101s, un t\u0101 n\u0101k komplekt\u0101 ar diviem sk\u0101bek\u013ca baloniem.Nav paredz\u0113ta dz\u012bv\u012bbu uzturo\u0161\u0101m funkcij\u0101m.","og_url":"https:\/\/hipnos.lv\/en\/product\/devilbiss-ifill-skabekla-stacija-piegade-1-2-nedelas\/","og_site_name":"Hipnos","article_modified_time":"2025-10-09T07:29:53+00:00","og_image":[{"width":348,"height":400,"url":"https:\/\/hipnos.lv\/wp-content\/uploads\/2025\/06\/hgvbjhbhjuhytf.jpg","type":"image\/jpeg"}],"twitter_card":"summary_large_image","twitter_misc":{"Est. reading time":"1 minute"},"schema":{"@context":"https:\/\/schema.org","@graph":[{"@type":"WebPage","@id":"https:\/\/hipnos.lv\/en\/product\/devilbiss-ifill-skabekla-stacija-piegade-1-2-nedelas\/","url":"https:\/\/hipnos.lv\/en\/product\/devilbiss-ifill-skabekla-stacija-piegade-1-2-nedelas\/","name":"Devilbiss IFill sk\u0101bek\u013ca stacija (PIEG\u0100DE 1-2 NED\u0112\u013bAS) - Hipnos","isPartOf":{"@id":"https:\/\/hipnos.lv\/en\/#website"},"primaryImageOfPage":{"@id":"https:\/\/hipnos.lv\/en\/product\/devilbiss-ifill-skabekla-stacija-piegade-1-2-nedelas\/#primaryimage"},"image":{"@id":"https:\/\/hipnos.lv\/en\/product\/devilbiss-ifill-skabekla-stacija-piegade-1-2-nedelas\/#primaryimage"},"thumbnailUrl":"https:\/\/hipnos.lv\/wp-content\/uploads\/2025\/06\/hgvbjhbhjuhytf.jpg","datePublished":"2025-06-05T09:41:21+00:00","dateModified":"2025-10-09T07:29:53+00:00","description":"Sk\u0101bek\u013ca terapija att\u012bst\u0101s, un iFill stacija \u013cauj uzpild\u012bt sk\u0101bek\u013ca balonus, kas \u013cauj pacientam doties pastaig\u0101s vai izbraucienos bez papildus maksas. Iek\u0101rta ir piem\u0113rota lieto\u0161anai m\u0101j\u0101s, kl\u012bnik\u0101s un slimn\u012bc\u0101s, un t\u0101 n\u0101k komplekt\u0101 ar diviem sk\u0101bek\u013ca baloniem.Nav paredz\u0113ta dz\u012bv\u012bbu uzturo\u0161\u0101m funkcij\u0101m.","breadcrumb":{"@id":"https:\/\/hipnos.lv\/en\/product\/devilbiss-ifill-skabekla-stacija-piegade-1-2-nedelas\/#breadcrumb"},"inLanguage":"en-US","potentialAction":[{"@type":"ReadAction","target":["https:\/\/hipnos.lv\/en\/product\/devilbiss-ifill-skabekla-stacija-piegade-1-2-nedelas\/"]}]},{"@type":"ImageObject","inLanguage":"en-US","@id":"https:\/\/hipnos.lv\/en\/product\/devilbiss-ifill-skabekla-stacija-piegade-1-2-nedelas\/#primaryimage","url":"https:\/\/hipnos.lv\/wp-content\/uploads\/2025\/06\/hgvbjhbhjuhytf.jpg","contentUrl":"https:\/\/hipnos.lv\/wp-content\/uploads\/2025\/06\/hgvbjhbhjuhytf.jpg","width":348,"height":400},{"@type":"BreadcrumbList","@id":"https:\/\/hipnos.lv\/en\/product\/devilbiss-ifill-skabekla-stacija-piegade-1-2-nedelas\/#breadcrumb","itemListElement":[{"@type":"ListItem","position":1,"name":"S\u0101kums","item":"https:\/\/hipnos.lv\/en\/"},{"@type":"ListItem","position":2,"name":"E\u2010Shop","item":"https:\/\/hipnos.lv\/en\/shop\/"},{"@type":"ListItem","position":3,"name":"Devilbiss IFill sk\u0101bek\u013ca stacija (PIEG\u0100DE 1-2 NED\u0112\u013bAS)"}]},{"@type":"WebSite","@id":"https:\/\/hipnos.lv\/en\/#website","url":"https:\/\/hipnos.lv\/en\/","name":"Hipnos","description":"","potentialAction":[{"@type":"SearchAction","target":{"@type":"EntryPoint","urlTemplate":"https:\/\/hipnos.lv\/en\/?s={search_term_string}"},"query-input":{"@type":"PropertyValueSpecification","valueRequired":true,"valueName":"search_term_string"}}],"inLanguage":"en-US"}]}},"_links":{"self":[{"href":"https:\/\/hipnos.lv\/en\/wp-json\/wp\/v2\/product\/1340","targetHints":{"allow":["GET"]}}],"collection":[{"href":"https:\/\/hipnos.lv\/en\/wp-json\/wp\/v2\/product"}],"about":[{"href":"https:\/\/hipnos.lv\/en\/wp-json\/wp\/v2\/types\/product"}],"replies":[{"embeddable":true,"href":"https:\/\/hipnos.lv\/en\/wp-json\/wp\/v2\/comments?post=1340"}],"wp:featuredmedia":[{"embeddable":true,"href":"https:\/\/hipnos.lv\/en\/wp-json\/wp\/v2\/media\/1350"}],"wp:attachment":[{"href":"https:\/\/hipnos.lv\/en\/wp-json\/wp\/v2\/media?parent=1340"}],"wp:term":[{"taxonomy":"product_brand","embeddable":true,"href":"https:\/\/hipnos.lv\/en\/wp-json\/wp\/v2\/product_brand?post=1340"},{"taxonomy":"product_cat","embeddable":true,"href":"https:\/\/hipnos.lv\/en\/wp-json\/wp\/v2\/product_cat?post=1340"},{"taxonomy":"product_tag","embeddable":true,"href":"https:\/\/hipnos.lv\/en\/wp-json\/wp\/v2\/product_tag?post=1340"}],"curies":[{"name":"wp","href":"https:\/\/api.w.org\/{rel}","templated":true}]}}