{"id":1336,"date":"2025-06-05T09:29:02","date_gmt":"2025-06-05T09:29:02","guid":{"rendered":"https:\/\/hipnos.lv\/?post_type=product&#038;p=1336"},"modified":"2026-03-04T09:33:25","modified_gmt":"2026-03-04T09:33:25","slug":"igo-2-ar-bluetooth-un-makonrisinajumu","status":"publish","type":"product","link":"https:\/\/hipnos.lv\/en\/product\/igo-2-ar-bluetooth-un-makonrisinajumu\/","title":{"rendered":"IGo 2 ar Bluetooth un m\u0101ko\u0146risin\u0101jumu."},"content":{"rendered":"<p data-start=\"128\" data-end=\"183\"><strong data-start=\"128\" data-end=\"183\">iGo2 Bluetooth p\u0101rn\u0113s\u0101jamais sk\u0101bek\u013ca koncentrators<\/strong><\/p>\n<p data-start=\"185\" data-end=\"557\">&#8220;iGo2 Bluetooth&#8221; ir m\u016bsu visvair\u0101k p\u0101rdot\u0101 p\u0101rn\u0113s\u0101jam\u0101 sk\u0101bek\u013ca koncentratora iGo2 uzlabot\u0101 versija. Tas pied\u0101v\u0101 visas unik\u0101l\u0101s iGo2 funkcionalit\u0101tes un atver jaunu perspekt\u012bvu: ar SmartLink O2 lietotnes pal\u012bdz\u012bbu lietot\u0101js var apskat\u012bt visu svar\u012bgo ier\u012bces inform\u0101ciju viedt\u0101lrun\u012b. Papildus iesp\u0113jama izv\u0113les att\u0101lin\u0101t\u0101 nolas\u012b\u0161anas funkcija caur MySmartLink Cloud Server.<\/p>\n<ul data-start=\"559\" data-end=\"939\">\n<li data-start=\"559\" data-end=\"590\">\n<p data-start=\"561\" data-end=\"590\">Iek\u013cauta Bluetooth funkcija<\/p>\n<\/li>\n<li data-start=\"591\" data-end=\"637\">\n<p data-start=\"593\" data-end=\"637\">Visa svar\u012bg\u0101 ier\u012bces inform\u0101cija vienuviet<\/p>\n<\/li>\n<li data-start=\"638\" data-end=\"711\">\n<p data-start=\"640\" data-end=\"711\">Izv\u0113les att\u0101lin\u0101t\u0101 nolas\u012b\u0161anas funkcija caur MySmartLink Cloud Server<\/p>\n<\/li>\n<li data-start=\"712\" data-end=\"748\">\n<p data-start=\"714\" data-end=\"748\">Patent\u0113ta SmartDose\u2122 tehnolo\u0123ija<\/p>\n<\/li>\n<li data-start=\"749\" data-end=\"793\">\n<p data-start=\"751\" data-end=\"793\">\u013boti jut\u012bga elpas detekt\u0113\u0161ana (trigeris)<\/p>\n<\/li>\n<li data-start=\"794\" data-end=\"832\">\n<p data-start=\"796\" data-end=\"832\">Maksim\u0101l\u0101 sk\u0101bek\u013ca padeve: 1100 ml<\/p>\n<\/li>\n<li data-start=\"833\" data-end=\"868\">\n<p data-start=\"835\" data-end=\"868\">Paredz\u0113ts lieto\u0161anai lidma\u0161\u012bn\u0101s<\/p>\n<\/li>\n<li data-start=\"869\" data-end=\"904\">\n<p data-start=\"871\" data-end=\"904\">Ietver praktisku n\u0113s\u0101\u0161anas somu<\/p>\n<\/li>\n<li data-start=\"905\" data-end=\"939\">\n<p data-start=\"907\" data-end=\"939\">Mazs, viegls un \u0113rti lietojams<\/p>\n<\/li>\n<\/ul>\n<p data-start=\"941\" data-end=\"1256\"><strong data-start=\"941\" data-end=\"955\">Parametri:<\/strong><br data-start=\"955\" data-end=\"958\" \/>Izm\u0113rs (augstums x platums x dzi\u013cums): 21.3 cm \u00d7 8.9 cm \u00d7 21.8 cm<br data-start=\"1023\" data-end=\"1026\" \/>Svars: 2.2 kg<br data-start=\"1039\" data-end=\"1042\" \/>Sk\u0101bek\u013ca koncentr\u0101cija: 90% (+4 \/ -3)<br data-start=\"1079\" data-end=\"1082\" \/>Maksim\u0101l\u0101 sk\u0101bek\u013ca padeve: 1014 ml \/ 1100 ml (5 SD)<br data-start=\"1133\" data-end=\"1136\" \/>Ska\u0146as l\u012bmenis: &lt;37 dBA (Setting 2) 20 BPM<br data-start=\"1178\" data-end=\"1181\" \/>Baterijas darb\u012bbas laiks: min. 3.5 stundas<br data-start=\"1223\" data-end=\"1226\" \/>Sk\u0101bek\u013ca padeves re\u017e\u012bmi: 1\u20135<\/p>\n<p data-start=\"941\" data-end=\"1256\"><strong>Garantija:<\/strong><\/p>\n<ul>\n<li data-start=\"941\" data-end=\"1256\">Iek\u0101rtas garantija 2 gadi<\/li>\n<li data-start=\"941\" data-end=\"1256\">Baterijas garantija 1 gads<\/li>\n<li data-start=\"941\" data-end=\"1256\">Molekul\u0101r\u0101 sieta garantija 1 gads<\/li>\n<\/ul>\n","protected":false},"excerpt":{"rendered":"<article class=\"text-token-text-primary w-full\" dir=\"auto\" data-testid=\"conversation-turn-98\" data-scroll-anchor=\"true\">\n<div class=\"text-base my-auto mx-auto py-5 [--thread-content-margin:--spacing(4)] @[37rem]:[--thread-content-margin:--spacing(6)] @[72rem]:[--thread-content-margin:--spacing(16)] px-(--thread-content-margin)\">\n<div class=\"[--thread-content-max-width:32rem] @[34rem]:[--thread-content-max-width:40rem] @[64rem]:[--thread-content-max-width:48rem] mx-auto flex max-w-(--thread-content-max-width) flex-1 text-base gap-4 md:gap-5 lg:gap-6 group\/turn-messages focus-visible:outline-hidden\">\n<div class=\"group\/conversation-turn relative flex w-full min-w-0 flex-col agent-turn\">\n<div class=\"relative flex-col gap-1 md:gap-3\">\n<div class=\"flex max-w-full flex-col grow\">\n<div class=\"min-h-8 text-message relative flex w-full flex-col items-end gap-2 text-start break-words whitespace-normal [.text-message+&amp;]:mt-5\" dir=\"auto\" data-message-author-role=\"assistant\" data-message-id=\"aa1fdaa6-e598-4106-b243-733f91313ede\" data-message-model-slug=\"gpt-4o\">\n<div class=\"flex w-full flex-col gap-1 empty:hidden first:pt-[3px]\">\n<div class=\"markdown prose dark:prose-invert w-full break-words light\">\n<p data-start=\"0\" data-end=\"236\" data-is-last-node=\"\" data-is-only-node=\"\">iGo2 Bluetooth ir viegls un kompakts sk\u0101bek\u013ca koncentrators.<br data-start=\"59\" data-end=\"62\" \/>Apr\u012bkots ar SmartDose tehnolo\u0123iju un jut\u012bgu elpas sensoru.<br data-start=\"119\" data-end=\"122\" \/>Bluetooth savienojums un datu skat\u012b\u0161ana viedt\u0101lrun\u012b.<br data-start=\"173\" data-end=\"176\" \/>Piem\u0113rots lieto\u0161anai lidma\u0161\u012bn\u0101s sk\u0101bek\u013ca padeve l\u012bdz 1100 ml.<\/p>\n<\/div>\n<\/div>\n<\/div>\n<\/div>\n<\/div>\n<\/div>\n<\/div>\n<\/div>\n<\/article>\n","protected":false},"featured_media":1337,"comment_status":"open","ping_status":"closed","template":"","meta":{"_acf_changed":false,"inline_featured_image":false},"product_brand":[],"product_cat":[89],"product_tag":[],"class_list":{"0":"post-1336","1":"product","2":"type-product","3":"status-publish","4":"has-post-thumbnail","6":"product_cat-skabekla-koncentratori-lv","8":"first","9":"instock","10":"shipping-taxable","11":"purchasable","12":"product-type-simple"},"acf":[],"yoast_head":"<!-- This site is optimized with the Yoast SEO plugin v27.0 - https:\/\/yoast.com\/product\/yoast-seo-wordpress\/ -->\n<title>IGo 2 ar Bluetooth un m\u0101ko\u0146risin\u0101jumu. - Hipnos<\/title>\n<meta name=\"description\" content=\"iGo2 Bluetooth ir viegls un kompakts sk\u0101bek\u013ca koncentratorsApr\u012bkots ar SmartDose tehnolo\u0123iju un jut\u012bgu elpas sensoruBluetooth savienojums un datu skat\u012b\u0161ana viedt\u0101lrun\u012bPiem\u0113rots lieto\u0161anai lidma\u0161\u012bn\u0101s sk\u0101bek\u013ca padeve l\u012bdz 1100 ml\" \/>\n<meta name=\"robots\" content=\"noindex, follow, max-snippet:-1, max-image-preview:large, max-video-preview:-1\" \/>\n<meta property=\"og:locale\" content=\"en_US\" \/>\n<meta property=\"og:type\" content=\"article\" \/>\n<meta property=\"og:title\" content=\"IGo 2 ar Bluetooth un m\u0101ko\u0146risin\u0101jumu. - Hipnos\" \/>\n<meta property=\"og:description\" content=\"iGo2 Bluetooth ir viegls un kompakts sk\u0101bek\u013ca koncentratorsApr\u012bkots ar SmartDose tehnolo\u0123iju un jut\u012bgu elpas sensoruBluetooth savienojums un datu skat\u012b\u0161ana viedt\u0101lrun\u012bPiem\u0113rots lieto\u0161anai lidma\u0161\u012bn\u0101s sk\u0101bek\u013ca padeve l\u012bdz 1100 ml\" \/>\n<meta property=\"og:url\" content=\"https:\/\/hipnos.lv\/en\/product\/igo-2-ar-bluetooth-un-makonrisinajumu\/\" \/>\n<meta property=\"og:site_name\" content=\"Hipnos\" \/>\n<meta property=\"article:modified_time\" content=\"2026-03-04T09:33:25+00:00\" \/>\n<meta property=\"og:image\" content=\"https:\/\/hipnos.lv\/wp-content\/uploads\/2025\/06\/bluetooth.jpg\" \/>\n\t<meta property=\"og:image:width\" content=\"400\" \/>\n\t<meta property=\"og:image:height\" content=\"400\" \/>\n\t<meta property=\"og:image:type\" content=\"image\/jpeg\" \/>\n<meta name=\"twitter:card\" content=\"summary_large_image\" \/>\n<meta name=\"twitter:label1\" content=\"Est. reading time\" \/>\n\t<meta name=\"twitter:data1\" content=\"2 minutes\" \/>\n<script type=\"application\/ld+json\" class=\"yoast-schema-graph\">{\"@context\":\"https:\/\/schema.org\",\"@graph\":[{\"@type\":\"WebPage\",\"@id\":\"https:\/\/hipnos.lv\/en\/product\/igo-2-ar-bluetooth-un-makonrisinajumu\/\",\"url\":\"https:\/\/hipnos.lv\/en\/product\/igo-2-ar-bluetooth-un-makonrisinajumu\/\",\"name\":\"IGo 2 ar Bluetooth un m\u0101ko\u0146risin\u0101jumu. - Hipnos\",\"isPartOf\":{\"@id\":\"https:\/\/hipnos.lv\/en\/#website\"},\"primaryImageOfPage\":{\"@id\":\"https:\/\/hipnos.lv\/en\/product\/igo-2-ar-bluetooth-un-makonrisinajumu\/#primaryimage\"},\"image\":{\"@id\":\"https:\/\/hipnos.lv\/en\/product\/igo-2-ar-bluetooth-un-makonrisinajumu\/#primaryimage\"},\"thumbnailUrl\":\"https:\/\/hipnos.lv\/wp-content\/uploads\/2025\/06\/bluetooth.jpg\",\"datePublished\":\"2025-06-05T09:29:02+00:00\",\"dateModified\":\"2026-03-04T09:33:25+00:00\",\"description\":\"iGo2 Bluetooth ir viegls un kompakts sk\u0101bek\u013ca koncentratorsApr\u012bkots ar SmartDose tehnolo\u0123iju un jut\u012bgu elpas sensoruBluetooth savienojums un datu skat\u012b\u0161ana viedt\u0101lrun\u012bPiem\u0113rots lieto\u0161anai lidma\u0161\u012bn\u0101s sk\u0101bek\u013ca padeve l\u012bdz 1100 ml\",\"breadcrumb\":{\"@id\":\"https:\/\/hipnos.lv\/en\/product\/igo-2-ar-bluetooth-un-makonrisinajumu\/#breadcrumb\"},\"inLanguage\":\"en-US\",\"potentialAction\":[{\"@type\":\"ReadAction\",\"target\":[\"https:\/\/hipnos.lv\/en\/product\/igo-2-ar-bluetooth-un-makonrisinajumu\/\"]}]},{\"@type\":\"ImageObject\",\"inLanguage\":\"en-US\",\"@id\":\"https:\/\/hipnos.lv\/en\/product\/igo-2-ar-bluetooth-un-makonrisinajumu\/#primaryimage\",\"url\":\"https:\/\/hipnos.lv\/wp-content\/uploads\/2025\/06\/bluetooth.jpg\",\"contentUrl\":\"https:\/\/hipnos.lv\/wp-content\/uploads\/2025\/06\/bluetooth.jpg\",\"width\":400,\"height\":400},{\"@type\":\"BreadcrumbList\",\"@id\":\"https:\/\/hipnos.lv\/en\/product\/igo-2-ar-bluetooth-un-makonrisinajumu\/#breadcrumb\",\"itemListElement\":[{\"@type\":\"ListItem\",\"position\":1,\"name\":\"S\u0101kums\",\"item\":\"https:\/\/hipnos.lv\/en\/\"},{\"@type\":\"ListItem\",\"position\":2,\"name\":\"E\u2010Shop\",\"item\":\"https:\/\/hipnos.lv\/en\/shop\/\"},{\"@type\":\"ListItem\",\"position\":3,\"name\":\"IGo 2 ar Bluetooth un m\u0101ko\u0146risin\u0101jumu.\"}]},{\"@type\":\"WebSite\",\"@id\":\"https:\/\/hipnos.lv\/en\/#website\",\"url\":\"https:\/\/hipnos.lv\/en\/\",\"name\":\"Hipnos\",\"description\":\"\",\"potentialAction\":[{\"@type\":\"SearchAction\",\"target\":{\"@type\":\"EntryPoint\",\"urlTemplate\":\"https:\/\/hipnos.lv\/en\/?s={search_term_string}\"},\"query-input\":{\"@type\":\"PropertyValueSpecification\",\"valueRequired\":true,\"valueName\":\"search_term_string\"}}],\"inLanguage\":\"en-US\"}]}<\/script>\n<!-- \/ Yoast SEO plugin. -->","yoast_head_json":{"title":"IGo 2 ar Bluetooth un m\u0101ko\u0146risin\u0101jumu. - Hipnos","description":"iGo2 Bluetooth ir viegls un kompakts sk\u0101bek\u013ca koncentratorsApr\u012bkots ar SmartDose tehnolo\u0123iju un jut\u012bgu elpas sensoruBluetooth savienojums un datu skat\u012b\u0161ana viedt\u0101lrun\u012bPiem\u0113rots lieto\u0161anai lidma\u0161\u012bn\u0101s sk\u0101bek\u013ca padeve l\u012bdz 1100 ml","robots":{"index":"noindex","follow":"follow","max-snippet":"max-snippet:-1","max-image-preview":"max-image-preview:large","max-video-preview":"max-video-preview:-1"},"og_locale":"en_US","og_type":"article","og_title":"IGo 2 ar Bluetooth un m\u0101ko\u0146risin\u0101jumu. - Hipnos","og_description":"iGo2 Bluetooth ir viegls un kompakts sk\u0101bek\u013ca koncentratorsApr\u012bkots ar SmartDose tehnolo\u0123iju un jut\u012bgu elpas sensoruBluetooth savienojums un datu skat\u012b\u0161ana viedt\u0101lrun\u012bPiem\u0113rots lieto\u0161anai lidma\u0161\u012bn\u0101s sk\u0101bek\u013ca padeve l\u012bdz 1100 ml","og_url":"https:\/\/hipnos.lv\/en\/product\/igo-2-ar-bluetooth-un-makonrisinajumu\/","og_site_name":"Hipnos","article_modified_time":"2026-03-04T09:33:25+00:00","og_image":[{"width":400,"height":400,"url":"https:\/\/hipnos.lv\/wp-content\/uploads\/2025\/06\/bluetooth.jpg","type":"image\/jpeg"}],"twitter_card":"summary_large_image","twitter_misc":{"Est. reading time":"2 minutes"},"schema":{"@context":"https:\/\/schema.org","@graph":[{"@type":"WebPage","@id":"https:\/\/hipnos.lv\/en\/product\/igo-2-ar-bluetooth-un-makonrisinajumu\/","url":"https:\/\/hipnos.lv\/en\/product\/igo-2-ar-bluetooth-un-makonrisinajumu\/","name":"IGo 2 ar Bluetooth un m\u0101ko\u0146risin\u0101jumu. - Hipnos","isPartOf":{"@id":"https:\/\/hipnos.lv\/en\/#website"},"primaryImageOfPage":{"@id":"https:\/\/hipnos.lv\/en\/product\/igo-2-ar-bluetooth-un-makonrisinajumu\/#primaryimage"},"image":{"@id":"https:\/\/hipnos.lv\/en\/product\/igo-2-ar-bluetooth-un-makonrisinajumu\/#primaryimage"},"thumbnailUrl":"https:\/\/hipnos.lv\/wp-content\/uploads\/2025\/06\/bluetooth.jpg","datePublished":"2025-06-05T09:29:02+00:00","dateModified":"2026-03-04T09:33:25+00:00","description":"iGo2 Bluetooth ir viegls un kompakts sk\u0101bek\u013ca koncentratorsApr\u012bkots ar SmartDose tehnolo\u0123iju un jut\u012bgu elpas sensoruBluetooth savienojums un datu skat\u012b\u0161ana viedt\u0101lrun\u012bPiem\u0113rots lieto\u0161anai lidma\u0161\u012bn\u0101s sk\u0101bek\u013ca padeve l\u012bdz 1100 ml","breadcrumb":{"@id":"https:\/\/hipnos.lv\/en\/product\/igo-2-ar-bluetooth-un-makonrisinajumu\/#breadcrumb"},"inLanguage":"en-US","potentialAction":[{"@type":"ReadAction","target":["https:\/\/hipnos.lv\/en\/product\/igo-2-ar-bluetooth-un-makonrisinajumu\/"]}]},{"@type":"ImageObject","inLanguage":"en-US","@id":"https:\/\/hipnos.lv\/en\/product\/igo-2-ar-bluetooth-un-makonrisinajumu\/#primaryimage","url":"https:\/\/hipnos.lv\/wp-content\/uploads\/2025\/06\/bluetooth.jpg","contentUrl":"https:\/\/hipnos.lv\/wp-content\/uploads\/2025\/06\/bluetooth.jpg","width":400,"height":400},{"@type":"BreadcrumbList","@id":"https:\/\/hipnos.lv\/en\/product\/igo-2-ar-bluetooth-un-makonrisinajumu\/#breadcrumb","itemListElement":[{"@type":"ListItem","position":1,"name":"S\u0101kums","item":"https:\/\/hipnos.lv\/en\/"},{"@type":"ListItem","position":2,"name":"E\u2010Shop","item":"https:\/\/hipnos.lv\/en\/shop\/"},{"@type":"ListItem","position":3,"name":"IGo 2 ar Bluetooth un m\u0101ko\u0146risin\u0101jumu."}]},{"@type":"WebSite","@id":"https:\/\/hipnos.lv\/en\/#website","url":"https:\/\/hipnos.lv\/en\/","name":"Hipnos","description":"","potentialAction":[{"@type":"SearchAction","target":{"@type":"EntryPoint","urlTemplate":"https:\/\/hipnos.lv\/en\/?s={search_term_string}"},"query-input":{"@type":"PropertyValueSpecification","valueRequired":true,"valueName":"search_term_string"}}],"inLanguage":"en-US"}]}},"_links":{"self":[{"href":"https:\/\/hipnos.lv\/en\/wp-json\/wp\/v2\/product\/1336","targetHints":{"allow":["GET"]}}],"collection":[{"href":"https:\/\/hipnos.lv\/en\/wp-json\/wp\/v2\/product"}],"about":[{"href":"https:\/\/hipnos.lv\/en\/wp-json\/wp\/v2\/types\/product"}],"replies":[{"embeddable":true,"href":"https:\/\/hipnos.lv\/en\/wp-json\/wp\/v2\/comments?post=1336"}],"wp:featuredmedia":[{"embeddable":true,"href":"https:\/\/hipnos.lv\/en\/wp-json\/wp\/v2\/media\/1337"}],"wp:attachment":[{"href":"https:\/\/hipnos.lv\/en\/wp-json\/wp\/v2\/media?parent=1336"}],"wp:term":[{"taxonomy":"product_brand","embeddable":true,"href":"https:\/\/hipnos.lv\/en\/wp-json\/wp\/v2\/product_brand?post=1336"},{"taxonomy":"product_cat","embeddable":true,"href":"https:\/\/hipnos.lv\/en\/wp-json\/wp\/v2\/product_cat?post=1336"},{"taxonomy":"product_tag","embeddable":true,"href":"https:\/\/hipnos.lv\/en\/wp-json\/wp\/v2\/product_tag?post=1336"}],"curies":[{"name":"wp","href":"https:\/\/api.w.org\/{rel}","templated":true}]}}