{"id":1329,"date":"2025-06-04T19:04:10","date_gmt":"2025-06-04T19:04:10","guid":{"rendered":"https:\/\/hipnos.lv\/?post_type=product&#038;p=1329"},"modified":"2025-06-12T11:16:03","modified_gmt":"2025-06-12T11:16:03","slug":"devilbiss-compact-1025-10-litri","status":"publish","type":"product","link":"https:\/\/hipnos.lv\/en\/product\/devilbiss-compact-1025-10-litri\/","title":{"rendered":"Devilbiss Compact 1025 10 litri."},"content":{"rendered":"<p data-start=\"160\" data-end=\"213\"><strong data-start=\"160\" data-end=\"213\">Pas\u016bt\u012bjumu var veikt tikai, veicot priek\u0161apmaksu.<\/strong><\/p>\n<p data-start=\"215\" data-end=\"648\">Stacion\u0101rs sk\u0101bek\u013ca koncentrators paredz\u0113ts lieto\u0161anai m\u0101j\u0101s, kl\u012bnik\u0101s vai slimn\u012bc\u0101s. Visbie\u017e\u0101k sk\u0101bek\u013ca terapija ir nepiecie\u0161ama HOPS (hroniska obstrukt\u012bva plau\u0161u slim\u012bba), t.s. interstici\u0101l\u0101s plau\u0161u slim\u012bbas, plau\u0161u v\u0113zis, pulmon\u0101l\u0101 hipertensija. B\u0113rniem t\u0101 ir cistisk\u0101 fibroze jeb mukoviscidoze, bronhopulmon\u0101l\u0101 displ\u0101zija. Ja lieto\u0161ana nav pl\u0101nota ilgsto\u0161a, to ir iesp\u0113jams ar\u012b \u012br\u0113t \u2014 <a class=\"\" href=\"http:\/\/www.skabeklaterapija.lv\" target=\"_new\" rel=\"noopener\" data-start=\"604\" data-end=\"627\">www.skabeklaterapija.lv<\/a>. Iek\u0101rta ra\u017eota ASV.<\/p>\n<p data-start=\"650\" data-end=\"973\">SIA \u201cHipnos\u201d sadarbojas ar SIA \u201cMiega slim\u012bbu centrs\u201d, kur\u0161 veic iek\u0101rtas uzst\u0101d\u012b\u0161anu un, nepiecie\u0161am\u012bbas gad\u012bjum\u0101, piel\u0101go vai izmaina parametrus, lai terapijai b\u016btu gaid\u0101mais efekts. Pirms iek\u0101rtas ieg\u0101des rekomend\u0113jam sazin\u0101ties ar \u0101rstu, kur\u0161 noz\u012bm\u0113jis terapiju, lai var\u0113tu izv\u0113l\u0113ties Jums piem\u0113rot\u0101ko ra\u017eot\u0101ja iek\u0101rtu.<\/p>\n<p data-start=\"975\" data-end=\"1037\"><strong data-start=\"975\" data-end=\"1037\">Iek\u0101rta nav paredz\u0113ta dz\u012bv\u012bbu uzturo\u0161u funkciju veik\u0161anai.<\/strong><\/p>\n<p data-start=\"1039\" data-end=\"1236\">Iek\u0101rtai ir 2 gadu ra\u017eot\u0101ja garantija. \u201cHipnos\u201d nov\u0113rs\u012bs iek\u0101rtas defektus garantijas laik\u0101, ja tas b\u016bs nepiecie\u0161ams. Ja J\u016bsu iek\u0101rtai ir radies defekts, l\u016bdzu, sazinieties ar mums: <a class=\"cursor-pointer\" rel=\"noopener\" data-start=\"1221\" data-end=\"1235\">info@hipnos.lv<\/a>.<\/p>\n","protected":false},"excerpt":{"rendered":"<p data-start=\"111\" data-end=\"374\"><strong data-start=\"111\" data-end=\"137\">Sk\u0101bek\u013ca koncentrators<\/strong> (stacion\u0101rs) lieto\u0161anai m\u0101j\u0101s, kl\u012bnik\u0101s vai slimn\u012bc\u0101s. Indik\u0101cijas: HOPS, plau\u0161u slim\u012bbas, pulmon\u0101l\u0101 hipertensija, ar\u012b b\u0113rniem \u2014 mukoviscidoze u.c. Pieejama ar\u012b \u012bre: <a class=\"\" href=\"http:\/\/www.skabeklaterapija.lv\" target=\"_new\" rel=\"noopener\" data-start=\"304\" data-end=\"361\">www.skabeklaterapija.lv<\/a>. Ra\u017eots ASV.<\/p>\n<p data-start=\"376\" data-end=\"476\">Uzst\u0101d\u012b\u0161anu un piel\u0101go\u0161anu nodro\u0161ina Miega slim\u012bbu centrs. Ieteicama iepriek\u0161\u0113ja \u0101rsta konsult\u0101cija.<\/p>\n<p data-start=\"478\" data-end=\"615\"><strong data-start=\"478\" data-end=\"517\">Nav paredz\u0113ts dz\u012bv\u012bbas uztur\u0113\u0161anai.<\/strong><br data-start=\"517\" data-end=\"520\" \/>2 gadu garantija. Probl\u0113mu gad\u012bjum\u0101: <a class=\"cursor-pointer\" rel=\"noopener\" data-start=\"557\" data-end=\"571\">info@hipnos.lv<\/a>.<br data-start=\"572\" data-end=\"575\" \/><strong data-start=\"575\" data-end=\"615\">Pas\u016bt\u012bjums \u2014 tikai ar priek\u0161apmaksu.<\/strong><\/p>\n","protected":false},"featured_media":1333,"comment_status":"open","ping_status":"closed","template":"","meta":{"_acf_changed":false,"inline_featured_image":false},"product_brand":[],"product_cat":[89],"product_tag":[],"class_list":{"0":"post-1329","1":"product","2":"type-product","3":"status-publish","4":"has-post-thumbnail","6":"product_cat-skabekla-koncentratori-lv","8":"first","9":"instock","10":"shipping-taxable","11":"purchasable","12":"product-type-simple"},"acf":[],"yoast_head":"<!-- This site is optimized with the Yoast SEO plugin v27.0 - https:\/\/yoast.com\/product\/yoast-seo-wordpress\/ -->\n<title>Devilbiss Compact 1025 10 litri. - Hipnos<\/title>\n<meta name=\"description\" content=\"Sk\u0101bek\u013ca koncentrators (stacion\u0101rs) lieto\u0161anai m\u0101j\u0101s, kl\u012bnik\u0101s vai slimn\u012bc\u0101s. Indik\u0101cijas: HOPS, plau\u0161u slim\u012bbas, pulmon\u0101l\u0101 hipertensija, ar\u012b b\u0113rniem \u2014 mukoviscidoze u.c. Pieejama ar\u012b \u012bre: www.skabeklaterapija.lv. Ra\u017eots ASV.Uzst\u0101d\u012b\u0161anu un piel\u0101go\u0161anu nodro\u0161ina Miega slim\u012bbu centrs. Ieteicama iepriek\u0161\u0113ja \u0101rsta konsult\u0101cija.Nav paredz\u0113ts dz\u012bv\u012bbas uztur\u0113\u0161anai.2 gadu garantija. Probl\u0113mu gad\u012bjum\u0101: info@hipnos.lv.Pas\u016bt\u012bjums \u2014 tikai ar priek\u0161apmaksu.\" \/>\n<meta name=\"robots\" content=\"noindex, follow, max-snippet:-1, max-image-preview:large, max-video-preview:-1\" \/>\n<meta property=\"og:locale\" content=\"en_US\" \/>\n<meta property=\"og:type\" content=\"article\" \/>\n<meta property=\"og:title\" content=\"Devilbiss Compact 1025 10 litri. - Hipnos\" \/>\n<meta property=\"og:description\" content=\"Sk\u0101bek\u013ca koncentrators (stacion\u0101rs) lieto\u0161anai m\u0101j\u0101s, kl\u012bnik\u0101s vai slimn\u012bc\u0101s. Indik\u0101cijas: HOPS, plau\u0161u slim\u012bbas, pulmon\u0101l\u0101 hipertensija, ar\u012b b\u0113rniem \u2014 mukoviscidoze u.c. Pieejama ar\u012b \u012bre: www.skabeklaterapija.lv. Ra\u017eots ASV.Uzst\u0101d\u012b\u0161anu un piel\u0101go\u0161anu nodro\u0161ina Miega slim\u012bbu centrs. Ieteicama iepriek\u0161\u0113ja \u0101rsta konsult\u0101cija.Nav paredz\u0113ts dz\u012bv\u012bbas uztur\u0113\u0161anai.2 gadu garantija. Probl\u0113mu gad\u012bjum\u0101: info@hipnos.lv.Pas\u016bt\u012bjums \u2014 tikai ar priek\u0161apmaksu.\" \/>\n<meta property=\"og:url\" content=\"https:\/\/hipnos.lv\/en\/product\/devilbiss-compact-1025-10-litri\/\" \/>\n<meta property=\"og:site_name\" content=\"Hipnos\" \/>\n<meta property=\"article:modified_time\" content=\"2025-06-12T11:16:03+00:00\" \/>\n<meta property=\"og:image\" content=\"https:\/\/hipnos.lv\/wp-content\/uploads\/2025\/06\/10l-2.jpg\" \/>\n\t<meta property=\"og:image:width\" content=\"768\" \/>\n\t<meta property=\"og:image:height\" content=\"768\" \/>\n\t<meta property=\"og:image:type\" content=\"image\/jpeg\" \/>\n<meta name=\"twitter:card\" content=\"summary_large_image\" \/>\n<meta name=\"twitter:label1\" content=\"Est. reading time\" \/>\n\t<meta name=\"twitter:data1\" content=\"1 minute\" \/>\n<script type=\"application\/ld+json\" class=\"yoast-schema-graph\">{\"@context\":\"https:\/\/schema.org\",\"@graph\":[{\"@type\":\"WebPage\",\"@id\":\"https:\/\/hipnos.lv\/en\/product\/devilbiss-compact-1025-10-litri\/\",\"url\":\"https:\/\/hipnos.lv\/en\/product\/devilbiss-compact-1025-10-litri\/\",\"name\":\"Devilbiss Compact 1025 10 litri. - Hipnos\",\"isPartOf\":{\"@id\":\"https:\/\/hipnos.lv\/en\/#website\"},\"primaryImageOfPage\":{\"@id\":\"https:\/\/hipnos.lv\/en\/product\/devilbiss-compact-1025-10-litri\/#primaryimage\"},\"image\":{\"@id\":\"https:\/\/hipnos.lv\/en\/product\/devilbiss-compact-1025-10-litri\/#primaryimage\"},\"thumbnailUrl\":\"https:\/\/hipnos.lv\/wp-content\/uploads\/2025\/06\/10l-2.jpg\",\"datePublished\":\"2025-06-04T19:04:10+00:00\",\"dateModified\":\"2025-06-12T11:16:03+00:00\",\"description\":\"Sk\u0101bek\u013ca koncentrators (stacion\u0101rs) lieto\u0161anai m\u0101j\u0101s, kl\u012bnik\u0101s vai slimn\u012bc\u0101s. Indik\u0101cijas: HOPS, plau\u0161u slim\u012bbas, pulmon\u0101l\u0101 hipertensija, ar\u012b b\u0113rniem \u2014 mukoviscidoze u.c. Pieejama ar\u012b \u012bre: www.skabeklaterapija.lv. Ra\u017eots ASV.Uzst\u0101d\u012b\u0161anu un piel\u0101go\u0161anu nodro\u0161ina Miega slim\u012bbu centrs. Ieteicama iepriek\u0161\u0113ja \u0101rsta konsult\u0101cija.Nav paredz\u0113ts dz\u012bv\u012bbas uztur\u0113\u0161anai.2 gadu garantija. Probl\u0113mu gad\u012bjum\u0101: info@hipnos.lv.Pas\u016bt\u012bjums \u2014 tikai ar priek\u0161apmaksu.\",\"breadcrumb\":{\"@id\":\"https:\/\/hipnos.lv\/en\/product\/devilbiss-compact-1025-10-litri\/#breadcrumb\"},\"inLanguage\":\"en-US\",\"potentialAction\":[{\"@type\":\"ReadAction\",\"target\":[\"https:\/\/hipnos.lv\/en\/product\/devilbiss-compact-1025-10-litri\/\"]}]},{\"@type\":\"ImageObject\",\"inLanguage\":\"en-US\",\"@id\":\"https:\/\/hipnos.lv\/en\/product\/devilbiss-compact-1025-10-litri\/#primaryimage\",\"url\":\"https:\/\/hipnos.lv\/wp-content\/uploads\/2025\/06\/10l-2.jpg\",\"contentUrl\":\"https:\/\/hipnos.lv\/wp-content\/uploads\/2025\/06\/10l-2.jpg\",\"width\":768,\"height\":768},{\"@type\":\"BreadcrumbList\",\"@id\":\"https:\/\/hipnos.lv\/en\/product\/devilbiss-compact-1025-10-litri\/#breadcrumb\",\"itemListElement\":[{\"@type\":\"ListItem\",\"position\":1,\"name\":\"S\u0101kums\",\"item\":\"https:\/\/hipnos.lv\/en\/\"},{\"@type\":\"ListItem\",\"position\":2,\"name\":\"E\u2010Shop\",\"item\":\"https:\/\/hipnos.lv\/en\/shop\/\"},{\"@type\":\"ListItem\",\"position\":3,\"name\":\"Devilbiss Compact 1025 10 litri.\"}]},{\"@type\":\"WebSite\",\"@id\":\"https:\/\/hipnos.lv\/en\/#website\",\"url\":\"https:\/\/hipnos.lv\/en\/\",\"name\":\"Hipnos\",\"description\":\"\",\"potentialAction\":[{\"@type\":\"SearchAction\",\"target\":{\"@type\":\"EntryPoint\",\"urlTemplate\":\"https:\/\/hipnos.lv\/en\/?s={search_term_string}\"},\"query-input\":{\"@type\":\"PropertyValueSpecification\",\"valueRequired\":true,\"valueName\":\"search_term_string\"}}],\"inLanguage\":\"en-US\"}]}<\/script>\n<!-- \/ Yoast SEO plugin. -->","yoast_head_json":{"title":"Devilbiss Compact 1025 10 litri. - Hipnos","description":"Sk\u0101bek\u013ca koncentrators (stacion\u0101rs) lieto\u0161anai m\u0101j\u0101s, kl\u012bnik\u0101s vai slimn\u012bc\u0101s. Indik\u0101cijas: HOPS, plau\u0161u slim\u012bbas, pulmon\u0101l\u0101 hipertensija, ar\u012b b\u0113rniem \u2014 mukoviscidoze u.c. Pieejama ar\u012b \u012bre: www.skabeklaterapija.lv. Ra\u017eots ASV.Uzst\u0101d\u012b\u0161anu un piel\u0101go\u0161anu nodro\u0161ina Miega slim\u012bbu centrs. Ieteicama iepriek\u0161\u0113ja \u0101rsta konsult\u0101cija.Nav paredz\u0113ts dz\u012bv\u012bbas uztur\u0113\u0161anai.2 gadu garantija. Probl\u0113mu gad\u012bjum\u0101: info@hipnos.lv.Pas\u016bt\u012bjums \u2014 tikai ar priek\u0161apmaksu.","robots":{"index":"noindex","follow":"follow","max-snippet":"max-snippet:-1","max-image-preview":"max-image-preview:large","max-video-preview":"max-video-preview:-1"},"og_locale":"en_US","og_type":"article","og_title":"Devilbiss Compact 1025 10 litri. - Hipnos","og_description":"Sk\u0101bek\u013ca koncentrators (stacion\u0101rs) lieto\u0161anai m\u0101j\u0101s, kl\u012bnik\u0101s vai slimn\u012bc\u0101s. Indik\u0101cijas: HOPS, plau\u0161u slim\u012bbas, pulmon\u0101l\u0101 hipertensija, ar\u012b b\u0113rniem \u2014 mukoviscidoze u.c. Pieejama ar\u012b \u012bre: www.skabeklaterapija.lv. Ra\u017eots ASV.Uzst\u0101d\u012b\u0161anu un piel\u0101go\u0161anu nodro\u0161ina Miega slim\u012bbu centrs. Ieteicama iepriek\u0161\u0113ja \u0101rsta konsult\u0101cija.Nav paredz\u0113ts dz\u012bv\u012bbas uztur\u0113\u0161anai.2 gadu garantija. Probl\u0113mu gad\u012bjum\u0101: info@hipnos.lv.Pas\u016bt\u012bjums \u2014 tikai ar priek\u0161apmaksu.","og_url":"https:\/\/hipnos.lv\/en\/product\/devilbiss-compact-1025-10-litri\/","og_site_name":"Hipnos","article_modified_time":"2025-06-12T11:16:03+00:00","og_image":[{"width":768,"height":768,"url":"https:\/\/hipnos.lv\/wp-content\/uploads\/2025\/06\/10l-2.jpg","type":"image\/jpeg"}],"twitter_card":"summary_large_image","twitter_misc":{"Est. reading time":"1 minute"},"schema":{"@context":"https:\/\/schema.org","@graph":[{"@type":"WebPage","@id":"https:\/\/hipnos.lv\/en\/product\/devilbiss-compact-1025-10-litri\/","url":"https:\/\/hipnos.lv\/en\/product\/devilbiss-compact-1025-10-litri\/","name":"Devilbiss Compact 1025 10 litri. - Hipnos","isPartOf":{"@id":"https:\/\/hipnos.lv\/en\/#website"},"primaryImageOfPage":{"@id":"https:\/\/hipnos.lv\/en\/product\/devilbiss-compact-1025-10-litri\/#primaryimage"},"image":{"@id":"https:\/\/hipnos.lv\/en\/product\/devilbiss-compact-1025-10-litri\/#primaryimage"},"thumbnailUrl":"https:\/\/hipnos.lv\/wp-content\/uploads\/2025\/06\/10l-2.jpg","datePublished":"2025-06-04T19:04:10+00:00","dateModified":"2025-06-12T11:16:03+00:00","description":"Sk\u0101bek\u013ca koncentrators (stacion\u0101rs) lieto\u0161anai m\u0101j\u0101s, kl\u012bnik\u0101s vai slimn\u012bc\u0101s. Indik\u0101cijas: HOPS, plau\u0161u slim\u012bbas, pulmon\u0101l\u0101 hipertensija, ar\u012b b\u0113rniem \u2014 mukoviscidoze u.c. Pieejama ar\u012b \u012bre: www.skabeklaterapija.lv. Ra\u017eots ASV.Uzst\u0101d\u012b\u0161anu un piel\u0101go\u0161anu nodro\u0161ina Miega slim\u012bbu centrs. Ieteicama iepriek\u0161\u0113ja \u0101rsta konsult\u0101cija.Nav paredz\u0113ts dz\u012bv\u012bbas uztur\u0113\u0161anai.2 gadu garantija. Probl\u0113mu gad\u012bjum\u0101: info@hipnos.lv.Pas\u016bt\u012bjums \u2014 tikai ar priek\u0161apmaksu.","breadcrumb":{"@id":"https:\/\/hipnos.lv\/en\/product\/devilbiss-compact-1025-10-litri\/#breadcrumb"},"inLanguage":"en-US","potentialAction":[{"@type":"ReadAction","target":["https:\/\/hipnos.lv\/en\/product\/devilbiss-compact-1025-10-litri\/"]}]},{"@type":"ImageObject","inLanguage":"en-US","@id":"https:\/\/hipnos.lv\/en\/product\/devilbiss-compact-1025-10-litri\/#primaryimage","url":"https:\/\/hipnos.lv\/wp-content\/uploads\/2025\/06\/10l-2.jpg","contentUrl":"https:\/\/hipnos.lv\/wp-content\/uploads\/2025\/06\/10l-2.jpg","width":768,"height":768},{"@type":"BreadcrumbList","@id":"https:\/\/hipnos.lv\/en\/product\/devilbiss-compact-1025-10-litri\/#breadcrumb","itemListElement":[{"@type":"ListItem","position":1,"name":"S\u0101kums","item":"https:\/\/hipnos.lv\/en\/"},{"@type":"ListItem","position":2,"name":"E\u2010Shop","item":"https:\/\/hipnos.lv\/en\/shop\/"},{"@type":"ListItem","position":3,"name":"Devilbiss Compact 1025 10 litri."}]},{"@type":"WebSite","@id":"https:\/\/hipnos.lv\/en\/#website","url":"https:\/\/hipnos.lv\/en\/","name":"Hipnos","description":"","potentialAction":[{"@type":"SearchAction","target":{"@type":"EntryPoint","urlTemplate":"https:\/\/hipnos.lv\/en\/?s={search_term_string}"},"query-input":{"@type":"PropertyValueSpecification","valueRequired":true,"valueName":"search_term_string"}}],"inLanguage":"en-US"}]}},"_links":{"self":[{"href":"https:\/\/hipnos.lv\/en\/wp-json\/wp\/v2\/product\/1329","targetHints":{"allow":["GET"]}}],"collection":[{"href":"https:\/\/hipnos.lv\/en\/wp-json\/wp\/v2\/product"}],"about":[{"href":"https:\/\/hipnos.lv\/en\/wp-json\/wp\/v2\/types\/product"}],"replies":[{"embeddable":true,"href":"https:\/\/hipnos.lv\/en\/wp-json\/wp\/v2\/comments?post=1329"}],"wp:featuredmedia":[{"embeddable":true,"href":"https:\/\/hipnos.lv\/en\/wp-json\/wp\/v2\/media\/1333"}],"wp:attachment":[{"href":"https:\/\/hipnos.lv\/en\/wp-json\/wp\/v2\/media?parent=1329"}],"wp:term":[{"taxonomy":"product_brand","embeddable":true,"href":"https:\/\/hipnos.lv\/en\/wp-json\/wp\/v2\/product_brand?post=1329"},{"taxonomy":"product_cat","embeddable":true,"href":"https:\/\/hipnos.lv\/en\/wp-json\/wp\/v2\/product_cat?post=1329"},{"taxonomy":"product_tag","embeddable":true,"href":"https:\/\/hipnos.lv\/en\/wp-json\/wp\/v2\/product_tag?post=1329"}],"curies":[{"name":"wp","href":"https:\/\/api.w.org\/{rel}","templated":true}]}}