{"id":1325,"date":"2025-06-04T18:48:17","date_gmt":"2025-06-04T18:48:17","guid":{"rendered":"https:\/\/hipnos.lv\/?post_type=product&#038;p=1325"},"modified":"2026-03-24T09:40:56","modified_gmt":"2026-03-24T09:40:56","slug":"devilbiss-compact-525-5-gadu-garantija","status":"publish","type":"product","link":"https:\/\/hipnos.lv\/en\/product\/devilbiss-compact-525-5-gadu-garantija\/","title":{"rendered":"Devilbiss Compact 525. 5 gadu garantija."},"content":{"rendered":"<p data-start=\"157\" data-end=\"484\">Sk\u0101bek\u013ca koncentrators (sk\u0101bek\u013ca apar\u0101ts vai ier\u012bce) paredz\u0113ts lieto\u0161anai m\u0101j\u0101s, kl\u012bnik\u0101s vai slimn\u012bc\u0101s. Visbie\u017e\u0101k sk\u0101bek\u013ca terapija ir nepiecie\u0161ama HOPS (hroniska obstrukt\u012bva plau\u0161u slim\u012bba), t.s. interstici\u0101l\u0101s plau\u0161u slim\u012bbas, plau\u0161u v\u0113zis, pulmon\u0101l\u0101 hipertensija, k\u0101 ar\u012b atvese\u013co\u0161an\u0101s period\u0101 p\u0113c p\u0101rciesta COVID-19 v\u012brusa.<\/p>\n<p data-start=\"486\" data-end=\"684\">B\u0113rniem indik\u0101cijas var b\u016bt cistisk\u0101 fibroze jeb mukoviscidoze, bronhopulmon\u0101l\u0101 displ\u0101zija. Ja lieto\u0161ana nav pl\u0101nota ilgsto\u0161a, to ir iesp\u0113jams ar\u012b \u012br\u0113t \u2013 <a class=\"\" href=\"http:\/\/www.skabeklaterapija.lv\" target=\"_new\" rel=\"noopener\" data-start=\"640\" data-end=\"663\">www.skabeklaterapija.lv<\/a>. Iek\u0101rta ra\u017eota ASV.<\/p>\n<p data-start=\"1066\" data-end=\"1338\">Iek\u0101rtai ir 5 gadu ra\u017eot\u0101ja garantija (uz garantiju neattiecas sieve beds filtru mai\u0146a p\u0113c 3 gadiem). \u201cHipnos\u201d nov\u0113rs\u012bs iek\u0101rtas defektus garantijas laik\u0101, ja tas b\u016bs nepiecie\u0161ams. Ja J\u016bsu iek\u0101rtai ir radies defekts, l\u016bdzu, sazinieties ar mums, rakstot uz: <a class=\"cursor-pointer\" rel=\"noopener\" data-start=\"1323\" data-end=\"1337\">info@hipnos.lv<\/a>.<\/p>\n","protected":false},"excerpt":{"rendered":"<p data-start=\"1370\" data-end=\"1599\">Sk\u0101bek\u013ca koncentrators paredz\u0113ts lieto\u0161anai m\u0101j\u0101s, kl\u012bnik\u0101s vai slimn\u012bc\u0101s. Terapija visbie\u017e\u0101k nepiecie\u0161ama HOPS, plau\u0161u v\u0113\u017ea, COVID-19 seku vai citu elpo\u0161anas slim\u012bbu gad\u012bjum\u0101. B\u0113rniem \u2013 mukoviscidoze, bronhopulmon\u0101l\u0101 displ\u0101zija.<\/p>\n<p data-start=\"1601\" data-end=\"1794\">Iek\u0101rtu iesp\u0113jams ar\u012b \u012br\u0113t: <a class=\"\" href=\"http:\/\/www.skabeklaterapija.lv\" target=\"_new\" rel=\"noopener\" data-start=\"1629\" data-end=\"1686\">www.skabeklaterapija.lv<\/a>. Ra\u017eots ASV.<\/p>\n<p data-start=\"1796\" data-end=\"1889\">5 gadu garantija (filtru mai\u0146a \u2013 p\u0113c 3 gadiem). Probl\u0113mu gad\u012bjum\u0101 rakstiet uz serviss<a class=\"cursor-pointer\" rel=\"noopener\" data-start=\"1874\" data-end=\"1888\">@hipnos.lv<\/a>.<\/p>\n","protected":false},"featured_media":1326,"comment_status":"open","ping_status":"closed","template":"","meta":{"_acf_changed":false,"inline_featured_image":false},"product_brand":[],"product_cat":[89],"product_tag":[],"class_list":{"0":"post-1325","1":"product","2":"type-product","3":"status-publish","4":"has-post-thumbnail","6":"product_cat-skabekla-koncentratori-lv","8":"first","9":"instock","10":"shipping-taxable","11":"purchasable","12":"product-type-simple"},"acf":[],"yoast_head":"<!-- This site is optimized with the Yoast SEO plugin v27.0 - https:\/\/yoast.com\/product\/yoast-seo-wordpress\/ -->\n<title>Devilbiss Compact 525. 5 gadu garantija. - Hipnos<\/title>\n<meta name=\"description\" content=\"Sk\u0101bek\u013ca koncentrators paredz\u0113ts lieto\u0161anai m\u0101j\u0101s, kl\u012bnik\u0101s vai slimn\u012bc\u0101s. Terapija visbie\u017e\u0101k nepiecie\u0161ama HOPS, plau\u0161u v\u0113\u017ea, COVID-19 seku vai citu elpo\u0161anas slim\u012bbu gad\u012bjum\u0101. B\u0113rniem \u2013 mukoviscidoze, bronhopulmon\u0101l\u0101 displ\u0101zija.Iek\u0101rtu iesp\u0113jams ar\u012b \u012br\u0113t: www.skabeklaterapija.lv. Ra\u017eots ASV. Uzst\u0101d\u012b\u0161anu un parametru piel\u0101go\u0161anu nodro\u0161ina Miega slim\u012bbu centrs sadarb\u012bb\u0101 ar SIA \u201cHipnos\u201d.5 gadu garantija (filtru mai\u0146a \u2013 p\u0113c 3 gadiem). Probl\u0113mu gad\u012bjum\u0101 rakstiet uz info@hipnos.lv.\" \/>\n<meta name=\"robots\" content=\"noindex, follow, max-snippet:-1, max-image-preview:large, max-video-preview:-1\" \/>\n<meta property=\"og:locale\" content=\"en_US\" \/>\n<meta property=\"og:type\" content=\"article\" \/>\n<meta property=\"og:title\" content=\"Devilbiss Compact 525. 5 gadu garantija. - Hipnos\" \/>\n<meta property=\"og:description\" content=\"Sk\u0101bek\u013ca koncentrators paredz\u0113ts lieto\u0161anai m\u0101j\u0101s, kl\u012bnik\u0101s vai slimn\u012bc\u0101s. Terapija visbie\u017e\u0101k nepiecie\u0161ama HOPS, plau\u0161u v\u0113\u017ea, COVID-19 seku vai citu elpo\u0161anas slim\u012bbu gad\u012bjum\u0101. B\u0113rniem \u2013 mukoviscidoze, bronhopulmon\u0101l\u0101 displ\u0101zija.Iek\u0101rtu iesp\u0113jams ar\u012b \u012br\u0113t: www.skabeklaterapija.lv. Ra\u017eots ASV. Uzst\u0101d\u012b\u0161anu un parametru piel\u0101go\u0161anu nodro\u0161ina Miega slim\u012bbu centrs sadarb\u012bb\u0101 ar SIA \u201cHipnos\u201d.5 gadu garantija (filtru mai\u0146a \u2013 p\u0113c 3 gadiem). Probl\u0113mu gad\u012bjum\u0101 rakstiet uz info@hipnos.lv.\" \/>\n<meta property=\"og:url\" content=\"https:\/\/hipnos.lv\/en\/product\/devilbiss-compact-525-5-gadu-garantija\/\" \/>\n<meta property=\"og:site_name\" content=\"Hipnos\" \/>\n<meta property=\"article:modified_time\" content=\"2026-03-24T09:40:56+00:00\" \/>\n<meta property=\"og:image\" content=\"https:\/\/hipnos.lv\/wp-content\/uploads\/2025\/06\/devilbis.jpg\" \/>\n\t<meta property=\"og:image:width\" content=\"400\" \/>\n\t<meta property=\"og:image:height\" content=\"400\" \/>\n\t<meta property=\"og:image:type\" content=\"image\/jpeg\" \/>\n<meta name=\"twitter:card\" content=\"summary_large_image\" \/>\n<meta name=\"twitter:label1\" content=\"Est. reading time\" \/>\n\t<meta name=\"twitter:data1\" content=\"1 minute\" \/>\n<script type=\"application\/ld+json\" class=\"yoast-schema-graph\">{\"@context\":\"https:\/\/schema.org\",\"@graph\":[{\"@type\":\"WebPage\",\"@id\":\"https:\/\/hipnos.lv\/en\/product\/devilbiss-compact-525-5-gadu-garantija\/\",\"url\":\"https:\/\/hipnos.lv\/en\/product\/devilbiss-compact-525-5-gadu-garantija\/\",\"name\":\"Devilbiss Compact 525. 5 gadu garantija. - Hipnos\",\"isPartOf\":{\"@id\":\"https:\/\/hipnos.lv\/en\/#website\"},\"primaryImageOfPage\":{\"@id\":\"https:\/\/hipnos.lv\/en\/product\/devilbiss-compact-525-5-gadu-garantija\/#primaryimage\"},\"image\":{\"@id\":\"https:\/\/hipnos.lv\/en\/product\/devilbiss-compact-525-5-gadu-garantija\/#primaryimage\"},\"thumbnailUrl\":\"https:\/\/hipnos.lv\/wp-content\/uploads\/2025\/06\/devilbis.jpg\",\"datePublished\":\"2025-06-04T18:48:17+00:00\",\"dateModified\":\"2026-03-24T09:40:56+00:00\",\"description\":\"Sk\u0101bek\u013ca koncentrators paredz\u0113ts lieto\u0161anai m\u0101j\u0101s, kl\u012bnik\u0101s vai slimn\u012bc\u0101s. Terapija visbie\u017e\u0101k nepiecie\u0161ama HOPS, plau\u0161u v\u0113\u017ea, COVID-19 seku vai citu elpo\u0161anas slim\u012bbu gad\u012bjum\u0101. B\u0113rniem \u2013 mukoviscidoze, bronhopulmon\u0101l\u0101 displ\u0101zija.Iek\u0101rtu iesp\u0113jams ar\u012b \u012br\u0113t: www.skabeklaterapija.lv. Ra\u017eots ASV. Uzst\u0101d\u012b\u0161anu un parametru piel\u0101go\u0161anu nodro\u0161ina Miega slim\u012bbu centrs sadarb\u012bb\u0101 ar SIA \u201cHipnos\u201d.5 gadu garantija (filtru mai\u0146a \u2013 p\u0113c 3 gadiem). Probl\u0113mu gad\u012bjum\u0101 rakstiet uz info@hipnos.lv.\",\"breadcrumb\":{\"@id\":\"https:\/\/hipnos.lv\/en\/product\/devilbiss-compact-525-5-gadu-garantija\/#breadcrumb\"},\"inLanguage\":\"en-US\",\"potentialAction\":[{\"@type\":\"ReadAction\",\"target\":[\"https:\/\/hipnos.lv\/en\/product\/devilbiss-compact-525-5-gadu-garantija\/\"]}]},{\"@type\":\"ImageObject\",\"inLanguage\":\"en-US\",\"@id\":\"https:\/\/hipnos.lv\/en\/product\/devilbiss-compact-525-5-gadu-garantija\/#primaryimage\",\"url\":\"https:\/\/hipnos.lv\/wp-content\/uploads\/2025\/06\/devilbis.jpg\",\"contentUrl\":\"https:\/\/hipnos.lv\/wp-content\/uploads\/2025\/06\/devilbis.jpg\",\"width\":400,\"height\":400},{\"@type\":\"BreadcrumbList\",\"@id\":\"https:\/\/hipnos.lv\/en\/product\/devilbiss-compact-525-5-gadu-garantija\/#breadcrumb\",\"itemListElement\":[{\"@type\":\"ListItem\",\"position\":1,\"name\":\"S\u0101kums\",\"item\":\"https:\/\/hipnos.lv\/en\/\"},{\"@type\":\"ListItem\",\"position\":2,\"name\":\"E\u2010Shop\",\"item\":\"https:\/\/hipnos.lv\/en\/shop\/\"},{\"@type\":\"ListItem\",\"position\":3,\"name\":\"Devilbiss Compact 525. 5 gadu garantija.\"}]},{\"@type\":\"WebSite\",\"@id\":\"https:\/\/hipnos.lv\/en\/#website\",\"url\":\"https:\/\/hipnos.lv\/en\/\",\"name\":\"Hipnos\",\"description\":\"\",\"potentialAction\":[{\"@type\":\"SearchAction\",\"target\":{\"@type\":\"EntryPoint\",\"urlTemplate\":\"https:\/\/hipnos.lv\/en\/?s={search_term_string}\"},\"query-input\":{\"@type\":\"PropertyValueSpecification\",\"valueRequired\":true,\"valueName\":\"search_term_string\"}}],\"inLanguage\":\"en-US\"}]}<\/script>\n<!-- \/ Yoast SEO plugin. -->","yoast_head_json":{"title":"Devilbiss Compact 525. 5 gadu garantija. - Hipnos","description":"Sk\u0101bek\u013ca koncentrators paredz\u0113ts lieto\u0161anai m\u0101j\u0101s, kl\u012bnik\u0101s vai slimn\u012bc\u0101s. Terapija visbie\u017e\u0101k nepiecie\u0161ama HOPS, plau\u0161u v\u0113\u017ea, COVID-19 seku vai citu elpo\u0161anas slim\u012bbu gad\u012bjum\u0101. B\u0113rniem \u2013 mukoviscidoze, bronhopulmon\u0101l\u0101 displ\u0101zija.Iek\u0101rtu iesp\u0113jams ar\u012b \u012br\u0113t: www.skabeklaterapija.lv. Ra\u017eots ASV. Uzst\u0101d\u012b\u0161anu un parametru piel\u0101go\u0161anu nodro\u0161ina Miega slim\u012bbu centrs sadarb\u012bb\u0101 ar SIA \u201cHipnos\u201d.5 gadu garantija (filtru mai\u0146a \u2013 p\u0113c 3 gadiem). Probl\u0113mu gad\u012bjum\u0101 rakstiet uz info@hipnos.lv.","robots":{"index":"noindex","follow":"follow","max-snippet":"max-snippet:-1","max-image-preview":"max-image-preview:large","max-video-preview":"max-video-preview:-1"},"og_locale":"en_US","og_type":"article","og_title":"Devilbiss Compact 525. 5 gadu garantija. - Hipnos","og_description":"Sk\u0101bek\u013ca koncentrators paredz\u0113ts lieto\u0161anai m\u0101j\u0101s, kl\u012bnik\u0101s vai slimn\u012bc\u0101s. Terapija visbie\u017e\u0101k nepiecie\u0161ama HOPS, plau\u0161u v\u0113\u017ea, COVID-19 seku vai citu elpo\u0161anas slim\u012bbu gad\u012bjum\u0101. B\u0113rniem \u2013 mukoviscidoze, bronhopulmon\u0101l\u0101 displ\u0101zija.Iek\u0101rtu iesp\u0113jams ar\u012b \u012br\u0113t: www.skabeklaterapija.lv. Ra\u017eots ASV. Uzst\u0101d\u012b\u0161anu un parametru piel\u0101go\u0161anu nodro\u0161ina Miega slim\u012bbu centrs sadarb\u012bb\u0101 ar SIA \u201cHipnos\u201d.5 gadu garantija (filtru mai\u0146a \u2013 p\u0113c 3 gadiem). Probl\u0113mu gad\u012bjum\u0101 rakstiet uz info@hipnos.lv.","og_url":"https:\/\/hipnos.lv\/en\/product\/devilbiss-compact-525-5-gadu-garantija\/","og_site_name":"Hipnos","article_modified_time":"2026-03-24T09:40:56+00:00","og_image":[{"width":400,"height":400,"url":"https:\/\/hipnos.lv\/wp-content\/uploads\/2025\/06\/devilbis.jpg","type":"image\/jpeg"}],"twitter_card":"summary_large_image","twitter_misc":{"Est. reading time":"1 minute"},"schema":{"@context":"https:\/\/schema.org","@graph":[{"@type":"WebPage","@id":"https:\/\/hipnos.lv\/en\/product\/devilbiss-compact-525-5-gadu-garantija\/","url":"https:\/\/hipnos.lv\/en\/product\/devilbiss-compact-525-5-gadu-garantija\/","name":"Devilbiss Compact 525. 5 gadu garantija. - Hipnos","isPartOf":{"@id":"https:\/\/hipnos.lv\/en\/#website"},"primaryImageOfPage":{"@id":"https:\/\/hipnos.lv\/en\/product\/devilbiss-compact-525-5-gadu-garantija\/#primaryimage"},"image":{"@id":"https:\/\/hipnos.lv\/en\/product\/devilbiss-compact-525-5-gadu-garantija\/#primaryimage"},"thumbnailUrl":"https:\/\/hipnos.lv\/wp-content\/uploads\/2025\/06\/devilbis.jpg","datePublished":"2025-06-04T18:48:17+00:00","dateModified":"2026-03-24T09:40:56+00:00","description":"Sk\u0101bek\u013ca koncentrators paredz\u0113ts lieto\u0161anai m\u0101j\u0101s, kl\u012bnik\u0101s vai slimn\u012bc\u0101s. Terapija visbie\u017e\u0101k nepiecie\u0161ama HOPS, plau\u0161u v\u0113\u017ea, COVID-19 seku vai citu elpo\u0161anas slim\u012bbu gad\u012bjum\u0101. B\u0113rniem \u2013 mukoviscidoze, bronhopulmon\u0101l\u0101 displ\u0101zija.Iek\u0101rtu iesp\u0113jams ar\u012b \u012br\u0113t: www.skabeklaterapija.lv. Ra\u017eots ASV. Uzst\u0101d\u012b\u0161anu un parametru piel\u0101go\u0161anu nodro\u0161ina Miega slim\u012bbu centrs sadarb\u012bb\u0101 ar SIA \u201cHipnos\u201d.5 gadu garantija (filtru mai\u0146a \u2013 p\u0113c 3 gadiem). Probl\u0113mu gad\u012bjum\u0101 rakstiet uz info@hipnos.lv.","breadcrumb":{"@id":"https:\/\/hipnos.lv\/en\/product\/devilbiss-compact-525-5-gadu-garantija\/#breadcrumb"},"inLanguage":"en-US","potentialAction":[{"@type":"ReadAction","target":["https:\/\/hipnos.lv\/en\/product\/devilbiss-compact-525-5-gadu-garantija\/"]}]},{"@type":"ImageObject","inLanguage":"en-US","@id":"https:\/\/hipnos.lv\/en\/product\/devilbiss-compact-525-5-gadu-garantija\/#primaryimage","url":"https:\/\/hipnos.lv\/wp-content\/uploads\/2025\/06\/devilbis.jpg","contentUrl":"https:\/\/hipnos.lv\/wp-content\/uploads\/2025\/06\/devilbis.jpg","width":400,"height":400},{"@type":"BreadcrumbList","@id":"https:\/\/hipnos.lv\/en\/product\/devilbiss-compact-525-5-gadu-garantija\/#breadcrumb","itemListElement":[{"@type":"ListItem","position":1,"name":"S\u0101kums","item":"https:\/\/hipnos.lv\/en\/"},{"@type":"ListItem","position":2,"name":"E\u2010Shop","item":"https:\/\/hipnos.lv\/en\/shop\/"},{"@type":"ListItem","position":3,"name":"Devilbiss Compact 525. 5 gadu garantija."}]},{"@type":"WebSite","@id":"https:\/\/hipnos.lv\/en\/#website","url":"https:\/\/hipnos.lv\/en\/","name":"Hipnos","description":"","potentialAction":[{"@type":"SearchAction","target":{"@type":"EntryPoint","urlTemplate":"https:\/\/hipnos.lv\/en\/?s={search_term_string}"},"query-input":{"@type":"PropertyValueSpecification","valueRequired":true,"valueName":"search_term_string"}}],"inLanguage":"en-US"}]}},"_links":{"self":[{"href":"https:\/\/hipnos.lv\/en\/wp-json\/wp\/v2\/product\/1325","targetHints":{"allow":["GET"]}}],"collection":[{"href":"https:\/\/hipnos.lv\/en\/wp-json\/wp\/v2\/product"}],"about":[{"href":"https:\/\/hipnos.lv\/en\/wp-json\/wp\/v2\/types\/product"}],"replies":[{"embeddable":true,"href":"https:\/\/hipnos.lv\/en\/wp-json\/wp\/v2\/comments?post=1325"}],"wp:featuredmedia":[{"embeddable":true,"href":"https:\/\/hipnos.lv\/en\/wp-json\/wp\/v2\/media\/1326"}],"wp:attachment":[{"href":"https:\/\/hipnos.lv\/en\/wp-json\/wp\/v2\/media?parent=1325"}],"wp:term":[{"taxonomy":"product_brand","embeddable":true,"href":"https:\/\/hipnos.lv\/en\/wp-json\/wp\/v2\/product_brand?post=1325"},{"taxonomy":"product_cat","embeddable":true,"href":"https:\/\/hipnos.lv\/en\/wp-json\/wp\/v2\/product_cat?post=1325"},{"taxonomy":"product_tag","embeddable":true,"href":"https:\/\/hipnos.lv\/en\/wp-json\/wp\/v2\/product_tag?post=1325"}],"curies":[{"name":"wp","href":"https:\/\/api.w.org\/{rel}","templated":true}]}}