{"id":1313,"date":"2025-06-04T18:21:39","date_gmt":"2025-06-04T18:21:39","guid":{"rendered":"https:\/\/hipnos.lv\/?post_type=product&#038;p=1313"},"modified":"2025-09-10T08:10:39","modified_gmt":"2025-09-10T08:10:39","slug":"lowenstein-medical-scala","status":"publish","type":"product","link":"https:\/\/hipnos.lv\/en\/product\/lowenstein-medical-scala\/","title":{"rendered":"Lowenstein medical Scala"},"content":{"rendered":"<p data-start=\"137\" data-end=\"193\"><strong data-start=\"137\" data-end=\"193\">Nakts poligr\u0101fijas iek\u0101rta daudzpus\u012bgai izmanto\u0161anai<\/strong><\/p>\n<p data-start=\"195\" data-end=\"628\"><em data-start=\"195\" data-end=\"202\">Scala<\/em> ir klasiska ier\u012bce poligr\u0101fijai, kas paredz\u0113ta elpo\u0161anas trauc\u0113jumu noteik\u0161anai miega laik\u0101. Turkl\u0101t ier\u012bce ir pieejama ar standarta apr\u012bkojumu un da\u017e\u0101diem papla\u0161in\u0101jumiem, lai apmierin\u0101tu da\u017e\u0101du lietot\u0101ju grupu vajadz\u012bbas \u2013 viss vien\u0101 ier\u012bc\u0113. Pateicoties t\u0101s daudzveid\u012bgaj\u0101m iesp\u0113j\u0101m, <em data-start=\"489\" data-end=\"496\">Scala<\/em> ir \u012bpa\u0161i piem\u0113rota izmanto\u0161anai da\u017e\u0101d\u0101s specialit\u0101t\u0113s, piem\u0113ram, pneimonolo\u0123ij\u0101, kardiolo\u0123ij\u0101, LOR, miega medic\u012bn\u0101 vai neirolo\u0123ij\u0101.<\/p>\n<p data-start=\"630\" data-end=\"664\"><strong data-start=\"630\" data-end=\"664\">Scala. Interesant\u0101s funkcijas.<\/strong><\/p>\n<p data-start=\"666\" data-end=\"1120\"><em data-start=\"666\" data-end=\"673\">Scala<\/em> pied\u0101v\u0101 vair\u0101kas \u012bpa\u0161as funkcijas, kas padara to pievilc\u012bgu pla\u0161am lietot\u0101ju lokam. Cita starp\u0101 t\u0101 nodro\u0161ina iesp\u0113ju ieg\u016bt papildu sign\u0101lus, piem\u0113ram, EKG vai EMG, izmantojot integr\u0113t\u0101s elektrofiziolo\u0123isk\u0101s ieejas. Papildus gaisa pl\u016bsmas m\u0113r\u012b\u0161anai ar diferenci\u0101l\u0101 spiediena deguna kanulu ier\u012bce pied\u0101v\u0101 ar\u012b iesp\u0113ju m\u0113r\u012bt pacienta elpo\u0161anas gaisa pl\u016bsmu ar termistoru. Termistora lieto\u0161anu \u013coti rekomend\u0113 AASM un nav akcept\u0113tas citas alternat\u012bvas.<\/p>\n<p data-start=\"1122\" data-end=\"1155\"><strong data-start=\"1122\" data-end=\"1155\">Nep\u0101rsp\u0113jama funkcionalit\u0101te.<\/strong><\/p>\n<p data-start=\"1157\" data-end=\"1542\">Pacienta r\u012bklei var pievienot sensoru kr\u0101k\u0161anas noteik\u0161anai. Integr\u0113t\u0101 diferenci\u0101l\u0101 spiediena m\u0113r\u012b\u0161ana PAP un NIV terapiju uzraudz\u012bbai nodro\u0161ina augstas kvalit\u0101tes pl\u016bsmas sign\u0101la noteik\u0161anu, \u012bpa\u0161i pie augsta un \u0101tri main\u012bga spiediena. Papildus spiedienj\u016bt\u012bg\u0101s virsmas tehnolo\u0123ijai <em data-start=\"1439\" data-end=\"1446\">Scala<\/em> pied\u0101v\u0101 ar\u012b paral\u0113lu vai alternat\u012bvu elpo\u0161anas kust\u012bbu ierakst\u012b\u0161anu ar indukcijas jost\u0101m (RIP).<\/p>\n<p data-start=\"1544\" data-end=\"1588\"><strong data-start=\"1544\" data-end=\"1588\">Elektrodu ieejas \u2013 br\u012bvi konfigur\u0113jamas.<\/strong><\/p>\n<p data-start=\"1590\" data-end=\"1733\">\u010cetrus br\u012bvi konfigur\u0113jamus elektrodu piesl\u0113guma portus var izmantot da\u017e\u0101du elektrofiziolo\u0123isku ierakstu veik\u0161anai, piem\u0113ram, EMG, EKG vai EEG.<\/p>\n<p data-start=\"1735\" data-end=\"1763\"><strong data-start=\"1735\" data-end=\"1763\">Tie\u0161saist\u0113 un bezsaist\u0113.<\/strong><\/p>\n<p data-start=\"1765\" data-end=\"2189\"><em data-start=\"1765\" data-end=\"1772\">Scala<\/em> ir iesp\u0113jams veikt tie\u0161saistes m\u0113r\u012bjumus, aizst\u0101jot tradicion\u0101los bezsaistes m\u0113r\u012bjumus. Ier\u012bce pied\u0101v\u0101 ar\u012b izv\u0113les WLAN variantu, kas \u013cauj nodro\u0161in\u0101t gan vadu, gan bezvadu ier\u012bces darb\u012bbu datu p\u0101rraidei no pacienta ierakst\u012bt\u0101ja uz datoru. Var veikt laika sinhroniz\u0113tu video un audio sign\u0101lu ierakst\u012b\u0161anu, k\u0101 ar\u012b laika sinhroniz\u0113tu \u0101r\u0113jo analogo sign\u0101lu p\u0101rraidi no terapijas ier\u012bc\u0113m vai transkut\u0101niem CO\u2082 monitoriem.<\/p>\n<p data-start=\"2191\" data-end=\"2225\"><strong data-start=\"2191\" data-end=\"2225\">M\u016bsu iek\u0101rtas tiek izmantotas:<\/strong><\/p>\n<p data-start=\"2229\" data-end=\"2255\"><strong>SIA Miega slim\u012bbu centrs<\/strong><\/p>\n<p data-start=\"2258\" data-end=\"2297\"><strong>B\u0113rnu kl\u012bnisk\u0101 universit\u0101tes slimn\u012bca<\/strong><\/p>\n<p data-start=\"2300\" data-end=\"2348\"><strong>R\u012bgas Austrumu kl\u012bnisk\u0101 universit\u0101tes slimn\u012bca<\/strong><\/p>\n<p data-start=\"2351\" data-end=\"2395\"><strong>Nodieva Anda \u2013 \u0101rsta prakse pneimonolo\u0123ij\u0101<\/strong><\/p>\n<p data-start=\"2398\" data-end=\"2416\"><strong>Kl\u012bnika Headline<\/strong><\/p>\n<p data-start=\"2419\" data-end=\"2464\"><strong>\u010cebotarjova Olga \u2013 \u0101rsta prakse neirolo\u0123ij\u0101<\/strong><\/p>\n<p data-start=\"2467\" data-end=\"2484\"><strong>SIA &#8220;Neiroprakse&#8221;<\/strong><\/p>\n","protected":false},"excerpt":{"rendered":"<p data-start=\"0\" data-end=\"46\"><strong data-start=\"0\" data-end=\"44\">Scala \u2013 daudzpus\u012bga poligr\u0101fijas iek\u0101rta<\/strong><\/p>\n<p data-start=\"48\" data-end=\"230\">Scala ir uzticama nakts poligr\u0101fijas ier\u012bce elpo\u0161anas trauc\u0113jumu diagnostikai miega laik\u0101. T\u0101 piem\u0113rota lieto\u0161anai pneimonolo\u0123ij\u0101, kardiolo\u0123ij\u0101, LOR, miega medic\u012bn\u0101 un neirolo\u0123ij\u0101.<\/p>\n<p data-start=\"232\" data-end=\"440\" data-is-last-node=\"\" data-is-only-node=\"\">Iek\u0101rta atbalsta EKG, EMG, EEG sign\u0101lu ieg\u016b\u0161anu, pied\u0101v\u0101 AASM rekomend\u0113to termistora pl\u016bsmas m\u0113r\u012b\u0161anu, PAP\/NIV terapijas uzraudz\u012bbu un sinhroniz\u0113tu video\/audio ierakstu. Pieejama ar\u012b bezvadu datu p\u0101rs\u016bt\u012b\u0161ana.<\/p>\n","protected":false},"featured_media":1314,"comment_status":"open","ping_status":"closed","template":"","meta":{"_acf_changed":false,"inline_featured_image":false},"product_brand":[],"product_cat":[57],"product_tag":[],"class_list":{"0":"post-1313","1":"product","2":"type-product","3":"status-publish","4":"has-post-thumbnail","6":"product_cat-miega-diagnostikas-iekartas-lv","8":"first","9":"instock","10":"shipping-taxable","11":"purchasable","12":"product-type-simple"},"acf":[],"yoast_head":"<!-- This site is optimized with the Yoast SEO plugin v27.0 - https:\/\/yoast.com\/product\/yoast-seo-wordpress\/ -->\n<title>Lowenstein medical Scala - Hipnos<\/title>\n<meta name=\"description\" content=\"Scala \u2013 daudzpus\u012bga poligr\u0101fijas iek\u0101rtaScala ir uzticama nakts poligr\u0101fijas ier\u012bce elpo\u0161anas trauc\u0113jumu diagnostikai miega laik\u0101. T\u0101 piem\u0113rota lieto\u0161anai pneimonolo\u0123ij\u0101, kardiolo\u0123ij\u0101, LOR, miega medic\u012bn\u0101 un neirolo\u0123ij\u0101.Iek\u0101rta atbalsta EKG, EMG, EEG sign\u0101lu ieg\u016b\u0161anu, pied\u0101v\u0101 AASM rekomend\u0113to termistora pl\u016bsmas m\u0113r\u012b\u0161anu, PAP\/NIV terapijas uzraudz\u012bbu un sinhroniz\u0113tu video\/audio ierakstu. Pieejama ar\u012b bezvadu datu p\u0101rs\u016bt\u012b\u0161ana.\" \/>\n<meta name=\"robots\" content=\"noindex, follow, max-snippet:-1, max-image-preview:large, max-video-preview:-1\" \/>\n<meta property=\"og:locale\" content=\"en_US\" \/>\n<meta property=\"og:type\" content=\"article\" \/>\n<meta property=\"og:title\" content=\"Lowenstein medical Scala - Hipnos\" \/>\n<meta property=\"og:description\" content=\"Scala \u2013 daudzpus\u012bga poligr\u0101fijas iek\u0101rtaScala ir uzticama nakts poligr\u0101fijas ier\u012bce elpo\u0161anas trauc\u0113jumu diagnostikai miega laik\u0101. T\u0101 piem\u0113rota lieto\u0161anai pneimonolo\u0123ij\u0101, kardiolo\u0123ij\u0101, LOR, miega medic\u012bn\u0101 un neirolo\u0123ij\u0101.Iek\u0101rta atbalsta EKG, EMG, EEG sign\u0101lu ieg\u016b\u0161anu, pied\u0101v\u0101 AASM rekomend\u0113to termistora pl\u016bsmas m\u0113r\u012b\u0161anu, PAP\/NIV terapijas uzraudz\u012bbu un sinhroniz\u0113tu video\/audio ierakstu. Pieejama ar\u012b bezvadu datu p\u0101rs\u016bt\u012b\u0161ana.\" \/>\n<meta property=\"og:url\" content=\"https:\/\/hipnos.lv\/en\/product\/lowenstein-medical-scala\/\" \/>\n<meta property=\"og:site_name\" content=\"Hipnos\" \/>\n<meta property=\"article:modified_time\" content=\"2025-09-10T08:10:39+00:00\" \/>\n<meta property=\"og:image\" content=\"https:\/\/hipnos.lv\/wp-content\/uploads\/2025\/06\/scala-1-scaled.webp\" \/>\n\t<meta property=\"og:image:width\" content=\"2560\" \/>\n\t<meta property=\"og:image:height\" content=\"1923\" \/>\n\t<meta property=\"og:image:type\" content=\"image\/webp\" \/>\n<meta name=\"twitter:card\" content=\"summary_large_image\" \/>\n<meta name=\"twitter:label1\" content=\"Est. reading time\" \/>\n\t<meta name=\"twitter:data1\" content=\"2 minutes\" \/>\n<script type=\"application\/ld+json\" class=\"yoast-schema-graph\">{\"@context\":\"https:\/\/schema.org\",\"@graph\":[{\"@type\":\"WebPage\",\"@id\":\"https:\/\/hipnos.lv\/en\/product\/lowenstein-medical-scala\/\",\"url\":\"https:\/\/hipnos.lv\/en\/product\/lowenstein-medical-scala\/\",\"name\":\"Lowenstein medical Scala - Hipnos\",\"isPartOf\":{\"@id\":\"https:\/\/hipnos.lv\/en\/#website\"},\"primaryImageOfPage\":{\"@id\":\"https:\/\/hipnos.lv\/en\/product\/lowenstein-medical-scala\/#primaryimage\"},\"image\":{\"@id\":\"https:\/\/hipnos.lv\/en\/product\/lowenstein-medical-scala\/#primaryimage\"},\"thumbnailUrl\":\"https:\/\/hipnos.lv\/wp-content\/uploads\/2025\/06\/scala-1-scaled.webp\",\"datePublished\":\"2025-06-04T18:21:39+00:00\",\"dateModified\":\"2025-09-10T08:10:39+00:00\",\"description\":\"Scala \u2013 daudzpus\u012bga poligr\u0101fijas iek\u0101rtaScala ir uzticama nakts poligr\u0101fijas ier\u012bce elpo\u0161anas trauc\u0113jumu diagnostikai miega laik\u0101. T\u0101 piem\u0113rota lieto\u0161anai pneimonolo\u0123ij\u0101, kardiolo\u0123ij\u0101, LOR, miega medic\u012bn\u0101 un neirolo\u0123ij\u0101.Iek\u0101rta atbalsta EKG, EMG, EEG sign\u0101lu ieg\u016b\u0161anu, pied\u0101v\u0101 AASM rekomend\u0113to termistora pl\u016bsmas m\u0113r\u012b\u0161anu, PAP\/NIV terapijas uzraudz\u012bbu un sinhroniz\u0113tu video\/audio ierakstu. Pieejama ar\u012b bezvadu datu p\u0101rs\u016bt\u012b\u0161ana.\",\"breadcrumb\":{\"@id\":\"https:\/\/hipnos.lv\/en\/product\/lowenstein-medical-scala\/#breadcrumb\"},\"inLanguage\":\"en-US\",\"potentialAction\":[{\"@type\":\"ReadAction\",\"target\":[\"https:\/\/hipnos.lv\/en\/product\/lowenstein-medical-scala\/\"]}]},{\"@type\":\"ImageObject\",\"inLanguage\":\"en-US\",\"@id\":\"https:\/\/hipnos.lv\/en\/product\/lowenstein-medical-scala\/#primaryimage\",\"url\":\"https:\/\/hipnos.lv\/wp-content\/uploads\/2025\/06\/scala-1-scaled.webp\",\"contentUrl\":\"https:\/\/hipnos.lv\/wp-content\/uploads\/2025\/06\/scala-1-scaled.webp\",\"width\":2560,\"height\":1923},{\"@type\":\"BreadcrumbList\",\"@id\":\"https:\/\/hipnos.lv\/en\/product\/lowenstein-medical-scala\/#breadcrumb\",\"itemListElement\":[{\"@type\":\"ListItem\",\"position\":1,\"name\":\"S\u0101kums\",\"item\":\"https:\/\/hipnos.lv\/en\/\"},{\"@type\":\"ListItem\",\"position\":2,\"name\":\"E\u2010Shop\",\"item\":\"https:\/\/hipnos.lv\/en\/shop\/\"},{\"@type\":\"ListItem\",\"position\":3,\"name\":\"Lowenstein medical Scala\"}]},{\"@type\":\"WebSite\",\"@id\":\"https:\/\/hipnos.lv\/en\/#website\",\"url\":\"https:\/\/hipnos.lv\/en\/\",\"name\":\"Hipnos\",\"description\":\"\",\"potentialAction\":[{\"@type\":\"SearchAction\",\"target\":{\"@type\":\"EntryPoint\",\"urlTemplate\":\"https:\/\/hipnos.lv\/en\/?s={search_term_string}\"},\"query-input\":{\"@type\":\"PropertyValueSpecification\",\"valueRequired\":true,\"valueName\":\"search_term_string\"}}],\"inLanguage\":\"en-US\"}]}<\/script>\n<!-- \/ Yoast SEO plugin. -->","yoast_head_json":{"title":"Lowenstein medical Scala - Hipnos","description":"Scala \u2013 daudzpus\u012bga poligr\u0101fijas iek\u0101rtaScala ir uzticama nakts poligr\u0101fijas ier\u012bce elpo\u0161anas trauc\u0113jumu diagnostikai miega laik\u0101. T\u0101 piem\u0113rota lieto\u0161anai pneimonolo\u0123ij\u0101, kardiolo\u0123ij\u0101, LOR, miega medic\u012bn\u0101 un neirolo\u0123ij\u0101.Iek\u0101rta atbalsta EKG, EMG, EEG sign\u0101lu ieg\u016b\u0161anu, pied\u0101v\u0101 AASM rekomend\u0113to termistora pl\u016bsmas m\u0113r\u012b\u0161anu, PAP\/NIV terapijas uzraudz\u012bbu un sinhroniz\u0113tu video\/audio ierakstu. Pieejama ar\u012b bezvadu datu p\u0101rs\u016bt\u012b\u0161ana.","robots":{"index":"noindex","follow":"follow","max-snippet":"max-snippet:-1","max-image-preview":"max-image-preview:large","max-video-preview":"max-video-preview:-1"},"og_locale":"en_US","og_type":"article","og_title":"Lowenstein medical Scala - Hipnos","og_description":"Scala \u2013 daudzpus\u012bga poligr\u0101fijas iek\u0101rtaScala ir uzticama nakts poligr\u0101fijas ier\u012bce elpo\u0161anas trauc\u0113jumu diagnostikai miega laik\u0101. T\u0101 piem\u0113rota lieto\u0161anai pneimonolo\u0123ij\u0101, kardiolo\u0123ij\u0101, LOR, miega medic\u012bn\u0101 un neirolo\u0123ij\u0101.Iek\u0101rta atbalsta EKG, EMG, EEG sign\u0101lu ieg\u016b\u0161anu, pied\u0101v\u0101 AASM rekomend\u0113to termistora pl\u016bsmas m\u0113r\u012b\u0161anu, PAP\/NIV terapijas uzraudz\u012bbu un sinhroniz\u0113tu video\/audio ierakstu. Pieejama ar\u012b bezvadu datu p\u0101rs\u016bt\u012b\u0161ana.","og_url":"https:\/\/hipnos.lv\/en\/product\/lowenstein-medical-scala\/","og_site_name":"Hipnos","article_modified_time":"2025-09-10T08:10:39+00:00","og_image":[{"width":2560,"height":1923,"url":"https:\/\/hipnos.lv\/wp-content\/uploads\/2025\/06\/scala-1-scaled.webp","type":"image\/webp"}],"twitter_card":"summary_large_image","twitter_misc":{"Est. reading time":"2 minutes"},"schema":{"@context":"https:\/\/schema.org","@graph":[{"@type":"WebPage","@id":"https:\/\/hipnos.lv\/en\/product\/lowenstein-medical-scala\/","url":"https:\/\/hipnos.lv\/en\/product\/lowenstein-medical-scala\/","name":"Lowenstein medical Scala - Hipnos","isPartOf":{"@id":"https:\/\/hipnos.lv\/en\/#website"},"primaryImageOfPage":{"@id":"https:\/\/hipnos.lv\/en\/product\/lowenstein-medical-scala\/#primaryimage"},"image":{"@id":"https:\/\/hipnos.lv\/en\/product\/lowenstein-medical-scala\/#primaryimage"},"thumbnailUrl":"https:\/\/hipnos.lv\/wp-content\/uploads\/2025\/06\/scala-1-scaled.webp","datePublished":"2025-06-04T18:21:39+00:00","dateModified":"2025-09-10T08:10:39+00:00","description":"Scala \u2013 daudzpus\u012bga poligr\u0101fijas iek\u0101rtaScala ir uzticama nakts poligr\u0101fijas ier\u012bce elpo\u0161anas trauc\u0113jumu diagnostikai miega laik\u0101. T\u0101 piem\u0113rota lieto\u0161anai pneimonolo\u0123ij\u0101, kardiolo\u0123ij\u0101, LOR, miega medic\u012bn\u0101 un neirolo\u0123ij\u0101.Iek\u0101rta atbalsta EKG, EMG, EEG sign\u0101lu ieg\u016b\u0161anu, pied\u0101v\u0101 AASM rekomend\u0113to termistora pl\u016bsmas m\u0113r\u012b\u0161anu, PAP\/NIV terapijas uzraudz\u012bbu un sinhroniz\u0113tu video\/audio ierakstu. Pieejama ar\u012b bezvadu datu p\u0101rs\u016bt\u012b\u0161ana.","breadcrumb":{"@id":"https:\/\/hipnos.lv\/en\/product\/lowenstein-medical-scala\/#breadcrumb"},"inLanguage":"en-US","potentialAction":[{"@type":"ReadAction","target":["https:\/\/hipnos.lv\/en\/product\/lowenstein-medical-scala\/"]}]},{"@type":"ImageObject","inLanguage":"en-US","@id":"https:\/\/hipnos.lv\/en\/product\/lowenstein-medical-scala\/#primaryimage","url":"https:\/\/hipnos.lv\/wp-content\/uploads\/2025\/06\/scala-1-scaled.webp","contentUrl":"https:\/\/hipnos.lv\/wp-content\/uploads\/2025\/06\/scala-1-scaled.webp","width":2560,"height":1923},{"@type":"BreadcrumbList","@id":"https:\/\/hipnos.lv\/en\/product\/lowenstein-medical-scala\/#breadcrumb","itemListElement":[{"@type":"ListItem","position":1,"name":"S\u0101kums","item":"https:\/\/hipnos.lv\/en\/"},{"@type":"ListItem","position":2,"name":"E\u2010Shop","item":"https:\/\/hipnos.lv\/en\/shop\/"},{"@type":"ListItem","position":3,"name":"Lowenstein medical Scala"}]},{"@type":"WebSite","@id":"https:\/\/hipnos.lv\/en\/#website","url":"https:\/\/hipnos.lv\/en\/","name":"Hipnos","description":"","potentialAction":[{"@type":"SearchAction","target":{"@type":"EntryPoint","urlTemplate":"https:\/\/hipnos.lv\/en\/?s={search_term_string}"},"query-input":{"@type":"PropertyValueSpecification","valueRequired":true,"valueName":"search_term_string"}}],"inLanguage":"en-US"}]}},"_links":{"self":[{"href":"https:\/\/hipnos.lv\/en\/wp-json\/wp\/v2\/product\/1313","targetHints":{"allow":["GET"]}}],"collection":[{"href":"https:\/\/hipnos.lv\/en\/wp-json\/wp\/v2\/product"}],"about":[{"href":"https:\/\/hipnos.lv\/en\/wp-json\/wp\/v2\/types\/product"}],"replies":[{"embeddable":true,"href":"https:\/\/hipnos.lv\/en\/wp-json\/wp\/v2\/comments?post=1313"}],"wp:featuredmedia":[{"embeddable":true,"href":"https:\/\/hipnos.lv\/en\/wp-json\/wp\/v2\/media\/1314"}],"wp:attachment":[{"href":"https:\/\/hipnos.lv\/en\/wp-json\/wp\/v2\/media?parent=1313"}],"wp:term":[{"taxonomy":"product_brand","embeddable":true,"href":"https:\/\/hipnos.lv\/en\/wp-json\/wp\/v2\/product_brand?post=1313"},{"taxonomy":"product_cat","embeddable":true,"href":"https:\/\/hipnos.lv\/en\/wp-json\/wp\/v2\/product_cat?post=1313"},{"taxonomy":"product_tag","embeddable":true,"href":"https:\/\/hipnos.lv\/en\/wp-json\/wp\/v2\/product_tag?post=1313"}],"curies":[{"name":"wp","href":"https:\/\/api.w.org\/{rel}","templated":true}]}}