{"id":1309,"date":"2025-06-04T18:10:27","date_gmt":"2025-06-04T18:10:27","guid":{"rendered":"https:\/\/hipnos.lv\/?post_type=product&#038;p=1309"},"modified":"2025-09-10T08:10:59","modified_gmt":"2025-09-10T08:10:59","slug":"lowenstein-medical-samoa","status":"publish","type":"product","link":"https:\/\/hipnos.lv\/en\/product\/lowenstein-medical-samoa\/","title":{"rendered":"Lowenstein medical Samoa"},"content":{"rendered":"<p><strong>N\u0101kotnes poligr\u0101fija.<\/strong><\/p>\n<p>Neliel\u0101 un viegl\u0101 Samoa policigr\u0101fijas ier\u012bce p\u0101rsteidz ar savu funkcionalit\u0101ti un dizainu. T\u0101 nodro\u0161ina gudru savienojumu ar jaun\u0101k\u0101s paaudzes L\u00f6wenstein Medical miega terapijas ier\u012bc\u0113m un ir izstr\u0101d\u0101ta standartiz\u0113tai lieto\u0161anai diagnostikas un terapeitiskaj\u0101 jom\u0101.<\/p>\n<p><strong>Samoa priek\u0161roc\u012bbas \u012bsum\u0101:<\/strong><\/p>\n<p>Ne bez iemesla Samoa tiek saist\u0101s ar v\u0101rdiem &#8220;Gudra, Vienk\u0101r\u0161a un Maza&#8221;.<\/p>\n<ul>\n<li>Gudra datu apmai\u0146a.<\/li>\n<\/ul>\n<p>Inteli\u0123entie t\u012bkli nodro\u0161ina bezvadu datu apmai\u0146u starp Samoa un jaun\u0101k\u0101s paaudzes L\u00f6wenstein Medical miega terapijas ier\u012bc\u0113m.<\/p>\n<ul>\n<li>Vienk\u0101r\u0161a darb\u012bba.<\/li>\n<\/ul>\n<p>Samoa lieto\u0161ana ir pa\u0161saprotama, pateicoties integr\u0113tajam kr\u0101su displejam un intuit\u012bvaj\u0101m sensoru pievieno\u0161anas un piesl\u0113g\u0161anas iesp\u0113j\u0101m.<\/p>\n<ul>\n<li>Maza un \u0113rta.<\/li>\n<\/ul>\n<p>Savas neliel\u0101s izm\u0113ru un nelielo svara d\u0113\u013c Samoa nodro\u0161ina pacientiem \u013coti \u0113rtu n\u0113s\u0101\u0161anas pieredzi.<\/p>\n<ul>\n<li>Bez apkopes un bez servisa.<\/li>\n<\/ul>\n<p>Policigr\u0101fijas ier\u012bcei b\u016bt\u012bb\u0101 nav nepiecie\u0161ama apkope un serviss. Tom\u0113r L\u00f6wenstein Medical sadarb\u012bbas partneris SIA Hipnos pied\u0101v\u0101 regul\u0101ras p\u0101rbaudes, lai nodro\u0161in\u0101tu vienm\u0113r\u012bgu un beztrauc\u0113jumu darb\u012bbu ikdienas lieto\u0161an\u0101.<\/p>\n<p><strong>M\u016bsu iek\u0101rtas tiek izmanto:\u00a0<\/strong><\/p>\n<p><strong>SIA Miega slim\u012bbu centrs<\/strong><br \/>\n<strong>B\u0113rnu kl\u012bnisk\u0101 universit\u0101tes slimn\u012bca<\/strong><br \/>\n<strong>R\u012bgas Austrumu kl\u012bnisk\u0101 universit\u0101tes slimn\u012bca<\/strong><br \/>\n<strong>Nodieva Anda &#8211; \u0101rsta prakse pneimonolo\u0123ij\u0101<\/strong><br \/>\n<strong>Kl\u012bnika Headline<\/strong><br \/>\n<strong>\u010cebotarjova Olga &#8211; \u0101rsta prakse neirolo\u0123ij\u0101<\/strong><\/p>\n<p><strong>SIA &#8220;Neiroprakse&#8221;<\/strong><\/p>\n","protected":false},"excerpt":{"rendered":"<p>Samoa ir kompakta, viegla un moderna poligr\u0101fijas ier\u012bce miega trauc\u0113jumu diagnostikai. T\u0101 nodro\u0161ina bezvadu datu apmai\u0146u ar jaun\u0101k\u0101s paaudzes Lowenstein terapijas ier\u012bc\u0113m, ir viegli lietojama, pateicoties intuit\u012bvai vad\u012bbai un kr\u0101su ekr\u0101nam, un pacientiem nodro\u0161ina komfortu lieto\u0161anas laik\u0101. Ier\u012bcei nav nepiecie\u0161ama apkope, bet pieejamas regul\u0101ras p\u0101rbaudes. To jau izmanto vado\u0161\u0101s miega diagnostikas iest\u0101des Latvij\u0101.<\/p>\n","protected":false},"featured_media":1310,"comment_status":"open","ping_status":"closed","template":"","meta":{"_acf_changed":false,"inline_featured_image":false},"product_brand":[],"product_cat":[57],"product_tag":[],"class_list":{"0":"post-1309","1":"product","2":"type-product","3":"status-publish","4":"has-post-thumbnail","6":"product_cat-miega-diagnostikas-iekartas-lv","8":"first","9":"instock","10":"shipping-taxable","11":"purchasable","12":"product-type-simple"},"acf":[],"yoast_head":"<!-- This site is optimized with the Yoast SEO plugin v27.0 - https:\/\/yoast.com\/product\/yoast-seo-wordpress\/ -->\n<title>Lowenstein medical Samoa - Hipnos<\/title>\n<meta name=\"description\" content=\"Samoa ir kompakta, viegla un moderna poligr\u0101fijas ier\u012bce miega trauc\u0113jumu diagnostikai. T\u0101 nodro\u0161ina bezvadu datu apmai\u0146u ar jaun\u0101k\u0101s paaudzes Lowenstein terapijas ier\u012bc\u0113m, ir viegli lietojama, pateicoties intuit\u012bvai vad\u012bbai un kr\u0101su ekr\u0101nam, un pacientiem nodro\u0161ina komfortu lieto\u0161anas laik\u0101. Ier\u012bcei nav nepiecie\u0161ama apkope, bet pieejamas regul\u0101ras p\u0101rbaudes. To jau izmanto vado\u0161\u0101s miega diagnostikas iest\u0101des Latvij\u0101.\" \/>\n<meta name=\"robots\" content=\"noindex, follow, max-snippet:-1, max-image-preview:large, max-video-preview:-1\" \/>\n<meta property=\"og:locale\" content=\"en_US\" \/>\n<meta property=\"og:type\" content=\"article\" \/>\n<meta property=\"og:title\" content=\"Lowenstein medical Samoa - Hipnos\" \/>\n<meta property=\"og:description\" content=\"Samoa ir kompakta, viegla un moderna poligr\u0101fijas ier\u012bce miega trauc\u0113jumu diagnostikai. T\u0101 nodro\u0161ina bezvadu datu apmai\u0146u ar jaun\u0101k\u0101s paaudzes Lowenstein terapijas ier\u012bc\u0113m, ir viegli lietojama, pateicoties intuit\u012bvai vad\u012bbai un kr\u0101su ekr\u0101nam, un pacientiem nodro\u0161ina komfortu lieto\u0161anas laik\u0101. Ier\u012bcei nav nepiecie\u0161ama apkope, bet pieejamas regul\u0101ras p\u0101rbaudes. To jau izmanto vado\u0161\u0101s miega diagnostikas iest\u0101des Latvij\u0101.\" \/>\n<meta property=\"og:url\" content=\"https:\/\/hipnos.lv\/en\/product\/lowenstein-medical-samoa\/\" \/>\n<meta property=\"og:site_name\" content=\"Hipnos\" \/>\n<meta property=\"article:modified_time\" content=\"2025-09-10T08:10:59+00:00\" \/>\n<meta property=\"og:image\" content=\"https:\/\/hipnos.lv\/wp-content\/uploads\/2025\/06\/samoa1-scaled.webp\" \/>\n\t<meta property=\"og:image:width\" content=\"2560\" \/>\n\t<meta property=\"og:image:height\" content=\"2155\" \/>\n\t<meta property=\"og:image:type\" content=\"image\/webp\" \/>\n<meta name=\"twitter:card\" content=\"summary_large_image\" \/>\n<meta name=\"twitter:label1\" content=\"Est. reading time\" \/>\n\t<meta name=\"twitter:data1\" content=\"2 minutes\" \/>\n<script type=\"application\/ld+json\" class=\"yoast-schema-graph\">{\"@context\":\"https:\/\/schema.org\",\"@graph\":[{\"@type\":\"WebPage\",\"@id\":\"https:\/\/hipnos.lv\/en\/product\/lowenstein-medical-samoa\/\",\"url\":\"https:\/\/hipnos.lv\/en\/product\/lowenstein-medical-samoa\/\",\"name\":\"Lowenstein medical Samoa - Hipnos\",\"isPartOf\":{\"@id\":\"https:\/\/hipnos.lv\/en\/#website\"},\"primaryImageOfPage\":{\"@id\":\"https:\/\/hipnos.lv\/en\/product\/lowenstein-medical-samoa\/#primaryimage\"},\"image\":{\"@id\":\"https:\/\/hipnos.lv\/en\/product\/lowenstein-medical-samoa\/#primaryimage\"},\"thumbnailUrl\":\"https:\/\/hipnos.lv\/wp-content\/uploads\/2025\/06\/samoa1-scaled.webp\",\"datePublished\":\"2025-06-04T18:10:27+00:00\",\"dateModified\":\"2025-09-10T08:10:59+00:00\",\"description\":\"Samoa ir kompakta, viegla un moderna poligr\u0101fijas ier\u012bce miega trauc\u0113jumu diagnostikai. T\u0101 nodro\u0161ina bezvadu datu apmai\u0146u ar jaun\u0101k\u0101s paaudzes Lowenstein terapijas ier\u012bc\u0113m, ir viegli lietojama, pateicoties intuit\u012bvai vad\u012bbai un kr\u0101su ekr\u0101nam, un pacientiem nodro\u0161ina komfortu lieto\u0161anas laik\u0101. Ier\u012bcei nav nepiecie\u0161ama apkope, bet pieejamas regul\u0101ras p\u0101rbaudes. To jau izmanto vado\u0161\u0101s miega diagnostikas iest\u0101des Latvij\u0101.\",\"breadcrumb\":{\"@id\":\"https:\/\/hipnos.lv\/en\/product\/lowenstein-medical-samoa\/#breadcrumb\"},\"inLanguage\":\"en-US\",\"potentialAction\":[{\"@type\":\"ReadAction\",\"target\":[\"https:\/\/hipnos.lv\/en\/product\/lowenstein-medical-samoa\/\"]}]},{\"@type\":\"ImageObject\",\"inLanguage\":\"en-US\",\"@id\":\"https:\/\/hipnos.lv\/en\/product\/lowenstein-medical-samoa\/#primaryimage\",\"url\":\"https:\/\/hipnos.lv\/wp-content\/uploads\/2025\/06\/samoa1-scaled.webp\",\"contentUrl\":\"https:\/\/hipnos.lv\/wp-content\/uploads\/2025\/06\/samoa1-scaled.webp\",\"width\":2560,\"height\":2155},{\"@type\":\"BreadcrumbList\",\"@id\":\"https:\/\/hipnos.lv\/en\/product\/lowenstein-medical-samoa\/#breadcrumb\",\"itemListElement\":[{\"@type\":\"ListItem\",\"position\":1,\"name\":\"S\u0101kums\",\"item\":\"https:\/\/hipnos.lv\/en\/\"},{\"@type\":\"ListItem\",\"position\":2,\"name\":\"E\u2010Shop\",\"item\":\"https:\/\/hipnos.lv\/en\/shop\/\"},{\"@type\":\"ListItem\",\"position\":3,\"name\":\"Lowenstein medical Samoa\"}]},{\"@type\":\"WebSite\",\"@id\":\"https:\/\/hipnos.lv\/en\/#website\",\"url\":\"https:\/\/hipnos.lv\/en\/\",\"name\":\"Hipnos\",\"description\":\"\",\"potentialAction\":[{\"@type\":\"SearchAction\",\"target\":{\"@type\":\"EntryPoint\",\"urlTemplate\":\"https:\/\/hipnos.lv\/en\/?s={search_term_string}\"},\"query-input\":{\"@type\":\"PropertyValueSpecification\",\"valueRequired\":true,\"valueName\":\"search_term_string\"}}],\"inLanguage\":\"en-US\"}]}<\/script>\n<!-- \/ Yoast SEO plugin. -->","yoast_head_json":{"title":"Lowenstein medical Samoa - Hipnos","description":"Samoa ir kompakta, viegla un moderna poligr\u0101fijas ier\u012bce miega trauc\u0113jumu diagnostikai. T\u0101 nodro\u0161ina bezvadu datu apmai\u0146u ar jaun\u0101k\u0101s paaudzes Lowenstein terapijas ier\u012bc\u0113m, ir viegli lietojama, pateicoties intuit\u012bvai vad\u012bbai un kr\u0101su ekr\u0101nam, un pacientiem nodro\u0161ina komfortu lieto\u0161anas laik\u0101. Ier\u012bcei nav nepiecie\u0161ama apkope, bet pieejamas regul\u0101ras p\u0101rbaudes. To jau izmanto vado\u0161\u0101s miega diagnostikas iest\u0101des Latvij\u0101.","robots":{"index":"noindex","follow":"follow","max-snippet":"max-snippet:-1","max-image-preview":"max-image-preview:large","max-video-preview":"max-video-preview:-1"},"og_locale":"en_US","og_type":"article","og_title":"Lowenstein medical Samoa - Hipnos","og_description":"Samoa ir kompakta, viegla un moderna poligr\u0101fijas ier\u012bce miega trauc\u0113jumu diagnostikai. T\u0101 nodro\u0161ina bezvadu datu apmai\u0146u ar jaun\u0101k\u0101s paaudzes Lowenstein terapijas ier\u012bc\u0113m, ir viegli lietojama, pateicoties intuit\u012bvai vad\u012bbai un kr\u0101su ekr\u0101nam, un pacientiem nodro\u0161ina komfortu lieto\u0161anas laik\u0101. Ier\u012bcei nav nepiecie\u0161ama apkope, bet pieejamas regul\u0101ras p\u0101rbaudes. To jau izmanto vado\u0161\u0101s miega diagnostikas iest\u0101des Latvij\u0101.","og_url":"https:\/\/hipnos.lv\/en\/product\/lowenstein-medical-samoa\/","og_site_name":"Hipnos","article_modified_time":"2025-09-10T08:10:59+00:00","og_image":[{"width":2560,"height":2155,"url":"https:\/\/hipnos.lv\/wp-content\/uploads\/2025\/06\/samoa1-scaled.webp","type":"image\/webp"}],"twitter_card":"summary_large_image","twitter_misc":{"Est. reading time":"2 minutes"},"schema":{"@context":"https:\/\/schema.org","@graph":[{"@type":"WebPage","@id":"https:\/\/hipnos.lv\/en\/product\/lowenstein-medical-samoa\/","url":"https:\/\/hipnos.lv\/en\/product\/lowenstein-medical-samoa\/","name":"Lowenstein medical Samoa - Hipnos","isPartOf":{"@id":"https:\/\/hipnos.lv\/en\/#website"},"primaryImageOfPage":{"@id":"https:\/\/hipnos.lv\/en\/product\/lowenstein-medical-samoa\/#primaryimage"},"image":{"@id":"https:\/\/hipnos.lv\/en\/product\/lowenstein-medical-samoa\/#primaryimage"},"thumbnailUrl":"https:\/\/hipnos.lv\/wp-content\/uploads\/2025\/06\/samoa1-scaled.webp","datePublished":"2025-06-04T18:10:27+00:00","dateModified":"2025-09-10T08:10:59+00:00","description":"Samoa ir kompakta, viegla un moderna poligr\u0101fijas ier\u012bce miega trauc\u0113jumu diagnostikai. T\u0101 nodro\u0161ina bezvadu datu apmai\u0146u ar jaun\u0101k\u0101s paaudzes Lowenstein terapijas ier\u012bc\u0113m, ir viegli lietojama, pateicoties intuit\u012bvai vad\u012bbai un kr\u0101su ekr\u0101nam, un pacientiem nodro\u0161ina komfortu lieto\u0161anas laik\u0101. Ier\u012bcei nav nepiecie\u0161ama apkope, bet pieejamas regul\u0101ras p\u0101rbaudes. To jau izmanto vado\u0161\u0101s miega diagnostikas iest\u0101des Latvij\u0101.","breadcrumb":{"@id":"https:\/\/hipnos.lv\/en\/product\/lowenstein-medical-samoa\/#breadcrumb"},"inLanguage":"en-US","potentialAction":[{"@type":"ReadAction","target":["https:\/\/hipnos.lv\/en\/product\/lowenstein-medical-samoa\/"]}]},{"@type":"ImageObject","inLanguage":"en-US","@id":"https:\/\/hipnos.lv\/en\/product\/lowenstein-medical-samoa\/#primaryimage","url":"https:\/\/hipnos.lv\/wp-content\/uploads\/2025\/06\/samoa1-scaled.webp","contentUrl":"https:\/\/hipnos.lv\/wp-content\/uploads\/2025\/06\/samoa1-scaled.webp","width":2560,"height":2155},{"@type":"BreadcrumbList","@id":"https:\/\/hipnos.lv\/en\/product\/lowenstein-medical-samoa\/#breadcrumb","itemListElement":[{"@type":"ListItem","position":1,"name":"S\u0101kums","item":"https:\/\/hipnos.lv\/en\/"},{"@type":"ListItem","position":2,"name":"E\u2010Shop","item":"https:\/\/hipnos.lv\/en\/shop\/"},{"@type":"ListItem","position":3,"name":"Lowenstein medical Samoa"}]},{"@type":"WebSite","@id":"https:\/\/hipnos.lv\/en\/#website","url":"https:\/\/hipnos.lv\/en\/","name":"Hipnos","description":"","potentialAction":[{"@type":"SearchAction","target":{"@type":"EntryPoint","urlTemplate":"https:\/\/hipnos.lv\/en\/?s={search_term_string}"},"query-input":{"@type":"PropertyValueSpecification","valueRequired":true,"valueName":"search_term_string"}}],"inLanguage":"en-US"}]}},"_links":{"self":[{"href":"https:\/\/hipnos.lv\/en\/wp-json\/wp\/v2\/product\/1309","targetHints":{"allow":["GET"]}}],"collection":[{"href":"https:\/\/hipnos.lv\/en\/wp-json\/wp\/v2\/product"}],"about":[{"href":"https:\/\/hipnos.lv\/en\/wp-json\/wp\/v2\/types\/product"}],"replies":[{"embeddable":true,"href":"https:\/\/hipnos.lv\/en\/wp-json\/wp\/v2\/comments?post=1309"}],"wp:featuredmedia":[{"embeddable":true,"href":"https:\/\/hipnos.lv\/en\/wp-json\/wp\/v2\/media\/1310"}],"wp:attachment":[{"href":"https:\/\/hipnos.lv\/en\/wp-json\/wp\/v2\/media?parent=1309"}],"wp:term":[{"taxonomy":"product_brand","embeddable":true,"href":"https:\/\/hipnos.lv\/en\/wp-json\/wp\/v2\/product_brand?post=1309"},{"taxonomy":"product_cat","embeddable":true,"href":"https:\/\/hipnos.lv\/en\/wp-json\/wp\/v2\/product_cat?post=1309"},{"taxonomy":"product_tag","embeddable":true,"href":"https:\/\/hipnos.lv\/en\/wp-json\/wp\/v2\/product_tag?post=1309"}],"curies":[{"name":"wp","href":"https:\/\/api.w.org\/{rel}","templated":true}]}}