{"id":1305,"date":"2025-06-04T17:44:29","date_gmt":"2025-06-04T17:44:29","guid":{"rendered":"https:\/\/hipnos.lv\/?post_type=product&#038;p=1305"},"modified":"2025-06-04T17:44:29","modified_gmt":"2025-06-04T17:44:29","slug":"lowenstein-medical-samoa-lite","status":"publish","type":"product","link":"https:\/\/hipnos.lv\/en\/product\/lowenstein-medical-samoa-lite\/","title":{"rendered":"Lowenstein medical Samoa lite"},"content":{"rendered":"<p>Lowenstein medical ir izveidojusi jaunu diegnotikas iek\u0101rtu paaudzi. \u0160o iek\u0101rtu liela priek\u0161roc\u012bba ir t\u0101, ka to rezderves da\u013cas (akumulators, l\u0101d\u0113t\u0101js, savienojuma kabelis, pulsa oksimetrs, sensoru jostas) der vis\u0101m Lowenstein medical diagnostikas iek\u0101rt\u0101m.<\/p>\n<p>Priek\u0161roc\u012bbas:<\/p>\n<ul>\n<li>Skr\u012bninga ier\u012bce miega trauc\u0113jumu noteik\u0161anai (diagnostika un \u0101rst\u0113\u0161ana)<\/li>\n<li>Nav nepiecie\u0161ama apkope visu iek\u0101rtas lieto\u0161anas laiku<\/li>\n<li>Programmat\u016bras atjaunin\u0101jumi bez maksas<\/li>\n<li>No\u0146emams uzl\u0101d\u0113jams akumulators.<\/li>\n<\/ul>\n<p>Iek\u0101rtai ir 9 kan\u0101li:<\/p>\n<ul>\n<li>Pl\u016bsma (deguna kanula)<\/li>\n<li>Kr\u0101k\u0161ana (deguna kanula)<\/li>\n<li>Poz\u012bcija<\/li>\n<li>Gaisma<\/li>\n<li>SpO2<\/li>\n<li>Pulss<\/li>\n<li>Pulsa l\u012bkne (neatkar\u012bga uzbudin\u0101juma noteik\u0161ana)<\/li>\n<li>Spiediens<\/li>\n<li>Aktivit\u0101te<\/li>\n<\/ul>\n<p><strong>M\u016bsu iek\u0101rtas tiek izmantotas:\u00a0<\/strong><\/p>\n<p><strong>SIA Miega slim\u012bbu centrs<\/strong><br \/>\n<strong>B\u0113rnu kl\u012bnisk\u0101 universit\u0101tes slimn\u012bca<\/strong><br \/>\n<strong>R\u012bgas Austrumu kl\u012bnisk\u0101 universit\u0101tes slimn\u012bca<\/strong><br \/>\n<strong>Nodieva Anda &#8211; \u0101rsta prakse pneimonolo\u0123ij\u0101<\/strong><br \/>\n<strong>Kl\u012bnika Headline<\/strong><br \/>\n<strong>\u010cebotarjova Olga &#8211; \u0101rsta prakse neirolo\u0123ij\u0101<\/strong><\/p>\n<p><strong>SIA &#8220;Neiroprakse&#8221;<\/strong><\/p>\n","protected":false},"excerpt":{"rendered":"<p>Lowenstein Medical jaun\u0101s paaudzes miega diagnostikas iek\u0101rta pied\u0101v\u0101 9 kan\u0101lus, viegli nomain\u0101mu akumulatoru, bezmaksas programmat\u016bras atjaunin\u0101jumus un neprasa apkopi. Sader\u012bga ar cit\u0101m Lowenstein iek\u0101rt\u0101m, to jau izmanto vado\u0161\u0101s Latvijas medic\u012bnas iest\u0101des.<\/p>\n","protected":false},"featured_media":1306,"comment_status":"open","ping_status":"closed","template":"","meta":{"_acf_changed":false,"inline_featured_image":false},"product_brand":[],"product_cat":[57],"product_tag":[],"class_list":{"0":"post-1305","1":"product","2":"type-product","3":"status-publish","4":"has-post-thumbnail","6":"product_cat-miega-diagnostikas-iekartas-lv","8":"first","9":"instock","10":"shipping-taxable","11":"purchasable","12":"product-type-simple"},"acf":[],"yoast_head":"<!-- This site is optimized with the Yoast SEO plugin v27.0 - https:\/\/yoast.com\/product\/yoast-seo-wordpress\/ -->\n<title>Lowenstein medical Samoa lite - Hipnos<\/title>\n<meta name=\"description\" content=\"Lowenstein Medical jaun\u0101s paaudzes miega diagnostikas iek\u0101rta pied\u0101v\u0101 9 kan\u0101lus, viegli nomain\u0101mu akumulatoru, bezmaksas programmat\u016bras atjaunin\u0101jumus un neprasa apkopi. Sader\u012bga ar cit\u0101m Lowenstein iek\u0101rt\u0101m, to jau izmanto vado\u0161\u0101s Latvijas medic\u012bnas iest\u0101des.\" \/>\n<meta name=\"robots\" content=\"noindex, follow, max-snippet:-1, max-image-preview:large, max-video-preview:-1\" \/>\n<meta property=\"og:locale\" content=\"en_US\" \/>\n<meta property=\"og:type\" content=\"article\" \/>\n<meta property=\"og:title\" content=\"Lowenstein medical Samoa lite - Hipnos\" \/>\n<meta property=\"og:description\" content=\"Lowenstein Medical jaun\u0101s paaudzes miega diagnostikas iek\u0101rta pied\u0101v\u0101 9 kan\u0101lus, viegli nomain\u0101mu akumulatoru, bezmaksas programmat\u016bras atjaunin\u0101jumus un neprasa apkopi. Sader\u012bga ar cit\u0101m Lowenstein iek\u0101rt\u0101m, to jau izmanto vado\u0161\u0101s Latvijas medic\u012bnas iest\u0101des.\" \/>\n<meta property=\"og:url\" content=\"https:\/\/hipnos.lv\/en\/product\/lowenstein-medical-samoa-lite\/\" \/>\n<meta property=\"og:site_name\" content=\"Hipnos\" \/>\n<meta property=\"og:image\" content=\"https:\/\/hipnos.lv\/wp-content\/uploads\/2025\/06\/lite-1-scaled.webp\" \/>\n\t<meta property=\"og:image:width\" content=\"2560\" \/>\n\t<meta property=\"og:image:height\" content=\"1921\" \/>\n\t<meta property=\"og:image:type\" content=\"image\/webp\" \/>\n<meta name=\"twitter:card\" content=\"summary_large_image\" \/>\n<meta name=\"twitter:label1\" content=\"Est. reading time\" \/>\n\t<meta name=\"twitter:data1\" content=\"1 minute\" \/>\n<script type=\"application\/ld+json\" class=\"yoast-schema-graph\">{\"@context\":\"https:\/\/schema.org\",\"@graph\":[{\"@type\":\"WebPage\",\"@id\":\"https:\/\/hipnos.lv\/en\/product\/lowenstein-medical-samoa-lite\/\",\"url\":\"https:\/\/hipnos.lv\/en\/product\/lowenstein-medical-samoa-lite\/\",\"name\":\"Lowenstein medical Samoa lite - Hipnos\",\"isPartOf\":{\"@id\":\"https:\/\/hipnos.lv\/en\/#website\"},\"primaryImageOfPage\":{\"@id\":\"https:\/\/hipnos.lv\/en\/product\/lowenstein-medical-samoa-lite\/#primaryimage\"},\"image\":{\"@id\":\"https:\/\/hipnos.lv\/en\/product\/lowenstein-medical-samoa-lite\/#primaryimage\"},\"thumbnailUrl\":\"https:\/\/hipnos.lv\/wp-content\/uploads\/2025\/06\/lite-1-scaled.webp\",\"datePublished\":\"2025-06-04T17:44:29+00:00\",\"description\":\"Lowenstein Medical jaun\u0101s paaudzes miega diagnostikas iek\u0101rta pied\u0101v\u0101 9 kan\u0101lus, viegli nomain\u0101mu akumulatoru, bezmaksas programmat\u016bras atjaunin\u0101jumus un neprasa apkopi. Sader\u012bga ar cit\u0101m Lowenstein iek\u0101rt\u0101m, to jau izmanto vado\u0161\u0101s Latvijas medic\u012bnas iest\u0101des.\",\"breadcrumb\":{\"@id\":\"https:\/\/hipnos.lv\/en\/product\/lowenstein-medical-samoa-lite\/#breadcrumb\"},\"inLanguage\":\"en-US\",\"potentialAction\":[{\"@type\":\"ReadAction\",\"target\":[\"https:\/\/hipnos.lv\/en\/product\/lowenstein-medical-samoa-lite\/\"]}]},{\"@type\":\"ImageObject\",\"inLanguage\":\"en-US\",\"@id\":\"https:\/\/hipnos.lv\/en\/product\/lowenstein-medical-samoa-lite\/#primaryimage\",\"url\":\"https:\/\/hipnos.lv\/wp-content\/uploads\/2025\/06\/lite-1-scaled.webp\",\"contentUrl\":\"https:\/\/hipnos.lv\/wp-content\/uploads\/2025\/06\/lite-1-scaled.webp\",\"width\":2560,\"height\":1921},{\"@type\":\"BreadcrumbList\",\"@id\":\"https:\/\/hipnos.lv\/en\/product\/lowenstein-medical-samoa-lite\/#breadcrumb\",\"itemListElement\":[{\"@type\":\"ListItem\",\"position\":1,\"name\":\"S\u0101kums\",\"item\":\"https:\/\/hipnos.lv\/en\/\"},{\"@type\":\"ListItem\",\"position\":2,\"name\":\"E\u2010Shop\",\"item\":\"https:\/\/hipnos.lv\/en\/shop\/\"},{\"@type\":\"ListItem\",\"position\":3,\"name\":\"Lowenstein medical Samoa lite\"}]},{\"@type\":\"WebSite\",\"@id\":\"https:\/\/hipnos.lv\/en\/#website\",\"url\":\"https:\/\/hipnos.lv\/en\/\",\"name\":\"Hipnos\",\"description\":\"\",\"potentialAction\":[{\"@type\":\"SearchAction\",\"target\":{\"@type\":\"EntryPoint\",\"urlTemplate\":\"https:\/\/hipnos.lv\/en\/?s={search_term_string}\"},\"query-input\":{\"@type\":\"PropertyValueSpecification\",\"valueRequired\":true,\"valueName\":\"search_term_string\"}}],\"inLanguage\":\"en-US\"}]}<\/script>\n<!-- \/ Yoast SEO plugin. -->","yoast_head_json":{"title":"Lowenstein medical Samoa lite - Hipnos","description":"Lowenstein Medical jaun\u0101s paaudzes miega diagnostikas iek\u0101rta pied\u0101v\u0101 9 kan\u0101lus, viegli nomain\u0101mu akumulatoru, bezmaksas programmat\u016bras atjaunin\u0101jumus un neprasa apkopi. Sader\u012bga ar cit\u0101m Lowenstein iek\u0101rt\u0101m, to jau izmanto vado\u0161\u0101s Latvijas medic\u012bnas iest\u0101des.","robots":{"index":"noindex","follow":"follow","max-snippet":"max-snippet:-1","max-image-preview":"max-image-preview:large","max-video-preview":"max-video-preview:-1"},"og_locale":"en_US","og_type":"article","og_title":"Lowenstein medical Samoa lite - Hipnos","og_description":"Lowenstein Medical jaun\u0101s paaudzes miega diagnostikas iek\u0101rta pied\u0101v\u0101 9 kan\u0101lus, viegli nomain\u0101mu akumulatoru, bezmaksas programmat\u016bras atjaunin\u0101jumus un neprasa apkopi. Sader\u012bga ar cit\u0101m Lowenstein iek\u0101rt\u0101m, to jau izmanto vado\u0161\u0101s Latvijas medic\u012bnas iest\u0101des.","og_url":"https:\/\/hipnos.lv\/en\/product\/lowenstein-medical-samoa-lite\/","og_site_name":"Hipnos","og_image":[{"width":2560,"height":1921,"url":"https:\/\/hipnos.lv\/wp-content\/uploads\/2025\/06\/lite-1-scaled.webp","type":"image\/webp"}],"twitter_card":"summary_large_image","twitter_misc":{"Est. reading time":"1 minute"},"schema":{"@context":"https:\/\/schema.org","@graph":[{"@type":"WebPage","@id":"https:\/\/hipnos.lv\/en\/product\/lowenstein-medical-samoa-lite\/","url":"https:\/\/hipnos.lv\/en\/product\/lowenstein-medical-samoa-lite\/","name":"Lowenstein medical Samoa lite - Hipnos","isPartOf":{"@id":"https:\/\/hipnos.lv\/en\/#website"},"primaryImageOfPage":{"@id":"https:\/\/hipnos.lv\/en\/product\/lowenstein-medical-samoa-lite\/#primaryimage"},"image":{"@id":"https:\/\/hipnos.lv\/en\/product\/lowenstein-medical-samoa-lite\/#primaryimage"},"thumbnailUrl":"https:\/\/hipnos.lv\/wp-content\/uploads\/2025\/06\/lite-1-scaled.webp","datePublished":"2025-06-04T17:44:29+00:00","description":"Lowenstein Medical jaun\u0101s paaudzes miega diagnostikas iek\u0101rta pied\u0101v\u0101 9 kan\u0101lus, viegli nomain\u0101mu akumulatoru, bezmaksas programmat\u016bras atjaunin\u0101jumus un neprasa apkopi. Sader\u012bga ar cit\u0101m Lowenstein iek\u0101rt\u0101m, to jau izmanto vado\u0161\u0101s Latvijas medic\u012bnas iest\u0101des.","breadcrumb":{"@id":"https:\/\/hipnos.lv\/en\/product\/lowenstein-medical-samoa-lite\/#breadcrumb"},"inLanguage":"en-US","potentialAction":[{"@type":"ReadAction","target":["https:\/\/hipnos.lv\/en\/product\/lowenstein-medical-samoa-lite\/"]}]},{"@type":"ImageObject","inLanguage":"en-US","@id":"https:\/\/hipnos.lv\/en\/product\/lowenstein-medical-samoa-lite\/#primaryimage","url":"https:\/\/hipnos.lv\/wp-content\/uploads\/2025\/06\/lite-1-scaled.webp","contentUrl":"https:\/\/hipnos.lv\/wp-content\/uploads\/2025\/06\/lite-1-scaled.webp","width":2560,"height":1921},{"@type":"BreadcrumbList","@id":"https:\/\/hipnos.lv\/en\/product\/lowenstein-medical-samoa-lite\/#breadcrumb","itemListElement":[{"@type":"ListItem","position":1,"name":"S\u0101kums","item":"https:\/\/hipnos.lv\/en\/"},{"@type":"ListItem","position":2,"name":"E\u2010Shop","item":"https:\/\/hipnos.lv\/en\/shop\/"},{"@type":"ListItem","position":3,"name":"Lowenstein medical Samoa lite"}]},{"@type":"WebSite","@id":"https:\/\/hipnos.lv\/en\/#website","url":"https:\/\/hipnos.lv\/en\/","name":"Hipnos","description":"","potentialAction":[{"@type":"SearchAction","target":{"@type":"EntryPoint","urlTemplate":"https:\/\/hipnos.lv\/en\/?s={search_term_string}"},"query-input":{"@type":"PropertyValueSpecification","valueRequired":true,"valueName":"search_term_string"}}],"inLanguage":"en-US"}]}},"_links":{"self":[{"href":"https:\/\/hipnos.lv\/en\/wp-json\/wp\/v2\/product\/1305","targetHints":{"allow":["GET"]}}],"collection":[{"href":"https:\/\/hipnos.lv\/en\/wp-json\/wp\/v2\/product"}],"about":[{"href":"https:\/\/hipnos.lv\/en\/wp-json\/wp\/v2\/types\/product"}],"replies":[{"embeddable":true,"href":"https:\/\/hipnos.lv\/en\/wp-json\/wp\/v2\/comments?post=1305"}],"wp:featuredmedia":[{"embeddable":true,"href":"https:\/\/hipnos.lv\/en\/wp-json\/wp\/v2\/media\/1306"}],"wp:attachment":[{"href":"https:\/\/hipnos.lv\/en\/wp-json\/wp\/v2\/media?parent=1305"}],"wp:term":[{"taxonomy":"product_brand","embeddable":true,"href":"https:\/\/hipnos.lv\/en\/wp-json\/wp\/v2\/product_brand?post=1305"},{"taxonomy":"product_cat","embeddable":true,"href":"https:\/\/hipnos.lv\/en\/wp-json\/wp\/v2\/product_cat?post=1305"},{"taxonomy":"product_tag","embeddable":true,"href":"https:\/\/hipnos.lv\/en\/wp-json\/wp\/v2\/product_tag?post=1305"}],"curies":[{"name":"wp","href":"https:\/\/api.w.org\/{rel}","templated":true}]}}