{"id":1292,"date":"2025-06-04T07:47:54","date_gmt":"2025-06-04T07:47:54","guid":{"rendered":"https:\/\/hipnos.lv\/?post_type=product&#038;p=1292"},"modified":"2025-06-04T10:38:09","modified_gmt":"2025-06-04T10:38:09","slug":"vienreizlietojama-miega-diagnostika","status":"publish","type":"product","link":"https:\/\/hipnos.lv\/en\/product\/vienreizlietojama-miega-diagnostika\/","title":{"rendered":"WatchPAT ONE vienreizlietojama miega diagnostika"},"content":{"rendered":"<h3><strong>Pirm\u0101 un vien\u012bg\u0101 vienreiz\u0113j\u0101s lieto\u0161anas ier\u012bce miega diagnostikai &#8211; WatchPAT ONE.<\/strong><\/h3>\n<p>Tagad veikt miega diagnostiku ir vienk\u0101r\u0161i k\u0101 1-2-3<\/p>\n<ol>\n<li>Pas\u016bti ier\u012bci un to izmantot var\u0113si 30 dienu laik\u0101 no ieg\u0101des dienas;<\/li>\n<li>Sa\u0146emot iek\u0101rtu iel\u0101d\u0113 WatchPAT bezmaksas aplik\u0101ciju sav\u0101 viedt\u0101lrun\u012b un seko instrukcij\u0101m latvie\u0161u vai krievu valod\u0101 un dodies gul\u0113t;<\/li>\n<li>No r\u012bta no\u0146em iek\u0101rtu un 2 darba dienu laik\u0101 sa\u0146em uz savu epasta adresi diagnostikas rezult\u0101tu un sertific\u0113ta miega speci\u0101lista rekomend\u0101cijas.<\/li>\n<\/ol>\n<p>WatchPAT ONE, pirmais un vien\u012bgais vienreizlietojamais m\u0101jas miega apnojas tests (HSAT), pied\u0101v\u0101 t\u0101du pa\u0161u vienk\u0101r\u0161\u012bbu, precizit\u0101ti un uzticam\u012bbu k\u0101 citi WatchPAT produkti. Izmantojot vienk\u0101r\u0161u viedt\u0101lru\u0146a lietotni, WatchPAT ONE dati no 7 kan\u0101liem tiek p\u0101rs\u016bt\u012bti uz m\u0101ko\u0146kr\u0101tuvi. Tikl\u012bdz p\u0113t\u012bjums ir pabeigts, \u0101rsts var p\u0101rskat\u012bt autom\u0101tiski apkopotos p\u0113t\u012bjuma rezult\u0101tus.<\/p>\n","protected":false},"excerpt":{"rendered":"<p>WatchPAT ONE, pirmais un vien\u012bgais vienreizlietojamais m\u0101jas miega apnojas tests (HSAT), pied\u0101v\u0101 t\u0101du pa\u0161u vienk\u0101r\u0161\u012bbu, precizit\u0101ti un uzticam\u012bbu k\u0101 citi WatchPAT produkti. Izmantojot vienk\u0101r\u0161u viedt\u0101lru\u0146a lietotni, WatchPAT ONE dati no 7 kan\u0101liem tiek p\u0101rs\u016bt\u012bti uz m\u0101ko\u0146kr\u0101tuvi. Tikl\u012bdz p\u0113t\u012bjums ir pabeigts, \u0101rsts var p\u0101rskat\u012bt autom\u0101tiski apkopotos p\u0113t\u012bjuma rezult\u0101tus.<\/p>\n","protected":false},"featured_media":1296,"comment_status":"open","ping_status":"closed","template":"","meta":{"_acf_changed":false,"inline_featured_image":false},"product_brand":[],"product_cat":[57],"product_tag":[],"class_list":{"0":"post-1292","1":"product","2":"type-product","3":"status-publish","4":"has-post-thumbnail","6":"product_cat-miega-diagnostikas-iekartas-lv","8":"first","9":"instock","10":"shipping-taxable","11":"purchasable","12":"product-type-simple"},"acf":[],"yoast_head":"<!-- This site is optimized with the Yoast SEO plugin v27.0 - https:\/\/yoast.com\/product\/yoast-seo-wordpress\/ -->\n<title>WatchPAT ONE vienreizlietojama miega diagnostika - Hipnos<\/title>\n<meta name=\"description\" content=\"WatchPAT ONE, pirmais un vien\u012bgais vienreizlietojamais m\u0101jas miega apnojas tests (HSAT), pied\u0101v\u0101 t\u0101du pa\u0161u vienk\u0101r\u0161\u012bbu, precizit\u0101ti un uzticam\u012bbu k\u0101 citi WatchPAT produkti. Izmantojot vienk\u0101r\u0161u viedt\u0101lru\u0146a lietotni, WatchPAT ONE dati no 7 kan\u0101liem tiek p\u0101rs\u016bt\u012bti uz m\u0101ko\u0146kr\u0101tuvi. Tikl\u012bdz p\u0113t\u012bjums ir pabeigts, \u0101rsts var p\u0101rskat\u012bt autom\u0101tiski apkopotos p\u0113t\u012bjuma rezult\u0101tus.\" \/>\n<meta name=\"robots\" content=\"noindex, follow, max-snippet:-1, max-image-preview:large, max-video-preview:-1\" \/>\n<meta property=\"og:locale\" content=\"en_US\" \/>\n<meta property=\"og:type\" content=\"article\" \/>\n<meta property=\"og:title\" content=\"WatchPAT ONE vienreizlietojama miega diagnostika - Hipnos\" \/>\n<meta property=\"og:description\" content=\"WatchPAT ONE, pirmais un vien\u012bgais vienreizlietojamais m\u0101jas miega apnojas tests (HSAT), pied\u0101v\u0101 t\u0101du pa\u0161u vienk\u0101r\u0161\u012bbu, precizit\u0101ti un uzticam\u012bbu k\u0101 citi WatchPAT produkti. Izmantojot vienk\u0101r\u0161u viedt\u0101lru\u0146a lietotni, WatchPAT ONE dati no 7 kan\u0101liem tiek p\u0101rs\u016bt\u012bti uz m\u0101ko\u0146kr\u0101tuvi. Tikl\u012bdz p\u0113t\u012bjums ir pabeigts, \u0101rsts var p\u0101rskat\u012bt autom\u0101tiski apkopotos p\u0113t\u012bjuma rezult\u0101tus.\" \/>\n<meta property=\"og:url\" content=\"https:\/\/hipnos.lv\/en\/product\/vienreizlietojama-miega-diagnostika\/\" \/>\n<meta property=\"og:site_name\" content=\"Hipnos\" \/>\n<meta property=\"article:modified_time\" content=\"2025-06-04T10:38:09+00:00\" \/>\n<meta property=\"og:image\" content=\"https:\/\/hipnos.lv\/wp-content\/uploads\/2025\/06\/one-2.webp\" \/>\n\t<meta property=\"og:image:width\" content=\"1024\" \/>\n\t<meta property=\"og:image:height\" content=\"1024\" \/>\n\t<meta property=\"og:image:type\" content=\"image\/webp\" \/>\n<meta name=\"twitter:card\" content=\"summary_large_image\" \/>\n<meta name=\"twitter:label1\" content=\"Est. reading time\" \/>\n\t<meta name=\"twitter:data1\" content=\"1 minute\" \/>\n<script type=\"application\/ld+json\" class=\"yoast-schema-graph\">{\"@context\":\"https:\/\/schema.org\",\"@graph\":[{\"@type\":\"WebPage\",\"@id\":\"https:\/\/hipnos.lv\/en\/product\/vienreizlietojama-miega-diagnostika\/\",\"url\":\"https:\/\/hipnos.lv\/en\/product\/vienreizlietojama-miega-diagnostika\/\",\"name\":\"WatchPAT ONE vienreizlietojama miega diagnostika - Hipnos\",\"isPartOf\":{\"@id\":\"https:\/\/hipnos.lv\/en\/#website\"},\"primaryImageOfPage\":{\"@id\":\"https:\/\/hipnos.lv\/en\/product\/vienreizlietojama-miega-diagnostika\/#primaryimage\"},\"image\":{\"@id\":\"https:\/\/hipnos.lv\/en\/product\/vienreizlietojama-miega-diagnostika\/#primaryimage\"},\"thumbnailUrl\":\"https:\/\/hipnos.lv\/wp-content\/uploads\/2025\/06\/one-2.webp\",\"datePublished\":\"2025-06-04T07:47:54+00:00\",\"dateModified\":\"2025-06-04T10:38:09+00:00\",\"description\":\"WatchPAT ONE, pirmais un vien\u012bgais vienreizlietojamais m\u0101jas miega apnojas tests (HSAT), pied\u0101v\u0101 t\u0101du pa\u0161u vienk\u0101r\u0161\u012bbu, precizit\u0101ti un uzticam\u012bbu k\u0101 citi WatchPAT produkti. Izmantojot vienk\u0101r\u0161u viedt\u0101lru\u0146a lietotni, WatchPAT ONE dati no 7 kan\u0101liem tiek p\u0101rs\u016bt\u012bti uz m\u0101ko\u0146kr\u0101tuvi. Tikl\u012bdz p\u0113t\u012bjums ir pabeigts, \u0101rsts var p\u0101rskat\u012bt autom\u0101tiski apkopotos p\u0113t\u012bjuma rezult\u0101tus.\",\"breadcrumb\":{\"@id\":\"https:\/\/hipnos.lv\/en\/product\/vienreizlietojama-miega-diagnostika\/#breadcrumb\"},\"inLanguage\":\"en-US\",\"potentialAction\":[{\"@type\":\"ReadAction\",\"target\":[\"https:\/\/hipnos.lv\/en\/product\/vienreizlietojama-miega-diagnostika\/\"]}]},{\"@type\":\"ImageObject\",\"inLanguage\":\"en-US\",\"@id\":\"https:\/\/hipnos.lv\/en\/product\/vienreizlietojama-miega-diagnostika\/#primaryimage\",\"url\":\"https:\/\/hipnos.lv\/wp-content\/uploads\/2025\/06\/one-2.webp\",\"contentUrl\":\"https:\/\/hipnos.lv\/wp-content\/uploads\/2025\/06\/one-2.webp\",\"width\":1024,\"height\":1024},{\"@type\":\"BreadcrumbList\",\"@id\":\"https:\/\/hipnos.lv\/en\/product\/vienreizlietojama-miega-diagnostika\/#breadcrumb\",\"itemListElement\":[{\"@type\":\"ListItem\",\"position\":1,\"name\":\"S\u0101kums\",\"item\":\"https:\/\/hipnos.lv\/en\/\"},{\"@type\":\"ListItem\",\"position\":2,\"name\":\"E\u2010Shop\",\"item\":\"https:\/\/hipnos.lv\/en\/shop\/\"},{\"@type\":\"ListItem\",\"position\":3,\"name\":\"WatchPAT ONE vienreizlietojama miega diagnostika\"}]},{\"@type\":\"WebSite\",\"@id\":\"https:\/\/hipnos.lv\/en\/#website\",\"url\":\"https:\/\/hipnos.lv\/en\/\",\"name\":\"Hipnos\",\"description\":\"\",\"potentialAction\":[{\"@type\":\"SearchAction\",\"target\":{\"@type\":\"EntryPoint\",\"urlTemplate\":\"https:\/\/hipnos.lv\/en\/?s={search_term_string}\"},\"query-input\":{\"@type\":\"PropertyValueSpecification\",\"valueRequired\":true,\"valueName\":\"search_term_string\"}}],\"inLanguage\":\"en-US\"}]}<\/script>\n<!-- \/ Yoast SEO plugin. -->","yoast_head_json":{"title":"WatchPAT ONE vienreizlietojama miega diagnostika - Hipnos","description":"WatchPAT ONE, pirmais un vien\u012bgais vienreizlietojamais m\u0101jas miega apnojas tests (HSAT), pied\u0101v\u0101 t\u0101du pa\u0161u vienk\u0101r\u0161\u012bbu, precizit\u0101ti un uzticam\u012bbu k\u0101 citi WatchPAT produkti. Izmantojot vienk\u0101r\u0161u viedt\u0101lru\u0146a lietotni, WatchPAT ONE dati no 7 kan\u0101liem tiek p\u0101rs\u016bt\u012bti uz m\u0101ko\u0146kr\u0101tuvi. Tikl\u012bdz p\u0113t\u012bjums ir pabeigts, \u0101rsts var p\u0101rskat\u012bt autom\u0101tiski apkopotos p\u0113t\u012bjuma rezult\u0101tus.","robots":{"index":"noindex","follow":"follow","max-snippet":"max-snippet:-1","max-image-preview":"max-image-preview:large","max-video-preview":"max-video-preview:-1"},"og_locale":"en_US","og_type":"article","og_title":"WatchPAT ONE vienreizlietojama miega diagnostika - Hipnos","og_description":"WatchPAT ONE, pirmais un vien\u012bgais vienreizlietojamais m\u0101jas miega apnojas tests (HSAT), pied\u0101v\u0101 t\u0101du pa\u0161u vienk\u0101r\u0161\u012bbu, precizit\u0101ti un uzticam\u012bbu k\u0101 citi WatchPAT produkti. Izmantojot vienk\u0101r\u0161u viedt\u0101lru\u0146a lietotni, WatchPAT ONE dati no 7 kan\u0101liem tiek p\u0101rs\u016bt\u012bti uz m\u0101ko\u0146kr\u0101tuvi. Tikl\u012bdz p\u0113t\u012bjums ir pabeigts, \u0101rsts var p\u0101rskat\u012bt autom\u0101tiski apkopotos p\u0113t\u012bjuma rezult\u0101tus.","og_url":"https:\/\/hipnos.lv\/en\/product\/vienreizlietojama-miega-diagnostika\/","og_site_name":"Hipnos","article_modified_time":"2025-06-04T10:38:09+00:00","og_image":[{"width":1024,"height":1024,"url":"https:\/\/hipnos.lv\/wp-content\/uploads\/2025\/06\/one-2.webp","type":"image\/webp"}],"twitter_card":"summary_large_image","twitter_misc":{"Est. reading time":"1 minute"},"schema":{"@context":"https:\/\/schema.org","@graph":[{"@type":"WebPage","@id":"https:\/\/hipnos.lv\/en\/product\/vienreizlietojama-miega-diagnostika\/","url":"https:\/\/hipnos.lv\/en\/product\/vienreizlietojama-miega-diagnostika\/","name":"WatchPAT ONE vienreizlietojama miega diagnostika - Hipnos","isPartOf":{"@id":"https:\/\/hipnos.lv\/en\/#website"},"primaryImageOfPage":{"@id":"https:\/\/hipnos.lv\/en\/product\/vienreizlietojama-miega-diagnostika\/#primaryimage"},"image":{"@id":"https:\/\/hipnos.lv\/en\/product\/vienreizlietojama-miega-diagnostika\/#primaryimage"},"thumbnailUrl":"https:\/\/hipnos.lv\/wp-content\/uploads\/2025\/06\/one-2.webp","datePublished":"2025-06-04T07:47:54+00:00","dateModified":"2025-06-04T10:38:09+00:00","description":"WatchPAT ONE, pirmais un vien\u012bgais vienreizlietojamais m\u0101jas miega apnojas tests (HSAT), pied\u0101v\u0101 t\u0101du pa\u0161u vienk\u0101r\u0161\u012bbu, precizit\u0101ti un uzticam\u012bbu k\u0101 citi WatchPAT produkti. Izmantojot vienk\u0101r\u0161u viedt\u0101lru\u0146a lietotni, WatchPAT ONE dati no 7 kan\u0101liem tiek p\u0101rs\u016bt\u012bti uz m\u0101ko\u0146kr\u0101tuvi. Tikl\u012bdz p\u0113t\u012bjums ir pabeigts, \u0101rsts var p\u0101rskat\u012bt autom\u0101tiski apkopotos p\u0113t\u012bjuma rezult\u0101tus.","breadcrumb":{"@id":"https:\/\/hipnos.lv\/en\/product\/vienreizlietojama-miega-diagnostika\/#breadcrumb"},"inLanguage":"en-US","potentialAction":[{"@type":"ReadAction","target":["https:\/\/hipnos.lv\/en\/product\/vienreizlietojama-miega-diagnostika\/"]}]},{"@type":"ImageObject","inLanguage":"en-US","@id":"https:\/\/hipnos.lv\/en\/product\/vienreizlietojama-miega-diagnostika\/#primaryimage","url":"https:\/\/hipnos.lv\/wp-content\/uploads\/2025\/06\/one-2.webp","contentUrl":"https:\/\/hipnos.lv\/wp-content\/uploads\/2025\/06\/one-2.webp","width":1024,"height":1024},{"@type":"BreadcrumbList","@id":"https:\/\/hipnos.lv\/en\/product\/vienreizlietojama-miega-diagnostika\/#breadcrumb","itemListElement":[{"@type":"ListItem","position":1,"name":"S\u0101kums","item":"https:\/\/hipnos.lv\/en\/"},{"@type":"ListItem","position":2,"name":"E\u2010Shop","item":"https:\/\/hipnos.lv\/en\/shop\/"},{"@type":"ListItem","position":3,"name":"WatchPAT ONE vienreizlietojama miega diagnostika"}]},{"@type":"WebSite","@id":"https:\/\/hipnos.lv\/en\/#website","url":"https:\/\/hipnos.lv\/en\/","name":"Hipnos","description":"","potentialAction":[{"@type":"SearchAction","target":{"@type":"EntryPoint","urlTemplate":"https:\/\/hipnos.lv\/en\/?s={search_term_string}"},"query-input":{"@type":"PropertyValueSpecification","valueRequired":true,"valueName":"search_term_string"}}],"inLanguage":"en-US"}]}},"_links":{"self":[{"href":"https:\/\/hipnos.lv\/en\/wp-json\/wp\/v2\/product\/1292","targetHints":{"allow":["GET"]}}],"collection":[{"href":"https:\/\/hipnos.lv\/en\/wp-json\/wp\/v2\/product"}],"about":[{"href":"https:\/\/hipnos.lv\/en\/wp-json\/wp\/v2\/types\/product"}],"replies":[{"embeddable":true,"href":"https:\/\/hipnos.lv\/en\/wp-json\/wp\/v2\/comments?post=1292"}],"wp:featuredmedia":[{"embeddable":true,"href":"https:\/\/hipnos.lv\/en\/wp-json\/wp\/v2\/media\/1296"}],"wp:attachment":[{"href":"https:\/\/hipnos.lv\/en\/wp-json\/wp\/v2\/media?parent=1292"}],"wp:term":[{"taxonomy":"product_brand","embeddable":true,"href":"https:\/\/hipnos.lv\/en\/wp-json\/wp\/v2\/product_brand?post=1292"},{"taxonomy":"product_cat","embeddable":true,"href":"https:\/\/hipnos.lv\/en\/wp-json\/wp\/v2\/product_cat?post=1292"},{"taxonomy":"product_tag","embeddable":true,"href":"https:\/\/hipnos.lv\/en\/wp-json\/wp\/v2\/product_tag?post=1292"}],"curies":[{"name":"wp","href":"https:\/\/api.w.org\/{rel}","templated":true}]}}