{"id":1288,"date":"2025-06-04T07:29:10","date_gmt":"2025-06-04T07:29:10","guid":{"rendered":"https:\/\/hipnos.lv\/?post_type=product&#038;p=1288"},"modified":"2025-11-04T07:07:42","modified_gmt":"2025-11-04T07:07:42","slug":"caro-pieejama-drizuma","status":"publish","type":"product","link":"https:\/\/hipnos.lv\/en\/product\/caro-pieejama-drizuma\/","title":{"rendered":"CARO klepus iek\u0101rta"},"content":{"rendered":"<p>CARO<\/p>\n<p>Elpojiet jebkur\u0101 viet\u0101. Klepo\u0161ana, kakla t\u012br\u012b\u0161ana: divas ikdieni\u0161\u0137as darb\u012bbas? Ne m\u016bsu pacientiem, kuru slim\u012bba ne\u013cauj vi\u0146iem to efekt\u012bvi dar\u012bt pa\u0161iem. \u0160eit n\u0101k klaj\u0101 CARO no z\u012bmola L\u00f6wenstein. CARO, k\u0101 patst\u0101v\u012bgs instruments, papla\u0161ina m\u016bsu elpo\u0161anas portfeli b\u016btiskaj\u0101 terapijas jom\u0101 \u2013 sekr\u0113ciju p\u0101rvald\u012bb\u0101. Sasaistot to ar LUISA, m\u0113s tagad pied\u0101v\u0101jam sist\u0113mas risin\u0101jumu m\u0101jas ventil\u0101cijai no viena avota: L\u00f6wenstein. Ar CARO j\u016bs izv\u0113laties p\u0101rbaud\u012btu kvalit\u0101ti, kas ra\u017eota V\u0101cij\u0101, un atbilst augst\u0101kajiem dro\u0161\u012bbas un uzticam\u012bbas standartiem.<\/p>\n","protected":false},"excerpt":{"rendered":"<p data-start=\"0\" data-end=\"21\"><strong data-start=\"0\" data-end=\"19\">CARO<\/strong><\/p>\n<p data-start=\"23\" data-end=\"327\" data-is-last-node=\"\" data-is-only-node=\"\">CARO no L\u00f6wenstein ir jauns, patst\u0101v\u012bgs risin\u0101jums sekr\u0113ciju p\u0101rvald\u012bbai pacientiem, kuri pa\u0161i nesp\u0113j efekt\u012bvi klepot vai t\u012br\u012bt kaklu. Savienojot to ar LUISA, tiek nodro\u0161in\u0101ts pilnv\u0113rt\u012bgs m\u0101jas ventil\u0101cijas risin\u0101jums no viena ra\u017eot\u0101ja. Ra\u017eots V\u0101cij\u0101, atbilst augstiem dro\u0161\u012bbas un kvalit\u0101tes standartiem.<\/p>\n","protected":false},"featured_media":1289,"comment_status":"open","ping_status":"closed","template":"","meta":{"_acf_changed":false,"inline_featured_image":false},"product_brand":[],"product_cat":[58],"product_tag":[],"class_list":{"0":"post-1288","1":"product","2":"type-product","3":"status-publish","4":"has-post-thumbnail","6":"product_cat-klepus-iekarta-lv","8":"first","9":"instock","10":"shipping-taxable","11":"purchasable","12":"product-type-simple"},"acf":[],"yoast_head":"<!-- This site is optimized with the Yoast SEO plugin v27.0 - https:\/\/yoast.com\/product\/yoast-seo-wordpress\/ -->\n<title>CARO klepus iek\u0101rta - Hipnos<\/title>\n<meta name=\"description\" content=\"CARO CARO no L\u00f6wenstein ir jauns, patst\u0101v\u012bgs risin\u0101jums sekr\u0113ciju p\u0101rvald\u012bbai pacientiem, kuri pa\u0161i nesp\u0113j efekt\u012bvi klepot vai t\u012br\u012bt kaklu. Savienojot to ar LUISA, tiek nodro\u0161in\u0101ts pilnv\u0113rt\u012bgs m\u0101jas ventil\u0101cijas risin\u0101jums no viena ra\u017eot\u0101ja. Ra\u017eots V\u0101cij\u0101, atbilst augstiem dro\u0161\u012bbas un kvalit\u0101tes standartiem.\" \/>\n<meta name=\"robots\" content=\"noindex, follow, max-snippet:-1, max-image-preview:large, max-video-preview:-1\" \/>\n<meta property=\"og:locale\" content=\"en_US\" \/>\n<meta property=\"og:type\" content=\"article\" \/>\n<meta property=\"og:title\" content=\"CARO klepus iek\u0101rta - Hipnos\" \/>\n<meta property=\"og:description\" content=\"CARO CARO no L\u00f6wenstein ir jauns, patst\u0101v\u012bgs risin\u0101jums sekr\u0113ciju p\u0101rvald\u012bbai pacientiem, kuri pa\u0161i nesp\u0113j efekt\u012bvi klepot vai t\u012br\u012bt kaklu. Savienojot to ar LUISA, tiek nodro\u0161in\u0101ts pilnv\u0113rt\u012bgs m\u0101jas ventil\u0101cijas risin\u0101jums no viena ra\u017eot\u0101ja. Ra\u017eots V\u0101cij\u0101, atbilst augstiem dro\u0161\u012bbas un kvalit\u0101tes standartiem.\" \/>\n<meta property=\"og:url\" content=\"https:\/\/hipnos.lv\/en\/product\/caro-pieejama-drizuma\/\" \/>\n<meta property=\"og:site_name\" content=\"Hipnos\" \/>\n<meta property=\"article:modified_time\" content=\"2025-11-04T07:07:42+00:00\" \/>\n<meta property=\"og:image\" content=\"https:\/\/hipnos.lv\/wp-content\/uploads\/2025\/06\/klepus-1024x1024.webp\" \/>\n\t<meta property=\"og:image:width\" content=\"1024\" \/>\n\t<meta property=\"og:image:height\" content=\"1024\" \/>\n\t<meta property=\"og:image:type\" content=\"image\/webp\" \/>\n<meta name=\"twitter:card\" content=\"summary_large_image\" \/>\n<meta name=\"twitter:label1\" content=\"Est. reading time\" \/>\n\t<meta name=\"twitter:data1\" content=\"1 minute\" \/>\n<script type=\"application\/ld+json\" class=\"yoast-schema-graph\">{\"@context\":\"https:\/\/schema.org\",\"@graph\":[{\"@type\":\"WebPage\",\"@id\":\"https:\/\/hipnos.lv\/en\/product\/caro-pieejama-drizuma\/\",\"url\":\"https:\/\/hipnos.lv\/en\/product\/caro-pieejama-drizuma\/\",\"name\":\"CARO klepus iek\u0101rta - Hipnos\",\"isPartOf\":{\"@id\":\"https:\/\/hipnos.lv\/en\/#website\"},\"primaryImageOfPage\":{\"@id\":\"https:\/\/hipnos.lv\/en\/product\/caro-pieejama-drizuma\/#primaryimage\"},\"image\":{\"@id\":\"https:\/\/hipnos.lv\/en\/product\/caro-pieejama-drizuma\/#primaryimage\"},\"thumbnailUrl\":\"https:\/\/hipnos.lv\/wp-content\/uploads\/2025\/06\/klepus-scaled.webp\",\"datePublished\":\"2025-06-04T07:29:10+00:00\",\"dateModified\":\"2025-11-04T07:07:42+00:00\",\"description\":\"CARO CARO no L\u00f6wenstein ir jauns, patst\u0101v\u012bgs risin\u0101jums sekr\u0113ciju p\u0101rvald\u012bbai pacientiem, kuri pa\u0161i nesp\u0113j efekt\u012bvi klepot vai t\u012br\u012bt kaklu. Savienojot to ar LUISA, tiek nodro\u0161in\u0101ts pilnv\u0113rt\u012bgs m\u0101jas ventil\u0101cijas risin\u0101jums no viena ra\u017eot\u0101ja. Ra\u017eots V\u0101cij\u0101, atbilst augstiem dro\u0161\u012bbas un kvalit\u0101tes standartiem.\",\"breadcrumb\":{\"@id\":\"https:\/\/hipnos.lv\/en\/product\/caro-pieejama-drizuma\/#breadcrumb\"},\"inLanguage\":\"en-US\",\"potentialAction\":[{\"@type\":\"ReadAction\",\"target\":[\"https:\/\/hipnos.lv\/en\/product\/caro-pieejama-drizuma\/\"]}]},{\"@type\":\"ImageObject\",\"inLanguage\":\"en-US\",\"@id\":\"https:\/\/hipnos.lv\/en\/product\/caro-pieejama-drizuma\/#primaryimage\",\"url\":\"https:\/\/hipnos.lv\/wp-content\/uploads\/2025\/06\/klepus-scaled.webp\",\"contentUrl\":\"https:\/\/hipnos.lv\/wp-content\/uploads\/2025\/06\/klepus-scaled.webp\",\"width\":2560,\"height\":2560},{\"@type\":\"BreadcrumbList\",\"@id\":\"https:\/\/hipnos.lv\/en\/product\/caro-pieejama-drizuma\/#breadcrumb\",\"itemListElement\":[{\"@type\":\"ListItem\",\"position\":1,\"name\":\"S\u0101kums\",\"item\":\"https:\/\/hipnos.lv\/en\/\"},{\"@type\":\"ListItem\",\"position\":2,\"name\":\"E\u2010Shop\",\"item\":\"https:\/\/hipnos.lv\/en\/shop\/\"},{\"@type\":\"ListItem\",\"position\":3,\"name\":\"CARO klepus iek\u0101rta\"}]},{\"@type\":\"WebSite\",\"@id\":\"https:\/\/hipnos.lv\/en\/#website\",\"url\":\"https:\/\/hipnos.lv\/en\/\",\"name\":\"Hipnos\",\"description\":\"\",\"potentialAction\":[{\"@type\":\"SearchAction\",\"target\":{\"@type\":\"EntryPoint\",\"urlTemplate\":\"https:\/\/hipnos.lv\/en\/?s={search_term_string}\"},\"query-input\":{\"@type\":\"PropertyValueSpecification\",\"valueRequired\":true,\"valueName\":\"search_term_string\"}}],\"inLanguage\":\"en-US\"}]}<\/script>\n<!-- \/ Yoast SEO plugin. -->","yoast_head_json":{"title":"CARO klepus iek\u0101rta - Hipnos","description":"CARO CARO no L\u00f6wenstein ir jauns, patst\u0101v\u012bgs risin\u0101jums sekr\u0113ciju p\u0101rvald\u012bbai pacientiem, kuri pa\u0161i nesp\u0113j efekt\u012bvi klepot vai t\u012br\u012bt kaklu. Savienojot to ar LUISA, tiek nodro\u0161in\u0101ts pilnv\u0113rt\u012bgs m\u0101jas ventil\u0101cijas risin\u0101jums no viena ra\u017eot\u0101ja. Ra\u017eots V\u0101cij\u0101, atbilst augstiem dro\u0161\u012bbas un kvalit\u0101tes standartiem.","robots":{"index":"noindex","follow":"follow","max-snippet":"max-snippet:-1","max-image-preview":"max-image-preview:large","max-video-preview":"max-video-preview:-1"},"og_locale":"en_US","og_type":"article","og_title":"CARO klepus iek\u0101rta - Hipnos","og_description":"CARO CARO no L\u00f6wenstein ir jauns, patst\u0101v\u012bgs risin\u0101jums sekr\u0113ciju p\u0101rvald\u012bbai pacientiem, kuri pa\u0161i nesp\u0113j efekt\u012bvi klepot vai t\u012br\u012bt kaklu. Savienojot to ar LUISA, tiek nodro\u0161in\u0101ts pilnv\u0113rt\u012bgs m\u0101jas ventil\u0101cijas risin\u0101jums no viena ra\u017eot\u0101ja. Ra\u017eots V\u0101cij\u0101, atbilst augstiem dro\u0161\u012bbas un kvalit\u0101tes standartiem.","og_url":"https:\/\/hipnos.lv\/en\/product\/caro-pieejama-drizuma\/","og_site_name":"Hipnos","article_modified_time":"2025-11-04T07:07:42+00:00","og_image":[{"width":1024,"height":1024,"url":"https:\/\/hipnos.lv\/wp-content\/uploads\/2025\/06\/klepus-1024x1024.webp","type":"image\/webp"}],"twitter_card":"summary_large_image","twitter_misc":{"Est. reading time":"1 minute"},"schema":{"@context":"https:\/\/schema.org","@graph":[{"@type":"WebPage","@id":"https:\/\/hipnos.lv\/en\/product\/caro-pieejama-drizuma\/","url":"https:\/\/hipnos.lv\/en\/product\/caro-pieejama-drizuma\/","name":"CARO klepus iek\u0101rta - Hipnos","isPartOf":{"@id":"https:\/\/hipnos.lv\/en\/#website"},"primaryImageOfPage":{"@id":"https:\/\/hipnos.lv\/en\/product\/caro-pieejama-drizuma\/#primaryimage"},"image":{"@id":"https:\/\/hipnos.lv\/en\/product\/caro-pieejama-drizuma\/#primaryimage"},"thumbnailUrl":"https:\/\/hipnos.lv\/wp-content\/uploads\/2025\/06\/klepus-scaled.webp","datePublished":"2025-06-04T07:29:10+00:00","dateModified":"2025-11-04T07:07:42+00:00","description":"CARO CARO no L\u00f6wenstein ir jauns, patst\u0101v\u012bgs risin\u0101jums sekr\u0113ciju p\u0101rvald\u012bbai pacientiem, kuri pa\u0161i nesp\u0113j efekt\u012bvi klepot vai t\u012br\u012bt kaklu. Savienojot to ar LUISA, tiek nodro\u0161in\u0101ts pilnv\u0113rt\u012bgs m\u0101jas ventil\u0101cijas risin\u0101jums no viena ra\u017eot\u0101ja. Ra\u017eots V\u0101cij\u0101, atbilst augstiem dro\u0161\u012bbas un kvalit\u0101tes standartiem.","breadcrumb":{"@id":"https:\/\/hipnos.lv\/en\/product\/caro-pieejama-drizuma\/#breadcrumb"},"inLanguage":"en-US","potentialAction":[{"@type":"ReadAction","target":["https:\/\/hipnos.lv\/en\/product\/caro-pieejama-drizuma\/"]}]},{"@type":"ImageObject","inLanguage":"en-US","@id":"https:\/\/hipnos.lv\/en\/product\/caro-pieejama-drizuma\/#primaryimage","url":"https:\/\/hipnos.lv\/wp-content\/uploads\/2025\/06\/klepus-scaled.webp","contentUrl":"https:\/\/hipnos.lv\/wp-content\/uploads\/2025\/06\/klepus-scaled.webp","width":2560,"height":2560},{"@type":"BreadcrumbList","@id":"https:\/\/hipnos.lv\/en\/product\/caro-pieejama-drizuma\/#breadcrumb","itemListElement":[{"@type":"ListItem","position":1,"name":"S\u0101kums","item":"https:\/\/hipnos.lv\/en\/"},{"@type":"ListItem","position":2,"name":"E\u2010Shop","item":"https:\/\/hipnos.lv\/en\/shop\/"},{"@type":"ListItem","position":3,"name":"CARO klepus iek\u0101rta"}]},{"@type":"WebSite","@id":"https:\/\/hipnos.lv\/en\/#website","url":"https:\/\/hipnos.lv\/en\/","name":"Hipnos","description":"","potentialAction":[{"@type":"SearchAction","target":{"@type":"EntryPoint","urlTemplate":"https:\/\/hipnos.lv\/en\/?s={search_term_string}"},"query-input":{"@type":"PropertyValueSpecification","valueRequired":true,"valueName":"search_term_string"}}],"inLanguage":"en-US"}]}},"_links":{"self":[{"href":"https:\/\/hipnos.lv\/en\/wp-json\/wp\/v2\/product\/1288","targetHints":{"allow":["GET"]}}],"collection":[{"href":"https:\/\/hipnos.lv\/en\/wp-json\/wp\/v2\/product"}],"about":[{"href":"https:\/\/hipnos.lv\/en\/wp-json\/wp\/v2\/types\/product"}],"replies":[{"embeddable":true,"href":"https:\/\/hipnos.lv\/en\/wp-json\/wp\/v2\/comments?post=1288"}],"wp:featuredmedia":[{"embeddable":true,"href":"https:\/\/hipnos.lv\/en\/wp-json\/wp\/v2\/media\/1289"}],"wp:attachment":[{"href":"https:\/\/hipnos.lv\/en\/wp-json\/wp\/v2\/media?parent=1288"}],"wp:term":[{"taxonomy":"product_brand","embeddable":true,"href":"https:\/\/hipnos.lv\/en\/wp-json\/wp\/v2\/product_brand?post=1288"},{"taxonomy":"product_cat","embeddable":true,"href":"https:\/\/hipnos.lv\/en\/wp-json\/wp\/v2\/product_cat?post=1288"},{"taxonomy":"product_tag","embeddable":true,"href":"https:\/\/hipnos.lv\/en\/wp-json\/wp\/v2\/product_tag?post=1288"}],"curies":[{"name":"wp","href":"https:\/\/api.w.org\/{rel}","templated":true}]}}