{"id":1259,"date":"2025-06-04T05:50:26","date_gmt":"2025-06-04T05:50:26","guid":{"rendered":"https:\/\/hipnos.lv\/?post_type=product&#038;p=1259"},"modified":"2025-06-12T11:51:01","modified_gmt":"2025-06-12T11:51:01","slug":"prisma-vent-aqua-mitrinatajs","status":"publish","type":"product","link":"https:\/\/hipnos.lv\/en\/product\/prisma-vent-aqua-mitrinatajs\/","title":{"rendered":"Prisma VENT aqua mitrin\u0101t\u0101js"},"content":{"rendered":"<p>Prisma VENT AQUA \u2013 akt\u012bva mitrin\u0101\u0161ana neinvaz\u012bvas ventil\u0113\u0161anas laik\u0101.<\/p>\n<p>Prisma VENT AQUA ir elpce\u013cu g\u0101zu mitrin\u0101t\u0101js neinvaz\u012bvai ventil\u0113\u0161anai. Ier\u012bce autom\u0101tiski nosaka savienojumu ar uzsild\u012btas caurules sist\u0113mu un temperat\u016bras sensoru, un s\u0101k darboties atbilsto\u0161\u0101 re\u017e\u012bm\u0101.\u00a0Viegli lietojamais prisma VENT AQUA ir apr\u012bkots ar pla\u0161u trauksmes st\u0101vok\u013cu kontroles sist\u0113mu.\u00a0Ir pieejams ar\u012b liels piederumu sortiments, ieskaitot caurul\u012btes un naz\u0101l\u0101s kaniles ventil\u0113\u0161anai un augstas pl\u016bsmas terapijai.<\/p>\n","protected":false},"excerpt":{"rendered":"<p>Prisma VENT AQUA ir elpce\u013cu g\u0101zu mitrin\u0101t\u0101js neinvaz\u012bvai ventil\u0113\u0161anai ar autom\u0101tisku re\u017e\u012bma iestat\u012b\u0161anu, trauksmes kontroles sist\u0113mu un pla\u0161u piederumu kl\u0101stu ventil\u0113\u0161anai un augstas pl\u016bsmas terapijai.<\/p>\n","protected":false},"featured_media":1260,"comment_status":"open","ping_status":"closed","template":"","meta":{"_acf_changed":false,"inline_featured_image":false},"product_brand":[],"product_cat":[92],"product_tag":[],"class_list":{"0":"post-1259","1":"product","2":"type-product","3":"status-publish","4":"has-post-thumbnail","6":"product_cat-aksesuari-un-rezerves-dalas","8":"first","9":"instock","10":"shipping-taxable","11":"purchasable","12":"product-type-simple"},"acf":[],"yoast_head":"<!-- This site is optimized with the Yoast SEO plugin v27.0 - https:\/\/yoast.com\/product\/yoast-seo-wordpress\/ -->\n<title>Prisma VENT aqua mitrin\u0101t\u0101js - Hipnos<\/title>\n<meta name=\"description\" content=\"Prisma VENT AQUA ir elpce\u013cu g\u0101zu mitrin\u0101t\u0101js neinvaz\u012bvai ventil\u0113\u0161anai ar autom\u0101tisku re\u017e\u012bma iestat\u012b\u0161anu, trauksmes kontroles sist\u0113mu un pla\u0161u piederumu kl\u0101stu ventil\u0113\u0161anai un augstas pl\u016bsmas terapijai.\" \/>\n<meta name=\"robots\" content=\"noindex, follow, max-snippet:-1, max-image-preview:large, max-video-preview:-1\" \/>\n<meta property=\"og:locale\" content=\"en_US\" \/>\n<meta property=\"og:type\" content=\"article\" \/>\n<meta property=\"og:title\" content=\"Prisma VENT aqua mitrin\u0101t\u0101js - Hipnos\" \/>\n<meta property=\"og:description\" content=\"Prisma VENT AQUA ir elpce\u013cu g\u0101zu mitrin\u0101t\u0101js neinvaz\u012bvai ventil\u0113\u0161anai ar autom\u0101tisku re\u017e\u012bma iestat\u012b\u0161anu, trauksmes kontroles sist\u0113mu un pla\u0161u piederumu kl\u0101stu ventil\u0113\u0161anai un augstas pl\u016bsmas terapijai.\" \/>\n<meta property=\"og:url\" content=\"https:\/\/hipnos.lv\/en\/product\/prisma-vent-aqua-mitrinatajs\/\" \/>\n<meta property=\"og:site_name\" content=\"Hipnos\" \/>\n<meta property=\"article:modified_time\" content=\"2025-06-12T11:51:01+00:00\" \/>\n<meta property=\"og:image\" content=\"https:\/\/hipnos.lv\/wp-content\/uploads\/2025\/06\/aqua-1.jpg\" \/>\n\t<meta property=\"og:image:width\" content=\"922\" \/>\n\t<meta property=\"og:image:height\" content=\"922\" \/>\n\t<meta property=\"og:image:type\" content=\"image\/jpeg\" \/>\n<meta name=\"twitter:card\" content=\"summary_large_image\" \/>\n<meta name=\"twitter:label1\" content=\"Est. reading time\" \/>\n\t<meta name=\"twitter:data1\" content=\"1 minute\" \/>\n<script type=\"application\/ld+json\" class=\"yoast-schema-graph\">{\"@context\":\"https:\/\/schema.org\",\"@graph\":[{\"@type\":\"WebPage\",\"@id\":\"https:\/\/hipnos.lv\/en\/product\/prisma-vent-aqua-mitrinatajs\/\",\"url\":\"https:\/\/hipnos.lv\/en\/product\/prisma-vent-aqua-mitrinatajs\/\",\"name\":\"Prisma VENT aqua mitrin\u0101t\u0101js - Hipnos\",\"isPartOf\":{\"@id\":\"https:\/\/hipnos.lv\/en\/#website\"},\"primaryImageOfPage\":{\"@id\":\"https:\/\/hipnos.lv\/en\/product\/prisma-vent-aqua-mitrinatajs\/#primaryimage\"},\"image\":{\"@id\":\"https:\/\/hipnos.lv\/en\/product\/prisma-vent-aqua-mitrinatajs\/#primaryimage\"},\"thumbnailUrl\":\"https:\/\/hipnos.lv\/wp-content\/uploads\/2025\/06\/aqua-1.jpg\",\"datePublished\":\"2025-06-04T05:50:26+00:00\",\"dateModified\":\"2025-06-12T11:51:01+00:00\",\"description\":\"Prisma VENT AQUA ir elpce\u013cu g\u0101zu mitrin\u0101t\u0101js neinvaz\u012bvai ventil\u0113\u0161anai ar autom\u0101tisku re\u017e\u012bma iestat\u012b\u0161anu, trauksmes kontroles sist\u0113mu un pla\u0161u piederumu kl\u0101stu ventil\u0113\u0161anai un augstas pl\u016bsmas terapijai.\",\"breadcrumb\":{\"@id\":\"https:\/\/hipnos.lv\/en\/product\/prisma-vent-aqua-mitrinatajs\/#breadcrumb\"},\"inLanguage\":\"en-US\",\"potentialAction\":[{\"@type\":\"ReadAction\",\"target\":[\"https:\/\/hipnos.lv\/en\/product\/prisma-vent-aqua-mitrinatajs\/\"]}]},{\"@type\":\"ImageObject\",\"inLanguage\":\"en-US\",\"@id\":\"https:\/\/hipnos.lv\/en\/product\/prisma-vent-aqua-mitrinatajs\/#primaryimage\",\"url\":\"https:\/\/hipnos.lv\/wp-content\/uploads\/2025\/06\/aqua-1.jpg\",\"contentUrl\":\"https:\/\/hipnos.lv\/wp-content\/uploads\/2025\/06\/aqua-1.jpg\",\"width\":922,\"height\":922},{\"@type\":\"BreadcrumbList\",\"@id\":\"https:\/\/hipnos.lv\/en\/product\/prisma-vent-aqua-mitrinatajs\/#breadcrumb\",\"itemListElement\":[{\"@type\":\"ListItem\",\"position\":1,\"name\":\"S\u0101kums\",\"item\":\"https:\/\/hipnos.lv\/en\/\"},{\"@type\":\"ListItem\",\"position\":2,\"name\":\"E\u2010Shop\",\"item\":\"https:\/\/hipnos.lv\/en\/shop\/\"},{\"@type\":\"ListItem\",\"position\":3,\"name\":\"Prisma VENT aqua mitrin\u0101t\u0101js\"}]},{\"@type\":\"WebSite\",\"@id\":\"https:\/\/hipnos.lv\/en\/#website\",\"url\":\"https:\/\/hipnos.lv\/en\/\",\"name\":\"Hipnos\",\"description\":\"\",\"potentialAction\":[{\"@type\":\"SearchAction\",\"target\":{\"@type\":\"EntryPoint\",\"urlTemplate\":\"https:\/\/hipnos.lv\/en\/?s={search_term_string}\"},\"query-input\":{\"@type\":\"PropertyValueSpecification\",\"valueRequired\":true,\"valueName\":\"search_term_string\"}}],\"inLanguage\":\"en-US\"}]}<\/script>\n<!-- \/ Yoast SEO plugin. -->","yoast_head_json":{"title":"Prisma VENT aqua mitrin\u0101t\u0101js - Hipnos","description":"Prisma VENT AQUA ir elpce\u013cu g\u0101zu mitrin\u0101t\u0101js neinvaz\u012bvai ventil\u0113\u0161anai ar autom\u0101tisku re\u017e\u012bma iestat\u012b\u0161anu, trauksmes kontroles sist\u0113mu un pla\u0161u piederumu kl\u0101stu ventil\u0113\u0161anai un augstas pl\u016bsmas terapijai.","robots":{"index":"noindex","follow":"follow","max-snippet":"max-snippet:-1","max-image-preview":"max-image-preview:large","max-video-preview":"max-video-preview:-1"},"og_locale":"en_US","og_type":"article","og_title":"Prisma VENT aqua mitrin\u0101t\u0101js - Hipnos","og_description":"Prisma VENT AQUA ir elpce\u013cu g\u0101zu mitrin\u0101t\u0101js neinvaz\u012bvai ventil\u0113\u0161anai ar autom\u0101tisku re\u017e\u012bma iestat\u012b\u0161anu, trauksmes kontroles sist\u0113mu un pla\u0161u piederumu kl\u0101stu ventil\u0113\u0161anai un augstas pl\u016bsmas terapijai.","og_url":"https:\/\/hipnos.lv\/en\/product\/prisma-vent-aqua-mitrinatajs\/","og_site_name":"Hipnos","article_modified_time":"2025-06-12T11:51:01+00:00","og_image":[{"width":922,"height":922,"url":"https:\/\/hipnos.lv\/wp-content\/uploads\/2025\/06\/aqua-1.jpg","type":"image\/jpeg"}],"twitter_card":"summary_large_image","twitter_misc":{"Est. reading time":"1 minute"},"schema":{"@context":"https:\/\/schema.org","@graph":[{"@type":"WebPage","@id":"https:\/\/hipnos.lv\/en\/product\/prisma-vent-aqua-mitrinatajs\/","url":"https:\/\/hipnos.lv\/en\/product\/prisma-vent-aqua-mitrinatajs\/","name":"Prisma VENT aqua mitrin\u0101t\u0101js - Hipnos","isPartOf":{"@id":"https:\/\/hipnos.lv\/en\/#website"},"primaryImageOfPage":{"@id":"https:\/\/hipnos.lv\/en\/product\/prisma-vent-aqua-mitrinatajs\/#primaryimage"},"image":{"@id":"https:\/\/hipnos.lv\/en\/product\/prisma-vent-aqua-mitrinatajs\/#primaryimage"},"thumbnailUrl":"https:\/\/hipnos.lv\/wp-content\/uploads\/2025\/06\/aqua-1.jpg","datePublished":"2025-06-04T05:50:26+00:00","dateModified":"2025-06-12T11:51:01+00:00","description":"Prisma VENT AQUA ir elpce\u013cu g\u0101zu mitrin\u0101t\u0101js neinvaz\u012bvai ventil\u0113\u0161anai ar autom\u0101tisku re\u017e\u012bma iestat\u012b\u0161anu, trauksmes kontroles sist\u0113mu un pla\u0161u piederumu kl\u0101stu ventil\u0113\u0161anai un augstas pl\u016bsmas terapijai.","breadcrumb":{"@id":"https:\/\/hipnos.lv\/en\/product\/prisma-vent-aqua-mitrinatajs\/#breadcrumb"},"inLanguage":"en-US","potentialAction":[{"@type":"ReadAction","target":["https:\/\/hipnos.lv\/en\/product\/prisma-vent-aqua-mitrinatajs\/"]}]},{"@type":"ImageObject","inLanguage":"en-US","@id":"https:\/\/hipnos.lv\/en\/product\/prisma-vent-aqua-mitrinatajs\/#primaryimage","url":"https:\/\/hipnos.lv\/wp-content\/uploads\/2025\/06\/aqua-1.jpg","contentUrl":"https:\/\/hipnos.lv\/wp-content\/uploads\/2025\/06\/aqua-1.jpg","width":922,"height":922},{"@type":"BreadcrumbList","@id":"https:\/\/hipnos.lv\/en\/product\/prisma-vent-aqua-mitrinatajs\/#breadcrumb","itemListElement":[{"@type":"ListItem","position":1,"name":"S\u0101kums","item":"https:\/\/hipnos.lv\/en\/"},{"@type":"ListItem","position":2,"name":"E\u2010Shop","item":"https:\/\/hipnos.lv\/en\/shop\/"},{"@type":"ListItem","position":3,"name":"Prisma VENT aqua mitrin\u0101t\u0101js"}]},{"@type":"WebSite","@id":"https:\/\/hipnos.lv\/en\/#website","url":"https:\/\/hipnos.lv\/en\/","name":"Hipnos","description":"","potentialAction":[{"@type":"SearchAction","target":{"@type":"EntryPoint","urlTemplate":"https:\/\/hipnos.lv\/en\/?s={search_term_string}"},"query-input":{"@type":"PropertyValueSpecification","valueRequired":true,"valueName":"search_term_string"}}],"inLanguage":"en-US"}]}},"_links":{"self":[{"href":"https:\/\/hipnos.lv\/en\/wp-json\/wp\/v2\/product\/1259","targetHints":{"allow":["GET"]}}],"collection":[{"href":"https:\/\/hipnos.lv\/en\/wp-json\/wp\/v2\/product"}],"about":[{"href":"https:\/\/hipnos.lv\/en\/wp-json\/wp\/v2\/types\/product"}],"replies":[{"embeddable":true,"href":"https:\/\/hipnos.lv\/en\/wp-json\/wp\/v2\/comments?post=1259"}],"wp:featuredmedia":[{"embeddable":true,"href":"https:\/\/hipnos.lv\/en\/wp-json\/wp\/v2\/media\/1260"}],"wp:attachment":[{"href":"https:\/\/hipnos.lv\/en\/wp-json\/wp\/v2\/media?parent=1259"}],"wp:term":[{"taxonomy":"product_brand","embeddable":true,"href":"https:\/\/hipnos.lv\/en\/wp-json\/wp\/v2\/product_brand?post=1259"},{"taxonomy":"product_cat","embeddable":true,"href":"https:\/\/hipnos.lv\/en\/wp-json\/wp\/v2\/product_cat?post=1259"},{"taxonomy":"product_tag","embeddable":true,"href":"https:\/\/hipnos.lv\/en\/wp-json\/wp\/v2\/product_tag?post=1259"}],"curies":[{"name":"wp","href":"https:\/\/api.w.org\/{rel}","templated":true}]}}