{"id":1228,"date":"2025-06-03T11:40:39","date_gmt":"2025-06-03T11:40:39","guid":{"rendered":"https:\/\/hipnos.lv\/?post_type=product&#038;p=1228"},"modified":"2025-06-12T08:22:50","modified_gmt":"2025-06-12T08:22:50","slug":"joyce-one-deguna-maskas-gumija","status":"publish","type":"product","link":"https:\/\/hipnos.lv\/en\/product\/joyce-one-deguna-maskas-gumija\/","title":{"rendered":"JOYCEone deguna maskas gumija"},"content":{"rendered":"<p>JOYCEone deguna maskas gumija.<\/p>\n<p><strong>Lai saglab\u0101tu labus CPAP terapijas lieto\u0161anas rezult\u0101tus gumiju iesak\u0101m main\u012bt katrus 6 m\u0113ne\u0161us.<\/strong><\/p>\n","protected":false},"excerpt":{"rendered":"<p>JOYCEone deguna maskas gumija.<\/p>\n","protected":false},"featured_media":1229,"comment_status":"open","ping_status":"closed","template":"","meta":{"_acf_changed":false,"inline_featured_image":false},"product_brand":[],"product_cat":[90],"product_tag":[],"class_list":{"0":"post-1228","1":"product","2":"type-product","3":"status-publish","4":"has-post-thumbnail","6":"product_cat-masku-rezerves-dalas","8":"first","9":"instock","10":"shipping-taxable","11":"purchasable","12":"product-type-simple"},"acf":[],"yoast_head":"<!-- This site is optimized with the Yoast SEO plugin v27.0 - https:\/\/yoast.com\/product\/yoast-seo-wordpress\/ -->\n<title>JOYCEone deguna maskas gumija - Hipnos<\/title>\n<meta name=\"description\" content=\"JoyceOne deguna maskas gumija. Lai saglab\u0101tu labus CPAP terapijas lieto\u0161anas rezult\u0101tus gumiju iesak\u0101m main\u012bt katrus 6 m\u0113ne\u0161us.\" \/>\n<meta name=\"robots\" content=\"noindex, follow, max-snippet:-1, max-image-preview:large, max-video-preview:-1\" \/>\n<meta property=\"og:locale\" content=\"en_US\" \/>\n<meta property=\"og:type\" content=\"article\" \/>\n<meta property=\"og:title\" content=\"JOYCEone deguna maskas gumija - Hipnos\" \/>\n<meta property=\"og:description\" content=\"JoyceOne deguna maskas gumija. Lai saglab\u0101tu labus CPAP terapijas lieto\u0161anas rezult\u0101tus gumiju iesak\u0101m main\u012bt katrus 6 m\u0113ne\u0161us.\" \/>\n<meta property=\"og:url\" content=\"https:\/\/hipnos.lv\/en\/product\/joyce-one-deguna-maskas-gumija\/\" \/>\n<meta property=\"og:site_name\" content=\"Hipnos\" \/>\n<meta property=\"article:modified_time\" content=\"2025-06-12T08:22:50+00:00\" \/>\n<meta property=\"og:image\" content=\"https:\/\/hipnos.lv\/wp-content\/uploads\/2025\/06\/spilvens-3.png\" \/>\n\t<meta property=\"og:image:width\" content=\"300\" \/>\n\t<meta property=\"og:image:height\" content=\"282\" \/>\n\t<meta property=\"og:image:type\" content=\"image\/png\" \/>\n<meta name=\"twitter:card\" content=\"summary_large_image\" \/>\n<meta name=\"twitter:label1\" content=\"Est. reading time\" \/>\n\t<meta name=\"twitter:data1\" content=\"1 minute\" \/>\n<script type=\"application\/ld+json\" class=\"yoast-schema-graph\">{\"@context\":\"https:\/\/schema.org\",\"@graph\":[{\"@type\":\"WebPage\",\"@id\":\"https:\/\/hipnos.lv\/en\/product\/joyce-one-deguna-maskas-gumija\/\",\"url\":\"https:\/\/hipnos.lv\/en\/product\/joyce-one-deguna-maskas-gumija\/\",\"name\":\"JOYCEone deguna maskas gumija - Hipnos\",\"isPartOf\":{\"@id\":\"https:\/\/hipnos.lv\/en\/#website\"},\"primaryImageOfPage\":{\"@id\":\"https:\/\/hipnos.lv\/en\/product\/joyce-one-deguna-maskas-gumija\/#primaryimage\"},\"image\":{\"@id\":\"https:\/\/hipnos.lv\/en\/product\/joyce-one-deguna-maskas-gumija\/#primaryimage\"},\"thumbnailUrl\":\"https:\/\/hipnos.lv\/wp-content\/uploads\/2025\/06\/spilvens-3.png\",\"datePublished\":\"2025-06-03T11:40:39+00:00\",\"dateModified\":\"2025-06-12T08:22:50+00:00\",\"description\":\"JoyceOne deguna maskas gumija. Lai saglab\u0101tu labus CPAP terapijas lieto\u0161anas rezult\u0101tus gumiju iesak\u0101m main\u012bt katrus 6 m\u0113ne\u0161us.\",\"breadcrumb\":{\"@id\":\"https:\/\/hipnos.lv\/en\/product\/joyce-one-deguna-maskas-gumija\/#breadcrumb\"},\"inLanguage\":\"en-US\",\"potentialAction\":[{\"@type\":\"ReadAction\",\"target\":[\"https:\/\/hipnos.lv\/en\/product\/joyce-one-deguna-maskas-gumija\/\"]}]},{\"@type\":\"ImageObject\",\"inLanguage\":\"en-US\",\"@id\":\"https:\/\/hipnos.lv\/en\/product\/joyce-one-deguna-maskas-gumija\/#primaryimage\",\"url\":\"https:\/\/hipnos.lv\/wp-content\/uploads\/2025\/06\/spilvens-3.png\",\"contentUrl\":\"https:\/\/hipnos.lv\/wp-content\/uploads\/2025\/06\/spilvens-3.png\",\"width\":300,\"height\":282},{\"@type\":\"BreadcrumbList\",\"@id\":\"https:\/\/hipnos.lv\/en\/product\/joyce-one-deguna-maskas-gumija\/#breadcrumb\",\"itemListElement\":[{\"@type\":\"ListItem\",\"position\":1,\"name\":\"S\u0101kums\",\"item\":\"https:\/\/hipnos.lv\/en\/\"},{\"@type\":\"ListItem\",\"position\":2,\"name\":\"E\u2010Shop\",\"item\":\"https:\/\/hipnos.lv\/en\/shop\/\"},{\"@type\":\"ListItem\",\"position\":3,\"name\":\"JOYCEone deguna maskas gumija\"}]},{\"@type\":\"WebSite\",\"@id\":\"https:\/\/hipnos.lv\/en\/#website\",\"url\":\"https:\/\/hipnos.lv\/en\/\",\"name\":\"Hipnos\",\"description\":\"\",\"potentialAction\":[{\"@type\":\"SearchAction\",\"target\":{\"@type\":\"EntryPoint\",\"urlTemplate\":\"https:\/\/hipnos.lv\/en\/?s={search_term_string}\"},\"query-input\":{\"@type\":\"PropertyValueSpecification\",\"valueRequired\":true,\"valueName\":\"search_term_string\"}}],\"inLanguage\":\"en-US\"}]}<\/script>\n<!-- \/ Yoast SEO plugin. -->","yoast_head_json":{"title":"JOYCEone deguna maskas gumija - Hipnos","description":"JoyceOne deguna maskas gumija. Lai saglab\u0101tu labus CPAP terapijas lieto\u0161anas rezult\u0101tus gumiju iesak\u0101m main\u012bt katrus 6 m\u0113ne\u0161us.","robots":{"index":"noindex","follow":"follow","max-snippet":"max-snippet:-1","max-image-preview":"max-image-preview:large","max-video-preview":"max-video-preview:-1"},"og_locale":"en_US","og_type":"article","og_title":"JOYCEone deguna maskas gumija - Hipnos","og_description":"JoyceOne deguna maskas gumija. Lai saglab\u0101tu labus CPAP terapijas lieto\u0161anas rezult\u0101tus gumiju iesak\u0101m main\u012bt katrus 6 m\u0113ne\u0161us.","og_url":"https:\/\/hipnos.lv\/en\/product\/joyce-one-deguna-maskas-gumija\/","og_site_name":"Hipnos","article_modified_time":"2025-06-12T08:22:50+00:00","og_image":[{"width":300,"height":282,"url":"https:\/\/hipnos.lv\/wp-content\/uploads\/2025\/06\/spilvens-3.png","type":"image\/png"}],"twitter_card":"summary_large_image","twitter_misc":{"Est. reading time":"1 minute"},"schema":{"@context":"https:\/\/schema.org","@graph":[{"@type":"WebPage","@id":"https:\/\/hipnos.lv\/en\/product\/joyce-one-deguna-maskas-gumija\/","url":"https:\/\/hipnos.lv\/en\/product\/joyce-one-deguna-maskas-gumija\/","name":"JOYCEone deguna maskas gumija - Hipnos","isPartOf":{"@id":"https:\/\/hipnos.lv\/en\/#website"},"primaryImageOfPage":{"@id":"https:\/\/hipnos.lv\/en\/product\/joyce-one-deguna-maskas-gumija\/#primaryimage"},"image":{"@id":"https:\/\/hipnos.lv\/en\/product\/joyce-one-deguna-maskas-gumija\/#primaryimage"},"thumbnailUrl":"https:\/\/hipnos.lv\/wp-content\/uploads\/2025\/06\/spilvens-3.png","datePublished":"2025-06-03T11:40:39+00:00","dateModified":"2025-06-12T08:22:50+00:00","description":"JoyceOne deguna maskas gumija. Lai saglab\u0101tu labus CPAP terapijas lieto\u0161anas rezult\u0101tus gumiju iesak\u0101m main\u012bt katrus 6 m\u0113ne\u0161us.","breadcrumb":{"@id":"https:\/\/hipnos.lv\/en\/product\/joyce-one-deguna-maskas-gumija\/#breadcrumb"},"inLanguage":"en-US","potentialAction":[{"@type":"ReadAction","target":["https:\/\/hipnos.lv\/en\/product\/joyce-one-deguna-maskas-gumija\/"]}]},{"@type":"ImageObject","inLanguage":"en-US","@id":"https:\/\/hipnos.lv\/en\/product\/joyce-one-deguna-maskas-gumija\/#primaryimage","url":"https:\/\/hipnos.lv\/wp-content\/uploads\/2025\/06\/spilvens-3.png","contentUrl":"https:\/\/hipnos.lv\/wp-content\/uploads\/2025\/06\/spilvens-3.png","width":300,"height":282},{"@type":"BreadcrumbList","@id":"https:\/\/hipnos.lv\/en\/product\/joyce-one-deguna-maskas-gumija\/#breadcrumb","itemListElement":[{"@type":"ListItem","position":1,"name":"S\u0101kums","item":"https:\/\/hipnos.lv\/en\/"},{"@type":"ListItem","position":2,"name":"E\u2010Shop","item":"https:\/\/hipnos.lv\/en\/shop\/"},{"@type":"ListItem","position":3,"name":"JOYCEone deguna maskas gumija"}]},{"@type":"WebSite","@id":"https:\/\/hipnos.lv\/en\/#website","url":"https:\/\/hipnos.lv\/en\/","name":"Hipnos","description":"","potentialAction":[{"@type":"SearchAction","target":{"@type":"EntryPoint","urlTemplate":"https:\/\/hipnos.lv\/en\/?s={search_term_string}"},"query-input":{"@type":"PropertyValueSpecification","valueRequired":true,"valueName":"search_term_string"}}],"inLanguage":"en-US"}]}},"_links":{"self":[{"href":"https:\/\/hipnos.lv\/en\/wp-json\/wp\/v2\/product\/1228","targetHints":{"allow":["GET"]}}],"collection":[{"href":"https:\/\/hipnos.lv\/en\/wp-json\/wp\/v2\/product"}],"about":[{"href":"https:\/\/hipnos.lv\/en\/wp-json\/wp\/v2\/types\/product"}],"replies":[{"embeddable":true,"href":"https:\/\/hipnos.lv\/en\/wp-json\/wp\/v2\/comments?post=1228"}],"wp:featuredmedia":[{"embeddable":true,"href":"https:\/\/hipnos.lv\/en\/wp-json\/wp\/v2\/media\/1229"}],"wp:attachment":[{"href":"https:\/\/hipnos.lv\/en\/wp-json\/wp\/v2\/media?parent=1228"}],"wp:term":[{"taxonomy":"product_brand","embeddable":true,"href":"https:\/\/hipnos.lv\/en\/wp-json\/wp\/v2\/product_brand?post=1228"},{"taxonomy":"product_cat","embeddable":true,"href":"https:\/\/hipnos.lv\/en\/wp-json\/wp\/v2\/product_cat?post=1228"},{"taxonomy":"product_tag","embeddable":true,"href":"https:\/\/hipnos.lv\/en\/wp-json\/wp\/v2\/product_tag?post=1228"}],"curies":[{"name":"wp","href":"https:\/\/api.w.org\/{rel}","templated":true}]}}