{"id":1220,"date":"2025-06-03T11:31:46","date_gmt":"2025-06-03T11:31:46","guid":{"rendered":"https:\/\/hipnos.lv\/?post_type=product&#038;p=1220"},"modified":"2025-06-12T08:18:35","modified_gmt":"2025-06-12T08:18:35","slug":"resmed-p10-nasal-pillow","status":"publish","type":"product","link":"https:\/\/hipnos.lv\/en\/product\/resmed-p10-nasal-pillow\/","title":{"rendered":"ResMed P10 deguna spilvena maska"},"content":{"rendered":"<p>\u0160\u012b maska minim\u0101li pieskaras sejai un l\u012bdz ar to lieto\u0161anu padara pat\u012bkam\u0101ku un \u0113rt\u0101ku. Maskai nav nevienas cietas plastmasas deta\u013cas. Maska piem\u0113rota lieto\u0161anai ar maziem terapijas spiedieniem. Komplekt\u0101 visi tr\u012bs izm\u0113ri S;M;L.<\/p>\n","protected":false},"excerpt":{"rendered":"<p>\u0160\u012b maska minim\u0101li pieskaras sejai un l\u012bdz ar to lieto\u0161anu padara pat\u012bkam\u0101ku un \u0113rt\u0101ku. Maskai nav nevienas cietas plastmasas deta\u013cas. Maska piem\u0113rota lieto\u0161anai ar maziem terapijas spiedieniem.<\/p>\n","protected":false},"featured_media":1223,"comment_status":"open","ping_status":"closed","template":"","meta":{"_acf_changed":false,"inline_featured_image":false},"product_brand":[],"product_cat":[88],"product_tag":[],"class_list":{"0":"post-1220","1":"product","2":"type-product","3":"status-publish","4":"has-post-thumbnail","6":"product_cat-deguna-maskas","8":"first","9":"instock","10":"shipping-taxable","11":"purchasable","12":"product-type-simple"},"acf":[],"yoast_head":"<!-- This site is optimized with the Yoast SEO plugin v27.0 - https:\/\/yoast.com\/product\/yoast-seo-wordpress\/ -->\n<title>ResMed P10 deguna spilvena maska - Hipnos<\/title>\n<meta name=\"description\" content=\"\u0160\u012b maska minim\u0101li pieskaras sejai un l\u012bdz ar to lieto\u0161anu padara pat\u012bkam\u0101ku un \u0113rt\u0101ku. Maskai nav nevienas cietas plastmasas deta\u013cas. Maska piem\u0113rota lieto\u0161anai ar maziem terapijas spiedieniem.\" \/>\n<meta name=\"robots\" content=\"noindex, follow, max-snippet:-1, max-image-preview:large, max-video-preview:-1\" \/>\n<meta property=\"og:locale\" content=\"en_US\" \/>\n<meta property=\"og:type\" content=\"article\" \/>\n<meta property=\"og:title\" content=\"ResMed P10 deguna spilvena maska - Hipnos\" \/>\n<meta property=\"og:description\" content=\"\u0160\u012b maska minim\u0101li pieskaras sejai un l\u012bdz ar to lieto\u0161anu padara pat\u012bkam\u0101ku un \u0113rt\u0101ku. Maskai nav nevienas cietas plastmasas deta\u013cas. Maska piem\u0113rota lieto\u0161anai ar maziem terapijas spiedieniem.\" \/>\n<meta property=\"og:url\" content=\"https:\/\/hipnos.lv\/en\/product\/resmed-p10-nasal-pillow\/\" \/>\n<meta property=\"og:site_name\" content=\"Hipnos\" \/>\n<meta property=\"article:modified_time\" content=\"2025-06-12T08:18:35+00:00\" \/>\n<meta property=\"og:image\" content=\"https:\/\/hipnos.lv\/wp-content\/uploads\/2025\/06\/P10-1.jpg\" \/>\n\t<meta property=\"og:image:width\" content=\"800\" \/>\n\t<meta property=\"og:image:height\" content=\"600\" \/>\n\t<meta property=\"og:image:type\" content=\"image\/jpeg\" \/>\n<meta name=\"twitter:card\" content=\"summary_large_image\" \/>\n<meta name=\"twitter:label1\" content=\"Est. reading time\" \/>\n\t<meta name=\"twitter:data1\" content=\"1 minute\" \/>\n<script type=\"application\/ld+json\" class=\"yoast-schema-graph\">{\"@context\":\"https:\/\/schema.org\",\"@graph\":[{\"@type\":\"WebPage\",\"@id\":\"https:\/\/hipnos.lv\/en\/product\/resmed-p10-nasal-pillow\/\",\"url\":\"https:\/\/hipnos.lv\/en\/product\/resmed-p10-nasal-pillow\/\",\"name\":\"ResMed P10 deguna spilvena maska - Hipnos\",\"isPartOf\":{\"@id\":\"https:\/\/hipnos.lv\/en\/#website\"},\"primaryImageOfPage\":{\"@id\":\"https:\/\/hipnos.lv\/en\/product\/resmed-p10-nasal-pillow\/#primaryimage\"},\"image\":{\"@id\":\"https:\/\/hipnos.lv\/en\/product\/resmed-p10-nasal-pillow\/#primaryimage\"},\"thumbnailUrl\":\"https:\/\/hipnos.lv\/wp-content\/uploads\/2025\/06\/P10-1.jpg\",\"datePublished\":\"2025-06-03T11:31:46+00:00\",\"dateModified\":\"2025-06-12T08:18:35+00:00\",\"description\":\"\u0160\u012b maska minim\u0101li pieskaras sejai un l\u012bdz ar to lieto\u0161anu padara pat\u012bkam\u0101ku un \u0113rt\u0101ku. Maskai nav nevienas cietas plastmasas deta\u013cas. Maska piem\u0113rota lieto\u0161anai ar maziem terapijas spiedieniem.\",\"breadcrumb\":{\"@id\":\"https:\/\/hipnos.lv\/en\/product\/resmed-p10-nasal-pillow\/#breadcrumb\"},\"inLanguage\":\"en-US\",\"potentialAction\":[{\"@type\":\"ReadAction\",\"target\":[\"https:\/\/hipnos.lv\/en\/product\/resmed-p10-nasal-pillow\/\"]}]},{\"@type\":\"ImageObject\",\"inLanguage\":\"en-US\",\"@id\":\"https:\/\/hipnos.lv\/en\/product\/resmed-p10-nasal-pillow\/#primaryimage\",\"url\":\"https:\/\/hipnos.lv\/wp-content\/uploads\/2025\/06\/P10-1.jpg\",\"contentUrl\":\"https:\/\/hipnos.lv\/wp-content\/uploads\/2025\/06\/P10-1.jpg\",\"width\":800,\"height\":600},{\"@type\":\"BreadcrumbList\",\"@id\":\"https:\/\/hipnos.lv\/en\/product\/resmed-p10-nasal-pillow\/#breadcrumb\",\"itemListElement\":[{\"@type\":\"ListItem\",\"position\":1,\"name\":\"S\u0101kums\",\"item\":\"https:\/\/hipnos.lv\/en\/\"},{\"@type\":\"ListItem\",\"position\":2,\"name\":\"E\u2010Shop\",\"item\":\"https:\/\/hipnos.lv\/en\/shop\/\"},{\"@type\":\"ListItem\",\"position\":3,\"name\":\"ResMed P10 deguna spilvena maska\"}]},{\"@type\":\"WebSite\",\"@id\":\"https:\/\/hipnos.lv\/en\/#website\",\"url\":\"https:\/\/hipnos.lv\/en\/\",\"name\":\"Hipnos\",\"description\":\"\",\"potentialAction\":[{\"@type\":\"SearchAction\",\"target\":{\"@type\":\"EntryPoint\",\"urlTemplate\":\"https:\/\/hipnos.lv\/en\/?s={search_term_string}\"},\"query-input\":{\"@type\":\"PropertyValueSpecification\",\"valueRequired\":true,\"valueName\":\"search_term_string\"}}],\"inLanguage\":\"en-US\"}]}<\/script>\n<!-- \/ Yoast SEO plugin. -->","yoast_head_json":{"title":"ResMed P10 deguna spilvena maska - Hipnos","description":"\u0160\u012b maska minim\u0101li pieskaras sejai un l\u012bdz ar to lieto\u0161anu padara pat\u012bkam\u0101ku un \u0113rt\u0101ku. Maskai nav nevienas cietas plastmasas deta\u013cas. Maska piem\u0113rota lieto\u0161anai ar maziem terapijas spiedieniem.","robots":{"index":"noindex","follow":"follow","max-snippet":"max-snippet:-1","max-image-preview":"max-image-preview:large","max-video-preview":"max-video-preview:-1"},"og_locale":"en_US","og_type":"article","og_title":"ResMed P10 deguna spilvena maska - Hipnos","og_description":"\u0160\u012b maska minim\u0101li pieskaras sejai un l\u012bdz ar to lieto\u0161anu padara pat\u012bkam\u0101ku un \u0113rt\u0101ku. Maskai nav nevienas cietas plastmasas deta\u013cas. Maska piem\u0113rota lieto\u0161anai ar maziem terapijas spiedieniem.","og_url":"https:\/\/hipnos.lv\/en\/product\/resmed-p10-nasal-pillow\/","og_site_name":"Hipnos","article_modified_time":"2025-06-12T08:18:35+00:00","og_image":[{"width":800,"height":600,"url":"https:\/\/hipnos.lv\/wp-content\/uploads\/2025\/06\/P10-1.jpg","type":"image\/jpeg"}],"twitter_card":"summary_large_image","twitter_misc":{"Est. reading time":"1 minute"},"schema":{"@context":"https:\/\/schema.org","@graph":[{"@type":"WebPage","@id":"https:\/\/hipnos.lv\/en\/product\/resmed-p10-nasal-pillow\/","url":"https:\/\/hipnos.lv\/en\/product\/resmed-p10-nasal-pillow\/","name":"ResMed P10 deguna spilvena maska - Hipnos","isPartOf":{"@id":"https:\/\/hipnos.lv\/en\/#website"},"primaryImageOfPage":{"@id":"https:\/\/hipnos.lv\/en\/product\/resmed-p10-nasal-pillow\/#primaryimage"},"image":{"@id":"https:\/\/hipnos.lv\/en\/product\/resmed-p10-nasal-pillow\/#primaryimage"},"thumbnailUrl":"https:\/\/hipnos.lv\/wp-content\/uploads\/2025\/06\/P10-1.jpg","datePublished":"2025-06-03T11:31:46+00:00","dateModified":"2025-06-12T08:18:35+00:00","description":"\u0160\u012b maska minim\u0101li pieskaras sejai un l\u012bdz ar to lieto\u0161anu padara pat\u012bkam\u0101ku un \u0113rt\u0101ku. Maskai nav nevienas cietas plastmasas deta\u013cas. Maska piem\u0113rota lieto\u0161anai ar maziem terapijas spiedieniem.","breadcrumb":{"@id":"https:\/\/hipnos.lv\/en\/product\/resmed-p10-nasal-pillow\/#breadcrumb"},"inLanguage":"en-US","potentialAction":[{"@type":"ReadAction","target":["https:\/\/hipnos.lv\/en\/product\/resmed-p10-nasal-pillow\/"]}]},{"@type":"ImageObject","inLanguage":"en-US","@id":"https:\/\/hipnos.lv\/en\/product\/resmed-p10-nasal-pillow\/#primaryimage","url":"https:\/\/hipnos.lv\/wp-content\/uploads\/2025\/06\/P10-1.jpg","contentUrl":"https:\/\/hipnos.lv\/wp-content\/uploads\/2025\/06\/P10-1.jpg","width":800,"height":600},{"@type":"BreadcrumbList","@id":"https:\/\/hipnos.lv\/en\/product\/resmed-p10-nasal-pillow\/#breadcrumb","itemListElement":[{"@type":"ListItem","position":1,"name":"S\u0101kums","item":"https:\/\/hipnos.lv\/en\/"},{"@type":"ListItem","position":2,"name":"E\u2010Shop","item":"https:\/\/hipnos.lv\/en\/shop\/"},{"@type":"ListItem","position":3,"name":"ResMed P10 deguna spilvena maska"}]},{"@type":"WebSite","@id":"https:\/\/hipnos.lv\/en\/#website","url":"https:\/\/hipnos.lv\/en\/","name":"Hipnos","description":"","potentialAction":[{"@type":"SearchAction","target":{"@type":"EntryPoint","urlTemplate":"https:\/\/hipnos.lv\/en\/?s={search_term_string}"},"query-input":{"@type":"PropertyValueSpecification","valueRequired":true,"valueName":"search_term_string"}}],"inLanguage":"en-US"}]}},"_links":{"self":[{"href":"https:\/\/hipnos.lv\/en\/wp-json\/wp\/v2\/product\/1220","targetHints":{"allow":["GET"]}}],"collection":[{"href":"https:\/\/hipnos.lv\/en\/wp-json\/wp\/v2\/product"}],"about":[{"href":"https:\/\/hipnos.lv\/en\/wp-json\/wp\/v2\/types\/product"}],"replies":[{"embeddable":true,"href":"https:\/\/hipnos.lv\/en\/wp-json\/wp\/v2\/comments?post=1220"}],"wp:featuredmedia":[{"embeddable":true,"href":"https:\/\/hipnos.lv\/en\/wp-json\/wp\/v2\/media\/1223"}],"wp:attachment":[{"href":"https:\/\/hipnos.lv\/en\/wp-json\/wp\/v2\/media?parent=1220"}],"wp:term":[{"taxonomy":"product_brand","embeddable":true,"href":"https:\/\/hipnos.lv\/en\/wp-json\/wp\/v2\/product_brand?post=1220"},{"taxonomy":"product_cat","embeddable":true,"href":"https:\/\/hipnos.lv\/en\/wp-json\/wp\/v2\/product_cat?post=1220"},{"taxonomy":"product_tag","embeddable":true,"href":"https:\/\/hipnos.lv\/en\/wp-json\/wp\/v2\/product_tag?post=1220"}],"curies":[{"name":"wp","href":"https:\/\/api.w.org\/{rel}","templated":true}]}}