{"id":1209,"date":"2025-06-03T10:58:07","date_gmt":"2025-06-03T10:58:07","guid":{"rendered":"https:\/\/hipnos.lv\/?post_type=product&#038;p=1209"},"modified":"2025-10-02T06:40:11","modified_gmt":"2025-10-02T06:40:11","slug":"resmed-airfit-n30i","status":"publish","type":"product","link":"https:\/\/hipnos.lv\/en\/product\/resmed-airfit-n30i\/","title":{"rendered":"ResMed AirFit N30i deguna spilvena maska"},"content":{"rendered":"<p>Maska ResMed AirFit N30i atbalsta j\u016bsu kust\u012bbas, neapdraudot j\u016bsu komfortu.<\/p>\n<p>AirFit N30i deguna maskas \u012bpa\u0161\u012bbas un priek\u0161roc\u012bbas:<\/p>\n<p>-Komplekt\u0101 ir viegls, dobs maskas r\u0101mis un liela, vid\u0113ja un maza izm\u0113ra spilveni;<br \/>\n-Maz\u0101k saskares punktu ar seju;<br \/>\n-Aug\u0161\u0113j\u0101s caurules savienojums ar 360 gr\u0101du caurules groz\u0101m\u012bbu;<\/p>\n<p>ResMed AirFit N30i ir ide\u0101li piem\u0113rots:<\/p>\n<p>-Cilv\u0113kiem kas gu\u013c nemier\u012bgi;<br \/>\n-Cilv\u0113kiem, kas gu\u013c uz s\u0101niem;<br \/>\n-Cilv\u0113kiem kas gu\u013c uz v\u0113dera;<br \/>\n-Cilv\u0113kiem ar\u00a0 klaustrofobiju.<\/p>\n<p>Lai nodro\u0161in\u0101tu bl\u012bv\u0113juma stabilit\u0101ti un nakts komfortu, AirFit N30i deguna maskai ir izliekts deguna spilventi\u0146\u0161, kas ap\u0146em deguna pamatni. AirFit N30i str\u0101d\u0101 k\u0101 parasta deguna maska \u200b\u200bar daudz maz\u0101ku nevajadz\u012bgu p\u0101rkl\u0101jumu. Dobs r\u0101mis samazina saskares punktus ar j\u016bsu seju, t\u0101d\u0113j\u0101di samazinot p\u0113das uz sejas.<\/p>\n","protected":false},"excerpt":{"rendered":"<p>Maska ResMed AirFit N30i atbalsta j\u016bsu kust\u012bbas, neapdraudot j\u016bsu komfortu. Lai nodro\u0161in\u0101tu bl\u012bv\u0113juma stabilit\u0101ti un nakts komfortu, AirFit N30i deguna maskai ir izliekts deguna spilventi\u0146\u0161, kas ap\u0146em deguna pamatni. AirFit N30i str\u0101d\u0101 k\u0101 parasta deguna maska \u200b\u200bar daudz maz\u0101ku nevajadz\u012bgu p\u0101rkl\u0101jumu. Dobs r\u0101mis samazina saskares punktus ar j\u016bsu seju, t\u0101d\u0113j\u0101di samazinot p\u0113das uz sejas.<\/p>\n","protected":false},"featured_media":1210,"comment_status":"open","ping_status":"closed","template":"","meta":{"_acf_changed":false,"inline_featured_image":false},"product_brand":[],"product_cat":[88],"product_tag":[],"class_list":{"0":"post-1209","1":"product","2":"type-product","3":"status-publish","4":"has-post-thumbnail","6":"product_cat-deguna-maskas","8":"first","9":"instock","10":"shipping-taxable","11":"purchasable","12":"product-type-variable"},"acf":[],"yoast_head":"<!-- This site is optimized with the Yoast SEO plugin v27.0 - https:\/\/yoast.com\/product\/yoast-seo-wordpress\/ -->\n<title>ResMed AirFit N30i deguna spilvena maska - Hipnos<\/title>\n<meta name=\"description\" content=\"Maska ResMed AirFit N30i atbalsta j\u016bsu kust\u012bbas, neapdraudot j\u016bsu komfortu. Lai nodro\u0161in\u0101tu bl\u012bv\u0113juma stabilit\u0101ti un nakts komfortu, AirFit N30i deguna maskai ir izliekts deguna spilventi\u0146\u0161, kas ap\u0146em deguna pamatni. AirFit N30i str\u0101d\u0101 k\u0101 parasta deguna maska \u200b\u200bar daudz maz\u0101ku nevajadz\u012bgu p\u0101rkl\u0101jumu. Dobs r\u0101mis samazina saskares punktus ar j\u016bsu seju, t\u0101d\u0113j\u0101di samazinot p\u0113das uz sejas.\" \/>\n<meta name=\"robots\" content=\"noindex, follow, max-snippet:-1, max-image-preview:large, max-video-preview:-1\" \/>\n<meta property=\"og:locale\" content=\"en_US\" \/>\n<meta property=\"og:type\" content=\"article\" \/>\n<meta property=\"og:title\" content=\"ResMed AirFit N30i deguna spilvena maska - Hipnos\" \/>\n<meta property=\"og:description\" content=\"Maska ResMed AirFit N30i atbalsta j\u016bsu kust\u012bbas, neapdraudot j\u016bsu komfortu. Lai nodro\u0161in\u0101tu bl\u012bv\u0113juma stabilit\u0101ti un nakts komfortu, AirFit N30i deguna maskai ir izliekts deguna spilventi\u0146\u0161, kas ap\u0146em deguna pamatni. AirFit N30i str\u0101d\u0101 k\u0101 parasta deguna maska \u200b\u200bar daudz maz\u0101ku nevajadz\u012bgu p\u0101rkl\u0101jumu. Dobs r\u0101mis samazina saskares punktus ar j\u016bsu seju, t\u0101d\u0113j\u0101di samazinot p\u0113das uz sejas.\" \/>\n<meta property=\"og:url\" content=\"https:\/\/hipnos.lv\/en\/product\/resmed-airfit-n30i\/\" \/>\n<meta property=\"og:site_name\" content=\"Hipnos\" \/>\n<meta property=\"article:modified_time\" content=\"2025-10-02T06:40:11+00:00\" \/>\n<meta property=\"og:image\" content=\"https:\/\/hipnos.lv\/wp-content\/uploads\/2025\/06\/M-1.jpeg\" \/>\n\t<meta property=\"og:image:width\" content=\"1024\" \/>\n\t<meta property=\"og:image:height\" content=\"741\" \/>\n\t<meta property=\"og:image:type\" content=\"image\/jpeg\" \/>\n<meta name=\"twitter:card\" content=\"summary_large_image\" \/>\n<meta name=\"twitter:label1\" content=\"Est. reading time\" \/>\n\t<meta name=\"twitter:data1\" content=\"1 minute\" \/>\n<script type=\"application\/ld+json\" class=\"yoast-schema-graph\">{\"@context\":\"https:\/\/schema.org\",\"@graph\":[{\"@type\":\"WebPage\",\"@id\":\"https:\/\/hipnos.lv\/en\/product\/resmed-airfit-n30i\/\",\"url\":\"https:\/\/hipnos.lv\/en\/product\/resmed-airfit-n30i\/\",\"name\":\"ResMed AirFit N30i deguna spilvena maska - Hipnos\",\"isPartOf\":{\"@id\":\"https:\/\/hipnos.lv\/en\/#website\"},\"primaryImageOfPage\":{\"@id\":\"https:\/\/hipnos.lv\/en\/product\/resmed-airfit-n30i\/#primaryimage\"},\"image\":{\"@id\":\"https:\/\/hipnos.lv\/en\/product\/resmed-airfit-n30i\/#primaryimage\"},\"thumbnailUrl\":\"https:\/\/hipnos.lv\/wp-content\/uploads\/2025\/06\/M-1.jpeg\",\"datePublished\":\"2025-06-03T10:58:07+00:00\",\"dateModified\":\"2025-10-02T06:40:11+00:00\",\"description\":\"Maska ResMed AirFit N30i atbalsta j\u016bsu kust\u012bbas, neapdraudot j\u016bsu komfortu. Lai nodro\u0161in\u0101tu bl\u012bv\u0113juma stabilit\u0101ti un nakts komfortu, AirFit N30i deguna maskai ir izliekts deguna spilventi\u0146\u0161, kas ap\u0146em deguna pamatni. AirFit N30i str\u0101d\u0101 k\u0101 parasta deguna maska \u200b\u200bar daudz maz\u0101ku nevajadz\u012bgu p\u0101rkl\u0101jumu. Dobs r\u0101mis samazina saskares punktus ar j\u016bsu seju, t\u0101d\u0113j\u0101di samazinot p\u0113das uz sejas.\",\"breadcrumb\":{\"@id\":\"https:\/\/hipnos.lv\/en\/product\/resmed-airfit-n30i\/#breadcrumb\"},\"inLanguage\":\"en-US\",\"potentialAction\":[{\"@type\":\"ReadAction\",\"target\":[\"https:\/\/hipnos.lv\/en\/product\/resmed-airfit-n30i\/\"]}]},{\"@type\":\"ImageObject\",\"inLanguage\":\"en-US\",\"@id\":\"https:\/\/hipnos.lv\/en\/product\/resmed-airfit-n30i\/#primaryimage\",\"url\":\"https:\/\/hipnos.lv\/wp-content\/uploads\/2025\/06\/M-1.jpeg\",\"contentUrl\":\"https:\/\/hipnos.lv\/wp-content\/uploads\/2025\/06\/M-1.jpeg\",\"width\":1024,\"height\":741},{\"@type\":\"BreadcrumbList\",\"@id\":\"https:\/\/hipnos.lv\/en\/product\/resmed-airfit-n30i\/#breadcrumb\",\"itemListElement\":[{\"@type\":\"ListItem\",\"position\":1,\"name\":\"S\u0101kums\",\"item\":\"https:\/\/hipnos.lv\/en\/\"},{\"@type\":\"ListItem\",\"position\":2,\"name\":\"E\u2010Shop\",\"item\":\"https:\/\/hipnos.lv\/en\/shop\/\"},{\"@type\":\"ListItem\",\"position\":3,\"name\":\"ResMed AirFit N30i deguna spilvena maska\"}]},{\"@type\":\"WebSite\",\"@id\":\"https:\/\/hipnos.lv\/en\/#website\",\"url\":\"https:\/\/hipnos.lv\/en\/\",\"name\":\"Hipnos\",\"description\":\"\",\"potentialAction\":[{\"@type\":\"SearchAction\",\"target\":{\"@type\":\"EntryPoint\",\"urlTemplate\":\"https:\/\/hipnos.lv\/en\/?s={search_term_string}\"},\"query-input\":{\"@type\":\"PropertyValueSpecification\",\"valueRequired\":true,\"valueName\":\"search_term_string\"}}],\"inLanguage\":\"en-US\"}]}<\/script>\n<!-- \/ Yoast SEO plugin. -->","yoast_head_json":{"title":"ResMed AirFit N30i deguna spilvena maska - Hipnos","description":"Maska ResMed AirFit N30i atbalsta j\u016bsu kust\u012bbas, neapdraudot j\u016bsu komfortu. Lai nodro\u0161in\u0101tu bl\u012bv\u0113juma stabilit\u0101ti un nakts komfortu, AirFit N30i deguna maskai ir izliekts deguna spilventi\u0146\u0161, kas ap\u0146em deguna pamatni. AirFit N30i str\u0101d\u0101 k\u0101 parasta deguna maska \u200b\u200bar daudz maz\u0101ku nevajadz\u012bgu p\u0101rkl\u0101jumu. Dobs r\u0101mis samazina saskares punktus ar j\u016bsu seju, t\u0101d\u0113j\u0101di samazinot p\u0113das uz sejas.","robots":{"index":"noindex","follow":"follow","max-snippet":"max-snippet:-1","max-image-preview":"max-image-preview:large","max-video-preview":"max-video-preview:-1"},"og_locale":"en_US","og_type":"article","og_title":"ResMed AirFit N30i deguna spilvena maska - Hipnos","og_description":"Maska ResMed AirFit N30i atbalsta j\u016bsu kust\u012bbas, neapdraudot j\u016bsu komfortu. Lai nodro\u0161in\u0101tu bl\u012bv\u0113juma stabilit\u0101ti un nakts komfortu, AirFit N30i deguna maskai ir izliekts deguna spilventi\u0146\u0161, kas ap\u0146em deguna pamatni. AirFit N30i str\u0101d\u0101 k\u0101 parasta deguna maska \u200b\u200bar daudz maz\u0101ku nevajadz\u012bgu p\u0101rkl\u0101jumu. Dobs r\u0101mis samazina saskares punktus ar j\u016bsu seju, t\u0101d\u0113j\u0101di samazinot p\u0113das uz sejas.","og_url":"https:\/\/hipnos.lv\/en\/product\/resmed-airfit-n30i\/","og_site_name":"Hipnos","article_modified_time":"2025-10-02T06:40:11+00:00","og_image":[{"width":1024,"height":741,"url":"https:\/\/hipnos.lv\/wp-content\/uploads\/2025\/06\/M-1.jpeg","type":"image\/jpeg"}],"twitter_card":"summary_large_image","twitter_misc":{"Est. reading time":"1 minute"},"schema":{"@context":"https:\/\/schema.org","@graph":[{"@type":"WebPage","@id":"https:\/\/hipnos.lv\/en\/product\/resmed-airfit-n30i\/","url":"https:\/\/hipnos.lv\/en\/product\/resmed-airfit-n30i\/","name":"ResMed AirFit N30i deguna spilvena maska - Hipnos","isPartOf":{"@id":"https:\/\/hipnos.lv\/en\/#website"},"primaryImageOfPage":{"@id":"https:\/\/hipnos.lv\/en\/product\/resmed-airfit-n30i\/#primaryimage"},"image":{"@id":"https:\/\/hipnos.lv\/en\/product\/resmed-airfit-n30i\/#primaryimage"},"thumbnailUrl":"https:\/\/hipnos.lv\/wp-content\/uploads\/2025\/06\/M-1.jpeg","datePublished":"2025-06-03T10:58:07+00:00","dateModified":"2025-10-02T06:40:11+00:00","description":"Maska ResMed AirFit N30i atbalsta j\u016bsu kust\u012bbas, neapdraudot j\u016bsu komfortu. Lai nodro\u0161in\u0101tu bl\u012bv\u0113juma stabilit\u0101ti un nakts komfortu, AirFit N30i deguna maskai ir izliekts deguna spilventi\u0146\u0161, kas ap\u0146em deguna pamatni. AirFit N30i str\u0101d\u0101 k\u0101 parasta deguna maska \u200b\u200bar daudz maz\u0101ku nevajadz\u012bgu p\u0101rkl\u0101jumu. Dobs r\u0101mis samazina saskares punktus ar j\u016bsu seju, t\u0101d\u0113j\u0101di samazinot p\u0113das uz sejas.","breadcrumb":{"@id":"https:\/\/hipnos.lv\/en\/product\/resmed-airfit-n30i\/#breadcrumb"},"inLanguage":"en-US","potentialAction":[{"@type":"ReadAction","target":["https:\/\/hipnos.lv\/en\/product\/resmed-airfit-n30i\/"]}]},{"@type":"ImageObject","inLanguage":"en-US","@id":"https:\/\/hipnos.lv\/en\/product\/resmed-airfit-n30i\/#primaryimage","url":"https:\/\/hipnos.lv\/wp-content\/uploads\/2025\/06\/M-1.jpeg","contentUrl":"https:\/\/hipnos.lv\/wp-content\/uploads\/2025\/06\/M-1.jpeg","width":1024,"height":741},{"@type":"BreadcrumbList","@id":"https:\/\/hipnos.lv\/en\/product\/resmed-airfit-n30i\/#breadcrumb","itemListElement":[{"@type":"ListItem","position":1,"name":"S\u0101kums","item":"https:\/\/hipnos.lv\/en\/"},{"@type":"ListItem","position":2,"name":"E\u2010Shop","item":"https:\/\/hipnos.lv\/en\/shop\/"},{"@type":"ListItem","position":3,"name":"ResMed AirFit N30i deguna spilvena maska"}]},{"@type":"WebSite","@id":"https:\/\/hipnos.lv\/en\/#website","url":"https:\/\/hipnos.lv\/en\/","name":"Hipnos","description":"","potentialAction":[{"@type":"SearchAction","target":{"@type":"EntryPoint","urlTemplate":"https:\/\/hipnos.lv\/en\/?s={search_term_string}"},"query-input":{"@type":"PropertyValueSpecification","valueRequired":true,"valueName":"search_term_string"}}],"inLanguage":"en-US"}]}},"_links":{"self":[{"href":"https:\/\/hipnos.lv\/en\/wp-json\/wp\/v2\/product\/1209","targetHints":{"allow":["GET"]}}],"collection":[{"href":"https:\/\/hipnos.lv\/en\/wp-json\/wp\/v2\/product"}],"about":[{"href":"https:\/\/hipnos.lv\/en\/wp-json\/wp\/v2\/types\/product"}],"replies":[{"embeddable":true,"href":"https:\/\/hipnos.lv\/en\/wp-json\/wp\/v2\/comments?post=1209"}],"wp:featuredmedia":[{"embeddable":true,"href":"https:\/\/hipnos.lv\/en\/wp-json\/wp\/v2\/media\/1210"}],"wp:attachment":[{"href":"https:\/\/hipnos.lv\/en\/wp-json\/wp\/v2\/media?parent=1209"}],"wp:term":[{"taxonomy":"product_brand","embeddable":true,"href":"https:\/\/hipnos.lv\/en\/wp-json\/wp\/v2\/product_brand?post=1209"},{"taxonomy":"product_cat","embeddable":true,"href":"https:\/\/hipnos.lv\/en\/wp-json\/wp\/v2\/product_cat?post=1209"},{"taxonomy":"product_tag","embeddable":true,"href":"https:\/\/hipnos.lv\/en\/wp-json\/wp\/v2\/product_tag?post=1209"}],"curies":[{"name":"wp","href":"https:\/\/api.w.org\/{rel}","templated":true}]}}