{"id":1201,"date":"2025-06-03T10:43:38","date_gmt":"2025-06-03T10:43:38","guid":{"rendered":"https:\/\/hipnos.lv\/?post_type=product&#038;p=1201"},"modified":"2025-06-12T08:19:07","modified_gmt":"2025-06-12T08:19:07","slug":"resmed-mutes-maska-f30i","status":"publish","type":"product","link":"https:\/\/hipnos.lv\/en\/product\/resmed-mutes-maska-f30i\/","title":{"rendered":"Resmed F30i deguna\/mutes maska"},"content":{"rendered":"<p>AirFit\u2122 F30i ir minim\u0101la kontakta pilnas sejas maska, kas izstr\u0101d\u0101ta, lai caurule netrauc\u0113tu gul\u0113t, \u013caujot br\u012bvi main\u012bt gul\u0113\u0161anas poz\u012bcijas.<\/p>\n<p>Mask\u0101 ir magn\u0113ti, kas var trauc\u0113t noteiktiem implantiem vai medic\u012bnisk\u0101m ier\u012bc\u0113m. L\u016bdzu, iepaz\u012bstieties ar Atbalsta dokumentiem, lai ieg\u016btu piln\u012bgu inform\u0101ciju, tostarp magn\u0113tu kontrindik\u0101cij\u0101m un br\u012bdin\u0101jumiem.<\/p>\n<p>&nbsp;<\/p>\n","protected":false},"excerpt":{"rendered":"<p>AirFit\u2122 F30i ir minim\u0101la kontakta pilnas sejas maska, kas izstr\u0101d\u0101ta, lai caurule netrauc\u0113tu gul\u0113t, \u013caujot br\u012bvi main\u012bt gul\u0113\u0161anas poz\u012bcijas.<\/p>\n","protected":false},"featured_media":1204,"comment_status":"open","ping_status":"closed","template":"","meta":{"_acf_changed":false,"inline_featured_image":false},"product_brand":[],"product_cat":[87],"product_tag":[],"class_list":{"0":"post-1201","1":"product","2":"type-product","3":"status-publish","4":"has-post-thumbnail","6":"product_cat-pilnas-sejas-maskas","8":"first","9":"instock","10":"shipping-taxable","11":"purchasable","12":"product-type-simple"},"acf":[],"yoast_head":"<!-- This site is optimized with the Yoast SEO plugin v27.0 - https:\/\/yoast.com\/product\/yoast-seo-wordpress\/ -->\n<title>Resmed F30i deguna\/mutes maska - Hipnos<\/title>\n<meta name=\"description\" content=\"AirFit\u2122 F30i ir minim\u0101la kontakta pilnas sejas maska, kas izstr\u0101d\u0101ta, lai gaisa caurule b\u016btu \u0101rpus redzesloka un netrauc\u0113tu, \u013caujot br\u012bvi main\u012bt gul\u0113\u0161anas poz\u012bcijas un gul\u0113t t\u0101, k\u0101 v\u0113laties.Mask\u0101 ir magn\u0113ti, kas var trauc\u0113t noteiktiem implantiem vai medic\u012bnisk\u0101m ier\u012bc\u0113m. L\u016bdzu, iepaz\u012bstieties ar Atbalsta dokumentiem, lai ieg\u016btu piln\u012bgu inform\u0101ciju, tostarp magn\u0113tu kontrindik\u0101cij\u0101m un br\u012bdin\u0101jumiem.\" \/>\n<meta name=\"robots\" content=\"noindex, follow, max-snippet:-1, max-image-preview:large, max-video-preview:-1\" \/>\n<meta property=\"og:locale\" content=\"en_US\" \/>\n<meta property=\"og:type\" content=\"article\" \/>\n<meta property=\"og:title\" content=\"Resmed F30i deguna\/mutes maska - Hipnos\" \/>\n<meta property=\"og:description\" content=\"AirFit\u2122 F30i ir minim\u0101la kontakta pilnas sejas maska, kas izstr\u0101d\u0101ta, lai gaisa caurule b\u016btu \u0101rpus redzesloka un netrauc\u0113tu, \u013caujot br\u012bvi main\u012bt gul\u0113\u0161anas poz\u012bcijas un gul\u0113t t\u0101, k\u0101 v\u0113laties.Mask\u0101 ir magn\u0113ti, kas var trauc\u0113t noteiktiem implantiem vai medic\u012bnisk\u0101m ier\u012bc\u0113m. L\u016bdzu, iepaz\u012bstieties ar Atbalsta dokumentiem, lai ieg\u016btu piln\u012bgu inform\u0101ciju, tostarp magn\u0113tu kontrindik\u0101cij\u0101m un br\u012bdin\u0101jumiem.\" \/>\n<meta property=\"og:url\" content=\"https:\/\/hipnos.lv\/en\/product\/resmed-mutes-maska-f30i\/\" \/>\n<meta property=\"og:site_name\" content=\"Hipnos\" \/>\n<meta property=\"article:modified_time\" content=\"2025-06-12T08:19:07+00:00\" \/>\n<meta property=\"og:image\" content=\"https:\/\/hipnos.lv\/wp-content\/uploads\/2025\/06\/F30i-2.jpg\" \/>\n\t<meta property=\"og:image:width\" content=\"1024\" \/>\n\t<meta property=\"og:image:height\" content=\"741\" \/>\n\t<meta property=\"og:image:type\" content=\"image\/jpeg\" \/>\n<meta name=\"twitter:card\" content=\"summary_large_image\" \/>\n<meta name=\"twitter:label1\" content=\"Est. reading time\" \/>\n\t<meta name=\"twitter:data1\" content=\"1 minute\" \/>\n<script type=\"application\/ld+json\" class=\"yoast-schema-graph\">{\"@context\":\"https:\/\/schema.org\",\"@graph\":[{\"@type\":\"WebPage\",\"@id\":\"https:\/\/hipnos.lv\/en\/product\/resmed-mutes-maska-f30i\/\",\"url\":\"https:\/\/hipnos.lv\/en\/product\/resmed-mutes-maska-f30i\/\",\"name\":\"Resmed F30i deguna\/mutes maska - Hipnos\",\"isPartOf\":{\"@id\":\"https:\/\/hipnos.lv\/en\/#website\"},\"primaryImageOfPage\":{\"@id\":\"https:\/\/hipnos.lv\/en\/product\/resmed-mutes-maska-f30i\/#primaryimage\"},\"image\":{\"@id\":\"https:\/\/hipnos.lv\/en\/product\/resmed-mutes-maska-f30i\/#primaryimage\"},\"thumbnailUrl\":\"https:\/\/hipnos.lv\/wp-content\/uploads\/2025\/06\/F30i-2.jpg\",\"datePublished\":\"2025-06-03T10:43:38+00:00\",\"dateModified\":\"2025-06-12T08:19:07+00:00\",\"description\":\"AirFit\u2122 F30i ir minim\u0101la kontakta pilnas sejas maska, kas izstr\u0101d\u0101ta, lai gaisa caurule b\u016btu \u0101rpus redzesloka un netrauc\u0113tu, \u013caujot br\u012bvi main\u012bt gul\u0113\u0161anas poz\u012bcijas un gul\u0113t t\u0101, k\u0101 v\u0113laties.Mask\u0101 ir magn\u0113ti, kas var trauc\u0113t noteiktiem implantiem vai medic\u012bnisk\u0101m ier\u012bc\u0113m. L\u016bdzu, iepaz\u012bstieties ar Atbalsta dokumentiem, lai ieg\u016btu piln\u012bgu inform\u0101ciju, tostarp magn\u0113tu kontrindik\u0101cij\u0101m un br\u012bdin\u0101jumiem.\",\"breadcrumb\":{\"@id\":\"https:\/\/hipnos.lv\/en\/product\/resmed-mutes-maska-f30i\/#breadcrumb\"},\"inLanguage\":\"en-US\",\"potentialAction\":[{\"@type\":\"ReadAction\",\"target\":[\"https:\/\/hipnos.lv\/en\/product\/resmed-mutes-maska-f30i\/\"]}]},{\"@type\":\"ImageObject\",\"inLanguage\":\"en-US\",\"@id\":\"https:\/\/hipnos.lv\/en\/product\/resmed-mutes-maska-f30i\/#primaryimage\",\"url\":\"https:\/\/hipnos.lv\/wp-content\/uploads\/2025\/06\/F30i-2.jpg\",\"contentUrl\":\"https:\/\/hipnos.lv\/wp-content\/uploads\/2025\/06\/F30i-2.jpg\",\"width\":1024,\"height\":741},{\"@type\":\"BreadcrumbList\",\"@id\":\"https:\/\/hipnos.lv\/en\/product\/resmed-mutes-maska-f30i\/#breadcrumb\",\"itemListElement\":[{\"@type\":\"ListItem\",\"position\":1,\"name\":\"S\u0101kums\",\"item\":\"https:\/\/hipnos.lv\/en\/\"},{\"@type\":\"ListItem\",\"position\":2,\"name\":\"E\u2010Shop\",\"item\":\"https:\/\/hipnos.lv\/en\/shop\/\"},{\"@type\":\"ListItem\",\"position\":3,\"name\":\"Resmed F30i deguna\/mutes maska\"}]},{\"@type\":\"WebSite\",\"@id\":\"https:\/\/hipnos.lv\/en\/#website\",\"url\":\"https:\/\/hipnos.lv\/en\/\",\"name\":\"Hipnos\",\"description\":\"\",\"potentialAction\":[{\"@type\":\"SearchAction\",\"target\":{\"@type\":\"EntryPoint\",\"urlTemplate\":\"https:\/\/hipnos.lv\/en\/?s={search_term_string}\"},\"query-input\":{\"@type\":\"PropertyValueSpecification\",\"valueRequired\":true,\"valueName\":\"search_term_string\"}}],\"inLanguage\":\"en-US\"}]}<\/script>\n<!-- \/ Yoast SEO plugin. -->","yoast_head_json":{"title":"Resmed F30i deguna\/mutes maska - Hipnos","description":"AirFit\u2122 F30i ir minim\u0101la kontakta pilnas sejas maska, kas izstr\u0101d\u0101ta, lai gaisa caurule b\u016btu \u0101rpus redzesloka un netrauc\u0113tu, \u013caujot br\u012bvi main\u012bt gul\u0113\u0161anas poz\u012bcijas un gul\u0113t t\u0101, k\u0101 v\u0113laties.Mask\u0101 ir magn\u0113ti, kas var trauc\u0113t noteiktiem implantiem vai medic\u012bnisk\u0101m ier\u012bc\u0113m. L\u016bdzu, iepaz\u012bstieties ar Atbalsta dokumentiem, lai ieg\u016btu piln\u012bgu inform\u0101ciju, tostarp magn\u0113tu kontrindik\u0101cij\u0101m un br\u012bdin\u0101jumiem.","robots":{"index":"noindex","follow":"follow","max-snippet":"max-snippet:-1","max-image-preview":"max-image-preview:large","max-video-preview":"max-video-preview:-1"},"og_locale":"en_US","og_type":"article","og_title":"Resmed F30i deguna\/mutes maska - Hipnos","og_description":"AirFit\u2122 F30i ir minim\u0101la kontakta pilnas sejas maska, kas izstr\u0101d\u0101ta, lai gaisa caurule b\u016btu \u0101rpus redzesloka un netrauc\u0113tu, \u013caujot br\u012bvi main\u012bt gul\u0113\u0161anas poz\u012bcijas un gul\u0113t t\u0101, k\u0101 v\u0113laties.Mask\u0101 ir magn\u0113ti, kas var trauc\u0113t noteiktiem implantiem vai medic\u012bnisk\u0101m ier\u012bc\u0113m. L\u016bdzu, iepaz\u012bstieties ar Atbalsta dokumentiem, lai ieg\u016btu piln\u012bgu inform\u0101ciju, tostarp magn\u0113tu kontrindik\u0101cij\u0101m un br\u012bdin\u0101jumiem.","og_url":"https:\/\/hipnos.lv\/en\/product\/resmed-mutes-maska-f30i\/","og_site_name":"Hipnos","article_modified_time":"2025-06-12T08:19:07+00:00","og_image":[{"width":1024,"height":741,"url":"https:\/\/hipnos.lv\/wp-content\/uploads\/2025\/06\/F30i-2.jpg","type":"image\/jpeg"}],"twitter_card":"summary_large_image","twitter_misc":{"Est. reading time":"1 minute"},"schema":{"@context":"https:\/\/schema.org","@graph":[{"@type":"WebPage","@id":"https:\/\/hipnos.lv\/en\/product\/resmed-mutes-maska-f30i\/","url":"https:\/\/hipnos.lv\/en\/product\/resmed-mutes-maska-f30i\/","name":"Resmed F30i deguna\/mutes maska - Hipnos","isPartOf":{"@id":"https:\/\/hipnos.lv\/en\/#website"},"primaryImageOfPage":{"@id":"https:\/\/hipnos.lv\/en\/product\/resmed-mutes-maska-f30i\/#primaryimage"},"image":{"@id":"https:\/\/hipnos.lv\/en\/product\/resmed-mutes-maska-f30i\/#primaryimage"},"thumbnailUrl":"https:\/\/hipnos.lv\/wp-content\/uploads\/2025\/06\/F30i-2.jpg","datePublished":"2025-06-03T10:43:38+00:00","dateModified":"2025-06-12T08:19:07+00:00","description":"AirFit\u2122 F30i ir minim\u0101la kontakta pilnas sejas maska, kas izstr\u0101d\u0101ta, lai gaisa caurule b\u016btu \u0101rpus redzesloka un netrauc\u0113tu, \u013caujot br\u012bvi main\u012bt gul\u0113\u0161anas poz\u012bcijas un gul\u0113t t\u0101, k\u0101 v\u0113laties.Mask\u0101 ir magn\u0113ti, kas var trauc\u0113t noteiktiem implantiem vai medic\u012bnisk\u0101m ier\u012bc\u0113m. L\u016bdzu, iepaz\u012bstieties ar Atbalsta dokumentiem, lai ieg\u016btu piln\u012bgu inform\u0101ciju, tostarp magn\u0113tu kontrindik\u0101cij\u0101m un br\u012bdin\u0101jumiem.","breadcrumb":{"@id":"https:\/\/hipnos.lv\/en\/product\/resmed-mutes-maska-f30i\/#breadcrumb"},"inLanguage":"en-US","potentialAction":[{"@type":"ReadAction","target":["https:\/\/hipnos.lv\/en\/product\/resmed-mutes-maska-f30i\/"]}]},{"@type":"ImageObject","inLanguage":"en-US","@id":"https:\/\/hipnos.lv\/en\/product\/resmed-mutes-maska-f30i\/#primaryimage","url":"https:\/\/hipnos.lv\/wp-content\/uploads\/2025\/06\/F30i-2.jpg","contentUrl":"https:\/\/hipnos.lv\/wp-content\/uploads\/2025\/06\/F30i-2.jpg","width":1024,"height":741},{"@type":"BreadcrumbList","@id":"https:\/\/hipnos.lv\/en\/product\/resmed-mutes-maska-f30i\/#breadcrumb","itemListElement":[{"@type":"ListItem","position":1,"name":"S\u0101kums","item":"https:\/\/hipnos.lv\/en\/"},{"@type":"ListItem","position":2,"name":"E\u2010Shop","item":"https:\/\/hipnos.lv\/en\/shop\/"},{"@type":"ListItem","position":3,"name":"Resmed F30i deguna\/mutes maska"}]},{"@type":"WebSite","@id":"https:\/\/hipnos.lv\/en\/#website","url":"https:\/\/hipnos.lv\/en\/","name":"Hipnos","description":"","potentialAction":[{"@type":"SearchAction","target":{"@type":"EntryPoint","urlTemplate":"https:\/\/hipnos.lv\/en\/?s={search_term_string}"},"query-input":{"@type":"PropertyValueSpecification","valueRequired":true,"valueName":"search_term_string"}}],"inLanguage":"en-US"}]}},"_links":{"self":[{"href":"https:\/\/hipnos.lv\/en\/wp-json\/wp\/v2\/product\/1201","targetHints":{"allow":["GET"]}}],"collection":[{"href":"https:\/\/hipnos.lv\/en\/wp-json\/wp\/v2\/product"}],"about":[{"href":"https:\/\/hipnos.lv\/en\/wp-json\/wp\/v2\/types\/product"}],"replies":[{"embeddable":true,"href":"https:\/\/hipnos.lv\/en\/wp-json\/wp\/v2\/comments?post=1201"}],"wp:featuredmedia":[{"embeddable":true,"href":"https:\/\/hipnos.lv\/en\/wp-json\/wp\/v2\/media\/1204"}],"wp:attachment":[{"href":"https:\/\/hipnos.lv\/en\/wp-json\/wp\/v2\/media?parent=1201"}],"wp:term":[{"taxonomy":"product_brand","embeddable":true,"href":"https:\/\/hipnos.lv\/en\/wp-json\/wp\/v2\/product_brand?post=1201"},{"taxonomy":"product_cat","embeddable":true,"href":"https:\/\/hipnos.lv\/en\/wp-json\/wp\/v2\/product_cat?post=1201"},{"taxonomy":"product_tag","embeddable":true,"href":"https:\/\/hipnos.lv\/en\/wp-json\/wp\/v2\/product_tag?post=1201"}],"curies":[{"name":"wp","href":"https:\/\/api.w.org\/{rel}","templated":true}]}}