{"id":1191,"date":"2025-06-03T09:12:38","date_gmt":"2025-06-03T09:12:38","guid":{"rendered":"https:\/\/hipnos.lv\/?post_type=product&#038;p=1191"},"modified":"2025-09-22T07:51:38","modified_gmt":"2025-09-22T07:51:38","slug":"resmed-f20","status":"publish","type":"product","link":"https:\/\/hipnos.lv\/en\/product\/resmed-f20\/","title":{"rendered":"ResMed F20 deguna\/mutes maska"},"content":{"rendered":"<p>ResMed F20 pilnas sejas maska ir bez pieres balsta, kas uzlabo lieto\u0161anas \u0113rt\u012bbu un l\u012bdzest\u012bbu. Ieteicama ja nav nepiecie\u0161ami lieli terapijas spiedieni, jo pieres balsta neesam\u012bba mazliet samazina maskas piegul\u0113\u0161anas kvalit\u0101ti visas nakts garum\u0101. Maska ir \u013coti laba, ja ikdien\u0101 tiek izmantota deguna maska un iesnu gad\u012bjum\u0101 nepiecie\u0161ama maska, lai elpotu caur muti.<\/p>\n","protected":false},"excerpt":{"rendered":"<p>ResMed F20 pilnas sejas maska ir bez pieres balsta, kas uzlabo lieto\u0161anas \u0113rt\u012bbu. Ieteicama pie zemiem terapijas spiedieniem un iesnu gad\u012bjum\u0101 k\u0101 alternat\u012bva deguna maskai.<\/p>\n","protected":false},"featured_media":1192,"comment_status":"open","ping_status":"closed","template":"","meta":{"_acf_changed":false,"inline_featured_image":false},"product_brand":[],"product_cat":[87],"product_tag":[],"class_list":{"0":"post-1191","1":"product","2":"type-product","3":"status-publish","4":"has-post-thumbnail","6":"product_cat-pilnas-sejas-maskas","8":"first","9":"instock","10":"shipping-taxable","11":"purchasable","12":"product-type-variable"},"acf":[],"yoast_head":"<!-- This site is optimized with the Yoast SEO plugin v27.0 - https:\/\/yoast.com\/product\/yoast-seo-wordpress\/ -->\n<title>ResMed F20 deguna\/mutes maska - Hipnos<\/title>\n<meta name=\"description\" content=\"ResMed F20 pilnas sejas maska ir bez pieres balsta, kas uzlabo lieto\u0161anas \u0113rt\u012bbu un l\u012bdzest\u012bbu. Ieteicama ja nav nepiecie\u0161ami lieli terapijas spiedieni, jo pieres balsta neesam\u012bba mazliet samazina maskas piegul\u0113\u0161anas kvalit\u0101ti visas nakts garum\u0101. Maska ir \u013coti laba, ja ikdien\u0101 tiek izmantota deguna maska un iesnu gad\u012bjum\u0101 nepiecie\u0161ama maska, lai elpotu caur muti.\" \/>\n<meta name=\"robots\" content=\"noindex, follow, max-snippet:-1, max-image-preview:large, max-video-preview:-1\" \/>\n<meta property=\"og:locale\" content=\"en_US\" \/>\n<meta property=\"og:type\" content=\"article\" \/>\n<meta property=\"og:title\" content=\"ResMed F20 deguna\/mutes maska - Hipnos\" \/>\n<meta property=\"og:description\" content=\"ResMed F20 pilnas sejas maska ir bez pieres balsta, kas uzlabo lieto\u0161anas \u0113rt\u012bbu un l\u012bdzest\u012bbu. Ieteicama ja nav nepiecie\u0161ami lieli terapijas spiedieni, jo pieres balsta neesam\u012bba mazliet samazina maskas piegul\u0113\u0161anas kvalit\u0101ti visas nakts garum\u0101. Maska ir \u013coti laba, ja ikdien\u0101 tiek izmantota deguna maska un iesnu gad\u012bjum\u0101 nepiecie\u0161ama maska, lai elpotu caur muti.\" \/>\n<meta property=\"og:url\" content=\"https:\/\/hipnos.lv\/en\/product\/resmed-f20\/\" \/>\n<meta property=\"og:site_name\" content=\"Hipnos\" \/>\n<meta property=\"article:modified_time\" content=\"2025-09-22T07:51:38+00:00\" \/>\n<meta property=\"og:image\" content=\"https:\/\/hipnos.lv\/wp-content\/uploads\/2025\/06\/F20-1.jpg\" \/>\n\t<meta property=\"og:image:width\" content=\"1024\" \/>\n\t<meta property=\"og:image:height\" content=\"741\" \/>\n\t<meta property=\"og:image:type\" content=\"image\/jpeg\" \/>\n<meta name=\"twitter:card\" content=\"summary_large_image\" \/>\n<meta name=\"twitter:label1\" content=\"Est. reading time\" \/>\n\t<meta name=\"twitter:data1\" content=\"1 minute\" \/>\n<script type=\"application\/ld+json\" class=\"yoast-schema-graph\">{\"@context\":\"https:\/\/schema.org\",\"@graph\":[{\"@type\":\"WebPage\",\"@id\":\"https:\/\/hipnos.lv\/en\/product\/resmed-f20\/\",\"url\":\"https:\/\/hipnos.lv\/en\/product\/resmed-f20\/\",\"name\":\"ResMed F20 deguna\/mutes maska - Hipnos\",\"isPartOf\":{\"@id\":\"https:\/\/hipnos.lv\/en\/#website\"},\"primaryImageOfPage\":{\"@id\":\"https:\/\/hipnos.lv\/en\/product\/resmed-f20\/#primaryimage\"},\"image\":{\"@id\":\"https:\/\/hipnos.lv\/en\/product\/resmed-f20\/#primaryimage\"},\"thumbnailUrl\":\"https:\/\/hipnos.lv\/wp-content\/uploads\/2025\/06\/F20-1.jpg\",\"datePublished\":\"2025-06-03T09:12:38+00:00\",\"dateModified\":\"2025-09-22T07:51:38+00:00\",\"description\":\"ResMed F20 pilnas sejas maska ir bez pieres balsta, kas uzlabo lieto\u0161anas \u0113rt\u012bbu un l\u012bdzest\u012bbu. Ieteicama ja nav nepiecie\u0161ami lieli terapijas spiedieni, jo pieres balsta neesam\u012bba mazliet samazina maskas piegul\u0113\u0161anas kvalit\u0101ti visas nakts garum\u0101. Maska ir \u013coti laba, ja ikdien\u0101 tiek izmantota deguna maska un iesnu gad\u012bjum\u0101 nepiecie\u0161ama maska, lai elpotu caur muti.\",\"breadcrumb\":{\"@id\":\"https:\/\/hipnos.lv\/en\/product\/resmed-f20\/#breadcrumb\"},\"inLanguage\":\"en-US\",\"potentialAction\":[{\"@type\":\"ReadAction\",\"target\":[\"https:\/\/hipnos.lv\/en\/product\/resmed-f20\/\"]}]},{\"@type\":\"ImageObject\",\"inLanguage\":\"en-US\",\"@id\":\"https:\/\/hipnos.lv\/en\/product\/resmed-f20\/#primaryimage\",\"url\":\"https:\/\/hipnos.lv\/wp-content\/uploads\/2025\/06\/F20-1.jpg\",\"contentUrl\":\"https:\/\/hipnos.lv\/wp-content\/uploads\/2025\/06\/F20-1.jpg\",\"width\":1024,\"height\":741},{\"@type\":\"BreadcrumbList\",\"@id\":\"https:\/\/hipnos.lv\/en\/product\/resmed-f20\/#breadcrumb\",\"itemListElement\":[{\"@type\":\"ListItem\",\"position\":1,\"name\":\"S\u0101kums\",\"item\":\"https:\/\/hipnos.lv\/en\/\"},{\"@type\":\"ListItem\",\"position\":2,\"name\":\"E\u2010Shop\",\"item\":\"https:\/\/hipnos.lv\/en\/shop\/\"},{\"@type\":\"ListItem\",\"position\":3,\"name\":\"ResMed F20 deguna\/mutes maska\"}]},{\"@type\":\"WebSite\",\"@id\":\"https:\/\/hipnos.lv\/en\/#website\",\"url\":\"https:\/\/hipnos.lv\/en\/\",\"name\":\"Hipnos\",\"description\":\"\",\"potentialAction\":[{\"@type\":\"SearchAction\",\"target\":{\"@type\":\"EntryPoint\",\"urlTemplate\":\"https:\/\/hipnos.lv\/en\/?s={search_term_string}\"},\"query-input\":{\"@type\":\"PropertyValueSpecification\",\"valueRequired\":true,\"valueName\":\"search_term_string\"}}],\"inLanguage\":\"en-US\"}]}<\/script>\n<!-- \/ Yoast SEO plugin. -->","yoast_head_json":{"title":"ResMed F20 deguna\/mutes maska - Hipnos","description":"ResMed F20 pilnas sejas maska ir bez pieres balsta, kas uzlabo lieto\u0161anas \u0113rt\u012bbu un l\u012bdzest\u012bbu. Ieteicama ja nav nepiecie\u0161ami lieli terapijas spiedieni, jo pieres balsta neesam\u012bba mazliet samazina maskas piegul\u0113\u0161anas kvalit\u0101ti visas nakts garum\u0101. Maska ir \u013coti laba, ja ikdien\u0101 tiek izmantota deguna maska un iesnu gad\u012bjum\u0101 nepiecie\u0161ama maska, lai elpotu caur muti.","robots":{"index":"noindex","follow":"follow","max-snippet":"max-snippet:-1","max-image-preview":"max-image-preview:large","max-video-preview":"max-video-preview:-1"},"og_locale":"en_US","og_type":"article","og_title":"ResMed F20 deguna\/mutes maska - Hipnos","og_description":"ResMed F20 pilnas sejas maska ir bez pieres balsta, kas uzlabo lieto\u0161anas \u0113rt\u012bbu un l\u012bdzest\u012bbu. Ieteicama ja nav nepiecie\u0161ami lieli terapijas spiedieni, jo pieres balsta neesam\u012bba mazliet samazina maskas piegul\u0113\u0161anas kvalit\u0101ti visas nakts garum\u0101. Maska ir \u013coti laba, ja ikdien\u0101 tiek izmantota deguna maska un iesnu gad\u012bjum\u0101 nepiecie\u0161ama maska, lai elpotu caur muti.","og_url":"https:\/\/hipnos.lv\/en\/product\/resmed-f20\/","og_site_name":"Hipnos","article_modified_time":"2025-09-22T07:51:38+00:00","og_image":[{"width":1024,"height":741,"url":"https:\/\/hipnos.lv\/wp-content\/uploads\/2025\/06\/F20-1.jpg","type":"image\/jpeg"}],"twitter_card":"summary_large_image","twitter_misc":{"Est. reading time":"1 minute"},"schema":{"@context":"https:\/\/schema.org","@graph":[{"@type":"WebPage","@id":"https:\/\/hipnos.lv\/en\/product\/resmed-f20\/","url":"https:\/\/hipnos.lv\/en\/product\/resmed-f20\/","name":"ResMed F20 deguna\/mutes maska - Hipnos","isPartOf":{"@id":"https:\/\/hipnos.lv\/en\/#website"},"primaryImageOfPage":{"@id":"https:\/\/hipnos.lv\/en\/product\/resmed-f20\/#primaryimage"},"image":{"@id":"https:\/\/hipnos.lv\/en\/product\/resmed-f20\/#primaryimage"},"thumbnailUrl":"https:\/\/hipnos.lv\/wp-content\/uploads\/2025\/06\/F20-1.jpg","datePublished":"2025-06-03T09:12:38+00:00","dateModified":"2025-09-22T07:51:38+00:00","description":"ResMed F20 pilnas sejas maska ir bez pieres balsta, kas uzlabo lieto\u0161anas \u0113rt\u012bbu un l\u012bdzest\u012bbu. Ieteicama ja nav nepiecie\u0161ami lieli terapijas spiedieni, jo pieres balsta neesam\u012bba mazliet samazina maskas piegul\u0113\u0161anas kvalit\u0101ti visas nakts garum\u0101. Maska ir \u013coti laba, ja ikdien\u0101 tiek izmantota deguna maska un iesnu gad\u012bjum\u0101 nepiecie\u0161ama maska, lai elpotu caur muti.","breadcrumb":{"@id":"https:\/\/hipnos.lv\/en\/product\/resmed-f20\/#breadcrumb"},"inLanguage":"en-US","potentialAction":[{"@type":"ReadAction","target":["https:\/\/hipnos.lv\/en\/product\/resmed-f20\/"]}]},{"@type":"ImageObject","inLanguage":"en-US","@id":"https:\/\/hipnos.lv\/en\/product\/resmed-f20\/#primaryimage","url":"https:\/\/hipnos.lv\/wp-content\/uploads\/2025\/06\/F20-1.jpg","contentUrl":"https:\/\/hipnos.lv\/wp-content\/uploads\/2025\/06\/F20-1.jpg","width":1024,"height":741},{"@type":"BreadcrumbList","@id":"https:\/\/hipnos.lv\/en\/product\/resmed-f20\/#breadcrumb","itemListElement":[{"@type":"ListItem","position":1,"name":"S\u0101kums","item":"https:\/\/hipnos.lv\/en\/"},{"@type":"ListItem","position":2,"name":"E\u2010Shop","item":"https:\/\/hipnos.lv\/en\/shop\/"},{"@type":"ListItem","position":3,"name":"ResMed F20 deguna\/mutes maska"}]},{"@type":"WebSite","@id":"https:\/\/hipnos.lv\/en\/#website","url":"https:\/\/hipnos.lv\/en\/","name":"Hipnos","description":"","potentialAction":[{"@type":"SearchAction","target":{"@type":"EntryPoint","urlTemplate":"https:\/\/hipnos.lv\/en\/?s={search_term_string}"},"query-input":{"@type":"PropertyValueSpecification","valueRequired":true,"valueName":"search_term_string"}}],"inLanguage":"en-US"}]}},"_links":{"self":[{"href":"https:\/\/hipnos.lv\/en\/wp-json\/wp\/v2\/product\/1191","targetHints":{"allow":["GET"]}}],"collection":[{"href":"https:\/\/hipnos.lv\/en\/wp-json\/wp\/v2\/product"}],"about":[{"href":"https:\/\/hipnos.lv\/en\/wp-json\/wp\/v2\/types\/product"}],"replies":[{"embeddable":true,"href":"https:\/\/hipnos.lv\/en\/wp-json\/wp\/v2\/comments?post=1191"}],"wp:featuredmedia":[{"embeddable":true,"href":"https:\/\/hipnos.lv\/en\/wp-json\/wp\/v2\/media\/1192"}],"wp:attachment":[{"href":"https:\/\/hipnos.lv\/en\/wp-json\/wp\/v2\/media?parent=1191"}],"wp:term":[{"taxonomy":"product_brand","embeddable":true,"href":"https:\/\/hipnos.lv\/en\/wp-json\/wp\/v2\/product_brand?post=1191"},{"taxonomy":"product_cat","embeddable":true,"href":"https:\/\/hipnos.lv\/en\/wp-json\/wp\/v2\/product_cat?post=1191"},{"taxonomy":"product_tag","embeddable":true,"href":"https:\/\/hipnos.lv\/en\/wp-json\/wp\/v2\/product_tag?post=1191"}],"curies":[{"name":"wp","href":"https:\/\/api.w.org\/{rel}","templated":true}]}}