{"id":1181,"date":"2025-06-03T08:57:09","date_gmt":"2025-06-03T08:57:09","guid":{"rendered":"https:\/\/hipnos.lv\/?post_type=product&#038;p=1181"},"modified":"2025-06-12T08:19:53","modified_gmt":"2025-06-12T08:19:53","slug":"lowenstein-medical-cara-2","status":"publish","type":"product","link":"https:\/\/hipnos.lv\/en\/product\/lowenstein-medical-cara-2\/","title":{"rendered":"Lowenstein medical CARA deguna\/mutes maska"},"content":{"rendered":"<p>CARA, m\u016bsu popul\u0101r\u0101k\u0101 pilnas sejas maska m\u0101jas lieto\u0161anai, iecien\u012bta pacientu vid\u016b t\u0101s viegl\u0101 dizaina, maigi piegu\u013co\u0161\u0101s un prec\u012bz\u0101s spilventi\u0146a formas, klus\u0101s un izklied\u0113t\u0101s izelpas sist\u0113mas, k\u0101 ar\u012b \u0113rt\u0101s regul\u0113\u0161anas iesp\u0113ju d\u0113\u013c. Maz\u0101k deta\u013cu padara lieto\u0161anu vienk\u0101r\u0161\u0101ku, samazina kop\u0113jo svaru un ir draudz\u012bg\u0101ka videi, samazinot materi\u0101lu ra\u017eo\u0161anu un utiliz\u0101ciju.<\/p>\n<p><strong>Maska sal\u012bdzin\u0101jum\u0101 ar citu ra\u017eot\u0101ju mask\u0101m ir visklus\u0101k\u0101, jo ir apr\u012bkota ar unik\u0101lo izelpot\u0101 gaisa izpl\u016bdes sist\u0113mu.\u00a0<\/strong><\/p>\n","protected":false},"excerpt":{"rendered":"<p>CARA ir viegla, \u0113rti piegu\u013co\u0161a pilnas sejas maska ar klusu izelpas sist\u0113mu un vienk\u0101r\u0161u regul\u0113\u0161anu. Maz deta\u013cu \u2013 viegl\u0101ka lieto\u0161ana un maz\u0101ka ietekme uz vidi.<\/p>\n","protected":false},"featured_media":1184,"comment_status":"open","ping_status":"closed","template":"","meta":{"_acf_changed":false,"inline_featured_image":false},"product_brand":[],"product_cat":[87],"product_tag":[],"class_list":{"0":"post-1181","1":"product","2":"type-product","3":"status-publish","4":"has-post-thumbnail","6":"product_cat-pilnas-sejas-maskas","8":"first","9":"instock","10":"shipping-taxable","11":"purchasable","12":"product-type-variable"},"acf":[],"yoast_head":"<!-- This site is optimized with the Yoast SEO plugin v27.0 - https:\/\/yoast.com\/product\/yoast-seo-wordpress\/ -->\n<title>Lowenstein medical CARA deguna\/mutes maska - Hipnos<\/title>\n<meta name=\"description\" content=\"CARA, m\u016bsu popul\u0101r\u0101k\u0101 deguna maska m\u0101jas lieto\u0161anai, iecien\u012bta pacientu vid\u016b t\u0101s viegl\u0101 dizaina, maigi piegu\u013co\u0161\u0101s un prec\u012bz\u0101s spilventi\u0146a formas, klus\u0101s un izklied\u0113t\u0101s izelpas sist\u0113mas, k\u0101 ar\u012b \u0113rt\u0101s regul\u0113\u0161anas iesp\u0113ju d\u0113\u013c. Maz\u0101k deta\u013cu padara lieto\u0161anu vienk\u0101r\u0161\u0101ku, samazina kop\u0113jo svaru un ir draudz\u012bg\u0101ka videi, samazinot materi\u0101lu ra\u017eo\u0161anu un utiliz\u0101ciju.\" \/>\n<meta name=\"robots\" content=\"noindex, follow, max-snippet:-1, max-image-preview:large, max-video-preview:-1\" \/>\n<meta property=\"og:locale\" content=\"en_US\" \/>\n<meta property=\"og:type\" content=\"article\" \/>\n<meta property=\"og:title\" content=\"Lowenstein medical CARA deguna\/mutes maska - Hipnos\" \/>\n<meta property=\"og:description\" content=\"CARA, m\u016bsu popul\u0101r\u0101k\u0101 deguna maska m\u0101jas lieto\u0161anai, iecien\u012bta pacientu vid\u016b t\u0101s viegl\u0101 dizaina, maigi piegu\u013co\u0161\u0101s un prec\u012bz\u0101s spilventi\u0146a formas, klus\u0101s un izklied\u0113t\u0101s izelpas sist\u0113mas, k\u0101 ar\u012b \u0113rt\u0101s regul\u0113\u0161anas iesp\u0113ju d\u0113\u013c. Maz\u0101k deta\u013cu padara lieto\u0161anu vienk\u0101r\u0161\u0101ku, samazina kop\u0113jo svaru un ir draudz\u012bg\u0101ka videi, samazinot materi\u0101lu ra\u017eo\u0161anu un utiliz\u0101ciju.\" \/>\n<meta property=\"og:url\" content=\"https:\/\/hipnos.lv\/en\/product\/lowenstein-medical-cara-2\/\" \/>\n<meta property=\"og:site_name\" content=\"Hipnos\" \/>\n<meta property=\"article:modified_time\" content=\"2025-06-12T08:19:53+00:00\" \/>\n<meta property=\"og:image\" content=\"https:\/\/hipnos.lv\/wp-content\/uploads\/2025\/06\/CARA-1.webp\" \/>\n\t<meta property=\"og:image:width\" content=\"940\" \/>\n\t<meta property=\"og:image:height\" content=\"940\" \/>\n\t<meta property=\"og:image:type\" content=\"image\/webp\" \/>\n<meta name=\"twitter:card\" content=\"summary_large_image\" \/>\n<meta name=\"twitter:label1\" content=\"Est. reading time\" \/>\n\t<meta name=\"twitter:data1\" content=\"1 minute\" \/>\n<script type=\"application\/ld+json\" class=\"yoast-schema-graph\">{\"@context\":\"https:\/\/schema.org\",\"@graph\":[{\"@type\":\"WebPage\",\"@id\":\"https:\/\/hipnos.lv\/en\/product\/lowenstein-medical-cara-2\/\",\"url\":\"https:\/\/hipnos.lv\/en\/product\/lowenstein-medical-cara-2\/\",\"name\":\"Lowenstein medical CARA deguna\/mutes maska - Hipnos\",\"isPartOf\":{\"@id\":\"https:\/\/hipnos.lv\/en\/#website\"},\"primaryImageOfPage\":{\"@id\":\"https:\/\/hipnos.lv\/en\/product\/lowenstein-medical-cara-2\/#primaryimage\"},\"image\":{\"@id\":\"https:\/\/hipnos.lv\/en\/product\/lowenstein-medical-cara-2\/#primaryimage\"},\"thumbnailUrl\":\"https:\/\/hipnos.lv\/wp-content\/uploads\/2025\/06\/CARA-1.webp\",\"datePublished\":\"2025-06-03T08:57:09+00:00\",\"dateModified\":\"2025-06-12T08:19:53+00:00\",\"description\":\"CARA, m\u016bsu popul\u0101r\u0101k\u0101 deguna maska m\u0101jas lieto\u0161anai, iecien\u012bta pacientu vid\u016b t\u0101s viegl\u0101 dizaina, maigi piegu\u013co\u0161\u0101s un prec\u012bz\u0101s spilventi\u0146a formas, klus\u0101s un izklied\u0113t\u0101s izelpas sist\u0113mas, k\u0101 ar\u012b \u0113rt\u0101s regul\u0113\u0161anas iesp\u0113ju d\u0113\u013c. Maz\u0101k deta\u013cu padara lieto\u0161anu vienk\u0101r\u0161\u0101ku, samazina kop\u0113jo svaru un ir draudz\u012bg\u0101ka videi, samazinot materi\u0101lu ra\u017eo\u0161anu un utiliz\u0101ciju.\",\"breadcrumb\":{\"@id\":\"https:\/\/hipnos.lv\/en\/product\/lowenstein-medical-cara-2\/#breadcrumb\"},\"inLanguage\":\"en-US\",\"potentialAction\":[{\"@type\":\"ReadAction\",\"target\":[\"https:\/\/hipnos.lv\/en\/product\/lowenstein-medical-cara-2\/\"]}]},{\"@type\":\"ImageObject\",\"inLanguage\":\"en-US\",\"@id\":\"https:\/\/hipnos.lv\/en\/product\/lowenstein-medical-cara-2\/#primaryimage\",\"url\":\"https:\/\/hipnos.lv\/wp-content\/uploads\/2025\/06\/CARA-1.webp\",\"contentUrl\":\"https:\/\/hipnos.lv\/wp-content\/uploads\/2025\/06\/CARA-1.webp\",\"width\":940,\"height\":940},{\"@type\":\"BreadcrumbList\",\"@id\":\"https:\/\/hipnos.lv\/en\/product\/lowenstein-medical-cara-2\/#breadcrumb\",\"itemListElement\":[{\"@type\":\"ListItem\",\"position\":1,\"name\":\"S\u0101kums\",\"item\":\"https:\/\/hipnos.lv\/en\/\"},{\"@type\":\"ListItem\",\"position\":2,\"name\":\"E\u2010Shop\",\"item\":\"https:\/\/hipnos.lv\/en\/shop\/\"},{\"@type\":\"ListItem\",\"position\":3,\"name\":\"Lowenstein medical CARA deguna\/mutes maska\"}]},{\"@type\":\"WebSite\",\"@id\":\"https:\/\/hipnos.lv\/en\/#website\",\"url\":\"https:\/\/hipnos.lv\/en\/\",\"name\":\"Hipnos\",\"description\":\"\",\"potentialAction\":[{\"@type\":\"SearchAction\",\"target\":{\"@type\":\"EntryPoint\",\"urlTemplate\":\"https:\/\/hipnos.lv\/en\/?s={search_term_string}\"},\"query-input\":{\"@type\":\"PropertyValueSpecification\",\"valueRequired\":true,\"valueName\":\"search_term_string\"}}],\"inLanguage\":\"en-US\"}]}<\/script>\n<!-- \/ Yoast SEO plugin. -->","yoast_head_json":{"title":"Lowenstein medical CARA deguna\/mutes maska - Hipnos","description":"CARA, m\u016bsu popul\u0101r\u0101k\u0101 deguna maska m\u0101jas lieto\u0161anai, iecien\u012bta pacientu vid\u016b t\u0101s viegl\u0101 dizaina, maigi piegu\u013co\u0161\u0101s un prec\u012bz\u0101s spilventi\u0146a formas, klus\u0101s un izklied\u0113t\u0101s izelpas sist\u0113mas, k\u0101 ar\u012b \u0113rt\u0101s regul\u0113\u0161anas iesp\u0113ju d\u0113\u013c. Maz\u0101k deta\u013cu padara lieto\u0161anu vienk\u0101r\u0161\u0101ku, samazina kop\u0113jo svaru un ir draudz\u012bg\u0101ka videi, samazinot materi\u0101lu ra\u017eo\u0161anu un utiliz\u0101ciju.","robots":{"index":"noindex","follow":"follow","max-snippet":"max-snippet:-1","max-image-preview":"max-image-preview:large","max-video-preview":"max-video-preview:-1"},"og_locale":"en_US","og_type":"article","og_title":"Lowenstein medical CARA deguna\/mutes maska - Hipnos","og_description":"CARA, m\u016bsu popul\u0101r\u0101k\u0101 deguna maska m\u0101jas lieto\u0161anai, iecien\u012bta pacientu vid\u016b t\u0101s viegl\u0101 dizaina, maigi piegu\u013co\u0161\u0101s un prec\u012bz\u0101s spilventi\u0146a formas, klus\u0101s un izklied\u0113t\u0101s izelpas sist\u0113mas, k\u0101 ar\u012b \u0113rt\u0101s regul\u0113\u0161anas iesp\u0113ju d\u0113\u013c. Maz\u0101k deta\u013cu padara lieto\u0161anu vienk\u0101r\u0161\u0101ku, samazina kop\u0113jo svaru un ir draudz\u012bg\u0101ka videi, samazinot materi\u0101lu ra\u017eo\u0161anu un utiliz\u0101ciju.","og_url":"https:\/\/hipnos.lv\/en\/product\/lowenstein-medical-cara-2\/","og_site_name":"Hipnos","article_modified_time":"2025-06-12T08:19:53+00:00","og_image":[{"width":940,"height":940,"url":"https:\/\/hipnos.lv\/wp-content\/uploads\/2025\/06\/CARA-1.webp","type":"image\/webp"}],"twitter_card":"summary_large_image","twitter_misc":{"Est. reading time":"1 minute"},"schema":{"@context":"https:\/\/schema.org","@graph":[{"@type":"WebPage","@id":"https:\/\/hipnos.lv\/en\/product\/lowenstein-medical-cara-2\/","url":"https:\/\/hipnos.lv\/en\/product\/lowenstein-medical-cara-2\/","name":"Lowenstein medical CARA deguna\/mutes maska - Hipnos","isPartOf":{"@id":"https:\/\/hipnos.lv\/en\/#website"},"primaryImageOfPage":{"@id":"https:\/\/hipnos.lv\/en\/product\/lowenstein-medical-cara-2\/#primaryimage"},"image":{"@id":"https:\/\/hipnos.lv\/en\/product\/lowenstein-medical-cara-2\/#primaryimage"},"thumbnailUrl":"https:\/\/hipnos.lv\/wp-content\/uploads\/2025\/06\/CARA-1.webp","datePublished":"2025-06-03T08:57:09+00:00","dateModified":"2025-06-12T08:19:53+00:00","description":"CARA, m\u016bsu popul\u0101r\u0101k\u0101 deguna maska m\u0101jas lieto\u0161anai, iecien\u012bta pacientu vid\u016b t\u0101s viegl\u0101 dizaina, maigi piegu\u013co\u0161\u0101s un prec\u012bz\u0101s spilventi\u0146a formas, klus\u0101s un izklied\u0113t\u0101s izelpas sist\u0113mas, k\u0101 ar\u012b \u0113rt\u0101s regul\u0113\u0161anas iesp\u0113ju d\u0113\u013c. Maz\u0101k deta\u013cu padara lieto\u0161anu vienk\u0101r\u0161\u0101ku, samazina kop\u0113jo svaru un ir draudz\u012bg\u0101ka videi, samazinot materi\u0101lu ra\u017eo\u0161anu un utiliz\u0101ciju.","breadcrumb":{"@id":"https:\/\/hipnos.lv\/en\/product\/lowenstein-medical-cara-2\/#breadcrumb"},"inLanguage":"en-US","potentialAction":[{"@type":"ReadAction","target":["https:\/\/hipnos.lv\/en\/product\/lowenstein-medical-cara-2\/"]}]},{"@type":"ImageObject","inLanguage":"en-US","@id":"https:\/\/hipnos.lv\/en\/product\/lowenstein-medical-cara-2\/#primaryimage","url":"https:\/\/hipnos.lv\/wp-content\/uploads\/2025\/06\/CARA-1.webp","contentUrl":"https:\/\/hipnos.lv\/wp-content\/uploads\/2025\/06\/CARA-1.webp","width":940,"height":940},{"@type":"BreadcrumbList","@id":"https:\/\/hipnos.lv\/en\/product\/lowenstein-medical-cara-2\/#breadcrumb","itemListElement":[{"@type":"ListItem","position":1,"name":"S\u0101kums","item":"https:\/\/hipnos.lv\/en\/"},{"@type":"ListItem","position":2,"name":"E\u2010Shop","item":"https:\/\/hipnos.lv\/en\/shop\/"},{"@type":"ListItem","position":3,"name":"Lowenstein medical CARA deguna\/mutes maska"}]},{"@type":"WebSite","@id":"https:\/\/hipnos.lv\/en\/#website","url":"https:\/\/hipnos.lv\/en\/","name":"Hipnos","description":"","potentialAction":[{"@type":"SearchAction","target":{"@type":"EntryPoint","urlTemplate":"https:\/\/hipnos.lv\/en\/?s={search_term_string}"},"query-input":{"@type":"PropertyValueSpecification","valueRequired":true,"valueName":"search_term_string"}}],"inLanguage":"en-US"}]}},"_links":{"self":[{"href":"https:\/\/hipnos.lv\/en\/wp-json\/wp\/v2\/product\/1181","targetHints":{"allow":["GET"]}}],"collection":[{"href":"https:\/\/hipnos.lv\/en\/wp-json\/wp\/v2\/product"}],"about":[{"href":"https:\/\/hipnos.lv\/en\/wp-json\/wp\/v2\/types\/product"}],"replies":[{"embeddable":true,"href":"https:\/\/hipnos.lv\/en\/wp-json\/wp\/v2\/comments?post=1181"}],"wp:featuredmedia":[{"embeddable":true,"href":"https:\/\/hipnos.lv\/en\/wp-json\/wp\/v2\/media\/1184"}],"wp:attachment":[{"href":"https:\/\/hipnos.lv\/en\/wp-json\/wp\/v2\/media?parent=1181"}],"wp:term":[{"taxonomy":"product_brand","embeddable":true,"href":"https:\/\/hipnos.lv\/en\/wp-json\/wp\/v2\/product_brand?post=1181"},{"taxonomy":"product_cat","embeddable":true,"href":"https:\/\/hipnos.lv\/en\/wp-json\/wp\/v2\/product_cat?post=1181"},{"taxonomy":"product_tag","embeddable":true,"href":"https:\/\/hipnos.lv\/en\/wp-json\/wp\/v2\/product_tag?post=1181"}],"curies":[{"name":"wp","href":"https:\/\/api.w.org\/{rel}","templated":true}]}}