{"id":1177,"date":"2025-06-03T08:45:09","date_gmt":"2025-06-03T08:45:09","guid":{"rendered":"https:\/\/hipnos.lv\/?post_type=product&#038;p=1177"},"modified":"2025-06-12T08:20:26","modified_gmt":"2025-06-12T08:20:26","slug":"lowenstein-medical-joyce-one-full-face","status":"publish","type":"product","link":"https:\/\/hipnos.lv\/en\/product\/lowenstein-medical-joyce-one-full-face\/","title":{"rendered":"Lowenstein medical JOYCEone deguna\/mutes maska"},"content":{"rendered":"<p>Maska paredz\u0113ta lieto\u0161anai ar jebkura ra\u017eot\u0101ja CPAP, APAP un BiLevel iek\u0101rtu. Jaun\u0101\u00a0<strong>JOYCEone<\/strong>\u00a0ir pirm\u0101 viena izm\u0113ra pilnas sejas maska.\u00a0Jums vairs nav nepiecie\u0161am\u012bbas mekl\u0113t pareiz\u0101 izm\u0113ra masku, jo\u00a0<strong>JOYCEone<\/strong>\u00a0piem\u0113rojas jebkurai sejas formai. Maskas sejas un pieres gumijas izstr\u0101d\u0101tas t\u0101, ka t\u0101s autom\u0101tiski piel\u0101gojas, padarot maskas regul\u0113\u0161anu daudz \u0113rt\u0101ku un vienk\u0101r\u0161\u0101ku. Gumijas SilkTec p\u0101rkl\u0101jums palielina n\u0113s\u0101\u0161anas komfortu. Stiprin\u0101juma klip\u0161i ir ar kr\u0101su indikatoriem, kas padara \u013coti \u0113rtu maskas salik\u0161anu p\u0113c t\u0101s mazg\u0101\u0161anas. Ilggad\u012bgie pacienti \u013coti nov\u0113rt\u0113 \u0161o iesp\u0113ju.<\/p>\n<p><strong>Maska sal\u012bdzin\u0101jum\u0101 ar citu ra\u017eot\u0101ju mask\u0101m ir visklus\u0101k\u0101, jo ir izstr\u0101d\u0101ta unik\u0101la izelpot\u0101 gaisa izpl\u016bdes sist\u0113ma. M\u016bsu klientu visiecien\u012bt\u0101k\u0101 pilnas sejas maska.<\/strong><\/p>\n","protected":false},"excerpt":{"rendered":"<article class=\"text-token-text-primary w-full\" dir=\"auto\" data-testid=\"conversation-turn-4\" data-scroll-anchor=\"true\">\n<div class=\"text-base my-auto mx-auto py-5 [--thread-content-margin:--spacing(4)] @[37rem]:[--thread-content-margin:--spacing(6)] @[72rem]:[--thread-content-margin:--spacing(16)] px-(--thread-content-margin)\">\n<div class=\"[--thread-content-max-width:32rem] @[34rem]:[--thread-content-max-width:40rem] @[64rem]:[--thread-content-max-width:48rem] mx-auto flex max-w-(--thread-content-max-width) flex-1 text-base gap-4 md:gap-5 lg:gap-6 group\/turn-messages focus-visible:outline-hidden\">\n<div class=\"group\/conversation-turn relative flex w-full min-w-0 flex-col agent-turn\">\n<div class=\"relative flex-col gap-1 md:gap-3\">\n<div class=\"flex max-w-full flex-col grow\">\n<div class=\"min-h-8 text-message relative flex w-full flex-col items-end gap-2 text-start break-words whitespace-normal [.text-message+&amp;]:mt-5\" dir=\"auto\" data-message-author-role=\"assistant\" data-message-id=\"7bbfefb6-c6f2-4814-8bfe-bf786d3ebab0\" data-message-model-slug=\"gpt-4o\">\n<div class=\"flex w-full flex-col gap-1 empty:hidden first:pt-[3px]\">\n<div class=\"markdown prose dark:prose-invert w-full break-words light\">\n<p data-start=\"0\" data-end=\"301\" data-is-last-node=\"\" data-is-only-node=\"\">JOYCEone ir univers\u0101la viena izm\u0113ra pilnas sejas maska, piem\u0113rota jebkura ra\u017eot\u0101ja CPAP, APAP un BiLevel iek\u0101rt\u0101m. T\u0101 autom\u0101tiski piel\u0101gojas jebkurai sejas formai, nodro\u0161inot \u0113rtu un vienk\u0101r\u0161u lieto\u0161anu. SilkTec p\u0101rkl\u0101jums uzlabo komfortu, bet kr\u0101saini klip\u0161i atvieglo maskas salik\u0161anu p\u0113c mazg\u0101\u0161anas.<\/p>\n<\/div>\n<\/div>\n<\/div>\n<\/div>\n<div class=\"flex min-h-[46px] justify-start\">\n<div class=\"touch:-me-2 touch:-ms-3.5 -ms-2.5 -me-1 flex w-full items-center p-1 select-none -mt-1 duration-[1.5s] focus-within:transition-none hover:transition-none pointer-events-none [mask-image:linear-gradient(to_right,black_33%,transparent_66%)] [mask-size:300%_100%] [mask-position:100%_0%] motion-safe:transition-[mask-position] group-hover\/turn-messages:pointer-events-auto group-hover\/turn-messages:[mask-position:0_0] group-focus-within\/turn-messages:pointer-events-auto group-focus-within\/turn-messages:[mask-position:0_0] has-data-[state=open]:pointer-events-auto has-data-[state=open]:[mask-position:0_0]\">\n<p>&nbsp;<\/p>\n<div class=\"flex items-center\"><\/div>\n<\/div>\n<\/div>\n<div class=\"mt-3 w-full empty:hidden\">\n<div class=\"text-center\"><\/div>\n<\/div>\n<\/div>\n<div class=\"absolute\">\n<div class=\"flex items-center justify-center\"><\/div>\n<\/div>\n<\/div>\n<\/div>\n<\/div>\n<\/article>\n<div class=\"pointer-events-none h-px w-px\" aria-hidden=\"true\" data-edge=\"true\"><\/div>\n","protected":false},"featured_media":1178,"comment_status":"open","ping_status":"closed","template":"","meta":{"_acf_changed":false,"inline_featured_image":false},"product_brand":[],"product_cat":[87],"product_tag":[],"class_list":{"0":"post-1177","1":"product","2":"type-product","3":"status-publish","4":"has-post-thumbnail","6":"product_cat-pilnas-sejas-maskas","8":"first","9":"instock","10":"shipping-taxable","11":"purchasable","12":"product-type-simple"},"acf":[],"yoast_head":"<!-- This site is optimized with the Yoast SEO plugin v27.0 - https:\/\/yoast.com\/product\/yoast-seo-wordpress\/ -->\n<title>Lowenstein medical JOYCEone deguna\/mutes maska - Hipnos<\/title>\n<meta name=\"description\" content=\"Maska paredz\u0113ta lieto\u0161anai ar jebkura ra\u017eot\u0101ja CPAP, APAP un BiLevel iek\u0101rtu. Jaun\u0101\u00a0JOYCEone\u00a0ir pirm\u0101 viena izm\u0113ra pilnas sejas maska.\u00a0Jums vairs nav nepiecie\u0161am\u012bbas mekl\u0113t pareiz\u0101 izm\u0113ra masku, jo\u00a0JOYCEone\u00a0piem\u0113rojas jebkurai sejas formai. Maskas sejas un pieres gumijas izstr\u0101d\u0101tas t\u0101, ka t\u0101s autom\u0101tiski piel\u0101gojas, padarot maskas regul\u0113\u0161anu daudz \u0113rt\u0101ku un vienk\u0101r\u0161\u0101ku. Gumijas SilkTec p\u0101rkl\u0101jums palielina n\u0113s\u0101\u0161anas komfortu. Stiprin\u0101juma klip\u0161i ir ar kr\u0101su indikatoriem, kas padara \u013coti \u0113rtu maskas salik\u0161anu p\u0113c t\u0101s mazg\u0101\u0161anas. Ilggad\u012bgie pacienti \u013coti nov\u0113rt\u0113 \u0161o iesp\u0113ju.\u00a0Maska sal\u012bdzin\u0101jum\u0101 ar citu ra\u017eot\u0101ju mask\u0101m ir visklus\u0101k\u0101, jo ir izstr\u0101d\u0101ta unik\u0101la izelpot\u0101 gaisa izpl\u016bdes sist\u0113ma. M\u016bsu klientu visiecien\u012bt\u0101k\u0101 pilnas sejas maska.\" \/>\n<meta name=\"robots\" content=\"noindex, follow, max-snippet:-1, max-image-preview:large, max-video-preview:-1\" \/>\n<meta property=\"og:locale\" content=\"en_US\" \/>\n<meta property=\"og:type\" content=\"article\" \/>\n<meta property=\"og:title\" content=\"Lowenstein medical JOYCEone deguna\/mutes maska - Hipnos\" \/>\n<meta property=\"og:description\" content=\"Maska paredz\u0113ta lieto\u0161anai ar jebkura ra\u017eot\u0101ja CPAP, APAP un BiLevel iek\u0101rtu. Jaun\u0101\u00a0JOYCEone\u00a0ir pirm\u0101 viena izm\u0113ra pilnas sejas maska.\u00a0Jums vairs nav nepiecie\u0161am\u012bbas mekl\u0113t pareiz\u0101 izm\u0113ra masku, jo\u00a0JOYCEone\u00a0piem\u0113rojas jebkurai sejas formai. Maskas sejas un pieres gumijas izstr\u0101d\u0101tas t\u0101, ka t\u0101s autom\u0101tiski piel\u0101gojas, padarot maskas regul\u0113\u0161anu daudz \u0113rt\u0101ku un vienk\u0101r\u0161\u0101ku. Gumijas SilkTec p\u0101rkl\u0101jums palielina n\u0113s\u0101\u0161anas komfortu. Stiprin\u0101juma klip\u0161i ir ar kr\u0101su indikatoriem, kas padara \u013coti \u0113rtu maskas salik\u0161anu p\u0113c t\u0101s mazg\u0101\u0161anas. Ilggad\u012bgie pacienti \u013coti nov\u0113rt\u0113 \u0161o iesp\u0113ju.\u00a0Maska sal\u012bdzin\u0101jum\u0101 ar citu ra\u017eot\u0101ju mask\u0101m ir visklus\u0101k\u0101, jo ir izstr\u0101d\u0101ta unik\u0101la izelpot\u0101 gaisa izpl\u016bdes sist\u0113ma. M\u016bsu klientu visiecien\u012bt\u0101k\u0101 pilnas sejas maska.\" \/>\n<meta property=\"og:url\" content=\"https:\/\/hipnos.lv\/en\/product\/lowenstein-medical-joyce-one-full-face\/\" \/>\n<meta property=\"og:site_name\" content=\"Hipnos\" \/>\n<meta property=\"article:modified_time\" content=\"2025-06-12T08:20:26+00:00\" \/>\n<meta property=\"og:image\" content=\"https:\/\/hipnos.lv\/wp-content\/uploads\/2025\/06\/yoymaska-scaled.webp\" \/>\n\t<meta property=\"og:image:width\" content=\"2560\" \/>\n\t<meta property=\"og:image:height\" content=\"2560\" \/>\n\t<meta property=\"og:image:type\" content=\"image\/webp\" \/>\n<meta name=\"twitter:card\" content=\"summary_large_image\" \/>\n<meta name=\"twitter:label1\" content=\"Est. reading time\" \/>\n\t<meta name=\"twitter:data1\" content=\"1 minute\" \/>\n<script type=\"application\/ld+json\" class=\"yoast-schema-graph\">{\"@context\":\"https:\/\/schema.org\",\"@graph\":[{\"@type\":\"WebPage\",\"@id\":\"https:\/\/hipnos.lv\/en\/product\/lowenstein-medical-joyce-one-full-face\/\",\"url\":\"https:\/\/hipnos.lv\/en\/product\/lowenstein-medical-joyce-one-full-face\/\",\"name\":\"Lowenstein medical JOYCEone deguna\/mutes maska - Hipnos\",\"isPartOf\":{\"@id\":\"https:\/\/hipnos.lv\/en\/#website\"},\"primaryImageOfPage\":{\"@id\":\"https:\/\/hipnos.lv\/en\/product\/lowenstein-medical-joyce-one-full-face\/#primaryimage\"},\"image\":{\"@id\":\"https:\/\/hipnos.lv\/en\/product\/lowenstein-medical-joyce-one-full-face\/#primaryimage\"},\"thumbnailUrl\":\"https:\/\/hipnos.lv\/wp-content\/uploads\/2025\/06\/yoymaska-scaled.webp\",\"datePublished\":\"2025-06-03T08:45:09+00:00\",\"dateModified\":\"2025-06-12T08:20:26+00:00\",\"description\":\"Maska paredz\u0113ta lieto\u0161anai ar jebkura ra\u017eot\u0101ja CPAP, APAP un BiLevel iek\u0101rtu. Jaun\u0101\u00a0JOYCEone\u00a0ir pirm\u0101 viena izm\u0113ra pilnas sejas maska.\u00a0Jums vairs nav nepiecie\u0161am\u012bbas mekl\u0113t pareiz\u0101 izm\u0113ra masku, jo\u00a0JOYCEone\u00a0piem\u0113rojas jebkurai sejas formai. Maskas sejas un pieres gumijas izstr\u0101d\u0101tas t\u0101, ka t\u0101s autom\u0101tiski piel\u0101gojas, padarot maskas regul\u0113\u0161anu daudz \u0113rt\u0101ku un vienk\u0101r\u0161\u0101ku. Gumijas SilkTec p\u0101rkl\u0101jums palielina n\u0113s\u0101\u0161anas komfortu. Stiprin\u0101juma klip\u0161i ir ar kr\u0101su indikatoriem, kas padara \u013coti \u0113rtu maskas salik\u0161anu p\u0113c t\u0101s mazg\u0101\u0161anas. Ilggad\u012bgie pacienti \u013coti nov\u0113rt\u0113 \u0161o iesp\u0113ju.\u00a0Maska sal\u012bdzin\u0101jum\u0101 ar citu ra\u017eot\u0101ju mask\u0101m ir visklus\u0101k\u0101, jo ir izstr\u0101d\u0101ta unik\u0101la izelpot\u0101 gaisa izpl\u016bdes sist\u0113ma. M\u016bsu klientu visiecien\u012bt\u0101k\u0101 pilnas sejas maska.\",\"breadcrumb\":{\"@id\":\"https:\/\/hipnos.lv\/en\/product\/lowenstein-medical-joyce-one-full-face\/#breadcrumb\"},\"inLanguage\":\"en-US\",\"potentialAction\":[{\"@type\":\"ReadAction\",\"target\":[\"https:\/\/hipnos.lv\/en\/product\/lowenstein-medical-joyce-one-full-face\/\"]}]},{\"@type\":\"ImageObject\",\"inLanguage\":\"en-US\",\"@id\":\"https:\/\/hipnos.lv\/en\/product\/lowenstein-medical-joyce-one-full-face\/#primaryimage\",\"url\":\"https:\/\/hipnos.lv\/wp-content\/uploads\/2025\/06\/yoymaska-scaled.webp\",\"contentUrl\":\"https:\/\/hipnos.lv\/wp-content\/uploads\/2025\/06\/yoymaska-scaled.webp\",\"width\":2560,\"height\":2560},{\"@type\":\"BreadcrumbList\",\"@id\":\"https:\/\/hipnos.lv\/en\/product\/lowenstein-medical-joyce-one-full-face\/#breadcrumb\",\"itemListElement\":[{\"@type\":\"ListItem\",\"position\":1,\"name\":\"S\u0101kums\",\"item\":\"https:\/\/hipnos.lv\/en\/\"},{\"@type\":\"ListItem\",\"position\":2,\"name\":\"E\u2010Shop\",\"item\":\"https:\/\/hipnos.lv\/en\/shop\/\"},{\"@type\":\"ListItem\",\"position\":3,\"name\":\"Lowenstein medical JOYCEone deguna\/mutes maska\"}]},{\"@type\":\"WebSite\",\"@id\":\"https:\/\/hipnos.lv\/en\/#website\",\"url\":\"https:\/\/hipnos.lv\/en\/\",\"name\":\"Hipnos\",\"description\":\"\",\"potentialAction\":[{\"@type\":\"SearchAction\",\"target\":{\"@type\":\"EntryPoint\",\"urlTemplate\":\"https:\/\/hipnos.lv\/en\/?s={search_term_string}\"},\"query-input\":{\"@type\":\"PropertyValueSpecification\",\"valueRequired\":true,\"valueName\":\"search_term_string\"}}],\"inLanguage\":\"en-US\"}]}<\/script>\n<!-- \/ Yoast SEO plugin. -->","yoast_head_json":{"title":"Lowenstein medical JOYCEone deguna\/mutes maska - Hipnos","description":"Maska paredz\u0113ta lieto\u0161anai ar jebkura ra\u017eot\u0101ja CPAP, APAP un BiLevel iek\u0101rtu. Jaun\u0101\u00a0JOYCEone\u00a0ir pirm\u0101 viena izm\u0113ra pilnas sejas maska.\u00a0Jums vairs nav nepiecie\u0161am\u012bbas mekl\u0113t pareiz\u0101 izm\u0113ra masku, jo\u00a0JOYCEone\u00a0piem\u0113rojas jebkurai sejas formai. Maskas sejas un pieres gumijas izstr\u0101d\u0101tas t\u0101, ka t\u0101s autom\u0101tiski piel\u0101gojas, padarot maskas regul\u0113\u0161anu daudz \u0113rt\u0101ku un vienk\u0101r\u0161\u0101ku. Gumijas SilkTec p\u0101rkl\u0101jums palielina n\u0113s\u0101\u0161anas komfortu. Stiprin\u0101juma klip\u0161i ir ar kr\u0101su indikatoriem, kas padara \u013coti \u0113rtu maskas salik\u0161anu p\u0113c t\u0101s mazg\u0101\u0161anas. Ilggad\u012bgie pacienti \u013coti nov\u0113rt\u0113 \u0161o iesp\u0113ju.\u00a0Maska sal\u012bdzin\u0101jum\u0101 ar citu ra\u017eot\u0101ju mask\u0101m ir visklus\u0101k\u0101, jo ir izstr\u0101d\u0101ta unik\u0101la izelpot\u0101 gaisa izpl\u016bdes sist\u0113ma. M\u016bsu klientu visiecien\u012bt\u0101k\u0101 pilnas sejas maska.","robots":{"index":"noindex","follow":"follow","max-snippet":"max-snippet:-1","max-image-preview":"max-image-preview:large","max-video-preview":"max-video-preview:-1"},"og_locale":"en_US","og_type":"article","og_title":"Lowenstein medical JOYCEone deguna\/mutes maska - Hipnos","og_description":"Maska paredz\u0113ta lieto\u0161anai ar jebkura ra\u017eot\u0101ja CPAP, APAP un BiLevel iek\u0101rtu. Jaun\u0101\u00a0JOYCEone\u00a0ir pirm\u0101 viena izm\u0113ra pilnas sejas maska.\u00a0Jums vairs nav nepiecie\u0161am\u012bbas mekl\u0113t pareiz\u0101 izm\u0113ra masku, jo\u00a0JOYCEone\u00a0piem\u0113rojas jebkurai sejas formai. Maskas sejas un pieres gumijas izstr\u0101d\u0101tas t\u0101, ka t\u0101s autom\u0101tiski piel\u0101gojas, padarot maskas regul\u0113\u0161anu daudz \u0113rt\u0101ku un vienk\u0101r\u0161\u0101ku. Gumijas SilkTec p\u0101rkl\u0101jums palielina n\u0113s\u0101\u0161anas komfortu. Stiprin\u0101juma klip\u0161i ir ar kr\u0101su indikatoriem, kas padara \u013coti \u0113rtu maskas salik\u0161anu p\u0113c t\u0101s mazg\u0101\u0161anas. Ilggad\u012bgie pacienti \u013coti nov\u0113rt\u0113 \u0161o iesp\u0113ju.\u00a0Maska sal\u012bdzin\u0101jum\u0101 ar citu ra\u017eot\u0101ju mask\u0101m ir visklus\u0101k\u0101, jo ir izstr\u0101d\u0101ta unik\u0101la izelpot\u0101 gaisa izpl\u016bdes sist\u0113ma. M\u016bsu klientu visiecien\u012bt\u0101k\u0101 pilnas sejas maska.","og_url":"https:\/\/hipnos.lv\/en\/product\/lowenstein-medical-joyce-one-full-face\/","og_site_name":"Hipnos","article_modified_time":"2025-06-12T08:20:26+00:00","og_image":[{"width":2560,"height":2560,"url":"https:\/\/hipnos.lv\/wp-content\/uploads\/2025\/06\/yoymaska-scaled.webp","type":"image\/webp"}],"twitter_card":"summary_large_image","twitter_misc":{"Est. reading time":"1 minute"},"schema":{"@context":"https:\/\/schema.org","@graph":[{"@type":"WebPage","@id":"https:\/\/hipnos.lv\/en\/product\/lowenstein-medical-joyce-one-full-face\/","url":"https:\/\/hipnos.lv\/en\/product\/lowenstein-medical-joyce-one-full-face\/","name":"Lowenstein medical JOYCEone deguna\/mutes maska - Hipnos","isPartOf":{"@id":"https:\/\/hipnos.lv\/en\/#website"},"primaryImageOfPage":{"@id":"https:\/\/hipnos.lv\/en\/product\/lowenstein-medical-joyce-one-full-face\/#primaryimage"},"image":{"@id":"https:\/\/hipnos.lv\/en\/product\/lowenstein-medical-joyce-one-full-face\/#primaryimage"},"thumbnailUrl":"https:\/\/hipnos.lv\/wp-content\/uploads\/2025\/06\/yoymaska-scaled.webp","datePublished":"2025-06-03T08:45:09+00:00","dateModified":"2025-06-12T08:20:26+00:00","description":"Maska paredz\u0113ta lieto\u0161anai ar jebkura ra\u017eot\u0101ja CPAP, APAP un BiLevel iek\u0101rtu. Jaun\u0101\u00a0JOYCEone\u00a0ir pirm\u0101 viena izm\u0113ra pilnas sejas maska.\u00a0Jums vairs nav nepiecie\u0161am\u012bbas mekl\u0113t pareiz\u0101 izm\u0113ra masku, jo\u00a0JOYCEone\u00a0piem\u0113rojas jebkurai sejas formai. Maskas sejas un pieres gumijas izstr\u0101d\u0101tas t\u0101, ka t\u0101s autom\u0101tiski piel\u0101gojas, padarot maskas regul\u0113\u0161anu daudz \u0113rt\u0101ku un vienk\u0101r\u0161\u0101ku. Gumijas SilkTec p\u0101rkl\u0101jums palielina n\u0113s\u0101\u0161anas komfortu. Stiprin\u0101juma klip\u0161i ir ar kr\u0101su indikatoriem, kas padara \u013coti \u0113rtu maskas salik\u0161anu p\u0113c t\u0101s mazg\u0101\u0161anas. Ilggad\u012bgie pacienti \u013coti nov\u0113rt\u0113 \u0161o iesp\u0113ju.\u00a0Maska sal\u012bdzin\u0101jum\u0101 ar citu ra\u017eot\u0101ju mask\u0101m ir visklus\u0101k\u0101, jo ir izstr\u0101d\u0101ta unik\u0101la izelpot\u0101 gaisa izpl\u016bdes sist\u0113ma. M\u016bsu klientu visiecien\u012bt\u0101k\u0101 pilnas sejas maska.","breadcrumb":{"@id":"https:\/\/hipnos.lv\/en\/product\/lowenstein-medical-joyce-one-full-face\/#breadcrumb"},"inLanguage":"en-US","potentialAction":[{"@type":"ReadAction","target":["https:\/\/hipnos.lv\/en\/product\/lowenstein-medical-joyce-one-full-face\/"]}]},{"@type":"ImageObject","inLanguage":"en-US","@id":"https:\/\/hipnos.lv\/en\/product\/lowenstein-medical-joyce-one-full-face\/#primaryimage","url":"https:\/\/hipnos.lv\/wp-content\/uploads\/2025\/06\/yoymaska-scaled.webp","contentUrl":"https:\/\/hipnos.lv\/wp-content\/uploads\/2025\/06\/yoymaska-scaled.webp","width":2560,"height":2560},{"@type":"BreadcrumbList","@id":"https:\/\/hipnos.lv\/en\/product\/lowenstein-medical-joyce-one-full-face\/#breadcrumb","itemListElement":[{"@type":"ListItem","position":1,"name":"S\u0101kums","item":"https:\/\/hipnos.lv\/en\/"},{"@type":"ListItem","position":2,"name":"E\u2010Shop","item":"https:\/\/hipnos.lv\/en\/shop\/"},{"@type":"ListItem","position":3,"name":"Lowenstein medical JOYCEone deguna\/mutes maska"}]},{"@type":"WebSite","@id":"https:\/\/hipnos.lv\/en\/#website","url":"https:\/\/hipnos.lv\/en\/","name":"Hipnos","description":"","potentialAction":[{"@type":"SearchAction","target":{"@type":"EntryPoint","urlTemplate":"https:\/\/hipnos.lv\/en\/?s={search_term_string}"},"query-input":{"@type":"PropertyValueSpecification","valueRequired":true,"valueName":"search_term_string"}}],"inLanguage":"en-US"}]}},"_links":{"self":[{"href":"https:\/\/hipnos.lv\/en\/wp-json\/wp\/v2\/product\/1177","targetHints":{"allow":["GET"]}}],"collection":[{"href":"https:\/\/hipnos.lv\/en\/wp-json\/wp\/v2\/product"}],"about":[{"href":"https:\/\/hipnos.lv\/en\/wp-json\/wp\/v2\/types\/product"}],"replies":[{"embeddable":true,"href":"https:\/\/hipnos.lv\/en\/wp-json\/wp\/v2\/comments?post=1177"}],"wp:featuredmedia":[{"embeddable":true,"href":"https:\/\/hipnos.lv\/en\/wp-json\/wp\/v2\/media\/1178"}],"wp:attachment":[{"href":"https:\/\/hipnos.lv\/en\/wp-json\/wp\/v2\/media?parent=1177"}],"wp:term":[{"taxonomy":"product_brand","embeddable":true,"href":"https:\/\/hipnos.lv\/en\/wp-json\/wp\/v2\/product_brand?post=1177"},{"taxonomy":"product_cat","embeddable":true,"href":"https:\/\/hipnos.lv\/en\/wp-json\/wp\/v2\/product_cat?post=1177"},{"taxonomy":"product_tag","embeddable":true,"href":"https:\/\/hipnos.lv\/en\/wp-json\/wp\/v2\/product_tag?post=1177"}],"curies":[{"name":"wp","href":"https:\/\/api.w.org\/{rel}","templated":true}]}}