{"id":1170,"date":"2025-06-03T08:33:39","date_gmt":"2025-06-03T08:33:39","guid":{"rendered":"https:\/\/hipnos.lv\/?post_type=product&#038;p=1170"},"modified":"2026-02-19T10:37:38","modified_gmt":"2026-02-19T10:37:38","slug":"lowenstein-medical-lena","status":"publish","type":"product","link":"https:\/\/hipnos.lv\/en\/product\/lowenstein-medical-lena\/","title":{"rendered":"Lowenstein medical Lena deguna\/mutes maska"},"content":{"rendered":"<p>LENA \u2013 jaun\u0101 pilnas sejas maska \u200b\u200bno L\u00f6wenstein \u2013 ir izstr\u0101d\u0101ta speci\u0101li ventil\u0101cijai. Galven\u0101 uzman\u012bba tiek piev\u0113rsta \u0113rtai maskas piel\u0101go\u0161anai, \u012bpa\u0161i, ja tiek pielietots augsts spiediens vai kad spiediena starp\u012bba starp iedvesmu un izelpu ir \u013coti liela. Maskas spilvens ir \u012bpa\u0161i apr\u012bkots ar dubultl\u016bpu.<\/p>\n<p><strong>Maska sal\u012bdzin\u0101jum\u0101 ar citu ra\u017eot\u0101ju mask\u0101m ir visklus\u0101k\u0101, jo ir izstr\u0101d\u0101ta unik\u0101la izelpot\u0101 gaisa izpl\u016bdes sist\u0113ma. M\u016bsu klientu visiecien\u012bt\u0101k\u0101 pilnas sejas maska.<\/strong><\/p>\n","protected":false},"excerpt":{"rendered":"<p>LENA \u2013 jaun\u0101 pilnas sejas maska \u200b\u200bno L\u00f6wenstein \u2013 ir izstr\u0101d\u0101ta speci\u0101li ventil\u0101cijai. Galven\u0101 uzman\u012bba tiek piev\u0113rsta \u0113rtai maskas piel\u0101go\u0161anai, \u012bpa\u0161i, ja tiek pielietots augsts spiediens vai kad spiediena starp\u012bba starp iedvesmu un izelpu ir \u013coti liela. Maskas spilvens ir \u012bpa\u0161i apr\u012bkots ar dubultl\u016bpu.<\/p>\n","protected":false},"featured_media":1171,"comment_status":"open","ping_status":"closed","template":"","meta":{"_acf_changed":false,"inline_featured_image":false},"product_brand":[],"product_cat":[87],"product_tag":[],"class_list":{"0":"post-1170","1":"product","2":"type-product","3":"status-publish","4":"has-post-thumbnail","6":"product_cat-pilnas-sejas-maskas","8":"first","9":"instock","10":"shipping-taxable","11":"purchasable","12":"product-type-variable"},"acf":[],"yoast_head":"<!-- This site is optimized with the Yoast SEO plugin v27.0 - https:\/\/yoast.com\/product\/yoast-seo-wordpress\/ -->\n<title>Lowenstein medical Lena deguna\/mutes maska - Hipnos<\/title>\n<meta name=\"description\" content=\"LENA \u2013 jaun\u0101 pilnas sejas maska \u200b\u200bno L\u00f6wenstein \u2013 ir izstr\u0101d\u0101ta speci\u0101li ventil\u0101cijai. Galven\u0101 uzman\u012bba tiek piev\u0113rsta \u0113rtai maskas piel\u0101go\u0161anai, \u012bpa\u0161i, ja tiek pielietots augsts spiediens vai kad spiediena starp\u012bba starp iedvesmu un izelpu ir \u013coti liela. Maskas spilvens ir \u012bpa\u0161i apr\u012bkots ar dubultl\u016bpu.\u00a0Maska sal\u012bdzin\u0101jum\u0101 ar citu ra\u017eot\u0101ju mask\u0101m ir visklus\u0101k\u0101, jo ir izstr\u0101d\u0101ta unik\u0101la izelpot\u0101 gaisa izpl\u016bdes sist\u0113ma. M\u016bsu klientu visiecien\u012bt\u0101k\u0101 pilnas sejas maska.\" \/>\n<meta name=\"robots\" content=\"noindex, follow, max-snippet:-1, max-image-preview:large, max-video-preview:-1\" \/>\n<meta property=\"og:locale\" content=\"en_US\" \/>\n<meta property=\"og:type\" content=\"article\" \/>\n<meta property=\"og:title\" content=\"Lowenstein medical Lena deguna\/mutes maska - Hipnos\" \/>\n<meta property=\"og:description\" content=\"LENA \u2013 jaun\u0101 pilnas sejas maska \u200b\u200bno L\u00f6wenstein \u2013 ir izstr\u0101d\u0101ta speci\u0101li ventil\u0101cijai. Galven\u0101 uzman\u012bba tiek piev\u0113rsta \u0113rtai maskas piel\u0101go\u0161anai, \u012bpa\u0161i, ja tiek pielietots augsts spiediens vai kad spiediena starp\u012bba starp iedvesmu un izelpu ir \u013coti liela. Maskas spilvens ir \u012bpa\u0161i apr\u012bkots ar dubultl\u016bpu.\u00a0Maska sal\u012bdzin\u0101jum\u0101 ar citu ra\u017eot\u0101ju mask\u0101m ir visklus\u0101k\u0101, jo ir izstr\u0101d\u0101ta unik\u0101la izelpot\u0101 gaisa izpl\u016bdes sist\u0113ma. M\u016bsu klientu visiecien\u012bt\u0101k\u0101 pilnas sejas maska.\" \/>\n<meta property=\"og:url\" content=\"https:\/\/hipnos.lv\/en\/product\/lowenstein-medical-lena\/\" \/>\n<meta property=\"og:site_name\" content=\"Hipnos\" \/>\n<meta property=\"article:modified_time\" content=\"2026-02-19T10:37:38+00:00\" \/>\n<meta property=\"og:image\" content=\"https:\/\/hipnos.lv\/wp-content\/uploads\/2025\/06\/lena-scaled.webp\" \/>\n\t<meta property=\"og:image:width\" content=\"2560\" \/>\n\t<meta property=\"og:image:height\" content=\"2560\" \/>\n\t<meta property=\"og:image:type\" content=\"image\/webp\" \/>\n<meta name=\"twitter:card\" content=\"summary_large_image\" \/>\n<meta name=\"twitter:label1\" content=\"Est. reading time\" \/>\n\t<meta name=\"twitter:data1\" content=\"1 minute\" \/>\n<script type=\"application\/ld+json\" class=\"yoast-schema-graph\">{\"@context\":\"https:\/\/schema.org\",\"@graph\":[{\"@type\":\"WebPage\",\"@id\":\"https:\/\/hipnos.lv\/en\/product\/lowenstein-medical-lena\/\",\"url\":\"https:\/\/hipnos.lv\/en\/product\/lowenstein-medical-lena\/\",\"name\":\"Lowenstein medical Lena deguna\/mutes maska - Hipnos\",\"isPartOf\":{\"@id\":\"https:\/\/hipnos.lv\/en\/#website\"},\"primaryImageOfPage\":{\"@id\":\"https:\/\/hipnos.lv\/en\/product\/lowenstein-medical-lena\/#primaryimage\"},\"image\":{\"@id\":\"https:\/\/hipnos.lv\/en\/product\/lowenstein-medical-lena\/#primaryimage\"},\"thumbnailUrl\":\"https:\/\/hipnos.lv\/wp-content\/uploads\/2025\/06\/lena-scaled.webp\",\"datePublished\":\"2025-06-03T08:33:39+00:00\",\"dateModified\":\"2026-02-19T10:37:38+00:00\",\"description\":\"LENA \u2013 jaun\u0101 pilnas sejas maska \u200b\u200bno L\u00f6wenstein \u2013 ir izstr\u0101d\u0101ta speci\u0101li ventil\u0101cijai. Galven\u0101 uzman\u012bba tiek piev\u0113rsta \u0113rtai maskas piel\u0101go\u0161anai, \u012bpa\u0161i, ja tiek pielietots augsts spiediens vai kad spiediena starp\u012bba starp iedvesmu un izelpu ir \u013coti liela. Maskas spilvens ir \u012bpa\u0161i apr\u012bkots ar dubultl\u016bpu.\u00a0Maska sal\u012bdzin\u0101jum\u0101 ar citu ra\u017eot\u0101ju mask\u0101m ir visklus\u0101k\u0101, jo ir izstr\u0101d\u0101ta unik\u0101la izelpot\u0101 gaisa izpl\u016bdes sist\u0113ma. M\u016bsu klientu visiecien\u012bt\u0101k\u0101 pilnas sejas maska.\",\"breadcrumb\":{\"@id\":\"https:\/\/hipnos.lv\/en\/product\/lowenstein-medical-lena\/#breadcrumb\"},\"inLanguage\":\"en-US\",\"potentialAction\":[{\"@type\":\"ReadAction\",\"target\":[\"https:\/\/hipnos.lv\/en\/product\/lowenstein-medical-lena\/\"]}]},{\"@type\":\"ImageObject\",\"inLanguage\":\"en-US\",\"@id\":\"https:\/\/hipnos.lv\/en\/product\/lowenstein-medical-lena\/#primaryimage\",\"url\":\"https:\/\/hipnos.lv\/wp-content\/uploads\/2025\/06\/lena-scaled.webp\",\"contentUrl\":\"https:\/\/hipnos.lv\/wp-content\/uploads\/2025\/06\/lena-scaled.webp\",\"width\":2560,\"height\":2560},{\"@type\":\"BreadcrumbList\",\"@id\":\"https:\/\/hipnos.lv\/en\/product\/lowenstein-medical-lena\/#breadcrumb\",\"itemListElement\":[{\"@type\":\"ListItem\",\"position\":1,\"name\":\"S\u0101kums\",\"item\":\"https:\/\/hipnos.lv\/en\/\"},{\"@type\":\"ListItem\",\"position\":2,\"name\":\"E\u2010Shop\",\"item\":\"https:\/\/hipnos.lv\/en\/shop\/\"},{\"@type\":\"ListItem\",\"position\":3,\"name\":\"Lowenstein medical Lena deguna\/mutes maska\"}]},{\"@type\":\"WebSite\",\"@id\":\"https:\/\/hipnos.lv\/en\/#website\",\"url\":\"https:\/\/hipnos.lv\/en\/\",\"name\":\"Hipnos\",\"description\":\"\",\"potentialAction\":[{\"@type\":\"SearchAction\",\"target\":{\"@type\":\"EntryPoint\",\"urlTemplate\":\"https:\/\/hipnos.lv\/en\/?s={search_term_string}\"},\"query-input\":{\"@type\":\"PropertyValueSpecification\",\"valueRequired\":true,\"valueName\":\"search_term_string\"}}],\"inLanguage\":\"en-US\"}]}<\/script>\n<!-- \/ Yoast SEO plugin. -->","yoast_head_json":{"title":"Lowenstein medical Lena deguna\/mutes maska - Hipnos","description":"LENA \u2013 jaun\u0101 pilnas sejas maska \u200b\u200bno L\u00f6wenstein \u2013 ir izstr\u0101d\u0101ta speci\u0101li ventil\u0101cijai. Galven\u0101 uzman\u012bba tiek piev\u0113rsta \u0113rtai maskas piel\u0101go\u0161anai, \u012bpa\u0161i, ja tiek pielietots augsts spiediens vai kad spiediena starp\u012bba starp iedvesmu un izelpu ir \u013coti liela. Maskas spilvens ir \u012bpa\u0161i apr\u012bkots ar dubultl\u016bpu.\u00a0Maska sal\u012bdzin\u0101jum\u0101 ar citu ra\u017eot\u0101ju mask\u0101m ir visklus\u0101k\u0101, jo ir izstr\u0101d\u0101ta unik\u0101la izelpot\u0101 gaisa izpl\u016bdes sist\u0113ma. M\u016bsu klientu visiecien\u012bt\u0101k\u0101 pilnas sejas maska.","robots":{"index":"noindex","follow":"follow","max-snippet":"max-snippet:-1","max-image-preview":"max-image-preview:large","max-video-preview":"max-video-preview:-1"},"og_locale":"en_US","og_type":"article","og_title":"Lowenstein medical Lena deguna\/mutes maska - Hipnos","og_description":"LENA \u2013 jaun\u0101 pilnas sejas maska \u200b\u200bno L\u00f6wenstein \u2013 ir izstr\u0101d\u0101ta speci\u0101li ventil\u0101cijai. Galven\u0101 uzman\u012bba tiek piev\u0113rsta \u0113rtai maskas piel\u0101go\u0161anai, \u012bpa\u0161i, ja tiek pielietots augsts spiediens vai kad spiediena starp\u012bba starp iedvesmu un izelpu ir \u013coti liela. Maskas spilvens ir \u012bpa\u0161i apr\u012bkots ar dubultl\u016bpu.\u00a0Maska sal\u012bdzin\u0101jum\u0101 ar citu ra\u017eot\u0101ju mask\u0101m ir visklus\u0101k\u0101, jo ir izstr\u0101d\u0101ta unik\u0101la izelpot\u0101 gaisa izpl\u016bdes sist\u0113ma. M\u016bsu klientu visiecien\u012bt\u0101k\u0101 pilnas sejas maska.","og_url":"https:\/\/hipnos.lv\/en\/product\/lowenstein-medical-lena\/","og_site_name":"Hipnos","article_modified_time":"2026-02-19T10:37:38+00:00","og_image":[{"width":2560,"height":2560,"url":"https:\/\/hipnos.lv\/wp-content\/uploads\/2025\/06\/lena-scaled.webp","type":"image\/webp"}],"twitter_card":"summary_large_image","twitter_misc":{"Est. reading time":"1 minute"},"schema":{"@context":"https:\/\/schema.org","@graph":[{"@type":"WebPage","@id":"https:\/\/hipnos.lv\/en\/product\/lowenstein-medical-lena\/","url":"https:\/\/hipnos.lv\/en\/product\/lowenstein-medical-lena\/","name":"Lowenstein medical Lena deguna\/mutes maska - Hipnos","isPartOf":{"@id":"https:\/\/hipnos.lv\/en\/#website"},"primaryImageOfPage":{"@id":"https:\/\/hipnos.lv\/en\/product\/lowenstein-medical-lena\/#primaryimage"},"image":{"@id":"https:\/\/hipnos.lv\/en\/product\/lowenstein-medical-lena\/#primaryimage"},"thumbnailUrl":"https:\/\/hipnos.lv\/wp-content\/uploads\/2025\/06\/lena-scaled.webp","datePublished":"2025-06-03T08:33:39+00:00","dateModified":"2026-02-19T10:37:38+00:00","description":"LENA \u2013 jaun\u0101 pilnas sejas maska \u200b\u200bno L\u00f6wenstein \u2013 ir izstr\u0101d\u0101ta speci\u0101li ventil\u0101cijai. Galven\u0101 uzman\u012bba tiek piev\u0113rsta \u0113rtai maskas piel\u0101go\u0161anai, \u012bpa\u0161i, ja tiek pielietots augsts spiediens vai kad spiediena starp\u012bba starp iedvesmu un izelpu ir \u013coti liela. Maskas spilvens ir \u012bpa\u0161i apr\u012bkots ar dubultl\u016bpu.\u00a0Maska sal\u012bdzin\u0101jum\u0101 ar citu ra\u017eot\u0101ju mask\u0101m ir visklus\u0101k\u0101, jo ir izstr\u0101d\u0101ta unik\u0101la izelpot\u0101 gaisa izpl\u016bdes sist\u0113ma. M\u016bsu klientu visiecien\u012bt\u0101k\u0101 pilnas sejas maska.","breadcrumb":{"@id":"https:\/\/hipnos.lv\/en\/product\/lowenstein-medical-lena\/#breadcrumb"},"inLanguage":"en-US","potentialAction":[{"@type":"ReadAction","target":["https:\/\/hipnos.lv\/en\/product\/lowenstein-medical-lena\/"]}]},{"@type":"ImageObject","inLanguage":"en-US","@id":"https:\/\/hipnos.lv\/en\/product\/lowenstein-medical-lena\/#primaryimage","url":"https:\/\/hipnos.lv\/wp-content\/uploads\/2025\/06\/lena-scaled.webp","contentUrl":"https:\/\/hipnos.lv\/wp-content\/uploads\/2025\/06\/lena-scaled.webp","width":2560,"height":2560},{"@type":"BreadcrumbList","@id":"https:\/\/hipnos.lv\/en\/product\/lowenstein-medical-lena\/#breadcrumb","itemListElement":[{"@type":"ListItem","position":1,"name":"S\u0101kums","item":"https:\/\/hipnos.lv\/en\/"},{"@type":"ListItem","position":2,"name":"E\u2010Shop","item":"https:\/\/hipnos.lv\/en\/shop\/"},{"@type":"ListItem","position":3,"name":"Lowenstein medical Lena deguna\/mutes maska"}]},{"@type":"WebSite","@id":"https:\/\/hipnos.lv\/en\/#website","url":"https:\/\/hipnos.lv\/en\/","name":"Hipnos","description":"","potentialAction":[{"@type":"SearchAction","target":{"@type":"EntryPoint","urlTemplate":"https:\/\/hipnos.lv\/en\/?s={search_term_string}"},"query-input":{"@type":"PropertyValueSpecification","valueRequired":true,"valueName":"search_term_string"}}],"inLanguage":"en-US"}]}},"_links":{"self":[{"href":"https:\/\/hipnos.lv\/en\/wp-json\/wp\/v2\/product\/1170","targetHints":{"allow":["GET"]}}],"collection":[{"href":"https:\/\/hipnos.lv\/en\/wp-json\/wp\/v2\/product"}],"about":[{"href":"https:\/\/hipnos.lv\/en\/wp-json\/wp\/v2\/types\/product"}],"replies":[{"embeddable":true,"href":"https:\/\/hipnos.lv\/en\/wp-json\/wp\/v2\/comments?post=1170"}],"wp:featuredmedia":[{"embeddable":true,"href":"https:\/\/hipnos.lv\/en\/wp-json\/wp\/v2\/media\/1171"}],"wp:attachment":[{"href":"https:\/\/hipnos.lv\/en\/wp-json\/wp\/v2\/media?parent=1170"}],"wp:term":[{"taxonomy":"product_brand","embeddable":true,"href":"https:\/\/hipnos.lv\/en\/wp-json\/wp\/v2\/product_brand?post=1170"},{"taxonomy":"product_cat","embeddable":true,"href":"https:\/\/hipnos.lv\/en\/wp-json\/wp\/v2\/product_cat?post=1170"},{"taxonomy":"product_tag","embeddable":true,"href":"https:\/\/hipnos.lv\/en\/wp-json\/wp\/v2\/product_tag?post=1170"}],"curies":[{"name":"wp","href":"https:\/\/api.w.org\/{rel}","templated":true}]}}