{"id":1157,"date":"2025-06-03T08:27:31","date_gmt":"2025-06-03T08:27:31","guid":{"rendered":"https:\/\/hipnos.lv\/?post_type=product&#038;p=1157"},"modified":"2025-09-19T11:48:26","modified_gmt":"2025-09-19T11:48:26","slug":"resmed-zem-deguna-mutes-maska-f40","status":"publish","type":"product","link":"https:\/\/hipnos.lv\/en\/product\/resmed-zem-deguna-mutes-maska-f40\/","title":{"rendered":"Resmed F40 deguna\/mutes maska"},"content":{"rendered":"<p>AirFit\u2122 F40 ir minim\u0101la kontakta pilna sejas maska, kas maig\u0101 un dro\u0161\u0101 veid\u0101 balst\u0101s zem j\u016bsu deguna un ir izstr\u0101d\u0101ta, lai \u013cautu jums gul\u0113t jebkur\u0101 poz\u0101 un br\u012bvi kust\u0113ties visu nakti.<\/p>\n<p>Mask\u0101 ir magn\u0113ti, kas var trauc\u0113t noteiktiem implantiem vai medic\u012bnisk\u0101m ier\u012bc\u0113m. L\u016bdzu, iepaz\u012bstieties ar Atbalsta dokumentiem, lai ieg\u016btu piln\u012bgu inform\u0101ciju, tostarp magn\u0113tu kontrindik\u0101cij\u0101m un br\u012bdin\u0101jumiem.<\/p>\n","protected":false},"excerpt":{"rendered":"<p>AirFit\u2122 F40 ir minim\u0101la kontakta pilna sejas maska, kas maig\u0101 un dro\u0161\u0101 veid\u0101 balst\u0101s zem j\u016bsu deguna un ir izstr\u0101d\u0101ta, lai \u013cautu jums gul\u0113t jebkur\u0101 poz\u0101 un br\u012bvi kust\u0113ties visu nakti.<\/p>\n","protected":false},"featured_media":1162,"comment_status":"open","ping_status":"closed","template":"","meta":{"_acf_changed":false,"inline_featured_image":false},"product_brand":[],"product_cat":[87],"product_tag":[],"class_list":{"0":"post-1157","1":"product","2":"type-product","3":"status-publish","4":"has-post-thumbnail","6":"product_cat-pilnas-sejas-maskas","8":"first","9":"instock","10":"shipping-taxable","11":"purchasable","12":"product-type-variable"},"acf":[],"yoast_head":"<!-- This site is optimized with the Yoast SEO plugin v27.0 - https:\/\/yoast.com\/product\/yoast-seo-wordpress\/ -->\n<title>Resmed F40 deguna\/mutes maska - Hipnos<\/title>\n<meta name=\"description\" content=\"AirFit\u2122 F40 ir minim\u0101la kontakta pilna sejas maska, kas maig\u0101 un dro\u0161\u0101 veid\u0101 balst\u0101s zem j\u016bsu deguna un ir izstr\u0101d\u0101ta, lai \u013cautu jums gul\u0113t jebkur\u0101 poz\u0101 un br\u012bvi kust\u0113ties visu nakti.Mask\u0101 ir magn\u0113ti, kas var trauc\u0113t noteiktiem implantiem vai medic\u012bnisk\u0101m ier\u012bc\u0113m. L\u016bdzu, iepaz\u012bstieties ar Atbalsta dokumentiem, lai ieg\u016btu piln\u012bgu inform\u0101ciju, tostarp magn\u0113tu kontrindik\u0101cij\u0101m un br\u012bdin\u0101jumiem.\" \/>\n<meta name=\"robots\" content=\"noindex, follow, max-snippet:-1, max-image-preview:large, max-video-preview:-1\" \/>\n<meta property=\"og:locale\" content=\"en_US\" \/>\n<meta property=\"og:type\" content=\"article\" \/>\n<meta property=\"og:title\" content=\"Resmed F40 deguna\/mutes maska - Hipnos\" \/>\n<meta property=\"og:description\" content=\"AirFit\u2122 F40 ir minim\u0101la kontakta pilna sejas maska, kas maig\u0101 un dro\u0161\u0101 veid\u0101 balst\u0101s zem j\u016bsu deguna un ir izstr\u0101d\u0101ta, lai \u013cautu jums gul\u0113t jebkur\u0101 poz\u0101 un br\u012bvi kust\u0113ties visu nakti.Mask\u0101 ir magn\u0113ti, kas var trauc\u0113t noteiktiem implantiem vai medic\u012bnisk\u0101m ier\u012bc\u0113m. L\u016bdzu, iepaz\u012bstieties ar Atbalsta dokumentiem, lai ieg\u016btu piln\u012bgu inform\u0101ciju, tostarp magn\u0113tu kontrindik\u0101cij\u0101m un br\u012bdin\u0101jumiem.\" \/>\n<meta property=\"og:url\" content=\"https:\/\/hipnos.lv\/en\/product\/resmed-zem-deguna-mutes-maska-f40\/\" \/>\n<meta property=\"og:site_name\" content=\"Hipnos\" \/>\n<meta property=\"article:modified_time\" content=\"2025-09-19T11:48:26+00:00\" \/>\n<meta property=\"og:image\" content=\"https:\/\/hipnos.lv\/wp-content\/uploads\/2025\/06\/F40-1.jpg\" \/>\n\t<meta property=\"og:image:width\" content=\"1024\" \/>\n\t<meta property=\"og:image:height\" content=\"741\" \/>\n\t<meta property=\"og:image:type\" content=\"image\/jpeg\" \/>\n<meta name=\"twitter:card\" content=\"summary_large_image\" \/>\n<meta name=\"twitter:label1\" content=\"Est. reading time\" \/>\n\t<meta name=\"twitter:data1\" content=\"1 minute\" \/>\n<script type=\"application\/ld+json\" class=\"yoast-schema-graph\">{\"@context\":\"https:\/\/schema.org\",\"@graph\":[{\"@type\":\"WebPage\",\"@id\":\"https:\/\/hipnos.lv\/en\/product\/resmed-zem-deguna-mutes-maska-f40\/\",\"url\":\"https:\/\/hipnos.lv\/en\/product\/resmed-zem-deguna-mutes-maska-f40\/\",\"name\":\"Resmed F40 deguna\/mutes maska - Hipnos\",\"isPartOf\":{\"@id\":\"https:\/\/hipnos.lv\/en\/#website\"},\"primaryImageOfPage\":{\"@id\":\"https:\/\/hipnos.lv\/en\/product\/resmed-zem-deguna-mutes-maska-f40\/#primaryimage\"},\"image\":{\"@id\":\"https:\/\/hipnos.lv\/en\/product\/resmed-zem-deguna-mutes-maska-f40\/#primaryimage\"},\"thumbnailUrl\":\"https:\/\/hipnos.lv\/wp-content\/uploads\/2025\/06\/F40-1.jpg\",\"datePublished\":\"2025-06-03T08:27:31+00:00\",\"dateModified\":\"2025-09-19T11:48:26+00:00\",\"description\":\"AirFit\u2122 F40 ir minim\u0101la kontakta pilna sejas maska, kas maig\u0101 un dro\u0161\u0101 veid\u0101 balst\u0101s zem j\u016bsu deguna un ir izstr\u0101d\u0101ta, lai \u013cautu jums gul\u0113t jebkur\u0101 poz\u0101 un br\u012bvi kust\u0113ties visu nakti.Mask\u0101 ir magn\u0113ti, kas var trauc\u0113t noteiktiem implantiem vai medic\u012bnisk\u0101m ier\u012bc\u0113m. L\u016bdzu, iepaz\u012bstieties ar Atbalsta dokumentiem, lai ieg\u016btu piln\u012bgu inform\u0101ciju, tostarp magn\u0113tu kontrindik\u0101cij\u0101m un br\u012bdin\u0101jumiem.\",\"breadcrumb\":{\"@id\":\"https:\/\/hipnos.lv\/en\/product\/resmed-zem-deguna-mutes-maska-f40\/#breadcrumb\"},\"inLanguage\":\"en-US\",\"potentialAction\":[{\"@type\":\"ReadAction\",\"target\":[\"https:\/\/hipnos.lv\/en\/product\/resmed-zem-deguna-mutes-maska-f40\/\"]}]},{\"@type\":\"ImageObject\",\"inLanguage\":\"en-US\",\"@id\":\"https:\/\/hipnos.lv\/en\/product\/resmed-zem-deguna-mutes-maska-f40\/#primaryimage\",\"url\":\"https:\/\/hipnos.lv\/wp-content\/uploads\/2025\/06\/F40-1.jpg\",\"contentUrl\":\"https:\/\/hipnos.lv\/wp-content\/uploads\/2025\/06\/F40-1.jpg\",\"width\":1024,\"height\":741},{\"@type\":\"BreadcrumbList\",\"@id\":\"https:\/\/hipnos.lv\/en\/product\/resmed-zem-deguna-mutes-maska-f40\/#breadcrumb\",\"itemListElement\":[{\"@type\":\"ListItem\",\"position\":1,\"name\":\"S\u0101kums\",\"item\":\"https:\/\/hipnos.lv\/en\/\"},{\"@type\":\"ListItem\",\"position\":2,\"name\":\"E\u2010Shop\",\"item\":\"https:\/\/hipnos.lv\/en\/shop\/\"},{\"@type\":\"ListItem\",\"position\":3,\"name\":\"Resmed F40 deguna\/mutes maska\"}]},{\"@type\":\"WebSite\",\"@id\":\"https:\/\/hipnos.lv\/en\/#website\",\"url\":\"https:\/\/hipnos.lv\/en\/\",\"name\":\"Hipnos\",\"description\":\"\",\"potentialAction\":[{\"@type\":\"SearchAction\",\"target\":{\"@type\":\"EntryPoint\",\"urlTemplate\":\"https:\/\/hipnos.lv\/en\/?s={search_term_string}\"},\"query-input\":{\"@type\":\"PropertyValueSpecification\",\"valueRequired\":true,\"valueName\":\"search_term_string\"}}],\"inLanguage\":\"en-US\"}]}<\/script>\n<!-- \/ Yoast SEO plugin. -->","yoast_head_json":{"title":"Resmed F40 deguna\/mutes maska - Hipnos","description":"AirFit\u2122 F40 ir minim\u0101la kontakta pilna sejas maska, kas maig\u0101 un dro\u0161\u0101 veid\u0101 balst\u0101s zem j\u016bsu deguna un ir izstr\u0101d\u0101ta, lai \u013cautu jums gul\u0113t jebkur\u0101 poz\u0101 un br\u012bvi kust\u0113ties visu nakti.Mask\u0101 ir magn\u0113ti, kas var trauc\u0113t noteiktiem implantiem vai medic\u012bnisk\u0101m ier\u012bc\u0113m. L\u016bdzu, iepaz\u012bstieties ar Atbalsta dokumentiem, lai ieg\u016btu piln\u012bgu inform\u0101ciju, tostarp magn\u0113tu kontrindik\u0101cij\u0101m un br\u012bdin\u0101jumiem.","robots":{"index":"noindex","follow":"follow","max-snippet":"max-snippet:-1","max-image-preview":"max-image-preview:large","max-video-preview":"max-video-preview:-1"},"og_locale":"en_US","og_type":"article","og_title":"Resmed F40 deguna\/mutes maska - Hipnos","og_description":"AirFit\u2122 F40 ir minim\u0101la kontakta pilna sejas maska, kas maig\u0101 un dro\u0161\u0101 veid\u0101 balst\u0101s zem j\u016bsu deguna un ir izstr\u0101d\u0101ta, lai \u013cautu jums gul\u0113t jebkur\u0101 poz\u0101 un br\u012bvi kust\u0113ties visu nakti.Mask\u0101 ir magn\u0113ti, kas var trauc\u0113t noteiktiem implantiem vai medic\u012bnisk\u0101m ier\u012bc\u0113m. L\u016bdzu, iepaz\u012bstieties ar Atbalsta dokumentiem, lai ieg\u016btu piln\u012bgu inform\u0101ciju, tostarp magn\u0113tu kontrindik\u0101cij\u0101m un br\u012bdin\u0101jumiem.","og_url":"https:\/\/hipnos.lv\/en\/product\/resmed-zem-deguna-mutes-maska-f40\/","og_site_name":"Hipnos","article_modified_time":"2025-09-19T11:48:26+00:00","og_image":[{"width":1024,"height":741,"url":"https:\/\/hipnos.lv\/wp-content\/uploads\/2025\/06\/F40-1.jpg","type":"image\/jpeg"}],"twitter_card":"summary_large_image","twitter_misc":{"Est. reading time":"1 minute"},"schema":{"@context":"https:\/\/schema.org","@graph":[{"@type":"WebPage","@id":"https:\/\/hipnos.lv\/en\/product\/resmed-zem-deguna-mutes-maska-f40\/","url":"https:\/\/hipnos.lv\/en\/product\/resmed-zem-deguna-mutes-maska-f40\/","name":"Resmed F40 deguna\/mutes maska - Hipnos","isPartOf":{"@id":"https:\/\/hipnos.lv\/en\/#website"},"primaryImageOfPage":{"@id":"https:\/\/hipnos.lv\/en\/product\/resmed-zem-deguna-mutes-maska-f40\/#primaryimage"},"image":{"@id":"https:\/\/hipnos.lv\/en\/product\/resmed-zem-deguna-mutes-maska-f40\/#primaryimage"},"thumbnailUrl":"https:\/\/hipnos.lv\/wp-content\/uploads\/2025\/06\/F40-1.jpg","datePublished":"2025-06-03T08:27:31+00:00","dateModified":"2025-09-19T11:48:26+00:00","description":"AirFit\u2122 F40 ir minim\u0101la kontakta pilna sejas maska, kas maig\u0101 un dro\u0161\u0101 veid\u0101 balst\u0101s zem j\u016bsu deguna un ir izstr\u0101d\u0101ta, lai \u013cautu jums gul\u0113t jebkur\u0101 poz\u0101 un br\u012bvi kust\u0113ties visu nakti.Mask\u0101 ir magn\u0113ti, kas var trauc\u0113t noteiktiem implantiem vai medic\u012bnisk\u0101m ier\u012bc\u0113m. L\u016bdzu, iepaz\u012bstieties ar Atbalsta dokumentiem, lai ieg\u016btu piln\u012bgu inform\u0101ciju, tostarp magn\u0113tu kontrindik\u0101cij\u0101m un br\u012bdin\u0101jumiem.","breadcrumb":{"@id":"https:\/\/hipnos.lv\/en\/product\/resmed-zem-deguna-mutes-maska-f40\/#breadcrumb"},"inLanguage":"en-US","potentialAction":[{"@type":"ReadAction","target":["https:\/\/hipnos.lv\/en\/product\/resmed-zem-deguna-mutes-maska-f40\/"]}]},{"@type":"ImageObject","inLanguage":"en-US","@id":"https:\/\/hipnos.lv\/en\/product\/resmed-zem-deguna-mutes-maska-f40\/#primaryimage","url":"https:\/\/hipnos.lv\/wp-content\/uploads\/2025\/06\/F40-1.jpg","contentUrl":"https:\/\/hipnos.lv\/wp-content\/uploads\/2025\/06\/F40-1.jpg","width":1024,"height":741},{"@type":"BreadcrumbList","@id":"https:\/\/hipnos.lv\/en\/product\/resmed-zem-deguna-mutes-maska-f40\/#breadcrumb","itemListElement":[{"@type":"ListItem","position":1,"name":"S\u0101kums","item":"https:\/\/hipnos.lv\/en\/"},{"@type":"ListItem","position":2,"name":"E\u2010Shop","item":"https:\/\/hipnos.lv\/en\/shop\/"},{"@type":"ListItem","position":3,"name":"Resmed F40 deguna\/mutes maska"}]},{"@type":"WebSite","@id":"https:\/\/hipnos.lv\/en\/#website","url":"https:\/\/hipnos.lv\/en\/","name":"Hipnos","description":"","potentialAction":[{"@type":"SearchAction","target":{"@type":"EntryPoint","urlTemplate":"https:\/\/hipnos.lv\/en\/?s={search_term_string}"},"query-input":{"@type":"PropertyValueSpecification","valueRequired":true,"valueName":"search_term_string"}}],"inLanguage":"en-US"}]}},"_links":{"self":[{"href":"https:\/\/hipnos.lv\/en\/wp-json\/wp\/v2\/product\/1157","targetHints":{"allow":["GET"]}}],"collection":[{"href":"https:\/\/hipnos.lv\/en\/wp-json\/wp\/v2\/product"}],"about":[{"href":"https:\/\/hipnos.lv\/en\/wp-json\/wp\/v2\/types\/product"}],"replies":[{"embeddable":true,"href":"https:\/\/hipnos.lv\/en\/wp-json\/wp\/v2\/comments?post=1157"}],"wp:featuredmedia":[{"embeddable":true,"href":"https:\/\/hipnos.lv\/en\/wp-json\/wp\/v2\/media\/1162"}],"wp:attachment":[{"href":"https:\/\/hipnos.lv\/en\/wp-json\/wp\/v2\/media?parent=1157"}],"wp:term":[{"taxonomy":"product_brand","embeddable":true,"href":"https:\/\/hipnos.lv\/en\/wp-json\/wp\/v2\/product_brand?post=1157"},{"taxonomy":"product_cat","embeddable":true,"href":"https:\/\/hipnos.lv\/en\/wp-json\/wp\/v2\/product_cat?post=1157"},{"taxonomy":"product_tag","embeddable":true,"href":"https:\/\/hipnos.lv\/en\/wp-json\/wp\/v2\/product_tag?post=1157"}],"curies":[{"name":"wp","href":"https:\/\/api.w.org\/{rel}","templated":true}]}}